{"id":12699,"date":"2020-09-04T12:20:38","date_gmt":"2020-09-04T10:20:38","guid":{"rendered":"http:\/\/suedzucker.pl\/?page_id=12699"},"modified":"2020-09-18T12:47:06","modified_gmt":"2020-09-18T10:47:06","slug":"internships-and-apprenticeships","status":"publish","type":"page","link":"https:\/\/www.suedzucker.pl\/en\/career\/internships-and-apprenticeships\/","title":{"rendered":"Internships and apprenticeships"},"content":{"rendered":"<section  class=\"benefits-hover corporate \">\r\n    <div class=\"section-content\">\r\n            <h3 class=\"section-content__subtitle font-18 corporate\">Internships and apprenticeships<\/h3>\r\n        \r\n            <h2 class=\"section-content__title font-36\">Why is it worth coming for an internship<\/h2>\r\n      \r\n            <p class=\"section-content__text\">Our company employs specialists in many fields. Join us and learn from the best!<\/p>\r\n     \r\n<\/div>    <ul class=\"benefits-hover__list\">\r\n                        \r\n            <li class=\"benefit-hover corporate\">\r\n                <img loading=\"lazy\" decoding=\"async\" width=\"1\" height=\"1\" src=\"https:\/\/www.suedzucker.pl\/wp-content\/uploads\/2020\/05\/wspolpraca.svg\" class=\"benefit-hover__img\" alt=\"\" \/> \r\n                <h3 class=\"benefit-hover__title font-22 font-reg\">Cooperation with specialists<\/h3>\r\n                                            <\/li>\r\n                \r\n            <li class=\"benefit-hover corporate\">\r\n                <img loading=\"lazy\" decoding=\"async\" width=\"1\" height=\"1\" src=\"https:\/\/www.suedzucker.pl\/wp-content\/uploads\/2020\/05\/nauka.svg\" class=\"benefit-hover__img\" alt=\"\" \/> \r\n                <h3 class=\"benefit-hover__title font-22 font-reg\">Learning and development in various fields<\/h3>\r\n                                            <\/li>\r\n                \r\n            <li class=\"benefit-hover corporate\">\r\n                <img loading=\"lazy\" decoding=\"async\" width=\"1\" height=\"1\" src=\"https:\/\/www.suedzucker.pl\/wp-content\/uploads\/2020\/05\/wynagrodzenie.svg\" class=\"benefit-hover__img\" alt=\"\" \/> \r\n                <h3 class=\"benefit-hover__title font-22 font-reg\">Salary for the internship<\/h3>\r\n                                            <\/li>\r\n                \r\n            <li class=\"benefit-hover corporate\">\r\n                <img loading=\"lazy\" decoding=\"async\" width=\"1\" height=\"1\" src=\"https:\/\/www.suedzucker.pl\/wp-content\/uploads\/2020\/05\/zatrudenienie.svg\" class=\"benefit-hover__img\" alt=\"\" \/> \r\n                <h3 class=\"benefit-hover__title font-22 font-reg\">Possibility of employment after the end of the internship<\/h3>\r\n                                            <\/li>\r\n                    <\/ul>\r\n    <\/section>\n\n<section  class=\"text-img corporate bg\">\r\n    <div class=\"section-content\">\r\n            <h3 class=\"section-content__subtitle font-18 corporate\">Internships and apprenticeships<\/h3>\r\n        \r\n            <h2 class=\"section-content__title font-36\">We cooperate with high schools<\/h2>\r\n      \r\n            <p class=\"section-content__text\">We focus on the development of young people. We create conditions in which they can develop and raise competences in many areas.<\/p>\r\n     \r\n<\/div>    <div class=\"text-img__wrapper\">\r\n            <\/div>\r\n<\/section>\n\n\r\n<section class=\"job-offers corporate\">\r\n    <div class=\"section-content\">\r\n        <h3 class=\"section-content__title\">We are not currently recruiting<\/h3>\r\n        <p class=\"section-content__text\">If you want to join our team, please send us your CV using the application form.<\/p>\r\n        <br>\r\n        <a class=\"btn btn--empty corporate\"\r\n            href=\"https:\/\/www.suedzucker.pl\/en\/career\/application-form\/\">Apply<\/a>\r\n    <\/div>\r\n<\/section>\r\n\n\n<section id=\"kontakt\" class=\"section-header corporate \">\r\n  <div class=\"section-content\">\r\n        \r\n            <h2 class=\"section-content__title font-36\">Do you have any questions?<\/h2>\r\n      \r\n            <p class=\"section-content__text\">Contact us, we will be happy to answer all of them.<\/p>\r\n     \r\n<\/div><\/section>\n\n\n<div class=\"wp-block-columns contact contact--blue-right is-layout-flex wp-container-core-columns-is-layout-9d6595d7 wp-block-columns-is-layout-flex\">\n<div class=\"wp-block-column is-layout-flow wp-block-column-is-layout-flow\">\n<p>Talk to our specialist<\/p>\n\n\n\n<figure class=\"wp-block-table is-style-stripes\"><table><tbody><tr><td>\u201cCukrownia Strzelin\u201d Sugar Plant<\/td><td>+48 (71) 392 77 10<\/td><\/tr><tr><td>\u201cCukrownia \u015awidnica\u201d Sugar Plant<\/td><td>+48 (74) 858 32 37<\/td><\/tr><tr><td>\u201cCukrownia Ropczyce\u201d Sugar Plant<\/td><td>+48 (17) 222 90 55<\/td><\/tr><tr><td>&#8220;Cukrownia Cerekiew\u201d Sugar Plant<\/td><td>+48 (77) 480 28 17<\/td><\/tr><tr><td>Administrative Departments<\/td><td>+48 (74) 858 32 20<\/td><\/tr><\/tbody><\/table><\/figure>\n<\/div>\n\n\n\n<div class=\"wp-block-column is-layout-flow wp-block-column-is-layout-flow\">\n<p>Fill out the form, we will contact you<\/p>\n\n\n\n<div class=\"wpcf7 no-js\" id=\"wpcf7-f13120-o1\" lang=\"pl-PL\" dir=\"ltr\" data-wpcf7-id=\"13120\">\n<div class=\"screen-reader-response\"><p role=\"status\" aria-live=\"polite\" aria-atomic=\"true\"><\/p> <ul><\/ul><\/div>\n<form action=\"\/en\/wp-json\/wp\/v2\/pages\/12699#wpcf7-f13120-o1\" method=\"post\" class=\"wpcf7-form init\" aria-label=\"Formularz kontaktowy\" novalidate=\"novalidate\" data-status=\"init\">\n<fieldset class=\"hidden-fields-container\"><input type=\"hidden\" name=\"_wpcf7\" value=\"13120\" \/><input type=\"hidden\" name=\"_wpcf7_version\" value=\"6.1.5\" \/><input type=\"hidden\" name=\"_wpcf7_locale\" value=\"pl_PL\" \/><input type=\"hidden\" name=\"_wpcf7_unit_tag\" value=\"wpcf7-f13120-o1\" \/><input type=\"hidden\" name=\"_wpcf7_container_post\" value=\"0\" \/><input type=\"hidden\" name=\"_wpcf7_posted_data_hash\" value=\"\" \/><input type=\"hidden\" name=\"_wpcf7_recaptcha_response\" value=\"\" \/>\n<\/fieldset>\n<span class=\"wpcf7-form-info\">*Mandatory field<\/span>\n<span class=\"wpcf7-form-control-wrap\" data-name=\"your-name\"><input size=\"40\" maxlength=\"400\" class=\"wpcf7-form-control wpcf7-text wpcf7-validates-as-required\" aria-required=\"true\" aria-invalid=\"false\" placeholder=\"Name*\" value=\"\" type=\"text\" name=\"your-name\" \/><\/span>\n<span class=\"wpcf7-form-control-wrap\" data-name=\"your-surname\"><input size=\"40\" maxlength=\"400\" class=\"wpcf7-form-control wpcf7-text wpcf7-validates-as-required\" aria-required=\"true\" aria-invalid=\"false\" placeholder=\"Surname*\" value=\"\" type=\"text\" name=\"your-surname\" \/><\/span>\n<span class=\"wpcf7-form-control-wrap\" data-name=\"your-email\"><input size=\"40\" maxlength=\"400\" class=\"wpcf7-form-control wpcf7-email wpcf7-text wpcf7-validates-as-email\" aria-invalid=\"false\" placeholder=\"E-mail\" value=\"\" type=\"email\" name=\"your-email\" \/><\/span>\n<span class=\"wpcf7-form-control-wrap\" data-name=\"your-phone\"><input size=\"40\" maxlength=\"400\" class=\"wpcf7-form-control wpcf7-tel wpcf7-validates-as-required wpcf7-text wpcf7-validates-as-tel\" aria-required=\"true\" aria-invalid=\"false\" placeholder=\"Phone number*\" value=\"\" type=\"tel\" name=\"your-phone\" \/><\/span>\n<span class=\"wpcf7-form-control-wrap\" data-name=\"your-message\"><textarea cols=\"40\" rows=\"10\" maxlength=\"2000\" class=\"wpcf7-form-control wpcf7-textarea wpcf7-validates-as-required\" aria-required=\"true\" aria-invalid=\"false\" placeholder=\"Your message*\" name=\"your-message\"><\/textarea><\/span>\n<span class=\"wpcf7-form-control-wrap\" data-name=\"your-acceptance-1\"><span class=\"wpcf7-form-control wpcf7-acceptance\"><span class=\"wpcf7-list-item\"><label><input type=\"checkbox\" name=\"your-acceptance-1\" value=\"1\" aria-invalid=\"false\" \/><span class=\"wpcf7-list-item-label\">I agree to have my personal data processed for contact purposes. Such consent may be withdrawn at any time, without, however, affecting the lawfulness of processing carried out on the basis of the consent prior to its withdrawal.<\/span><\/label><\/span><\/span><\/span>\n<input class=\"wpcf7-form-control wpcf7-submit has-spinner\" type=\"submit\" value=\"Send\" \/>\n<br><br>\n<span class=\"wpcf7-form-control-wrap recaptcha\" data-name=\"recaptcha\"><span data-sitekey=\"6LdZMLwaAAAAACXOv0HO1nBuNoI-Mn3AkC3NoiAk\" class=\"wpcf7-form-control wpcf7-recaptcha g-recaptcha\"><\/span>\r\n<noscript>\r\n\t<div class=\"grecaptcha-noscript\">\r\n\t\t<iframe loading=\"lazy\" src=\"https:\/\/www.google.com\/recaptcha\/api\/fallback?k=6LdZMLwaAAAAACXOv0HO1nBuNoI-Mn3AkC3NoiAk\" frameborder=\"0\" scrolling=\"no\" width=\"310\" height=\"430\">\r\n\t\t<\/iframe>\r\n\t\t<textarea name=\"g-recaptcha-response\" rows=\"3\" cols=\"40\" placeholder=\"reCaptcha Response Here\">\r\n\t\t<\/textarea>\r\n\t<\/div>\r\n<\/noscript>\r\n<\/span><input type='hidden' class='wpcf7-pum' value='{\"closepopup\":false,\"closedelay\":0,\"openpopup\":false,\"openpopup_id\":0}' \/><div class=\"wpcf7-response-output\" aria-hidden=\"true\"><\/div>\n<\/form>\n<\/div>\n\n<\/div>\n<\/div>\n\n\n\n<p><\/p>\n","protected":false},"excerpt":{"rendered":"<p>Talk to our specialist \u201cCukrownia Strzelin\u201d Sugar Plant +48 (71) 392 77 10 \u201cCukrownia \u015awidnica\u201d Sugar Plant +48 (74) 858 32 37 \u201cCukrownia Ropczyce\u201d Sugar Plant +48 (17) 222 90&#8230;<\/p>\n","protected":false},"author":3,"featured_media":11045,"parent":8440,"menu_order":3,"comment_status":"closed","ping_status":"closed","template":"template-full.php","meta":{"_acf_changed":false,"inline_featured_image":false,"footnotes":"","_wp_rev_ctl_limit":""},"class_list":["post-12699","page","type-page","status-publish","has-post-thumbnail","hentry"],"acf":[],"yoast_head":"<!-- This site is optimized with the Yoast SEO plugin v27.4 - https:\/\/yoast.com\/product\/yoast-seo-wordpress\/ -->\n<title>Internships and apprenticeships - S\u00fcdzucker Polska<\/title>\n<meta name=\"robots\" content=\"index, follow, max-snippet:-1, max-image-preview:large, max-video-preview:-1\" \/>\n<link rel=\"canonical\" href=\"https:\/\/www.suedzucker.pl\/en\/career\/internships-and-apprenticeships\/\" \/>\n<meta property=\"og:locale\" content=\"en_US\" \/>\n<meta property=\"og:type\" content=\"article\" \/>\n<meta property=\"og:title\" content=\"Internships and apprenticeships - S\u00fcdzucker Polska\" \/>\n<meta property=\"og:description\" content=\"Talk to our specialist \u201cCukrownia Strzelin\u201d Sugar Plant +48 (71) 392 77 10 \u201cCukrownia \u015awidnica\u201d Sugar Plant +48 (74) 858 32 37 \u201cCukrownia Ropczyce\u201d Sugar Plant +48 (17) 222 90...\" \/>\n<meta property=\"og:url\" content=\"https:\/\/www.suedzucker.pl\/en\/career\/internships-and-apprenticeships\/\" \/>\n<meta property=\"og:site_name\" content=\"S\u00fcdzucker Polska\" \/>\n<meta property=\"article:modified_time\" content=\"2020-09-18T10:47:06+00:00\" \/>\n<meta property=\"og:image\" content=\"https:\/\/www.suedzucker.pl\/wp-content\/uploads\/2020\/08\/AdobeStock_170306926-1-scaled-e1596463347154.jpeg\" \/>\n\t<meta property=\"og:image:width\" content=\"2560\" \/>\n\t<meta property=\"og:image:height\" content=\"486\" \/>\n\t<meta property=\"og:image:type\" content=\"image\/jpeg\" \/>\n<meta name=\"twitter:card\" content=\"summary_large_image\" \/>\n<script type=\"application\/ld+json\" class=\"yoast-schema-graph\">{\"@context\":\"https:\\\/\\\/schema.org\",\"@graph\":[{\"@type\":\"WebPage\",\"@id\":\"https:\\\/\\\/www.suedzucker.pl\\\/en\\\/career\\\/internships-and-apprenticeships\\\/\",\"url\":\"https:\\\/\\\/www.suedzucker.pl\\\/en\\\/career\\\/internships-and-apprenticeships\\\/\",\"name\":\"Internships and apprenticeships - S\u00fcdzucker Polska\",\"isPartOf\":{\"@id\":\"https:\\\/\\\/www.suedzucker.pl\\\/en\\\/#website\"},\"primaryImageOfPage\":{\"@id\":\"https:\\\/\\\/www.suedzucker.pl\\\/en\\\/career\\\/internships-and-apprenticeships\\\/#primaryimage\"},\"image\":{\"@id\":\"https:\\\/\\\/www.suedzucker.pl\\\/en\\\/career\\\/internships-and-apprenticeships\\\/#primaryimage\"},\"thumbnailUrl\":\"https:\\\/\\\/www.suedzucker.pl\\\/wp-content\\\/uploads\\\/2020\\\/08\\\/AdobeStock_170306926-1-scaled-e1596463347154.jpeg\",\"datePublished\":\"2020-09-04T10:20:38+00:00\",\"dateModified\":\"2020-09-18T10:47:06+00:00\",\"breadcrumb\":{\"@id\":\"https:\\\/\\\/www.suedzucker.pl\\\/en\\\/career\\\/internships-and-apprenticeships\\\/#breadcrumb\"},\"inLanguage\":\"en-US\",\"potentialAction\":[{\"@type\":\"ReadAction\",\"target\":[\"https:\\\/\\\/www.suedzucker.pl\\\/en\\\/career\\\/internships-and-apprenticeships\\\/\"]}]},{\"@type\":\"ImageObject\",\"inLanguage\":\"en-US\",\"@id\":\"https:\\\/\\\/www.suedzucker.pl\\\/en\\\/career\\\/internships-and-apprenticeships\\\/#primaryimage\",\"url\":\"https:\\\/\\\/www.suedzucker.pl\\\/wp-content\\\/uploads\\\/2020\\\/08\\\/AdobeStock_170306926-1-scaled-e1596463347154.jpeg\",\"contentUrl\":\"https:\\\/\\\/www.suedzucker.pl\\\/wp-content\\\/uploads\\\/2020\\\/08\\\/AdobeStock_170306926-1-scaled-e1596463347154.jpeg\",\"width\":2560,\"height\":486,\"caption\":\"Group of high school student and their teacher with laptop studying.\"},{\"@type\":\"BreadcrumbList\",\"@id\":\"https:\\\/\\\/www.suedzucker.pl\\\/en\\\/career\\\/internships-and-apprenticeships\\\/#breadcrumb\",\"itemListElement\":[{\"@type\":\"ListItem\",\"position\":1,\"name\":\"Home\",\"item\":\"https:\\\/\\\/www.suedzucker.pl\\\/en\\\/\"},{\"@type\":\"ListItem\",\"position\":2,\"name\":\"Career\",\"item\":\"https:\\\/\\\/www.suedzucker.pl\\\/career\\\/\"},{\"@type\":\"ListItem\",\"position\":3,\"name\":\"Internships and apprenticeships\"}]},{\"@type\":\"WebSite\",\"@id\":\"https:\\\/\\\/www.suedzucker.pl\\\/en\\\/#website\",\"url\":\"https:\\\/\\\/www.suedzucker.pl\\\/en\\\/\",\"name\":\"S\u00fcdzucker Polska\",\"description\":\"Jeste\u015bmy wiod\u0105cym producentem cukru w Polsce\",\"potentialAction\":[{\"@type\":\"SearchAction\",\"target\":{\"@type\":\"EntryPoint\",\"urlTemplate\":\"https:\\\/\\\/www.suedzucker.pl\\\/en\\\/?s={search_term_string}\"},\"query-input\":{\"@type\":\"PropertyValueSpecification\",\"valueRequired\":true,\"valueName\":\"search_term_string\"}}],\"inLanguage\":\"en-US\"}]}<\/script>\n<!-- \/ Yoast SEO plugin. -->","yoast_head_json":{"title":"Internships and apprenticeships - S\u00fcdzucker Polska","robots":{"index":"index","follow":"follow","max-snippet":"max-snippet:-1","max-image-preview":"max-image-preview:large","max-video-preview":"max-video-preview:-1"},"canonical":"https:\/\/www.suedzucker.pl\/en\/career\/internships-and-apprenticeships\/","og_locale":"en_US","og_type":"article","og_title":"Internships and apprenticeships - S\u00fcdzucker Polska","og_description":"Talk to our specialist \u201cCukrownia Strzelin\u201d Sugar Plant +48 (71) 392 77 10 \u201cCukrownia \u015awidnica\u201d Sugar Plant +48 (74) 858 32 37 \u201cCukrownia Ropczyce\u201d Sugar Plant +48 (17) 222 90...","og_url":"https:\/\/www.suedzucker.pl\/en\/career\/internships-and-apprenticeships\/","og_site_name":"S\u00fcdzucker Polska","article_modified_time":"2020-09-18T10:47:06+00:00","og_image":[{"width":2560,"height":486,"url":"https:\/\/www.suedzucker.pl\/wp-content\/uploads\/2020\/08\/AdobeStock_170306926-1-scaled-e1596463347154.jpeg","type":"image\/jpeg"}],"twitter_card":"summary_large_image","schema":{"@context":"https:\/\/schema.org","@graph":[{"@type":"WebPage","@id":"https:\/\/www.suedzucker.pl\/en\/career\/internships-and-apprenticeships\/","url":"https:\/\/www.suedzucker.pl\/en\/career\/internships-and-apprenticeships\/","name":"Internships and apprenticeships - S\u00fcdzucker Polska","isPartOf":{"@id":"https:\/\/www.suedzucker.pl\/en\/#website"},"primaryImageOfPage":{"@id":"https:\/\/www.suedzucker.pl\/en\/career\/internships-and-apprenticeships\/#primaryimage"},"image":{"@id":"https:\/\/www.suedzucker.pl\/en\/career\/internships-and-apprenticeships\/#primaryimage"},"thumbnailUrl":"https:\/\/www.suedzucker.pl\/wp-content\/uploads\/2020\/08\/AdobeStock_170306926-1-scaled-e1596463347154.jpeg","datePublished":"2020-09-04T10:20:38+00:00","dateModified":"2020-09-18T10:47:06+00:00","breadcrumb":{"@id":"https:\/\/www.suedzucker.pl\/en\/career\/internships-and-apprenticeships\/#breadcrumb"},"inLanguage":"en-US","potentialAction":[{"@type":"ReadAction","target":["https:\/\/www.suedzucker.pl\/en\/career\/internships-and-apprenticeships\/"]}]},{"@type":"ImageObject","inLanguage":"en-US","@id":"https:\/\/www.suedzucker.pl\/en\/career\/internships-and-apprenticeships\/#primaryimage","url":"https:\/\/www.suedzucker.pl\/wp-content\/uploads\/2020\/08\/AdobeStock_170306926-1-scaled-e1596463347154.jpeg","contentUrl":"https:\/\/www.suedzucker.pl\/wp-content\/uploads\/2020\/08\/AdobeStock_170306926-1-scaled-e1596463347154.jpeg","width":2560,"height":486,"caption":"Group of high school student and their teacher with laptop studying."},{"@type":"BreadcrumbList","@id":"https:\/\/www.suedzucker.pl\/en\/career\/internships-and-apprenticeships\/#breadcrumb","itemListElement":[{"@type":"ListItem","position":1,"name":"Home","item":"https:\/\/www.suedzucker.pl\/en\/"},{"@type":"ListItem","position":2,"name":"Career","item":"https:\/\/www.suedzucker.pl\/career\/"},{"@type":"ListItem","position":3,"name":"Internships and apprenticeships"}]},{"@type":"WebSite","@id":"https:\/\/www.suedzucker.pl\/en\/#website","url":"https:\/\/www.suedzucker.pl\/en\/","name":"S\u00fcdzucker Polska","description":"Jeste\u015bmy wiod\u0105cym producentem cukru w Polsce","potentialAction":[{"@type":"SearchAction","target":{"@type":"EntryPoint","urlTemplate":"https:\/\/www.suedzucker.pl\/en\/?s={search_term_string}"},"query-input":{"@type":"PropertyValueSpecification","valueRequired":true,"valueName":"search_term_string"}}],"inLanguage":"en-US"}]}},"_links":{"self":[{"href":"https:\/\/www.suedzucker.pl\/en\/wp-json\/wp\/v2\/pages\/12699","targetHints":{"allow":["GET"]}}],"collection":[{"href":"https:\/\/www.suedzucker.pl\/en\/wp-json\/wp\/v2\/pages"}],"about":[{"href":"https:\/\/www.suedzucker.pl\/en\/wp-json\/wp\/v2\/types\/page"}],"author":[{"embeddable":true,"href":"https:\/\/www.suedzucker.pl\/en\/wp-json\/wp\/v2\/users\/3"}],"replies":[{"embeddable":true,"href":"https:\/\/www.suedzucker.pl\/en\/wp-json\/wp\/v2\/comments?post=12699"}],"version-history":[{"count":0,"href":"https:\/\/www.suedzucker.pl\/en\/wp-json\/wp\/v2\/pages\/12699\/revisions"}],"up":[{"embeddable":true,"href":"https:\/\/www.suedzucker.pl\/en\/wp-json\/wp\/v2\/pages\/8440"}],"wp:featuredmedia":[{"embeddable":true,"href":"https:\/\/www.suedzucker.pl\/en\/wp-json\/wp\/v2\/media\/11045"}],"wp:attachment":[{"href":"https:\/\/www.suedzucker.pl\/en\/wp-json\/wp\/v2\/media?parent=12699"}],"curies":[{"name":"wp","href":"https:\/\/api.w.org\/{rel}","templated":true}]}}