{"id":12719,"date":"2020-09-04T12:28:53","date_gmt":"2020-09-04T10:28:53","guid":{"rendered":"http:\/\/suedzucker.pl\/?page_id=12719"},"modified":"2020-10-02T15:06:56","modified_gmt":"2020-10-02T13:06:56","slug":"job-and-internship-opportunities","status":"publish","type":"page","link":"https:\/\/www.suedzucker.pl\/en\/career\/job-and-internship-opportunities\/","title":{"rendered":"Job and internship offers"},"content":{"rendered":"<section  class=\"job-category corporate\">\r\n    <div class=\"section-content\">\r\n            <h3 class=\"section-content__subtitle font-18 corporate\">Job and internship offers<\/h3>\r\n        \r\n            <h2 class=\"section-content__title font-36\">Find the perfect position for you!<\/h2>\r\n      \r\n            <p class=\"section-content__text\">See who we are currently looking for &#8211; choose from the proposed job offers or internships and apprenticeships.<\/p>\r\n     \r\n<\/div>    <div class=\"job-offers__btn-wrapper margin-60 corporate\">\r\n        <button class=\"btn btn--empty js-button-type js-search corporate\" data-value=\"Praca\" data-title=\"Current job offers\">Job offers<\/button>\r\n        <button class=\"btn btn--empty js-button-type js-search corporate\" data-value=\"Sta\u017c\" data-title=\"Current Internships and apprenticeships offers\">Internships and apprenticeships offers<\/button>\r\n    <\/div>\r\n<\/section>\r\n<section class=\"job-offers corporate \">\r\n    <h3 class=\"job-offers__title js-title\" data-class=\"corporate\"><\/h3>\r\n    <div class=\"job-offers__filters margin-60\">\r\n        <select class=\"job-offers__select font-20 js-deparment-select\" name=\"department\" style=\"background-image: url(https:\/\/www.suedzucker.pl\/wp-content\/uploads\/2020\/05\/strzalka_filtrowanie.svg);\">\r\n            <option value=\"\">Any department<\/option>\r\n                        <option value=\"Administracja\">Administracja<\/option>\r\n                        <option value=\"IT\">IT<\/option>\r\n                        <option value=\"Laboratoria\">Laboratoria<\/option>\r\n                        <option value=\"Laboratorium\">Laboratorium<\/option>\r\n                        <option value=\"Produkcja\">Produkcja<\/option>\r\n                        <option value=\"Surowiec\">Surowiec<\/option>\r\n                        <option value=\"Technika\">Technika<\/option>\r\n                    <\/select>\r\n        <select class=\"job-offers__select font-20 js-localization-select\" name=\"localization\" style=\"background-image: url(https:\/\/www.suedzucker.pl\/wp-content\/uploads\/2020\/05\/strzalka_filtrowanie.svg);\">\r\n            <option value=\"\">Any location<\/option>\r\n                        <option value=\"Cukrownia Cerekiew\">Cukrownia Cerekiew<\/option>\r\n                        <option value=\"Cukrownia Ropczyce\">Cukrownia Ropczyce<\/option>\r\n                        <option value=\"Cukrownia Strzelin\">Cukrownia Strzelin<\/option>\r\n                        <option value=\"Cukrownia \u015awidnica\">Cukrownia \u015awidnica<\/option>\r\n                        <option value=\"Gospodarstwo Rolne\">Gospodarstwo Rolne<\/option>\r\n                        <option value=\"Krak\u00f3w\">Krak\u00f3w<\/option>\r\n                        <option value=\"Pszenno\">Pszenno<\/option>\r\n                        <option value=\"Wieliczka\">Wieliczka<\/option>\r\n                        <option value=\"Wroc\u0142aw\">Wroc\u0142aw<\/option>\r\n                    <\/select>\r\n        <button class=\"job-offers__search js-search btn btn--full corporate\">Show offers<\/button>\r\n    <\/div>\r\n    <div class=\"job-offers__list margin-100\">\r\n\r\n        <!-- \/* sMi'2023 *\/ -->\r\n        <!--<span class=\"job-offers__counter font-16\">--><!-- <span class=\"js-counter\"><\/span><\/span>-->\r\n        <!-- \/* sMi'2023 *\/ -->\r\n\r\n        <div class=\"job-offers__leg font-22\">\r\n            <div class=\"job-offers__col-1 center\">Position<\/div>\r\n            <div class=\"job-offers__col-2\">Department<\/div>\r\n            <div class=\"job-offers__col-3\">Location<\/div>\r\n        <\/div>\r\n\t\t<!--showing number of jobs-->\r\n        <div class=\"js-ajax-job\">\r\n            <!-- AJAX -->\r\n        <\/div>\r\n\r\n        <!-- \/* sMi'2023 *\/ -->\r\n        <div style=\"display: flex; padding: 1rem 0 1.8rem 0; justify-content: flex-end;\">\r\n            <select class=\"job-offers__select font-20 js-pagged-select\" name=\"pagged\" style=\"display: none;\">\r\n                <option value=\"1\">1<\/option>\r\n            <\/select>\r\n\r\n            <button class=\"job-offers__search js-search btn btn--full corporate\">Show offers<\/button>\r\n        <\/div>\r\n        <!-- \/* sMi'2023 *\/ -->\r\n\r\n    <\/div>\r\n<\/section>\r\n\n\n<section  class=\"link-section corporate bg\">\r\n    <div class=\"section-content\">\r\n            <h3 class=\"section-content__subtitle font-18 corporate\">Job and internship offers<\/h3>\r\n        \r\n            <h2 class=\"section-content__title font-36\">Haven&#8217;t found an offer for you? Write to us!<\/h2>\r\n      \r\n            <p class=\"section-content__text\">Leave us your CV. We will contact you <br> as soon as there is an offer suitable for you.<\/p>\r\n     \r\n<\/div>    <div class=\"link-section__btn-wrapper\">\r\n                                                         \r\n            <a class=\"btn btn--empty corporate\"  href=\"http:\/\/suedzucker.pl\/en\/career\/internships-and-apprenticeships\/\">Apply<\/a>\r\n                                        <\/div>\r\n<\/section>\n\n<section  class=\"benefits-hover corporate \">\r\n    <div class=\"section-content\">\r\n            <h3 class=\"section-content__subtitle font-18 corporate\">Benefits<\/h3>\r\n        \r\n            <h2 class=\"section-content__title font-36\">Why is it worth working with us?<\/h2>\r\n      \r\n            <p class=\"section-content__text\">We take care of our employees by offering them the opportunity to develop, as well as many non-financial benefits.<\/p>\r\n     \r\n<\/div>    <ul class=\"benefits-hover__list\">\r\n                        \r\n            <li class=\"benefit-hover corporate\">\r\n                <img loading=\"lazy\" decoding=\"async\" width=\"1\" height=\"1\" src=\"https:\/\/www.suedzucker.pl\/wp-content\/uploads\/2020\/07\/opieka_medyczna.svg\" class=\"benefit-hover__img\" alt=\"\" \/> \r\n                <h3 class=\"benefit-hover__title font-22 font-reg\">Private health care<\/h3>\r\n                                                    <div class=\"benefit-hover__hover corporate\">\r\n                        <h3 class=\"benefit-hover__title-2 font-22\">Private health care<\/h3>\r\n                        <p class=\"benefit-hover__desc font-16\">\r\n                            We care for the health of our employees providing individually selected packages of private medical care EnelMed with the possibility of extending them to other family members.                        <\/p>\r\n                    <\/div>\r\n                            <\/li>\r\n                \r\n            <li class=\"benefit-hover corporate\">\r\n                <img loading=\"lazy\" decoding=\"async\" width=\"1\" height=\"1\" src=\"https:\/\/www.suedzucker.pl\/wp-content\/uploads\/2020\/07\/sport_kultura.svg\" class=\"benefit-hover__img\" alt=\"\" \/> \r\n                <h3 class=\"benefit-hover__title font-22 font-reg\">Sport &#038; Culture Card<\/h3>\r\n                                                    <div class=\"benefit-hover__hover corporate\">\r\n                        <h3 class=\"benefit-hover__title-2 font-22\">Sport &#038; Culture Card<\/h3>\r\n                        <p class=\"benefit-hover__desc font-16\">\r\n                            We want our employees to spend their free time pleasantly. The EdenRed Sport &#038; Culture Card provides entertainment regardless of preferences.                        <\/p>\r\n                    <\/div>\r\n                            <\/li>\r\n                \r\n            <li class=\"benefit-hover corporate\">\r\n                <img loading=\"lazy\" decoding=\"async\" width=\"1\" height=\"1\" src=\"https:\/\/www.suedzucker.pl\/wp-content\/uploads\/2020\/07\/karta_posilkowa.svg\" class=\"benefit-hover__img\" alt=\"\" \/> \r\n                <h3 class=\"benefit-hover__title font-22 font-reg\">Ticket Restaurant card<\/h3>\r\n                                                    <div class=\"benefit-hover__hover corporate\">\r\n                        <h3 class=\"benefit-hover__title-2 font-22\">Ticket Restaurant card<\/h3>\r\n                        <p class=\"benefit-hover__desc font-16\">\r\n                            We provide our employees with the EdenRed meal card to use in many restaurants in Poland.                        <\/p>\r\n                    <\/div>\r\n                            <\/li>\r\n                \r\n            <li class=\"benefit-hover corporate\">\r\n                <img loading=\"lazy\" decoding=\"async\" width=\"1\" height=\"1\" src=\"https:\/\/www.suedzucker.pl\/wp-content\/uploads\/2020\/07\/deputat_cukrowy.svg\" class=\"benefit-hover__img\" alt=\"\" \/> \r\n                <h3 class=\"benefit-hover__title font-22 font-reg\">Sugar allowance<\/h3>\r\n                                                    <div class=\"benefit-hover__hover corporate\">\r\n                        <h3 class=\"benefit-hover__title-2 font-22\">Sugar allowance<\/h3>\r\n                        <p class=\"benefit-hover__desc font-16\">\r\n                            Once a year our employees receive Cukier Kr\u00f3lewski in the form of a different variety of sugars.                        <\/p>\r\n                    <\/div>\r\n                            <\/li>\r\n                \r\n            <li class=\"benefit-hover corporate\">\r\n                <img loading=\"lazy\" decoding=\"async\" width=\"1\" height=\"1\" src=\"https:\/\/www.suedzucker.pl\/wp-content\/uploads\/2020\/07\/pozyczki.svg\" class=\"benefit-hover__img\" alt=\"\" \/> \r\n                <h3 class=\"benefit-hover__title font-22 font-reg\">Loans and financial support <\/h3>\r\n                                                    <div class=\"benefit-hover__hover corporate\">\r\n                        <h3 class=\"benefit-hover__title-2 font-22\">Loans and financial support <\/h3>\r\n                        <p class=\"benefit-hover__desc font-16\">\r\n                            We provide our employees with low-interest housing loans and non-returnable financial support in the form of a grant in difficult unexpected situations.                        <\/p>\r\n                    <\/div>\r\n                            <\/li>\r\n                \r\n            <li class=\"benefit-hover corporate\">\r\n                <img loading=\"lazy\" decoding=\"async\" width=\"1\" height=\"1\" src=\"https:\/\/www.suedzucker.pl\/wp-content\/uploads\/2020\/07\/dofinansowanie_edukacji.svg\" class=\"benefit-hover__img\" alt=\"\" \/> \r\n                <h3 class=\"benefit-hover__title font-22 font-reg\">Co-financing of education<\/h3>\r\n                                                    <div class=\"benefit-hover__hover corporate\">\r\n                        <h3 class=\"benefit-hover__title-2 font-22\">Co-financing of education<\/h3>\r\n                        <p class=\"benefit-hover__desc font-16\">\r\n                            Our employees have the possibility of continuous professional development and improving skills through various training.                        <\/p>\r\n                    <\/div>\r\n                            <\/li>\r\n                \r\n            <li class=\"benefit-hover corporate\">\r\n                <img loading=\"lazy\" decoding=\"async\" width=\"1\" height=\"1\" src=\"https:\/\/www.suedzucker.pl\/wp-content\/uploads\/2020\/07\/awans.svg\" class=\"benefit-hover__img\" alt=\"\" \/> \r\n                <h3 class=\"benefit-hover__title font-22 font-reg\">A promotion opportunity<\/h3>\r\n                                                    <div class=\"benefit-hover__hover corporate\">\r\n                        <h3 class=\"benefit-hover__title-2 font-22\">A promotion opportunity<\/h3>\r\n                        <p class=\"benefit-hover__desc font-16\">\r\n                            We appreciate employees for their commitment, experience, hard work, and willingness to develop.                        <\/p>\r\n                    <\/div>\r\n                            <\/li>\r\n                \r\n            <li class=\"benefit-hover corporate\">\r\n                <img loading=\"lazy\" decoding=\"async\" width=\"1\" height=\"1\" src=\"https:\/\/www.suedzucker.pl\/wp-content\/uploads\/2020\/07\/ubezpieczenie.svg\" class=\"benefit-hover__img\" alt=\"\" \/> \r\n                <h3 class=\"benefit-hover__title font-22 font-reg\">Additional insurance<\/h3>\r\n                                                    <div class=\"benefit-hover__hover corporate\">\r\n                        <h3 class=\"benefit-hover__title-2 font-22\">Additional insurance<\/h3>\r\n                        <p class=\"benefit-hover__desc font-16\">\r\n                            For managerial staff, we offer the possibility of attractive life insurance and additional accident insurance.                         <\/p>\r\n                    <\/div>\r\n                            <\/li>\r\n                \r\n            <li class=\"benefit-hover corporate\">\r\n                <img loading=\"lazy\" decoding=\"async\" width=\"1\" height=\"1\" src=\"https:\/\/www.suedzucker.pl\/wp-content\/uploads\/2020\/07\/urodzenie_dziecka.svg\" class=\"benefit-hover__img\" alt=\"\" \/> \r\n                <h3 class=\"benefit-hover__title font-22 font-reg\">Childbirth benefits<\/h3>\r\n                                                    <div class=\"benefit-hover__hover corporate\">\r\n                        <h3 class=\"benefit-hover__title-2 font-22\">Childbirth benefits<\/h3>\r\n                        <p class=\"benefit-hover__desc font-16\">\r\n                            We send our employees\u2019 newborns sweet packages with a PLN 500 prepaid card.                        <\/p>\r\n                    <\/div>\r\n                            <\/li>\r\n                \r\n            <li class=\"benefit-hover corporate\">\r\n                <img loading=\"lazy\" decoding=\"async\" width=\"1\" height=\"1\" src=\"https:\/\/www.suedzucker.pl\/wp-content\/uploads\/2020\/07\/benefity_swieta.svg\" class=\"benefit-hover__img\" alt=\"\" \/> \r\n                <h3 class=\"benefit-hover__title font-22 font-reg\">Numerous Christmas benefits<\/h3>\r\n                                                    <div class=\"benefit-hover__hover corporate\">\r\n                        <h3 class=\"benefit-hover__title-2 font-22\">Numerous Christmas benefits<\/h3>\r\n                        <p class=\"benefit-hover__desc font-16\">\r\n                            During the holiday season, employees receive cash benefits, and Santa Claus gifts for children. Sugar Plants employees working on Christmas Eve and Christmas receive special holiday packages.                        <\/p>\r\n                    <\/div>\r\n                            <\/li>\r\n                \r\n            <li class=\"benefit-hover corporate\">\r\n                <img loading=\"lazy\" decoding=\"async\" width=\"1\" height=\"1\" src=\"https:\/\/www.suedzucker.pl\/wp-content\/uploads\/2020\/07\/dzien_zdrowia.svg\" class=\"benefit-hover__img\" alt=\"\" \/> \r\n                <h3 class=\"benefit-hover__title font-22 font-reg\">Day for Health for employees 60+<\/h3>\r\n                                                    <div class=\"benefit-hover__hover corporate\">\r\n                        <h3 class=\"benefit-hover__title-2 font-22\">Day for Health for employees 60+<\/h3>\r\n                        <p class=\"benefit-hover__desc font-16\">\r\n                            We care for the most experienced employees by offering them &#8220;Day for Health&#8221; (Health Prevention Program).                        <\/p>\r\n                    <\/div>\r\n                            <\/li>\r\n                \r\n            <li class=\"benefit-hover corporate\">\r\n                <img loading=\"lazy\" decoding=\"async\" width=\"1\" height=\"1\" src=\"https:\/\/www.suedzucker.pl\/wp-content\/uploads\/2020\/07\/swiadczenie_weekendowe.svg\" class=\"benefit-hover__img\" alt=\"\" \/> \r\n                <h3 class=\"benefit-hover__title font-22 font-reg\">Holiday allowance <\/h3>\r\n                                                    <div class=\"benefit-hover__hover corporate\">\r\n                        <h3 class=\"benefit-hover__title-2 font-22\">Holiday allowance <\/h3>\r\n                        <p class=\"benefit-hover__desc font-16\">\r\n                            We provide our employees with a social benefit, the so-called &#8220;vacations in the countryside&#8221;.                        <\/p>\r\n                    <\/div>\r\n                            <\/li>\r\n                    <\/ul>\r\n    <\/section>","protected":false},"excerpt":{"rendered":"","protected":false},"author":3,"featured_media":10706,"parent":8440,"menu_order":5,"comment_status":"closed","ping_status":"closed","template":"template-full.php","meta":{"_acf_changed":false,"inline_featured_image":false,"footnotes":"","_wp_rev_ctl_limit":""},"class_list":["post-12719","page","type-page","status-publish","has-post-thumbnail","hentry"],"acf":[],"yoast_head":"<!-- This site is optimized with the Yoast SEO plugin v27.3 - https:\/\/yoast.com\/product\/yoast-seo-wordpress\/ -->\n<title>Job and internship offers - S\u00fcdzucker Polska<\/title>\n<meta name=\"robots\" content=\"index, follow, max-snippet:-1, max-image-preview:large, max-video-preview:-1\" \/>\n<link rel=\"canonical\" href=\"https:\/\/www.suedzucker.pl\/en\/career\/job-and-internship-opportunities\/\" \/>\n<meta property=\"og:locale\" content=\"en_US\" \/>\n<meta property=\"og:type\" content=\"article\" \/>\n<meta property=\"og:title\" content=\"Job and internship offers - S\u00fcdzucker Polska\" \/>\n<meta property=\"og:url\" content=\"https:\/\/www.suedzucker.pl\/en\/career\/job-and-internship-opportunities\/\" \/>\n<meta property=\"og:site_name\" content=\"S\u00fcdzucker Polska\" \/>\n<meta property=\"article:modified_time\" content=\"2020-10-02T13:06:56+00:00\" \/>\n<meta property=\"og:image\" content=\"https:\/\/www.suedzucker.pl\/wp-content\/uploads\/2020\/07\/AdobeStock_316061718-1-scaled-e1596121644680.jpeg\" \/>\n\t<meta property=\"og:image:width\" content=\"2560\" \/>\n\t<meta property=\"og:image:height\" content=\"486\" \/>\n\t<meta property=\"og:image:type\" content=\"image\/jpeg\" \/>\n<meta name=\"twitter:card\" content=\"summary_large_image\" \/>\n<script type=\"application\/ld+json\" class=\"yoast-schema-graph\">{\"@context\":\"https:\\\/\\\/schema.org\",\"@graph\":[{\"@type\":\"WebPage\",\"@id\":\"https:\\\/\\\/www.suedzucker.pl\\\/en\\\/career\\\/job-and-internship-opportunities\\\/\",\"url\":\"https:\\\/\\\/www.suedzucker.pl\\\/en\\\/career\\\/job-and-internship-opportunities\\\/\",\"name\":\"Job and internship offers - S\u00fcdzucker Polska\",\"isPartOf\":{\"@id\":\"https:\\\/\\\/www.suedzucker.pl\\\/en\\\/#website\"},\"primaryImageOfPage\":{\"@id\":\"https:\\\/\\\/www.suedzucker.pl\\\/en\\\/career\\\/job-and-internship-opportunities\\\/#primaryimage\"},\"image\":{\"@id\":\"https:\\\/\\\/www.suedzucker.pl\\\/en\\\/career\\\/job-and-internship-opportunities\\\/#primaryimage\"},\"thumbnailUrl\":\"https:\\\/\\\/www.suedzucker.pl\\\/wp-content\\\/uploads\\\/2020\\\/07\\\/AdobeStock_316061718-1-scaled-e1596121644680.jpeg\",\"datePublished\":\"2020-09-04T10:28:53+00:00\",\"dateModified\":\"2020-10-02T13:06:56+00:00\",\"breadcrumb\":{\"@id\":\"https:\\\/\\\/www.suedzucker.pl\\\/en\\\/career\\\/job-and-internship-opportunities\\\/#breadcrumb\"},\"inLanguage\":\"en-US\",\"potentialAction\":[{\"@type\":\"ReadAction\",\"target\":[\"https:\\\/\\\/www.suedzucker.pl\\\/en\\\/career\\\/job-and-internship-opportunities\\\/\"]}]},{\"@type\":\"ImageObject\",\"inLanguage\":\"en-US\",\"@id\":\"https:\\\/\\\/www.suedzucker.pl\\\/en\\\/career\\\/job-and-internship-opportunities\\\/#primaryimage\",\"url\":\"https:\\\/\\\/www.suedzucker.pl\\\/wp-content\\\/uploads\\\/2020\\\/07\\\/AdobeStock_316061718-1-scaled-e1596121644680.jpeg\",\"contentUrl\":\"https:\\\/\\\/www.suedzucker.pl\\\/wp-content\\\/uploads\\\/2020\\\/07\\\/AdobeStock_316061718-1-scaled-e1596121644680.jpeg\",\"width\":2560,\"height\":486,\"caption\":\"CV with computer keyboard on white desk\"},{\"@type\":\"BreadcrumbList\",\"@id\":\"https:\\\/\\\/www.suedzucker.pl\\\/en\\\/career\\\/job-and-internship-opportunities\\\/#breadcrumb\",\"itemListElement\":[{\"@type\":\"ListItem\",\"position\":1,\"name\":\"Home\",\"item\":\"https:\\\/\\\/www.suedzucker.pl\\\/en\\\/\"},{\"@type\":\"ListItem\",\"position\":2,\"name\":\"Career\",\"item\":\"https:\\\/\\\/www.suedzucker.pl\\\/career\\\/\"},{\"@type\":\"ListItem\",\"position\":3,\"name\":\"Job and internship offers\"}]},{\"@type\":\"WebSite\",\"@id\":\"https:\\\/\\\/www.suedzucker.pl\\\/en\\\/#website\",\"url\":\"https:\\\/\\\/www.suedzucker.pl\\\/en\\\/\",\"name\":\"S\u00fcdzucker Polska\",\"description\":\"Jeste\u015bmy wiod\u0105cym producentem cukru w Polsce\",\"potentialAction\":[{\"@type\":\"SearchAction\",\"target\":{\"@type\":\"EntryPoint\",\"urlTemplate\":\"https:\\\/\\\/www.suedzucker.pl\\\/en\\\/?s={search_term_string}\"},\"query-input\":{\"@type\":\"PropertyValueSpecification\",\"valueRequired\":true,\"valueName\":\"search_term_string\"}}],\"inLanguage\":\"en-US\"}]}<\/script>\n<!-- \/ Yoast SEO plugin. -->","yoast_head_json":{"title":"Job and internship offers - S\u00fcdzucker Polska","robots":{"index":"index","follow":"follow","max-snippet":"max-snippet:-1","max-image-preview":"max-image-preview:large","max-video-preview":"max-video-preview:-1"},"canonical":"https:\/\/www.suedzucker.pl\/en\/career\/job-and-internship-opportunities\/","og_locale":"en_US","og_type":"article","og_title":"Job and internship offers - S\u00fcdzucker Polska","og_url":"https:\/\/www.suedzucker.pl\/en\/career\/job-and-internship-opportunities\/","og_site_name":"S\u00fcdzucker Polska","article_modified_time":"2020-10-02T13:06:56+00:00","og_image":[{"width":2560,"height":486,"url":"https:\/\/www.suedzucker.pl\/wp-content\/uploads\/2020\/07\/AdobeStock_316061718-1-scaled-e1596121644680.jpeg","type":"image\/jpeg"}],"twitter_card":"summary_large_image","schema":{"@context":"https:\/\/schema.org","@graph":[{"@type":"WebPage","@id":"https:\/\/www.suedzucker.pl\/en\/career\/job-and-internship-opportunities\/","url":"https:\/\/www.suedzucker.pl\/en\/career\/job-and-internship-opportunities\/","name":"Job and internship offers - S\u00fcdzucker Polska","isPartOf":{"@id":"https:\/\/www.suedzucker.pl\/en\/#website"},"primaryImageOfPage":{"@id":"https:\/\/www.suedzucker.pl\/en\/career\/job-and-internship-opportunities\/#primaryimage"},"image":{"@id":"https:\/\/www.suedzucker.pl\/en\/career\/job-and-internship-opportunities\/#primaryimage"},"thumbnailUrl":"https:\/\/www.suedzucker.pl\/wp-content\/uploads\/2020\/07\/AdobeStock_316061718-1-scaled-e1596121644680.jpeg","datePublished":"2020-09-04T10:28:53+00:00","dateModified":"2020-10-02T13:06:56+00:00","breadcrumb":{"@id":"https:\/\/www.suedzucker.pl\/en\/career\/job-and-internship-opportunities\/#breadcrumb"},"inLanguage":"en-US","potentialAction":[{"@type":"ReadAction","target":["https:\/\/www.suedzucker.pl\/en\/career\/job-and-internship-opportunities\/"]}]},{"@type":"ImageObject","inLanguage":"en-US","@id":"https:\/\/www.suedzucker.pl\/en\/career\/job-and-internship-opportunities\/#primaryimage","url":"https:\/\/www.suedzucker.pl\/wp-content\/uploads\/2020\/07\/AdobeStock_316061718-1-scaled-e1596121644680.jpeg","contentUrl":"https:\/\/www.suedzucker.pl\/wp-content\/uploads\/2020\/07\/AdobeStock_316061718-1-scaled-e1596121644680.jpeg","width":2560,"height":486,"caption":"CV with computer keyboard on white desk"},{"@type":"BreadcrumbList","@id":"https:\/\/www.suedzucker.pl\/en\/career\/job-and-internship-opportunities\/#breadcrumb","itemListElement":[{"@type":"ListItem","position":1,"name":"Home","item":"https:\/\/www.suedzucker.pl\/en\/"},{"@type":"ListItem","position":2,"name":"Career","item":"https:\/\/www.suedzucker.pl\/career\/"},{"@type":"ListItem","position":3,"name":"Job and internship offers"}]},{"@type":"WebSite","@id":"https:\/\/www.suedzucker.pl\/en\/#website","url":"https:\/\/www.suedzucker.pl\/en\/","name":"S\u00fcdzucker Polska","description":"Jeste\u015bmy wiod\u0105cym producentem cukru w Polsce","potentialAction":[{"@type":"SearchAction","target":{"@type":"EntryPoint","urlTemplate":"https:\/\/www.suedzucker.pl\/en\/?s={search_term_string}"},"query-input":{"@type":"PropertyValueSpecification","valueRequired":true,"valueName":"search_term_string"}}],"inLanguage":"en-US"}]}},"_links":{"self":[{"href":"https:\/\/www.suedzucker.pl\/en\/wp-json\/wp\/v2\/pages\/12719","targetHints":{"allow":["GET"]}}],"collection":[{"href":"https:\/\/www.suedzucker.pl\/en\/wp-json\/wp\/v2\/pages"}],"about":[{"href":"https:\/\/www.suedzucker.pl\/en\/wp-json\/wp\/v2\/types\/page"}],"author":[{"embeddable":true,"href":"https:\/\/www.suedzucker.pl\/en\/wp-json\/wp\/v2\/users\/3"}],"replies":[{"embeddable":true,"href":"https:\/\/www.suedzucker.pl\/en\/wp-json\/wp\/v2\/comments?post=12719"}],"version-history":[{"count":0,"href":"https:\/\/www.suedzucker.pl\/en\/wp-json\/wp\/v2\/pages\/12719\/revisions"}],"up":[{"embeddable":true,"href":"https:\/\/www.suedzucker.pl\/en\/wp-json\/wp\/v2\/pages\/8440"}],"wp:featuredmedia":[{"embeddable":true,"href":"https:\/\/www.suedzucker.pl\/en\/wp-json\/wp\/v2\/media\/10706"}],"wp:attachment":[{"href":"https:\/\/www.suedzucker.pl\/en\/wp-json\/wp\/v2\/media?parent=12719"}],"curies":[{"name":"wp","href":"https:\/\/api.w.org\/{rel}","templated":true}]}}