{"id":12721,"date":"2020-09-07T15:04:31","date_gmt":"2020-09-07T13:04:31","guid":{"rendered":"http:\/\/suedzucker.pl\/?page_id=12721"},"modified":"2020-10-19T10:39:08","modified_gmt":"2020-10-19T08:39:08","slug":"home-page","status":"publish","type":"page","link":"https:\/\/www.suedzucker.pl\/en\/","title":{"rendered":"Home page"},"content":{"rendered":"<section  class=\"link-columns corporate bg\">\r\n    <div class=\"section-content\">\r\n        \r\n            <h2 class=\"section-content__title font-36\">Our portals<\/h2>\r\n      \r\n     \r\n<\/div>    <div class=\"link-columns__wrapper\">\r\n                                \r\n            <div class=\"link-column link-column--external margin-40\">\r\n                <div class=\"link-column__header corporate\" >\r\n                    <h3 class=\"link-column__title font-22 font-reg\">Cukier kr\u00f3lewski<\/h3>\r\n                <\/div>\r\n                <div class=\"link-column__content link-column__content--external\">\r\n                    <div class=\"link-column__img-wrapper link-column__img-wrapper--external\">\r\n                    <img loading=\"lazy\" decoding=\"async\" width=\"150\" height=\"144\" src=\"https:\/\/www.suedzucker.pl\/wp-content\/uploads\/2020\/05\/nasze_portale_krolewski.jpg\" class=\"link-column__img link-column__img--external\" alt=\"\" \/>                    <\/div>\r\n                    <p class=\"link-column__text link-column__text--external font-20 font-reg\">Sweet inspiration of Cukier Kr\u00f3lewski. Unique recipes, culinary advice and information about products<\/p>\r\n                    <a class=\"btn btn--empty corporate\" target=\"_blank\" href=\"https:\/\/www.cukier-krolewski.pl\/en\">Read more<\/a>\r\n                <\/div>\r\n            <\/div>\r\n\r\n                        \r\n            <div class=\"link-column link-column--external margin-40\">\r\n                <div class=\"link-column__header corporate\" >\r\n                    <h3 class=\"link-column__title font-22 font-reg\">Sugar Industry Museum<\/h3>\r\n                <\/div>\r\n                <div class=\"link-column__content link-column__content--external\">\r\n                    <div class=\"link-column__img-wrapper link-column__img-wrapper--external\">\r\n                    <img loading=\"lazy\" decoding=\"async\" width=\"315\" height=\"96\" src=\"https:\/\/www.suedzucker.pl\/wp-content\/uploads\/2020\/05\/muzeum.jpg\" class=\"link-column__img link-column__img--external\" alt=\"\" srcset=\"https:\/\/www.suedzucker.pl\/wp-content\/uploads\/2020\/05\/muzeum.jpg 315w, https:\/\/www.suedzucker.pl\/wp-content\/uploads\/2020\/05\/muzeum-300x91.jpg 300w\" sizes=\"auto, (max-width: 315px) 100vw, 315px\" \/>                    <\/div>\r\n                    <p class=\"link-column__text link-column__text--external font-20 font-reg\">Facts and trivia from sugar industry history<\/p>\r\n                    <a class=\"btn btn--empty corporate\" target=\"_blank\" href=\"http:\/\/www.muzeumcukrownictwa.pl\">Read more<\/a>\r\n                <\/div>\r\n            <\/div>\r\n\r\n                        \r\n            <div class=\"link-column link-column--external margin-40\">\r\n                <div class=\"link-column__header corporate\" >\r\n                    <h3 class=\"link-column__title font-22 font-reg\">Farmers&#8217; Webside<\/h3>\r\n                <\/div>\r\n                <div class=\"link-column__content link-column__content--external\">\r\n                    <div class=\"link-column__img-wrapper link-column__img-wrapper--external\">\r\n                    <img loading=\"lazy\" decoding=\"async\" width=\"225\" height=\"156\" src=\"https:\/\/www.suedzucker.pl\/wp-content\/uploads\/2020\/05\/plantatorski.jpg\" class=\"link-column__img link-column__img--external\" alt=\"\" \/>                    <\/div>\r\n                    <p class=\"link-column__text link-column__text--external font-20 font-reg\">Information about sugar beet cultivation, consultancy and experiments results<\/p>\r\n                    <a class=\"btn btn--empty corporate\"  href=\"http:\/\/suedzucker.pl\/serwis-plantatorski\/\">Read more<\/a>\r\n                <\/div>\r\n            <\/div>\r\n\r\n                        <\/div>\r\n<\/section>\n\n<section  class=\"slider-content corporate \">\r\n    <div class=\"section-content\">\r\n            <h3 class=\"section-content__subtitle font-18 corporate\">Sustainability<\/h3>\r\n        \r\n            <h2 class=\"section-content__title font-36\">We are committed to sustainable development!<\/h2>\r\n      \r\n     \r\n<\/div>    <div class=\"slider-container margin-60\">\r\n        <div class=\"slider__content corporate \">\r\n            <div class=\"slider__content-wrapper\">\r\n                <h3 class=\"slider__title font-28\"><\/h3>\r\n                <p class=\"slider__text\"><\/p>\r\n                <a class=\"btn btn--full slider__btn corporate\" target=\"_blank\" href=\"\"><\/a>\r\n            <\/div>\r\n        <\/div>\r\n        <div class=\"slider\">\r\n        <button class=\"slider__btn-prev slider-arrow corporate\" style=\"background-image: url(https:\/\/www.suedzucker.pl\/wp-content\/uploads\/2020\/05\/strzalka_slider.svg);\"><\/button>\r\n        <button class=\"slider__btn-next slider-arrow corporate\" style=\"background-image: url(https:\/\/www.suedzucker.pl\/wp-content\/uploads\/2020\/05\/strzalka_slider.svg);\"><\/button>\r\n            <div class=\"slider__wrapper swiper-wrapper\">\r\n                                                        \r\n                        <div class=\"slider__slide swiper-slide\" data-title=\"Society\" data-content=\"Building positive relations with the environment based on trust and respect is the fundamental element of our company\u2019s development strategy. This is why we willingly become involved in the lives of local communities\" data-link=\"http:\/\/suedzucker.pl\/en\/sustainability\/society\/\" data-button=\"Read more\">\r\n                            <div class=\"slider__img-wraper\">\r\n                                <img loading=\"lazy\" decoding=\"async\" width=\"765\" height=\"431\" src=\"https:\/\/www.suedzucker.pl\/wp-content\/uploads\/2020\/05\/spoelczenstwo.jpg\" class=\"slider__img\" alt=\"\" srcset=\"https:\/\/www.suedzucker.pl\/wp-content\/uploads\/2020\/05\/spoelczenstwo.jpg 765w, https:\/\/www.suedzucker.pl\/wp-content\/uploads\/2020\/05\/spoelczenstwo-300x169.jpg 300w, https:\/\/www.suedzucker.pl\/wp-content\/uploads\/2020\/05\/spoelczenstwo-500x282.jpg 500w\" sizes=\"auto, (max-width: 765px) 100vw, 765px\" \/>                            <\/div>\r\n                        <\/div>\r\n                        \r\n                                        \r\n                        <div class=\"slider__slide swiper-slide\" data-title=\"Nature\" data-content=\"Nature is our partner and we are aware of the importance of respect for nature and the rational management of natural resources\" data-link=\"http:\/\/suedzucker.pl\/en\/sustainability\/environment\/\" data-button=\"Read more\">\r\n                            <div class=\"slider__img-wraper\">\r\n                                <img loading=\"lazy\" decoding=\"async\" width=\"765\" height=\"431\" src=\"https:\/\/www.suedzucker.pl\/wp-content\/uploads\/2020\/05\/natura.jpg\" class=\"slider__img\" alt=\"\" srcset=\"https:\/\/www.suedzucker.pl\/wp-content\/uploads\/2020\/05\/natura.jpg 765w, https:\/\/www.suedzucker.pl\/wp-content\/uploads\/2020\/05\/natura-300x169.jpg 300w, https:\/\/www.suedzucker.pl\/wp-content\/uploads\/2020\/05\/natura-500x282.jpg 500w\" sizes=\"auto, (max-width: 765px) 100vw, 765px\" \/>                            <\/div>\r\n                        <\/div>\r\n                        \r\n                                        \r\n                        <div class=\"slider__slide swiper-slide\" data-title=\"Employees\" data-content=\"Employees are the most valuable assets of S\u00fcdzucker Polska. Their highest qualifications, experience and commitment keep building the success of our company\" data-link=\"http:\/\/suedzucker.pl\/en\/sustainability\/employees\/\" data-button=\"Read more\">\r\n                            <div class=\"slider__img-wraper\">\r\n                                <img loading=\"lazy\" decoding=\"async\" width=\"1024\" height=\"370\" src=\"https:\/\/www.suedzucker.pl\/wp-content\/uploads\/2020\/05\/02018389275510b9bd0c0fa4.jpg\" class=\"slider__img\" alt=\"\" srcset=\"https:\/\/www.suedzucker.pl\/wp-content\/uploads\/2020\/05\/02018389275510b9bd0c0fa4.jpg 1024w, https:\/\/www.suedzucker.pl\/wp-content\/uploads\/2020\/05\/02018389275510b9bd0c0fa4-300x108.jpg 300w, https:\/\/www.suedzucker.pl\/wp-content\/uploads\/2020\/05\/02018389275510b9bd0c0fa4-768x278.jpg 768w, https:\/\/www.suedzucker.pl\/wp-content\/uploads\/2020\/05\/02018389275510b9bd0c0fa4-500x181.jpg 500w\" sizes=\"auto, (max-width: 1024px) 100vw, 1024px\" \/>                            <\/div>\r\n                        <\/div>\r\n                        \r\n                                        \r\n                        <div class=\"slider__slide swiper-slide\" data-title=\"Business\" data-content=\"The highest standards of business ethics are a priority in every aspect of our operations\" data-link=\"http:\/\/suedzucker.pl\/en\/sustainability\/business\/\" data-button=\"Read more\">\r\n                            <div class=\"slider__img-wraper\">\r\n                                <img loading=\"lazy\" decoding=\"async\" width=\"1024\" height=\"370\" src=\"https:\/\/www.suedzucker.pl\/wp-content\/uploads\/2020\/05\/02013498227510b9ba6d325d.jpg\" class=\"slider__img\" alt=\"\" srcset=\"https:\/\/www.suedzucker.pl\/wp-content\/uploads\/2020\/05\/02013498227510b9ba6d325d.jpg 1024w, https:\/\/www.suedzucker.pl\/wp-content\/uploads\/2020\/05\/02013498227510b9ba6d325d-300x108.jpg 300w, https:\/\/www.suedzucker.pl\/wp-content\/uploads\/2020\/05\/02013498227510b9ba6d325d-768x278.jpg 768w, https:\/\/www.suedzucker.pl\/wp-content\/uploads\/2020\/05\/02013498227510b9ba6d325d-500x181.jpg 500w\" sizes=\"auto, (max-width: 1024px) 100vw, 1024px\" \/>                            <\/div>\r\n                        <\/div>\r\n                        \r\n                                                <\/div>\r\n        <\/div>\r\n    <\/div>\r\n<\/section>\n\n<section  class=\"benefits corporate bg\">\r\n    <div class=\"section-content\">\r\n            <h3 class=\"section-content__subtitle font-18 corporate\">About us <\/h3>\r\n        \r\n            <h2 class=\"section-content__title font-36\">We are an international company with years of experience in the industry.<\/h2>\r\n      \r\n     \r\n<\/div>    <ul class=\"benefits__list\">\r\n                        \r\n            <li class=\"benefit margin-100\">\r\n                <img loading=\"lazy\" decoding=\"async\" width=\"1\" height=\"1\" src=\"https:\/\/www.suedzucker.pl\/wp-content\/uploads\/2020\/05\/zaklady_produkcyjne.svg\" class=\"benefit__img\" alt=\"\" \/> \r\n                <div class=\"benefit__col\">\r\n                    <h3 class=\"benefit__title font-32 corporate\">4 sugar<\/h3>\r\n                                            <h3 class=\"benefit__subtitle corporate\"> plants<\/h3>\r\n                        \r\n                    <p class=\"benefit__text font-32\">in Poland<\/p>\r\n                <\/div>\r\n            <\/li>\r\n            \r\n                \r\n            <li class=\"benefit margin-100\">\r\n                <img loading=\"lazy\" decoding=\"async\" width=\"1\" height=\"1\" src=\"https:\/\/www.suedzucker.pl\/wp-content\/uploads\/2020\/05\/Cukier_krolewski.svg\" class=\"benefit__img\" alt=\"\" \/> \r\n                <div class=\"benefit__col\">\r\n                    <h3 class=\"benefit__title font-32 corporate\">20 years <\/h3>\r\n                        \r\n                    <p class=\"benefit__text font-32\">of the Cukier Kr\u00f3lewski brand<\/p>\r\n                <\/div>\r\n            <\/li>\r\n            \r\n                \r\n            <li class=\"benefit margin-100\">\r\n                <img loading=\"lazy\" decoding=\"async\" width=\"1\" height=\"1\" src=\"https:\/\/www.suedzucker.pl\/wp-content\/uploads\/2020\/05\/pracownicy.svg\" class=\"benefit__img\" alt=\"\" \/> \r\n                <div class=\"benefit__col\">\r\n                    <h3 class=\"benefit__title font-32 corporate\">580<\/h3>\r\n                        \r\n                    <p class=\"benefit__text font-32\">employees<\/p>\r\n                <\/div>\r\n            <\/li>\r\n            \r\n                \r\n            <li class=\"benefit margin-100\">\r\n                <img loading=\"lazy\" decoding=\"async\" width=\"1\" height=\"1\" src=\"https:\/\/www.suedzucker.pl\/wp-content\/uploads\/2020\/05\/plantatorzy.svg\" class=\"benefit__img\" alt=\"\" \/> \r\n                <div class=\"benefit__col\">\r\n                    <h3 class=\"benefit__title font-32 corporate\">ca. 4,000<\/h3>\r\n                        \r\n                    <p class=\"benefit__text font-32\">cooperating<br>growers<\/p>\r\n                <\/div>\r\n            <\/li>\r\n            \r\n                    <\/ul>\r\n    <\/section>\n\n<section  class=\"galerry-buttons corporate \">\r\n    <div class=\"section-content\">\r\n            <h3 class=\"section-content__subtitle font-18 corporate\">Career<\/h3>\r\n        \r\n            <h2 class=\"section-content__title font-36\">Work with us<\/h2>\r\n      \r\n            <p class=\"section-content__text\">Gain professional experience in international concern. Check current job offers and benefits offered to our employees. Join our team.<\/p>\r\n     \r\n<\/div>    <div class=\"gallery margin-60\">\r\n        <div class=\"gallery__col\">\r\n            <div class=\"gallery__img-wrapper full\">\r\n                <img loading=\"lazy\" decoding=\"async\" width=\"937\" height=\"877\" src=\"https:\/\/www.suedzucker.pl\/wp-content\/uploads\/2020\/05\/kariera_2.jpg\" class=\"gallery__img\" alt=\"\" srcset=\"https:\/\/www.suedzucker.pl\/wp-content\/uploads\/2020\/05\/kariera_2.jpg 937w, https:\/\/www.suedzucker.pl\/wp-content\/uploads\/2020\/05\/kariera_2-300x281.jpg 300w, https:\/\/www.suedzucker.pl\/wp-content\/uploads\/2020\/05\/kariera_2-768x719.jpg 768w, https:\/\/www.suedzucker.pl\/wp-content\/uploads\/2020\/05\/kariera_2-500x468.jpg 500w\" sizes=\"auto, (max-width: 937px) 100vw, 937px\" \/> \r\n            <\/div>\r\n        <\/div>\r\n        <div class=\"gallery__col\">\r\n            <div class=\"gallery__img-wrapper\">\r\n                <img loading=\"lazy\" decoding=\"async\" width=\"937\" height=\"625\" src=\"https:\/\/www.suedzucker.pl\/wp-content\/uploads\/2020\/07\/AdobeStock_280996343-scaled-e1596118145409.jpeg\" class=\"gallery__img\" alt=\"\" \/> \r\n            <\/div>\r\n            <div class=\"gallery__img-wrapper margin-30\">\r\n                <img loading=\"lazy\" decoding=\"async\" width=\"937\" height=\"424\" src=\"https:\/\/www.suedzucker.pl\/wp-content\/uploads\/2020\/05\/kariera.jpg\" class=\"gallery__img\" alt=\"\" srcset=\"https:\/\/www.suedzucker.pl\/wp-content\/uploads\/2020\/05\/kariera.jpg 937w, https:\/\/www.suedzucker.pl\/wp-content\/uploads\/2020\/05\/kariera-300x136.jpg 300w, https:\/\/www.suedzucker.pl\/wp-content\/uploads\/2020\/05\/kariera-768x348.jpg 768w, https:\/\/www.suedzucker.pl\/wp-content\/uploads\/2020\/05\/kariera-500x226.jpg 500w\" sizes=\"auto, (max-width: 937px) 100vw, 937px\" \/> \r\n            <\/div>\r\n        <\/div>\r\n    <\/div>\r\n    <div class=\"gallery__buttons\">\r\n        <a class=\"gallery__link margin-60 btn btn--full corporate\"  href=\"http:\/\/suedzucker.pl\/en\/career\/job-and-internship-opportunities\/?type=Praca&#038;dept=&#038;loc=&#038;\">See the latest job offers<\/a>\r\n        <a class=\"gallery__link margin-60 btn btn--empty corporate\"  href=\"http:\/\/suedzucker.pl\/en\/career\/\">See more<\/a>\r\n    <\/div>\r\n<\/section>","protected":false},"excerpt":{"rendered":"","protected":false},"author":3,"featured_media":8539,"parent":0,"menu_order":2,"comment_status":"closed","ping_status":"closed","template":"template-full.php","meta":{"_acf_changed":false,"inline_featured_image":false,"footnotes":"","_wp_rev_ctl_limit":""},"class_list":["post-12721","page","type-page","status-publish","has-post-thumbnail","hentry"],"acf":[],"yoast_head":"<!-- This site is optimized with the Yoast SEO plugin v27.4 - https:\/\/yoast.com\/product\/yoast-seo-wordpress\/ -->\n<title>Home page - S\u00fcdzucker Polska<\/title>\n<meta name=\"robots\" content=\"index, follow, max-snippet:-1, max-image-preview:large, max-video-preview:-1\" \/>\n<link rel=\"canonical\" href=\"https:\/\/www.suedzucker.pl\/en\/\" \/>\n<meta property=\"og:locale\" content=\"en_US\" \/>\n<meta property=\"og:type\" content=\"article\" \/>\n<meta property=\"og:title\" content=\"Home page - S\u00fcdzucker Polska\" \/>\n<meta property=\"og:url\" content=\"https:\/\/www.suedzucker.pl\/en\/\" \/>\n<meta property=\"og:site_name\" content=\"S\u00fcdzucker Polska\" \/>\n<meta property=\"article:modified_time\" content=\"2020-10-19T08:39:08+00:00\" \/>\n<meta property=\"og:image\" content=\"https:\/\/www.suedzucker.pl\/wp-content\/uploads\/2020\/05\/header.jpg\" \/>\n\t<meta property=\"og:image:width\" content=\"1904\" \/>\n\t<meta property=\"og:image:height\" content=\"563\" \/>\n\t<meta property=\"og:image:type\" content=\"image\/jpeg\" \/>\n<meta name=\"twitter:card\" content=\"summary_large_image\" \/>\n<script type=\"application\/ld+json\" class=\"yoast-schema-graph\">{\"@context\":\"https:\\\/\\\/schema.org\",\"@graph\":[{\"@type\":\"WebPage\",\"@id\":\"https:\\\/\\\/www.suedzucker.pl\\\/en\\\/\",\"url\":\"https:\\\/\\\/www.suedzucker.pl\\\/en\\\/\",\"name\":\"Home page - S\u00fcdzucker Polska\",\"isPartOf\":{\"@id\":\"https:\\\/\\\/www.suedzucker.pl\\\/en\\\/#website\"},\"primaryImageOfPage\":{\"@id\":\"https:\\\/\\\/www.suedzucker.pl\\\/en\\\/#primaryimage\"},\"image\":{\"@id\":\"https:\\\/\\\/www.suedzucker.pl\\\/en\\\/#primaryimage\"},\"thumbnailUrl\":\"https:\\\/\\\/www.suedzucker.pl\\\/wp-content\\\/uploads\\\/2020\\\/05\\\/header.jpg\",\"datePublished\":\"2020-09-07T13:04:31+00:00\",\"dateModified\":\"2020-10-19T08:39:08+00:00\",\"breadcrumb\":{\"@id\":\"https:\\\/\\\/www.suedzucker.pl\\\/en\\\/#breadcrumb\"},\"inLanguage\":\"en-US\",\"potentialAction\":[{\"@type\":\"ReadAction\",\"target\":[\"https:\\\/\\\/www.suedzucker.pl\\\/en\\\/\"]}]},{\"@type\":\"ImageObject\",\"inLanguage\":\"en-US\",\"@id\":\"https:\\\/\\\/www.suedzucker.pl\\\/en\\\/#primaryimage\",\"url\":\"https:\\\/\\\/www.suedzucker.pl\\\/wp-content\\\/uploads\\\/2020\\\/05\\\/header.jpg\",\"contentUrl\":\"https:\\\/\\\/www.suedzucker.pl\\\/wp-content\\\/uploads\\\/2020\\\/05\\\/header.jpg\",\"width\":1904,\"height\":563},{\"@type\":\"BreadcrumbList\",\"@id\":\"https:\\\/\\\/www.suedzucker.pl\\\/en\\\/#breadcrumb\",\"itemListElement\":[{\"@type\":\"ListItem\",\"position\":1,\"name\":\"Home\",\"item\":\"https:\\\/\\\/www.suedzucker.pl\\\/en\\\/\"},{\"@type\":\"ListItem\",\"position\":2,\"name\":\"Home page\"}]},{\"@type\":\"WebSite\",\"@id\":\"https:\\\/\\\/www.suedzucker.pl\\\/en\\\/#website\",\"url\":\"https:\\\/\\\/www.suedzucker.pl\\\/en\\\/\",\"name\":\"S\u00fcdzucker Polska\",\"description\":\"Jeste\u015bmy wiod\u0105cym producentem cukru w Polsce\",\"potentialAction\":[{\"@type\":\"SearchAction\",\"target\":{\"@type\":\"EntryPoint\",\"urlTemplate\":\"https:\\\/\\\/www.suedzucker.pl\\\/en\\\/?s={search_term_string}\"},\"query-input\":{\"@type\":\"PropertyValueSpecification\",\"valueRequired\":true,\"valueName\":\"search_term_string\"}}],\"inLanguage\":\"en-US\"}]}<\/script>\n<!-- \/ Yoast SEO plugin. -->","yoast_head_json":{"title":"Home page - S\u00fcdzucker Polska","robots":{"index":"index","follow":"follow","max-snippet":"max-snippet:-1","max-image-preview":"max-image-preview:large","max-video-preview":"max-video-preview:-1"},"canonical":"https:\/\/www.suedzucker.pl\/en\/","og_locale":"en_US","og_type":"article","og_title":"Home page - S\u00fcdzucker Polska","og_url":"https:\/\/www.suedzucker.pl\/en\/","og_site_name":"S\u00fcdzucker Polska","article_modified_time":"2020-10-19T08:39:08+00:00","og_image":[{"width":1904,"height":563,"url":"https:\/\/www.suedzucker.pl\/wp-content\/uploads\/2020\/05\/header.jpg","type":"image\/jpeg"}],"twitter_card":"summary_large_image","schema":{"@context":"https:\/\/schema.org","@graph":[{"@type":"WebPage","@id":"https:\/\/www.suedzucker.pl\/en\/","url":"https:\/\/www.suedzucker.pl\/en\/","name":"Home page - S\u00fcdzucker Polska","isPartOf":{"@id":"https:\/\/www.suedzucker.pl\/en\/#website"},"primaryImageOfPage":{"@id":"https:\/\/www.suedzucker.pl\/en\/#primaryimage"},"image":{"@id":"https:\/\/www.suedzucker.pl\/en\/#primaryimage"},"thumbnailUrl":"https:\/\/www.suedzucker.pl\/wp-content\/uploads\/2020\/05\/header.jpg","datePublished":"2020-09-07T13:04:31+00:00","dateModified":"2020-10-19T08:39:08+00:00","breadcrumb":{"@id":"https:\/\/www.suedzucker.pl\/en\/#breadcrumb"},"inLanguage":"en-US","potentialAction":[{"@type":"ReadAction","target":["https:\/\/www.suedzucker.pl\/en\/"]}]},{"@type":"ImageObject","inLanguage":"en-US","@id":"https:\/\/www.suedzucker.pl\/en\/#primaryimage","url":"https:\/\/www.suedzucker.pl\/wp-content\/uploads\/2020\/05\/header.jpg","contentUrl":"https:\/\/www.suedzucker.pl\/wp-content\/uploads\/2020\/05\/header.jpg","width":1904,"height":563},{"@type":"BreadcrumbList","@id":"https:\/\/www.suedzucker.pl\/en\/#breadcrumb","itemListElement":[{"@type":"ListItem","position":1,"name":"Home","item":"https:\/\/www.suedzucker.pl\/en\/"},{"@type":"ListItem","position":2,"name":"Home page"}]},{"@type":"WebSite","@id":"https:\/\/www.suedzucker.pl\/en\/#website","url":"https:\/\/www.suedzucker.pl\/en\/","name":"S\u00fcdzucker Polska","description":"Jeste\u015bmy wiod\u0105cym producentem cukru w Polsce","potentialAction":[{"@type":"SearchAction","target":{"@type":"EntryPoint","urlTemplate":"https:\/\/www.suedzucker.pl\/en\/?s={search_term_string}"},"query-input":{"@type":"PropertyValueSpecification","valueRequired":true,"valueName":"search_term_string"}}],"inLanguage":"en-US"}]}},"_links":{"self":[{"href":"https:\/\/www.suedzucker.pl\/en\/wp-json\/wp\/v2\/pages\/12721","targetHints":{"allow":["GET"]}}],"collection":[{"href":"https:\/\/www.suedzucker.pl\/en\/wp-json\/wp\/v2\/pages"}],"about":[{"href":"https:\/\/www.suedzucker.pl\/en\/wp-json\/wp\/v2\/types\/page"}],"author":[{"embeddable":true,"href":"https:\/\/www.suedzucker.pl\/en\/wp-json\/wp\/v2\/users\/3"}],"replies":[{"embeddable":true,"href":"https:\/\/www.suedzucker.pl\/en\/wp-json\/wp\/v2\/comments?post=12721"}],"version-history":[{"count":0,"href":"https:\/\/www.suedzucker.pl\/en\/wp-json\/wp\/v2\/pages\/12721\/revisions"}],"wp:featuredmedia":[{"embeddable":true,"href":"https:\/\/www.suedzucker.pl\/en\/wp-json\/wp\/v2\/media\/8539"}],"wp:attachment":[{"href":"https:\/\/www.suedzucker.pl\/en\/wp-json\/wp\/v2\/media?parent=12721"}],"curies":[{"name":"wp","href":"https:\/\/api.w.org\/{rel}","templated":true}]}}