{"id":12744,"date":"2020-09-02T15:26:15","date_gmt":"2020-09-02T13:26:15","guid":{"rendered":"http:\/\/suedzucker.pl\/?page_id=12744"},"modified":"2020-09-07T15:14:01","modified_gmt":"2020-09-07T13:14:01","slug":"mission","status":"publish","type":"page","link":"https:\/\/www.suedzucker.pl\/en\/about-us\/mission\/","title":{"rendered":"Mission"},"content":{"rendered":"\n<p><strong>We sow, produce and sell with passion<\/strong><\/p>\n\n\n\n<figure class=\"wp-block-embed-youtube wp-block-embed is-type-video is-provider-youtube wp-embed-aspect-16-9 wp-has-aspect-ratio\"><div class=\"wp-block-embed__wrapper\">\n<div class=\"movie\" id=\"movie_sXbY-hfqYdA\"><div id=\"holder_sXbY-hfqYdA\" class=\"yt-holder\"><a style=\"cursor: pointer;position: relative;display: inline-block; width: 100%;\" class=\"yt-holder__play\" onclick=\"return checkAccess('youtube', 'sXbY-hfqYdA')\"><img decoding=\"async\" class=\"img-fluid\" src=\"https:\/\/www.suedzucker.pl\/wp-content\/themes\/suedzucker\/assets\/img\/yt\/sXbY-hfqYdA.jpg\" onerror=\"handleNotExistImage(this, 'sXbY-hfqYdA')\" style=\"max-width: 100%;height: auto; width: 100%;\"><div class=\"video-button play\"><\/div><\/a><\/div><\/div>\n<\/div><\/figure>\n\n\n\n<p>Our goal is to produce high-quality sugar based on the highest competence and trust of our employees and growers. We care for long-lasting relationships with our customers. We act in harmony with the environment.<\/p>\n","protected":false},"excerpt":{"rendered":"<p>We sow, produce and sell with passion Our goal is to produce high-quality sugar based on the highest competence and trust of our employees and growers. We care for long-lasting&#8230;<\/p>\n","protected":false},"author":3,"featured_media":0,"parent":12742,"menu_order":0,"comment_status":"closed","ping_status":"closed","template":"","meta":{"_acf_changed":false,"inline_featured_image":false,"footnotes":"","_wp_rev_ctl_limit":""},"class_list":["post-12744","page","type-page","status-publish","hentry"],"acf":[],"yoast_head":"<!-- This site is optimized with the Yoast SEO plugin v27.4 - https:\/\/yoast.com\/product\/yoast-seo-wordpress\/ -->\n<title>Mission - S\u00fcdzucker Polska<\/title>\n<meta name=\"robots\" content=\"index, follow, max-snippet:-1, max-image-preview:large, max-video-preview:-1\" \/>\n<link rel=\"canonical\" href=\"https:\/\/www.suedzucker.pl\/en\/about-us\/mission\/\" \/>\n<meta property=\"og:locale\" content=\"en_US\" \/>\n<meta property=\"og:type\" content=\"article\" \/>\n<meta property=\"og:title\" content=\"Mission - S\u00fcdzucker Polska\" \/>\n<meta property=\"og:description\" content=\"We sow, produce and sell with passion Our goal is to produce high-quality sugar based on the highest competence and trust of our employees and growers. We care for long-lasting...\" \/>\n<meta property=\"og:url\" content=\"https:\/\/www.suedzucker.pl\/en\/about-us\/mission\/\" \/>\n<meta property=\"og:site_name\" content=\"S\u00fcdzucker Polska\" \/>\n<meta property=\"article:modified_time\" content=\"2020-09-07T13:14:01+00:00\" \/>\n<meta name=\"twitter:card\" content=\"summary_large_image\" \/>\n<script type=\"application\/ld+json\" class=\"yoast-schema-graph\">{\"@context\":\"https:\\\/\\\/schema.org\",\"@graph\":[{\"@type\":\"WebPage\",\"@id\":\"https:\\\/\\\/www.suedzucker.pl\\\/en\\\/about-us\\\/mission\\\/\",\"url\":\"https:\\\/\\\/www.suedzucker.pl\\\/en\\\/about-us\\\/mission\\\/\",\"name\":\"Mission - S\u00fcdzucker Polska\",\"isPartOf\":{\"@id\":\"https:\\\/\\\/www.suedzucker.pl\\\/en\\\/#website\"},\"datePublished\":\"2020-09-02T13:26:15+00:00\",\"dateModified\":\"2020-09-07T13:14:01+00:00\",\"breadcrumb\":{\"@id\":\"https:\\\/\\\/www.suedzucker.pl\\\/en\\\/about-us\\\/mission\\\/#breadcrumb\"},\"inLanguage\":\"en-US\",\"potentialAction\":[{\"@type\":\"ReadAction\",\"target\":[\"https:\\\/\\\/www.suedzucker.pl\\\/en\\\/about-us\\\/mission\\\/\"]}]},{\"@type\":\"BreadcrumbList\",\"@id\":\"https:\\\/\\\/www.suedzucker.pl\\\/en\\\/about-us\\\/mission\\\/#breadcrumb\",\"itemListElement\":[{\"@type\":\"ListItem\",\"position\":1,\"name\":\"Home\",\"item\":\"https:\\\/\\\/www.suedzucker.pl\\\/en\\\/\"},{\"@type\":\"ListItem\",\"position\":2,\"name\":\"About us\",\"item\":\"https:\\\/\\\/www.suedzucker.pl\\\/en\\\/about-us\\\/\"},{\"@type\":\"ListItem\",\"position\":3,\"name\":\"Mission\"}]},{\"@type\":\"WebSite\",\"@id\":\"https:\\\/\\\/www.suedzucker.pl\\\/en\\\/#website\",\"url\":\"https:\\\/\\\/www.suedzucker.pl\\\/en\\\/\",\"name\":\"S\u00fcdzucker Polska\",\"description\":\"Jeste\u015bmy wiod\u0105cym producentem cukru w Polsce\",\"potentialAction\":[{\"@type\":\"SearchAction\",\"target\":{\"@type\":\"EntryPoint\",\"urlTemplate\":\"https:\\\/\\\/www.suedzucker.pl\\\/en\\\/?s={search_term_string}\"},\"query-input\":{\"@type\":\"PropertyValueSpecification\",\"valueRequired\":true,\"valueName\":\"search_term_string\"}}],\"inLanguage\":\"en-US\"}]}<\/script>\n<!-- \/ Yoast SEO plugin. -->","yoast_head_json":{"title":"Mission - S\u00fcdzucker Polska","robots":{"index":"index","follow":"follow","max-snippet":"max-snippet:-1","max-image-preview":"max-image-preview:large","max-video-preview":"max-video-preview:-1"},"canonical":"https:\/\/www.suedzucker.pl\/en\/about-us\/mission\/","og_locale":"en_US","og_type":"article","og_title":"Mission - S\u00fcdzucker Polska","og_description":"We sow, produce and sell with passion Our goal is to produce high-quality sugar based on the highest competence and trust of our employees and growers. We care for long-lasting...","og_url":"https:\/\/www.suedzucker.pl\/en\/about-us\/mission\/","og_site_name":"S\u00fcdzucker Polska","article_modified_time":"2020-09-07T13:14:01+00:00","twitter_card":"summary_large_image","schema":{"@context":"https:\/\/schema.org","@graph":[{"@type":"WebPage","@id":"https:\/\/www.suedzucker.pl\/en\/about-us\/mission\/","url":"https:\/\/www.suedzucker.pl\/en\/about-us\/mission\/","name":"Mission - S\u00fcdzucker Polska","isPartOf":{"@id":"https:\/\/www.suedzucker.pl\/en\/#website"},"datePublished":"2020-09-02T13:26:15+00:00","dateModified":"2020-09-07T13:14:01+00:00","breadcrumb":{"@id":"https:\/\/www.suedzucker.pl\/en\/about-us\/mission\/#breadcrumb"},"inLanguage":"en-US","potentialAction":[{"@type":"ReadAction","target":["https:\/\/www.suedzucker.pl\/en\/about-us\/mission\/"]}]},{"@type":"BreadcrumbList","@id":"https:\/\/www.suedzucker.pl\/en\/about-us\/mission\/#breadcrumb","itemListElement":[{"@type":"ListItem","position":1,"name":"Home","item":"https:\/\/www.suedzucker.pl\/en\/"},{"@type":"ListItem","position":2,"name":"About us","item":"https:\/\/www.suedzucker.pl\/en\/about-us\/"},{"@type":"ListItem","position":3,"name":"Mission"}]},{"@type":"WebSite","@id":"https:\/\/www.suedzucker.pl\/en\/#website","url":"https:\/\/www.suedzucker.pl\/en\/","name":"S\u00fcdzucker Polska","description":"Jeste\u015bmy wiod\u0105cym producentem cukru w Polsce","potentialAction":[{"@type":"SearchAction","target":{"@type":"EntryPoint","urlTemplate":"https:\/\/www.suedzucker.pl\/en\/?s={search_term_string}"},"query-input":{"@type":"PropertyValueSpecification","valueRequired":true,"valueName":"search_term_string"}}],"inLanguage":"en-US"}]}},"_links":{"self":[{"href":"https:\/\/www.suedzucker.pl\/en\/wp-json\/wp\/v2\/pages\/12744","targetHints":{"allow":["GET"]}}],"collection":[{"href":"https:\/\/www.suedzucker.pl\/en\/wp-json\/wp\/v2\/pages"}],"about":[{"href":"https:\/\/www.suedzucker.pl\/en\/wp-json\/wp\/v2\/types\/page"}],"author":[{"embeddable":true,"href":"https:\/\/www.suedzucker.pl\/en\/wp-json\/wp\/v2\/users\/3"}],"replies":[{"embeddable":true,"href":"https:\/\/www.suedzucker.pl\/en\/wp-json\/wp\/v2\/comments?post=12744"}],"version-history":[{"count":0,"href":"https:\/\/www.suedzucker.pl\/en\/wp-json\/wp\/v2\/pages\/12744\/revisions"}],"up":[{"embeddable":true,"href":"https:\/\/www.suedzucker.pl\/en\/wp-json\/wp\/v2\/pages\/12742"}],"wp:attachment":[{"href":"https:\/\/www.suedzucker.pl\/en\/wp-json\/wp\/v2\/media?parent=12744"}],"curies":[{"name":"wp","href":"https:\/\/api.w.org\/{rel}","templated":true}]}}