{"id":12746,"date":"2020-09-02T15:30:14","date_gmt":"2020-09-02T13:30:14","guid":{"rendered":"http:\/\/suedzucker.pl\/?page_id=12746"},"modified":"2023-10-24T15:42:56","modified_gmt":"2023-10-24T13:42:56","slug":"company","status":"publish","type":"page","link":"https:\/\/www.suedzucker.pl\/en\/about-us\/company\/","title":{"rendered":"Company"},"content":{"rendered":"\n<p>S\u00fcdzucker Polska S.A. is a member of the European S\u00fcdzucker Group, the largest sugar producer in Europe. As a member of a multinational corporation, we draw upon the many years of our experience gained in Poland and that of our sister companies in international markets. This enables us to respond quickly and accommodate rapidly changing market trends and customer needs.<\/p>\n\n\n\n<p>In the last few years, we have consolidated 22 sugar factories, which made it possible for us to modernise the business. At present, S\u00fcdzucker Polska S.A. produces sugar at four sugar factories: Cerekiew, Ropczyce, Strzelin and \u015awidnica.<\/p>\n\n\n\n<p>White sugar, sold under the well-known Cukier Kr\u00f3lewski brand which has been appreciated by Polish consumers for&nbsp;20 years now, is the Company\u2019s flagship product.<\/p>\n\n\n\n<p>S\u00fcdzucker Polska S.A. operations focus on three overarching goals: corporate social responsibility; innovation and growth in all business areas; and achieving and maintaining the highest level of customer confidence.<\/p>\n\n\n\n<p>\u201cWe sow, produce and sell with passion\u201d is our mission, which is in line with our priorities. We pursue this mission based on the highest competence and reliability of our staff and growers, lasting client relationships, and acting in harmony with the environment. <\/p>\n\n\n\n<div class=\"wp-block-file\"><a id=\"wp-block-file--media-d4219630-550c-4eed-8804-722704205bc8\" href=\"https:\/\/www.suedzucker.pl\/wp-content\/uploads\/2023\/10\/Profil-firmy_2023_24_EN.pdf\">Company profile_2023_24<\/a><a href=\"https:\/\/www.suedzucker.pl\/wp-content\/uploads\/2023\/10\/Profil-firmy_2023_24_EN.pdf\" class=\"wp-block-file__button wp-element-button\" download aria-describedby=\"wp-block-file--media-d4219630-550c-4eed-8804-722704205bc8\">Download<\/a><\/div>\n","protected":false},"excerpt":{"rendered":"<p>S\u00fcdzucker Polska S.A. is a member of the European S\u00fcdzucker Group, the largest sugar producer in Europe. As a member of a multinational corporation, we draw upon the many years&#8230;<\/p>\n","protected":false},"author":3,"featured_media":0,"parent":12742,"menu_order":1,"comment_status":"closed","ping_status":"closed","template":"","meta":{"_acf_changed":false,"inline_featured_image":false,"footnotes":"","_wp_rev_ctl_limit":""},"class_list":["post-12746","page","type-page","status-publish","hentry"],"acf":[],"yoast_head":"<!-- This site is optimized with the Yoast SEO plugin v27.4 - https:\/\/yoast.com\/product\/yoast-seo-wordpress\/ -->\n<title>Company - S\u00fcdzucker Polska<\/title>\n<meta name=\"robots\" content=\"index, follow, max-snippet:-1, max-image-preview:large, max-video-preview:-1\" \/>\n<link rel=\"canonical\" href=\"https:\/\/www.suedzucker.pl\/en\/about-us\/company\/\" \/>\n<meta property=\"og:locale\" content=\"en_US\" \/>\n<meta property=\"og:type\" content=\"article\" \/>\n<meta property=\"og:title\" content=\"Company - S\u00fcdzucker Polska\" \/>\n<meta property=\"og:description\" content=\"S\u00fcdzucker Polska S.A. is a member of the European S\u00fcdzucker Group, the largest sugar producer in Europe. As a member of a multinational corporation, we draw upon the many years...\" \/>\n<meta property=\"og:url\" content=\"https:\/\/www.suedzucker.pl\/en\/about-us\/company\/\" \/>\n<meta property=\"og:site_name\" content=\"S\u00fcdzucker Polska\" \/>\n<meta property=\"article:modified_time\" content=\"2023-10-24T13:42:56+00:00\" \/>\n<meta name=\"twitter:card\" content=\"summary_large_image\" \/>\n<meta name=\"twitter:label1\" content=\"Est. reading time\" \/>\n\t<meta name=\"twitter:data1\" content=\"2 minutes\" \/>\n<script type=\"application\/ld+json\" class=\"yoast-schema-graph\">{\"@context\":\"https:\\\/\\\/schema.org\",\"@graph\":[{\"@type\":\"WebPage\",\"@id\":\"https:\\\/\\\/www.suedzucker.pl\\\/en\\\/about-us\\\/company\\\/\",\"url\":\"https:\\\/\\\/www.suedzucker.pl\\\/en\\\/about-us\\\/company\\\/\",\"name\":\"Company - S\u00fcdzucker Polska\",\"isPartOf\":{\"@id\":\"https:\\\/\\\/www.suedzucker.pl\\\/en\\\/#website\"},\"datePublished\":\"2020-09-02T13:30:14+00:00\",\"dateModified\":\"2023-10-24T13:42:56+00:00\",\"breadcrumb\":{\"@id\":\"https:\\\/\\\/www.suedzucker.pl\\\/en\\\/about-us\\\/company\\\/#breadcrumb\"},\"inLanguage\":\"en-US\",\"potentialAction\":[{\"@type\":\"ReadAction\",\"target\":[\"https:\\\/\\\/www.suedzucker.pl\\\/en\\\/about-us\\\/company\\\/\"]}]},{\"@type\":\"BreadcrumbList\",\"@id\":\"https:\\\/\\\/www.suedzucker.pl\\\/en\\\/about-us\\\/company\\\/#breadcrumb\",\"itemListElement\":[{\"@type\":\"ListItem\",\"position\":1,\"name\":\"Home\",\"item\":\"https:\\\/\\\/www.suedzucker.pl\\\/en\\\/\"},{\"@type\":\"ListItem\",\"position\":2,\"name\":\"About us\",\"item\":\"https:\\\/\\\/www.suedzucker.pl\\\/en\\\/about-us\\\/\"},{\"@type\":\"ListItem\",\"position\":3,\"name\":\"Company\"}]},{\"@type\":\"WebSite\",\"@id\":\"https:\\\/\\\/www.suedzucker.pl\\\/en\\\/#website\",\"url\":\"https:\\\/\\\/www.suedzucker.pl\\\/en\\\/\",\"name\":\"S\u00fcdzucker Polska\",\"description\":\"Jeste\u015bmy wiod\u0105cym producentem cukru w Polsce\",\"potentialAction\":[{\"@type\":\"SearchAction\",\"target\":{\"@type\":\"EntryPoint\",\"urlTemplate\":\"https:\\\/\\\/www.suedzucker.pl\\\/en\\\/?s={search_term_string}\"},\"query-input\":{\"@type\":\"PropertyValueSpecification\",\"valueRequired\":true,\"valueName\":\"search_term_string\"}}],\"inLanguage\":\"en-US\"}]}<\/script>\n<!-- \/ Yoast SEO plugin. -->","yoast_head_json":{"title":"Company - S\u00fcdzucker Polska","robots":{"index":"index","follow":"follow","max-snippet":"max-snippet:-1","max-image-preview":"max-image-preview:large","max-video-preview":"max-video-preview:-1"},"canonical":"https:\/\/www.suedzucker.pl\/en\/about-us\/company\/","og_locale":"en_US","og_type":"article","og_title":"Company - S\u00fcdzucker Polska","og_description":"S\u00fcdzucker Polska S.A. is a member of the European S\u00fcdzucker Group, the largest sugar producer in Europe. As a member of a multinational corporation, we draw upon the many years...","og_url":"https:\/\/www.suedzucker.pl\/en\/about-us\/company\/","og_site_name":"S\u00fcdzucker Polska","article_modified_time":"2023-10-24T13:42:56+00:00","twitter_card":"summary_large_image","twitter_misc":{"Est. reading time":"2 minutes"},"schema":{"@context":"https:\/\/schema.org","@graph":[{"@type":"WebPage","@id":"https:\/\/www.suedzucker.pl\/en\/about-us\/company\/","url":"https:\/\/www.suedzucker.pl\/en\/about-us\/company\/","name":"Company - S\u00fcdzucker Polska","isPartOf":{"@id":"https:\/\/www.suedzucker.pl\/en\/#website"},"datePublished":"2020-09-02T13:30:14+00:00","dateModified":"2023-10-24T13:42:56+00:00","breadcrumb":{"@id":"https:\/\/www.suedzucker.pl\/en\/about-us\/company\/#breadcrumb"},"inLanguage":"en-US","potentialAction":[{"@type":"ReadAction","target":["https:\/\/www.suedzucker.pl\/en\/about-us\/company\/"]}]},{"@type":"BreadcrumbList","@id":"https:\/\/www.suedzucker.pl\/en\/about-us\/company\/#breadcrumb","itemListElement":[{"@type":"ListItem","position":1,"name":"Home","item":"https:\/\/www.suedzucker.pl\/en\/"},{"@type":"ListItem","position":2,"name":"About us","item":"https:\/\/www.suedzucker.pl\/en\/about-us\/"},{"@type":"ListItem","position":3,"name":"Company"}]},{"@type":"WebSite","@id":"https:\/\/www.suedzucker.pl\/en\/#website","url":"https:\/\/www.suedzucker.pl\/en\/","name":"S\u00fcdzucker Polska","description":"Jeste\u015bmy wiod\u0105cym producentem cukru w Polsce","potentialAction":[{"@type":"SearchAction","target":{"@type":"EntryPoint","urlTemplate":"https:\/\/www.suedzucker.pl\/en\/?s={search_term_string}"},"query-input":{"@type":"PropertyValueSpecification","valueRequired":true,"valueName":"search_term_string"}}],"inLanguage":"en-US"}]}},"_links":{"self":[{"href":"https:\/\/www.suedzucker.pl\/en\/wp-json\/wp\/v2\/pages\/12746","targetHints":{"allow":["GET"]}}],"collection":[{"href":"https:\/\/www.suedzucker.pl\/en\/wp-json\/wp\/v2\/pages"}],"about":[{"href":"https:\/\/www.suedzucker.pl\/en\/wp-json\/wp\/v2\/types\/page"}],"author":[{"embeddable":true,"href":"https:\/\/www.suedzucker.pl\/en\/wp-json\/wp\/v2\/users\/3"}],"replies":[{"embeddable":true,"href":"https:\/\/www.suedzucker.pl\/en\/wp-json\/wp\/v2\/comments?post=12746"}],"version-history":[{"count":3,"href":"https:\/\/www.suedzucker.pl\/en\/wp-json\/wp\/v2\/pages\/12746\/revisions"}],"predecessor-version":[{"id":20812,"href":"https:\/\/www.suedzucker.pl\/en\/wp-json\/wp\/v2\/pages\/12746\/revisions\/20812"}],"up":[{"embeddable":true,"href":"https:\/\/www.suedzucker.pl\/en\/wp-json\/wp\/v2\/pages\/12742"}],"wp:attachment":[{"href":"https:\/\/www.suedzucker.pl\/en\/wp-json\/wp\/v2\/media?parent=12746"}],"curies":[{"name":"wp","href":"https:\/\/api.w.org\/{rel}","templated":true}]}}