{"id":12762,"date":"2020-09-02T16:01:19","date_gmt":"2020-09-02T14:01:19","guid":{"rendered":"http:\/\/suedzucker.pl\/?page_id=12762"},"modified":"2020-09-07T15:14:24","modified_gmt":"2020-09-07T13:14:24","slug":"awards","status":"publish","type":"page","link":"https:\/\/www.suedzucker.pl\/en\/about-us\/awards\/","title":{"rendered":"Awards"},"content":{"rendered":"\n<p>The Cukier Kr\u00f3lewski brand has long been trusted and popular among consumers. Its high quality has been recognised with awards and prizes from both customers and experts. This is the most valuable recommendation of our products and a source of great satisfaction, which gives us the motivation to keep on working!<\/p>\n\n\n\n<h4 class=\"wp-block-heading\">Przeb\u00f3j FMCG 2017<\/h4>\n\n\n\n<div class=\"wp-block-image\"><figure class=\"aligncenter size-large\"><img loading=\"lazy\" decoding=\"async\" width=\"104\" height=\"100\" src=\"http:\/\/suedzucker.pl\/wp-content\/uploads\/2020\/07\/przebojowy-produkt-2017-m-1-4.png\" alt=\"\" class=\"wp-image-2165\"\/><\/figure><\/div>\n\n\n\n<p>Again Cukier Kr\u00f3lewski&#8217;s product was recognized not only by a jury composed of FMCG experts but also by representatives of the wholesale and retail market in Poland. Nearly 500 products were submitted in 51 categories in a &#8220;FMCG Hits&#8221; contest organized by a magazine &#8220;\u017bycie Handlowe&#8221;. In&nbsp;2017&nbsp;Cukier Kr\u00f3lewski&#8217;s fine sugar&nbsp;received the &#8220;Hit Product&#8221; statuette in the &#8220;Cake Additives&#8221; category.<\/p>\n\n\n\n<p>The title of &#8220;FMCG Hit&#8221; is another prestigious award for a product from the S\u00fcdzucker Polska portfolio in a nationwide trade competition.&nbsp;<\/p>\n\n\n\n<h4 class=\"wp-block-heading\">Created in Poland Superbrands 2014\/15<\/h4>\n\n\n\n<div class=\"wp-block-image\"><figure class=\"aligncenter size-large\"><img loading=\"lazy\" decoding=\"async\" width=\"96\" height=\"135\" src=\"http:\/\/suedzucker.pl\/wp-content\/uploads\/2020\/07\/superbrands-dyplom.jpg\" alt=\"\" class=\"wp-image-2114\"\/><\/figure><\/div>\n\n\n\n<p>The &#8220;Created in Poland Superbrands 2014\/15&#8221; title in &#8220;Food and cooking&#8221; category is a consecutive important success, which confirms Cukier kr\u00f3lewski brand position on the Polish market. The award is granted basing on an independent study conducted on a sample of more than 15 000 respondents. Which means it is a most comprehensive consumer program in Poland.<\/p>\n\n\n\n<p>Before the survey, experts and journalists monitor the market, create a database of the most important brands and divide them into categories and subcategories, among which the respondents can make a choice.&nbsp;The title is awarded to leaders in over 80 countries &#8211; the strongest consumer brands. The study is conducted by the ARC Rynek i Opinia, brands identified by the respondents are assessed by a special committee composed of experts in the field of marketing, advertising, PR and branding.<\/p>\n\n\n\n<h4 class=\"wp-block-heading\">Consumer\u2019s Laurel &#8211; Leader of the Decade (2004-2014)<\/h4>\n\n\n\n<div class=\"wp-block-image\"><figure class=\"aligncenter size-large\"><img loading=\"lazy\" decoding=\"async\" width=\"100\" height=\"95\" src=\"http:\/\/suedzucker.pl\/wp-content\/uploads\/2020\/07\/lider-dekady.jpg\" alt=\"\" class=\"wp-image-2115\"\/><\/figure><\/div>\n\n\n\n<p>Four-time winner of the Golden Consumer&#8217;s Laurel Cukier Kr\u00f3lewski brand received the exclusive title: Consumer&#8217;s Laurel &#8211; Leader of the Decade (2004-2014). It is a special, jubilee award developed to celebrate the 10th anniversary of the competition. It is designated for brands which achieved highest results in previous editions of Golden Consumer&#8217;s Laurel contest. Polish consumers have many times recognised the Cukier Kr\u00f3lewski brand as the most trusted in its category in 2010, 2012, 2013, 2015, 2016 and 2017. It is thanks to them that Cukier Kr\u00f3lewski receives the highest number of votes in a nationwide survey of products, brands and services. The survey is organised by Kowalski Pro-Media, the publisher of Rzecz o Biznesie, a special edition supplement to the Polish daily newspaper Gazeta Prawna. It is the most important consumer preference polling programme in Poland.<\/p>\n\n\n\n<h4 class=\"wp-block-heading\">Golden Receipt 2013<\/h4>\n\n\n\n<div class=\"wp-block-image\"><figure class=\"aligncenter size-large\"><img loading=\"lazy\" decoding=\"async\" width=\"135\" height=\"135\" src=\"http:\/\/suedzucker.pl\/wp-content\/uploads\/2020\/07\/zlotyparagon-2013-rgb.jpg\" alt=\"\" class=\"wp-image-2116\"\/><\/figure><\/div>\n\n\n\n<p>The Golden Receipt 2013 award is yet another proof of consumer preferences. This prize is awarded by merchants who choose the most shopped-for products. Our first place among loose products is a great achievement as Cukier Kr\u00f3lewski competed not only with other sugar brands, but also with products such as flour, rice, etc.<\/p>\n\n\n\n<h4 class=\"wp-block-heading\">Product Worth a Medal<\/h4>\n\n\n\n<div class=\"wp-block-image\"><figure class=\"aligncenter size-large\"><img loading=\"lazy\" decoding=\"async\" width=\"100\" height=\"100\" src=\"http:\/\/suedzucker.pl\/wp-content\/uploads\/2020\/07\/produkt-na-medal2012.jpg\" alt=\"\" class=\"wp-image-2117\"\/><\/figure><\/div>\n\n\n\n<p>This year, the Cukier Kr\u00f3lewski brand once again received the Product Worth a Medal award in a competition held by the bi-weekly Pani Domu. As many as two products were awarded during this year\u2019s edition of the competition: fine white sugar in Tetra Rex packaging with a cap in the Baking Products category and the BIO cane sugar in the Eco Food category. In 2011, Cukier Kr\u00f3lewski icing sugar mill was selected as a recommendable product in the Baking Products category.<\/p>\n\n\n\n<p>The purpose of the competition is to recommend top quality foods available on the Polish market to consumers. Products submitted were divided into 22 categories. The key criteria used by the competition jurors were flavour, fragrance, packaging and labelling. Jurors of this year\u2019s edition were Pani Domu editors and readers as well as renowned experts, including Ewa Wachowicz, producer and host of culinary shows, Robert Sowa, chef, and Agnieszka Jarosz, D.Sc., of the Food and Nutrition Institute<\/p>\n\n\n\n<h4 class=\"wp-block-heading\">FMCG Hit 2012<\/h4>\n\n\n\n<div class=\"wp-block-image\"><figure class=\"aligncenter size-large\"><img loading=\"lazy\" decoding=\"async\" width=\"66\" height=\"100\" src=\"http:\/\/suedzucker.pl\/wp-content\/uploads\/2020\/07\/przeboj-fmcg-2012.jpg\" alt=\"\" class=\"wp-image-2118\"\/><\/figure><\/div>\n\n\n\n<p>Cukier Kr\u00f3lewski brand products have been appreciated not only by consumers, but also by Polish wholesalers and retailers. Two products, icing sugar mill and the BIO cane sugar were submitted for the FMCG Hits 2012 competition, respectively, in the Innovative Product category and in the prestigious Delicatessen category. The winning BIO cane sugar was appreciated above all for its top quality, use of organic farming, and eco-friendly packaging. The FMCG Hit title is awarded in competitions run by \u017bycie Handlowe magazine whose 70,000 copies are distributed among food wholesalers throughout Poland.<\/p>\n","protected":false},"excerpt":{"rendered":"<p>The Cukier Kr\u00f3lewski brand has long been trusted and popular among consumers. Its high quality has been recognised with awards and prizes from both customers and experts. This is the&#8230;<\/p>\n","protected":false},"author":3,"featured_media":0,"parent":12742,"menu_order":4,"comment_status":"closed","ping_status":"closed","template":"","meta":{"_acf_changed":false,"inline_featured_image":false,"footnotes":"","_wp_rev_ctl_limit":""},"class_list":["post-12762","page","type-page","status-publish","hentry"],"acf":[],"yoast_head":"<!-- This site is optimized with the Yoast SEO plugin v27.4 - https:\/\/yoast.com\/product\/yoast-seo-wordpress\/ -->\n<title>Awards - S\u00fcdzucker Polska<\/title>\n<meta name=\"robots\" content=\"index, follow, max-snippet:-1, max-image-preview:large, max-video-preview:-1\" \/>\n<link rel=\"canonical\" href=\"https:\/\/www.suedzucker.pl\/en\/about-us\/awards\/\" \/>\n<meta property=\"og:locale\" content=\"en_US\" \/>\n<meta property=\"og:type\" content=\"article\" \/>\n<meta property=\"og:title\" content=\"Awards - S\u00fcdzucker Polska\" \/>\n<meta property=\"og:description\" content=\"The Cukier Kr\u00f3lewski brand has long been trusted and popular among consumers. Its high quality has been recognised with awards and prizes from both customers and experts. This is the...\" \/>\n<meta property=\"og:url\" content=\"https:\/\/www.suedzucker.pl\/en\/about-us\/awards\/\" \/>\n<meta property=\"og:site_name\" content=\"S\u00fcdzucker Polska\" \/>\n<meta property=\"article:modified_time\" content=\"2020-09-07T13:14:24+00:00\" \/>\n<meta property=\"og:image\" content=\"http:\/\/suedzucker.pl\/wp-content\/uploads\/2020\/07\/przebojowy-produkt-2017-m-1-4.png\" \/>\n<meta name=\"twitter:card\" content=\"summary_large_image\" \/>\n<meta name=\"twitter:label1\" content=\"Est. reading time\" \/>\n\t<meta name=\"twitter:data1\" content=\"4 minutes\" \/>\n<script type=\"application\/ld+json\" class=\"yoast-schema-graph\">{\"@context\":\"https:\\\/\\\/schema.org\",\"@graph\":[{\"@type\":\"WebPage\",\"@id\":\"https:\\\/\\\/www.suedzucker.pl\\\/en\\\/about-us\\\/awards\\\/\",\"url\":\"https:\\\/\\\/www.suedzucker.pl\\\/en\\\/about-us\\\/awards\\\/\",\"name\":\"Awards - S\u00fcdzucker Polska\",\"isPartOf\":{\"@id\":\"https:\\\/\\\/www.suedzucker.pl\\\/en\\\/#website\"},\"primaryImageOfPage\":{\"@id\":\"https:\\\/\\\/www.suedzucker.pl\\\/en\\\/about-us\\\/awards\\\/#primaryimage\"},\"image\":{\"@id\":\"https:\\\/\\\/www.suedzucker.pl\\\/en\\\/about-us\\\/awards\\\/#primaryimage\"},\"thumbnailUrl\":\"http:\\\/\\\/suedzucker.pl\\\/wp-content\\\/uploads\\\/2020\\\/07\\\/przebojowy-produkt-2017-m-1-4.png\",\"datePublished\":\"2020-09-02T14:01:19+00:00\",\"dateModified\":\"2020-09-07T13:14:24+00:00\",\"breadcrumb\":{\"@id\":\"https:\\\/\\\/www.suedzucker.pl\\\/en\\\/about-us\\\/awards\\\/#breadcrumb\"},\"inLanguage\":\"en-US\",\"potentialAction\":[{\"@type\":\"ReadAction\",\"target\":[\"https:\\\/\\\/www.suedzucker.pl\\\/en\\\/about-us\\\/awards\\\/\"]}]},{\"@type\":\"ImageObject\",\"inLanguage\":\"en-US\",\"@id\":\"https:\\\/\\\/www.suedzucker.pl\\\/en\\\/about-us\\\/awards\\\/#primaryimage\",\"url\":\"http:\\\/\\\/suedzucker.pl\\\/wp-content\\\/uploads\\\/2020\\\/07\\\/przebojowy-produkt-2017-m-1-4.png\",\"contentUrl\":\"http:\\\/\\\/suedzucker.pl\\\/wp-content\\\/uploads\\\/2020\\\/07\\\/przebojowy-produkt-2017-m-1-4.png\"},{\"@type\":\"BreadcrumbList\",\"@id\":\"https:\\\/\\\/www.suedzucker.pl\\\/en\\\/about-us\\\/awards\\\/#breadcrumb\",\"itemListElement\":[{\"@type\":\"ListItem\",\"position\":1,\"name\":\"Home\",\"item\":\"https:\\\/\\\/www.suedzucker.pl\\\/en\\\/\"},{\"@type\":\"ListItem\",\"position\":2,\"name\":\"About us\",\"item\":\"https:\\\/\\\/www.suedzucker.pl\\\/en\\\/about-us\\\/\"},{\"@type\":\"ListItem\",\"position\":3,\"name\":\"Awards\"}]},{\"@type\":\"WebSite\",\"@id\":\"https:\\\/\\\/www.suedzucker.pl\\\/en\\\/#website\",\"url\":\"https:\\\/\\\/www.suedzucker.pl\\\/en\\\/\",\"name\":\"S\u00fcdzucker Polska\",\"description\":\"Jeste\u015bmy wiod\u0105cym producentem cukru w Polsce\",\"potentialAction\":[{\"@type\":\"SearchAction\",\"target\":{\"@type\":\"EntryPoint\",\"urlTemplate\":\"https:\\\/\\\/www.suedzucker.pl\\\/en\\\/?s={search_term_string}\"},\"query-input\":{\"@type\":\"PropertyValueSpecification\",\"valueRequired\":true,\"valueName\":\"search_term_string\"}}],\"inLanguage\":\"en-US\"}]}<\/script>\n<!-- \/ Yoast SEO plugin. -->","yoast_head_json":{"title":"Awards - S\u00fcdzucker Polska","robots":{"index":"index","follow":"follow","max-snippet":"max-snippet:-1","max-image-preview":"max-image-preview:large","max-video-preview":"max-video-preview:-1"},"canonical":"https:\/\/www.suedzucker.pl\/en\/about-us\/awards\/","og_locale":"en_US","og_type":"article","og_title":"Awards - S\u00fcdzucker Polska","og_description":"The Cukier Kr\u00f3lewski brand has long been trusted and popular among consumers. Its high quality has been recognised with awards and prizes from both customers and experts. This is the...","og_url":"https:\/\/www.suedzucker.pl\/en\/about-us\/awards\/","og_site_name":"S\u00fcdzucker Polska","article_modified_time":"2020-09-07T13:14:24+00:00","og_image":[{"url":"http:\/\/suedzucker.pl\/wp-content\/uploads\/2020\/07\/przebojowy-produkt-2017-m-1-4.png","type":"","width":"","height":""}],"twitter_card":"summary_large_image","twitter_misc":{"Est. reading time":"4 minutes"},"schema":{"@context":"https:\/\/schema.org","@graph":[{"@type":"WebPage","@id":"https:\/\/www.suedzucker.pl\/en\/about-us\/awards\/","url":"https:\/\/www.suedzucker.pl\/en\/about-us\/awards\/","name":"Awards - S\u00fcdzucker Polska","isPartOf":{"@id":"https:\/\/www.suedzucker.pl\/en\/#website"},"primaryImageOfPage":{"@id":"https:\/\/www.suedzucker.pl\/en\/about-us\/awards\/#primaryimage"},"image":{"@id":"https:\/\/www.suedzucker.pl\/en\/about-us\/awards\/#primaryimage"},"thumbnailUrl":"http:\/\/suedzucker.pl\/wp-content\/uploads\/2020\/07\/przebojowy-produkt-2017-m-1-4.png","datePublished":"2020-09-02T14:01:19+00:00","dateModified":"2020-09-07T13:14:24+00:00","breadcrumb":{"@id":"https:\/\/www.suedzucker.pl\/en\/about-us\/awards\/#breadcrumb"},"inLanguage":"en-US","potentialAction":[{"@type":"ReadAction","target":["https:\/\/www.suedzucker.pl\/en\/about-us\/awards\/"]}]},{"@type":"ImageObject","inLanguage":"en-US","@id":"https:\/\/www.suedzucker.pl\/en\/about-us\/awards\/#primaryimage","url":"http:\/\/suedzucker.pl\/wp-content\/uploads\/2020\/07\/przebojowy-produkt-2017-m-1-4.png","contentUrl":"http:\/\/suedzucker.pl\/wp-content\/uploads\/2020\/07\/przebojowy-produkt-2017-m-1-4.png"},{"@type":"BreadcrumbList","@id":"https:\/\/www.suedzucker.pl\/en\/about-us\/awards\/#breadcrumb","itemListElement":[{"@type":"ListItem","position":1,"name":"Home","item":"https:\/\/www.suedzucker.pl\/en\/"},{"@type":"ListItem","position":2,"name":"About us","item":"https:\/\/www.suedzucker.pl\/en\/about-us\/"},{"@type":"ListItem","position":3,"name":"Awards"}]},{"@type":"WebSite","@id":"https:\/\/www.suedzucker.pl\/en\/#website","url":"https:\/\/www.suedzucker.pl\/en\/","name":"S\u00fcdzucker Polska","description":"Jeste\u015bmy wiod\u0105cym producentem cukru w Polsce","potentialAction":[{"@type":"SearchAction","target":{"@type":"EntryPoint","urlTemplate":"https:\/\/www.suedzucker.pl\/en\/?s={search_term_string}"},"query-input":{"@type":"PropertyValueSpecification","valueRequired":true,"valueName":"search_term_string"}}],"inLanguage":"en-US"}]}},"_links":{"self":[{"href":"https:\/\/www.suedzucker.pl\/en\/wp-json\/wp\/v2\/pages\/12762","targetHints":{"allow":["GET"]}}],"collection":[{"href":"https:\/\/www.suedzucker.pl\/en\/wp-json\/wp\/v2\/pages"}],"about":[{"href":"https:\/\/www.suedzucker.pl\/en\/wp-json\/wp\/v2\/types\/page"}],"author":[{"embeddable":true,"href":"https:\/\/www.suedzucker.pl\/en\/wp-json\/wp\/v2\/users\/3"}],"replies":[{"embeddable":true,"href":"https:\/\/www.suedzucker.pl\/en\/wp-json\/wp\/v2\/comments?post=12762"}],"version-history":[{"count":0,"href":"https:\/\/www.suedzucker.pl\/en\/wp-json\/wp\/v2\/pages\/12762\/revisions"}],"up":[{"embeddable":true,"href":"https:\/\/www.suedzucker.pl\/en\/wp-json\/wp\/v2\/pages\/12742"}],"wp:attachment":[{"href":"https:\/\/www.suedzucker.pl\/en\/wp-json\/wp\/v2\/media?parent=12762"}],"curies":[{"name":"wp","href":"https:\/\/api.w.org\/{rel}","templated":true}]}}