{"id":12766,"date":"2020-09-03T12:27:23","date_gmt":"2020-09-03T10:27:23","guid":{"rendered":"http:\/\/suedzucker.pl\/?page_id=12766"},"modified":"2020-09-07T15:14:54","modified_gmt":"2020-09-07T13:14:54","slug":"cukier-krolewski-brand","status":"publish","type":"page","link":"https:\/\/www.suedzucker.pl\/en\/products\/cukier-krolewski-brand\/","title":{"rendered":"Cukier Kr\u00f3lewski brand"},"content":{"rendered":"\n<h4 class=\"wp-block-heading\">The Cukier Kr\u00f3lewski brand is innovation in the service of tradition<\/h4>\n\n\n\n<div class=\"wp-block-image\"><figure class=\"aligncenter size-large\"><img loading=\"lazy\" decoding=\"async\" width=\"100\" height=\"96\" src=\"http:\/\/suedzucker.pl\/wp-content\/uploads\/2020\/07\/cukier-krolewski-logotyp.jpg\" alt=\"\" class=\"wp-image-2137\"\/><\/figure><\/div>\n\n\n\n<p>To cherish the tradition of homemade food, such as preserves, cakes or pastries, we develop products intended to make kitchen tasks easier and faster. Our revolutionary solutions introduced in the last couple of years ensure that our products are of top quality and save time by cutting down on the use of many kitchen appliances.<\/p>\n\n\n\n<p>Cukier Kr\u00f3lewski products are intended not only for cooking fans but also for those who wish to embark on an exciting baking and cooking adventure. We want our sugar to be not only a sweet addition to or decoration of meals or cakes and pastries but also a kind of inspiration for our customers.<\/p>\n\n\n\n<p>Our retail products include sugars intended for beverages and dishes, sugars for cakes, pastries and decorations, and innovative products and packaging, which make cooking and baking even easier.<\/p>\n\n\n\n<p>Cukier Kr\u00f3lewski brand also offers a wide range of industrial and speciality goods, such as fondants, nibs sugar for the bakery and confectionery industry, and individually portioned sugar for the HoReCa business.<\/p>\n\n\n\n<p>In&nbsp;2014 Cukier Kr\u00f3lewski brand received the exclusive title: Consumer&#8217;s Laurel &#8211; Leader of the Decade (2004-2014). It is a special, jubilee award developed to celebrate the 10th anniversary of the competition awarded&nbsp;after Polish consumers have many times recognised the Cukier Kr\u00f3lewski&nbsp;brand as the most trusted in its category in 2010, 2012, 2013, 2015, 2016&nbsp;and 2017.<\/p>\n\n\n\n<p>More detailed information can be found at&nbsp;<a href=\"http:\/\/www.cukier-krolewski.pl\/\">www.cukier-krolewski.pl<\/a><\/p>\n","protected":false},"excerpt":{"rendered":"<p>The Cukier Kr\u00f3lewski brand is innovation in the service of tradition To cherish the tradition of homemade food, such as preserves, cakes or pastries, we develop products intended to make&#8230;<\/p>\n","protected":false},"author":3,"featured_media":0,"parent":12764,"menu_order":0,"comment_status":"closed","ping_status":"closed","template":"","meta":{"_acf_changed":false,"inline_featured_image":false,"footnotes":"","_wp_rev_ctl_limit":""},"class_list":["post-12766","page","type-page","status-publish","hentry"],"acf":[],"yoast_head":"<!-- This site is optimized with the Yoast SEO plugin v27.4 - https:\/\/yoast.com\/product\/yoast-seo-wordpress\/ -->\n<title>Cukier Kr\u00f3lewski brand - S\u00fcdzucker Polska<\/title>\n<meta name=\"robots\" content=\"index, follow, max-snippet:-1, max-image-preview:large, max-video-preview:-1\" \/>\n<link rel=\"canonical\" href=\"https:\/\/www.suedzucker.pl\/en\/products\/cukier-krolewski-brand\/\" \/>\n<meta property=\"og:locale\" content=\"en_US\" \/>\n<meta property=\"og:type\" content=\"article\" \/>\n<meta property=\"og:title\" content=\"Cukier Kr\u00f3lewski brand - S\u00fcdzucker Polska\" \/>\n<meta property=\"og:description\" content=\"The Cukier Kr\u00f3lewski brand is innovation in the service of tradition To cherish the tradition of homemade food, such as preserves, cakes or pastries, we develop products intended to make...\" \/>\n<meta property=\"og:url\" content=\"https:\/\/www.suedzucker.pl\/en\/products\/cukier-krolewski-brand\/\" \/>\n<meta property=\"og:site_name\" content=\"S\u00fcdzucker Polska\" \/>\n<meta property=\"article:modified_time\" content=\"2020-09-07T13:14:54+00:00\" \/>\n<meta property=\"og:image\" content=\"http:\/\/suedzucker.pl\/wp-content\/uploads\/2020\/07\/cukier-krolewski-logotyp.jpg\" \/>\n<meta name=\"twitter:card\" content=\"summary_large_image\" \/>\n<meta name=\"twitter:label1\" content=\"Est. reading time\" \/>\n\t<meta name=\"twitter:data1\" content=\"1 minute\" \/>\n<script type=\"application\/ld+json\" class=\"yoast-schema-graph\">{\"@context\":\"https:\\\/\\\/schema.org\",\"@graph\":[{\"@type\":\"WebPage\",\"@id\":\"https:\\\/\\\/www.suedzucker.pl\\\/en\\\/products\\\/cukier-krolewski-brand\\\/\",\"url\":\"https:\\\/\\\/www.suedzucker.pl\\\/en\\\/products\\\/cukier-krolewski-brand\\\/\",\"name\":\"Cukier Kr\u00f3lewski brand - S\u00fcdzucker Polska\",\"isPartOf\":{\"@id\":\"https:\\\/\\\/www.suedzucker.pl\\\/en\\\/#website\"},\"primaryImageOfPage\":{\"@id\":\"https:\\\/\\\/www.suedzucker.pl\\\/en\\\/products\\\/cukier-krolewski-brand\\\/#primaryimage\"},\"image\":{\"@id\":\"https:\\\/\\\/www.suedzucker.pl\\\/en\\\/products\\\/cukier-krolewski-brand\\\/#primaryimage\"},\"thumbnailUrl\":\"http:\\\/\\\/suedzucker.pl\\\/wp-content\\\/uploads\\\/2020\\\/07\\\/cukier-krolewski-logotyp.jpg\",\"datePublished\":\"2020-09-03T10:27:23+00:00\",\"dateModified\":\"2020-09-07T13:14:54+00:00\",\"breadcrumb\":{\"@id\":\"https:\\\/\\\/www.suedzucker.pl\\\/en\\\/products\\\/cukier-krolewski-brand\\\/#breadcrumb\"},\"inLanguage\":\"en-US\",\"potentialAction\":[{\"@type\":\"ReadAction\",\"target\":[\"https:\\\/\\\/www.suedzucker.pl\\\/en\\\/products\\\/cukier-krolewski-brand\\\/\"]}]},{\"@type\":\"ImageObject\",\"inLanguage\":\"en-US\",\"@id\":\"https:\\\/\\\/www.suedzucker.pl\\\/en\\\/products\\\/cukier-krolewski-brand\\\/#primaryimage\",\"url\":\"http:\\\/\\\/suedzucker.pl\\\/wp-content\\\/uploads\\\/2020\\\/07\\\/cukier-krolewski-logotyp.jpg\",\"contentUrl\":\"http:\\\/\\\/suedzucker.pl\\\/wp-content\\\/uploads\\\/2020\\\/07\\\/cukier-krolewski-logotyp.jpg\"},{\"@type\":\"BreadcrumbList\",\"@id\":\"https:\\\/\\\/www.suedzucker.pl\\\/en\\\/products\\\/cukier-krolewski-brand\\\/#breadcrumb\",\"itemListElement\":[{\"@type\":\"ListItem\",\"position\":1,\"name\":\"Home\",\"item\":\"https:\\\/\\\/www.suedzucker.pl\\\/en\\\/\"},{\"@type\":\"ListItem\",\"position\":2,\"name\":\"Products\",\"item\":\"https:\\\/\\\/www.suedzucker.pl\\\/en\\\/products\\\/\"},{\"@type\":\"ListItem\",\"position\":3,\"name\":\"Cukier Kr\u00f3lewski brand\"}]},{\"@type\":\"WebSite\",\"@id\":\"https:\\\/\\\/www.suedzucker.pl\\\/en\\\/#website\",\"url\":\"https:\\\/\\\/www.suedzucker.pl\\\/en\\\/\",\"name\":\"S\u00fcdzucker Polska\",\"description\":\"Jeste\u015bmy wiod\u0105cym producentem cukru w Polsce\",\"potentialAction\":[{\"@type\":\"SearchAction\",\"target\":{\"@type\":\"EntryPoint\",\"urlTemplate\":\"https:\\\/\\\/www.suedzucker.pl\\\/en\\\/?s={search_term_string}\"},\"query-input\":{\"@type\":\"PropertyValueSpecification\",\"valueRequired\":true,\"valueName\":\"search_term_string\"}}],\"inLanguage\":\"en-US\"}]}<\/script>\n<!-- \/ Yoast SEO plugin. -->","yoast_head_json":{"title":"Cukier Kr\u00f3lewski brand - S\u00fcdzucker Polska","robots":{"index":"index","follow":"follow","max-snippet":"max-snippet:-1","max-image-preview":"max-image-preview:large","max-video-preview":"max-video-preview:-1"},"canonical":"https:\/\/www.suedzucker.pl\/en\/products\/cukier-krolewski-brand\/","og_locale":"en_US","og_type":"article","og_title":"Cukier Kr\u00f3lewski brand - S\u00fcdzucker Polska","og_description":"The Cukier Kr\u00f3lewski brand is innovation in the service of tradition To cherish the tradition of homemade food, such as preserves, cakes or pastries, we develop products intended to make...","og_url":"https:\/\/www.suedzucker.pl\/en\/products\/cukier-krolewski-brand\/","og_site_name":"S\u00fcdzucker Polska","article_modified_time":"2020-09-07T13:14:54+00:00","og_image":[{"url":"http:\/\/suedzucker.pl\/wp-content\/uploads\/2020\/07\/cukier-krolewski-logotyp.jpg","type":"","width":"","height":""}],"twitter_card":"summary_large_image","twitter_misc":{"Est. reading time":"1 minute"},"schema":{"@context":"https:\/\/schema.org","@graph":[{"@type":"WebPage","@id":"https:\/\/www.suedzucker.pl\/en\/products\/cukier-krolewski-brand\/","url":"https:\/\/www.suedzucker.pl\/en\/products\/cukier-krolewski-brand\/","name":"Cukier Kr\u00f3lewski brand - S\u00fcdzucker Polska","isPartOf":{"@id":"https:\/\/www.suedzucker.pl\/en\/#website"},"primaryImageOfPage":{"@id":"https:\/\/www.suedzucker.pl\/en\/products\/cukier-krolewski-brand\/#primaryimage"},"image":{"@id":"https:\/\/www.suedzucker.pl\/en\/products\/cukier-krolewski-brand\/#primaryimage"},"thumbnailUrl":"http:\/\/suedzucker.pl\/wp-content\/uploads\/2020\/07\/cukier-krolewski-logotyp.jpg","datePublished":"2020-09-03T10:27:23+00:00","dateModified":"2020-09-07T13:14:54+00:00","breadcrumb":{"@id":"https:\/\/www.suedzucker.pl\/en\/products\/cukier-krolewski-brand\/#breadcrumb"},"inLanguage":"en-US","potentialAction":[{"@type":"ReadAction","target":["https:\/\/www.suedzucker.pl\/en\/products\/cukier-krolewski-brand\/"]}]},{"@type":"ImageObject","inLanguage":"en-US","@id":"https:\/\/www.suedzucker.pl\/en\/products\/cukier-krolewski-brand\/#primaryimage","url":"http:\/\/suedzucker.pl\/wp-content\/uploads\/2020\/07\/cukier-krolewski-logotyp.jpg","contentUrl":"http:\/\/suedzucker.pl\/wp-content\/uploads\/2020\/07\/cukier-krolewski-logotyp.jpg"},{"@type":"BreadcrumbList","@id":"https:\/\/www.suedzucker.pl\/en\/products\/cukier-krolewski-brand\/#breadcrumb","itemListElement":[{"@type":"ListItem","position":1,"name":"Home","item":"https:\/\/www.suedzucker.pl\/en\/"},{"@type":"ListItem","position":2,"name":"Products","item":"https:\/\/www.suedzucker.pl\/en\/products\/"},{"@type":"ListItem","position":3,"name":"Cukier Kr\u00f3lewski brand"}]},{"@type":"WebSite","@id":"https:\/\/www.suedzucker.pl\/en\/#website","url":"https:\/\/www.suedzucker.pl\/en\/","name":"S\u00fcdzucker Polska","description":"Jeste\u015bmy wiod\u0105cym producentem cukru w Polsce","potentialAction":[{"@type":"SearchAction","target":{"@type":"EntryPoint","urlTemplate":"https:\/\/www.suedzucker.pl\/en\/?s={search_term_string}"},"query-input":{"@type":"PropertyValueSpecification","valueRequired":true,"valueName":"search_term_string"}}],"inLanguage":"en-US"}]}},"_links":{"self":[{"href":"https:\/\/www.suedzucker.pl\/en\/wp-json\/wp\/v2\/pages\/12766","targetHints":{"allow":["GET"]}}],"collection":[{"href":"https:\/\/www.suedzucker.pl\/en\/wp-json\/wp\/v2\/pages"}],"about":[{"href":"https:\/\/www.suedzucker.pl\/en\/wp-json\/wp\/v2\/types\/page"}],"author":[{"embeddable":true,"href":"https:\/\/www.suedzucker.pl\/en\/wp-json\/wp\/v2\/users\/3"}],"replies":[{"embeddable":true,"href":"https:\/\/www.suedzucker.pl\/en\/wp-json\/wp\/v2\/comments?post=12766"}],"version-history":[{"count":0,"href":"https:\/\/www.suedzucker.pl\/en\/wp-json\/wp\/v2\/pages\/12766\/revisions"}],"up":[{"embeddable":true,"href":"https:\/\/www.suedzucker.pl\/en\/wp-json\/wp\/v2\/pages\/12764"}],"wp:attachment":[{"href":"https:\/\/www.suedzucker.pl\/en\/wp-json\/wp\/v2\/media?parent=12766"}],"curies":[{"name":"wp","href":"https:\/\/api.w.org\/{rel}","templated":true}]}}