{"id":12784,"date":"2020-09-03T12:45:16","date_gmt":"2020-09-03T10:45:16","guid":{"rendered":"http:\/\/suedzucker.pl\/?page_id=12784"},"modified":"2020-09-07T15:15:23","modified_gmt":"2020-09-07T13:15:23","slug":"employee-opinion-survey","status":"publish","type":"page","link":"https:\/\/www.suedzucker.pl\/en\/sustainability\/employees\/employee-opinion-survey\/","title":{"rendered":"Employee Opinion Survey"},"content":{"rendered":"\n<p>A modern firm should be fully aware of the role of internal communications and it should pay particular attention to improving its organisational culture.<\/p>\n\n\n\n<p>Therefore, to establish employees\u2019 needs and diagnose our corporate strengths and weaknesses, S\u00fcdzucker Polska S.A. carries out Employee Opinion Surveys.<\/p>\n\n\n\n<p>Knowledge of the status quo and employees\u2019 expectations enable us to focus on what is most important for employees and eliminate insignificant and ineffective activities. Therefore, our surveys help improve communication within the Company and ensure work satisfaction.<\/p>\n\n\n\n<p>Communication works properly if employees are notified of what is going on in the Company, its plans and reasons for specific decisions. On the other hand, they can influence processes at the Company thanks to their clear knowledge of who they can approach and when. Additionally, employees are notified of what other departments are working on and how they can obtain data necessary for their tasks.<\/p>\n\n\n\n<p>Improved information flow has a significant effect on business effectiveness as:<\/p>\n\n\n\n<ul class=\"wp-block-list\"><li>it improves the quality and speed of processes;<\/li><li>it reduces the time of responding to problems or market signals;<\/li><li>details of proposed initiatives or changes are available to all, so they attract attention and are better understood.<\/li><\/ul>\n\n\n\n<p>Employee Opinion Surveys are carried out at S\u00fcdzucker Polska S.A. by an independent external firm, which ensures that all responses are anonymous. 74 per cent of employees took part in the most recent survey. The survey participation rate was higher than the average rate reported for surveys carried out at similar companies, i.e. 65%.<\/p>\n","protected":false},"excerpt":{"rendered":"<p>A modern firm should be fully aware of the role of internal communications and it should pay particular attention to improving its organisational culture. Therefore, to establish employees\u2019 needs and&#8230;<\/p>\n","protected":false},"author":3,"featured_media":0,"parent":12770,"menu_order":5,"comment_status":"closed","ping_status":"closed","template":"","meta":{"_acf_changed":false,"inline_featured_image":false,"footnotes":"","_wp_rev_ctl_limit":""},"class_list":["post-12784","page","type-page","status-publish","hentry"],"acf":[],"yoast_head":"<!-- This site is optimized with the Yoast SEO plugin v27.3 - https:\/\/yoast.com\/product\/yoast-seo-wordpress\/ -->\n<title>Employee Opinion Survey - S\u00fcdzucker Polska<\/title>\n<meta name=\"robots\" content=\"index, follow, max-snippet:-1, max-image-preview:large, max-video-preview:-1\" \/>\n<link rel=\"canonical\" href=\"https:\/\/www.suedzucker.pl\/en\/sustainability\/employees\/employee-opinion-survey\/\" \/>\n<meta property=\"og:locale\" content=\"en_US\" \/>\n<meta property=\"og:type\" content=\"article\" \/>\n<meta property=\"og:title\" content=\"Employee Opinion Survey - S\u00fcdzucker Polska\" \/>\n<meta property=\"og:description\" content=\"A modern firm should be fully aware of the role of internal communications and it should pay particular attention to improving its organisational culture. Therefore, to establish employees\u2019 needs and...\" \/>\n<meta property=\"og:url\" content=\"https:\/\/www.suedzucker.pl\/en\/sustainability\/employees\/employee-opinion-survey\/\" \/>\n<meta property=\"og:site_name\" content=\"S\u00fcdzucker Polska\" \/>\n<meta property=\"article:modified_time\" content=\"2020-09-07T13:15:23+00:00\" \/>\n<meta name=\"twitter:card\" content=\"summary_large_image\" \/>\n<meta name=\"twitter:label1\" content=\"Est. reading time\" \/>\n\t<meta name=\"twitter:data1\" content=\"1 minute\" \/>\n<script type=\"application\/ld+json\" class=\"yoast-schema-graph\">{\"@context\":\"https:\\\/\\\/schema.org\",\"@graph\":[{\"@type\":\"WebPage\",\"@id\":\"https:\\\/\\\/www.suedzucker.pl\\\/en\\\/sustainability\\\/employees\\\/employee-opinion-survey\\\/\",\"url\":\"https:\\\/\\\/www.suedzucker.pl\\\/en\\\/sustainability\\\/employees\\\/employee-opinion-survey\\\/\",\"name\":\"Employee Opinion Survey - S\u00fcdzucker Polska\",\"isPartOf\":{\"@id\":\"https:\\\/\\\/www.suedzucker.pl\\\/en\\\/#website\"},\"datePublished\":\"2020-09-03T10:45:16+00:00\",\"dateModified\":\"2020-09-07T13:15:23+00:00\",\"breadcrumb\":{\"@id\":\"https:\\\/\\\/www.suedzucker.pl\\\/en\\\/sustainability\\\/employees\\\/employee-opinion-survey\\\/#breadcrumb\"},\"inLanguage\":\"en-US\",\"potentialAction\":[{\"@type\":\"ReadAction\",\"target\":[\"https:\\\/\\\/www.suedzucker.pl\\\/en\\\/sustainability\\\/employees\\\/employee-opinion-survey\\\/\"]}]},{\"@type\":\"BreadcrumbList\",\"@id\":\"https:\\\/\\\/www.suedzucker.pl\\\/en\\\/sustainability\\\/employees\\\/employee-opinion-survey\\\/#breadcrumb\",\"itemListElement\":[{\"@type\":\"ListItem\",\"position\":1,\"name\":\"Home\",\"item\":\"https:\\\/\\\/www.suedzucker.pl\\\/en\\\/\"},{\"@type\":\"ListItem\",\"position\":2,\"name\":\"Sustainability\",\"item\":\"https:\\\/\\\/www.suedzucker.pl\\\/sustainability\\\/\"},{\"@type\":\"ListItem\",\"position\":3,\"name\":\"Employees\",\"item\":\"https:\\\/\\\/www.suedzucker.pl\\\/en\\\/sustainability\\\/employees\\\/\"},{\"@type\":\"ListItem\",\"position\":4,\"name\":\"Employee Opinion Survey\"}]},{\"@type\":\"WebSite\",\"@id\":\"https:\\\/\\\/www.suedzucker.pl\\\/en\\\/#website\",\"url\":\"https:\\\/\\\/www.suedzucker.pl\\\/en\\\/\",\"name\":\"S\u00fcdzucker Polska\",\"description\":\"Jeste\u015bmy wiod\u0105cym producentem cukru w Polsce\",\"potentialAction\":[{\"@type\":\"SearchAction\",\"target\":{\"@type\":\"EntryPoint\",\"urlTemplate\":\"https:\\\/\\\/www.suedzucker.pl\\\/en\\\/?s={search_term_string}\"},\"query-input\":{\"@type\":\"PropertyValueSpecification\",\"valueRequired\":true,\"valueName\":\"search_term_string\"}}],\"inLanguage\":\"en-US\"}]}<\/script>\n<!-- \/ Yoast SEO plugin. -->","yoast_head_json":{"title":"Employee Opinion Survey - S\u00fcdzucker Polska","robots":{"index":"index","follow":"follow","max-snippet":"max-snippet:-1","max-image-preview":"max-image-preview:large","max-video-preview":"max-video-preview:-1"},"canonical":"https:\/\/www.suedzucker.pl\/en\/sustainability\/employees\/employee-opinion-survey\/","og_locale":"en_US","og_type":"article","og_title":"Employee Opinion Survey - S\u00fcdzucker Polska","og_description":"A modern firm should be fully aware of the role of internal communications and it should pay particular attention to improving its organisational culture. Therefore, to establish employees\u2019 needs and...","og_url":"https:\/\/www.suedzucker.pl\/en\/sustainability\/employees\/employee-opinion-survey\/","og_site_name":"S\u00fcdzucker Polska","article_modified_time":"2020-09-07T13:15:23+00:00","twitter_card":"summary_large_image","twitter_misc":{"Est. reading time":"1 minute"},"schema":{"@context":"https:\/\/schema.org","@graph":[{"@type":"WebPage","@id":"https:\/\/www.suedzucker.pl\/en\/sustainability\/employees\/employee-opinion-survey\/","url":"https:\/\/www.suedzucker.pl\/en\/sustainability\/employees\/employee-opinion-survey\/","name":"Employee Opinion Survey - S\u00fcdzucker Polska","isPartOf":{"@id":"https:\/\/www.suedzucker.pl\/en\/#website"},"datePublished":"2020-09-03T10:45:16+00:00","dateModified":"2020-09-07T13:15:23+00:00","breadcrumb":{"@id":"https:\/\/www.suedzucker.pl\/en\/sustainability\/employees\/employee-opinion-survey\/#breadcrumb"},"inLanguage":"en-US","potentialAction":[{"@type":"ReadAction","target":["https:\/\/www.suedzucker.pl\/en\/sustainability\/employees\/employee-opinion-survey\/"]}]},{"@type":"BreadcrumbList","@id":"https:\/\/www.suedzucker.pl\/en\/sustainability\/employees\/employee-opinion-survey\/#breadcrumb","itemListElement":[{"@type":"ListItem","position":1,"name":"Home","item":"https:\/\/www.suedzucker.pl\/en\/"},{"@type":"ListItem","position":2,"name":"Sustainability","item":"https:\/\/www.suedzucker.pl\/sustainability\/"},{"@type":"ListItem","position":3,"name":"Employees","item":"https:\/\/www.suedzucker.pl\/en\/sustainability\/employees\/"},{"@type":"ListItem","position":4,"name":"Employee Opinion Survey"}]},{"@type":"WebSite","@id":"https:\/\/www.suedzucker.pl\/en\/#website","url":"https:\/\/www.suedzucker.pl\/en\/","name":"S\u00fcdzucker Polska","description":"Jeste\u015bmy wiod\u0105cym producentem cukru w Polsce","potentialAction":[{"@type":"SearchAction","target":{"@type":"EntryPoint","urlTemplate":"https:\/\/www.suedzucker.pl\/en\/?s={search_term_string}"},"query-input":{"@type":"PropertyValueSpecification","valueRequired":true,"valueName":"search_term_string"}}],"inLanguage":"en-US"}]}},"_links":{"self":[{"href":"https:\/\/www.suedzucker.pl\/en\/wp-json\/wp\/v2\/pages\/12784","targetHints":{"allow":["GET"]}}],"collection":[{"href":"https:\/\/www.suedzucker.pl\/en\/wp-json\/wp\/v2\/pages"}],"about":[{"href":"https:\/\/www.suedzucker.pl\/en\/wp-json\/wp\/v2\/types\/page"}],"author":[{"embeddable":true,"href":"https:\/\/www.suedzucker.pl\/en\/wp-json\/wp\/v2\/users\/3"}],"replies":[{"embeddable":true,"href":"https:\/\/www.suedzucker.pl\/en\/wp-json\/wp\/v2\/comments?post=12784"}],"version-history":[{"count":0,"href":"https:\/\/www.suedzucker.pl\/en\/wp-json\/wp\/v2\/pages\/12784\/revisions"}],"up":[{"embeddable":true,"href":"https:\/\/www.suedzucker.pl\/en\/wp-json\/wp\/v2\/pages\/12770"}],"wp:attachment":[{"href":"https:\/\/www.suedzucker.pl\/en\/wp-json\/wp\/v2\/media?parent=12784"}],"curies":[{"name":"wp","href":"https:\/\/api.w.org\/{rel}","templated":true}]}}