{"id":12792,"date":"2020-09-03T13:22:14","date_gmt":"2020-09-03T11:22:14","guid":{"rendered":"http:\/\/suedzucker.pl\/?page_id=12792"},"modified":"2020-09-07T15:19:35","modified_gmt":"2020-09-07T13:19:35","slug":"suppliers","status":"publish","type":"page","link":"https:\/\/www.suedzucker.pl\/en\/sustainability\/business\/suppliers\/","title":{"rendered":"Suppliers"},"content":{"rendered":"\n<h4 class=\"wp-block-heading\">Good relationships with suppliers, based on mutual respect and trust, are at the heart of the top quality of our products<\/h4>\n\n\n\n<p>As we produce sugar to high corporate social responsibility standards, we expect our business partners to represent values that are dear to us, as well. Therefore, each of our suppliers is required to satisfy S\u00fcdzucker Polska S.A. requirements in the area of quality, safety and environmental protection, and comply with the basic principles as set out by the International Labour Organisation. As we want to assist suppliers in meeting our expectations, we offer them a range of development schemes.<\/p>\n\n\n\n<p>We buy and sell products responsibly so that our customers can be assured that our products are manufactured in the appropriate conditions and all people involved are treated fairly. Therefore, we expect our business partners to ensure good work conditions for their staff and assist them in doing that. Our buyers are aware of the fact that the key to ensuring the best product offer is building long-term and mutually beneficial relationships with suppliers that share our values and meet our high standards.<\/p>\n","protected":false},"excerpt":{"rendered":"<p>Good relationships with suppliers, based on mutual respect and trust, are at the heart of the top quality of our products As we produce sugar to high corporate social responsibility&#8230;<\/p>\n","protected":false},"author":3,"featured_media":0,"parent":12790,"menu_order":0,"comment_status":"closed","ping_status":"closed","template":"","meta":{"_acf_changed":false,"inline_featured_image":false,"footnotes":"","_wp_rev_ctl_limit":""},"class_list":["post-12792","page","type-page","status-publish","hentry"],"acf":[],"yoast_head":"<!-- This site is optimized with the Yoast SEO plugin v27.4 - https:\/\/yoast.com\/product\/yoast-seo-wordpress\/ -->\n<title>Suppliers - S\u00fcdzucker Polska<\/title>\n<meta name=\"robots\" content=\"index, follow, max-snippet:-1, max-image-preview:large, max-video-preview:-1\" \/>\n<link rel=\"canonical\" href=\"https:\/\/www.suedzucker.pl\/sustainability\/business\/suppliers\/\" \/>\n<meta property=\"og:locale\" content=\"en_US\" \/>\n<meta property=\"og:type\" content=\"article\" \/>\n<meta property=\"og:title\" content=\"Suppliers - S\u00fcdzucker Polska\" \/>\n<meta property=\"og:description\" content=\"Good relationships with suppliers, based on mutual respect and trust, are at the heart of the top quality of our products As we produce sugar to high corporate social responsibility...\" \/>\n<meta property=\"og:url\" content=\"https:\/\/www.suedzucker.pl\/sustainability\/business\/suppliers\/\" \/>\n<meta property=\"og:site_name\" content=\"S\u00fcdzucker Polska\" \/>\n<meta property=\"article:modified_time\" content=\"2020-09-07T13:19:35+00:00\" \/>\n<meta name=\"twitter:card\" content=\"summary_large_image\" \/>\n<meta name=\"twitter:label1\" content=\"Est. reading time\" \/>\n\t<meta name=\"twitter:data1\" content=\"1 minute\" \/>\n<script type=\"application\/ld+json\" class=\"yoast-schema-graph\">{\"@context\":\"https:\\\/\\\/schema.org\",\"@graph\":[{\"@type\":\"WebPage\",\"@id\":\"https:\\\/\\\/www.suedzucker.pl\\\/sustainability\\\/business\\\/suppliers\\\/\",\"url\":\"https:\\\/\\\/www.suedzucker.pl\\\/sustainability\\\/business\\\/suppliers\\\/\",\"name\":\"Suppliers - S\u00fcdzucker Polska\",\"isPartOf\":{\"@id\":\"https:\\\/\\\/www.suedzucker.pl\\\/en\\\/#website\"},\"datePublished\":\"2020-09-03T11:22:14+00:00\",\"dateModified\":\"2020-09-07T13:19:35+00:00\",\"breadcrumb\":{\"@id\":\"https:\\\/\\\/www.suedzucker.pl\\\/sustainability\\\/business\\\/suppliers\\\/#breadcrumb\"},\"inLanguage\":\"en-US\",\"potentialAction\":[{\"@type\":\"ReadAction\",\"target\":[\"https:\\\/\\\/www.suedzucker.pl\\\/sustainability\\\/business\\\/suppliers\\\/\"]}]},{\"@type\":\"BreadcrumbList\",\"@id\":\"https:\\\/\\\/www.suedzucker.pl\\\/sustainability\\\/business\\\/suppliers\\\/#breadcrumb\",\"itemListElement\":[{\"@type\":\"ListItem\",\"position\":1,\"name\":\"Home\",\"item\":\"https:\\\/\\\/www.suedzucker.pl\\\/en\\\/\"},{\"@type\":\"ListItem\",\"position\":2,\"name\":\"Sustainability\",\"item\":\"https:\\\/\\\/www.suedzucker.pl\\\/sustainability\\\/\"},{\"@type\":\"ListItem\",\"position\":3,\"name\":\"Business\",\"item\":\"https:\\\/\\\/www.suedzucker.pl\\\/sustainability\\\/business\\\/\"},{\"@type\":\"ListItem\",\"position\":4,\"name\":\"Suppliers\"}]},{\"@type\":\"WebSite\",\"@id\":\"https:\\\/\\\/www.suedzucker.pl\\\/en\\\/#website\",\"url\":\"https:\\\/\\\/www.suedzucker.pl\\\/en\\\/\",\"name\":\"S\u00fcdzucker Polska\",\"description\":\"Jeste\u015bmy wiod\u0105cym producentem cukru w Polsce\",\"potentialAction\":[{\"@type\":\"SearchAction\",\"target\":{\"@type\":\"EntryPoint\",\"urlTemplate\":\"https:\\\/\\\/www.suedzucker.pl\\\/en\\\/?s={search_term_string}\"},\"query-input\":{\"@type\":\"PropertyValueSpecification\",\"valueRequired\":true,\"valueName\":\"search_term_string\"}}],\"inLanguage\":\"en-US\"}]}<\/script>\n<!-- \/ Yoast SEO plugin. -->","yoast_head_json":{"title":"Suppliers - S\u00fcdzucker Polska","robots":{"index":"index","follow":"follow","max-snippet":"max-snippet:-1","max-image-preview":"max-image-preview:large","max-video-preview":"max-video-preview:-1"},"canonical":"https:\/\/www.suedzucker.pl\/sustainability\/business\/suppliers\/","og_locale":"en_US","og_type":"article","og_title":"Suppliers - S\u00fcdzucker Polska","og_description":"Good relationships with suppliers, based on mutual respect and trust, are at the heart of the top quality of our products As we produce sugar to high corporate social responsibility...","og_url":"https:\/\/www.suedzucker.pl\/sustainability\/business\/suppliers\/","og_site_name":"S\u00fcdzucker Polska","article_modified_time":"2020-09-07T13:19:35+00:00","twitter_card":"summary_large_image","twitter_misc":{"Est. reading time":"1 minute"},"schema":{"@context":"https:\/\/schema.org","@graph":[{"@type":"WebPage","@id":"https:\/\/www.suedzucker.pl\/sustainability\/business\/suppliers\/","url":"https:\/\/www.suedzucker.pl\/sustainability\/business\/suppliers\/","name":"Suppliers - S\u00fcdzucker Polska","isPartOf":{"@id":"https:\/\/www.suedzucker.pl\/en\/#website"},"datePublished":"2020-09-03T11:22:14+00:00","dateModified":"2020-09-07T13:19:35+00:00","breadcrumb":{"@id":"https:\/\/www.suedzucker.pl\/sustainability\/business\/suppliers\/#breadcrumb"},"inLanguage":"en-US","potentialAction":[{"@type":"ReadAction","target":["https:\/\/www.suedzucker.pl\/sustainability\/business\/suppliers\/"]}]},{"@type":"BreadcrumbList","@id":"https:\/\/www.suedzucker.pl\/sustainability\/business\/suppliers\/#breadcrumb","itemListElement":[{"@type":"ListItem","position":1,"name":"Home","item":"https:\/\/www.suedzucker.pl\/en\/"},{"@type":"ListItem","position":2,"name":"Sustainability","item":"https:\/\/www.suedzucker.pl\/sustainability\/"},{"@type":"ListItem","position":3,"name":"Business","item":"https:\/\/www.suedzucker.pl\/sustainability\/business\/"},{"@type":"ListItem","position":4,"name":"Suppliers"}]},{"@type":"WebSite","@id":"https:\/\/www.suedzucker.pl\/en\/#website","url":"https:\/\/www.suedzucker.pl\/en\/","name":"S\u00fcdzucker Polska","description":"Jeste\u015bmy wiod\u0105cym producentem cukru w Polsce","potentialAction":[{"@type":"SearchAction","target":{"@type":"EntryPoint","urlTemplate":"https:\/\/www.suedzucker.pl\/en\/?s={search_term_string}"},"query-input":{"@type":"PropertyValueSpecification","valueRequired":true,"valueName":"search_term_string"}}],"inLanguage":"en-US"}]}},"_links":{"self":[{"href":"https:\/\/www.suedzucker.pl\/en\/wp-json\/wp\/v2\/pages\/12792","targetHints":{"allow":["GET"]}}],"collection":[{"href":"https:\/\/www.suedzucker.pl\/en\/wp-json\/wp\/v2\/pages"}],"about":[{"href":"https:\/\/www.suedzucker.pl\/en\/wp-json\/wp\/v2\/types\/page"}],"author":[{"embeddable":true,"href":"https:\/\/www.suedzucker.pl\/en\/wp-json\/wp\/v2\/users\/3"}],"replies":[{"embeddable":true,"href":"https:\/\/www.suedzucker.pl\/en\/wp-json\/wp\/v2\/comments?post=12792"}],"version-history":[{"count":0,"href":"https:\/\/www.suedzucker.pl\/en\/wp-json\/wp\/v2\/pages\/12792\/revisions"}],"up":[{"embeddable":true,"href":"https:\/\/www.suedzucker.pl\/en\/wp-json\/wp\/v2\/pages\/12790"}],"wp:attachment":[{"href":"https:\/\/www.suedzucker.pl\/en\/wp-json\/wp\/v2\/media?parent=12792"}],"curies":[{"name":"wp","href":"https:\/\/api.w.org\/{rel}","templated":true}]}}