{"id":12802,"date":"2020-09-03T13:30:26","date_gmt":"2020-09-03T11:30:26","guid":{"rendered":"http:\/\/suedzucker.pl\/?page_id=12802"},"modified":"2020-09-07T15:19:50","modified_gmt":"2020-09-07T13:19:50","slug":"marketing","status":"publish","type":"page","link":"https:\/\/www.suedzucker.pl\/en\/sustainability\/business\/marketing\/","title":{"rendered":"Marketing"},"content":{"rendered":"\n<p>It is very important for our business to have direct, two-way communication with consumers. For that purpose, we make use of innovative marketing tools. User opinions about our activities are very important to us and we are happy to receive comments and constructive criticism to tailor our portfolio even better to our customers\u2019 needs. We are open to people who use Cukier Kr\u00f3lewski on an everyday basis when baking, making desserts or beverages, which is why we are now on Facebook. Our \u017bycie jest S\u0142odkie (<em>Life is Sweet<\/em>) fan page helps us keep in touch with fans of cooking challenges who inspire us to keep improving Cukier Kr\u00f3lewski products.<\/p>\n\n\n\n<p>At the time of marketing new products, we discuss our proposed products with consumers. We carefully review every comment given in marketing surveys and use our conclusions to make further changes and develop our products.<\/p>\n\n\n\n<p>As we greatly stress the importance of innovative solutions, the packaging for our latest products is functional and facilitates kitchen work. We also want to ensure that our products are properly labelled, so each packaging design must receive the approval of the Quality Assurance Department in terms of compliance with Polish laws and EU regulations.<\/p>\n","protected":false},"excerpt":{"rendered":"<p>It is very important for our business to have direct, two-way communication with consumers. For that purpose, we make use of innovative marketing tools. User opinions about our activities are&#8230;<\/p>\n","protected":false},"author":3,"featured_media":0,"parent":12790,"menu_order":5,"comment_status":"closed","ping_status":"closed","template":"","meta":{"_acf_changed":false,"inline_featured_image":false,"footnotes":"","_wp_rev_ctl_limit":""},"class_list":["post-12802","page","type-page","status-publish","hentry"],"acf":[],"yoast_head":"<!-- This site is optimized with the Yoast SEO plugin v27.4 - https:\/\/yoast.com\/product\/yoast-seo-wordpress\/ -->\n<title>Marketing - S\u00fcdzucker Polska<\/title>\n<meta name=\"robots\" content=\"index, follow, max-snippet:-1, max-image-preview:large, max-video-preview:-1\" \/>\n<link rel=\"canonical\" href=\"https:\/\/www.suedzucker.pl\/sustainability\/business\/marketing\/\" \/>\n<meta property=\"og:locale\" content=\"en_US\" \/>\n<meta property=\"og:type\" content=\"article\" \/>\n<meta property=\"og:title\" content=\"Marketing - S\u00fcdzucker Polska\" \/>\n<meta property=\"og:description\" content=\"It is very important for our business to have direct, two-way communication with consumers. For that purpose, we make use of innovative marketing tools. User opinions about our activities are...\" \/>\n<meta property=\"og:url\" content=\"https:\/\/www.suedzucker.pl\/sustainability\/business\/marketing\/\" \/>\n<meta property=\"og:site_name\" content=\"S\u00fcdzucker Polska\" \/>\n<meta property=\"article:modified_time\" content=\"2020-09-07T13:19:50+00:00\" \/>\n<meta name=\"twitter:card\" content=\"summary_large_image\" \/>\n<meta name=\"twitter:label1\" content=\"Est. reading time\" \/>\n\t<meta name=\"twitter:data1\" content=\"1 minute\" \/>\n<script type=\"application\/ld+json\" class=\"yoast-schema-graph\">{\"@context\":\"https:\\\/\\\/schema.org\",\"@graph\":[{\"@type\":\"WebPage\",\"@id\":\"https:\\\/\\\/www.suedzucker.pl\\\/sustainability\\\/business\\\/marketing\\\/\",\"url\":\"https:\\\/\\\/www.suedzucker.pl\\\/sustainability\\\/business\\\/marketing\\\/\",\"name\":\"Marketing - S\u00fcdzucker Polska\",\"isPartOf\":{\"@id\":\"https:\\\/\\\/www.suedzucker.pl\\\/en\\\/#website\"},\"datePublished\":\"2020-09-03T11:30:26+00:00\",\"dateModified\":\"2020-09-07T13:19:50+00:00\",\"breadcrumb\":{\"@id\":\"https:\\\/\\\/www.suedzucker.pl\\\/sustainability\\\/business\\\/marketing\\\/#breadcrumb\"},\"inLanguage\":\"en-US\",\"potentialAction\":[{\"@type\":\"ReadAction\",\"target\":[\"https:\\\/\\\/www.suedzucker.pl\\\/sustainability\\\/business\\\/marketing\\\/\"]}]},{\"@type\":\"BreadcrumbList\",\"@id\":\"https:\\\/\\\/www.suedzucker.pl\\\/sustainability\\\/business\\\/marketing\\\/#breadcrumb\",\"itemListElement\":[{\"@type\":\"ListItem\",\"position\":1,\"name\":\"Home\",\"item\":\"https:\\\/\\\/www.suedzucker.pl\\\/en\\\/\"},{\"@type\":\"ListItem\",\"position\":2,\"name\":\"Sustainability\",\"item\":\"https:\\\/\\\/www.suedzucker.pl\\\/sustainability\\\/\"},{\"@type\":\"ListItem\",\"position\":3,\"name\":\"Business\",\"item\":\"https:\\\/\\\/www.suedzucker.pl\\\/sustainability\\\/business\\\/\"},{\"@type\":\"ListItem\",\"position\":4,\"name\":\"Marketing\"}]},{\"@type\":\"WebSite\",\"@id\":\"https:\\\/\\\/www.suedzucker.pl\\\/en\\\/#website\",\"url\":\"https:\\\/\\\/www.suedzucker.pl\\\/en\\\/\",\"name\":\"S\u00fcdzucker Polska\",\"description\":\"Jeste\u015bmy wiod\u0105cym producentem cukru w Polsce\",\"potentialAction\":[{\"@type\":\"SearchAction\",\"target\":{\"@type\":\"EntryPoint\",\"urlTemplate\":\"https:\\\/\\\/www.suedzucker.pl\\\/en\\\/?s={search_term_string}\"},\"query-input\":{\"@type\":\"PropertyValueSpecification\",\"valueRequired\":true,\"valueName\":\"search_term_string\"}}],\"inLanguage\":\"en-US\"}]}<\/script>\n<!-- \/ Yoast SEO plugin. -->","yoast_head_json":{"title":"Marketing - S\u00fcdzucker Polska","robots":{"index":"index","follow":"follow","max-snippet":"max-snippet:-1","max-image-preview":"max-image-preview:large","max-video-preview":"max-video-preview:-1"},"canonical":"https:\/\/www.suedzucker.pl\/sustainability\/business\/marketing\/","og_locale":"en_US","og_type":"article","og_title":"Marketing - S\u00fcdzucker Polska","og_description":"It is very important for our business to have direct, two-way communication with consumers. For that purpose, we make use of innovative marketing tools. User opinions about our activities are...","og_url":"https:\/\/www.suedzucker.pl\/sustainability\/business\/marketing\/","og_site_name":"S\u00fcdzucker Polska","article_modified_time":"2020-09-07T13:19:50+00:00","twitter_card":"summary_large_image","twitter_misc":{"Est. reading time":"1 minute"},"schema":{"@context":"https:\/\/schema.org","@graph":[{"@type":"WebPage","@id":"https:\/\/www.suedzucker.pl\/sustainability\/business\/marketing\/","url":"https:\/\/www.suedzucker.pl\/sustainability\/business\/marketing\/","name":"Marketing - S\u00fcdzucker Polska","isPartOf":{"@id":"https:\/\/www.suedzucker.pl\/en\/#website"},"datePublished":"2020-09-03T11:30:26+00:00","dateModified":"2020-09-07T13:19:50+00:00","breadcrumb":{"@id":"https:\/\/www.suedzucker.pl\/sustainability\/business\/marketing\/#breadcrumb"},"inLanguage":"en-US","potentialAction":[{"@type":"ReadAction","target":["https:\/\/www.suedzucker.pl\/sustainability\/business\/marketing\/"]}]},{"@type":"BreadcrumbList","@id":"https:\/\/www.suedzucker.pl\/sustainability\/business\/marketing\/#breadcrumb","itemListElement":[{"@type":"ListItem","position":1,"name":"Home","item":"https:\/\/www.suedzucker.pl\/en\/"},{"@type":"ListItem","position":2,"name":"Sustainability","item":"https:\/\/www.suedzucker.pl\/sustainability\/"},{"@type":"ListItem","position":3,"name":"Business","item":"https:\/\/www.suedzucker.pl\/sustainability\/business\/"},{"@type":"ListItem","position":4,"name":"Marketing"}]},{"@type":"WebSite","@id":"https:\/\/www.suedzucker.pl\/en\/#website","url":"https:\/\/www.suedzucker.pl\/en\/","name":"S\u00fcdzucker Polska","description":"Jeste\u015bmy wiod\u0105cym producentem cukru w Polsce","potentialAction":[{"@type":"SearchAction","target":{"@type":"EntryPoint","urlTemplate":"https:\/\/www.suedzucker.pl\/en\/?s={search_term_string}"},"query-input":{"@type":"PropertyValueSpecification","valueRequired":true,"valueName":"search_term_string"}}],"inLanguage":"en-US"}]}},"_links":{"self":[{"href":"https:\/\/www.suedzucker.pl\/en\/wp-json\/wp\/v2\/pages\/12802","targetHints":{"allow":["GET"]}}],"collection":[{"href":"https:\/\/www.suedzucker.pl\/en\/wp-json\/wp\/v2\/pages"}],"about":[{"href":"https:\/\/www.suedzucker.pl\/en\/wp-json\/wp\/v2\/types\/page"}],"author":[{"embeddable":true,"href":"https:\/\/www.suedzucker.pl\/en\/wp-json\/wp\/v2\/users\/3"}],"replies":[{"embeddable":true,"href":"https:\/\/www.suedzucker.pl\/en\/wp-json\/wp\/v2\/comments?post=12802"}],"version-history":[{"count":0,"href":"https:\/\/www.suedzucker.pl\/en\/wp-json\/wp\/v2\/pages\/12802\/revisions"}],"up":[{"embeddable":true,"href":"https:\/\/www.suedzucker.pl\/en\/wp-json\/wp\/v2\/pages\/12790"}],"wp:attachment":[{"href":"https:\/\/www.suedzucker.pl\/en\/wp-json\/wp\/v2\/media?parent=12802"}],"curies":[{"name":"wp","href":"https:\/\/api.w.org\/{rel}","templated":true}]}}