{"id":12810,"date":"2020-09-03T13:57:33","date_gmt":"2020-09-03T11:57:33","guid":{"rendered":"http:\/\/suedzucker.pl\/?page_id=12810"},"modified":"2020-09-07T15:20:00","modified_gmt":"2020-09-07T13:20:00","slug":"environment","status":"publish","type":"page","link":"https:\/\/www.suedzucker.pl\/en\/sustainability\/environment\/","title":{"rendered":"Environment"},"content":{"rendered":"\n<p>One of the most important aspects of S\u00fcdzucker Polska S.A. business is the production of top-quality sugar in harmony with the environment. As a socially responsible company, we monitor the impact of our production processes on the environment as we care about the cleanliness of nature, our common good. As a result, we are confident that beets that we procure for the production of sugar satisfy the highest quality standards. Moreover, we continuously work for the prevention of accidents and environmental damage.<\/p>\n\n\n\n<p>During more than ten years of our operation, we have carried out a series of pro-environment projects and investments intended to reduce water and fuel consumption in production processes, minimise pollution and noise emissions and sewage and waste generation.<\/p>\n\n\n\n<p>However, our everyday efforts to operate in symbiosis with the environment do not focus exclusively on pro-environment measures concerning to the production process. We also do our best to respect natural resources, such as paper, water, or energy.<\/p>\n","protected":false},"excerpt":{"rendered":"<p>One of the most important aspects of S\u00fcdzucker Polska S.A. business is the production of top-quality sugar in harmony with the environment. As a socially responsible company, we monitor the&#8230;<\/p>\n","protected":false},"author":3,"featured_media":0,"parent":12768,"menu_order":2,"comment_status":"closed","ping_status":"closed","template":"","meta":{"_acf_changed":false,"inline_featured_image":false,"footnotes":"","_wp_rev_ctl_limit":""},"class_list":["post-12810","page","type-page","status-publish","hentry"],"acf":[],"yoast_head":"<!-- This site is optimized with the Yoast SEO plugin v27.4 - https:\/\/yoast.com\/product\/yoast-seo-wordpress\/ -->\n<title>Environment - S\u00fcdzucker Polska<\/title>\n<meta name=\"robots\" content=\"index, follow, max-snippet:-1, max-image-preview:large, max-video-preview:-1\" \/>\n<link rel=\"canonical\" href=\"https:\/\/www.suedzucker.pl\/sustainability\/environment\/\" \/>\n<meta property=\"og:locale\" content=\"en_US\" \/>\n<meta property=\"og:type\" content=\"article\" \/>\n<meta property=\"og:title\" content=\"Environment - S\u00fcdzucker Polska\" \/>\n<meta property=\"og:description\" content=\"One of the most important aspects of S\u00fcdzucker Polska S.A. business is the production of top-quality sugar in harmony with the environment. As a socially responsible company, we monitor the...\" \/>\n<meta property=\"og:url\" content=\"https:\/\/www.suedzucker.pl\/sustainability\/environment\/\" \/>\n<meta property=\"og:site_name\" content=\"S\u00fcdzucker Polska\" \/>\n<meta property=\"article:modified_time\" content=\"2020-09-07T13:20:00+00:00\" \/>\n<meta name=\"twitter:card\" content=\"summary_large_image\" \/>\n<meta name=\"twitter:label1\" content=\"Est. reading time\" \/>\n\t<meta name=\"twitter:data1\" content=\"1 minute\" \/>\n<script type=\"application\/ld+json\" class=\"yoast-schema-graph\">{\"@context\":\"https:\\\/\\\/schema.org\",\"@graph\":[{\"@type\":\"WebPage\",\"@id\":\"https:\\\/\\\/www.suedzucker.pl\\\/sustainability\\\/environment\\\/\",\"url\":\"https:\\\/\\\/www.suedzucker.pl\\\/sustainability\\\/environment\\\/\",\"name\":\"Environment - S\u00fcdzucker Polska\",\"isPartOf\":{\"@id\":\"https:\\\/\\\/www.suedzucker.pl\\\/en\\\/#website\"},\"datePublished\":\"2020-09-03T11:57:33+00:00\",\"dateModified\":\"2020-09-07T13:20:00+00:00\",\"breadcrumb\":{\"@id\":\"https:\\\/\\\/www.suedzucker.pl\\\/sustainability\\\/environment\\\/#breadcrumb\"},\"inLanguage\":\"en-US\",\"potentialAction\":[{\"@type\":\"ReadAction\",\"target\":[\"https:\\\/\\\/www.suedzucker.pl\\\/sustainability\\\/environment\\\/\"]}]},{\"@type\":\"BreadcrumbList\",\"@id\":\"https:\\\/\\\/www.suedzucker.pl\\\/sustainability\\\/environment\\\/#breadcrumb\",\"itemListElement\":[{\"@type\":\"ListItem\",\"position\":1,\"name\":\"Home\",\"item\":\"https:\\\/\\\/www.suedzucker.pl\\\/en\\\/\"},{\"@type\":\"ListItem\",\"position\":2,\"name\":\"Sustainability\",\"item\":\"https:\\\/\\\/www.suedzucker.pl\\\/sustainability\\\/\"},{\"@type\":\"ListItem\",\"position\":3,\"name\":\"Environment\"}]},{\"@type\":\"WebSite\",\"@id\":\"https:\\\/\\\/www.suedzucker.pl\\\/en\\\/#website\",\"url\":\"https:\\\/\\\/www.suedzucker.pl\\\/en\\\/\",\"name\":\"S\u00fcdzucker Polska\",\"description\":\"Jeste\u015bmy wiod\u0105cym producentem cukru w Polsce\",\"potentialAction\":[{\"@type\":\"SearchAction\",\"target\":{\"@type\":\"EntryPoint\",\"urlTemplate\":\"https:\\\/\\\/www.suedzucker.pl\\\/en\\\/?s={search_term_string}\"},\"query-input\":{\"@type\":\"PropertyValueSpecification\",\"valueRequired\":true,\"valueName\":\"search_term_string\"}}],\"inLanguage\":\"en-US\"}]}<\/script>\n<!-- \/ Yoast SEO plugin. -->","yoast_head_json":{"title":"Environment - S\u00fcdzucker Polska","robots":{"index":"index","follow":"follow","max-snippet":"max-snippet:-1","max-image-preview":"max-image-preview:large","max-video-preview":"max-video-preview:-1"},"canonical":"https:\/\/www.suedzucker.pl\/sustainability\/environment\/","og_locale":"en_US","og_type":"article","og_title":"Environment - S\u00fcdzucker Polska","og_description":"One of the most important aspects of S\u00fcdzucker Polska S.A. business is the production of top-quality sugar in harmony with the environment. As a socially responsible company, we monitor the...","og_url":"https:\/\/www.suedzucker.pl\/sustainability\/environment\/","og_site_name":"S\u00fcdzucker Polska","article_modified_time":"2020-09-07T13:20:00+00:00","twitter_card":"summary_large_image","twitter_misc":{"Est. reading time":"1 minute"},"schema":{"@context":"https:\/\/schema.org","@graph":[{"@type":"WebPage","@id":"https:\/\/www.suedzucker.pl\/sustainability\/environment\/","url":"https:\/\/www.suedzucker.pl\/sustainability\/environment\/","name":"Environment - S\u00fcdzucker Polska","isPartOf":{"@id":"https:\/\/www.suedzucker.pl\/en\/#website"},"datePublished":"2020-09-03T11:57:33+00:00","dateModified":"2020-09-07T13:20:00+00:00","breadcrumb":{"@id":"https:\/\/www.suedzucker.pl\/sustainability\/environment\/#breadcrumb"},"inLanguage":"en-US","potentialAction":[{"@type":"ReadAction","target":["https:\/\/www.suedzucker.pl\/sustainability\/environment\/"]}]},{"@type":"BreadcrumbList","@id":"https:\/\/www.suedzucker.pl\/sustainability\/environment\/#breadcrumb","itemListElement":[{"@type":"ListItem","position":1,"name":"Home","item":"https:\/\/www.suedzucker.pl\/en\/"},{"@type":"ListItem","position":2,"name":"Sustainability","item":"https:\/\/www.suedzucker.pl\/sustainability\/"},{"@type":"ListItem","position":3,"name":"Environment"}]},{"@type":"WebSite","@id":"https:\/\/www.suedzucker.pl\/en\/#website","url":"https:\/\/www.suedzucker.pl\/en\/","name":"S\u00fcdzucker Polska","description":"Jeste\u015bmy wiod\u0105cym producentem cukru w Polsce","potentialAction":[{"@type":"SearchAction","target":{"@type":"EntryPoint","urlTemplate":"https:\/\/www.suedzucker.pl\/en\/?s={search_term_string}"},"query-input":{"@type":"PropertyValueSpecification","valueRequired":true,"valueName":"search_term_string"}}],"inLanguage":"en-US"}]}},"_links":{"self":[{"href":"https:\/\/www.suedzucker.pl\/en\/wp-json\/wp\/v2\/pages\/12810","targetHints":{"allow":["GET"]}}],"collection":[{"href":"https:\/\/www.suedzucker.pl\/en\/wp-json\/wp\/v2\/pages"}],"about":[{"href":"https:\/\/www.suedzucker.pl\/en\/wp-json\/wp\/v2\/types\/page"}],"author":[{"embeddable":true,"href":"https:\/\/www.suedzucker.pl\/en\/wp-json\/wp\/v2\/users\/3"}],"replies":[{"embeddable":true,"href":"https:\/\/www.suedzucker.pl\/en\/wp-json\/wp\/v2\/comments?post=12810"}],"version-history":[{"count":0,"href":"https:\/\/www.suedzucker.pl\/en\/wp-json\/wp\/v2\/pages\/12810\/revisions"}],"up":[{"embeddable":true,"href":"https:\/\/www.suedzucker.pl\/en\/wp-json\/wp\/v2\/pages\/12768"}],"wp:attachment":[{"href":"https:\/\/www.suedzucker.pl\/en\/wp-json\/wp\/v2\/media?parent=12810"}],"curies":[{"name":"wp","href":"https:\/\/api.w.org\/{rel}","templated":true}]}}