{"id":12822,"date":"2020-09-03T14:25:06","date_gmt":"2020-09-03T12:25:06","guid":{"rendered":"http:\/\/suedzucker.pl\/?page_id=12822"},"modified":"2020-09-18T11:41:46","modified_gmt":"2020-09-18T09:41:46","slug":"noise-reduction","status":"publish","type":"page","link":"https:\/\/www.suedzucker.pl\/en\/sustainability\/environment\/noise-reduction\/","title":{"rendered":"Noise Reduction"},"content":{"rendered":"\n<p>All present and planned S\u00fcdzucker Polska S.A. investment projects are guided by the overarching principle of respect for and operation in harmony with the natural environment. This is why it is so important for us to reduce the acoustic impact of our factories on their surroundings.<\/p>\n\n\n\n<p>A major project to reduce noise emissions is the construction of a tower diffuser and the rearrangement of the pulp press station and the beet pulp bridge at the \u015awidnica Sugar Factory. As a result of this project, some drives have been dismantled and moved to other locations, thus significantly reducing the noise level. The project also included the construction of an additional noise barrier close to beet pulp presses.<\/p>\n\n\n\n<p>As part of the noise protection programme, the following additional solutions have been introduced at the recently completed wastewater treatment plant at the \u015awidnica Sugar Factory:<\/p>\n\n\n\n<ul class=\"wp-block-list\"><li>plant and machinery located in closed halls;<\/li><li>internal sound-absorbing insulation in the blower room;<\/li><li>sound-absorbing blower covers.<\/li><\/ul>\n","protected":false},"excerpt":{"rendered":"<p>All present and planned S\u00fcdzucker Polska S.A. investment projects are guided by the overarching principle of respect for and operation in harmony with the natural environment. This is why it&#8230;<\/p>\n","protected":false},"author":3,"featured_media":0,"parent":12810,"menu_order":2,"comment_status":"closed","ping_status":"closed","template":"","meta":{"_acf_changed":false,"inline_featured_image":false,"footnotes":"","_wp_rev_ctl_limit":""},"class_list":["post-12822","page","type-page","status-publish","hentry"],"acf":[],"yoast_head":"<!-- This site is optimized with the Yoast SEO plugin v27.4 - https:\/\/yoast.com\/product\/yoast-seo-wordpress\/ -->\n<title>Noise Reduction - S\u00fcdzucker Polska<\/title>\n<meta name=\"robots\" content=\"index, follow, max-snippet:-1, max-image-preview:large, max-video-preview:-1\" \/>\n<link rel=\"canonical\" href=\"https:\/\/www.suedzucker.pl\/sustainability\/environment\/noise-reduction\/\" \/>\n<meta property=\"og:locale\" content=\"en_US\" \/>\n<meta property=\"og:type\" content=\"article\" \/>\n<meta property=\"og:title\" content=\"Noise Reduction - S\u00fcdzucker Polska\" \/>\n<meta property=\"og:description\" content=\"All present and planned S\u00fcdzucker Polska S.A. investment projects are guided by the overarching principle of respect for and operation in harmony with the natural environment. This is why it...\" \/>\n<meta property=\"og:url\" content=\"https:\/\/www.suedzucker.pl\/sustainability\/environment\/noise-reduction\/\" \/>\n<meta property=\"og:site_name\" content=\"S\u00fcdzucker Polska\" \/>\n<meta property=\"article:modified_time\" content=\"2020-09-18T09:41:46+00:00\" \/>\n<meta name=\"twitter:card\" content=\"summary_large_image\" \/>\n<meta name=\"twitter:label1\" content=\"Est. reading time\" \/>\n\t<meta name=\"twitter:data1\" content=\"1 minute\" \/>\n<script type=\"application\/ld+json\" class=\"yoast-schema-graph\">{\"@context\":\"https:\\\/\\\/schema.org\",\"@graph\":[{\"@type\":\"WebPage\",\"@id\":\"https:\\\/\\\/www.suedzucker.pl\\\/sustainability\\\/environment\\\/noise-reduction\\\/\",\"url\":\"https:\\\/\\\/www.suedzucker.pl\\\/sustainability\\\/environment\\\/noise-reduction\\\/\",\"name\":\"Noise Reduction - S\u00fcdzucker Polska\",\"isPartOf\":{\"@id\":\"https:\\\/\\\/www.suedzucker.pl\\\/en\\\/#website\"},\"datePublished\":\"2020-09-03T12:25:06+00:00\",\"dateModified\":\"2020-09-18T09:41:46+00:00\",\"breadcrumb\":{\"@id\":\"https:\\\/\\\/www.suedzucker.pl\\\/sustainability\\\/environment\\\/noise-reduction\\\/#breadcrumb\"},\"inLanguage\":\"en-US\",\"potentialAction\":[{\"@type\":\"ReadAction\",\"target\":[\"https:\\\/\\\/www.suedzucker.pl\\\/sustainability\\\/environment\\\/noise-reduction\\\/\"]}]},{\"@type\":\"BreadcrumbList\",\"@id\":\"https:\\\/\\\/www.suedzucker.pl\\\/sustainability\\\/environment\\\/noise-reduction\\\/#breadcrumb\",\"itemListElement\":[{\"@type\":\"ListItem\",\"position\":1,\"name\":\"Home\",\"item\":\"https:\\\/\\\/www.suedzucker.pl\\\/en\\\/\"},{\"@type\":\"ListItem\",\"position\":2,\"name\":\"Sustainability\",\"item\":\"https:\\\/\\\/www.suedzucker.pl\\\/sustainability\\\/\"},{\"@type\":\"ListItem\",\"position\":3,\"name\":\"Environment\",\"item\":\"https:\\\/\\\/www.suedzucker.pl\\\/sustainability\\\/environment\\\/\"},{\"@type\":\"ListItem\",\"position\":4,\"name\":\"Noise Reduction\"}]},{\"@type\":\"WebSite\",\"@id\":\"https:\\\/\\\/www.suedzucker.pl\\\/en\\\/#website\",\"url\":\"https:\\\/\\\/www.suedzucker.pl\\\/en\\\/\",\"name\":\"S\u00fcdzucker Polska\",\"description\":\"Jeste\u015bmy wiod\u0105cym producentem cukru w Polsce\",\"potentialAction\":[{\"@type\":\"SearchAction\",\"target\":{\"@type\":\"EntryPoint\",\"urlTemplate\":\"https:\\\/\\\/www.suedzucker.pl\\\/en\\\/?s={search_term_string}\"},\"query-input\":{\"@type\":\"PropertyValueSpecification\",\"valueRequired\":true,\"valueName\":\"search_term_string\"}}],\"inLanguage\":\"en-US\"}]}<\/script>\n<!-- \/ Yoast SEO plugin. -->","yoast_head_json":{"title":"Noise Reduction - S\u00fcdzucker Polska","robots":{"index":"index","follow":"follow","max-snippet":"max-snippet:-1","max-image-preview":"max-image-preview:large","max-video-preview":"max-video-preview:-1"},"canonical":"https:\/\/www.suedzucker.pl\/sustainability\/environment\/noise-reduction\/","og_locale":"en_US","og_type":"article","og_title":"Noise Reduction - S\u00fcdzucker Polska","og_description":"All present and planned S\u00fcdzucker Polska S.A. investment projects are guided by the overarching principle of respect for and operation in harmony with the natural environment. This is why it...","og_url":"https:\/\/www.suedzucker.pl\/sustainability\/environment\/noise-reduction\/","og_site_name":"S\u00fcdzucker Polska","article_modified_time":"2020-09-18T09:41:46+00:00","twitter_card":"summary_large_image","twitter_misc":{"Est. reading time":"1 minute"},"schema":{"@context":"https:\/\/schema.org","@graph":[{"@type":"WebPage","@id":"https:\/\/www.suedzucker.pl\/sustainability\/environment\/noise-reduction\/","url":"https:\/\/www.suedzucker.pl\/sustainability\/environment\/noise-reduction\/","name":"Noise Reduction - S\u00fcdzucker Polska","isPartOf":{"@id":"https:\/\/www.suedzucker.pl\/en\/#website"},"datePublished":"2020-09-03T12:25:06+00:00","dateModified":"2020-09-18T09:41:46+00:00","breadcrumb":{"@id":"https:\/\/www.suedzucker.pl\/sustainability\/environment\/noise-reduction\/#breadcrumb"},"inLanguage":"en-US","potentialAction":[{"@type":"ReadAction","target":["https:\/\/www.suedzucker.pl\/sustainability\/environment\/noise-reduction\/"]}]},{"@type":"BreadcrumbList","@id":"https:\/\/www.suedzucker.pl\/sustainability\/environment\/noise-reduction\/#breadcrumb","itemListElement":[{"@type":"ListItem","position":1,"name":"Home","item":"https:\/\/www.suedzucker.pl\/en\/"},{"@type":"ListItem","position":2,"name":"Sustainability","item":"https:\/\/www.suedzucker.pl\/sustainability\/"},{"@type":"ListItem","position":3,"name":"Environment","item":"https:\/\/www.suedzucker.pl\/sustainability\/environment\/"},{"@type":"ListItem","position":4,"name":"Noise Reduction"}]},{"@type":"WebSite","@id":"https:\/\/www.suedzucker.pl\/en\/#website","url":"https:\/\/www.suedzucker.pl\/en\/","name":"S\u00fcdzucker Polska","description":"Jeste\u015bmy wiod\u0105cym producentem cukru w Polsce","potentialAction":[{"@type":"SearchAction","target":{"@type":"EntryPoint","urlTemplate":"https:\/\/www.suedzucker.pl\/en\/?s={search_term_string}"},"query-input":{"@type":"PropertyValueSpecification","valueRequired":true,"valueName":"search_term_string"}}],"inLanguage":"en-US"}]}},"_links":{"self":[{"href":"https:\/\/www.suedzucker.pl\/en\/wp-json\/wp\/v2\/pages\/12822","targetHints":{"allow":["GET"]}}],"collection":[{"href":"https:\/\/www.suedzucker.pl\/en\/wp-json\/wp\/v2\/pages"}],"about":[{"href":"https:\/\/www.suedzucker.pl\/en\/wp-json\/wp\/v2\/types\/page"}],"author":[{"embeddable":true,"href":"https:\/\/www.suedzucker.pl\/en\/wp-json\/wp\/v2\/users\/3"}],"replies":[{"embeddable":true,"href":"https:\/\/www.suedzucker.pl\/en\/wp-json\/wp\/v2\/comments?post=12822"}],"version-history":[{"count":0,"href":"https:\/\/www.suedzucker.pl\/en\/wp-json\/wp\/v2\/pages\/12822\/revisions"}],"up":[{"embeddable":true,"href":"https:\/\/www.suedzucker.pl\/en\/wp-json\/wp\/v2\/pages\/12810"}],"wp:attachment":[{"href":"https:\/\/www.suedzucker.pl\/en\/wp-json\/wp\/v2\/media?parent=12822"}],"curies":[{"name":"wp","href":"https:\/\/api.w.org\/{rel}","templated":true}]}}