{"id":12830,"date":"2020-09-03T14:30:07","date_gmt":"2020-09-03T12:30:07","guid":{"rendered":"http:\/\/suedzucker.pl\/?page_id=12830"},"modified":"2020-09-07T15:19:09","modified_gmt":"2020-09-07T13:19:09","slug":"society","status":"publish","type":"page","link":"https:\/\/www.suedzucker.pl\/en\/sustainability\/society\/","title":{"rendered":"Society"},"content":{"rendered":"\n<p>Since the beginning of our presence in the Polish market, we have been doing our best to be as close to the local communities as possible. All our factories, the head office in Wroclaw, and the sales office in Krakow have been eager participants in local events.<\/p>\n\n\n\n<p>We play a role in the life of our region as a sponsor of cultural and charity events, including the harvest festival, Children\u2019s Day, festivals or Santa Claus day. We have actively involved also thanks to the great commitment of our employees.<\/p>\n\n\n\n<p>The youngest members of local communities have always been our priority. Their needs are of special importance to us. Therefore, we do our best to assist institutions which are responsible for the care of children. We are aware of the great potential of a peaceful and carefree childhood.<\/p>\n\n\n\n<p>What is also very important to us are the special family times during the year, such as Christmas or Easter. During those holidays, we do our best to assist the most underprivileged members of regional communities, both financially and through personal commitment.<\/p>\n","protected":false},"excerpt":{"rendered":"<p>Since the beginning of our presence in the Polish market, we have been doing our best to be as close to the local communities as possible. All our factories, the&#8230;<\/p>\n","protected":false},"author":3,"featured_media":0,"parent":12768,"menu_order":3,"comment_status":"closed","ping_status":"closed","template":"","meta":{"_acf_changed":false,"inline_featured_image":false,"footnotes":"","_wp_rev_ctl_limit":""},"class_list":["post-12830","page","type-page","status-publish","hentry"],"acf":[],"yoast_head":"<!-- This site is optimized with the Yoast SEO plugin v27.3 - https:\/\/yoast.com\/product\/yoast-seo-wordpress\/ -->\n<title>Society - S\u00fcdzucker Polska<\/title>\n<meta name=\"robots\" content=\"index, follow, max-snippet:-1, max-image-preview:large, max-video-preview:-1\" \/>\n<link rel=\"canonical\" href=\"https:\/\/www.suedzucker.pl\/en\/sustainability\/society\/\" \/>\n<meta property=\"og:locale\" content=\"en_US\" \/>\n<meta property=\"og:type\" content=\"article\" \/>\n<meta property=\"og:title\" content=\"Society - S\u00fcdzucker Polska\" \/>\n<meta property=\"og:description\" content=\"Since the beginning of our presence in the Polish market, we have been doing our best to be as close to the local communities as possible. All our factories, the...\" \/>\n<meta property=\"og:url\" content=\"https:\/\/www.suedzucker.pl\/en\/sustainability\/society\/\" \/>\n<meta property=\"og:site_name\" content=\"S\u00fcdzucker Polska\" \/>\n<meta property=\"article:modified_time\" content=\"2020-09-07T13:19:09+00:00\" \/>\n<meta name=\"twitter:card\" content=\"summary_large_image\" \/>\n<meta name=\"twitter:label1\" content=\"Est. reading time\" \/>\n\t<meta name=\"twitter:data1\" content=\"1 minute\" \/>\n<script type=\"application\/ld+json\" class=\"yoast-schema-graph\">{\"@context\":\"https:\\\/\\\/schema.org\",\"@graph\":[{\"@type\":\"WebPage\",\"@id\":\"https:\\\/\\\/www.suedzucker.pl\\\/en\\\/sustainability\\\/society\\\/\",\"url\":\"https:\\\/\\\/www.suedzucker.pl\\\/en\\\/sustainability\\\/society\\\/\",\"name\":\"Society - S\u00fcdzucker Polska\",\"isPartOf\":{\"@id\":\"https:\\\/\\\/www.suedzucker.pl\\\/en\\\/#website\"},\"datePublished\":\"2020-09-03T12:30:07+00:00\",\"dateModified\":\"2020-09-07T13:19:09+00:00\",\"breadcrumb\":{\"@id\":\"https:\\\/\\\/www.suedzucker.pl\\\/en\\\/sustainability\\\/society\\\/#breadcrumb\"},\"inLanguage\":\"en-US\",\"potentialAction\":[{\"@type\":\"ReadAction\",\"target\":[\"https:\\\/\\\/www.suedzucker.pl\\\/en\\\/sustainability\\\/society\\\/\"]}]},{\"@type\":\"BreadcrumbList\",\"@id\":\"https:\\\/\\\/www.suedzucker.pl\\\/en\\\/sustainability\\\/society\\\/#breadcrumb\",\"itemListElement\":[{\"@type\":\"ListItem\",\"position\":1,\"name\":\"Home\",\"item\":\"https:\\\/\\\/www.suedzucker.pl\\\/en\\\/\"},{\"@type\":\"ListItem\",\"position\":2,\"name\":\"Sustainability\",\"item\":\"https:\\\/\\\/www.suedzucker.pl\\\/sustainability\\\/\"},{\"@type\":\"ListItem\",\"position\":3,\"name\":\"Society\"}]},{\"@type\":\"WebSite\",\"@id\":\"https:\\\/\\\/www.suedzucker.pl\\\/en\\\/#website\",\"url\":\"https:\\\/\\\/www.suedzucker.pl\\\/en\\\/\",\"name\":\"S\u00fcdzucker Polska\",\"description\":\"Jeste\u015bmy wiod\u0105cym producentem cukru w Polsce\",\"potentialAction\":[{\"@type\":\"SearchAction\",\"target\":{\"@type\":\"EntryPoint\",\"urlTemplate\":\"https:\\\/\\\/www.suedzucker.pl\\\/en\\\/?s={search_term_string}\"},\"query-input\":{\"@type\":\"PropertyValueSpecification\",\"valueRequired\":true,\"valueName\":\"search_term_string\"}}],\"inLanguage\":\"en-US\"}]}<\/script>\n<!-- \/ Yoast SEO plugin. -->","yoast_head_json":{"title":"Society - S\u00fcdzucker Polska","robots":{"index":"index","follow":"follow","max-snippet":"max-snippet:-1","max-image-preview":"max-image-preview:large","max-video-preview":"max-video-preview:-1"},"canonical":"https:\/\/www.suedzucker.pl\/en\/sustainability\/society\/","og_locale":"en_US","og_type":"article","og_title":"Society - S\u00fcdzucker Polska","og_description":"Since the beginning of our presence in the Polish market, we have been doing our best to be as close to the local communities as possible. All our factories, the...","og_url":"https:\/\/www.suedzucker.pl\/en\/sustainability\/society\/","og_site_name":"S\u00fcdzucker Polska","article_modified_time":"2020-09-07T13:19:09+00:00","twitter_card":"summary_large_image","twitter_misc":{"Est. reading time":"1 minute"},"schema":{"@context":"https:\/\/schema.org","@graph":[{"@type":"WebPage","@id":"https:\/\/www.suedzucker.pl\/en\/sustainability\/society\/","url":"https:\/\/www.suedzucker.pl\/en\/sustainability\/society\/","name":"Society - S\u00fcdzucker Polska","isPartOf":{"@id":"https:\/\/www.suedzucker.pl\/en\/#website"},"datePublished":"2020-09-03T12:30:07+00:00","dateModified":"2020-09-07T13:19:09+00:00","breadcrumb":{"@id":"https:\/\/www.suedzucker.pl\/en\/sustainability\/society\/#breadcrumb"},"inLanguage":"en-US","potentialAction":[{"@type":"ReadAction","target":["https:\/\/www.suedzucker.pl\/en\/sustainability\/society\/"]}]},{"@type":"BreadcrumbList","@id":"https:\/\/www.suedzucker.pl\/en\/sustainability\/society\/#breadcrumb","itemListElement":[{"@type":"ListItem","position":1,"name":"Home","item":"https:\/\/www.suedzucker.pl\/en\/"},{"@type":"ListItem","position":2,"name":"Sustainability","item":"https:\/\/www.suedzucker.pl\/sustainability\/"},{"@type":"ListItem","position":3,"name":"Society"}]},{"@type":"WebSite","@id":"https:\/\/www.suedzucker.pl\/en\/#website","url":"https:\/\/www.suedzucker.pl\/en\/","name":"S\u00fcdzucker Polska","description":"Jeste\u015bmy wiod\u0105cym producentem cukru w Polsce","potentialAction":[{"@type":"SearchAction","target":{"@type":"EntryPoint","urlTemplate":"https:\/\/www.suedzucker.pl\/en\/?s={search_term_string}"},"query-input":{"@type":"PropertyValueSpecification","valueRequired":true,"valueName":"search_term_string"}}],"inLanguage":"en-US"}]}},"_links":{"self":[{"href":"https:\/\/www.suedzucker.pl\/en\/wp-json\/wp\/v2\/pages\/12830","targetHints":{"allow":["GET"]}}],"collection":[{"href":"https:\/\/www.suedzucker.pl\/en\/wp-json\/wp\/v2\/pages"}],"about":[{"href":"https:\/\/www.suedzucker.pl\/en\/wp-json\/wp\/v2\/types\/page"}],"author":[{"embeddable":true,"href":"https:\/\/www.suedzucker.pl\/en\/wp-json\/wp\/v2\/users\/3"}],"replies":[{"embeddable":true,"href":"https:\/\/www.suedzucker.pl\/en\/wp-json\/wp\/v2\/comments?post=12830"}],"version-history":[{"count":0,"href":"https:\/\/www.suedzucker.pl\/en\/wp-json\/wp\/v2\/pages\/12830\/revisions"}],"up":[{"embeddable":true,"href":"https:\/\/www.suedzucker.pl\/en\/wp-json\/wp\/v2\/pages\/12768"}],"wp:attachment":[{"href":"https:\/\/www.suedzucker.pl\/en\/wp-json\/wp\/v2\/media?parent=12830"}],"curies":[{"name":"wp","href":"https:\/\/api.w.org\/{rel}","templated":true}]}}