{"id":12832,"date":"2020-09-03T14:29:08","date_gmt":"2020-09-03T12:29:08","guid":{"rendered":"http:\/\/suedzucker.pl\/?page_id=12832"},"modified":"2020-09-07T15:19:15","modified_gmt":"2020-09-07T13:19:15","slug":"kids-corner-program","status":"publish","type":"page","link":"https:\/\/www.suedzucker.pl\/en\/sustainability\/society\/kids-corner-program\/","title":{"rendered":"Kid\u2019s Corner Program"},"content":{"rendered":"\n<p>S\u00fcdzucker Polska S.A. has created kid-friendly places in 7 psychological counselling centres providing day-to-day assistance to children and 2 sports centres&nbsp;across 5 provinces. Creating those cosy nooks with colourful furniture and toys is another S\u00fcdzucker Polska S.A. initiative for local communities and is in line with the company\u2019s mission and policy.<\/p>\n\n\n\n<p>Sweet Valley is a specially designated section of a room where the youngest children can have fun. Colourful wallpaper, furniture with the proper height and toys create a friendly space where children can draw, do puzzles or play board games.<\/p>\n\n\n\n<p>Is there a need for such children\u2019s corners? Experts know it best. &#8220;At our counselling centre, diagnosis and therapy sessions may last from 1 to 3 hours. During diagnosis, we have breaks for kids to eat, relax and play. Sweet Valley is a perfect place for such breaks&#8221;, says Zofia Dylska, director of the psychological counselling centre in Ropczyce, where S\u00fcdzucker Polska S.A. funded one of such corners. &#8220;Parents often arrive early and take several children with them. Thanks to such corners, their time in the counselling centre runs faster and is more enjoyable. Sweet Valley is a great initiative because space for children should be safe, attractive and colourful. Our small patients are delighted with their corner and sometimes it is hard to persuade them to go to the therapist\u2019s room&#8221;, continues Ms Dylska.<\/p>\n\n\n\n<p>This initiative was launched as a result of suggestions from S\u00fcdzucker Polska S.A. employees who noticed the need for this type of corners in establishments visited by children, where the equipment includes no more than \u2018adult\u2019 chairs.<\/p>\n\n\n\n<p>&#8220;Creating kid-friendly spaces in institutions taking care of children has recently become one of the priorities of our CSR activities. We know how important it is to have a carefree and peaceful childhood and we are happy to sponsor kid-related projects in regions connected with our company. We are already seeing considerable interest and we believe that children will be eager to use our kids\u2019 corners. And we will regularly provide toys so that they never run short of them&#8221;, says Beatrycze Grela, Marketing and PR Director at S\u00fcdzucker Polska S.A.<\/p>\n\n\n\n<p>Sweet Valley is a project of nine kids\u2019 corners sponsored entirely by our company. The youngest can enjoy themselves in such corners in K\u0119dzierzyn-Ko\u017ale, Zakrz\u00f3w, Ropczyce, Hrubiesz\u00f3w, O\u0142awa, \u015awidnica, Wroc\u0142aw and Krak\u00f3w where S\u00fcdzucker Polska S.A. manufacturing facilities and offices are located.<\/p>\n\n\n<section  class=\"slider-new\">\r\n    <div class=\"swiper-container gallery-top\">\r\n        <div class=\"swiper-wrapper\">\r\n                                                <div class=\"swiper-slide\">\r\n                        <img loading=\"lazy\" decoding=\"async\" width=\"870\" height=\"550\" src=\"https:\/\/www.suedzucker.pl\/wp-content\/uploads\/2020\/07\/r1.jpg\" class=\"swiper-img\" alt=\"\" srcset=\"https:\/\/www.suedzucker.pl\/wp-content\/uploads\/2020\/07\/r1.jpg 870w, https:\/\/www.suedzucker.pl\/wp-content\/uploads\/2020\/07\/r1-300x190.jpg 300w, https:\/\/www.suedzucker.pl\/wp-content\/uploads\/2020\/07\/r1-768x486.jpg 768w, https:\/\/www.suedzucker.pl\/wp-content\/uploads\/2020\/07\/r1-500x316.jpg 500w\" sizes=\"auto, (max-width: 870px) 100vw, 870px\" \/>                    <\/div>\r\n                                    <div class=\"swiper-slide\">\r\n                        <img loading=\"lazy\" decoding=\"async\" width=\"700\" height=\"477\" src=\"https:\/\/www.suedzucker.pl\/wp-content\/uploads\/2020\/07\/r5.jpg\" class=\"swiper-img\" alt=\"\" srcset=\"https:\/\/www.suedzucker.pl\/wp-content\/uploads\/2020\/07\/r5.jpg 700w, https:\/\/www.suedzucker.pl\/wp-content\/uploads\/2020\/07\/r5-300x204.jpg 300w, https:\/\/www.suedzucker.pl\/wp-content\/uploads\/2020\/07\/r5-500x341.jpg 500w\" sizes=\"auto, (max-width: 700px) 100vw, 700px\" \/>                    <\/div>\r\n                                    <div class=\"swiper-slide\">\r\n                        <img loading=\"lazy\" decoding=\"async\" width=\"700\" height=\"586\" src=\"https:\/\/www.suedzucker.pl\/wp-content\/uploads\/2020\/07\/r4.jpg\" class=\"swiper-img\" alt=\"\" srcset=\"https:\/\/www.suedzucker.pl\/wp-content\/uploads\/2020\/07\/r4.jpg 700w, https:\/\/www.suedzucker.pl\/wp-content\/uploads\/2020\/07\/r4-300x251.jpg 300w, https:\/\/www.suedzucker.pl\/wp-content\/uploads\/2020\/07\/r4-500x419.jpg 500w\" sizes=\"auto, (max-width: 700px) 100vw, 700px\" \/>                    <\/div>\r\n                                    <div class=\"swiper-slide\">\r\n                        <img loading=\"lazy\" decoding=\"async\" width=\"700\" height=\"533\" src=\"https:\/\/www.suedzucker.pl\/wp-content\/uploads\/2020\/07\/r3.jpg\" class=\"swiper-img\" alt=\"\" srcset=\"https:\/\/www.suedzucker.pl\/wp-content\/uploads\/2020\/07\/r3.jpg 700w, https:\/\/www.suedzucker.pl\/wp-content\/uploads\/2020\/07\/r3-300x228.jpg 300w, https:\/\/www.suedzucker.pl\/wp-content\/uploads\/2020\/07\/r3-500x381.jpg 500w\" sizes=\"auto, (max-width: 700px) 100vw, 700px\" \/>                    <\/div>\r\n                                    <div class=\"swiper-slide\">\r\n                        <img loading=\"lazy\" decoding=\"async\" width=\"940\" height=\"624\" src=\"https:\/\/www.suedzucker.pl\/wp-content\/uploads\/2020\/07\/r2.jpg\" class=\"swiper-img\" alt=\"\" srcset=\"https:\/\/www.suedzucker.pl\/wp-content\/uploads\/2020\/07\/r2.jpg 940w, https:\/\/www.suedzucker.pl\/wp-content\/uploads\/2020\/07\/r2-300x199.jpg 300w, https:\/\/www.suedzucker.pl\/wp-content\/uploads\/2020\/07\/r2-768x510.jpg 768w, https:\/\/www.suedzucker.pl\/wp-content\/uploads\/2020\/07\/r2-500x332.jpg 500w\" sizes=\"auto, (max-width: 940px) 100vw, 940px\" \/>                    <\/div>\r\n                                    <div class=\"swiper-slide\">\r\n                        <img loading=\"lazy\" decoding=\"async\" width=\"336\" height=\"448\" src=\"https:\/\/www.suedzucker.pl\/wp-content\/uploads\/2020\/07\/r7.jpg\" class=\"swiper-img\" alt=\"\" srcset=\"https:\/\/www.suedzucker.pl\/wp-content\/uploads\/2020\/07\/r7.jpg 336w, https:\/\/www.suedzucker.pl\/wp-content\/uploads\/2020\/07\/r7-225x300.jpg 225w\" sizes=\"auto, (max-width: 336px) 100vw, 336px\" \/>                    <\/div>\r\n                                    <div class=\"swiper-slide\">\r\n                        <img loading=\"lazy\" decoding=\"async\" width=\"425\" height=\"377\" src=\"https:\/\/www.suedzucker.pl\/wp-content\/uploads\/2020\/07\/r6.jpg\" class=\"swiper-img\" alt=\"\" srcset=\"https:\/\/www.suedzucker.pl\/wp-content\/uploads\/2020\/07\/r6.jpg 425w, https:\/\/www.suedzucker.pl\/wp-content\/uploads\/2020\/07\/r6-300x266.jpg 300w\" sizes=\"auto, (max-width: 425px) 100vw, 425px\" \/>                    <\/div>\r\n                                    <\/div>\r\n    <\/div>\r\n    <div class=\"swiper-button-next swiper-button-white\"><\/div>\r\n    <div class=\"swiper-button-prev swiper-button-white\"><\/div>\r\n    <div class=\"swiper-container gallery-thumbs\">\r\n        <div class=\"swiper-wrapper\">\r\n                                                <div class=\"swiper-slide\">\r\n                        <img loading=\"lazy\" decoding=\"async\" width=\"870\" height=\"550\" src=\"https:\/\/www.suedzucker.pl\/wp-content\/uploads\/2020\/07\/r1.jpg\" class=\"swiper-img\" alt=\"\" srcset=\"https:\/\/www.suedzucker.pl\/wp-content\/uploads\/2020\/07\/r1.jpg 870w, https:\/\/www.suedzucker.pl\/wp-content\/uploads\/2020\/07\/r1-300x190.jpg 300w, https:\/\/www.suedzucker.pl\/wp-content\/uploads\/2020\/07\/r1-768x486.jpg 768w, https:\/\/www.suedzucker.pl\/wp-content\/uploads\/2020\/07\/r1-500x316.jpg 500w\" sizes=\"auto, (max-width: 870px) 100vw, 870px\" \/>                    <\/div>\r\n                                    <div class=\"swiper-slide\">\r\n                        <img loading=\"lazy\" decoding=\"async\" width=\"700\" height=\"477\" src=\"https:\/\/www.suedzucker.pl\/wp-content\/uploads\/2020\/07\/r5.jpg\" class=\"swiper-img\" alt=\"\" srcset=\"https:\/\/www.suedzucker.pl\/wp-content\/uploads\/2020\/07\/r5.jpg 700w, https:\/\/www.suedzucker.pl\/wp-content\/uploads\/2020\/07\/r5-300x204.jpg 300w, https:\/\/www.suedzucker.pl\/wp-content\/uploads\/2020\/07\/r5-500x341.jpg 500w\" sizes=\"auto, (max-width: 700px) 100vw, 700px\" \/>                    <\/div>\r\n                                    <div class=\"swiper-slide\">\r\n                        <img loading=\"lazy\" decoding=\"async\" width=\"700\" height=\"586\" src=\"https:\/\/www.suedzucker.pl\/wp-content\/uploads\/2020\/07\/r4.jpg\" class=\"swiper-img\" alt=\"\" srcset=\"https:\/\/www.suedzucker.pl\/wp-content\/uploads\/2020\/07\/r4.jpg 700w, https:\/\/www.suedzucker.pl\/wp-content\/uploads\/2020\/07\/r4-300x251.jpg 300w, https:\/\/www.suedzucker.pl\/wp-content\/uploads\/2020\/07\/r4-500x419.jpg 500w\" sizes=\"auto, (max-width: 700px) 100vw, 700px\" \/>                    <\/div>\r\n                                    <div class=\"swiper-slide\">\r\n                        <img loading=\"lazy\" decoding=\"async\" width=\"700\" height=\"533\" src=\"https:\/\/www.suedzucker.pl\/wp-content\/uploads\/2020\/07\/r3.jpg\" class=\"swiper-img\" alt=\"\" srcset=\"https:\/\/www.suedzucker.pl\/wp-content\/uploads\/2020\/07\/r3.jpg 700w, https:\/\/www.suedzucker.pl\/wp-content\/uploads\/2020\/07\/r3-300x228.jpg 300w, https:\/\/www.suedzucker.pl\/wp-content\/uploads\/2020\/07\/r3-500x381.jpg 500w\" sizes=\"auto, (max-width: 700px) 100vw, 700px\" \/>                    <\/div>\r\n                                    <div class=\"swiper-slide\">\r\n                        <img loading=\"lazy\" decoding=\"async\" width=\"940\" height=\"624\" src=\"https:\/\/www.suedzucker.pl\/wp-content\/uploads\/2020\/07\/r2.jpg\" class=\"swiper-img\" alt=\"\" srcset=\"https:\/\/www.suedzucker.pl\/wp-content\/uploads\/2020\/07\/r2.jpg 940w, https:\/\/www.suedzucker.pl\/wp-content\/uploads\/2020\/07\/r2-300x199.jpg 300w, https:\/\/www.suedzucker.pl\/wp-content\/uploads\/2020\/07\/r2-768x510.jpg 768w, https:\/\/www.suedzucker.pl\/wp-content\/uploads\/2020\/07\/r2-500x332.jpg 500w\" sizes=\"auto, (max-width: 940px) 100vw, 940px\" \/>                    <\/div>\r\n                                    <div class=\"swiper-slide\">\r\n                        <img loading=\"lazy\" decoding=\"async\" width=\"336\" height=\"448\" src=\"https:\/\/www.suedzucker.pl\/wp-content\/uploads\/2020\/07\/r7.jpg\" class=\"swiper-img\" alt=\"\" srcset=\"https:\/\/www.suedzucker.pl\/wp-content\/uploads\/2020\/07\/r7.jpg 336w, https:\/\/www.suedzucker.pl\/wp-content\/uploads\/2020\/07\/r7-225x300.jpg 225w\" sizes=\"auto, (max-width: 336px) 100vw, 336px\" \/>                    <\/div>\r\n                                    <div class=\"swiper-slide\">\r\n                        <img loading=\"lazy\" decoding=\"async\" width=\"425\" height=\"377\" src=\"https:\/\/www.suedzucker.pl\/wp-content\/uploads\/2020\/07\/r6.jpg\" class=\"swiper-img\" alt=\"\" srcset=\"https:\/\/www.suedzucker.pl\/wp-content\/uploads\/2020\/07\/r6.jpg 425w, https:\/\/www.suedzucker.pl\/wp-content\/uploads\/2020\/07\/r6-300x266.jpg 300w\" sizes=\"auto, (max-width: 425px) 100vw, 425px\" \/>                    <\/div>\r\n                                    <\/div>\r\n    <\/div>\r\n<\/section>","protected":false},"excerpt":{"rendered":"<p>S\u00fcdzucker Polska S.A. has created kid-friendly places in 7 psychological counselling centres providing day-to-day assistance to children and 2 sports centres&nbsp;across 5 provinces. Creating those cosy nooks with colourful furniture&#8230;<\/p>\n","protected":false},"author":3,"featured_media":0,"parent":12830,"menu_order":0,"comment_status":"closed","ping_status":"closed","template":"","meta":{"_acf_changed":false,"inline_featured_image":false,"footnotes":"","_wp_rev_ctl_limit":""},"class_list":["post-12832","page","type-page","status-publish","hentry"],"acf":[],"yoast_head":"<!-- This site is optimized with the Yoast SEO plugin v27.4 - https:\/\/yoast.com\/product\/yoast-seo-wordpress\/ -->\n<title>Kid\u2019s Corner Program - S\u00fcdzucker Polska<\/title>\n<meta name=\"robots\" content=\"index, follow, max-snippet:-1, max-image-preview:large, max-video-preview:-1\" \/>\n<link rel=\"canonical\" href=\"https:\/\/www.suedzucker.pl\/sustainability\/society\/kids-corner-program\/\" \/>\n<meta property=\"og:locale\" content=\"en_US\" \/>\n<meta property=\"og:type\" content=\"article\" \/>\n<meta property=\"og:title\" content=\"Kid\u2019s Corner Program - S\u00fcdzucker Polska\" \/>\n<meta property=\"og:description\" content=\"S\u00fcdzucker Polska S.A. has created kid-friendly places in 7 psychological counselling centres providing day-to-day assistance to children and 2 sports centres&nbsp;across 5 provinces. Creating those cosy nooks with colourful furniture...\" \/>\n<meta property=\"og:url\" content=\"https:\/\/www.suedzucker.pl\/sustainability\/society\/kids-corner-program\/\" \/>\n<meta property=\"og:site_name\" content=\"S\u00fcdzucker Polska\" \/>\n<meta property=\"article:modified_time\" content=\"2020-09-07T13:19:15+00:00\" \/>\n<meta name=\"twitter:card\" content=\"summary_large_image\" \/>\n<meta name=\"twitter:label1\" content=\"Est. reading time\" \/>\n\t<meta name=\"twitter:data1\" content=\"2 minutes\" \/>\n<script type=\"application\/ld+json\" class=\"yoast-schema-graph\">{\"@context\":\"https:\\\/\\\/schema.org\",\"@graph\":[{\"@type\":\"WebPage\",\"@id\":\"https:\\\/\\\/www.suedzucker.pl\\\/sustainability\\\/society\\\/kids-corner-program\\\/\",\"url\":\"https:\\\/\\\/www.suedzucker.pl\\\/sustainability\\\/society\\\/kids-corner-program\\\/\",\"name\":\"Kid\u2019s Corner Program - S\u00fcdzucker Polska\",\"isPartOf\":{\"@id\":\"https:\\\/\\\/www.suedzucker.pl\\\/en\\\/#website\"},\"datePublished\":\"2020-09-03T12:29:08+00:00\",\"dateModified\":\"2020-09-07T13:19:15+00:00\",\"breadcrumb\":{\"@id\":\"https:\\\/\\\/www.suedzucker.pl\\\/sustainability\\\/society\\\/kids-corner-program\\\/#breadcrumb\"},\"inLanguage\":\"en-US\",\"potentialAction\":[{\"@type\":\"ReadAction\",\"target\":[\"https:\\\/\\\/www.suedzucker.pl\\\/sustainability\\\/society\\\/kids-corner-program\\\/\"]}]},{\"@type\":\"BreadcrumbList\",\"@id\":\"https:\\\/\\\/www.suedzucker.pl\\\/sustainability\\\/society\\\/kids-corner-program\\\/#breadcrumb\",\"itemListElement\":[{\"@type\":\"ListItem\",\"position\":1,\"name\":\"Home\",\"item\":\"https:\\\/\\\/www.suedzucker.pl\\\/en\\\/\"},{\"@type\":\"ListItem\",\"position\":2,\"name\":\"Sustainability\",\"item\":\"https:\\\/\\\/www.suedzucker.pl\\\/sustainability\\\/\"},{\"@type\":\"ListItem\",\"position\":3,\"name\":\"Society\",\"item\":\"https:\\\/\\\/www.suedzucker.pl\\\/en\\\/sustainability\\\/society\\\/\"},{\"@type\":\"ListItem\",\"position\":4,\"name\":\"Kid\u2019s Corner Program\"}]},{\"@type\":\"WebSite\",\"@id\":\"https:\\\/\\\/www.suedzucker.pl\\\/en\\\/#website\",\"url\":\"https:\\\/\\\/www.suedzucker.pl\\\/en\\\/\",\"name\":\"S\u00fcdzucker Polska\",\"description\":\"Jeste\u015bmy wiod\u0105cym producentem cukru w Polsce\",\"potentialAction\":[{\"@type\":\"SearchAction\",\"target\":{\"@type\":\"EntryPoint\",\"urlTemplate\":\"https:\\\/\\\/www.suedzucker.pl\\\/en\\\/?s={search_term_string}\"},\"query-input\":{\"@type\":\"PropertyValueSpecification\",\"valueRequired\":true,\"valueName\":\"search_term_string\"}}],\"inLanguage\":\"en-US\"}]}<\/script>\n<!-- \/ Yoast SEO plugin. -->","yoast_head_json":{"title":"Kid\u2019s Corner Program - S\u00fcdzucker Polska","robots":{"index":"index","follow":"follow","max-snippet":"max-snippet:-1","max-image-preview":"max-image-preview:large","max-video-preview":"max-video-preview:-1"},"canonical":"https:\/\/www.suedzucker.pl\/sustainability\/society\/kids-corner-program\/","og_locale":"en_US","og_type":"article","og_title":"Kid\u2019s Corner Program - S\u00fcdzucker Polska","og_description":"S\u00fcdzucker Polska S.A. has created kid-friendly places in 7 psychological counselling centres providing day-to-day assistance to children and 2 sports centres&nbsp;across 5 provinces. Creating those cosy nooks with colourful furniture...","og_url":"https:\/\/www.suedzucker.pl\/sustainability\/society\/kids-corner-program\/","og_site_name":"S\u00fcdzucker Polska","article_modified_time":"2020-09-07T13:19:15+00:00","twitter_card":"summary_large_image","twitter_misc":{"Est. reading time":"2 minutes"},"schema":{"@context":"https:\/\/schema.org","@graph":[{"@type":"WebPage","@id":"https:\/\/www.suedzucker.pl\/sustainability\/society\/kids-corner-program\/","url":"https:\/\/www.suedzucker.pl\/sustainability\/society\/kids-corner-program\/","name":"Kid\u2019s Corner Program - S\u00fcdzucker Polska","isPartOf":{"@id":"https:\/\/www.suedzucker.pl\/en\/#website"},"datePublished":"2020-09-03T12:29:08+00:00","dateModified":"2020-09-07T13:19:15+00:00","breadcrumb":{"@id":"https:\/\/www.suedzucker.pl\/sustainability\/society\/kids-corner-program\/#breadcrumb"},"inLanguage":"en-US","potentialAction":[{"@type":"ReadAction","target":["https:\/\/www.suedzucker.pl\/sustainability\/society\/kids-corner-program\/"]}]},{"@type":"BreadcrumbList","@id":"https:\/\/www.suedzucker.pl\/sustainability\/society\/kids-corner-program\/#breadcrumb","itemListElement":[{"@type":"ListItem","position":1,"name":"Home","item":"https:\/\/www.suedzucker.pl\/en\/"},{"@type":"ListItem","position":2,"name":"Sustainability","item":"https:\/\/www.suedzucker.pl\/sustainability\/"},{"@type":"ListItem","position":3,"name":"Society","item":"https:\/\/www.suedzucker.pl\/en\/sustainability\/society\/"},{"@type":"ListItem","position":4,"name":"Kid\u2019s Corner Program"}]},{"@type":"WebSite","@id":"https:\/\/www.suedzucker.pl\/en\/#website","url":"https:\/\/www.suedzucker.pl\/en\/","name":"S\u00fcdzucker Polska","description":"Jeste\u015bmy wiod\u0105cym producentem cukru w Polsce","potentialAction":[{"@type":"SearchAction","target":{"@type":"EntryPoint","urlTemplate":"https:\/\/www.suedzucker.pl\/en\/?s={search_term_string}"},"query-input":{"@type":"PropertyValueSpecification","valueRequired":true,"valueName":"search_term_string"}}],"inLanguage":"en-US"}]}},"_links":{"self":[{"href":"https:\/\/www.suedzucker.pl\/en\/wp-json\/wp\/v2\/pages\/12832","targetHints":{"allow":["GET"]}}],"collection":[{"href":"https:\/\/www.suedzucker.pl\/en\/wp-json\/wp\/v2\/pages"}],"about":[{"href":"https:\/\/www.suedzucker.pl\/en\/wp-json\/wp\/v2\/types\/page"}],"author":[{"embeddable":true,"href":"https:\/\/www.suedzucker.pl\/en\/wp-json\/wp\/v2\/users\/3"}],"replies":[{"embeddable":true,"href":"https:\/\/www.suedzucker.pl\/en\/wp-json\/wp\/v2\/comments?post=12832"}],"version-history":[{"count":0,"href":"https:\/\/www.suedzucker.pl\/en\/wp-json\/wp\/v2\/pages\/12832\/revisions"}],"up":[{"embeddable":true,"href":"https:\/\/www.suedzucker.pl\/en\/wp-json\/wp\/v2\/pages\/12830"}],"wp:attachment":[{"href":"https:\/\/www.suedzucker.pl\/en\/wp-json\/wp\/v2\/media?parent=12832"}],"curies":[{"name":"wp","href":"https:\/\/api.w.org\/{rel}","templated":true}]}}