{"id":12835,"date":"2020-09-03T14:30:45","date_gmt":"2020-09-03T12:30:45","guid":{"rendered":"http:\/\/suedzucker.pl\/?page_id=12835"},"modified":"2020-09-07T15:18:31","modified_gmt":"2020-09-07T13:18:31","slug":"social-responsibility","status":"publish","type":"page","link":"https:\/\/www.suedzucker.pl\/en\/sustainability\/social-responsibility\/","title":{"rendered":"Social Responsibility"},"content":{"rendered":"\n<p>As a socially responsible company, S\u00fcdzucker Polska S.A. has joined SEDEX, an ethical data exchange platform. Sharing experiences relating to business ethics and taking advantage of practices followed by others allows members to continuously work on raising the level of corporate business ethics and responsibility.<\/p>\n\n\n\n<p>S\u00fcdzucker Polska S.A. has also developed an internal Code of Conduct applicable to all employees, regardless of their position. Its purpose is to specify the principles of conduct based on corporate guiding values which should be followed by our employees.<\/p>\n","protected":false},"excerpt":{"rendered":"<p>As a socially responsible company, S\u00fcdzucker Polska S.A. has joined SEDEX, an ethical data exchange platform. Sharing experiences relating to business ethics and taking advantage of practices followed by others&#8230;<\/p>\n","protected":false},"author":3,"featured_media":0,"parent":12768,"menu_order":4,"comment_status":"closed","ping_status":"closed","template":"","meta":{"_acf_changed":false,"inline_featured_image":false,"footnotes":"","_wp_rev_ctl_limit":""},"class_list":["post-12835","page","type-page","status-publish","hentry"],"acf":[],"yoast_head":"<!-- This site is optimized with the Yoast SEO plugin v27.3 - https:\/\/yoast.com\/product\/yoast-seo-wordpress\/ -->\n<title>Social Responsibility - S\u00fcdzucker Polska<\/title>\n<meta name=\"robots\" content=\"index, follow, max-snippet:-1, max-image-preview:large, max-video-preview:-1\" \/>\n<link rel=\"canonical\" href=\"https:\/\/www.suedzucker.pl\/en\/sustainability\/social-responsibility\/\" \/>\n<meta property=\"og:locale\" content=\"en_US\" \/>\n<meta property=\"og:type\" content=\"article\" \/>\n<meta property=\"og:title\" content=\"Social Responsibility - S\u00fcdzucker Polska\" \/>\n<meta property=\"og:description\" content=\"As a socially responsible company, S\u00fcdzucker Polska S.A. has joined SEDEX, an ethical data exchange platform. Sharing experiences relating to business ethics and taking advantage of practices followed by others...\" \/>\n<meta property=\"og:url\" content=\"https:\/\/www.suedzucker.pl\/en\/sustainability\/social-responsibility\/\" \/>\n<meta property=\"og:site_name\" content=\"S\u00fcdzucker Polska\" \/>\n<meta property=\"article:modified_time\" content=\"2020-09-07T13:18:31+00:00\" \/>\n<meta name=\"twitter:card\" content=\"summary_large_image\" \/>\n<script type=\"application\/ld+json\" class=\"yoast-schema-graph\">{\"@context\":\"https:\\\/\\\/schema.org\",\"@graph\":[{\"@type\":\"WebPage\",\"@id\":\"https:\\\/\\\/www.suedzucker.pl\\\/en\\\/sustainability\\\/social-responsibility\\\/\",\"url\":\"https:\\\/\\\/www.suedzucker.pl\\\/en\\\/sustainability\\\/social-responsibility\\\/\",\"name\":\"Social Responsibility - S\u00fcdzucker Polska\",\"isPartOf\":{\"@id\":\"https:\\\/\\\/www.suedzucker.pl\\\/en\\\/#website\"},\"datePublished\":\"2020-09-03T12:30:45+00:00\",\"dateModified\":\"2020-09-07T13:18:31+00:00\",\"breadcrumb\":{\"@id\":\"https:\\\/\\\/www.suedzucker.pl\\\/en\\\/sustainability\\\/social-responsibility\\\/#breadcrumb\"},\"inLanguage\":\"en-US\",\"potentialAction\":[{\"@type\":\"ReadAction\",\"target\":[\"https:\\\/\\\/www.suedzucker.pl\\\/en\\\/sustainability\\\/social-responsibility\\\/\"]}]},{\"@type\":\"BreadcrumbList\",\"@id\":\"https:\\\/\\\/www.suedzucker.pl\\\/en\\\/sustainability\\\/social-responsibility\\\/#breadcrumb\",\"itemListElement\":[{\"@type\":\"ListItem\",\"position\":1,\"name\":\"Home\",\"item\":\"https:\\\/\\\/www.suedzucker.pl\\\/en\\\/\"},{\"@type\":\"ListItem\",\"position\":2,\"name\":\"Sustainability\",\"item\":\"https:\\\/\\\/www.suedzucker.pl\\\/sustainability\\\/\"},{\"@type\":\"ListItem\",\"position\":3,\"name\":\"Social Responsibility\"}]},{\"@type\":\"WebSite\",\"@id\":\"https:\\\/\\\/www.suedzucker.pl\\\/en\\\/#website\",\"url\":\"https:\\\/\\\/www.suedzucker.pl\\\/en\\\/\",\"name\":\"S\u00fcdzucker Polska\",\"description\":\"Jeste\u015bmy wiod\u0105cym producentem cukru w Polsce\",\"potentialAction\":[{\"@type\":\"SearchAction\",\"target\":{\"@type\":\"EntryPoint\",\"urlTemplate\":\"https:\\\/\\\/www.suedzucker.pl\\\/en\\\/?s={search_term_string}\"},\"query-input\":{\"@type\":\"PropertyValueSpecification\",\"valueRequired\":true,\"valueName\":\"search_term_string\"}}],\"inLanguage\":\"en-US\"}]}<\/script>\n<!-- \/ Yoast SEO plugin. -->","yoast_head_json":{"title":"Social Responsibility - S\u00fcdzucker Polska","robots":{"index":"index","follow":"follow","max-snippet":"max-snippet:-1","max-image-preview":"max-image-preview:large","max-video-preview":"max-video-preview:-1"},"canonical":"https:\/\/www.suedzucker.pl\/en\/sustainability\/social-responsibility\/","og_locale":"en_US","og_type":"article","og_title":"Social Responsibility - S\u00fcdzucker Polska","og_description":"As a socially responsible company, S\u00fcdzucker Polska S.A. has joined SEDEX, an ethical data exchange platform. Sharing experiences relating to business ethics and taking advantage of practices followed by others...","og_url":"https:\/\/www.suedzucker.pl\/en\/sustainability\/social-responsibility\/","og_site_name":"S\u00fcdzucker Polska","article_modified_time":"2020-09-07T13:18:31+00:00","twitter_card":"summary_large_image","schema":{"@context":"https:\/\/schema.org","@graph":[{"@type":"WebPage","@id":"https:\/\/www.suedzucker.pl\/en\/sustainability\/social-responsibility\/","url":"https:\/\/www.suedzucker.pl\/en\/sustainability\/social-responsibility\/","name":"Social Responsibility - S\u00fcdzucker Polska","isPartOf":{"@id":"https:\/\/www.suedzucker.pl\/en\/#website"},"datePublished":"2020-09-03T12:30:45+00:00","dateModified":"2020-09-07T13:18:31+00:00","breadcrumb":{"@id":"https:\/\/www.suedzucker.pl\/en\/sustainability\/social-responsibility\/#breadcrumb"},"inLanguage":"en-US","potentialAction":[{"@type":"ReadAction","target":["https:\/\/www.suedzucker.pl\/en\/sustainability\/social-responsibility\/"]}]},{"@type":"BreadcrumbList","@id":"https:\/\/www.suedzucker.pl\/en\/sustainability\/social-responsibility\/#breadcrumb","itemListElement":[{"@type":"ListItem","position":1,"name":"Home","item":"https:\/\/www.suedzucker.pl\/en\/"},{"@type":"ListItem","position":2,"name":"Sustainability","item":"https:\/\/www.suedzucker.pl\/sustainability\/"},{"@type":"ListItem","position":3,"name":"Social Responsibility"}]},{"@type":"WebSite","@id":"https:\/\/www.suedzucker.pl\/en\/#website","url":"https:\/\/www.suedzucker.pl\/en\/","name":"S\u00fcdzucker Polska","description":"Jeste\u015bmy wiod\u0105cym producentem cukru w Polsce","potentialAction":[{"@type":"SearchAction","target":{"@type":"EntryPoint","urlTemplate":"https:\/\/www.suedzucker.pl\/en\/?s={search_term_string}"},"query-input":{"@type":"PropertyValueSpecification","valueRequired":true,"valueName":"search_term_string"}}],"inLanguage":"en-US"}]}},"_links":{"self":[{"href":"https:\/\/www.suedzucker.pl\/en\/wp-json\/wp\/v2\/pages\/12835","targetHints":{"allow":["GET"]}}],"collection":[{"href":"https:\/\/www.suedzucker.pl\/en\/wp-json\/wp\/v2\/pages"}],"about":[{"href":"https:\/\/www.suedzucker.pl\/en\/wp-json\/wp\/v2\/types\/page"}],"author":[{"embeddable":true,"href":"https:\/\/www.suedzucker.pl\/en\/wp-json\/wp\/v2\/users\/3"}],"replies":[{"embeddable":true,"href":"https:\/\/www.suedzucker.pl\/en\/wp-json\/wp\/v2\/comments?post=12835"}],"version-history":[{"count":0,"href":"https:\/\/www.suedzucker.pl\/en\/wp-json\/wp\/v2\/pages\/12835\/revisions"}],"up":[{"embeddable":true,"href":"https:\/\/www.suedzucker.pl\/en\/wp-json\/wp\/v2\/pages\/12768"}],"wp:attachment":[{"href":"https:\/\/www.suedzucker.pl\/en\/wp-json\/wp\/v2\/media?parent=12835"}],"curies":[{"name":"wp","href":"https:\/\/api.w.org\/{rel}","templated":true}]}}