{"id":12839,"date":"2020-09-03T14:33:36","date_gmt":"2020-09-03T12:33:36","guid":{"rendered":"http:\/\/suedzucker.pl\/?page_id=12839"},"modified":"2026-03-25T14:32:36","modified_gmt":"2026-03-25T13:32:36","slug":"code-of-conduct","status":"publish","type":"page","link":"https:\/\/www.suedzucker.pl\/en\/sustainability\/social-responsibility\/code-of-conduct\/","title":{"rendered":"Code of Conduct"},"content":{"rendered":"\n<p>S\u00fcdzucker Polska S.A. has developed an internal Code of Conduct applicable to all our employees.<\/p>\n\n\n\n<p>The Code of Conduct is based on the guiding values of our business. It is a set of rules and values which all employees should follow at each department of our Company. It is a commitment to act ethically, lawfully and responsibly.<\/p>\n\n\n\n<p>The Code is a comprehensible and approachable account of the rules of conduct, e.g. about legal regulations, discrimination, forced or child labour, and the right to freedom of association, collective bargaining, and hygiene and safety at work.<\/p>\n\n\n\n<div class=\"wp-block-file\"><a id=\"wp-block-file--media-b508aefc-0643-4218-b35f-c8a4c485bd16\" href=\"https:\/\/www.suedzucker.pl\/wp-content\/uploads\/2026\/03\/2026_03_02_SZ_018_CODE_OF_CONDUCT_260302_EN.pdf\">CODE_OF_CONDUCT_2026<\/a><a href=\"https:\/\/www.suedzucker.pl\/wp-content\/uploads\/2026\/03\/2026_03_02_SZ_018_CODE_OF_CONDUCT_260302_EN.pdf\" class=\"wp-block-file__button wp-element-button\" download aria-describedby=\"wp-block-file--media-b508aefc-0643-4218-b35f-c8a4c485bd16\">Download<\/a><\/div>\n\n\n\n<p><\/p>\n","protected":false},"excerpt":{"rendered":"<p>S\u00fcdzucker Polska S.A. has developed an internal Code of Conduct applicable to all our employees. The Code of Conduct is based on the guiding values of our business. It is&#8230;<\/p>\n","protected":false},"author":3,"featured_media":0,"parent":12835,"menu_order":1,"comment_status":"closed","ping_status":"closed","template":"","meta":{"_acf_changed":false,"inline_featured_image":false,"footnotes":"","_wp_rev_ctl_limit":""},"class_list":["post-12839","page","type-page","status-publish","hentry"],"acf":[],"yoast_head":"<!-- This site is optimized with the Yoast SEO plugin v27.4 - https:\/\/yoast.com\/product\/yoast-seo-wordpress\/ -->\n<title>Code of Conduct - S\u00fcdzucker Polska<\/title>\n<meta name=\"robots\" content=\"index, follow, max-snippet:-1, max-image-preview:large, max-video-preview:-1\" \/>\n<link rel=\"canonical\" href=\"https:\/\/www.suedzucker.pl\/sustainability\/social-responsibility\/code-of-conduct\/\" \/>\n<meta property=\"og:locale\" content=\"en_US\" \/>\n<meta property=\"og:type\" content=\"article\" \/>\n<meta property=\"og:title\" content=\"Code of Conduct - S\u00fcdzucker Polska\" \/>\n<meta property=\"og:description\" content=\"S\u00fcdzucker Polska S.A. has developed an internal Code of Conduct applicable to all our employees. The Code of Conduct is based on the guiding values of our business. It is...\" \/>\n<meta property=\"og:url\" content=\"https:\/\/www.suedzucker.pl\/sustainability\/social-responsibility\/code-of-conduct\/\" \/>\n<meta property=\"og:site_name\" content=\"S\u00fcdzucker Polska\" \/>\n<meta property=\"article:modified_time\" content=\"2026-03-25T13:32:36+00:00\" \/>\n<meta name=\"twitter:card\" content=\"summary_large_image\" \/>\n<meta name=\"twitter:label1\" content=\"Est. reading time\" \/>\n\t<meta name=\"twitter:data1\" content=\"1 minute\" \/>\n<script type=\"application\/ld+json\" class=\"yoast-schema-graph\">{\"@context\":\"https:\\\/\\\/schema.org\",\"@graph\":[{\"@type\":\"WebPage\",\"@id\":\"https:\\\/\\\/www.suedzucker.pl\\\/sustainability\\\/social-responsibility\\\/code-of-conduct\\\/\",\"url\":\"https:\\\/\\\/www.suedzucker.pl\\\/sustainability\\\/social-responsibility\\\/code-of-conduct\\\/\",\"name\":\"Code of Conduct - S\u00fcdzucker Polska\",\"isPartOf\":{\"@id\":\"https:\\\/\\\/www.suedzucker.pl\\\/en\\\/#website\"},\"datePublished\":\"2020-09-03T12:33:36+00:00\",\"dateModified\":\"2026-03-25T13:32:36+00:00\",\"breadcrumb\":{\"@id\":\"https:\\\/\\\/www.suedzucker.pl\\\/sustainability\\\/social-responsibility\\\/code-of-conduct\\\/#breadcrumb\"},\"inLanguage\":\"en-US\",\"potentialAction\":[{\"@type\":\"ReadAction\",\"target\":[\"https:\\\/\\\/www.suedzucker.pl\\\/sustainability\\\/social-responsibility\\\/code-of-conduct\\\/\"]}]},{\"@type\":\"BreadcrumbList\",\"@id\":\"https:\\\/\\\/www.suedzucker.pl\\\/sustainability\\\/social-responsibility\\\/code-of-conduct\\\/#breadcrumb\",\"itemListElement\":[{\"@type\":\"ListItem\",\"position\":1,\"name\":\"Home\",\"item\":\"https:\\\/\\\/www.suedzucker.pl\\\/en\\\/\"},{\"@type\":\"ListItem\",\"position\":2,\"name\":\"Sustainability\",\"item\":\"https:\\\/\\\/www.suedzucker.pl\\\/sustainability\\\/\"},{\"@type\":\"ListItem\",\"position\":3,\"name\":\"Social Responsibility\",\"item\":\"https:\\\/\\\/www.suedzucker.pl\\\/en\\\/sustainability\\\/social-responsibility\\\/\"},{\"@type\":\"ListItem\",\"position\":4,\"name\":\"Code of Conduct\"}]},{\"@type\":\"WebSite\",\"@id\":\"https:\\\/\\\/www.suedzucker.pl\\\/en\\\/#website\",\"url\":\"https:\\\/\\\/www.suedzucker.pl\\\/en\\\/\",\"name\":\"S\u00fcdzucker Polska\",\"description\":\"Jeste\u015bmy wiod\u0105cym producentem cukru w Polsce\",\"potentialAction\":[{\"@type\":\"SearchAction\",\"target\":{\"@type\":\"EntryPoint\",\"urlTemplate\":\"https:\\\/\\\/www.suedzucker.pl\\\/en\\\/?s={search_term_string}\"},\"query-input\":{\"@type\":\"PropertyValueSpecification\",\"valueRequired\":true,\"valueName\":\"search_term_string\"}}],\"inLanguage\":\"en-US\"}]}<\/script>\n<!-- \/ Yoast SEO plugin. -->","yoast_head_json":{"title":"Code of Conduct - S\u00fcdzucker Polska","robots":{"index":"index","follow":"follow","max-snippet":"max-snippet:-1","max-image-preview":"max-image-preview:large","max-video-preview":"max-video-preview:-1"},"canonical":"https:\/\/www.suedzucker.pl\/sustainability\/social-responsibility\/code-of-conduct\/","og_locale":"en_US","og_type":"article","og_title":"Code of Conduct - S\u00fcdzucker Polska","og_description":"S\u00fcdzucker Polska S.A. has developed an internal Code of Conduct applicable to all our employees. The Code of Conduct is based on the guiding values of our business. It is...","og_url":"https:\/\/www.suedzucker.pl\/sustainability\/social-responsibility\/code-of-conduct\/","og_site_name":"S\u00fcdzucker Polska","article_modified_time":"2026-03-25T13:32:36+00:00","twitter_card":"summary_large_image","twitter_misc":{"Est. reading time":"1 minute"},"schema":{"@context":"https:\/\/schema.org","@graph":[{"@type":"WebPage","@id":"https:\/\/www.suedzucker.pl\/sustainability\/social-responsibility\/code-of-conduct\/","url":"https:\/\/www.suedzucker.pl\/sustainability\/social-responsibility\/code-of-conduct\/","name":"Code of Conduct - S\u00fcdzucker Polska","isPartOf":{"@id":"https:\/\/www.suedzucker.pl\/en\/#website"},"datePublished":"2020-09-03T12:33:36+00:00","dateModified":"2026-03-25T13:32:36+00:00","breadcrumb":{"@id":"https:\/\/www.suedzucker.pl\/sustainability\/social-responsibility\/code-of-conduct\/#breadcrumb"},"inLanguage":"en-US","potentialAction":[{"@type":"ReadAction","target":["https:\/\/www.suedzucker.pl\/sustainability\/social-responsibility\/code-of-conduct\/"]}]},{"@type":"BreadcrumbList","@id":"https:\/\/www.suedzucker.pl\/sustainability\/social-responsibility\/code-of-conduct\/#breadcrumb","itemListElement":[{"@type":"ListItem","position":1,"name":"Home","item":"https:\/\/www.suedzucker.pl\/en\/"},{"@type":"ListItem","position":2,"name":"Sustainability","item":"https:\/\/www.suedzucker.pl\/sustainability\/"},{"@type":"ListItem","position":3,"name":"Social Responsibility","item":"https:\/\/www.suedzucker.pl\/en\/sustainability\/social-responsibility\/"},{"@type":"ListItem","position":4,"name":"Code of Conduct"}]},{"@type":"WebSite","@id":"https:\/\/www.suedzucker.pl\/en\/#website","url":"https:\/\/www.suedzucker.pl\/en\/","name":"S\u00fcdzucker Polska","description":"Jeste\u015bmy wiod\u0105cym producentem cukru w Polsce","potentialAction":[{"@type":"SearchAction","target":{"@type":"EntryPoint","urlTemplate":"https:\/\/www.suedzucker.pl\/en\/?s={search_term_string}"},"query-input":{"@type":"PropertyValueSpecification","valueRequired":true,"valueName":"search_term_string"}}],"inLanguage":"en-US"}]}},"_links":{"self":[{"href":"https:\/\/www.suedzucker.pl\/en\/wp-json\/wp\/v2\/pages\/12839","targetHints":{"allow":["GET"]}}],"collection":[{"href":"https:\/\/www.suedzucker.pl\/en\/wp-json\/wp\/v2\/pages"}],"about":[{"href":"https:\/\/www.suedzucker.pl\/en\/wp-json\/wp\/v2\/types\/page"}],"author":[{"embeddable":true,"href":"https:\/\/www.suedzucker.pl\/en\/wp-json\/wp\/v2\/users\/3"}],"replies":[{"embeddable":true,"href":"https:\/\/www.suedzucker.pl\/en\/wp-json\/wp\/v2\/comments?post=12839"}],"version-history":[{"count":1,"href":"https:\/\/www.suedzucker.pl\/en\/wp-json\/wp\/v2\/pages\/12839\/revisions"}],"predecessor-version":[{"id":24838,"href":"https:\/\/www.suedzucker.pl\/en\/wp-json\/wp\/v2\/pages\/12839\/revisions\/24838"}],"up":[{"embeddable":true,"href":"https:\/\/www.suedzucker.pl\/en\/wp-json\/wp\/v2\/pages\/12835"}],"wp:attachment":[{"href":"https:\/\/www.suedzucker.pl\/en\/wp-json\/wp\/v2\/media?parent=12839"}],"curies":[{"name":"wp","href":"https:\/\/api.w.org\/{rel}","templated":true}]}}