{"id":12842,"date":"2020-09-03T14:34:24","date_gmt":"2020-09-03T12:34:24","guid":{"rendered":"http:\/\/suedzucker.pl\/?page_id=12842"},"modified":"2025-03-04T10:51:20","modified_gmt":"2025-03-04T09:51:20","slug":"sudzucker-compliance-line","status":"publish","type":"page","link":"https:\/\/www.suedzucker.pl\/en\/sustainability\/social-responsibility\/sudzucker-compliance-line\/","title":{"rendered":"S\u00fcdzucker Compliance Line"},"content":{"rendered":"\n<p>Employees or business partners aware of events that do not comply with the provided Code of Conduct have two paths to report irregularities. This can be done as before through the appropriate contact person in the company. However, in case of doubt, and if employees or business partners are unable to report their observations personally, alternative use of a confidential anonymous procedure to indicate serious incidents is possible:<\/p>\n\n\n\n<p><strong>S\u00fcdzucker Compliance Line<\/strong><br><a href=\"https:\/\/suedzuckerpolska.integrityline.app\"><strong>https:\/\/suedzuckerpolska.integrityline.app<\/strong><\/a><\/p>\n\n\n\n<p>In terms of data protection, the S\u00fcdzucker Compliance Line app is a certified electronic communication platform through which information is sent directly to an employee at the position of Compliance Officer S\u00fcdzucker Polska. The application must be used with awareness and responsibility to fulfil its function. It must not be abused to defame others or to make false statements.<\/p>\n\n\n\n<p>The S\u00fcdzucker Compliance Line platform is not intended for inquiring about products or services or as an alarm system.<\/p>\n","protected":false},"excerpt":{"rendered":"<p>Employees or business partners aware of events that do not comply with the provided Code of Conduct have two paths to report irregularities. This can be done as before through&#8230;<\/p>\n","protected":false},"author":3,"featured_media":0,"parent":12835,"menu_order":2,"comment_status":"closed","ping_status":"closed","template":"","meta":{"_acf_changed":false,"inline_featured_image":false,"footnotes":"","_wp_rev_ctl_limit":""},"class_list":["post-12842","page","type-page","status-publish","hentry"],"acf":[],"yoast_head":"<!-- This site is optimized with the Yoast SEO plugin v27.4 - https:\/\/yoast.com\/product\/yoast-seo-wordpress\/ -->\n<title>S\u00fcdzucker Compliance Line - S\u00fcdzucker Polska<\/title>\n<meta name=\"robots\" content=\"index, follow, max-snippet:-1, max-image-preview:large, max-video-preview:-1\" \/>\n<link rel=\"canonical\" href=\"https:\/\/www.suedzucker.pl\/sustainability\/social-responsibility\/sudzucker-compliance-line\/\" \/>\n<meta property=\"og:locale\" content=\"en_US\" \/>\n<meta property=\"og:type\" content=\"article\" \/>\n<meta property=\"og:title\" content=\"S\u00fcdzucker Compliance Line - S\u00fcdzucker Polska\" \/>\n<meta property=\"og:description\" content=\"Employees or business partners aware of events that do not comply with the provided Code of Conduct have two paths to report irregularities. This can be done as before through...\" \/>\n<meta property=\"og:url\" content=\"https:\/\/www.suedzucker.pl\/sustainability\/social-responsibility\/sudzucker-compliance-line\/\" \/>\n<meta property=\"og:site_name\" content=\"S\u00fcdzucker Polska\" \/>\n<meta property=\"article:modified_time\" content=\"2025-03-04T09:51:20+00:00\" \/>\n<meta name=\"twitter:card\" content=\"summary_large_image\" \/>\n<meta name=\"twitter:label1\" content=\"Est. reading time\" \/>\n\t<meta name=\"twitter:data1\" content=\"1 minute\" \/>\n<script type=\"application\/ld+json\" class=\"yoast-schema-graph\">{\"@context\":\"https:\\\/\\\/schema.org\",\"@graph\":[{\"@type\":\"WebPage\",\"@id\":\"https:\\\/\\\/www.suedzucker.pl\\\/sustainability\\\/social-responsibility\\\/sudzucker-compliance-line\\\/\",\"url\":\"https:\\\/\\\/www.suedzucker.pl\\\/sustainability\\\/social-responsibility\\\/sudzucker-compliance-line\\\/\",\"name\":\"S\u00fcdzucker Compliance Line - S\u00fcdzucker Polska\",\"isPartOf\":{\"@id\":\"https:\\\/\\\/www.suedzucker.pl\\\/en\\\/#website\"},\"datePublished\":\"2020-09-03T12:34:24+00:00\",\"dateModified\":\"2025-03-04T09:51:20+00:00\",\"breadcrumb\":{\"@id\":\"https:\\\/\\\/www.suedzucker.pl\\\/sustainability\\\/social-responsibility\\\/sudzucker-compliance-line\\\/#breadcrumb\"},\"inLanguage\":\"en-US\",\"potentialAction\":[{\"@type\":\"ReadAction\",\"target\":[\"https:\\\/\\\/www.suedzucker.pl\\\/sustainability\\\/social-responsibility\\\/sudzucker-compliance-line\\\/\"]}]},{\"@type\":\"BreadcrumbList\",\"@id\":\"https:\\\/\\\/www.suedzucker.pl\\\/sustainability\\\/social-responsibility\\\/sudzucker-compliance-line\\\/#breadcrumb\",\"itemListElement\":[{\"@type\":\"ListItem\",\"position\":1,\"name\":\"Home\",\"item\":\"https:\\\/\\\/www.suedzucker.pl\\\/en\\\/\"},{\"@type\":\"ListItem\",\"position\":2,\"name\":\"Sustainability\",\"item\":\"https:\\\/\\\/www.suedzucker.pl\\\/sustainability\\\/\"},{\"@type\":\"ListItem\",\"position\":3,\"name\":\"Social Responsibility\",\"item\":\"https:\\\/\\\/www.suedzucker.pl\\\/en\\\/sustainability\\\/social-responsibility\\\/\"},{\"@type\":\"ListItem\",\"position\":4,\"name\":\"S\u00fcdzucker Compliance Line\"}]},{\"@type\":\"WebSite\",\"@id\":\"https:\\\/\\\/www.suedzucker.pl\\\/en\\\/#website\",\"url\":\"https:\\\/\\\/www.suedzucker.pl\\\/en\\\/\",\"name\":\"S\u00fcdzucker Polska\",\"description\":\"Jeste\u015bmy wiod\u0105cym producentem cukru w Polsce\",\"potentialAction\":[{\"@type\":\"SearchAction\",\"target\":{\"@type\":\"EntryPoint\",\"urlTemplate\":\"https:\\\/\\\/www.suedzucker.pl\\\/en\\\/?s={search_term_string}\"},\"query-input\":{\"@type\":\"PropertyValueSpecification\",\"valueRequired\":true,\"valueName\":\"search_term_string\"}}],\"inLanguage\":\"en-US\"}]}<\/script>\n<!-- \/ Yoast SEO plugin. -->","yoast_head_json":{"title":"S\u00fcdzucker Compliance Line - S\u00fcdzucker Polska","robots":{"index":"index","follow":"follow","max-snippet":"max-snippet:-1","max-image-preview":"max-image-preview:large","max-video-preview":"max-video-preview:-1"},"canonical":"https:\/\/www.suedzucker.pl\/sustainability\/social-responsibility\/sudzucker-compliance-line\/","og_locale":"en_US","og_type":"article","og_title":"S\u00fcdzucker Compliance Line - S\u00fcdzucker Polska","og_description":"Employees or business partners aware of events that do not comply with the provided Code of Conduct have two paths to report irregularities. This can be done as before through...","og_url":"https:\/\/www.suedzucker.pl\/sustainability\/social-responsibility\/sudzucker-compliance-line\/","og_site_name":"S\u00fcdzucker Polska","article_modified_time":"2025-03-04T09:51:20+00:00","twitter_card":"summary_large_image","twitter_misc":{"Est. reading time":"1 minute"},"schema":{"@context":"https:\/\/schema.org","@graph":[{"@type":"WebPage","@id":"https:\/\/www.suedzucker.pl\/sustainability\/social-responsibility\/sudzucker-compliance-line\/","url":"https:\/\/www.suedzucker.pl\/sustainability\/social-responsibility\/sudzucker-compliance-line\/","name":"S\u00fcdzucker Compliance Line - S\u00fcdzucker Polska","isPartOf":{"@id":"https:\/\/www.suedzucker.pl\/en\/#website"},"datePublished":"2020-09-03T12:34:24+00:00","dateModified":"2025-03-04T09:51:20+00:00","breadcrumb":{"@id":"https:\/\/www.suedzucker.pl\/sustainability\/social-responsibility\/sudzucker-compliance-line\/#breadcrumb"},"inLanguage":"en-US","potentialAction":[{"@type":"ReadAction","target":["https:\/\/www.suedzucker.pl\/sustainability\/social-responsibility\/sudzucker-compliance-line\/"]}]},{"@type":"BreadcrumbList","@id":"https:\/\/www.suedzucker.pl\/sustainability\/social-responsibility\/sudzucker-compliance-line\/#breadcrumb","itemListElement":[{"@type":"ListItem","position":1,"name":"Home","item":"https:\/\/www.suedzucker.pl\/en\/"},{"@type":"ListItem","position":2,"name":"Sustainability","item":"https:\/\/www.suedzucker.pl\/sustainability\/"},{"@type":"ListItem","position":3,"name":"Social Responsibility","item":"https:\/\/www.suedzucker.pl\/en\/sustainability\/social-responsibility\/"},{"@type":"ListItem","position":4,"name":"S\u00fcdzucker Compliance Line"}]},{"@type":"WebSite","@id":"https:\/\/www.suedzucker.pl\/en\/#website","url":"https:\/\/www.suedzucker.pl\/en\/","name":"S\u00fcdzucker Polska","description":"Jeste\u015bmy wiod\u0105cym producentem cukru w Polsce","potentialAction":[{"@type":"SearchAction","target":{"@type":"EntryPoint","urlTemplate":"https:\/\/www.suedzucker.pl\/en\/?s={search_term_string}"},"query-input":{"@type":"PropertyValueSpecification","valueRequired":true,"valueName":"search_term_string"}}],"inLanguage":"en-US"}]}},"_links":{"self":[{"href":"https:\/\/www.suedzucker.pl\/en\/wp-json\/wp\/v2\/pages\/12842","targetHints":{"allow":["GET"]}}],"collection":[{"href":"https:\/\/www.suedzucker.pl\/en\/wp-json\/wp\/v2\/pages"}],"about":[{"href":"https:\/\/www.suedzucker.pl\/en\/wp-json\/wp\/v2\/types\/page"}],"author":[{"embeddable":true,"href":"https:\/\/www.suedzucker.pl\/en\/wp-json\/wp\/v2\/users\/3"}],"replies":[{"embeddable":true,"href":"https:\/\/www.suedzucker.pl\/en\/wp-json\/wp\/v2\/comments?post=12842"}],"version-history":[{"count":1,"href":"https:\/\/www.suedzucker.pl\/en\/wp-json\/wp\/v2\/pages\/12842\/revisions"}],"predecessor-version":[{"id":23191,"href":"https:\/\/www.suedzucker.pl\/en\/wp-json\/wp\/v2\/pages\/12842\/revisions\/23191"}],"up":[{"embeddable":true,"href":"https:\/\/www.suedzucker.pl\/en\/wp-json\/wp\/v2\/pages\/12835"}],"wp:attachment":[{"href":"https:\/\/www.suedzucker.pl\/en\/wp-json\/wp\/v2\/media?parent=12842"}],"curies":[{"name":"wp","href":"https:\/\/api.w.org\/{rel}","templated":true}]}}