{"id":12918,"date":"2020-09-03T16:24:03","date_gmt":"2020-09-03T14:24:03","guid":{"rendered":"http:\/\/suedzucker.pl\/?page_id=12918"},"modified":"2020-09-07T15:16:53","modified_gmt":"2020-09-07T13:16:53","slug":"download","status":"publish","type":"page","link":"https:\/\/www.suedzucker.pl\/en\/for-media\/download\/","title":{"rendered":"Download"},"content":{"rendered":"\n<h2 class=\"wp-block-heading\">We invite you to download our corporate photos<\/h2>\n\n\n\n<div class=\"wp-block-columns is-layout-flex wp-container-core-columns-is-layout-9d6595d7 wp-block-columns-is-layout-flex\">\n<div class=\"wp-block-column is-layout-flow wp-block-column-is-layout-flow\">\n<div class=\"wp-block-file\"><a href=\"http:\/\/suedzucker.pl\/wp-content\/uploads\/2020\/08\/104954-pole.eps\"><img loading=\"lazy\" decoding=\"async\" width=\"185\" height=\"185\" class=\"wp-image-6027\" style=\"width: 185px;\" src=\"http:\/\/suedzucker.pl\/wp-content\/uploads\/2020\/08\/pole12.jpg\" alt=\"\" srcset=\"https:\/\/www.suedzucker.pl\/wp-content\/uploads\/2020\/08\/pole12.jpg 388w, https:\/\/www.suedzucker.pl\/wp-content\/uploads\/2020\/08\/pole12-300x300.jpg 300w, https:\/\/www.suedzucker.pl\/wp-content\/uploads\/2020\/08\/pole12-150x150.jpg 150w\" sizes=\"auto, (max-width: 185px) 100vw, 185px\" \/> <br>Pole burak\u00f3w<br>Format: .eps<\/a><a href=\"http:\/\/suedzucker.pl\/wp-content\/uploads\/2020\/08\/104954-pole.eps\" class=\"wp-block-file__button\" download>Download<\/a><\/div>\n<\/div>\n<\/div>\n\n\n\n<div class=\"wp-block-file\"><a href=\"http:\/\/suedzucker.pl\/wp-content\/uploads\/2020\/08\/104957-impresje2.eps\"><img loading=\"lazy\" decoding=\"async\" width=\"315\" height=\"133\" class=\"wp-image-6028\" style=\"width: 315px;\" src=\"http:\/\/suedzucker.pl\/wp-content\/uploads\/2020\/08\/impresja.png\" alt=\"\" srcset=\"https:\/\/www.suedzucker.pl\/wp-content\/uploads\/2020\/08\/impresja.png 560w, https:\/\/www.suedzucker.pl\/wp-content\/uploads\/2020\/08\/impresja-300x126.png 300w, https:\/\/www.suedzucker.pl\/wp-content\/uploads\/2020\/08\/impresja-500x211.png 500w\" sizes=\"auto, (max-width: 315px) 100vw, 315px\" \/> <br>Cukrowe impresje<br>Format: .eps<\/a><a href=\"http:\/\/suedzucker.pl\/wp-content\/uploads\/2020\/08\/104957-impresje2.eps\" class=\"wp-block-file__button\" download>Download<\/a><\/div>\n","protected":false},"excerpt":{"rendered":"<p>We invite you to download our corporate photos<\/p>\n","protected":false},"author":3,"featured_media":0,"parent":12916,"menu_order":0,"comment_status":"closed","ping_status":"closed","template":"","meta":{"_acf_changed":false,"inline_featured_image":false,"footnotes":"","_wp_rev_ctl_limit":""},"class_list":["post-12918","page","type-page","status-publish","hentry"],"acf":[],"yoast_head":"<!-- This site is optimized with the Yoast SEO plugin v27.3 - https:\/\/yoast.com\/product\/yoast-seo-wordpress\/ -->\n<title>Download - S\u00fcdzucker Polska<\/title>\n<meta name=\"robots\" content=\"index, follow, max-snippet:-1, max-image-preview:large, max-video-preview:-1\" \/>\n<link rel=\"canonical\" href=\"https:\/\/www.suedzucker.pl\/en\/for-media\/download\/\" \/>\n<meta property=\"og:locale\" content=\"en_US\" \/>\n<meta property=\"og:type\" content=\"article\" \/>\n<meta property=\"og:title\" content=\"Download - S\u00fcdzucker Polska\" \/>\n<meta property=\"og:description\" content=\"We invite you to download our corporate photos\" \/>\n<meta property=\"og:url\" content=\"https:\/\/www.suedzucker.pl\/en\/for-media\/download\/\" \/>\n<meta property=\"og:site_name\" content=\"S\u00fcdzucker Polska\" \/>\n<meta property=\"article:modified_time\" content=\"2020-09-07T13:16:53+00:00\" \/>\n<meta property=\"og:image\" content=\"http:\/\/suedzucker.pl\/wp-content\/uploads\/2020\/08\/pole12.jpg\" \/>\n<meta name=\"twitter:card\" content=\"summary_large_image\" \/>\n<script type=\"application\/ld+json\" class=\"yoast-schema-graph\">{\"@context\":\"https:\\\/\\\/schema.org\",\"@graph\":[{\"@type\":\"WebPage\",\"@id\":\"https:\\\/\\\/www.suedzucker.pl\\\/en\\\/for-media\\\/download\\\/\",\"url\":\"https:\\\/\\\/www.suedzucker.pl\\\/en\\\/for-media\\\/download\\\/\",\"name\":\"Download - S\u00fcdzucker Polska\",\"isPartOf\":{\"@id\":\"https:\\\/\\\/www.suedzucker.pl\\\/en\\\/#website\"},\"primaryImageOfPage\":{\"@id\":\"https:\\\/\\\/www.suedzucker.pl\\\/en\\\/for-media\\\/download\\\/#primaryimage\"},\"image\":{\"@id\":\"https:\\\/\\\/www.suedzucker.pl\\\/en\\\/for-media\\\/download\\\/#primaryimage\"},\"thumbnailUrl\":\"http:\\\/\\\/suedzucker.pl\\\/wp-content\\\/uploads\\\/2020\\\/08\\\/pole12.jpg\",\"datePublished\":\"2020-09-03T14:24:03+00:00\",\"dateModified\":\"2020-09-07T13:16:53+00:00\",\"breadcrumb\":{\"@id\":\"https:\\\/\\\/www.suedzucker.pl\\\/en\\\/for-media\\\/download\\\/#breadcrumb\"},\"inLanguage\":\"en-US\",\"potentialAction\":[{\"@type\":\"ReadAction\",\"target\":[\"https:\\\/\\\/www.suedzucker.pl\\\/en\\\/for-media\\\/download\\\/\"]}]},{\"@type\":\"ImageObject\",\"inLanguage\":\"en-US\",\"@id\":\"https:\\\/\\\/www.suedzucker.pl\\\/en\\\/for-media\\\/download\\\/#primaryimage\",\"url\":\"http:\\\/\\\/suedzucker.pl\\\/wp-content\\\/uploads\\\/2020\\\/08\\\/pole12.jpg\",\"contentUrl\":\"http:\\\/\\\/suedzucker.pl\\\/wp-content\\\/uploads\\\/2020\\\/08\\\/pole12.jpg\"},{\"@type\":\"BreadcrumbList\",\"@id\":\"https:\\\/\\\/www.suedzucker.pl\\\/en\\\/for-media\\\/download\\\/#breadcrumb\",\"itemListElement\":[{\"@type\":\"ListItem\",\"position\":1,\"name\":\"Home\",\"item\":\"https:\\\/\\\/www.suedzucker.pl\\\/en\\\/\"},{\"@type\":\"ListItem\",\"position\":2,\"name\":\"For Media\",\"item\":\"https:\\\/\\\/www.suedzucker.pl\\\/en\\\/for-media\\\/\"},{\"@type\":\"ListItem\",\"position\":3,\"name\":\"Download\"}]},{\"@type\":\"WebSite\",\"@id\":\"https:\\\/\\\/www.suedzucker.pl\\\/en\\\/#website\",\"url\":\"https:\\\/\\\/www.suedzucker.pl\\\/en\\\/\",\"name\":\"S\u00fcdzucker Polska\",\"description\":\"Jeste\u015bmy wiod\u0105cym producentem cukru w Polsce\",\"potentialAction\":[{\"@type\":\"SearchAction\",\"target\":{\"@type\":\"EntryPoint\",\"urlTemplate\":\"https:\\\/\\\/www.suedzucker.pl\\\/en\\\/?s={search_term_string}\"},\"query-input\":{\"@type\":\"PropertyValueSpecification\",\"valueRequired\":true,\"valueName\":\"search_term_string\"}}],\"inLanguage\":\"en-US\"}]}<\/script>\n<!-- \/ Yoast SEO plugin. -->","yoast_head_json":{"title":"Download - S\u00fcdzucker Polska","robots":{"index":"index","follow":"follow","max-snippet":"max-snippet:-1","max-image-preview":"max-image-preview:large","max-video-preview":"max-video-preview:-1"},"canonical":"https:\/\/www.suedzucker.pl\/en\/for-media\/download\/","og_locale":"en_US","og_type":"article","og_title":"Download - S\u00fcdzucker Polska","og_description":"We invite you to download our corporate photos","og_url":"https:\/\/www.suedzucker.pl\/en\/for-media\/download\/","og_site_name":"S\u00fcdzucker Polska","article_modified_time":"2020-09-07T13:16:53+00:00","og_image":[{"url":"http:\/\/suedzucker.pl\/wp-content\/uploads\/2020\/08\/pole12.jpg","type":"","width":"","height":""}],"twitter_card":"summary_large_image","schema":{"@context":"https:\/\/schema.org","@graph":[{"@type":"WebPage","@id":"https:\/\/www.suedzucker.pl\/en\/for-media\/download\/","url":"https:\/\/www.suedzucker.pl\/en\/for-media\/download\/","name":"Download - S\u00fcdzucker Polska","isPartOf":{"@id":"https:\/\/www.suedzucker.pl\/en\/#website"},"primaryImageOfPage":{"@id":"https:\/\/www.suedzucker.pl\/en\/for-media\/download\/#primaryimage"},"image":{"@id":"https:\/\/www.suedzucker.pl\/en\/for-media\/download\/#primaryimage"},"thumbnailUrl":"http:\/\/suedzucker.pl\/wp-content\/uploads\/2020\/08\/pole12.jpg","datePublished":"2020-09-03T14:24:03+00:00","dateModified":"2020-09-07T13:16:53+00:00","breadcrumb":{"@id":"https:\/\/www.suedzucker.pl\/en\/for-media\/download\/#breadcrumb"},"inLanguage":"en-US","potentialAction":[{"@type":"ReadAction","target":["https:\/\/www.suedzucker.pl\/en\/for-media\/download\/"]}]},{"@type":"ImageObject","inLanguage":"en-US","@id":"https:\/\/www.suedzucker.pl\/en\/for-media\/download\/#primaryimage","url":"http:\/\/suedzucker.pl\/wp-content\/uploads\/2020\/08\/pole12.jpg","contentUrl":"http:\/\/suedzucker.pl\/wp-content\/uploads\/2020\/08\/pole12.jpg"},{"@type":"BreadcrumbList","@id":"https:\/\/www.suedzucker.pl\/en\/for-media\/download\/#breadcrumb","itemListElement":[{"@type":"ListItem","position":1,"name":"Home","item":"https:\/\/www.suedzucker.pl\/en\/"},{"@type":"ListItem","position":2,"name":"For Media","item":"https:\/\/www.suedzucker.pl\/en\/for-media\/"},{"@type":"ListItem","position":3,"name":"Download"}]},{"@type":"WebSite","@id":"https:\/\/www.suedzucker.pl\/en\/#website","url":"https:\/\/www.suedzucker.pl\/en\/","name":"S\u00fcdzucker Polska","description":"Jeste\u015bmy wiod\u0105cym producentem cukru w Polsce","potentialAction":[{"@type":"SearchAction","target":{"@type":"EntryPoint","urlTemplate":"https:\/\/www.suedzucker.pl\/en\/?s={search_term_string}"},"query-input":{"@type":"PropertyValueSpecification","valueRequired":true,"valueName":"search_term_string"}}],"inLanguage":"en-US"}]}},"_links":{"self":[{"href":"https:\/\/www.suedzucker.pl\/en\/wp-json\/wp\/v2\/pages\/12918","targetHints":{"allow":["GET"]}}],"collection":[{"href":"https:\/\/www.suedzucker.pl\/en\/wp-json\/wp\/v2\/pages"}],"about":[{"href":"https:\/\/www.suedzucker.pl\/en\/wp-json\/wp\/v2\/types\/page"}],"author":[{"embeddable":true,"href":"https:\/\/www.suedzucker.pl\/en\/wp-json\/wp\/v2\/users\/3"}],"replies":[{"embeddable":true,"href":"https:\/\/www.suedzucker.pl\/en\/wp-json\/wp\/v2\/comments?post=12918"}],"version-history":[{"count":0,"href":"https:\/\/www.suedzucker.pl\/en\/wp-json\/wp\/v2\/pages\/12918\/revisions"}],"up":[{"embeddable":true,"href":"https:\/\/www.suedzucker.pl\/en\/wp-json\/wp\/v2\/pages\/12916"}],"wp:attachment":[{"href":"https:\/\/www.suedzucker.pl\/en\/wp-json\/wp\/v2\/media?parent=12918"}],"curies":[{"name":"wp","href":"https:\/\/api.w.org\/{rel}","templated":true}]}}