{"id":12922,"date":"2020-09-03T16:25:28","date_gmt":"2020-09-03T14:25:28","guid":{"rendered":"http:\/\/suedzucker.pl\/?page_id=12922"},"modified":"2020-09-18T11:56:25","modified_gmt":"2020-09-18T09:56:25","slug":"media-contact","status":"publish","type":"page","link":"https:\/\/www.suedzucker.pl\/en\/for-media\/media-contact\/","title":{"rendered":"Media Contact"},"content":{"rendered":"\n<p><strong>PR<\/strong> <strong>Department<\/strong><\/p>\n\n\n\n<p>e-mail.:\u00a0<a href=\"mailto:pr@suedzucker.pl\">pr@suedzucker.pl<\/a><br>tel.: +48 12 261 80 36<br>fax: +48 12 261 80 02<\/p>\n\n\n\n<p>S\u00fcdzucker Polska S.A.<br>ul. Kraszewskiego 10\/7<br>30-110 Krak\u00f3w<\/p>\n","protected":false},"excerpt":{"rendered":"<p>PR Department e-mail.:\u00a0pr@suedzucker.pltel.: +48 12 261 80 36fax: +48 12 261 80 02 S\u00fcdzucker Polska S.A.ul. Kraszewskiego 10\/730-110 Krak\u00f3w<\/p>\n","protected":false},"author":3,"featured_media":0,"parent":12916,"menu_order":1,"comment_status":"closed","ping_status":"closed","template":"","meta":{"_acf_changed":false,"inline_featured_image":false,"footnotes":"","_wp_rev_ctl_limit":""},"class_list":["post-12922","page","type-page","status-publish","hentry"],"acf":[],"yoast_head":"<!-- This site is optimized with the Yoast SEO plugin v27.4 - https:\/\/yoast.com\/product\/yoast-seo-wordpress\/ -->\n<title>Media Contact - S\u00fcdzucker Polska<\/title>\n<meta name=\"robots\" content=\"index, follow, max-snippet:-1, max-image-preview:large, max-video-preview:-1\" \/>\n<link rel=\"canonical\" href=\"https:\/\/www.suedzucker.pl\/en\/for-media\/media-contact\/\" \/>\n<meta property=\"og:locale\" content=\"en_US\" \/>\n<meta property=\"og:type\" content=\"article\" \/>\n<meta property=\"og:title\" content=\"Media Contact - S\u00fcdzucker Polska\" \/>\n<meta property=\"og:description\" content=\"PR Department e-mail.:\u00a0pr@suedzucker.pltel.: +48 12 261 80 36fax: +48 12 261 80 02 S\u00fcdzucker Polska S.A.ul. Kraszewskiego 10\/730-110 Krak\u00f3w\" \/>\n<meta property=\"og:url\" content=\"https:\/\/www.suedzucker.pl\/en\/for-media\/media-contact\/\" \/>\n<meta property=\"og:site_name\" content=\"S\u00fcdzucker Polska\" \/>\n<meta property=\"article:modified_time\" content=\"2020-09-18T09:56:25+00:00\" \/>\n<meta name=\"twitter:card\" content=\"summary_large_image\" \/>\n<script type=\"application\/ld+json\" class=\"yoast-schema-graph\">{\"@context\":\"https:\\\/\\\/schema.org\",\"@graph\":[{\"@type\":\"WebPage\",\"@id\":\"https:\\\/\\\/www.suedzucker.pl\\\/en\\\/for-media\\\/media-contact\\\/\",\"url\":\"https:\\\/\\\/www.suedzucker.pl\\\/en\\\/for-media\\\/media-contact\\\/\",\"name\":\"Media Contact - S\u00fcdzucker Polska\",\"isPartOf\":{\"@id\":\"https:\\\/\\\/www.suedzucker.pl\\\/en\\\/#website\"},\"datePublished\":\"2020-09-03T14:25:28+00:00\",\"dateModified\":\"2020-09-18T09:56:25+00:00\",\"breadcrumb\":{\"@id\":\"https:\\\/\\\/www.suedzucker.pl\\\/en\\\/for-media\\\/media-contact\\\/#breadcrumb\"},\"inLanguage\":\"en-US\",\"potentialAction\":[{\"@type\":\"ReadAction\",\"target\":[\"https:\\\/\\\/www.suedzucker.pl\\\/en\\\/for-media\\\/media-contact\\\/\"]}]},{\"@type\":\"BreadcrumbList\",\"@id\":\"https:\\\/\\\/www.suedzucker.pl\\\/en\\\/for-media\\\/media-contact\\\/#breadcrumb\",\"itemListElement\":[{\"@type\":\"ListItem\",\"position\":1,\"name\":\"Home\",\"item\":\"https:\\\/\\\/www.suedzucker.pl\\\/en\\\/\"},{\"@type\":\"ListItem\",\"position\":2,\"name\":\"For Media\",\"item\":\"https:\\\/\\\/www.suedzucker.pl\\\/en\\\/for-media\\\/\"},{\"@type\":\"ListItem\",\"position\":3,\"name\":\"Media Contact\"}]},{\"@type\":\"WebSite\",\"@id\":\"https:\\\/\\\/www.suedzucker.pl\\\/en\\\/#website\",\"url\":\"https:\\\/\\\/www.suedzucker.pl\\\/en\\\/\",\"name\":\"S\u00fcdzucker Polska\",\"description\":\"Jeste\u015bmy wiod\u0105cym producentem cukru w Polsce\",\"potentialAction\":[{\"@type\":\"SearchAction\",\"target\":{\"@type\":\"EntryPoint\",\"urlTemplate\":\"https:\\\/\\\/www.suedzucker.pl\\\/en\\\/?s={search_term_string}\"},\"query-input\":{\"@type\":\"PropertyValueSpecification\",\"valueRequired\":true,\"valueName\":\"search_term_string\"}}],\"inLanguage\":\"en-US\"}]}<\/script>\n<!-- \/ Yoast SEO plugin. -->","yoast_head_json":{"title":"Media Contact - S\u00fcdzucker Polska","robots":{"index":"index","follow":"follow","max-snippet":"max-snippet:-1","max-image-preview":"max-image-preview:large","max-video-preview":"max-video-preview:-1"},"canonical":"https:\/\/www.suedzucker.pl\/en\/for-media\/media-contact\/","og_locale":"en_US","og_type":"article","og_title":"Media Contact - S\u00fcdzucker Polska","og_description":"PR Department e-mail.:\u00a0pr@suedzucker.pltel.: +48 12 261 80 36fax: +48 12 261 80 02 S\u00fcdzucker Polska S.A.ul. Kraszewskiego 10\/730-110 Krak\u00f3w","og_url":"https:\/\/www.suedzucker.pl\/en\/for-media\/media-contact\/","og_site_name":"S\u00fcdzucker Polska","article_modified_time":"2020-09-18T09:56:25+00:00","twitter_card":"summary_large_image","schema":{"@context":"https:\/\/schema.org","@graph":[{"@type":"WebPage","@id":"https:\/\/www.suedzucker.pl\/en\/for-media\/media-contact\/","url":"https:\/\/www.suedzucker.pl\/en\/for-media\/media-contact\/","name":"Media Contact - S\u00fcdzucker Polska","isPartOf":{"@id":"https:\/\/www.suedzucker.pl\/en\/#website"},"datePublished":"2020-09-03T14:25:28+00:00","dateModified":"2020-09-18T09:56:25+00:00","breadcrumb":{"@id":"https:\/\/www.suedzucker.pl\/en\/for-media\/media-contact\/#breadcrumb"},"inLanguage":"en-US","potentialAction":[{"@type":"ReadAction","target":["https:\/\/www.suedzucker.pl\/en\/for-media\/media-contact\/"]}]},{"@type":"BreadcrumbList","@id":"https:\/\/www.suedzucker.pl\/en\/for-media\/media-contact\/#breadcrumb","itemListElement":[{"@type":"ListItem","position":1,"name":"Home","item":"https:\/\/www.suedzucker.pl\/en\/"},{"@type":"ListItem","position":2,"name":"For Media","item":"https:\/\/www.suedzucker.pl\/en\/for-media\/"},{"@type":"ListItem","position":3,"name":"Media Contact"}]},{"@type":"WebSite","@id":"https:\/\/www.suedzucker.pl\/en\/#website","url":"https:\/\/www.suedzucker.pl\/en\/","name":"S\u00fcdzucker Polska","description":"Jeste\u015bmy wiod\u0105cym producentem cukru w Polsce","potentialAction":[{"@type":"SearchAction","target":{"@type":"EntryPoint","urlTemplate":"https:\/\/www.suedzucker.pl\/en\/?s={search_term_string}"},"query-input":{"@type":"PropertyValueSpecification","valueRequired":true,"valueName":"search_term_string"}}],"inLanguage":"en-US"}]}},"_links":{"self":[{"href":"https:\/\/www.suedzucker.pl\/en\/wp-json\/wp\/v2\/pages\/12922","targetHints":{"allow":["GET"]}}],"collection":[{"href":"https:\/\/www.suedzucker.pl\/en\/wp-json\/wp\/v2\/pages"}],"about":[{"href":"https:\/\/www.suedzucker.pl\/en\/wp-json\/wp\/v2\/types\/page"}],"author":[{"embeddable":true,"href":"https:\/\/www.suedzucker.pl\/en\/wp-json\/wp\/v2\/users\/3"}],"replies":[{"embeddable":true,"href":"https:\/\/www.suedzucker.pl\/en\/wp-json\/wp\/v2\/comments?post=12922"}],"version-history":[{"count":0,"href":"https:\/\/www.suedzucker.pl\/en\/wp-json\/wp\/v2\/pages\/12922\/revisions"}],"up":[{"embeddable":true,"href":"https:\/\/www.suedzucker.pl\/en\/wp-json\/wp\/v2\/pages\/12916"}],"wp:attachment":[{"href":"https:\/\/www.suedzucker.pl\/en\/wp-json\/wp\/v2\/media?parent=12922"}],"curies":[{"name":"wp","href":"https:\/\/api.w.org\/{rel}","templated":true}]}}