{"id":12925,"date":"2020-09-03T16:32:03","date_gmt":"2020-09-03T14:32:03","guid":{"rendered":"http:\/\/suedzucker.pl\/?page_id=12925"},"modified":"2025-12-15T14:01:50","modified_gmt":"2025-12-15T13:01:50","slug":"quality-assurance-policy","status":"publish","type":"page","link":"https:\/\/www.suedzucker.pl\/en\/quality-management\/quality-assurance-policy\/","title":{"rendered":"Quality Assurance Policy"},"content":{"rendered":"\n<p>The Quality Assurance Policy developed by the Management Board of S\u00fcdzucker Polska S.A. is the most important corporate document. It sets out the mission and strategy involved in the operation, development and improvement of quality and food safety systems. It is also the basis for setting Quality Targets for future years.<\/p>\n\n\n\n<p>Our corporate Quality Assurance Policy is generally known and applied by all employees. By managing our day-to-day operations to comply with this Policy, we fulfil the strategic objectives of our organisation, i.e. the production of consistently high-quality sugar and responding to our customers\u2019 expectations.<\/p>\n\n\n\n<div class=\"wp-block-file\"><a id=\"wp-block-file--media-1588f37f-4a93-4b64-8ef9-4e0f04eb5582\" href=\"https:\/\/www.suedzucker.pl\/wp-content\/uploads\/2025\/12\/Quality-Policy-of-the-Sugar-Division_November-2025-1.pdf\">Quality Policy of the Sugar Division<\/a><a href=\"https:\/\/www.suedzucker.pl\/wp-content\/uploads\/2025\/12\/Quality-Policy-of-the-Sugar-Division_November-2025-1.pdf\" class=\"wp-block-file__button wp-element-button\" download aria-describedby=\"wp-block-file--media-1588f37f-4a93-4b64-8ef9-4e0f04eb5582\">Download<\/a><\/div>\n\n\n\n<div class=\"wp-block-file\"><a id=\"wp-block-file--media-6d2f98eb-23cf-4575-b304-a856ba5d8701\" href=\"https:\/\/www.suedzucker.pl\/wp-content\/uploads\/2025\/12\/Polityka-Jakosci-Dywizji-Cukru_listopad-2025-1.pdf\">Polityka Jako\u015bci Dywizji Cukru<\/a><a href=\"https:\/\/www.suedzucker.pl\/wp-content\/uploads\/2025\/12\/Polityka-Jakosci-Dywizji-Cukru_listopad-2025-1.pdf\" class=\"wp-block-file__button wp-element-button\" download aria-describedby=\"wp-block-file--media-6d2f98eb-23cf-4575-b304-a856ba5d8701\">Download<\/a><\/div>\n\n\n\n<p><\/p>\n","protected":false},"excerpt":{"rendered":"<p>The Quality Assurance Policy developed by the Management Board of S\u00fcdzucker Polska S.A. is the most important corporate document. It sets out the mission and strategy involved in the operation,&#8230;<\/p>\n","protected":false},"author":3,"featured_media":0,"parent":12844,"menu_order":0,"comment_status":"closed","ping_status":"closed","template":"","meta":{"_acf_changed":false,"inline_featured_image":false,"footnotes":"","_wp_rev_ctl_limit":""},"class_list":["post-12925","page","type-page","status-publish","hentry"],"acf":[],"yoast_head":"<!-- This site is optimized with the Yoast SEO plugin v27.4 - https:\/\/yoast.com\/product\/yoast-seo-wordpress\/ -->\n<title>Quality Assurance Policy - S\u00fcdzucker Polska<\/title>\n<meta name=\"robots\" content=\"index, follow, max-snippet:-1, max-image-preview:large, max-video-preview:-1\" \/>\n<link rel=\"canonical\" href=\"https:\/\/www.suedzucker.pl\/quality-management\/quality-assurance-policy\/\" \/>\n<meta property=\"og:locale\" content=\"en_US\" \/>\n<meta property=\"og:type\" content=\"article\" \/>\n<meta property=\"og:title\" content=\"Quality Assurance Policy - S\u00fcdzucker Polska\" \/>\n<meta property=\"og:description\" content=\"The Quality Assurance Policy developed by the Management Board of S\u00fcdzucker Polska S.A. is the most important corporate document. It sets out the mission and strategy involved in the operation,...\" \/>\n<meta property=\"og:url\" content=\"https:\/\/www.suedzucker.pl\/quality-management\/quality-assurance-policy\/\" \/>\n<meta property=\"og:site_name\" content=\"S\u00fcdzucker Polska\" \/>\n<meta property=\"article:modified_time\" content=\"2025-12-15T13:01:50+00:00\" \/>\n<meta name=\"twitter:card\" content=\"summary_large_image\" \/>\n<meta name=\"twitter:label1\" content=\"Est. reading time\" \/>\n\t<meta name=\"twitter:data1\" content=\"1 minute\" \/>\n<script type=\"application\/ld+json\" class=\"yoast-schema-graph\">{\"@context\":\"https:\\\/\\\/schema.org\",\"@graph\":[{\"@type\":\"WebPage\",\"@id\":\"https:\\\/\\\/www.suedzucker.pl\\\/quality-management\\\/quality-assurance-policy\\\/\",\"url\":\"https:\\\/\\\/www.suedzucker.pl\\\/quality-management\\\/quality-assurance-policy\\\/\",\"name\":\"Quality Assurance Policy - S\u00fcdzucker Polska\",\"isPartOf\":{\"@id\":\"https:\\\/\\\/www.suedzucker.pl\\\/en\\\/#website\"},\"datePublished\":\"2020-09-03T14:32:03+00:00\",\"dateModified\":\"2025-12-15T13:01:50+00:00\",\"breadcrumb\":{\"@id\":\"https:\\\/\\\/www.suedzucker.pl\\\/quality-management\\\/quality-assurance-policy\\\/#breadcrumb\"},\"inLanguage\":\"en-US\",\"potentialAction\":[{\"@type\":\"ReadAction\",\"target\":[\"https:\\\/\\\/www.suedzucker.pl\\\/quality-management\\\/quality-assurance-policy\\\/\"]}]},{\"@type\":\"BreadcrumbList\",\"@id\":\"https:\\\/\\\/www.suedzucker.pl\\\/quality-management\\\/quality-assurance-policy\\\/#breadcrumb\",\"itemListElement\":[{\"@type\":\"ListItem\",\"position\":1,\"name\":\"Home\",\"item\":\"https:\\\/\\\/www.suedzucker.pl\\\/en\\\/\"},{\"@type\":\"ListItem\",\"position\":2,\"name\":\"Quality Management\",\"item\":\"https:\\\/\\\/www.suedzucker.pl\\\/en\\\/quality-management\\\/\"},{\"@type\":\"ListItem\",\"position\":3,\"name\":\"Quality Assurance Policy\"}]},{\"@type\":\"WebSite\",\"@id\":\"https:\\\/\\\/www.suedzucker.pl\\\/en\\\/#website\",\"url\":\"https:\\\/\\\/www.suedzucker.pl\\\/en\\\/\",\"name\":\"S\u00fcdzucker Polska\",\"description\":\"Jeste\u015bmy wiod\u0105cym producentem cukru w Polsce\",\"potentialAction\":[{\"@type\":\"SearchAction\",\"target\":{\"@type\":\"EntryPoint\",\"urlTemplate\":\"https:\\\/\\\/www.suedzucker.pl\\\/en\\\/?s={search_term_string}\"},\"query-input\":{\"@type\":\"PropertyValueSpecification\",\"valueRequired\":true,\"valueName\":\"search_term_string\"}}],\"inLanguage\":\"en-US\"}]}<\/script>\n<!-- \/ Yoast SEO plugin. -->","yoast_head_json":{"title":"Quality Assurance Policy - S\u00fcdzucker Polska","robots":{"index":"index","follow":"follow","max-snippet":"max-snippet:-1","max-image-preview":"max-image-preview:large","max-video-preview":"max-video-preview:-1"},"canonical":"https:\/\/www.suedzucker.pl\/quality-management\/quality-assurance-policy\/","og_locale":"en_US","og_type":"article","og_title":"Quality Assurance Policy - S\u00fcdzucker Polska","og_description":"The Quality Assurance Policy developed by the Management Board of S\u00fcdzucker Polska S.A. is the most important corporate document. It sets out the mission and strategy involved in the operation,...","og_url":"https:\/\/www.suedzucker.pl\/quality-management\/quality-assurance-policy\/","og_site_name":"S\u00fcdzucker Polska","article_modified_time":"2025-12-15T13:01:50+00:00","twitter_card":"summary_large_image","twitter_misc":{"Est. reading time":"1 minute"},"schema":{"@context":"https:\/\/schema.org","@graph":[{"@type":"WebPage","@id":"https:\/\/www.suedzucker.pl\/quality-management\/quality-assurance-policy\/","url":"https:\/\/www.suedzucker.pl\/quality-management\/quality-assurance-policy\/","name":"Quality Assurance Policy - S\u00fcdzucker Polska","isPartOf":{"@id":"https:\/\/www.suedzucker.pl\/en\/#website"},"datePublished":"2020-09-03T14:32:03+00:00","dateModified":"2025-12-15T13:01:50+00:00","breadcrumb":{"@id":"https:\/\/www.suedzucker.pl\/quality-management\/quality-assurance-policy\/#breadcrumb"},"inLanguage":"en-US","potentialAction":[{"@type":"ReadAction","target":["https:\/\/www.suedzucker.pl\/quality-management\/quality-assurance-policy\/"]}]},{"@type":"BreadcrumbList","@id":"https:\/\/www.suedzucker.pl\/quality-management\/quality-assurance-policy\/#breadcrumb","itemListElement":[{"@type":"ListItem","position":1,"name":"Home","item":"https:\/\/www.suedzucker.pl\/en\/"},{"@type":"ListItem","position":2,"name":"Quality Management","item":"https:\/\/www.suedzucker.pl\/en\/quality-management\/"},{"@type":"ListItem","position":3,"name":"Quality Assurance Policy"}]},{"@type":"WebSite","@id":"https:\/\/www.suedzucker.pl\/en\/#website","url":"https:\/\/www.suedzucker.pl\/en\/","name":"S\u00fcdzucker Polska","description":"Jeste\u015bmy wiod\u0105cym producentem cukru w Polsce","potentialAction":[{"@type":"SearchAction","target":{"@type":"EntryPoint","urlTemplate":"https:\/\/www.suedzucker.pl\/en\/?s={search_term_string}"},"query-input":{"@type":"PropertyValueSpecification","valueRequired":true,"valueName":"search_term_string"}}],"inLanguage":"en-US"}]}},"_links":{"self":[{"href":"https:\/\/www.suedzucker.pl\/en\/wp-json\/wp\/v2\/pages\/12925","targetHints":{"allow":["GET"]}}],"collection":[{"href":"https:\/\/www.suedzucker.pl\/en\/wp-json\/wp\/v2\/pages"}],"about":[{"href":"https:\/\/www.suedzucker.pl\/en\/wp-json\/wp\/v2\/types\/page"}],"author":[{"embeddable":true,"href":"https:\/\/www.suedzucker.pl\/en\/wp-json\/wp\/v2\/users\/3"}],"replies":[{"embeddable":true,"href":"https:\/\/www.suedzucker.pl\/en\/wp-json\/wp\/v2\/comments?post=12925"}],"version-history":[{"count":5,"href":"https:\/\/www.suedzucker.pl\/en\/wp-json\/wp\/v2\/pages\/12925\/revisions"}],"predecessor-version":[{"id":24593,"href":"https:\/\/www.suedzucker.pl\/en\/wp-json\/wp\/v2\/pages\/12925\/revisions\/24593"}],"up":[{"embeddable":true,"href":"https:\/\/www.suedzucker.pl\/en\/wp-json\/wp\/v2\/pages\/12844"}],"wp:attachment":[{"href":"https:\/\/www.suedzucker.pl\/en\/wp-json\/wp\/v2\/media?parent=12925"}],"curies":[{"name":"wp","href":"https:\/\/api.w.org\/{rel}","templated":true}]}}