{"id":14288,"date":"2021-01-12T10:31:54","date_gmt":"2021-01-12T09:31:54","guid":{"rendered":"https:\/\/www.suedzucker.pl\/?page_id=14288"},"modified":"2021-01-22T13:17:44","modified_gmt":"2021-01-22T12:17:44","slug":"przechowalnictwo","status":"publish","type":"page","link":"https:\/\/www.suedzucker.pl\/en\/serwis-plantatorski\/doswiadczenia\/wyniki-doswiadczen-2020\/przechowalnictwo\/","title":{"rendered":"Przechowalnictwo"},"content":{"rendered":"\n<h4 class=\"wp-block-heading\">Wyniki pomiaru: \u015bredniej temperatury w pryzmie okrytej i temperatur minimalnych powietrza \u2013 do\u015bwiadczenie z przechowalnictwem 2020-2021.<\/h4>\n\n\n\n<figure class=\"wp-block-image size-large\"><a href=\"https:\/\/www.suedzucker.pl\/wp-content\/uploads\/2021\/01\/Pomiar-temperatury.png\"><img loading=\"lazy\" decoding=\"async\" width=\"1024\" height=\"407\" src=\"https:\/\/www.suedzucker.pl\/wp-content\/uploads\/2021\/01\/Pomiar-temperatury-1024x407.png\" alt=\"\" class=\"wp-image-14292\" srcset=\"https:\/\/www.suedzucker.pl\/wp-content\/uploads\/2021\/01\/Pomiar-temperatury-1024x407.png 1024w, https:\/\/www.suedzucker.pl\/wp-content\/uploads\/2021\/01\/Pomiar-temperatury-300x119.png 300w, https:\/\/www.suedzucker.pl\/wp-content\/uploads\/2021\/01\/Pomiar-temperatury-768x305.png 768w, https:\/\/www.suedzucker.pl\/wp-content\/uploads\/2021\/01\/Pomiar-temperatury-500x199.png 500w, https:\/\/www.suedzucker.pl\/wp-content\/uploads\/2021\/01\/Pomiar-temperatury.png 1275w\" sizes=\"auto, (max-width: 1024px) 100vw, 1024px\" \/><\/a><\/figure>\n\n\n\n<h4 class=\"wp-block-heading\">Ograniczenie strat cukru po zastosowaniu okrycia w\u0142\u00f3knin\u0105 \u2013 0,36 t cukru \/50 dni w stosunku do wariantu bez okrycia \u2013 do\u015bwiadczenie z przechowalnictwem 2020-2021.<\/h4>\n\n\n\n<figure class=\"wp-block-image size-large\"><a href=\"https:\/\/www.suedzucker.pl\/wp-content\/uploads\/2021\/01\/Tabela-1.png\"><img loading=\"lazy\" decoding=\"async\" width=\"1024\" height=\"320\" src=\"https:\/\/www.suedzucker.pl\/wp-content\/uploads\/2021\/01\/Tabela-1-1024x320.png\" alt=\"\" class=\"wp-image-14293\" srcset=\"https:\/\/www.suedzucker.pl\/wp-content\/uploads\/2021\/01\/Tabela-1-1024x320.png 1024w, https:\/\/www.suedzucker.pl\/wp-content\/uploads\/2021\/01\/Tabela-1-300x94.png 300w, https:\/\/www.suedzucker.pl\/wp-content\/uploads\/2021\/01\/Tabela-1-768x240.png 768w, https:\/\/www.suedzucker.pl\/wp-content\/uploads\/2021\/01\/Tabela-1-500x156.png 500w, https:\/\/www.suedzucker.pl\/wp-content\/uploads\/2021\/01\/Tabela-1.png 1079w\" sizes=\"auto, (max-width: 1024px) 100vw, 1024px\" \/><\/a><\/figure>\n\n\n\n<h4 class=\"wp-block-heading\">Wyniki do\u015bwiadczenia z przechowalnictwa 2018 &#8211; 2020 .<\/h4>\n\n\n\n<figure class=\"wp-block-image size-large\"><a href=\"https:\/\/www.suedzucker.pl\/wp-content\/uploads\/2021\/01\/Wyniki.png\"><img loading=\"lazy\" decoding=\"async\" width=\"1024\" height=\"380\" src=\"https:\/\/www.suedzucker.pl\/wp-content\/uploads\/2021\/01\/Wyniki-1024x380.png\" alt=\"\" class=\"wp-image-14324\" srcset=\"https:\/\/www.suedzucker.pl\/wp-content\/uploads\/2021\/01\/Wyniki-1024x380.png 1024w, https:\/\/www.suedzucker.pl\/wp-content\/uploads\/2021\/01\/Wyniki-300x111.png 300w, https:\/\/www.suedzucker.pl\/wp-content\/uploads\/2021\/01\/Wyniki-768x285.png 768w, https:\/\/www.suedzucker.pl\/wp-content\/uploads\/2021\/01\/Wyniki-500x186.png 500w, https:\/\/www.suedzucker.pl\/wp-content\/uploads\/2021\/01\/Wyniki.png 1231w\" sizes=\"auto, (max-width: 1024px) 100vw, 1024px\" \/><\/a><\/figure>\n\n\n\n<h4 class=\"wp-block-heading\">Temperatury minimalne powietrza \u2013 Do\u015bwiadczenia z Przechowalnictwa 2018-2021.<\/h4>\n\n\n\n<figure class=\"wp-block-image size-large\"><a href=\"https:\/\/www.suedzucker.pl\/wp-content\/uploads\/2021\/01\/Temperatury-minimalne.png\"><img loading=\"lazy\" decoding=\"async\" width=\"1024\" height=\"441\" src=\"https:\/\/www.suedzucker.pl\/wp-content\/uploads\/2021\/01\/Temperatury-minimalne-1024x441.png\" alt=\"\" class=\"wp-image-14327\" srcset=\"https:\/\/www.suedzucker.pl\/wp-content\/uploads\/2021\/01\/Temperatury-minimalne-1024x441.png 1024w, https:\/\/www.suedzucker.pl\/wp-content\/uploads\/2021\/01\/Temperatury-minimalne-300x129.png 300w, https:\/\/www.suedzucker.pl\/wp-content\/uploads\/2021\/01\/Temperatury-minimalne-768x331.png 768w, https:\/\/www.suedzucker.pl\/wp-content\/uploads\/2021\/01\/Temperatury-minimalne-500x215.png 500w, https:\/\/www.suedzucker.pl\/wp-content\/uploads\/2021\/01\/Temperatury-minimalne.png 1184w\" sizes=\"auto, (max-width: 1024px) 100vw, 1024px\" \/><\/a><\/figure>\n\n\n\n<h4 class=\"wp-block-heading\">\u015arednie temperatury w pryzmie okrytej w\u0142\u00f3knin\u0105 \u2013 Do\u015bwiadczenia z Przechowalnictwa 2018-2021<\/h4>\n\n\n\n<figure class=\"wp-block-image size-large\"><a href=\"https:\/\/www.suedzucker.pl\/wp-content\/uploads\/2021\/01\/Srednie-temperatury.png\"><img loading=\"lazy\" decoding=\"async\" width=\"1024\" height=\"413\" src=\"https:\/\/www.suedzucker.pl\/wp-content\/uploads\/2021\/01\/Srednie-temperatury-1024x413.png\" alt=\"\" class=\"wp-image-14329\" srcset=\"https:\/\/www.suedzucker.pl\/wp-content\/uploads\/2021\/01\/Srednie-temperatury-1024x413.png 1024w, https:\/\/www.suedzucker.pl\/wp-content\/uploads\/2021\/01\/Srednie-temperatury-300x121.png 300w, https:\/\/www.suedzucker.pl\/wp-content\/uploads\/2021\/01\/Srednie-temperatury-768x310.png 768w, https:\/\/www.suedzucker.pl\/wp-content\/uploads\/2021\/01\/Srednie-temperatury-500x202.png 500w, https:\/\/www.suedzucker.pl\/wp-content\/uploads\/2021\/01\/Srednie-temperatury.png 1192w\" sizes=\"auto, (max-width: 1024px) 100vw, 1024px\" \/><\/a><\/figure>\n","protected":false},"excerpt":{"rendered":"<p>Wyniki pomiaru: \u015bredniej temperatury w pryzmie okrytej i temperatur minimalnych powietrza \u2013 do\u015bwiadczenie z przechowalnictwem 2020-2021. Ograniczenie strat cukru po zastosowaniu okrycia w\u0142\u00f3knin\u0105 \u2013 0,36 t cukru \/50 dni w&#8230;<\/p>\n","protected":false},"author":4,"featured_media":0,"parent":1791,"menu_order":10,"comment_status":"closed","ping_status":"closed","template":"","meta":{"_acf_changed":false,"inline_featured_image":false,"footnotes":"","_wp_rev_ctl_limit":""},"class_list":["post-14288","page","type-page","status-publish","hentry"],"acf":[],"yoast_head":"<!-- This site is optimized with the Yoast SEO plugin v27.3 - https:\/\/yoast.com\/product\/yoast-seo-wordpress\/ -->\n<title>Przechowalnictwo - S\u00fcdzucker Polska<\/title>\n<meta name=\"robots\" content=\"index, follow, max-snippet:-1, max-image-preview:large, max-video-preview:-1\" \/>\n<link rel=\"canonical\" href=\"https:\/\/www.suedzucker.pl\/serwis-plantatorski\/doswiadczenia\/wyniki-doswiadczen-2020\/przechowalnictwo\/\" \/>\n<meta property=\"og:locale\" content=\"en_US\" \/>\n<meta property=\"og:type\" content=\"article\" \/>\n<meta property=\"og:title\" content=\"Przechowalnictwo - S\u00fcdzucker Polska\" \/>\n<meta property=\"og:description\" content=\"Wyniki pomiaru: \u015bredniej temperatury w pryzmie okrytej i temperatur minimalnych powietrza \u2013 do\u015bwiadczenie z przechowalnictwem 2020-2021. Ograniczenie strat cukru po zastosowaniu okrycia w\u0142\u00f3knin\u0105 \u2013 0,36 t cukru \/50 dni w...\" \/>\n<meta property=\"og:url\" content=\"https:\/\/www.suedzucker.pl\/serwis-plantatorski\/doswiadczenia\/wyniki-doswiadczen-2020\/przechowalnictwo\/\" \/>\n<meta property=\"og:site_name\" content=\"S\u00fcdzucker Polska\" \/>\n<meta property=\"article:modified_time\" content=\"2021-01-22T12:17:44+00:00\" \/>\n<meta property=\"og:image\" content=\"https:\/\/www.suedzucker.pl\/wp-content\/uploads\/2021\/01\/Pomiar-temperatury-1024x407.png\" \/>\n<meta name=\"twitter:card\" content=\"summary_large_image\" \/>\n<meta name=\"twitter:label1\" content=\"Est. reading time\" \/>\n\t<meta name=\"twitter:data1\" content=\"2 minutes\" \/>\n<script type=\"application\/ld+json\" class=\"yoast-schema-graph\">{\"@context\":\"https:\\\/\\\/schema.org\",\"@graph\":[{\"@type\":\"WebPage\",\"@id\":\"https:\\\/\\\/www.suedzucker.pl\\\/serwis-plantatorski\\\/doswiadczenia\\\/wyniki-doswiadczen-2020\\\/przechowalnictwo\\\/\",\"url\":\"https:\\\/\\\/www.suedzucker.pl\\\/serwis-plantatorski\\\/doswiadczenia\\\/wyniki-doswiadczen-2020\\\/przechowalnictwo\\\/\",\"name\":\"Przechowalnictwo - S\u00fcdzucker Polska\",\"isPartOf\":{\"@id\":\"https:\\\/\\\/www.suedzucker.pl\\\/en\\\/#website\"},\"primaryImageOfPage\":{\"@id\":\"https:\\\/\\\/www.suedzucker.pl\\\/serwis-plantatorski\\\/doswiadczenia\\\/wyniki-doswiadczen-2020\\\/przechowalnictwo\\\/#primaryimage\"},\"image\":{\"@id\":\"https:\\\/\\\/www.suedzucker.pl\\\/serwis-plantatorski\\\/doswiadczenia\\\/wyniki-doswiadczen-2020\\\/przechowalnictwo\\\/#primaryimage\"},\"thumbnailUrl\":\"https:\\\/\\\/www.suedzucker.pl\\\/wp-content\\\/uploads\\\/2021\\\/01\\\/Pomiar-temperatury-1024x407.png\",\"datePublished\":\"2021-01-12T09:31:54+00:00\",\"dateModified\":\"2021-01-22T12:17:44+00:00\",\"breadcrumb\":{\"@id\":\"https:\\\/\\\/www.suedzucker.pl\\\/serwis-plantatorski\\\/doswiadczenia\\\/wyniki-doswiadczen-2020\\\/przechowalnictwo\\\/#breadcrumb\"},\"inLanguage\":\"en-US\",\"potentialAction\":[{\"@type\":\"ReadAction\",\"target\":[\"https:\\\/\\\/www.suedzucker.pl\\\/serwis-plantatorski\\\/doswiadczenia\\\/wyniki-doswiadczen-2020\\\/przechowalnictwo\\\/\"]}]},{\"@type\":\"ImageObject\",\"inLanguage\":\"en-US\",\"@id\":\"https:\\\/\\\/www.suedzucker.pl\\\/serwis-plantatorski\\\/doswiadczenia\\\/wyniki-doswiadczen-2020\\\/przechowalnictwo\\\/#primaryimage\",\"url\":\"https:\\\/\\\/www.suedzucker.pl\\\/wp-content\\\/uploads\\\/2021\\\/01\\\/Pomiar-temperatury-1024x407.png\",\"contentUrl\":\"https:\\\/\\\/www.suedzucker.pl\\\/wp-content\\\/uploads\\\/2021\\\/01\\\/Pomiar-temperatury-1024x407.png\"},{\"@type\":\"BreadcrumbList\",\"@id\":\"https:\\\/\\\/www.suedzucker.pl\\\/serwis-plantatorski\\\/doswiadczenia\\\/wyniki-doswiadczen-2020\\\/przechowalnictwo\\\/#breadcrumb\",\"itemListElement\":[{\"@type\":\"ListItem\",\"position\":1,\"name\":\"Home page\",\"item\":\"https:\\\/\\\/www.suedzucker.pl\\\/en\\\/serwis-plantatorski\\\/\"},{\"@type\":\"ListItem\",\"position\":2,\"name\":\"Do\u015bwiadczenia\",\"item\":\"https:\\\/\\\/www.suedzucker.pl\\\/serwis-plantatorski\\\/doswiadczenia\\\/\"},{\"@type\":\"ListItem\",\"position\":3,\"name\":\"Wyniki do\u015bwiadcze\u0144 2020\",\"item\":\"https:\\\/\\\/www.suedzucker.pl\\\/serwis-plantatorski\\\/doswiadczenia\\\/wyniki-doswiadczen-2020\\\/\"},{\"@type\":\"ListItem\",\"position\":4,\"name\":\"Przechowalnictwo\"}]},{\"@type\":\"WebSite\",\"@id\":\"https:\\\/\\\/www.suedzucker.pl\\\/en\\\/#website\",\"url\":\"https:\\\/\\\/www.suedzucker.pl\\\/en\\\/\",\"name\":\"S\u00fcdzucker Polska\",\"description\":\"Jeste\u015bmy wiod\u0105cym producentem cukru w Polsce\",\"potentialAction\":[{\"@type\":\"SearchAction\",\"target\":{\"@type\":\"EntryPoint\",\"urlTemplate\":\"https:\\\/\\\/www.suedzucker.pl\\\/en\\\/?s={search_term_string}\"},\"query-input\":{\"@type\":\"PropertyValueSpecification\",\"valueRequired\":true,\"valueName\":\"search_term_string\"}}],\"inLanguage\":\"en-US\"}]}<\/script>\n<!-- \/ Yoast SEO plugin. -->","yoast_head_json":{"title":"Przechowalnictwo - S\u00fcdzucker Polska","robots":{"index":"index","follow":"follow","max-snippet":"max-snippet:-1","max-image-preview":"max-image-preview:large","max-video-preview":"max-video-preview:-1"},"canonical":"https:\/\/www.suedzucker.pl\/serwis-plantatorski\/doswiadczenia\/wyniki-doswiadczen-2020\/przechowalnictwo\/","og_locale":"en_US","og_type":"article","og_title":"Przechowalnictwo - S\u00fcdzucker Polska","og_description":"Wyniki pomiaru: \u015bredniej temperatury w pryzmie okrytej i temperatur minimalnych powietrza \u2013 do\u015bwiadczenie z przechowalnictwem 2020-2021. Ograniczenie strat cukru po zastosowaniu okrycia w\u0142\u00f3knin\u0105 \u2013 0,36 t cukru \/50 dni w...","og_url":"https:\/\/www.suedzucker.pl\/serwis-plantatorski\/doswiadczenia\/wyniki-doswiadczen-2020\/przechowalnictwo\/","og_site_name":"S\u00fcdzucker Polska","article_modified_time":"2021-01-22T12:17:44+00:00","og_image":[{"url":"https:\/\/www.suedzucker.pl\/wp-content\/uploads\/2021\/01\/Pomiar-temperatury-1024x407.png","type":"","width":"","height":""}],"twitter_card":"summary_large_image","twitter_misc":{"Est. reading time":"2 minutes"},"schema":{"@context":"https:\/\/schema.org","@graph":[{"@type":"WebPage","@id":"https:\/\/www.suedzucker.pl\/serwis-plantatorski\/doswiadczenia\/wyniki-doswiadczen-2020\/przechowalnictwo\/","url":"https:\/\/www.suedzucker.pl\/serwis-plantatorski\/doswiadczenia\/wyniki-doswiadczen-2020\/przechowalnictwo\/","name":"Przechowalnictwo - S\u00fcdzucker Polska","isPartOf":{"@id":"https:\/\/www.suedzucker.pl\/en\/#website"},"primaryImageOfPage":{"@id":"https:\/\/www.suedzucker.pl\/serwis-plantatorski\/doswiadczenia\/wyniki-doswiadczen-2020\/przechowalnictwo\/#primaryimage"},"image":{"@id":"https:\/\/www.suedzucker.pl\/serwis-plantatorski\/doswiadczenia\/wyniki-doswiadczen-2020\/przechowalnictwo\/#primaryimage"},"thumbnailUrl":"https:\/\/www.suedzucker.pl\/wp-content\/uploads\/2021\/01\/Pomiar-temperatury-1024x407.png","datePublished":"2021-01-12T09:31:54+00:00","dateModified":"2021-01-22T12:17:44+00:00","breadcrumb":{"@id":"https:\/\/www.suedzucker.pl\/serwis-plantatorski\/doswiadczenia\/wyniki-doswiadczen-2020\/przechowalnictwo\/#breadcrumb"},"inLanguage":"en-US","potentialAction":[{"@type":"ReadAction","target":["https:\/\/www.suedzucker.pl\/serwis-plantatorski\/doswiadczenia\/wyniki-doswiadczen-2020\/przechowalnictwo\/"]}]},{"@type":"ImageObject","inLanguage":"en-US","@id":"https:\/\/www.suedzucker.pl\/serwis-plantatorski\/doswiadczenia\/wyniki-doswiadczen-2020\/przechowalnictwo\/#primaryimage","url":"https:\/\/www.suedzucker.pl\/wp-content\/uploads\/2021\/01\/Pomiar-temperatury-1024x407.png","contentUrl":"https:\/\/www.suedzucker.pl\/wp-content\/uploads\/2021\/01\/Pomiar-temperatury-1024x407.png"},{"@type":"BreadcrumbList","@id":"https:\/\/www.suedzucker.pl\/serwis-plantatorski\/doswiadczenia\/wyniki-doswiadczen-2020\/przechowalnictwo\/#breadcrumb","itemListElement":[{"@type":"ListItem","position":1,"name":"Home page","item":"https:\/\/www.suedzucker.pl\/en\/serwis-plantatorski\/"},{"@type":"ListItem","position":2,"name":"Do\u015bwiadczenia","item":"https:\/\/www.suedzucker.pl\/serwis-plantatorski\/doswiadczenia\/"},{"@type":"ListItem","position":3,"name":"Wyniki do\u015bwiadcze\u0144 2020","item":"https:\/\/www.suedzucker.pl\/serwis-plantatorski\/doswiadczenia\/wyniki-doswiadczen-2020\/"},{"@type":"ListItem","position":4,"name":"Przechowalnictwo"}]},{"@type":"WebSite","@id":"https:\/\/www.suedzucker.pl\/en\/#website","url":"https:\/\/www.suedzucker.pl\/en\/","name":"S\u00fcdzucker Polska","description":"Jeste\u015bmy wiod\u0105cym producentem cukru w Polsce","potentialAction":[{"@type":"SearchAction","target":{"@type":"EntryPoint","urlTemplate":"https:\/\/www.suedzucker.pl\/en\/?s={search_term_string}"},"query-input":{"@type":"PropertyValueSpecification","valueRequired":true,"valueName":"search_term_string"}}],"inLanguage":"en-US"}]}},"_links":{"self":[{"href":"https:\/\/www.suedzucker.pl\/en\/wp-json\/wp\/v2\/pages\/14288","targetHints":{"allow":["GET"]}}],"collection":[{"href":"https:\/\/www.suedzucker.pl\/en\/wp-json\/wp\/v2\/pages"}],"about":[{"href":"https:\/\/www.suedzucker.pl\/en\/wp-json\/wp\/v2\/types\/page"}],"author":[{"embeddable":true,"href":"https:\/\/www.suedzucker.pl\/en\/wp-json\/wp\/v2\/users\/4"}],"replies":[{"embeddable":true,"href":"https:\/\/www.suedzucker.pl\/en\/wp-json\/wp\/v2\/comments?post=14288"}],"version-history":[{"count":0,"href":"https:\/\/www.suedzucker.pl\/en\/wp-json\/wp\/v2\/pages\/14288\/revisions"}],"up":[{"embeddable":true,"href":"https:\/\/www.suedzucker.pl\/en\/wp-json\/wp\/v2\/pages\/1791"}],"wp:attachment":[{"href":"https:\/\/www.suedzucker.pl\/en\/wp-json\/wp\/v2\/media?parent=14288"}],"curies":[{"name":"wp","href":"https:\/\/api.w.org\/{rel}","templated":true}]}}