{"id":14966,"date":"2021-05-21T08:13:49","date_gmt":"2021-05-21T06:13:49","guid":{"rendered":"https:\/\/www.suedzucker.pl\/?page_id=14966"},"modified":"2021-11-30T10:32:48","modified_gmt":"2021-11-30T09:32:48","slug":"techniki-uprawy-2","status":"publish","type":"page","link":"https:\/\/www.suedzucker.pl\/en\/serwis-plantatorski\/doswiadczenia\/wyniki-doswiadczen-2021\/techniki-uprawy-2\/","title":{"rendered":"Techniki uprawy"},"content":{"rendered":"\n<div class=\"wp-block-image\"><figure class=\"aligncenter size-large\"><a href=\"https:\/\/www.suedzucker.pl\/wp-content\/uploads\/2021\/11\/opis-tech.png\"><img loading=\"lazy\" decoding=\"async\" width=\"1024\" height=\"292\" src=\"https:\/\/www.suedzucker.pl\/wp-content\/uploads\/2021\/11\/opis-tech-1024x292.png\" alt=\"\" class=\"wp-image-16332\" srcset=\"https:\/\/www.suedzucker.pl\/wp-content\/uploads\/2021\/11\/opis-tech-1024x292.png 1024w, https:\/\/www.suedzucker.pl\/wp-content\/uploads\/2021\/11\/opis-tech-300x86.png 300w, https:\/\/www.suedzucker.pl\/wp-content\/uploads\/2021\/11\/opis-tech-768x219.png 768w, https:\/\/www.suedzucker.pl\/wp-content\/uploads\/2021\/11\/opis-tech-500x143.png 500w, https:\/\/www.suedzucker.pl\/wp-content\/uploads\/2021\/11\/opis-tech.png 1272w\" sizes=\"auto, (max-width: 1024px) 100vw, 1024px\" \/><\/a><\/figure><\/div>\n\n\n\n<h4 class=\"wp-block-heading\">PZW % po 28 dniach &#8211; do\u015bwiadcze\u0144 z technikami uprawy 2021<\/h4>\n\n\n\n<div class=\"wp-block-image\"><figure class=\"aligncenter size-large\"><a href=\"https:\/\/www.suedzucker.pl\/wp-content\/uploads\/2021\/05\/PZW-po-28-2.png\"><img loading=\"lazy\" decoding=\"async\" width=\"986\" height=\"528\" src=\"https:\/\/www.suedzucker.pl\/wp-content\/uploads\/2021\/05\/PZW-po-28-2.png\" alt=\"\" class=\"wp-image-14984\" srcset=\"https:\/\/www.suedzucker.pl\/wp-content\/uploads\/2021\/05\/PZW-po-28-2.png 986w, https:\/\/www.suedzucker.pl\/wp-content\/uploads\/2021\/05\/PZW-po-28-2-300x161.png 300w, https:\/\/www.suedzucker.pl\/wp-content\/uploads\/2021\/05\/PZW-po-28-2-768x411.png 768w, https:\/\/www.suedzucker.pl\/wp-content\/uploads\/2021\/05\/PZW-po-28-2-500x268.png 500w\" sizes=\"auto, (max-width: 986px) 100vw, 986px\" \/><\/a><\/figure><\/div>\n\n\n\n<h4 class=\"wp-block-heading\">Technologiczny Plon Cukru \u2013 Do\u015bwiadczenie z technikami uprawy &#8211; 2021<\/h4>\n\n\n\n<div class=\"wp-block-image\"><figure class=\"aligncenter size-large\"><a href=\"https:\/\/www.suedzucker.pl\/wp-content\/uploads\/2021\/11\/1-plon-cukru-2.png\"><img loading=\"lazy\" decoding=\"async\" width=\"1024\" height=\"408\" src=\"https:\/\/www.suedzucker.pl\/wp-content\/uploads\/2021\/11\/1-plon-cukru-2-1024x408.png\" alt=\"\" class=\"wp-image-16220\" srcset=\"https:\/\/www.suedzucker.pl\/wp-content\/uploads\/2021\/11\/1-plon-cukru-2-1024x408.png 1024w, https:\/\/www.suedzucker.pl\/wp-content\/uploads\/2021\/11\/1-plon-cukru-2-300x120.png 300w, https:\/\/www.suedzucker.pl\/wp-content\/uploads\/2021\/11\/1-plon-cukru-2-768x306.png 768w, https:\/\/www.suedzucker.pl\/wp-content\/uploads\/2021\/11\/1-plon-cukru-2-500x199.png 500w, https:\/\/www.suedzucker.pl\/wp-content\/uploads\/2021\/11\/1-plon-cukru-2.png 1289w\" sizes=\"auto, (max-width: 1024px) 100vw, 1024px\" \/><\/a><\/figure><\/div>\n\n\n\n<h4 class=\"wp-block-heading\">Plon Korzeni \u2013 Do\u015bwiadczenie z technikami uprawy &#8211; 2021<\/h4>\n\n\n\n<div class=\"wp-block-image\"><figure class=\"aligncenter size-large\"><a href=\"https:\/\/www.suedzucker.pl\/wp-content\/uploads\/2021\/11\/2-plon-korzeni-2.png\"><img loading=\"lazy\" decoding=\"async\" width=\"1024\" height=\"437\" src=\"https:\/\/www.suedzucker.pl\/wp-content\/uploads\/2021\/11\/2-plon-korzeni-2-1024x437.png\" alt=\"\" class=\"wp-image-16222\" srcset=\"https:\/\/www.suedzucker.pl\/wp-content\/uploads\/2021\/11\/2-plon-korzeni-2-1024x437.png 1024w, https:\/\/www.suedzucker.pl\/wp-content\/uploads\/2021\/11\/2-plon-korzeni-2-300x128.png 300w, https:\/\/www.suedzucker.pl\/wp-content\/uploads\/2021\/11\/2-plon-korzeni-2-768x328.png 768w, https:\/\/www.suedzucker.pl\/wp-content\/uploads\/2021\/11\/2-plon-korzeni-2-500x214.png 500w, https:\/\/www.suedzucker.pl\/wp-content\/uploads\/2021\/11\/2-plon-korzeni-2.png 1281w\" sizes=\"auto, (max-width: 1024px) 100vw, 1024px\" \/><\/a><\/figure><\/div>\n\n\n\n<h4 class=\"wp-block-heading\">Polaryzacja \u2013 Do\u015bwiadczenie z technikami uprawy &#8211; 2021<\/h4>\n\n\n\n<div class=\"wp-block-image\"><figure class=\"aligncenter size-large\"><a href=\"https:\/\/www.suedzucker.pl\/wp-content\/uploads\/2021\/11\/3-polaryzacja-2.png\"><img loading=\"lazy\" decoding=\"async\" width=\"1024\" height=\"440\" src=\"https:\/\/www.suedzucker.pl\/wp-content\/uploads\/2021\/11\/3-polaryzacja-2-1024x440.png\" alt=\"\" class=\"wp-image-16223\" srcset=\"https:\/\/www.suedzucker.pl\/wp-content\/uploads\/2021\/11\/3-polaryzacja-2-1024x440.png 1024w, https:\/\/www.suedzucker.pl\/wp-content\/uploads\/2021\/11\/3-polaryzacja-2-300x129.png 300w, https:\/\/www.suedzucker.pl\/wp-content\/uploads\/2021\/11\/3-polaryzacja-2-768x330.png 768w, https:\/\/www.suedzucker.pl\/wp-content\/uploads\/2021\/11\/3-polaryzacja-2-500x215.png 500w, https:\/\/www.suedzucker.pl\/wp-content\/uploads\/2021\/11\/3-polaryzacja-2.png 1280w\" sizes=\"auto, (max-width: 1024px) 100vw, 1024px\" \/><\/a><\/figure><\/div>\n\n\n\n<h4 class=\"wp-block-heading\">Zawarto\u015b\u0107 melasotwor\u00f3w \u2013 Do\u015bwiadczenie z technikami uprawy &#8211; 2021<\/h4>\n\n\n\n<div class=\"wp-block-image\"><figure class=\"aligncenter size-large\"><a href=\"https:\/\/www.suedzucker.pl\/wp-content\/uploads\/2021\/11\/4-melasotwory-1.png\"><img loading=\"lazy\" decoding=\"async\" width=\"1024\" height=\"449\" src=\"https:\/\/www.suedzucker.pl\/wp-content\/uploads\/2021\/11\/4-melasotwory-1-1024x449.png\" alt=\"\" class=\"wp-image-16224\" srcset=\"https:\/\/www.suedzucker.pl\/wp-content\/uploads\/2021\/11\/4-melasotwory-1-1024x449.png 1024w, https:\/\/www.suedzucker.pl\/wp-content\/uploads\/2021\/11\/4-melasotwory-1-300x132.png 300w, https:\/\/www.suedzucker.pl\/wp-content\/uploads\/2021\/11\/4-melasotwory-1-768x337.png 768w, https:\/\/www.suedzucker.pl\/wp-content\/uploads\/2021\/11\/4-melasotwory-1-500x219.png 500w, https:\/\/www.suedzucker.pl\/wp-content\/uploads\/2021\/11\/4-melasotwory-1.png 1286w\" sizes=\"auto, (max-width: 1024px) 100vw, 1024px\" \/><\/a><\/figure><\/div>\n\n\n\n<h4 class=\"wp-block-heading\">Technologiczny Plon Cukru \u2013 Do\u015bwiadczenie z technikami uprawy 2017-2021<\/h4>\n\n\n\n<div class=\"wp-block-image\"><figure class=\"aligncenter size-large\"><a href=\"https:\/\/www.suedzucker.pl\/wp-content\/uploads\/2021\/11\/5-plon-cukru.png\"><img loading=\"lazy\" decoding=\"async\" width=\"1024\" height=\"413\" src=\"https:\/\/www.suedzucker.pl\/wp-content\/uploads\/2021\/11\/5-plon-cukru-1024x413.png\" alt=\"\" class=\"wp-image-16298\" srcset=\"https:\/\/www.suedzucker.pl\/wp-content\/uploads\/2021\/11\/5-plon-cukru-1024x413.png 1024w, https:\/\/www.suedzucker.pl\/wp-content\/uploads\/2021\/11\/5-plon-cukru-300x121.png 300w, https:\/\/www.suedzucker.pl\/wp-content\/uploads\/2021\/11\/5-plon-cukru-768x310.png 768w, https:\/\/www.suedzucker.pl\/wp-content\/uploads\/2021\/11\/5-plon-cukru-500x202.png 500w, https:\/\/www.suedzucker.pl\/wp-content\/uploads\/2021\/11\/5-plon-cukru.png 1282w\" sizes=\"auto, (max-width: 1024px) 100vw, 1024px\" \/><\/a><\/figure><\/div>\n\n\n\n<h4 class=\"wp-block-heading\">Plon Korzeni \u2013 Do\u015bwiadczenie z technikami uprawy 2017-2021<\/h4>\n\n\n\n<div class=\"wp-block-image\"><figure class=\"aligncenter size-large\"><a href=\"https:\/\/www.suedzucker.pl\/wp-content\/uploads\/2021\/11\/6-plon-korzeni.png\"><img loading=\"lazy\" decoding=\"async\" width=\"1024\" height=\"407\" src=\"https:\/\/www.suedzucker.pl\/wp-content\/uploads\/2021\/11\/6-plon-korzeni-1024x407.png\" alt=\"\" class=\"wp-image-16300\" srcset=\"https:\/\/www.suedzucker.pl\/wp-content\/uploads\/2021\/11\/6-plon-korzeni-1024x407.png 1024w, https:\/\/www.suedzucker.pl\/wp-content\/uploads\/2021\/11\/6-plon-korzeni-300x119.png 300w, https:\/\/www.suedzucker.pl\/wp-content\/uploads\/2021\/11\/6-plon-korzeni-768x305.png 768w, https:\/\/www.suedzucker.pl\/wp-content\/uploads\/2021\/11\/6-plon-korzeni-500x199.png 500w, https:\/\/www.suedzucker.pl\/wp-content\/uploads\/2021\/11\/6-plon-korzeni.png 1287w\" sizes=\"auto, (max-width: 1024px) 100vw, 1024px\" \/><\/a><\/figure><\/div>\n\n\n\n<h4 class=\"wp-block-heading\">Polaryzacja \u2013 Do\u015bwiadczenie z technikami uprawy 2017-2021<\/h4>\n\n\n\n<div class=\"wp-block-image\"><figure class=\"aligncenter size-large\"><a href=\"https:\/\/www.suedzucker.pl\/wp-content\/uploads\/2021\/11\/7-polaryzacja.png\"><img loading=\"lazy\" decoding=\"async\" width=\"1024\" height=\"423\" src=\"https:\/\/www.suedzucker.pl\/wp-content\/uploads\/2021\/11\/7-polaryzacja-1024x423.png\" alt=\"\" class=\"wp-image-16301\" srcset=\"https:\/\/www.suedzucker.pl\/wp-content\/uploads\/2021\/11\/7-polaryzacja-1024x423.png 1024w, https:\/\/www.suedzucker.pl\/wp-content\/uploads\/2021\/11\/7-polaryzacja-300x124.png 300w, https:\/\/www.suedzucker.pl\/wp-content\/uploads\/2021\/11\/7-polaryzacja-768x317.png 768w, https:\/\/www.suedzucker.pl\/wp-content\/uploads\/2021\/11\/7-polaryzacja-500x206.png 500w, https:\/\/www.suedzucker.pl\/wp-content\/uploads\/2021\/11\/7-polaryzacja.png 1299w\" sizes=\"auto, (max-width: 1024px) 100vw, 1024px\" \/><\/a><\/figure><\/div>\n\n\n\n<p><\/p>\n","protected":false},"excerpt":{"rendered":"<p>PZW % po 28 dniach &#8211; do\u015bwiadcze\u0144 z technikami uprawy 2021 Technologiczny Plon Cukru \u2013 Do\u015bwiadczenie z technikami uprawy &#8211; 2021 Plon Korzeni \u2013 Do\u015bwiadczenie z technikami uprawy &#8211; 2021&#8230;<\/p>\n","protected":false},"author":4,"featured_media":0,"parent":14956,"menu_order":2,"comment_status":"closed","ping_status":"closed","template":"","meta":{"_acf_changed":false,"inline_featured_image":false,"footnotes":"","_wp_rev_ctl_limit":""},"class_list":["post-14966","page","type-page","status-publish","hentry"],"acf":[],"yoast_head":"<!-- This site is optimized with the Yoast SEO plugin v27.3 - https:\/\/yoast.com\/product\/yoast-seo-wordpress\/ -->\n<title>Techniki uprawy - S\u00fcdzucker Polska<\/title>\n<meta name=\"robots\" content=\"index, follow, max-snippet:-1, max-image-preview:large, max-video-preview:-1\" \/>\n<link rel=\"canonical\" href=\"https:\/\/www.suedzucker.pl\/serwis-plantatorski\/doswiadczenia\/wyniki-doswiadczen-2021\/techniki-uprawy-2\/\" \/>\n<meta property=\"og:locale\" content=\"en_US\" \/>\n<meta property=\"og:type\" content=\"article\" \/>\n<meta property=\"og:title\" content=\"Techniki uprawy - S\u00fcdzucker Polska\" \/>\n<meta property=\"og:description\" content=\"PZW % po 28 dniach &#8211; do\u015bwiadcze\u0144 z technikami uprawy 2021 Technologiczny Plon Cukru \u2013 Do\u015bwiadczenie z technikami uprawy &#8211; 2021 Plon Korzeni \u2013 Do\u015bwiadczenie z technikami uprawy &#8211; 2021...\" \/>\n<meta property=\"og:url\" content=\"https:\/\/www.suedzucker.pl\/serwis-plantatorski\/doswiadczenia\/wyniki-doswiadczen-2021\/techniki-uprawy-2\/\" \/>\n<meta property=\"og:site_name\" content=\"S\u00fcdzucker Polska\" \/>\n<meta property=\"article:modified_time\" content=\"2021-11-30T09:32:48+00:00\" \/>\n<meta property=\"og:image\" content=\"https:\/\/www.suedzucker.pl\/wp-content\/uploads\/2021\/11\/opis-tech-1024x292.png\" \/>\n<meta name=\"twitter:card\" content=\"summary_large_image\" \/>\n<meta name=\"twitter:label1\" content=\"Est. reading time\" \/>\n\t<meta name=\"twitter:data1\" content=\"3 minutes\" \/>\n<script type=\"application\/ld+json\" class=\"yoast-schema-graph\">{\"@context\":\"https:\\\/\\\/schema.org\",\"@graph\":[{\"@type\":\"WebPage\",\"@id\":\"https:\\\/\\\/www.suedzucker.pl\\\/serwis-plantatorski\\\/doswiadczenia\\\/wyniki-doswiadczen-2021\\\/techniki-uprawy-2\\\/\",\"url\":\"https:\\\/\\\/www.suedzucker.pl\\\/serwis-plantatorski\\\/doswiadczenia\\\/wyniki-doswiadczen-2021\\\/techniki-uprawy-2\\\/\",\"name\":\"Techniki uprawy - S\u00fcdzucker Polska\",\"isPartOf\":{\"@id\":\"https:\\\/\\\/www.suedzucker.pl\\\/en\\\/#website\"},\"primaryImageOfPage\":{\"@id\":\"https:\\\/\\\/www.suedzucker.pl\\\/serwis-plantatorski\\\/doswiadczenia\\\/wyniki-doswiadczen-2021\\\/techniki-uprawy-2\\\/#primaryimage\"},\"image\":{\"@id\":\"https:\\\/\\\/www.suedzucker.pl\\\/serwis-plantatorski\\\/doswiadczenia\\\/wyniki-doswiadczen-2021\\\/techniki-uprawy-2\\\/#primaryimage\"},\"thumbnailUrl\":\"https:\\\/\\\/www.suedzucker.pl\\\/wp-content\\\/uploads\\\/2021\\\/11\\\/opis-tech-1024x292.png\",\"datePublished\":\"2021-05-21T06:13:49+00:00\",\"dateModified\":\"2021-11-30T09:32:48+00:00\",\"breadcrumb\":{\"@id\":\"https:\\\/\\\/www.suedzucker.pl\\\/serwis-plantatorski\\\/doswiadczenia\\\/wyniki-doswiadczen-2021\\\/techniki-uprawy-2\\\/#breadcrumb\"},\"inLanguage\":\"en-US\",\"potentialAction\":[{\"@type\":\"ReadAction\",\"target\":[\"https:\\\/\\\/www.suedzucker.pl\\\/serwis-plantatorski\\\/doswiadczenia\\\/wyniki-doswiadczen-2021\\\/techniki-uprawy-2\\\/\"]}]},{\"@type\":\"ImageObject\",\"inLanguage\":\"en-US\",\"@id\":\"https:\\\/\\\/www.suedzucker.pl\\\/serwis-plantatorski\\\/doswiadczenia\\\/wyniki-doswiadczen-2021\\\/techniki-uprawy-2\\\/#primaryimage\",\"url\":\"https:\\\/\\\/www.suedzucker.pl\\\/wp-content\\\/uploads\\\/2021\\\/11\\\/opis-tech-1024x292.png\",\"contentUrl\":\"https:\\\/\\\/www.suedzucker.pl\\\/wp-content\\\/uploads\\\/2021\\\/11\\\/opis-tech-1024x292.png\"},{\"@type\":\"BreadcrumbList\",\"@id\":\"https:\\\/\\\/www.suedzucker.pl\\\/serwis-plantatorski\\\/doswiadczenia\\\/wyniki-doswiadczen-2021\\\/techniki-uprawy-2\\\/#breadcrumb\",\"itemListElement\":[{\"@type\":\"ListItem\",\"position\":1,\"name\":\"Home page\",\"item\":\"https:\\\/\\\/www.suedzucker.pl\\\/en\\\/serwis-plantatorski\\\/\"},{\"@type\":\"ListItem\",\"position\":2,\"name\":\"Do\u015bwiadczenia\",\"item\":\"https:\\\/\\\/www.suedzucker.pl\\\/serwis-plantatorski\\\/doswiadczenia\\\/\"},{\"@type\":\"ListItem\",\"position\":3,\"name\":\"Wyniki do\u015bwiadcze\u0144 2021\",\"item\":\"https:\\\/\\\/www.suedzucker.pl\\\/serwis-plantatorski\\\/doswiadczenia\\\/wyniki-doswiadczen-2021\\\/\"},{\"@type\":\"ListItem\",\"position\":4,\"name\":\"Techniki uprawy\"}]},{\"@type\":\"WebSite\",\"@id\":\"https:\\\/\\\/www.suedzucker.pl\\\/en\\\/#website\",\"url\":\"https:\\\/\\\/www.suedzucker.pl\\\/en\\\/\",\"name\":\"S\u00fcdzucker Polska\",\"description\":\"Jeste\u015bmy wiod\u0105cym producentem cukru w Polsce\",\"potentialAction\":[{\"@type\":\"SearchAction\",\"target\":{\"@type\":\"EntryPoint\",\"urlTemplate\":\"https:\\\/\\\/www.suedzucker.pl\\\/en\\\/?s={search_term_string}\"},\"query-input\":{\"@type\":\"PropertyValueSpecification\",\"valueRequired\":true,\"valueName\":\"search_term_string\"}}],\"inLanguage\":\"en-US\"}]}<\/script>\n<!-- \/ Yoast SEO plugin. -->","yoast_head_json":{"title":"Techniki uprawy - S\u00fcdzucker Polska","robots":{"index":"index","follow":"follow","max-snippet":"max-snippet:-1","max-image-preview":"max-image-preview:large","max-video-preview":"max-video-preview:-1"},"canonical":"https:\/\/www.suedzucker.pl\/serwis-plantatorski\/doswiadczenia\/wyniki-doswiadczen-2021\/techniki-uprawy-2\/","og_locale":"en_US","og_type":"article","og_title":"Techniki uprawy - S\u00fcdzucker Polska","og_description":"PZW % po 28 dniach &#8211; do\u015bwiadcze\u0144 z technikami uprawy 2021 Technologiczny Plon Cukru \u2013 Do\u015bwiadczenie z technikami uprawy &#8211; 2021 Plon Korzeni \u2013 Do\u015bwiadczenie z technikami uprawy &#8211; 2021...","og_url":"https:\/\/www.suedzucker.pl\/serwis-plantatorski\/doswiadczenia\/wyniki-doswiadczen-2021\/techniki-uprawy-2\/","og_site_name":"S\u00fcdzucker Polska","article_modified_time":"2021-11-30T09:32:48+00:00","og_image":[{"url":"https:\/\/www.suedzucker.pl\/wp-content\/uploads\/2021\/11\/opis-tech-1024x292.png","type":"","width":"","height":""}],"twitter_card":"summary_large_image","twitter_misc":{"Est. reading time":"3 minutes"},"schema":{"@context":"https:\/\/schema.org","@graph":[{"@type":"WebPage","@id":"https:\/\/www.suedzucker.pl\/serwis-plantatorski\/doswiadczenia\/wyniki-doswiadczen-2021\/techniki-uprawy-2\/","url":"https:\/\/www.suedzucker.pl\/serwis-plantatorski\/doswiadczenia\/wyniki-doswiadczen-2021\/techniki-uprawy-2\/","name":"Techniki uprawy - S\u00fcdzucker Polska","isPartOf":{"@id":"https:\/\/www.suedzucker.pl\/en\/#website"},"primaryImageOfPage":{"@id":"https:\/\/www.suedzucker.pl\/serwis-plantatorski\/doswiadczenia\/wyniki-doswiadczen-2021\/techniki-uprawy-2\/#primaryimage"},"image":{"@id":"https:\/\/www.suedzucker.pl\/serwis-plantatorski\/doswiadczenia\/wyniki-doswiadczen-2021\/techniki-uprawy-2\/#primaryimage"},"thumbnailUrl":"https:\/\/www.suedzucker.pl\/wp-content\/uploads\/2021\/11\/opis-tech-1024x292.png","datePublished":"2021-05-21T06:13:49+00:00","dateModified":"2021-11-30T09:32:48+00:00","breadcrumb":{"@id":"https:\/\/www.suedzucker.pl\/serwis-plantatorski\/doswiadczenia\/wyniki-doswiadczen-2021\/techniki-uprawy-2\/#breadcrumb"},"inLanguage":"en-US","potentialAction":[{"@type":"ReadAction","target":["https:\/\/www.suedzucker.pl\/serwis-plantatorski\/doswiadczenia\/wyniki-doswiadczen-2021\/techniki-uprawy-2\/"]}]},{"@type":"ImageObject","inLanguage":"en-US","@id":"https:\/\/www.suedzucker.pl\/serwis-plantatorski\/doswiadczenia\/wyniki-doswiadczen-2021\/techniki-uprawy-2\/#primaryimage","url":"https:\/\/www.suedzucker.pl\/wp-content\/uploads\/2021\/11\/opis-tech-1024x292.png","contentUrl":"https:\/\/www.suedzucker.pl\/wp-content\/uploads\/2021\/11\/opis-tech-1024x292.png"},{"@type":"BreadcrumbList","@id":"https:\/\/www.suedzucker.pl\/serwis-plantatorski\/doswiadczenia\/wyniki-doswiadczen-2021\/techniki-uprawy-2\/#breadcrumb","itemListElement":[{"@type":"ListItem","position":1,"name":"Home page","item":"https:\/\/www.suedzucker.pl\/en\/serwis-plantatorski\/"},{"@type":"ListItem","position":2,"name":"Do\u015bwiadczenia","item":"https:\/\/www.suedzucker.pl\/serwis-plantatorski\/doswiadczenia\/"},{"@type":"ListItem","position":3,"name":"Wyniki do\u015bwiadcze\u0144 2021","item":"https:\/\/www.suedzucker.pl\/serwis-plantatorski\/doswiadczenia\/wyniki-doswiadczen-2021\/"},{"@type":"ListItem","position":4,"name":"Techniki uprawy"}]},{"@type":"WebSite","@id":"https:\/\/www.suedzucker.pl\/en\/#website","url":"https:\/\/www.suedzucker.pl\/en\/","name":"S\u00fcdzucker Polska","description":"Jeste\u015bmy wiod\u0105cym producentem cukru w Polsce","potentialAction":[{"@type":"SearchAction","target":{"@type":"EntryPoint","urlTemplate":"https:\/\/www.suedzucker.pl\/en\/?s={search_term_string}"},"query-input":{"@type":"PropertyValueSpecification","valueRequired":true,"valueName":"search_term_string"}}],"inLanguage":"en-US"}]}},"_links":{"self":[{"href":"https:\/\/www.suedzucker.pl\/en\/wp-json\/wp\/v2\/pages\/14966","targetHints":{"allow":["GET"]}}],"collection":[{"href":"https:\/\/www.suedzucker.pl\/en\/wp-json\/wp\/v2\/pages"}],"about":[{"href":"https:\/\/www.suedzucker.pl\/en\/wp-json\/wp\/v2\/types\/page"}],"author":[{"embeddable":true,"href":"https:\/\/www.suedzucker.pl\/en\/wp-json\/wp\/v2\/users\/4"}],"replies":[{"embeddable":true,"href":"https:\/\/www.suedzucker.pl\/en\/wp-json\/wp\/v2\/comments?post=14966"}],"version-history":[{"count":5,"href":"https:\/\/www.suedzucker.pl\/en\/wp-json\/wp\/v2\/pages\/14966\/revisions"}],"predecessor-version":[{"id":16333,"href":"https:\/\/www.suedzucker.pl\/en\/wp-json\/wp\/v2\/pages\/14966\/revisions\/16333"}],"up":[{"embeddable":true,"href":"https:\/\/www.suedzucker.pl\/en\/wp-json\/wp\/v2\/pages\/14956"}],"wp:attachment":[{"href":"https:\/\/www.suedzucker.pl\/en\/wp-json\/wp\/v2\/media?parent=14966"}],"curies":[{"name":"wp","href":"https:\/\/api.w.org\/{rel}","templated":true}]}}