{"id":16079,"date":"2021-10-29T09:52:40","date_gmt":"2021-10-29T07:52:40","guid":{"rendered":"https:\/\/www.suedzucker.pl\/?page_id=16079"},"modified":"2021-11-30T10:29:19","modified_gmt":"2021-11-30T09:29:19","slug":"z-nawozeniem-substratem-z-biogazowni-2021","status":"publish","type":"page","link":"https:\/\/www.suedzucker.pl\/en\/serwis-plantatorski\/doswiadczenia\/wyniki-doswiadczen-2021\/z-nawozeniem-substratem-z-biogazowni-2021\/","title":{"rendered":"Z nawo\u017ceniem substratem z biogazowni 2021"},"content":{"rendered":"\n<div class=\"wp-block-image\"><figure class=\"aligncenter size-large\"><a href=\"https:\/\/www.suedzucker.pl\/wp-content\/uploads\/2021\/11\/opis-sub.png\"><img loading=\"lazy\" decoding=\"async\" width=\"1024\" height=\"294\" src=\"https:\/\/www.suedzucker.pl\/wp-content\/uploads\/2021\/11\/opis-sub-1024x294.png\" alt=\"\" class=\"wp-image-16327\" srcset=\"https:\/\/www.suedzucker.pl\/wp-content\/uploads\/2021\/11\/opis-sub-1024x294.png 1024w, https:\/\/www.suedzucker.pl\/wp-content\/uploads\/2021\/11\/opis-sub-300x86.png 300w, https:\/\/www.suedzucker.pl\/wp-content\/uploads\/2021\/11\/opis-sub-768x221.png 768w, https:\/\/www.suedzucker.pl\/wp-content\/uploads\/2021\/11\/opis-sub-500x144.png 500w, https:\/\/www.suedzucker.pl\/wp-content\/uploads\/2021\/11\/opis-sub.png 1284w\" sizes=\"auto, (max-width: 1024px) 100vw, 1024px\" \/><\/a><\/figure><\/div>\n\n\n\n<h4 class=\"wp-block-heading\">Technologiczny plon cukru<\/h4>\n\n\n\n<div class=\"wp-block-image\"><figure class=\"aligncenter size-full\"><a href=\"https:\/\/www.suedzucker.pl\/wp-content\/uploads\/2021\/10\/1-Plon-cukru.png\"><img loading=\"lazy\" decoding=\"async\" width=\"898\" height=\"558\" src=\"https:\/\/www.suedzucker.pl\/wp-content\/uploads\/2021\/10\/1-Plon-cukru.png\" alt=\"\" class=\"wp-image-16084\" srcset=\"https:\/\/www.suedzucker.pl\/wp-content\/uploads\/2021\/10\/1-Plon-cukru.png 898w, https:\/\/www.suedzucker.pl\/wp-content\/uploads\/2021\/10\/1-Plon-cukru-300x186.png 300w, https:\/\/www.suedzucker.pl\/wp-content\/uploads\/2021\/10\/1-Plon-cukru-768x477.png 768w, https:\/\/www.suedzucker.pl\/wp-content\/uploads\/2021\/10\/1-Plon-cukru-500x311.png 500w\" sizes=\"auto, (max-width: 898px) 100vw, 898px\" \/><\/a><\/figure><\/div>\n\n\n\n<h4 class=\"wp-block-heading\">Plon korzeni<\/h4>\n\n\n\n<div class=\"wp-block-image\"><figure class=\"aligncenter size-full\"><a href=\"https:\/\/www.suedzucker.pl\/wp-content\/uploads\/2021\/10\/2-Plon-korzeni.png\"><img loading=\"lazy\" decoding=\"async\" width=\"878\" height=\"600\" src=\"https:\/\/www.suedzucker.pl\/wp-content\/uploads\/2021\/10\/2-Plon-korzeni.png\" alt=\"\" class=\"wp-image-16085\" srcset=\"https:\/\/www.suedzucker.pl\/wp-content\/uploads\/2021\/10\/2-Plon-korzeni.png 878w, https:\/\/www.suedzucker.pl\/wp-content\/uploads\/2021\/10\/2-Plon-korzeni-300x205.png 300w, https:\/\/www.suedzucker.pl\/wp-content\/uploads\/2021\/10\/2-Plon-korzeni-768x525.png 768w, https:\/\/www.suedzucker.pl\/wp-content\/uploads\/2021\/10\/2-Plon-korzeni-500x342.png 500w\" sizes=\"auto, (max-width: 878px) 100vw, 878px\" \/><\/a><\/figure><\/div>\n\n\n\n<h4 class=\"wp-block-heading\">Polaryzacja<\/h4>\n\n\n\n<div class=\"wp-block-image\"><figure class=\"aligncenter size-full\"><a href=\"https:\/\/www.suedzucker.pl\/wp-content\/uploads\/2021\/10\/3-Polaryzacja.png\"><img loading=\"lazy\" decoding=\"async\" width=\"915\" height=\"580\" src=\"https:\/\/www.suedzucker.pl\/wp-content\/uploads\/2021\/10\/3-Polaryzacja.png\" alt=\"\" class=\"wp-image-16086\" srcset=\"https:\/\/www.suedzucker.pl\/wp-content\/uploads\/2021\/10\/3-Polaryzacja.png 915w, https:\/\/www.suedzucker.pl\/wp-content\/uploads\/2021\/10\/3-Polaryzacja-300x190.png 300w, https:\/\/www.suedzucker.pl\/wp-content\/uploads\/2021\/10\/3-Polaryzacja-768x487.png 768w, https:\/\/www.suedzucker.pl\/wp-content\/uploads\/2021\/10\/3-Polaryzacja-500x317.png 500w\" sizes=\"auto, (max-width: 915px) 100vw, 915px\" \/><\/a><\/figure><\/div>\n\n\n\n<p><strong>N-\u03b1 aminowy<\/strong><\/p>\n\n\n\n<div class=\"wp-block-image\"><figure class=\"aligncenter size-full\"><a href=\"https:\/\/www.suedzucker.pl\/wp-content\/uploads\/2021\/10\/4-N.png\"><img loading=\"lazy\" decoding=\"async\" width=\"931\" height=\"595\" src=\"https:\/\/www.suedzucker.pl\/wp-content\/uploads\/2021\/10\/4-N.png\" alt=\"\" class=\"wp-image-16087\" srcset=\"https:\/\/www.suedzucker.pl\/wp-content\/uploads\/2021\/10\/4-N.png 931w, https:\/\/www.suedzucker.pl\/wp-content\/uploads\/2021\/10\/4-N-300x192.png 300w, https:\/\/www.suedzucker.pl\/wp-content\/uploads\/2021\/10\/4-N-768x491.png 768w, https:\/\/www.suedzucker.pl\/wp-content\/uploads\/2021\/10\/4-N-500x320.png 500w\" sizes=\"auto, (max-width: 931px) 100vw, 931px\" \/><\/a><\/figure><\/div>\n\n\n\n<h4 class=\"wp-block-heading\">Wyniki nawo\u017cenia substratem 2013 &#8211; 2021<\/h4>\n\n\n\n<div class=\"wp-block-image\"><figure class=\"aligncenter size-full is-resized\"><a href=\"https:\/\/www.suedzucker.pl\/wp-content\/uploads\/2021\/10\/5-wielolecie.png\"><img loading=\"lazy\" decoding=\"async\" src=\"https:\/\/www.suedzucker.pl\/wp-content\/uploads\/2021\/10\/5-wielolecie.png\" alt=\"\" class=\"wp-image-16088\" width=\"918\" height=\"593\" srcset=\"https:\/\/www.suedzucker.pl\/wp-content\/uploads\/2021\/10\/5-wielolecie.png 918w, https:\/\/www.suedzucker.pl\/wp-content\/uploads\/2021\/10\/5-wielolecie-300x194.png 300w, https:\/\/www.suedzucker.pl\/wp-content\/uploads\/2021\/10\/5-wielolecie-768x496.png 768w, https:\/\/www.suedzucker.pl\/wp-content\/uploads\/2021\/10\/5-wielolecie-500x323.png 500w\" sizes=\"auto, (max-width: 918px) 100vw, 918px\" \/><\/a><\/figure><\/div>\n\n\n\n<p><\/p>\n","protected":false},"excerpt":{"rendered":"<p>Technologiczny plon cukru Plon korzeni Polaryzacja N-\u03b1 aminowy Wyniki nawo\u017cenia substratem 2013 &#8211; 2021<\/p>\n","protected":false},"author":4,"featured_media":0,"parent":14956,"menu_order":4,"comment_status":"closed","ping_status":"closed","template":"","meta":{"_acf_changed":false,"inline_featured_image":false,"footnotes":"","_wp_rev_ctl_limit":""},"class_list":["post-16079","page","type-page","status-publish","hentry"],"acf":[],"yoast_head":"<!-- This site is optimized with the Yoast SEO plugin v27.3 - https:\/\/yoast.com\/product\/yoast-seo-wordpress\/ -->\n<title>Z nawo\u017ceniem substratem z biogazowni 2021 - S\u00fcdzucker Polska<\/title>\n<meta name=\"robots\" content=\"index, follow, max-snippet:-1, max-image-preview:large, max-video-preview:-1\" \/>\n<link rel=\"canonical\" href=\"https:\/\/www.suedzucker.pl\/serwis-plantatorski\/doswiadczenia\/wyniki-doswiadczen-2021\/z-nawozeniem-substratem-z-biogazowni-2021\/\" \/>\n<meta property=\"og:locale\" content=\"en_US\" \/>\n<meta property=\"og:type\" content=\"article\" \/>\n<meta property=\"og:title\" content=\"Z nawo\u017ceniem substratem z biogazowni 2021 - S\u00fcdzucker Polska\" \/>\n<meta property=\"og:description\" content=\"Technologiczny plon cukru Plon korzeni Polaryzacja N-\u03b1 aminowy Wyniki nawo\u017cenia substratem 2013 &#8211; 2021\" \/>\n<meta property=\"og:url\" content=\"https:\/\/www.suedzucker.pl\/serwis-plantatorski\/doswiadczenia\/wyniki-doswiadczen-2021\/z-nawozeniem-substratem-z-biogazowni-2021\/\" \/>\n<meta property=\"og:site_name\" content=\"S\u00fcdzucker Polska\" \/>\n<meta property=\"article:modified_time\" content=\"2021-11-30T09:29:19+00:00\" \/>\n<meta property=\"og:image\" content=\"https:\/\/www.suedzucker.pl\/wp-content\/uploads\/2021\/11\/opis-sub-1024x294.png\" \/>\n<meta name=\"twitter:card\" content=\"summary_large_image\" \/>\n<meta name=\"twitter:label1\" content=\"Est. reading time\" \/>\n\t<meta name=\"twitter:data1\" content=\"2 minutes\" \/>\n<script type=\"application\/ld+json\" class=\"yoast-schema-graph\">{\"@context\":\"https:\\\/\\\/schema.org\",\"@graph\":[{\"@type\":\"WebPage\",\"@id\":\"https:\\\/\\\/www.suedzucker.pl\\\/serwis-plantatorski\\\/doswiadczenia\\\/wyniki-doswiadczen-2021\\\/z-nawozeniem-substratem-z-biogazowni-2021\\\/\",\"url\":\"https:\\\/\\\/www.suedzucker.pl\\\/serwis-plantatorski\\\/doswiadczenia\\\/wyniki-doswiadczen-2021\\\/z-nawozeniem-substratem-z-biogazowni-2021\\\/\",\"name\":\"Z nawo\u017ceniem substratem z biogazowni 2021 - S\u00fcdzucker Polska\",\"isPartOf\":{\"@id\":\"https:\\\/\\\/www.suedzucker.pl\\\/en\\\/#website\"},\"primaryImageOfPage\":{\"@id\":\"https:\\\/\\\/www.suedzucker.pl\\\/serwis-plantatorski\\\/doswiadczenia\\\/wyniki-doswiadczen-2021\\\/z-nawozeniem-substratem-z-biogazowni-2021\\\/#primaryimage\"},\"image\":{\"@id\":\"https:\\\/\\\/www.suedzucker.pl\\\/serwis-plantatorski\\\/doswiadczenia\\\/wyniki-doswiadczen-2021\\\/z-nawozeniem-substratem-z-biogazowni-2021\\\/#primaryimage\"},\"thumbnailUrl\":\"https:\\\/\\\/www.suedzucker.pl\\\/wp-content\\\/uploads\\\/2021\\\/11\\\/opis-sub-1024x294.png\",\"datePublished\":\"2021-10-29T07:52:40+00:00\",\"dateModified\":\"2021-11-30T09:29:19+00:00\",\"breadcrumb\":{\"@id\":\"https:\\\/\\\/www.suedzucker.pl\\\/serwis-plantatorski\\\/doswiadczenia\\\/wyniki-doswiadczen-2021\\\/z-nawozeniem-substratem-z-biogazowni-2021\\\/#breadcrumb\"},\"inLanguage\":\"en-US\",\"potentialAction\":[{\"@type\":\"ReadAction\",\"target\":[\"https:\\\/\\\/www.suedzucker.pl\\\/serwis-plantatorski\\\/doswiadczenia\\\/wyniki-doswiadczen-2021\\\/z-nawozeniem-substratem-z-biogazowni-2021\\\/\"]}]},{\"@type\":\"ImageObject\",\"inLanguage\":\"en-US\",\"@id\":\"https:\\\/\\\/www.suedzucker.pl\\\/serwis-plantatorski\\\/doswiadczenia\\\/wyniki-doswiadczen-2021\\\/z-nawozeniem-substratem-z-biogazowni-2021\\\/#primaryimage\",\"url\":\"https:\\\/\\\/www.suedzucker.pl\\\/wp-content\\\/uploads\\\/2021\\\/11\\\/opis-sub-1024x294.png\",\"contentUrl\":\"https:\\\/\\\/www.suedzucker.pl\\\/wp-content\\\/uploads\\\/2021\\\/11\\\/opis-sub-1024x294.png\"},{\"@type\":\"BreadcrumbList\",\"@id\":\"https:\\\/\\\/www.suedzucker.pl\\\/serwis-plantatorski\\\/doswiadczenia\\\/wyniki-doswiadczen-2021\\\/z-nawozeniem-substratem-z-biogazowni-2021\\\/#breadcrumb\",\"itemListElement\":[{\"@type\":\"ListItem\",\"position\":1,\"name\":\"Home page\",\"item\":\"https:\\\/\\\/www.suedzucker.pl\\\/en\\\/serwis-plantatorski\\\/\"},{\"@type\":\"ListItem\",\"position\":2,\"name\":\"Do\u015bwiadczenia\",\"item\":\"https:\\\/\\\/www.suedzucker.pl\\\/serwis-plantatorski\\\/doswiadczenia\\\/\"},{\"@type\":\"ListItem\",\"position\":3,\"name\":\"Wyniki do\u015bwiadcze\u0144 2021\",\"item\":\"https:\\\/\\\/www.suedzucker.pl\\\/serwis-plantatorski\\\/doswiadczenia\\\/wyniki-doswiadczen-2021\\\/\"},{\"@type\":\"ListItem\",\"position\":4,\"name\":\"Z&nbsp;nawo\u017ceniem substratem z&nbsp;biogazowni 2021\"}]},{\"@type\":\"WebSite\",\"@id\":\"https:\\\/\\\/www.suedzucker.pl\\\/en\\\/#website\",\"url\":\"https:\\\/\\\/www.suedzucker.pl\\\/en\\\/\",\"name\":\"S\u00fcdzucker Polska\",\"description\":\"Jeste\u015bmy wiod\u0105cym producentem cukru w Polsce\",\"potentialAction\":[{\"@type\":\"SearchAction\",\"target\":{\"@type\":\"EntryPoint\",\"urlTemplate\":\"https:\\\/\\\/www.suedzucker.pl\\\/en\\\/?s={search_term_string}\"},\"query-input\":{\"@type\":\"PropertyValueSpecification\",\"valueRequired\":true,\"valueName\":\"search_term_string\"}}],\"inLanguage\":\"en-US\"}]}<\/script>\n<!-- \/ Yoast SEO plugin. -->","yoast_head_json":{"title":"Z nawo\u017ceniem substratem z biogazowni 2021 - S\u00fcdzucker Polska","robots":{"index":"index","follow":"follow","max-snippet":"max-snippet:-1","max-image-preview":"max-image-preview:large","max-video-preview":"max-video-preview:-1"},"canonical":"https:\/\/www.suedzucker.pl\/serwis-plantatorski\/doswiadczenia\/wyniki-doswiadczen-2021\/z-nawozeniem-substratem-z-biogazowni-2021\/","og_locale":"en_US","og_type":"article","og_title":"Z nawo\u017ceniem substratem z biogazowni 2021 - S\u00fcdzucker Polska","og_description":"Technologiczny plon cukru Plon korzeni Polaryzacja N-\u03b1 aminowy Wyniki nawo\u017cenia substratem 2013 &#8211; 2021","og_url":"https:\/\/www.suedzucker.pl\/serwis-plantatorski\/doswiadczenia\/wyniki-doswiadczen-2021\/z-nawozeniem-substratem-z-biogazowni-2021\/","og_site_name":"S\u00fcdzucker Polska","article_modified_time":"2021-11-30T09:29:19+00:00","og_image":[{"url":"https:\/\/www.suedzucker.pl\/wp-content\/uploads\/2021\/11\/opis-sub-1024x294.png","type":"","width":"","height":""}],"twitter_card":"summary_large_image","twitter_misc":{"Est. reading time":"2 minutes"},"schema":{"@context":"https:\/\/schema.org","@graph":[{"@type":"WebPage","@id":"https:\/\/www.suedzucker.pl\/serwis-plantatorski\/doswiadczenia\/wyniki-doswiadczen-2021\/z-nawozeniem-substratem-z-biogazowni-2021\/","url":"https:\/\/www.suedzucker.pl\/serwis-plantatorski\/doswiadczenia\/wyniki-doswiadczen-2021\/z-nawozeniem-substratem-z-biogazowni-2021\/","name":"Z nawo\u017ceniem substratem z biogazowni 2021 - S\u00fcdzucker Polska","isPartOf":{"@id":"https:\/\/www.suedzucker.pl\/en\/#website"},"primaryImageOfPage":{"@id":"https:\/\/www.suedzucker.pl\/serwis-plantatorski\/doswiadczenia\/wyniki-doswiadczen-2021\/z-nawozeniem-substratem-z-biogazowni-2021\/#primaryimage"},"image":{"@id":"https:\/\/www.suedzucker.pl\/serwis-plantatorski\/doswiadczenia\/wyniki-doswiadczen-2021\/z-nawozeniem-substratem-z-biogazowni-2021\/#primaryimage"},"thumbnailUrl":"https:\/\/www.suedzucker.pl\/wp-content\/uploads\/2021\/11\/opis-sub-1024x294.png","datePublished":"2021-10-29T07:52:40+00:00","dateModified":"2021-11-30T09:29:19+00:00","breadcrumb":{"@id":"https:\/\/www.suedzucker.pl\/serwis-plantatorski\/doswiadczenia\/wyniki-doswiadczen-2021\/z-nawozeniem-substratem-z-biogazowni-2021\/#breadcrumb"},"inLanguage":"en-US","potentialAction":[{"@type":"ReadAction","target":["https:\/\/www.suedzucker.pl\/serwis-plantatorski\/doswiadczenia\/wyniki-doswiadczen-2021\/z-nawozeniem-substratem-z-biogazowni-2021\/"]}]},{"@type":"ImageObject","inLanguage":"en-US","@id":"https:\/\/www.suedzucker.pl\/serwis-plantatorski\/doswiadczenia\/wyniki-doswiadczen-2021\/z-nawozeniem-substratem-z-biogazowni-2021\/#primaryimage","url":"https:\/\/www.suedzucker.pl\/wp-content\/uploads\/2021\/11\/opis-sub-1024x294.png","contentUrl":"https:\/\/www.suedzucker.pl\/wp-content\/uploads\/2021\/11\/opis-sub-1024x294.png"},{"@type":"BreadcrumbList","@id":"https:\/\/www.suedzucker.pl\/serwis-plantatorski\/doswiadczenia\/wyniki-doswiadczen-2021\/z-nawozeniem-substratem-z-biogazowni-2021\/#breadcrumb","itemListElement":[{"@type":"ListItem","position":1,"name":"Home page","item":"https:\/\/www.suedzucker.pl\/en\/serwis-plantatorski\/"},{"@type":"ListItem","position":2,"name":"Do\u015bwiadczenia","item":"https:\/\/www.suedzucker.pl\/serwis-plantatorski\/doswiadczenia\/"},{"@type":"ListItem","position":3,"name":"Wyniki do\u015bwiadcze\u0144 2021","item":"https:\/\/www.suedzucker.pl\/serwis-plantatorski\/doswiadczenia\/wyniki-doswiadczen-2021\/"},{"@type":"ListItem","position":4,"name":"Z&nbsp;nawo\u017ceniem substratem z&nbsp;biogazowni 2021"}]},{"@type":"WebSite","@id":"https:\/\/www.suedzucker.pl\/en\/#website","url":"https:\/\/www.suedzucker.pl\/en\/","name":"S\u00fcdzucker Polska","description":"Jeste\u015bmy wiod\u0105cym producentem cukru w Polsce","potentialAction":[{"@type":"SearchAction","target":{"@type":"EntryPoint","urlTemplate":"https:\/\/www.suedzucker.pl\/en\/?s={search_term_string}"},"query-input":{"@type":"PropertyValueSpecification","valueRequired":true,"valueName":"search_term_string"}}],"inLanguage":"en-US"}]}},"_links":{"self":[{"href":"https:\/\/www.suedzucker.pl\/en\/wp-json\/wp\/v2\/pages\/16079","targetHints":{"allow":["GET"]}}],"collection":[{"href":"https:\/\/www.suedzucker.pl\/en\/wp-json\/wp\/v2\/pages"}],"about":[{"href":"https:\/\/www.suedzucker.pl\/en\/wp-json\/wp\/v2\/types\/page"}],"author":[{"embeddable":true,"href":"https:\/\/www.suedzucker.pl\/en\/wp-json\/wp\/v2\/users\/4"}],"replies":[{"embeddable":true,"href":"https:\/\/www.suedzucker.pl\/en\/wp-json\/wp\/v2\/comments?post=16079"}],"version-history":[{"count":4,"href":"https:\/\/www.suedzucker.pl\/en\/wp-json\/wp\/v2\/pages\/16079\/revisions"}],"predecessor-version":[{"id":16329,"href":"https:\/\/www.suedzucker.pl\/en\/wp-json\/wp\/v2\/pages\/16079\/revisions\/16329"}],"up":[{"embeddable":true,"href":"https:\/\/www.suedzucker.pl\/en\/wp-json\/wp\/v2\/pages\/14956"}],"wp:attachment":[{"href":"https:\/\/www.suedzucker.pl\/en\/wp-json\/wp\/v2\/media?parent=16079"}],"curies":[{"name":"wp","href":"https:\/\/api.w.org\/{rel}","templated":true}]}}