{"id":16119,"date":"2021-11-09T11:37:40","date_gmt":"2021-11-09T10:37:40","guid":{"rendered":"https:\/\/www.suedzucker.pl\/?page_id=16119"},"modified":"2021-11-30T10:22:24","modified_gmt":"2021-11-30T09:22:24","slug":"z-nawozeniem-npk-2021","status":"publish","type":"page","link":"https:\/\/www.suedzucker.pl\/en\/serwis-plantatorski\/doswiadczenia\/wyniki-doswiadczen-2021\/z-nawozeniem-npk-2021\/","title":{"rendered":"Z nawo\u017ceniem NPK 2021"},"content":{"rendered":"\n<div class=\"wp-block-image\"><figure class=\"aligncenter size-large\"><a href=\"https:\/\/www.suedzucker.pl\/wp-content\/uploads\/2021\/11\/opis-4.png\"><img loading=\"lazy\" decoding=\"async\" width=\"1024\" height=\"275\" src=\"https:\/\/www.suedzucker.pl\/wp-content\/uploads\/2021\/11\/opis-4-1024x275.png\" alt=\"\" class=\"wp-image-16317\" srcset=\"https:\/\/www.suedzucker.pl\/wp-content\/uploads\/2021\/11\/opis-4-1024x275.png 1024w, https:\/\/www.suedzucker.pl\/wp-content\/uploads\/2021\/11\/opis-4-300x81.png 300w, https:\/\/www.suedzucker.pl\/wp-content\/uploads\/2021\/11\/opis-4-768x206.png 768w, https:\/\/www.suedzucker.pl\/wp-content\/uploads\/2021\/11\/opis-4-500x134.png 500w, https:\/\/www.suedzucker.pl\/wp-content\/uploads\/2021\/11\/opis-4.png 1273w\" sizes=\"auto, (max-width: 1024px) 100vw, 1024px\" \/><\/a><\/figure><\/div>\n\n\n\n<h4 class=\"wp-block-heading\">Technologiczny Plon Cukru \u2013 Do\u015bwiadczenia nawozowe NPK &#8211;&nbsp; \u015brednia dwie lokalizacje (Buszkowice, Ozorzyce) 2021<\/h4>\n\n\n\n<div class=\"wp-block-image\"><figure class=\"aligncenter size-large\"><a href=\"https:\/\/www.suedzucker.pl\/wp-content\/uploads\/2021\/11\/1-plon-cukru.png\"><img loading=\"lazy\" decoding=\"async\" width=\"1024\" height=\"423\" src=\"https:\/\/www.suedzucker.pl\/wp-content\/uploads\/2021\/11\/1-plon-cukru-1024x423.png\" alt=\"\" class=\"wp-image-16121\" srcset=\"https:\/\/www.suedzucker.pl\/wp-content\/uploads\/2021\/11\/1-plon-cukru-1024x423.png 1024w, https:\/\/www.suedzucker.pl\/wp-content\/uploads\/2021\/11\/1-plon-cukru-300x124.png 300w, https:\/\/www.suedzucker.pl\/wp-content\/uploads\/2021\/11\/1-plon-cukru-768x317.png 768w, https:\/\/www.suedzucker.pl\/wp-content\/uploads\/2021\/11\/1-plon-cukru-500x207.png 500w, https:\/\/www.suedzucker.pl\/wp-content\/uploads\/2021\/11\/1-plon-cukru.png 1299w\" sizes=\"auto, (max-width: 1024px) 100vw, 1024px\" \/><\/a><\/figure><\/div>\n\n\n\n<h4 class=\"wp-block-heading\">Plon Korzeni \u2013 Do\u015bwiadczenia nawozowe NPK &#8211;&nbsp; \u015brednia dwie lokalizacje (Buszkowice, Ozorzyce) 2021<\/h4>\n\n\n\n<div class=\"wp-block-image\"><figure class=\"aligncenter size-large\"><a href=\"https:\/\/www.suedzucker.pl\/wp-content\/uploads\/2021\/11\/2-plon-korzeni.png\"><img loading=\"lazy\" decoding=\"async\" width=\"1024\" height=\"452\" src=\"https:\/\/www.suedzucker.pl\/wp-content\/uploads\/2021\/11\/2-plon-korzeni-1024x452.png\" alt=\"\" class=\"wp-image-16123\" srcset=\"https:\/\/www.suedzucker.pl\/wp-content\/uploads\/2021\/11\/2-plon-korzeni-1024x452.png 1024w, https:\/\/www.suedzucker.pl\/wp-content\/uploads\/2021\/11\/2-plon-korzeni-300x133.png 300w, https:\/\/www.suedzucker.pl\/wp-content\/uploads\/2021\/11\/2-plon-korzeni-768x339.png 768w, https:\/\/www.suedzucker.pl\/wp-content\/uploads\/2021\/11\/2-plon-korzeni-500x221.png 500w, https:\/\/www.suedzucker.pl\/wp-content\/uploads\/2021\/11\/2-plon-korzeni.png 1295w\" sizes=\"auto, (max-width: 1024px) 100vw, 1024px\" \/><\/a><\/figure><\/div>\n\n\n\n<h4 class=\"wp-block-heading\">Polaryzacja \u2013 Do\u015bwiadczenia nawozowe NPK &#8211;&nbsp; \u015brednia dwie lokalizacje (Buszkowice, Ozorzyce) 2021<\/h4>\n\n\n\n<div class=\"wp-block-image\"><figure class=\"aligncenter size-large\"><a href=\"https:\/\/www.suedzucker.pl\/wp-content\/uploads\/2021\/11\/3-polaryzacja.png\"><img loading=\"lazy\" decoding=\"async\" width=\"1024\" height=\"422\" src=\"https:\/\/www.suedzucker.pl\/wp-content\/uploads\/2021\/11\/3-polaryzacja-1024x422.png\" alt=\"\" class=\"wp-image-16124\" srcset=\"https:\/\/www.suedzucker.pl\/wp-content\/uploads\/2021\/11\/3-polaryzacja-1024x422.png 1024w, https:\/\/www.suedzucker.pl\/wp-content\/uploads\/2021\/11\/3-polaryzacja-300x124.png 300w, https:\/\/www.suedzucker.pl\/wp-content\/uploads\/2021\/11\/3-polaryzacja-768x317.png 768w, https:\/\/www.suedzucker.pl\/wp-content\/uploads\/2021\/11\/3-polaryzacja-500x206.png 500w, https:\/\/www.suedzucker.pl\/wp-content\/uploads\/2021\/11\/3-polaryzacja.png 1273w\" sizes=\"auto, (max-width: 1024px) 100vw, 1024px\" \/><\/a><\/figure><\/div>\n\n\n\n<h4 class=\"wp-block-heading\">Zawarto\u015b\u0107 melasotwor\u00f3w \u2013 Do\u015bwiadczenia nawozowe NPK &#8211;&nbsp; \u015brednia dwie lokalizacje (Buszkowice, Ozorzyce) 2021<\/h4>\n\n\n\n<div class=\"wp-block-image\"><figure class=\"aligncenter size-large\"><a href=\"https:\/\/www.suedzucker.pl\/wp-content\/uploads\/2021\/11\/4-melasotwory.png\"><img loading=\"lazy\" decoding=\"async\" width=\"1024\" height=\"406\" src=\"https:\/\/www.suedzucker.pl\/wp-content\/uploads\/2021\/11\/4-melasotwory-1024x406.png\" alt=\"\" class=\"wp-image-16125\" srcset=\"https:\/\/www.suedzucker.pl\/wp-content\/uploads\/2021\/11\/4-melasotwory-1024x406.png 1024w, https:\/\/www.suedzucker.pl\/wp-content\/uploads\/2021\/11\/4-melasotwory-300x119.png 300w, https:\/\/www.suedzucker.pl\/wp-content\/uploads\/2021\/11\/4-melasotwory-768x305.png 768w, https:\/\/www.suedzucker.pl\/wp-content\/uploads\/2021\/11\/4-melasotwory-500x198.png 500w, https:\/\/www.suedzucker.pl\/wp-content\/uploads\/2021\/11\/4-melasotwory.png 1311w\" sizes=\"auto, (max-width: 1024px) 100vw, 1024px\" \/><\/a><\/figure><\/div>\n","protected":false},"excerpt":{"rendered":"<p>Technologiczny Plon Cukru \u2013 Do\u015bwiadczenia nawozowe NPK &#8211;&nbsp; \u015brednia dwie lokalizacje (Buszkowice, Ozorzyce) 2021 Plon Korzeni \u2013 Do\u015bwiadczenia nawozowe NPK &#8211;&nbsp; \u015brednia dwie lokalizacje (Buszkowice, Ozorzyce) 2021 Polaryzacja \u2013 Do\u015bwiadczenia&#8230;<\/p>\n","protected":false},"author":4,"featured_media":0,"parent":14956,"menu_order":5,"comment_status":"closed","ping_status":"closed","template":"","meta":{"_acf_changed":false,"inline_featured_image":false,"footnotes":"","_wp_rev_ctl_limit":""},"class_list":["post-16119","page","type-page","status-publish","hentry"],"acf":[],"yoast_head":"<!-- This site is optimized with the Yoast SEO plugin v27.3 - https:\/\/yoast.com\/product\/yoast-seo-wordpress\/ -->\n<title>Z nawo\u017ceniem NPK 2021 - S\u00fcdzucker Polska<\/title>\n<meta name=\"robots\" content=\"index, follow, max-snippet:-1, max-image-preview:large, max-video-preview:-1\" \/>\n<link rel=\"canonical\" href=\"https:\/\/www.suedzucker.pl\/serwis-plantatorski\/doswiadczenia\/wyniki-doswiadczen-2021\/z-nawozeniem-npk-2021\/\" \/>\n<meta property=\"og:locale\" content=\"en_US\" \/>\n<meta property=\"og:type\" content=\"article\" \/>\n<meta property=\"og:title\" content=\"Z nawo\u017ceniem NPK 2021 - S\u00fcdzucker Polska\" \/>\n<meta property=\"og:description\" content=\"Technologiczny Plon Cukru \u2013 Do\u015bwiadczenia nawozowe NPK &#8211;&nbsp; \u015brednia dwie lokalizacje (Buszkowice, Ozorzyce) 2021 Plon Korzeni \u2013 Do\u015bwiadczenia nawozowe NPK &#8211;&nbsp; \u015brednia dwie lokalizacje (Buszkowice, Ozorzyce) 2021 Polaryzacja \u2013 Do\u015bwiadczenia...\" \/>\n<meta property=\"og:url\" content=\"https:\/\/www.suedzucker.pl\/serwis-plantatorski\/doswiadczenia\/wyniki-doswiadczen-2021\/z-nawozeniem-npk-2021\/\" \/>\n<meta property=\"og:site_name\" content=\"S\u00fcdzucker Polska\" \/>\n<meta property=\"article:modified_time\" content=\"2021-11-30T09:22:24+00:00\" \/>\n<meta property=\"og:image\" content=\"https:\/\/www.suedzucker.pl\/wp-content\/uploads\/2021\/11\/opis-4-1024x275.png\" \/>\n<meta name=\"twitter:card\" content=\"summary_large_image\" \/>\n<meta name=\"twitter:label1\" content=\"Est. reading time\" \/>\n\t<meta name=\"twitter:data1\" content=\"2 minutes\" \/>\n<script type=\"application\/ld+json\" class=\"yoast-schema-graph\">{\"@context\":\"https:\\\/\\\/schema.org\",\"@graph\":[{\"@type\":\"WebPage\",\"@id\":\"https:\\\/\\\/www.suedzucker.pl\\\/serwis-plantatorski\\\/doswiadczenia\\\/wyniki-doswiadczen-2021\\\/z-nawozeniem-npk-2021\\\/\",\"url\":\"https:\\\/\\\/www.suedzucker.pl\\\/serwis-plantatorski\\\/doswiadczenia\\\/wyniki-doswiadczen-2021\\\/z-nawozeniem-npk-2021\\\/\",\"name\":\"Z nawo\u017ceniem NPK 2021 - S\u00fcdzucker Polska\",\"isPartOf\":{\"@id\":\"https:\\\/\\\/www.suedzucker.pl\\\/en\\\/#website\"},\"primaryImageOfPage\":{\"@id\":\"https:\\\/\\\/www.suedzucker.pl\\\/serwis-plantatorski\\\/doswiadczenia\\\/wyniki-doswiadczen-2021\\\/z-nawozeniem-npk-2021\\\/#primaryimage\"},\"image\":{\"@id\":\"https:\\\/\\\/www.suedzucker.pl\\\/serwis-plantatorski\\\/doswiadczenia\\\/wyniki-doswiadczen-2021\\\/z-nawozeniem-npk-2021\\\/#primaryimage\"},\"thumbnailUrl\":\"https:\\\/\\\/www.suedzucker.pl\\\/wp-content\\\/uploads\\\/2021\\\/11\\\/opis-4-1024x275.png\",\"datePublished\":\"2021-11-09T10:37:40+00:00\",\"dateModified\":\"2021-11-30T09:22:24+00:00\",\"breadcrumb\":{\"@id\":\"https:\\\/\\\/www.suedzucker.pl\\\/serwis-plantatorski\\\/doswiadczenia\\\/wyniki-doswiadczen-2021\\\/z-nawozeniem-npk-2021\\\/#breadcrumb\"},\"inLanguage\":\"en-US\",\"potentialAction\":[{\"@type\":\"ReadAction\",\"target\":[\"https:\\\/\\\/www.suedzucker.pl\\\/serwis-plantatorski\\\/doswiadczenia\\\/wyniki-doswiadczen-2021\\\/z-nawozeniem-npk-2021\\\/\"]}]},{\"@type\":\"ImageObject\",\"inLanguage\":\"en-US\",\"@id\":\"https:\\\/\\\/www.suedzucker.pl\\\/serwis-plantatorski\\\/doswiadczenia\\\/wyniki-doswiadczen-2021\\\/z-nawozeniem-npk-2021\\\/#primaryimage\",\"url\":\"https:\\\/\\\/www.suedzucker.pl\\\/wp-content\\\/uploads\\\/2021\\\/11\\\/opis-4-1024x275.png\",\"contentUrl\":\"https:\\\/\\\/www.suedzucker.pl\\\/wp-content\\\/uploads\\\/2021\\\/11\\\/opis-4-1024x275.png\"},{\"@type\":\"BreadcrumbList\",\"@id\":\"https:\\\/\\\/www.suedzucker.pl\\\/serwis-plantatorski\\\/doswiadczenia\\\/wyniki-doswiadczen-2021\\\/z-nawozeniem-npk-2021\\\/#breadcrumb\",\"itemListElement\":[{\"@type\":\"ListItem\",\"position\":1,\"name\":\"Home page\",\"item\":\"https:\\\/\\\/www.suedzucker.pl\\\/en\\\/serwis-plantatorski\\\/\"},{\"@type\":\"ListItem\",\"position\":2,\"name\":\"Do\u015bwiadczenia\",\"item\":\"https:\\\/\\\/www.suedzucker.pl\\\/serwis-plantatorski\\\/doswiadczenia\\\/\"},{\"@type\":\"ListItem\",\"position\":3,\"name\":\"Wyniki do\u015bwiadcze\u0144 2021\",\"item\":\"https:\\\/\\\/www.suedzucker.pl\\\/serwis-plantatorski\\\/doswiadczenia\\\/wyniki-doswiadczen-2021\\\/\"},{\"@type\":\"ListItem\",\"position\":4,\"name\":\"Z&nbsp;nawo\u017ceniem NPK 2021\"}]},{\"@type\":\"WebSite\",\"@id\":\"https:\\\/\\\/www.suedzucker.pl\\\/en\\\/#website\",\"url\":\"https:\\\/\\\/www.suedzucker.pl\\\/en\\\/\",\"name\":\"S\u00fcdzucker Polska\",\"description\":\"Jeste\u015bmy wiod\u0105cym producentem cukru w Polsce\",\"potentialAction\":[{\"@type\":\"SearchAction\",\"target\":{\"@type\":\"EntryPoint\",\"urlTemplate\":\"https:\\\/\\\/www.suedzucker.pl\\\/en\\\/?s={search_term_string}\"},\"query-input\":{\"@type\":\"PropertyValueSpecification\",\"valueRequired\":true,\"valueName\":\"search_term_string\"}}],\"inLanguage\":\"en-US\"}]}<\/script>\n<!-- \/ Yoast SEO plugin. -->","yoast_head_json":{"title":"Z nawo\u017ceniem NPK 2021 - S\u00fcdzucker Polska","robots":{"index":"index","follow":"follow","max-snippet":"max-snippet:-1","max-image-preview":"max-image-preview:large","max-video-preview":"max-video-preview:-1"},"canonical":"https:\/\/www.suedzucker.pl\/serwis-plantatorski\/doswiadczenia\/wyniki-doswiadczen-2021\/z-nawozeniem-npk-2021\/","og_locale":"en_US","og_type":"article","og_title":"Z nawo\u017ceniem NPK 2021 - S\u00fcdzucker Polska","og_description":"Technologiczny Plon Cukru \u2013 Do\u015bwiadczenia nawozowe NPK &#8211;&nbsp; \u015brednia dwie lokalizacje (Buszkowice, Ozorzyce) 2021 Plon Korzeni \u2013 Do\u015bwiadczenia nawozowe NPK &#8211;&nbsp; \u015brednia dwie lokalizacje (Buszkowice, Ozorzyce) 2021 Polaryzacja \u2013 Do\u015bwiadczenia...","og_url":"https:\/\/www.suedzucker.pl\/serwis-plantatorski\/doswiadczenia\/wyniki-doswiadczen-2021\/z-nawozeniem-npk-2021\/","og_site_name":"S\u00fcdzucker Polska","article_modified_time":"2021-11-30T09:22:24+00:00","og_image":[{"url":"https:\/\/www.suedzucker.pl\/wp-content\/uploads\/2021\/11\/opis-4-1024x275.png","type":"","width":"","height":""}],"twitter_card":"summary_large_image","twitter_misc":{"Est. reading time":"2 minutes"},"schema":{"@context":"https:\/\/schema.org","@graph":[{"@type":"WebPage","@id":"https:\/\/www.suedzucker.pl\/serwis-plantatorski\/doswiadczenia\/wyniki-doswiadczen-2021\/z-nawozeniem-npk-2021\/","url":"https:\/\/www.suedzucker.pl\/serwis-plantatorski\/doswiadczenia\/wyniki-doswiadczen-2021\/z-nawozeniem-npk-2021\/","name":"Z nawo\u017ceniem NPK 2021 - S\u00fcdzucker Polska","isPartOf":{"@id":"https:\/\/www.suedzucker.pl\/en\/#website"},"primaryImageOfPage":{"@id":"https:\/\/www.suedzucker.pl\/serwis-plantatorski\/doswiadczenia\/wyniki-doswiadczen-2021\/z-nawozeniem-npk-2021\/#primaryimage"},"image":{"@id":"https:\/\/www.suedzucker.pl\/serwis-plantatorski\/doswiadczenia\/wyniki-doswiadczen-2021\/z-nawozeniem-npk-2021\/#primaryimage"},"thumbnailUrl":"https:\/\/www.suedzucker.pl\/wp-content\/uploads\/2021\/11\/opis-4-1024x275.png","datePublished":"2021-11-09T10:37:40+00:00","dateModified":"2021-11-30T09:22:24+00:00","breadcrumb":{"@id":"https:\/\/www.suedzucker.pl\/serwis-plantatorski\/doswiadczenia\/wyniki-doswiadczen-2021\/z-nawozeniem-npk-2021\/#breadcrumb"},"inLanguage":"en-US","potentialAction":[{"@type":"ReadAction","target":["https:\/\/www.suedzucker.pl\/serwis-plantatorski\/doswiadczenia\/wyniki-doswiadczen-2021\/z-nawozeniem-npk-2021\/"]}]},{"@type":"ImageObject","inLanguage":"en-US","@id":"https:\/\/www.suedzucker.pl\/serwis-plantatorski\/doswiadczenia\/wyniki-doswiadczen-2021\/z-nawozeniem-npk-2021\/#primaryimage","url":"https:\/\/www.suedzucker.pl\/wp-content\/uploads\/2021\/11\/opis-4-1024x275.png","contentUrl":"https:\/\/www.suedzucker.pl\/wp-content\/uploads\/2021\/11\/opis-4-1024x275.png"},{"@type":"BreadcrumbList","@id":"https:\/\/www.suedzucker.pl\/serwis-plantatorski\/doswiadczenia\/wyniki-doswiadczen-2021\/z-nawozeniem-npk-2021\/#breadcrumb","itemListElement":[{"@type":"ListItem","position":1,"name":"Home page","item":"https:\/\/www.suedzucker.pl\/en\/serwis-plantatorski\/"},{"@type":"ListItem","position":2,"name":"Do\u015bwiadczenia","item":"https:\/\/www.suedzucker.pl\/serwis-plantatorski\/doswiadczenia\/"},{"@type":"ListItem","position":3,"name":"Wyniki do\u015bwiadcze\u0144 2021","item":"https:\/\/www.suedzucker.pl\/serwis-plantatorski\/doswiadczenia\/wyniki-doswiadczen-2021\/"},{"@type":"ListItem","position":4,"name":"Z&nbsp;nawo\u017ceniem NPK 2021"}]},{"@type":"WebSite","@id":"https:\/\/www.suedzucker.pl\/en\/#website","url":"https:\/\/www.suedzucker.pl\/en\/","name":"S\u00fcdzucker Polska","description":"Jeste\u015bmy wiod\u0105cym producentem cukru w Polsce","potentialAction":[{"@type":"SearchAction","target":{"@type":"EntryPoint","urlTemplate":"https:\/\/www.suedzucker.pl\/en\/?s={search_term_string}"},"query-input":{"@type":"PropertyValueSpecification","valueRequired":true,"valueName":"search_term_string"}}],"inLanguage":"en-US"}]}},"_links":{"self":[{"href":"https:\/\/www.suedzucker.pl\/en\/wp-json\/wp\/v2\/pages\/16119","targetHints":{"allow":["GET"]}}],"collection":[{"href":"https:\/\/www.suedzucker.pl\/en\/wp-json\/wp\/v2\/pages"}],"about":[{"href":"https:\/\/www.suedzucker.pl\/en\/wp-json\/wp\/v2\/types\/page"}],"author":[{"embeddable":true,"href":"https:\/\/www.suedzucker.pl\/en\/wp-json\/wp\/v2\/users\/4"}],"replies":[{"embeddable":true,"href":"https:\/\/www.suedzucker.pl\/en\/wp-json\/wp\/v2\/comments?post=16119"}],"version-history":[{"count":3,"href":"https:\/\/www.suedzucker.pl\/en\/wp-json\/wp\/v2\/pages\/16119\/revisions"}],"predecessor-version":[{"id":16318,"href":"https:\/\/www.suedzucker.pl\/en\/wp-json\/wp\/v2\/pages\/16119\/revisions\/16318"}],"up":[{"embeddable":true,"href":"https:\/\/www.suedzucker.pl\/en\/wp-json\/wp\/v2\/pages\/14956"}],"wp:attachment":[{"href":"https:\/\/www.suedzucker.pl\/en\/wp-json\/wp\/v2\/media?parent=16119"}],"curies":[{"name":"wp","href":"https:\/\/api.w.org\/{rel}","templated":true}]}}