{"id":16171,"date":"2021-11-17T12:59:11","date_gmt":"2021-11-17T11:59:11","guid":{"rendered":"https:\/\/www.suedzucker.pl\/?page_id=16171"},"modified":"2021-11-30T13:14:55","modified_gmt":"2021-11-30T12:14:55","slug":"fungicydowe-2021-2","status":"publish","type":"page","link":"https:\/\/www.suedzucker.pl\/en\/serwis-plantatorski\/doswiadczenia\/wyniki-doswiadczen-2021\/fungicydowe-2021-2\/","title":{"rendered":"Fungicydowe 2021"},"content":{"rendered":"\n<div class=\"wp-block-image\"><figure class=\"aligncenter size-large\"><a href=\"https:\/\/www.suedzucker.pl\/wp-content\/uploads\/2021\/11\/opis-fung.png\"><img loading=\"lazy\" decoding=\"async\" width=\"1024\" height=\"313\" src=\"https:\/\/www.suedzucker.pl\/wp-content\/uploads\/2021\/11\/opis-fung-1024x313.png\" alt=\"\" class=\"wp-image-16325\" srcset=\"https:\/\/www.suedzucker.pl\/wp-content\/uploads\/2021\/11\/opis-fung-1024x313.png 1024w, https:\/\/www.suedzucker.pl\/wp-content\/uploads\/2021\/11\/opis-fung-300x92.png 300w, https:\/\/www.suedzucker.pl\/wp-content\/uploads\/2021\/11\/opis-fung-768x235.png 768w, https:\/\/www.suedzucker.pl\/wp-content\/uploads\/2021\/11\/opis-fung-500x153.png 500w, https:\/\/www.suedzucker.pl\/wp-content\/uploads\/2021\/11\/opis-fung.png 1276w\" sizes=\"auto, (max-width: 1024px) 100vw, 1024px\" \/><\/a><\/figure><\/div>\n\n\n\n<h4 class=\"wp-block-heading\">Do\u015bwiadczenia fungicydowe \u2013 testowane warianty ochrony 2021<\/h4>\n\n\n\n<div class=\"wp-block-image\"><figure class=\"aligncenter size-full\"><a href=\"https:\/\/www.suedzucker.pl\/wp-content\/uploads\/2021\/11\/1-testowane-warianty.png\"><img loading=\"lazy\" decoding=\"async\" width=\"845\" height=\"634\" src=\"https:\/\/www.suedzucker.pl\/wp-content\/uploads\/2021\/11\/1-testowane-warianty.png\" alt=\"\" class=\"wp-image-16173\" srcset=\"https:\/\/www.suedzucker.pl\/wp-content\/uploads\/2021\/11\/1-testowane-warianty.png 845w, https:\/\/www.suedzucker.pl\/wp-content\/uploads\/2021\/11\/1-testowane-warianty-300x225.png 300w, https:\/\/www.suedzucker.pl\/wp-content\/uploads\/2021\/11\/1-testowane-warianty-768x576.png 768w, https:\/\/www.suedzucker.pl\/wp-content\/uploads\/2021\/11\/1-testowane-warianty-500x375.png 500w\" sizes=\"auto, (max-width: 845px) 100vw, 845px\" \/><\/a><\/figure><\/div>\n\n\n\n<h4 class=\"wp-block-heading\">Zdrowotno\u015b\u0107 li\u015bci \u2013 Do\u015bwiadczenia fungicydowe \u2013 \u015brednia dwie lokalizacje (Buszkowice, Urbanowice) 2021<\/h4>\n\n\n\n<div class=\"wp-block-image\"><figure class=\"aligncenter size-large\"><a href=\"https:\/\/www.suedzucker.pl\/wp-content\/uploads\/2021\/11\/2-zdrowotnosc-lisci.png\"><img loading=\"lazy\" decoding=\"async\" width=\"1024\" height=\"431\" src=\"https:\/\/www.suedzucker.pl\/wp-content\/uploads\/2021\/11\/2-zdrowotnosc-lisci-1024x431.png\" alt=\"\" class=\"wp-image-16175\" srcset=\"https:\/\/www.suedzucker.pl\/wp-content\/uploads\/2021\/11\/2-zdrowotnosc-lisci-1024x431.png 1024w, https:\/\/www.suedzucker.pl\/wp-content\/uploads\/2021\/11\/2-zdrowotnosc-lisci-300x126.png 300w, https:\/\/www.suedzucker.pl\/wp-content\/uploads\/2021\/11\/2-zdrowotnosc-lisci-768x323.png 768w, https:\/\/www.suedzucker.pl\/wp-content\/uploads\/2021\/11\/2-zdrowotnosc-lisci-500x210.png 500w, https:\/\/www.suedzucker.pl\/wp-content\/uploads\/2021\/11\/2-zdrowotnosc-lisci.png 1262w\" sizes=\"auto, (max-width: 1024px) 100vw, 1024px\" \/><\/a><\/figure><\/div>\n\n\n\n<h4 class=\"wp-block-heading\">Technologiczny Plon Cukru \u2013 Do\u015bwiadczenia fungicydowe\u2013 \u015brednia dwie lokalizacje (Buszkowice, Urbanowice) 2021<\/h4>\n\n\n\n<div class=\"wp-block-image\"><figure class=\"aligncenter size-large\"><a href=\"https:\/\/www.suedzucker.pl\/wp-content\/uploads\/2021\/11\/3-plon-cukru.png\"><img loading=\"lazy\" decoding=\"async\" width=\"1024\" height=\"462\" src=\"https:\/\/www.suedzucker.pl\/wp-content\/uploads\/2021\/11\/3-plon-cukru-1024x462.png\" alt=\"\" class=\"wp-image-16176\" srcset=\"https:\/\/www.suedzucker.pl\/wp-content\/uploads\/2021\/11\/3-plon-cukru-1024x462.png 1024w, https:\/\/www.suedzucker.pl\/wp-content\/uploads\/2021\/11\/3-plon-cukru-300x135.png 300w, https:\/\/www.suedzucker.pl\/wp-content\/uploads\/2021\/11\/3-plon-cukru-768x346.png 768w, https:\/\/www.suedzucker.pl\/wp-content\/uploads\/2021\/11\/3-plon-cukru-500x225.png 500w, https:\/\/www.suedzucker.pl\/wp-content\/uploads\/2021\/11\/3-plon-cukru.png 1255w\" sizes=\"auto, (max-width: 1024px) 100vw, 1024px\" \/><\/a><\/figure><\/div>\n\n\n\n<h4 class=\"wp-block-heading\">Plon Korzeni \u2013 Do\u015bwiadczenia fungicydowe\u2013 \u015brednia dwie lokalizacje (Buszkowice, Urbanowice) 2021<\/h4>\n\n\n\n<div class=\"wp-block-image\"><figure class=\"aligncenter size-large\"><a href=\"https:\/\/www.suedzucker.pl\/wp-content\/uploads\/2021\/11\/4-plon-korzeni.png\"><img loading=\"lazy\" decoding=\"async\" width=\"1024\" height=\"399\" src=\"https:\/\/www.suedzucker.pl\/wp-content\/uploads\/2021\/11\/4-plon-korzeni-1024x399.png\" alt=\"\" class=\"wp-image-16177\" srcset=\"https:\/\/www.suedzucker.pl\/wp-content\/uploads\/2021\/11\/4-plon-korzeni-1024x399.png 1024w, https:\/\/www.suedzucker.pl\/wp-content\/uploads\/2021\/11\/4-plon-korzeni-300x117.png 300w, https:\/\/www.suedzucker.pl\/wp-content\/uploads\/2021\/11\/4-plon-korzeni-768x300.png 768w, https:\/\/www.suedzucker.pl\/wp-content\/uploads\/2021\/11\/4-plon-korzeni-500x195.png 500w, https:\/\/www.suedzucker.pl\/wp-content\/uploads\/2021\/11\/4-plon-korzeni.png 1310w\" sizes=\"auto, (max-width: 1024px) 100vw, 1024px\" \/><\/a><\/figure><\/div>\n\n\n\n<h4 class=\"wp-block-heading\">Polaryzacja \u2013 Do\u015bwiadczenia fungicydowe\u2013 \u015brednia dwie lokalizacje (Buszkowice, Urbanowice) 2021<\/h4>\n\n\n\n<div class=\"wp-block-image\"><figure class=\"aligncenter size-large\"><a href=\"https:\/\/www.suedzucker.pl\/wp-content\/uploads\/2021\/11\/5-polaryzacja.png\"><img loading=\"lazy\" decoding=\"async\" width=\"1024\" height=\"414\" src=\"https:\/\/www.suedzucker.pl\/wp-content\/uploads\/2021\/11\/5-polaryzacja-1024x414.png\" alt=\"\" class=\"wp-image-16178\" srcset=\"https:\/\/www.suedzucker.pl\/wp-content\/uploads\/2021\/11\/5-polaryzacja-1024x414.png 1024w, https:\/\/www.suedzucker.pl\/wp-content\/uploads\/2021\/11\/5-polaryzacja-300x121.png 300w, https:\/\/www.suedzucker.pl\/wp-content\/uploads\/2021\/11\/5-polaryzacja-768x310.png 768w, https:\/\/www.suedzucker.pl\/wp-content\/uploads\/2021\/11\/5-polaryzacja-500x202.png 500w, https:\/\/www.suedzucker.pl\/wp-content\/uploads\/2021\/11\/5-polaryzacja.png 1321w\" sizes=\"auto, (max-width: 1024px) 100vw, 1024px\" \/><\/a><\/figure><\/div>\n\n\n\n<h4 class=\"wp-block-heading\">Zawarto\u015b\u0107 melasotwor\u00f3w \u2013 Do\u015bwiadczenia fungicydowe\u2013 \u015brednia dwie lokalizacje (Buszkowice, Urbanowice) 2021<\/h4>\n\n\n\n<div class=\"wp-block-image\"><figure class=\"aligncenter size-large\"><a href=\"https:\/\/www.suedzucker.pl\/wp-content\/uploads\/2021\/11\/6-melasotwory.png\"><img loading=\"lazy\" decoding=\"async\" width=\"1024\" height=\"434\" src=\"https:\/\/www.suedzucker.pl\/wp-content\/uploads\/2021\/11\/6-melasotwory-1024x434.png\" alt=\"\" class=\"wp-image-16179\" srcset=\"https:\/\/www.suedzucker.pl\/wp-content\/uploads\/2021\/11\/6-melasotwory-1024x434.png 1024w, https:\/\/www.suedzucker.pl\/wp-content\/uploads\/2021\/11\/6-melasotwory-300x127.png 300w, https:\/\/www.suedzucker.pl\/wp-content\/uploads\/2021\/11\/6-melasotwory-768x325.png 768w, https:\/\/www.suedzucker.pl\/wp-content\/uploads\/2021\/11\/6-melasotwory-500x212.png 500w, https:\/\/www.suedzucker.pl\/wp-content\/uploads\/2021\/11\/6-melasotwory.png 1308w\" sizes=\"auto, (max-width: 1024px) 100vw, 1024px\" \/><\/a><\/figure><\/div>\n\n\n\n<h4 class=\"wp-block-heading\">\u015arednia zdrowotno\u015b\u0107 li\u015bci wariant\u00f3w ochrony fungicydowej w skali 9-1, 9 li\u015bcie ca\u0142kowicie zdrowe 1 ca\u0142kowicie pora\u017cone \u2013 Do\u015bwiadczenie fungicydowe 2021<\/h4>\n\n\n\n<div class=\"wp-block-image\"><figure class=\"aligncenter size-large\"><a href=\"https:\/\/www.suedzucker.pl\/wp-content\/uploads\/2021\/11\/7-zdrowotnosc-lisci.png\"><img loading=\"lazy\" decoding=\"async\" width=\"1024\" height=\"425\" src=\"https:\/\/www.suedzucker.pl\/wp-content\/uploads\/2021\/11\/7-zdrowotnosc-lisci-1024x425.png\" alt=\"\" class=\"wp-image-16292\" srcset=\"https:\/\/www.suedzucker.pl\/wp-content\/uploads\/2021\/11\/7-zdrowotnosc-lisci-1024x425.png 1024w, https:\/\/www.suedzucker.pl\/wp-content\/uploads\/2021\/11\/7-zdrowotnosc-lisci-300x125.png 300w, https:\/\/www.suedzucker.pl\/wp-content\/uploads\/2021\/11\/7-zdrowotnosc-lisci-768x319.png 768w, https:\/\/www.suedzucker.pl\/wp-content\/uploads\/2021\/11\/7-zdrowotnosc-lisci-500x208.png 500w, https:\/\/www.suedzucker.pl\/wp-content\/uploads\/2021\/11\/7-zdrowotnosc-lisci.png 1277w\" sizes=\"auto, (max-width: 1024px) 100vw, 1024px\" \/><\/a><\/figure><\/div>\n\n\n\n<h4 class=\"wp-block-heading\">\u015arednia zdrowotno\u015b\u0107 li\u015bci wariant\u00f3w ochrony fungicydowej w skali 9-1, 9 li\u015bcie ca\u0142kowicie zdrowe 1 ca\u0142kowicie pora\u017cone \u2013 Do\u015bwiadczenie fungicydowe 2021<\/h4>\n\n\n\n<div class=\"wp-block-image\"><figure class=\"aligncenter size-large\"><a href=\"https:\/\/www.suedzucker.pl\/wp-content\/uploads\/2021\/11\/8-zdrowotnosc.png\"><img loading=\"lazy\" decoding=\"async\" width=\"1024\" height=\"426\" src=\"https:\/\/www.suedzucker.pl\/wp-content\/uploads\/2021\/11\/8-zdrowotnosc-1024x426.png\" alt=\"\" class=\"wp-image-16293\" srcset=\"https:\/\/www.suedzucker.pl\/wp-content\/uploads\/2021\/11\/8-zdrowotnosc-1024x426.png 1024w, https:\/\/www.suedzucker.pl\/wp-content\/uploads\/2021\/11\/8-zdrowotnosc-300x125.png 300w, https:\/\/www.suedzucker.pl\/wp-content\/uploads\/2021\/11\/8-zdrowotnosc-768x319.png 768w, https:\/\/www.suedzucker.pl\/wp-content\/uploads\/2021\/11\/8-zdrowotnosc-500x208.png 500w, https:\/\/www.suedzucker.pl\/wp-content\/uploads\/2021\/11\/8-zdrowotnosc.png 1268w\" sizes=\"auto, (max-width: 1024px) 100vw, 1024px\" \/><\/a><\/figure><\/div>\n\n\n\n<h4 class=\"wp-block-heading\">\u015arednia zdrowotno\u015b\u0107 li\u015bci wariant\u00f3w ochrony fungicydowej w skali 9-1, 9 li\u015bcie ca\u0142kowicie zdrowe 1 ca\u0142kowicie pora\u017cone \u2013 Do\u015bwiadczenie fungicydowe 2021<\/h4>\n\n\n\n<div class=\"wp-block-image\"><figure class=\"aligncenter size-large\"><a href=\"https:\/\/www.suedzucker.pl\/wp-content\/uploads\/2021\/11\/10.png\"><img loading=\"lazy\" decoding=\"async\" width=\"1024\" height=\"420\" src=\"https:\/\/www.suedzucker.pl\/wp-content\/uploads\/2021\/11\/10-1024x420.png\" alt=\"\" class=\"wp-image-16343\" srcset=\"https:\/\/www.suedzucker.pl\/wp-content\/uploads\/2021\/11\/10-1024x420.png 1024w, https:\/\/www.suedzucker.pl\/wp-content\/uploads\/2021\/11\/10-300x123.png 300w, https:\/\/www.suedzucker.pl\/wp-content\/uploads\/2021\/11\/10-768x315.png 768w, https:\/\/www.suedzucker.pl\/wp-content\/uploads\/2021\/11\/10-500x205.png 500w, https:\/\/www.suedzucker.pl\/wp-content\/uploads\/2021\/11\/10.png 1279w\" sizes=\"auto, (max-width: 1024px) 100vw, 1024px\" \/><\/a><\/figure><\/div>\n\n\n\n<h4 class=\"wp-block-heading\">\u015arednia zdrowotno\u015b\u0107 li\u015bci wariant\u00f3w ochrony fungicydowej w skali 9-1, 9 li\u015bcie ca\u0142kowicie zdrowe 1 ca\u0142kowicie pora\u017cone \u2013 Do\u015bwiadczenie fungicydowe 2021<\/h4>\n\n\n\n<div class=\"wp-block-image\"><figure class=\"aligncenter size-large\"><a href=\"https:\/\/www.suedzucker.pl\/wp-content\/uploads\/2021\/11\/11.png\"><img loading=\"lazy\" decoding=\"async\" width=\"1024\" height=\"410\" src=\"https:\/\/www.suedzucker.pl\/wp-content\/uploads\/2021\/11\/11-1024x410.png\" alt=\"\" class=\"wp-image-16345\" srcset=\"https:\/\/www.suedzucker.pl\/wp-content\/uploads\/2021\/11\/11-1024x410.png 1024w, https:\/\/www.suedzucker.pl\/wp-content\/uploads\/2021\/11\/11-300x120.png 300w, https:\/\/www.suedzucker.pl\/wp-content\/uploads\/2021\/11\/11-768x308.png 768w, https:\/\/www.suedzucker.pl\/wp-content\/uploads\/2021\/11\/11-500x200.png 500w, https:\/\/www.suedzucker.pl\/wp-content\/uploads\/2021\/11\/11.png 1250w\" sizes=\"auto, (max-width: 1024px) 100vw, 1024px\" \/><\/a><\/figure><\/div>\n\n\n\n<h4 class=\"wp-block-heading\">Technologiczny Plon Cukru \u2013 Do\u015bwiadczenia fungicydowe \u2013 \u015brednia dwie lokalizacje (Buszkowice, Urbanowice) 2021 \u2013 wp\u0142yw dodatku nawoz\u00f3w na zwi\u0119kszenie plonowania<\/h4>\n\n\n\n<div class=\"wp-block-image\"><figure class=\"aligncenter size-large\"><a href=\"https:\/\/www.suedzucker.pl\/wp-content\/uploads\/2021\/11\/9-plon-cukru.png\"><img loading=\"lazy\" decoding=\"async\" width=\"1024\" height=\"417\" src=\"https:\/\/www.suedzucker.pl\/wp-content\/uploads\/2021\/11\/9-plon-cukru-1024x417.png\" alt=\"\" class=\"wp-image-16294\" srcset=\"https:\/\/www.suedzucker.pl\/wp-content\/uploads\/2021\/11\/9-plon-cukru-1024x417.png 1024w, https:\/\/www.suedzucker.pl\/wp-content\/uploads\/2021\/11\/9-plon-cukru-300x122.png 300w, https:\/\/www.suedzucker.pl\/wp-content\/uploads\/2021\/11\/9-plon-cukru-768x313.png 768w, https:\/\/www.suedzucker.pl\/wp-content\/uploads\/2021\/11\/9-plon-cukru-500x204.png 500w, https:\/\/www.suedzucker.pl\/wp-content\/uploads\/2021\/11\/9-plon-cukru.png 1278w\" sizes=\"auto, (max-width: 1024px) 100vw, 1024px\" \/><\/a><\/figure><\/div>\n\n\n\n<h4 class=\"wp-block-heading\">Polaryzacja \u2013 Do\u015bwiadczenia fungicydowe \u2013 \u015brednia dwie lokalizacje (Buszkowice, Urbanowice) 2021 \u2013 wp\u0142yw dodatku nawoz\u00f3w na zwi\u0119kszenie zawarto\u015bci cukru<\/h4>\n\n\n\n<div class=\"wp-block-image\"><figure class=\"aligncenter size-large\"><a href=\"https:\/\/www.suedzucker.pl\/wp-content\/uploads\/2021\/11\/13.png\"><img loading=\"lazy\" decoding=\"async\" width=\"1024\" height=\"405\" src=\"https:\/\/www.suedzucker.pl\/wp-content\/uploads\/2021\/11\/13-1024x405.png\" alt=\"\" class=\"wp-image-16346\" srcset=\"https:\/\/www.suedzucker.pl\/wp-content\/uploads\/2021\/11\/13-1024x405.png 1024w, https:\/\/www.suedzucker.pl\/wp-content\/uploads\/2021\/11\/13-300x119.png 300w, https:\/\/www.suedzucker.pl\/wp-content\/uploads\/2021\/11\/13-768x304.png 768w, https:\/\/www.suedzucker.pl\/wp-content\/uploads\/2021\/11\/13-500x198.png 500w, https:\/\/www.suedzucker.pl\/wp-content\/uploads\/2021\/11\/13.png 1277w\" sizes=\"auto, (max-width: 1024px) 100vw, 1024px\" \/><\/a><\/figure><\/div>\n\n\n\n<h4 class=\"wp-block-heading\">Technologiczny Plon Cukru \u2013 Do\u015bwiadczenia fungicydowe \u2013 \u015brednia dwie lokalizacje (Buszkowice, Urbanowice) 2021 \u2013 wp\u0142yw dodatku nawoz\u00f3w na zwi\u0119kszenie plonowania<\/h4>\n\n\n\n<div class=\"wp-block-image\"><figure class=\"aligncenter size-large\"><a href=\"https:\/\/www.suedzucker.pl\/wp-content\/uploads\/2021\/11\/14.png\"><img loading=\"lazy\" decoding=\"async\" width=\"1284\" height=\"519\" src=\"https:\/\/www.suedzucker.pl\/wp-content\/uploads\/2021\/11\/14-1024x414.png\" alt=\"\" class=\"wp-image-16347\" srcset=\"https:\/\/www.suedzucker.pl\/wp-content\/uploads\/2021\/11\/14-1024x414.png 1024w, https:\/\/www.suedzucker.pl\/wp-content\/uploads\/2021\/11\/14-300x121.png 300w, https:\/\/www.suedzucker.pl\/wp-content\/uploads\/2021\/11\/14-768x310.png 768w, https:\/\/www.suedzucker.pl\/wp-content\/uploads\/2021\/11\/14-500x202.png 500w, https:\/\/www.suedzucker.pl\/wp-content\/uploads\/2021\/11\/14.png 1284w\" sizes=\"auto, (max-width: 1284px) 100vw, 1284px\" \/><\/a><\/figure><\/div>\n\n\n\n<h4 class=\"wp-block-heading\">Polaryzacja \u2013 Do\u015bwiadczenia fungicydowe \u2013 \u015brednia dwie lokalizacje (Buszkowice, Urbanowice) 2021 \u2013 wp\u0142yw dodatku nawoz\u00f3w na zwi\u0119kszenie zawarto\u015bci cukru<\/h4>\n\n\n\n<div class=\"wp-block-image\"><figure class=\"aligncenter size-large\"><a href=\"https:\/\/www.suedzucker.pl\/wp-content\/uploads\/2021\/11\/15.png\"><img loading=\"lazy\" decoding=\"async\" width=\"1024\" height=\"407\" src=\"https:\/\/www.suedzucker.pl\/wp-content\/uploads\/2021\/11\/15-1024x407.png\" alt=\"\" class=\"wp-image-16348\" srcset=\"https:\/\/www.suedzucker.pl\/wp-content\/uploads\/2021\/11\/15-1024x407.png 1024w, https:\/\/www.suedzucker.pl\/wp-content\/uploads\/2021\/11\/15-300x119.png 300w, https:\/\/www.suedzucker.pl\/wp-content\/uploads\/2021\/11\/15-768x305.png 768w, https:\/\/www.suedzucker.pl\/wp-content\/uploads\/2021\/11\/15-500x199.png 500w, https:\/\/www.suedzucker.pl\/wp-content\/uploads\/2021\/11\/15.png 1310w\" sizes=\"auto, (max-width: 1024px) 100vw, 1024px\" \/><\/a><\/figure><\/div>\n\n\n\n<p><\/p>\n","protected":false},"excerpt":{"rendered":"<p>Do\u015bwiadczenia fungicydowe \u2013 testowane warianty ochrony 2021 Zdrowotno\u015b\u0107 li\u015bci \u2013 Do\u015bwiadczenia fungicydowe \u2013 \u015brednia dwie lokalizacje (Buszkowice, Urbanowice) 2021 Technologiczny Plon Cukru \u2013 Do\u015bwiadczenia fungicydowe\u2013 \u015brednia dwie lokalizacje (Buszkowice, Urbanowice)&#8230;<\/p>\n","protected":false},"author":4,"featured_media":0,"parent":14956,"menu_order":8,"comment_status":"closed","ping_status":"closed","template":"","meta":{"_acf_changed":false,"inline_featured_image":false,"footnotes":"","_wp_rev_ctl_limit":""},"class_list":["post-16171","page","type-page","status-publish","hentry"],"acf":[],"yoast_head":"<!-- This site is optimized with the Yoast SEO plugin v27.3 - https:\/\/yoast.com\/product\/yoast-seo-wordpress\/ -->\n<title>Fungicydowe 2021 - S\u00fcdzucker Polska<\/title>\n<meta name=\"robots\" content=\"index, follow, max-snippet:-1, max-image-preview:large, max-video-preview:-1\" \/>\n<link rel=\"canonical\" href=\"https:\/\/www.suedzucker.pl\/serwis-plantatorski\/doswiadczenia\/wyniki-doswiadczen-2021\/fungicydowe-2021-2\/\" \/>\n<meta property=\"og:locale\" content=\"en_US\" \/>\n<meta property=\"og:type\" content=\"article\" \/>\n<meta property=\"og:title\" content=\"Fungicydowe 2021 - S\u00fcdzucker Polska\" \/>\n<meta property=\"og:description\" content=\"Do\u015bwiadczenia fungicydowe \u2013 testowane warianty ochrony 2021 Zdrowotno\u015b\u0107 li\u015bci \u2013 Do\u015bwiadczenia fungicydowe \u2013 \u015brednia dwie lokalizacje (Buszkowice, Urbanowice) 2021 Technologiczny Plon Cukru \u2013 Do\u015bwiadczenia fungicydowe\u2013 \u015brednia dwie lokalizacje (Buszkowice, Urbanowice)...\" \/>\n<meta property=\"og:url\" content=\"https:\/\/www.suedzucker.pl\/serwis-plantatorski\/doswiadczenia\/wyniki-doswiadczen-2021\/fungicydowe-2021-2\/\" \/>\n<meta property=\"og:site_name\" content=\"S\u00fcdzucker Polska\" \/>\n<meta property=\"article:modified_time\" content=\"2021-11-30T12:14:55+00:00\" \/>\n<meta property=\"og:image\" content=\"https:\/\/www.suedzucker.pl\/wp-content\/uploads\/2021\/11\/opis-fung-1024x313.png\" \/>\n<meta name=\"twitter:card\" content=\"summary_large_image\" \/>\n<meta name=\"twitter:label1\" content=\"Est. reading time\" \/>\n\t<meta name=\"twitter:data1\" content=\"4 minutes\" \/>\n<script type=\"application\/ld+json\" class=\"yoast-schema-graph\">{\"@context\":\"https:\\\/\\\/schema.org\",\"@graph\":[{\"@type\":\"WebPage\",\"@id\":\"https:\\\/\\\/www.suedzucker.pl\\\/serwis-plantatorski\\\/doswiadczenia\\\/wyniki-doswiadczen-2021\\\/fungicydowe-2021-2\\\/\",\"url\":\"https:\\\/\\\/www.suedzucker.pl\\\/serwis-plantatorski\\\/doswiadczenia\\\/wyniki-doswiadczen-2021\\\/fungicydowe-2021-2\\\/\",\"name\":\"Fungicydowe 2021 - S\u00fcdzucker Polska\",\"isPartOf\":{\"@id\":\"https:\\\/\\\/www.suedzucker.pl\\\/en\\\/#website\"},\"primaryImageOfPage\":{\"@id\":\"https:\\\/\\\/www.suedzucker.pl\\\/serwis-plantatorski\\\/doswiadczenia\\\/wyniki-doswiadczen-2021\\\/fungicydowe-2021-2\\\/#primaryimage\"},\"image\":{\"@id\":\"https:\\\/\\\/www.suedzucker.pl\\\/serwis-plantatorski\\\/doswiadczenia\\\/wyniki-doswiadczen-2021\\\/fungicydowe-2021-2\\\/#primaryimage\"},\"thumbnailUrl\":\"https:\\\/\\\/www.suedzucker.pl\\\/wp-content\\\/uploads\\\/2021\\\/11\\\/opis-fung-1024x313.png\",\"datePublished\":\"2021-11-17T11:59:11+00:00\",\"dateModified\":\"2021-11-30T12:14:55+00:00\",\"breadcrumb\":{\"@id\":\"https:\\\/\\\/www.suedzucker.pl\\\/serwis-plantatorski\\\/doswiadczenia\\\/wyniki-doswiadczen-2021\\\/fungicydowe-2021-2\\\/#breadcrumb\"},\"inLanguage\":\"en-US\",\"potentialAction\":[{\"@type\":\"ReadAction\",\"target\":[\"https:\\\/\\\/www.suedzucker.pl\\\/serwis-plantatorski\\\/doswiadczenia\\\/wyniki-doswiadczen-2021\\\/fungicydowe-2021-2\\\/\"]}]},{\"@type\":\"ImageObject\",\"inLanguage\":\"en-US\",\"@id\":\"https:\\\/\\\/www.suedzucker.pl\\\/serwis-plantatorski\\\/doswiadczenia\\\/wyniki-doswiadczen-2021\\\/fungicydowe-2021-2\\\/#primaryimage\",\"url\":\"https:\\\/\\\/www.suedzucker.pl\\\/wp-content\\\/uploads\\\/2021\\\/11\\\/opis-fung-1024x313.png\",\"contentUrl\":\"https:\\\/\\\/www.suedzucker.pl\\\/wp-content\\\/uploads\\\/2021\\\/11\\\/opis-fung-1024x313.png\"},{\"@type\":\"BreadcrumbList\",\"@id\":\"https:\\\/\\\/www.suedzucker.pl\\\/serwis-plantatorski\\\/doswiadczenia\\\/wyniki-doswiadczen-2021\\\/fungicydowe-2021-2\\\/#breadcrumb\",\"itemListElement\":[{\"@type\":\"ListItem\",\"position\":1,\"name\":\"Home page\",\"item\":\"https:\\\/\\\/www.suedzucker.pl\\\/en\\\/serwis-plantatorski\\\/\"},{\"@type\":\"ListItem\",\"position\":2,\"name\":\"Do\u015bwiadczenia\",\"item\":\"https:\\\/\\\/www.suedzucker.pl\\\/serwis-plantatorski\\\/doswiadczenia\\\/\"},{\"@type\":\"ListItem\",\"position\":3,\"name\":\"Wyniki do\u015bwiadcze\u0144 2021\",\"item\":\"https:\\\/\\\/www.suedzucker.pl\\\/serwis-plantatorski\\\/doswiadczenia\\\/wyniki-doswiadczen-2021\\\/\"},{\"@type\":\"ListItem\",\"position\":4,\"name\":\"Fungicydowe 2021\"}]},{\"@type\":\"WebSite\",\"@id\":\"https:\\\/\\\/www.suedzucker.pl\\\/en\\\/#website\",\"url\":\"https:\\\/\\\/www.suedzucker.pl\\\/en\\\/\",\"name\":\"S\u00fcdzucker Polska\",\"description\":\"Jeste\u015bmy wiod\u0105cym producentem cukru w Polsce\",\"potentialAction\":[{\"@type\":\"SearchAction\",\"target\":{\"@type\":\"EntryPoint\",\"urlTemplate\":\"https:\\\/\\\/www.suedzucker.pl\\\/en\\\/?s={search_term_string}\"},\"query-input\":{\"@type\":\"PropertyValueSpecification\",\"valueRequired\":true,\"valueName\":\"search_term_string\"}}],\"inLanguage\":\"en-US\"}]}<\/script>\n<!-- \/ Yoast SEO plugin. -->","yoast_head_json":{"title":"Fungicydowe 2021 - S\u00fcdzucker Polska","robots":{"index":"index","follow":"follow","max-snippet":"max-snippet:-1","max-image-preview":"max-image-preview:large","max-video-preview":"max-video-preview:-1"},"canonical":"https:\/\/www.suedzucker.pl\/serwis-plantatorski\/doswiadczenia\/wyniki-doswiadczen-2021\/fungicydowe-2021-2\/","og_locale":"en_US","og_type":"article","og_title":"Fungicydowe 2021 - S\u00fcdzucker Polska","og_description":"Do\u015bwiadczenia fungicydowe \u2013 testowane warianty ochrony 2021 Zdrowotno\u015b\u0107 li\u015bci \u2013 Do\u015bwiadczenia fungicydowe \u2013 \u015brednia dwie lokalizacje (Buszkowice, Urbanowice) 2021 Technologiczny Plon Cukru \u2013 Do\u015bwiadczenia fungicydowe\u2013 \u015brednia dwie lokalizacje (Buszkowice, Urbanowice)...","og_url":"https:\/\/www.suedzucker.pl\/serwis-plantatorski\/doswiadczenia\/wyniki-doswiadczen-2021\/fungicydowe-2021-2\/","og_site_name":"S\u00fcdzucker Polska","article_modified_time":"2021-11-30T12:14:55+00:00","og_image":[{"url":"https:\/\/www.suedzucker.pl\/wp-content\/uploads\/2021\/11\/opis-fung-1024x313.png","type":"","width":"","height":""}],"twitter_card":"summary_large_image","twitter_misc":{"Est. reading time":"4 minutes"},"schema":{"@context":"https:\/\/schema.org","@graph":[{"@type":"WebPage","@id":"https:\/\/www.suedzucker.pl\/serwis-plantatorski\/doswiadczenia\/wyniki-doswiadczen-2021\/fungicydowe-2021-2\/","url":"https:\/\/www.suedzucker.pl\/serwis-plantatorski\/doswiadczenia\/wyniki-doswiadczen-2021\/fungicydowe-2021-2\/","name":"Fungicydowe 2021 - S\u00fcdzucker Polska","isPartOf":{"@id":"https:\/\/www.suedzucker.pl\/en\/#website"},"primaryImageOfPage":{"@id":"https:\/\/www.suedzucker.pl\/serwis-plantatorski\/doswiadczenia\/wyniki-doswiadczen-2021\/fungicydowe-2021-2\/#primaryimage"},"image":{"@id":"https:\/\/www.suedzucker.pl\/serwis-plantatorski\/doswiadczenia\/wyniki-doswiadczen-2021\/fungicydowe-2021-2\/#primaryimage"},"thumbnailUrl":"https:\/\/www.suedzucker.pl\/wp-content\/uploads\/2021\/11\/opis-fung-1024x313.png","datePublished":"2021-11-17T11:59:11+00:00","dateModified":"2021-11-30T12:14:55+00:00","breadcrumb":{"@id":"https:\/\/www.suedzucker.pl\/serwis-plantatorski\/doswiadczenia\/wyniki-doswiadczen-2021\/fungicydowe-2021-2\/#breadcrumb"},"inLanguage":"en-US","potentialAction":[{"@type":"ReadAction","target":["https:\/\/www.suedzucker.pl\/serwis-plantatorski\/doswiadczenia\/wyniki-doswiadczen-2021\/fungicydowe-2021-2\/"]}]},{"@type":"ImageObject","inLanguage":"en-US","@id":"https:\/\/www.suedzucker.pl\/serwis-plantatorski\/doswiadczenia\/wyniki-doswiadczen-2021\/fungicydowe-2021-2\/#primaryimage","url":"https:\/\/www.suedzucker.pl\/wp-content\/uploads\/2021\/11\/opis-fung-1024x313.png","contentUrl":"https:\/\/www.suedzucker.pl\/wp-content\/uploads\/2021\/11\/opis-fung-1024x313.png"},{"@type":"BreadcrumbList","@id":"https:\/\/www.suedzucker.pl\/serwis-plantatorski\/doswiadczenia\/wyniki-doswiadczen-2021\/fungicydowe-2021-2\/#breadcrumb","itemListElement":[{"@type":"ListItem","position":1,"name":"Home page","item":"https:\/\/www.suedzucker.pl\/en\/serwis-plantatorski\/"},{"@type":"ListItem","position":2,"name":"Do\u015bwiadczenia","item":"https:\/\/www.suedzucker.pl\/serwis-plantatorski\/doswiadczenia\/"},{"@type":"ListItem","position":3,"name":"Wyniki do\u015bwiadcze\u0144 2021","item":"https:\/\/www.suedzucker.pl\/serwis-plantatorski\/doswiadczenia\/wyniki-doswiadczen-2021\/"},{"@type":"ListItem","position":4,"name":"Fungicydowe 2021"}]},{"@type":"WebSite","@id":"https:\/\/www.suedzucker.pl\/en\/#website","url":"https:\/\/www.suedzucker.pl\/en\/","name":"S\u00fcdzucker Polska","description":"Jeste\u015bmy wiod\u0105cym producentem cukru w Polsce","potentialAction":[{"@type":"SearchAction","target":{"@type":"EntryPoint","urlTemplate":"https:\/\/www.suedzucker.pl\/en\/?s={search_term_string}"},"query-input":{"@type":"PropertyValueSpecification","valueRequired":true,"valueName":"search_term_string"}}],"inLanguage":"en-US"}]}},"_links":{"self":[{"href":"https:\/\/www.suedzucker.pl\/en\/wp-json\/wp\/v2\/pages\/16171","targetHints":{"allow":["GET"]}}],"collection":[{"href":"https:\/\/www.suedzucker.pl\/en\/wp-json\/wp\/v2\/pages"}],"about":[{"href":"https:\/\/www.suedzucker.pl\/en\/wp-json\/wp\/v2\/types\/page"}],"author":[{"embeddable":true,"href":"https:\/\/www.suedzucker.pl\/en\/wp-json\/wp\/v2\/users\/4"}],"replies":[{"embeddable":true,"href":"https:\/\/www.suedzucker.pl\/en\/wp-json\/wp\/v2\/comments?post=16171"}],"version-history":[{"count":4,"href":"https:\/\/www.suedzucker.pl\/en\/wp-json\/wp\/v2\/pages\/16171\/revisions"}],"predecessor-version":[{"id":16349,"href":"https:\/\/www.suedzucker.pl\/en\/wp-json\/wp\/v2\/pages\/16171\/revisions\/16349"}],"up":[{"embeddable":true,"href":"https:\/\/www.suedzucker.pl\/en\/wp-json\/wp\/v2\/pages\/14956"}],"wp:attachment":[{"href":"https:\/\/www.suedzucker.pl\/en\/wp-json\/wp\/v2\/media?parent=16171"}],"curies":[{"name":"wp","href":"https:\/\/api.w.org\/{rel}","templated":true}]}}