{"id":16507,"date":"2021-12-15T08:59:23","date_gmt":"2021-12-15T07:59:23","guid":{"rendered":"https:\/\/www.suedzucker.pl\/?page_id=16507"},"modified":"2021-12-15T09:17:37","modified_gmt":"2021-12-15T08:17:37","slug":"coboru-pdo-2021","status":"publish","type":"page","link":"https:\/\/www.suedzucker.pl\/en\/serwis-plantatorski\/doswiadczenia\/wyniki-doswiadczen-2021\/coboru-pdo-2021\/","title":{"rendered":"COBORU PDO 2021"},"content":{"rendered":"\n<h4 class=\"wp-block-heading\">PZW % &#8211; Do\u015bwiadczenie odmianowe COBORU PDO 2021<\/h4>\n\n\n\n<div class=\"wp-block-image\"><figure class=\"aligncenter size-large\"><a href=\"https:\/\/www.suedzucker.pl\/wp-content\/uploads\/2021\/12\/1-PZW.png\"><img loading=\"lazy\" decoding=\"async\" width=\"1024\" height=\"464\" src=\"https:\/\/www.suedzucker.pl\/wp-content\/uploads\/2021\/12\/1-PZW-1024x464.png\" alt=\"\" class=\"wp-image-16509\" srcset=\"https:\/\/www.suedzucker.pl\/wp-content\/uploads\/2021\/12\/1-PZW-1024x464.png 1024w, https:\/\/www.suedzucker.pl\/wp-content\/uploads\/2021\/12\/1-PZW-300x136.png 300w, https:\/\/www.suedzucker.pl\/wp-content\/uploads\/2021\/12\/1-PZW-768x348.png 768w, https:\/\/www.suedzucker.pl\/wp-content\/uploads\/2021\/12\/1-PZW-500x227.png 500w, https:\/\/www.suedzucker.pl\/wp-content\/uploads\/2021\/12\/1-PZW.png 1216w\" sizes=\"auto, (max-width: 1024px) 100vw, 1024px\" \/><\/a><\/figure><\/div>\n\n\n\n<h4 class=\"wp-block-heading\">Zdrowotno\u015b\u0107 li\u015bci &#8211; Do\u015bwiadczenie odmianowe COBORU PDO 2021<\/h4>\n\n\n\n<div class=\"wp-block-image\"><figure class=\"aligncenter size-large\"><a href=\"https:\/\/www.suedzucker.pl\/wp-content\/uploads\/2021\/12\/2-zdrowotnosc-lisci.png\"><img loading=\"lazy\" decoding=\"async\" width=\"1024\" height=\"463\" src=\"https:\/\/www.suedzucker.pl\/wp-content\/uploads\/2021\/12\/2-zdrowotnosc-lisci-1024x463.png\" alt=\"\" class=\"wp-image-16511\" srcset=\"https:\/\/www.suedzucker.pl\/wp-content\/uploads\/2021\/12\/2-zdrowotnosc-lisci-1024x463.png 1024w, https:\/\/www.suedzucker.pl\/wp-content\/uploads\/2021\/12\/2-zdrowotnosc-lisci-300x136.png 300w, https:\/\/www.suedzucker.pl\/wp-content\/uploads\/2021\/12\/2-zdrowotnosc-lisci-768x347.png 768w, https:\/\/www.suedzucker.pl\/wp-content\/uploads\/2021\/12\/2-zdrowotnosc-lisci-500x226.png 500w, https:\/\/www.suedzucker.pl\/wp-content\/uploads\/2021\/12\/2-zdrowotnosc-lisci.png 1229w\" sizes=\"auto, (max-width: 1024px) 100vw, 1024px\" \/><\/a><\/figure><\/div>\n\n\n\n<h4 class=\"wp-block-heading\">Technologiczny Plon Cukru &#8211; Do\u015bwiadczenie odmianowe COBORU PDO 2021<\/h4>\n\n\n\n<div class=\"wp-block-image\"><figure class=\"aligncenter size-large\"><a href=\"https:\/\/www.suedzucker.pl\/wp-content\/uploads\/2021\/12\/3-plon-cukru.png\"><img loading=\"lazy\" decoding=\"async\" width=\"1024\" height=\"463\" src=\"https:\/\/www.suedzucker.pl\/wp-content\/uploads\/2021\/12\/3-plon-cukru-1024x463.png\" alt=\"\" class=\"wp-image-16512\" srcset=\"https:\/\/www.suedzucker.pl\/wp-content\/uploads\/2021\/12\/3-plon-cukru-1024x463.png 1024w, https:\/\/www.suedzucker.pl\/wp-content\/uploads\/2021\/12\/3-plon-cukru-300x136.png 300w, https:\/\/www.suedzucker.pl\/wp-content\/uploads\/2021\/12\/3-plon-cukru-768x347.png 768w, https:\/\/www.suedzucker.pl\/wp-content\/uploads\/2021\/12\/3-plon-cukru-500x226.png 500w, https:\/\/www.suedzucker.pl\/wp-content\/uploads\/2021\/12\/3-plon-cukru.png 1243w\" sizes=\"auto, (max-width: 1024px) 100vw, 1024px\" \/><\/a><\/figure><\/div>\n\n\n\n<h4 class=\"wp-block-heading\">Plon Korzeni &#8211; Do\u015bwiadczenie odmianowe COBORU PDO 2021<\/h4>\n\n\n\n<div class=\"wp-block-image\"><figure class=\"aligncenter size-large\"><a href=\"https:\/\/www.suedzucker.pl\/wp-content\/uploads\/2021\/12\/4-plon-korzeni.png\"><img loading=\"lazy\" decoding=\"async\" width=\"1024\" height=\"462\" src=\"https:\/\/www.suedzucker.pl\/wp-content\/uploads\/2021\/12\/4-plon-korzeni-1024x462.png\" alt=\"\" class=\"wp-image-16513\" srcset=\"https:\/\/www.suedzucker.pl\/wp-content\/uploads\/2021\/12\/4-plon-korzeni-1024x462.png 1024w, https:\/\/www.suedzucker.pl\/wp-content\/uploads\/2021\/12\/4-plon-korzeni-300x135.png 300w, https:\/\/www.suedzucker.pl\/wp-content\/uploads\/2021\/12\/4-plon-korzeni-768x347.png 768w, https:\/\/www.suedzucker.pl\/wp-content\/uploads\/2021\/12\/4-plon-korzeni-500x226.png 500w, https:\/\/www.suedzucker.pl\/wp-content\/uploads\/2021\/12\/4-plon-korzeni.png 1210w\" sizes=\"auto, (max-width: 1024px) 100vw, 1024px\" \/><\/a><\/figure><\/div>\n\n\n\n<h4 class=\"wp-block-heading\">Polaryzacja &#8211; Do\u015bwiadczenie odmianowe COBORU PDO 2021<\/h4>\n\n\n\n<div class=\"wp-block-image\"><figure class=\"aligncenter size-large\"><a href=\"https:\/\/www.suedzucker.pl\/wp-content\/uploads\/2021\/12\/5-polaryzacja.png\"><img loading=\"lazy\" decoding=\"async\" width=\"1024\" height=\"452\" src=\"https:\/\/www.suedzucker.pl\/wp-content\/uploads\/2021\/12\/5-polaryzacja-1024x452.png\" alt=\"\" class=\"wp-image-16514\" srcset=\"https:\/\/www.suedzucker.pl\/wp-content\/uploads\/2021\/12\/5-polaryzacja-1024x452.png 1024w, https:\/\/www.suedzucker.pl\/wp-content\/uploads\/2021\/12\/5-polaryzacja-300x132.png 300w, https:\/\/www.suedzucker.pl\/wp-content\/uploads\/2021\/12\/5-polaryzacja-768x339.png 768w, https:\/\/www.suedzucker.pl\/wp-content\/uploads\/2021\/12\/5-polaryzacja-500x221.png 500w, https:\/\/www.suedzucker.pl\/wp-content\/uploads\/2021\/12\/5-polaryzacja.png 1244w\" sizes=\"auto, (max-width: 1024px) 100vw, 1024px\" \/><\/a><\/figure><\/div>\n\n\n\n<h4 class=\"wp-block-heading\">Zawarto\u015b\u0107 melasotwor\u00f3w &#8211; Do\u015bwiadczenie odmianowe COBORU PDO 2021<\/h4>\n\n\n\n<div class=\"wp-block-image\"><figure class=\"aligncenter size-large\"><a href=\"https:\/\/www.suedzucker.pl\/wp-content\/uploads\/2021\/12\/6-melasotwory.png\"><img loading=\"lazy\" decoding=\"async\" width=\"1024\" height=\"469\" src=\"https:\/\/www.suedzucker.pl\/wp-content\/uploads\/2021\/12\/6-melasotwory-1024x469.png\" alt=\"\" class=\"wp-image-16515\" srcset=\"https:\/\/www.suedzucker.pl\/wp-content\/uploads\/2021\/12\/6-melasotwory-1024x469.png 1024w, https:\/\/www.suedzucker.pl\/wp-content\/uploads\/2021\/12\/6-melasotwory-300x137.png 300w, https:\/\/www.suedzucker.pl\/wp-content\/uploads\/2021\/12\/6-melasotwory-768x352.png 768w, https:\/\/www.suedzucker.pl\/wp-content\/uploads\/2021\/12\/6-melasotwory-500x229.png 500w, https:\/\/www.suedzucker.pl\/wp-content\/uploads\/2021\/12\/6-melasotwory.png 1209w\" sizes=\"auto, (max-width: 1024px) 100vw, 1024px\" \/><\/a><\/figure><\/div>\n\n\n\n<h4 class=\"wp-block-heading\">Sk\u0142ad kalibra\u017cowy nasion &#8211; badania uzupe\u0142niaj\u0105ce PDO 2021<\/h4>\n\n\n\n<div class=\"wp-block-image\"><figure class=\"aligncenter size-large\"><a href=\"https:\/\/www.suedzucker.pl\/wp-content\/uploads\/2021\/12\/7-kalibraz.png\"><img loading=\"lazy\" decoding=\"async\" width=\"1024\" height=\"476\" src=\"https:\/\/www.suedzucker.pl\/wp-content\/uploads\/2021\/12\/7-kalibraz-1024x476.png\" alt=\"\" class=\"wp-image-16516\" srcset=\"https:\/\/www.suedzucker.pl\/wp-content\/uploads\/2021\/12\/7-kalibraz-1024x476.png 1024w, https:\/\/www.suedzucker.pl\/wp-content\/uploads\/2021\/12\/7-kalibraz-300x140.png 300w, https:\/\/www.suedzucker.pl\/wp-content\/uploads\/2021\/12\/7-kalibraz-768x357.png 768w, https:\/\/www.suedzucker.pl\/wp-content\/uploads\/2021\/12\/7-kalibraz-500x233.png 500w, https:\/\/www.suedzucker.pl\/wp-content\/uploads\/2021\/12\/7-kalibraz.png 1234w\" sizes=\"auto, (max-width: 1024px) 100vw, 1024px\" \/><\/a><\/figure><\/div>\n\n\n\n<h4 class=\"wp-block-heading\">Wyst\u0119powanie po\u015bpiech\u00f3w i burakochwast\u00f3w &#8211; badania uzupe\u0142niaj\u0105ce PDO 2021<\/h4>\n\n\n\n<div class=\"wp-block-image\"><figure class=\"aligncenter size-large\"><a href=\"https:\/\/www.suedzucker.pl\/wp-content\/uploads\/2021\/12\/8-burakochwasty.png\"><img loading=\"lazy\" decoding=\"async\" width=\"1024\" height=\"458\" src=\"https:\/\/www.suedzucker.pl\/wp-content\/uploads\/2021\/12\/8-burakochwasty-1024x458.png\" alt=\"\" class=\"wp-image-16517\" srcset=\"https:\/\/www.suedzucker.pl\/wp-content\/uploads\/2021\/12\/8-burakochwasty-1024x458.png 1024w, https:\/\/www.suedzucker.pl\/wp-content\/uploads\/2021\/12\/8-burakochwasty-300x134.png 300w, https:\/\/www.suedzucker.pl\/wp-content\/uploads\/2021\/12\/8-burakochwasty-768x344.png 768w, https:\/\/www.suedzucker.pl\/wp-content\/uploads\/2021\/12\/8-burakochwasty-500x224.png 500w, https:\/\/www.suedzucker.pl\/wp-content\/uploads\/2021\/12\/8-burakochwasty.png 1224w\" sizes=\"auto, (max-width: 1024px) 100vw, 1024px\" \/><\/a><\/figure><\/div>\n\n\n\n<div style=\"height:38px\" aria-hidden=\"true\" class=\"wp-block-spacer\"><\/div>\n\n\n\n<h6 class=\"wp-block-heading\"><strong>Wyniki do\u015bwiadczenia\u00a0odmianowego nematodowego PDO 2021<\/strong><\/h6>\n\n\n\n<div style=\"height:36px\" aria-hidden=\"true\" class=\"wp-block-spacer\"><\/div>\n\n\n\n<h4 class=\"wp-block-heading\">Technologiczny Plon Cukru \u2013 Do\u015bwiadczenie odmianowe &#8211; nematodowe PDO 2021<\/h4>\n\n\n\n<div class=\"wp-block-image\"><figure class=\"aligncenter size-large\"><a href=\"https:\/\/www.suedzucker.pl\/wp-content\/uploads\/2021\/12\/9-plon-cukru.png\"><img loading=\"lazy\" decoding=\"async\" width=\"1024\" height=\"442\" src=\"https:\/\/www.suedzucker.pl\/wp-content\/uploads\/2021\/12\/9-plon-cukru-1024x442.png\" alt=\"\" class=\"wp-image-16518\" srcset=\"https:\/\/www.suedzucker.pl\/wp-content\/uploads\/2021\/12\/9-plon-cukru-1024x442.png 1024w, https:\/\/www.suedzucker.pl\/wp-content\/uploads\/2021\/12\/9-plon-cukru-300x129.png 300w, https:\/\/www.suedzucker.pl\/wp-content\/uploads\/2021\/12\/9-plon-cukru-768x331.png 768w, https:\/\/www.suedzucker.pl\/wp-content\/uploads\/2021\/12\/9-plon-cukru-500x216.png 500w, https:\/\/www.suedzucker.pl\/wp-content\/uploads\/2021\/12\/9-plon-cukru.png 1229w\" sizes=\"auto, (max-width: 1024px) 100vw, 1024px\" \/><\/a><\/figure><\/div>\n\n\n\n<h4 class=\"wp-block-heading\">Plon Korzeni \u2013 Do\u015bwiadczenie odmianowe &#8211; nematodowe PDO 2021<\/h4>\n\n\n\n<div class=\"wp-block-image\"><figure class=\"aligncenter size-large\"><a href=\"https:\/\/www.suedzucker.pl\/wp-content\/uploads\/2021\/12\/10-plon-korzeni.png\"><img loading=\"lazy\" decoding=\"async\" width=\"1024\" height=\"438\" src=\"https:\/\/www.suedzucker.pl\/wp-content\/uploads\/2021\/12\/10-plon-korzeni-1024x438.png\" alt=\"\" class=\"wp-image-16519\" srcset=\"https:\/\/www.suedzucker.pl\/wp-content\/uploads\/2021\/12\/10-plon-korzeni-1024x438.png 1024w, https:\/\/www.suedzucker.pl\/wp-content\/uploads\/2021\/12\/10-plon-korzeni-300x128.png 300w, https:\/\/www.suedzucker.pl\/wp-content\/uploads\/2021\/12\/10-plon-korzeni-768x329.png 768w, https:\/\/www.suedzucker.pl\/wp-content\/uploads\/2021\/12\/10-plon-korzeni-500x214.png 500w, https:\/\/www.suedzucker.pl\/wp-content\/uploads\/2021\/12\/10-plon-korzeni.png 1210w\" sizes=\"auto, (max-width: 1024px) 100vw, 1024px\" \/><\/a><\/figure><\/div>\n\n\n\n<h4 class=\"wp-block-heading\">Polaryzacja \u2013 Do\u015bwiadczenie odmianowe &#8211; nematodowe PDO 2021<\/h4>\n\n\n\n<div class=\"wp-block-image\"><figure class=\"aligncenter size-large\"><a href=\"https:\/\/www.suedzucker.pl\/wp-content\/uploads\/2021\/12\/11-polaryzacja.png\"><img loading=\"lazy\" decoding=\"async\" width=\"1024\" height=\"460\" src=\"https:\/\/www.suedzucker.pl\/wp-content\/uploads\/2021\/12\/11-polaryzacja-1024x460.png\" alt=\"\" class=\"wp-image-16520\" srcset=\"https:\/\/www.suedzucker.pl\/wp-content\/uploads\/2021\/12\/11-polaryzacja-1024x460.png 1024w, https:\/\/www.suedzucker.pl\/wp-content\/uploads\/2021\/12\/11-polaryzacja-300x135.png 300w, https:\/\/www.suedzucker.pl\/wp-content\/uploads\/2021\/12\/11-polaryzacja-768x345.png 768w, https:\/\/www.suedzucker.pl\/wp-content\/uploads\/2021\/12\/11-polaryzacja-500x224.png 500w, https:\/\/www.suedzucker.pl\/wp-content\/uploads\/2021\/12\/11-polaryzacja.png 1201w\" sizes=\"auto, (max-width: 1024px) 100vw, 1024px\" \/><\/a><\/figure><\/div>\n\n\n\n<h4 class=\"wp-block-heading\">\u015aredni Technologiczny Plon Cukru \u2013 Do\u015bwiadczenie odmianowe &#8211; nematodowe PDO 2021<\/h4>\n\n\n\n<div class=\"wp-block-image\"><figure class=\"aligncenter size-large\"><a href=\"https:\/\/www.suedzucker.pl\/wp-content\/uploads\/2021\/12\/12-sr-plon-cukru.png\"><img loading=\"lazy\" decoding=\"async\" width=\"1024\" height=\"458\" src=\"https:\/\/www.suedzucker.pl\/wp-content\/uploads\/2021\/12\/12-sr-plon-cukru-1024x458.png\" alt=\"\" class=\"wp-image-16521\" srcset=\"https:\/\/www.suedzucker.pl\/wp-content\/uploads\/2021\/12\/12-sr-plon-cukru-1024x458.png 1024w, https:\/\/www.suedzucker.pl\/wp-content\/uploads\/2021\/12\/12-sr-plon-cukru-300x134.png 300w, https:\/\/www.suedzucker.pl\/wp-content\/uploads\/2021\/12\/12-sr-plon-cukru-768x343.png 768w, https:\/\/www.suedzucker.pl\/wp-content\/uploads\/2021\/12\/12-sr-plon-cukru-500x223.png 500w, https:\/\/www.suedzucker.pl\/wp-content\/uploads\/2021\/12\/12-sr-plon-cukru.png 1224w\" sizes=\"auto, (max-width: 1024px) 100vw, 1024px\" \/><\/a><\/figure><\/div>\n\n\n\n<h4 class=\"wp-block-heading\">\u015aredni Plon Korzeni \u2013 Do\u015bwiadczenie odmianowe &#8211; nematodowe PDO 2021<\/h4>\n\n\n\n<div class=\"wp-block-image\"><figure class=\"aligncenter size-large\"><a href=\"https:\/\/www.suedzucker.pl\/wp-content\/uploads\/2021\/12\/13-sr-plon-korzeni.png\"><img loading=\"lazy\" decoding=\"async\" width=\"1024\" height=\"427\" src=\"https:\/\/www.suedzucker.pl\/wp-content\/uploads\/2021\/12\/13-sr-plon-korzeni-1024x427.png\" alt=\"\" class=\"wp-image-16522\" srcset=\"https:\/\/www.suedzucker.pl\/wp-content\/uploads\/2021\/12\/13-sr-plon-korzeni-1024x427.png 1024w, https:\/\/www.suedzucker.pl\/wp-content\/uploads\/2021\/12\/13-sr-plon-korzeni-300x125.png 300w, https:\/\/www.suedzucker.pl\/wp-content\/uploads\/2021\/12\/13-sr-plon-korzeni-768x320.png 768w, https:\/\/www.suedzucker.pl\/wp-content\/uploads\/2021\/12\/13-sr-plon-korzeni-500x209.png 500w, https:\/\/www.suedzucker.pl\/wp-content\/uploads\/2021\/12\/13-sr-plon-korzeni.png 1225w\" sizes=\"auto, (max-width: 1024px) 100vw, 1024px\" \/><\/a><\/figure><\/div>\n\n\n\n<h4 class=\"wp-block-heading\">\u015arednia Polaryzacja \u2013 Do\u015bwiadczenie odmianowe &#8211; nematodowe PDO 2021<\/h4>\n\n\n\n<div class=\"wp-block-image\"><figure class=\"aligncenter size-large\"><a href=\"https:\/\/www.suedzucker.pl\/wp-content\/uploads\/2021\/12\/14-sr-polaryzacja.png\"><img loading=\"lazy\" decoding=\"async\" width=\"1024\" height=\"447\" src=\"https:\/\/www.suedzucker.pl\/wp-content\/uploads\/2021\/12\/14-sr-polaryzacja-1024x447.png\" alt=\"\" class=\"wp-image-16523\" srcset=\"https:\/\/www.suedzucker.pl\/wp-content\/uploads\/2021\/12\/14-sr-polaryzacja-1024x447.png 1024w, https:\/\/www.suedzucker.pl\/wp-content\/uploads\/2021\/12\/14-sr-polaryzacja-300x131.png 300w, https:\/\/www.suedzucker.pl\/wp-content\/uploads\/2021\/12\/14-sr-polaryzacja-768x336.png 768w, https:\/\/www.suedzucker.pl\/wp-content\/uploads\/2021\/12\/14-sr-polaryzacja-500x218.png 500w, https:\/\/www.suedzucker.pl\/wp-content\/uploads\/2021\/12\/14-sr-polaryzacja.png 1220w\" sizes=\"auto, (max-width: 1024px) 100vw, 1024px\" \/><\/a><\/figure><\/div>\n","protected":false},"excerpt":{"rendered":"<p>PZW % &#8211; Do\u015bwiadczenie odmianowe COBORU PDO 2021 Zdrowotno\u015b\u0107 li\u015bci &#8211; Do\u015bwiadczenie odmianowe COBORU PDO 2021 Technologiczny Plon Cukru &#8211; Do\u015bwiadczenie odmianowe COBORU PDO 2021 Plon Korzeni &#8211; Do\u015bwiadczenie odmianowe&#8230;<\/p>\n","protected":false},"author":4,"featured_media":0,"parent":14956,"menu_order":11,"comment_status":"closed","ping_status":"closed","template":"","meta":{"_acf_changed":false,"inline_featured_image":false,"footnotes":"","_wp_rev_ctl_limit":""},"class_list":["post-16507","page","type-page","status-publish","hentry"],"acf":[],"yoast_head":"<!-- This site is optimized with the Yoast SEO plugin v27.3 - https:\/\/yoast.com\/product\/yoast-seo-wordpress\/ -->\n<title>COBORU PDO 2021 - S\u00fcdzucker Polska<\/title>\n<meta name=\"robots\" content=\"index, follow, max-snippet:-1, max-image-preview:large, max-video-preview:-1\" \/>\n<link rel=\"canonical\" href=\"https:\/\/www.suedzucker.pl\/serwis-plantatorski\/doswiadczenia\/wyniki-doswiadczen-2021\/coboru-pdo-2021\/\" \/>\n<meta property=\"og:locale\" content=\"en_US\" \/>\n<meta property=\"og:type\" content=\"article\" \/>\n<meta property=\"og:title\" content=\"COBORU PDO 2021 - S\u00fcdzucker Polska\" \/>\n<meta property=\"og:description\" content=\"PZW % &#8211; Do\u015bwiadczenie odmianowe COBORU PDO 2021 Zdrowotno\u015b\u0107 li\u015bci &#8211; Do\u015bwiadczenie odmianowe COBORU PDO 2021 Technologiczny Plon Cukru &#8211; Do\u015bwiadczenie odmianowe COBORU PDO 2021 Plon Korzeni &#8211; Do\u015bwiadczenie odmianowe...\" \/>\n<meta property=\"og:url\" content=\"https:\/\/www.suedzucker.pl\/serwis-plantatorski\/doswiadczenia\/wyniki-doswiadczen-2021\/coboru-pdo-2021\/\" \/>\n<meta property=\"og:site_name\" content=\"S\u00fcdzucker Polska\" \/>\n<meta property=\"article:modified_time\" content=\"2021-12-15T08:17:37+00:00\" \/>\n<meta property=\"og:image\" content=\"https:\/\/www.suedzucker.pl\/wp-content\/uploads\/2021\/12\/1-PZW-1024x464.png\" \/>\n<meta name=\"twitter:card\" content=\"summary_large_image\" \/>\n<meta name=\"twitter:label1\" content=\"Est. reading time\" \/>\n\t<meta name=\"twitter:data1\" content=\"4 minutes\" \/>\n<script type=\"application\/ld+json\" class=\"yoast-schema-graph\">{\"@context\":\"https:\\\/\\\/schema.org\",\"@graph\":[{\"@type\":\"WebPage\",\"@id\":\"https:\\\/\\\/www.suedzucker.pl\\\/serwis-plantatorski\\\/doswiadczenia\\\/wyniki-doswiadczen-2021\\\/coboru-pdo-2021\\\/\",\"url\":\"https:\\\/\\\/www.suedzucker.pl\\\/serwis-plantatorski\\\/doswiadczenia\\\/wyniki-doswiadczen-2021\\\/coboru-pdo-2021\\\/\",\"name\":\"COBORU PDO 2021 - S\u00fcdzucker Polska\",\"isPartOf\":{\"@id\":\"https:\\\/\\\/www.suedzucker.pl\\\/en\\\/#website\"},\"primaryImageOfPage\":{\"@id\":\"https:\\\/\\\/www.suedzucker.pl\\\/serwis-plantatorski\\\/doswiadczenia\\\/wyniki-doswiadczen-2021\\\/coboru-pdo-2021\\\/#primaryimage\"},\"image\":{\"@id\":\"https:\\\/\\\/www.suedzucker.pl\\\/serwis-plantatorski\\\/doswiadczenia\\\/wyniki-doswiadczen-2021\\\/coboru-pdo-2021\\\/#primaryimage\"},\"thumbnailUrl\":\"https:\\\/\\\/www.suedzucker.pl\\\/wp-content\\\/uploads\\\/2021\\\/12\\\/1-PZW-1024x464.png\",\"datePublished\":\"2021-12-15T07:59:23+00:00\",\"dateModified\":\"2021-12-15T08:17:37+00:00\",\"breadcrumb\":{\"@id\":\"https:\\\/\\\/www.suedzucker.pl\\\/serwis-plantatorski\\\/doswiadczenia\\\/wyniki-doswiadczen-2021\\\/coboru-pdo-2021\\\/#breadcrumb\"},\"inLanguage\":\"en-US\",\"potentialAction\":[{\"@type\":\"ReadAction\",\"target\":[\"https:\\\/\\\/www.suedzucker.pl\\\/serwis-plantatorski\\\/doswiadczenia\\\/wyniki-doswiadczen-2021\\\/coboru-pdo-2021\\\/\"]}]},{\"@type\":\"ImageObject\",\"inLanguage\":\"en-US\",\"@id\":\"https:\\\/\\\/www.suedzucker.pl\\\/serwis-plantatorski\\\/doswiadczenia\\\/wyniki-doswiadczen-2021\\\/coboru-pdo-2021\\\/#primaryimage\",\"url\":\"https:\\\/\\\/www.suedzucker.pl\\\/wp-content\\\/uploads\\\/2021\\\/12\\\/1-PZW-1024x464.png\",\"contentUrl\":\"https:\\\/\\\/www.suedzucker.pl\\\/wp-content\\\/uploads\\\/2021\\\/12\\\/1-PZW-1024x464.png\"},{\"@type\":\"BreadcrumbList\",\"@id\":\"https:\\\/\\\/www.suedzucker.pl\\\/serwis-plantatorski\\\/doswiadczenia\\\/wyniki-doswiadczen-2021\\\/coboru-pdo-2021\\\/#breadcrumb\",\"itemListElement\":[{\"@type\":\"ListItem\",\"position\":1,\"name\":\"Home page\",\"item\":\"https:\\\/\\\/www.suedzucker.pl\\\/en\\\/serwis-plantatorski\\\/\"},{\"@type\":\"ListItem\",\"position\":2,\"name\":\"Do\u015bwiadczenia\",\"item\":\"https:\\\/\\\/www.suedzucker.pl\\\/serwis-plantatorski\\\/doswiadczenia\\\/\"},{\"@type\":\"ListItem\",\"position\":3,\"name\":\"Wyniki do\u015bwiadcze\u0144 2021\",\"item\":\"https:\\\/\\\/www.suedzucker.pl\\\/serwis-plantatorski\\\/doswiadczenia\\\/wyniki-doswiadczen-2021\\\/\"},{\"@type\":\"ListItem\",\"position\":4,\"name\":\"COBORU PDO 2021\"}]},{\"@type\":\"WebSite\",\"@id\":\"https:\\\/\\\/www.suedzucker.pl\\\/en\\\/#website\",\"url\":\"https:\\\/\\\/www.suedzucker.pl\\\/en\\\/\",\"name\":\"S\u00fcdzucker Polska\",\"description\":\"Jeste\u015bmy wiod\u0105cym producentem cukru w Polsce\",\"potentialAction\":[{\"@type\":\"SearchAction\",\"target\":{\"@type\":\"EntryPoint\",\"urlTemplate\":\"https:\\\/\\\/www.suedzucker.pl\\\/en\\\/?s={search_term_string}\"},\"query-input\":{\"@type\":\"PropertyValueSpecification\",\"valueRequired\":true,\"valueName\":\"search_term_string\"}}],\"inLanguage\":\"en-US\"}]}<\/script>\n<!-- \/ Yoast SEO plugin. -->","yoast_head_json":{"title":"COBORU PDO 2021 - S\u00fcdzucker Polska","robots":{"index":"index","follow":"follow","max-snippet":"max-snippet:-1","max-image-preview":"max-image-preview:large","max-video-preview":"max-video-preview:-1"},"canonical":"https:\/\/www.suedzucker.pl\/serwis-plantatorski\/doswiadczenia\/wyniki-doswiadczen-2021\/coboru-pdo-2021\/","og_locale":"en_US","og_type":"article","og_title":"COBORU PDO 2021 - S\u00fcdzucker Polska","og_description":"PZW % &#8211; Do\u015bwiadczenie odmianowe COBORU PDO 2021 Zdrowotno\u015b\u0107 li\u015bci &#8211; Do\u015bwiadczenie odmianowe COBORU PDO 2021 Technologiczny Plon Cukru &#8211; Do\u015bwiadczenie odmianowe COBORU PDO 2021 Plon Korzeni &#8211; Do\u015bwiadczenie odmianowe...","og_url":"https:\/\/www.suedzucker.pl\/serwis-plantatorski\/doswiadczenia\/wyniki-doswiadczen-2021\/coboru-pdo-2021\/","og_site_name":"S\u00fcdzucker Polska","article_modified_time":"2021-12-15T08:17:37+00:00","og_image":[{"url":"https:\/\/www.suedzucker.pl\/wp-content\/uploads\/2021\/12\/1-PZW-1024x464.png","type":"","width":"","height":""}],"twitter_card":"summary_large_image","twitter_misc":{"Est. reading time":"4 minutes"},"schema":{"@context":"https:\/\/schema.org","@graph":[{"@type":"WebPage","@id":"https:\/\/www.suedzucker.pl\/serwis-plantatorski\/doswiadczenia\/wyniki-doswiadczen-2021\/coboru-pdo-2021\/","url":"https:\/\/www.suedzucker.pl\/serwis-plantatorski\/doswiadczenia\/wyniki-doswiadczen-2021\/coboru-pdo-2021\/","name":"COBORU PDO 2021 - S\u00fcdzucker Polska","isPartOf":{"@id":"https:\/\/www.suedzucker.pl\/en\/#website"},"primaryImageOfPage":{"@id":"https:\/\/www.suedzucker.pl\/serwis-plantatorski\/doswiadczenia\/wyniki-doswiadczen-2021\/coboru-pdo-2021\/#primaryimage"},"image":{"@id":"https:\/\/www.suedzucker.pl\/serwis-plantatorski\/doswiadczenia\/wyniki-doswiadczen-2021\/coboru-pdo-2021\/#primaryimage"},"thumbnailUrl":"https:\/\/www.suedzucker.pl\/wp-content\/uploads\/2021\/12\/1-PZW-1024x464.png","datePublished":"2021-12-15T07:59:23+00:00","dateModified":"2021-12-15T08:17:37+00:00","breadcrumb":{"@id":"https:\/\/www.suedzucker.pl\/serwis-plantatorski\/doswiadczenia\/wyniki-doswiadczen-2021\/coboru-pdo-2021\/#breadcrumb"},"inLanguage":"en-US","potentialAction":[{"@type":"ReadAction","target":["https:\/\/www.suedzucker.pl\/serwis-plantatorski\/doswiadczenia\/wyniki-doswiadczen-2021\/coboru-pdo-2021\/"]}]},{"@type":"ImageObject","inLanguage":"en-US","@id":"https:\/\/www.suedzucker.pl\/serwis-plantatorski\/doswiadczenia\/wyniki-doswiadczen-2021\/coboru-pdo-2021\/#primaryimage","url":"https:\/\/www.suedzucker.pl\/wp-content\/uploads\/2021\/12\/1-PZW-1024x464.png","contentUrl":"https:\/\/www.suedzucker.pl\/wp-content\/uploads\/2021\/12\/1-PZW-1024x464.png"},{"@type":"BreadcrumbList","@id":"https:\/\/www.suedzucker.pl\/serwis-plantatorski\/doswiadczenia\/wyniki-doswiadczen-2021\/coboru-pdo-2021\/#breadcrumb","itemListElement":[{"@type":"ListItem","position":1,"name":"Home page","item":"https:\/\/www.suedzucker.pl\/en\/serwis-plantatorski\/"},{"@type":"ListItem","position":2,"name":"Do\u015bwiadczenia","item":"https:\/\/www.suedzucker.pl\/serwis-plantatorski\/doswiadczenia\/"},{"@type":"ListItem","position":3,"name":"Wyniki do\u015bwiadcze\u0144 2021","item":"https:\/\/www.suedzucker.pl\/serwis-plantatorski\/doswiadczenia\/wyniki-doswiadczen-2021\/"},{"@type":"ListItem","position":4,"name":"COBORU PDO 2021"}]},{"@type":"WebSite","@id":"https:\/\/www.suedzucker.pl\/en\/#website","url":"https:\/\/www.suedzucker.pl\/en\/","name":"S\u00fcdzucker Polska","description":"Jeste\u015bmy wiod\u0105cym producentem cukru w Polsce","potentialAction":[{"@type":"SearchAction","target":{"@type":"EntryPoint","urlTemplate":"https:\/\/www.suedzucker.pl\/en\/?s={search_term_string}"},"query-input":{"@type":"PropertyValueSpecification","valueRequired":true,"valueName":"search_term_string"}}],"inLanguage":"en-US"}]}},"_links":{"self":[{"href":"https:\/\/www.suedzucker.pl\/en\/wp-json\/wp\/v2\/pages\/16507","targetHints":{"allow":["GET"]}}],"collection":[{"href":"https:\/\/www.suedzucker.pl\/en\/wp-json\/wp\/v2\/pages"}],"about":[{"href":"https:\/\/www.suedzucker.pl\/en\/wp-json\/wp\/v2\/types\/page"}],"author":[{"embeddable":true,"href":"https:\/\/www.suedzucker.pl\/en\/wp-json\/wp\/v2\/users\/4"}],"replies":[{"embeddable":true,"href":"https:\/\/www.suedzucker.pl\/en\/wp-json\/wp\/v2\/comments?post=16507"}],"version-history":[{"count":2,"href":"https:\/\/www.suedzucker.pl\/en\/wp-json\/wp\/v2\/pages\/16507\/revisions"}],"predecessor-version":[{"id":16524,"href":"https:\/\/www.suedzucker.pl\/en\/wp-json\/wp\/v2\/pages\/16507\/revisions\/16524"}],"up":[{"embeddable":true,"href":"https:\/\/www.suedzucker.pl\/en\/wp-json\/wp\/v2\/pages\/14956"}],"wp:attachment":[{"href":"https:\/\/www.suedzucker.pl\/en\/wp-json\/wp\/v2\/media?parent=16507"}],"curies":[{"name":"wp","href":"https:\/\/api.w.org\/{rel}","templated":true}]}}