{"id":16651,"date":"2022-01-25T15:15:25","date_gmt":"2022-01-25T14:15:25","guid":{"rendered":"https:\/\/www.suedzucker.pl\/?page_id=16651"},"modified":"2022-01-25T15:25:10","modified_gmt":"2022-01-25T14:25:10","slug":"przechowalnictwo-2021","status":"publish","type":"page","link":"https:\/\/www.suedzucker.pl\/en\/serwis-plantatorski\/doswiadczenia\/wyniki-doswiadczen-2021\/przechowalnictwo-2021\/","title":{"rendered":"Przechowalnictwo 2021"},"content":{"rendered":"\n<h4 class=\"wp-block-heading\">Wyniki pomiaru: \u015bredniej temperatury w pryzmie okrytej i temperatur minimalnych powietrza \u2013 do\u015bwiadczenie z przechowalnictwem 2021-2022<\/h4>\n\n\n\n<div class=\"wp-block-image\"><figure class=\"aligncenter size-large\"><a href=\"https:\/\/www.suedzucker.pl\/wp-content\/uploads\/2022\/01\/1-Temperatury.png\"><img loading=\"lazy\" decoding=\"async\" width=\"1024\" height=\"456\" src=\"https:\/\/www.suedzucker.pl\/wp-content\/uploads\/2022\/01\/1-Temperatury-1024x456.png\" alt=\"\" class=\"wp-image-16653\" srcset=\"https:\/\/www.suedzucker.pl\/wp-content\/uploads\/2022\/01\/1-Temperatury-1024x456.png 1024w, https:\/\/www.suedzucker.pl\/wp-content\/uploads\/2022\/01\/1-Temperatury-300x133.png 300w, https:\/\/www.suedzucker.pl\/wp-content\/uploads\/2022\/01\/1-Temperatury-768x342.png 768w, https:\/\/www.suedzucker.pl\/wp-content\/uploads\/2022\/01\/1-Temperatury-500x222.png 500w, https:\/\/www.suedzucker.pl\/wp-content\/uploads\/2022\/01\/1-Temperatury.png 1263w\" sizes=\"auto, (max-width: 1024px) 100vw, 1024px\" \/><\/a><\/figure><\/div>\n\n\n\n<h4 class=\"wp-block-heading\">Polaryzacja do\u015bwiadczenie z przechowalnictwem 2021-2022<\/h4>\n\n\n\n<div class=\"wp-block-image\"><figure class=\"aligncenter size-large\"><a href=\"https:\/\/www.suedzucker.pl\/wp-content\/uploads\/2022\/01\/2-Polaryzacja.png\"><img loading=\"lazy\" decoding=\"async\" width=\"1024\" height=\"429\" src=\"https:\/\/www.suedzucker.pl\/wp-content\/uploads\/2022\/01\/2-Polaryzacja-1024x429.png\" alt=\"\" class=\"wp-image-16655\" srcset=\"https:\/\/www.suedzucker.pl\/wp-content\/uploads\/2022\/01\/2-Polaryzacja-1024x429.png 1024w, https:\/\/www.suedzucker.pl\/wp-content\/uploads\/2022\/01\/2-Polaryzacja-300x126.png 300w, https:\/\/www.suedzucker.pl\/wp-content\/uploads\/2022\/01\/2-Polaryzacja-768x322.png 768w, https:\/\/www.suedzucker.pl\/wp-content\/uploads\/2022\/01\/2-Polaryzacja-500x210.png 500w, https:\/\/www.suedzucker.pl\/wp-content\/uploads\/2022\/01\/2-Polaryzacja.png 1283w\" sizes=\"auto, (max-width: 1024px) 100vw, 1024px\" \/><\/a><\/figure><\/div>\n\n\n\n<h4 class=\"wp-block-heading\">Polaryzacja &#8211; Do\u015bwiadczenie z Przechowalnictwem 2021-2022<\/h4>\n\n\n\n<div class=\"wp-block-image\"><figure class=\"aligncenter size-large\"><a href=\"https:\/\/www.suedzucker.pl\/wp-content\/uploads\/2022\/01\/3-Polaryzacja.png\"><img loading=\"lazy\" decoding=\"async\" width=\"1024\" height=\"428\" src=\"https:\/\/www.suedzucker.pl\/wp-content\/uploads\/2022\/01\/3-Polaryzacja-1024x428.png\" alt=\"\" class=\"wp-image-16656\" srcset=\"https:\/\/www.suedzucker.pl\/wp-content\/uploads\/2022\/01\/3-Polaryzacja-1024x428.png 1024w, https:\/\/www.suedzucker.pl\/wp-content\/uploads\/2022\/01\/3-Polaryzacja-300x125.png 300w, https:\/\/www.suedzucker.pl\/wp-content\/uploads\/2022\/01\/3-Polaryzacja-768x321.png 768w, https:\/\/www.suedzucker.pl\/wp-content\/uploads\/2022\/01\/3-Polaryzacja-500x209.png 500w, https:\/\/www.suedzucker.pl\/wp-content\/uploads\/2022\/01\/3-Polaryzacja.png 1263w\" sizes=\"auto, (max-width: 1024px) 100vw, 1024px\" \/><\/a><\/figure><\/div>\n\n\n\n<h4 class=\"wp-block-heading\">Technologiczny plon cukru &#8211; Do\u015bwiadczenie z Przechowalnictwem 2021-2022<\/h4>\n\n\n\n<div class=\"wp-block-image\"><figure class=\"aligncenter size-large\"><a href=\"https:\/\/www.suedzucker.pl\/wp-content\/uploads\/2022\/01\/4-plon-cukru.png\"><img loading=\"lazy\" decoding=\"async\" width=\"1024\" height=\"414\" src=\"https:\/\/www.suedzucker.pl\/wp-content\/uploads\/2022\/01\/4-plon-cukru-1024x414.png\" alt=\"\" class=\"wp-image-16657\" srcset=\"https:\/\/www.suedzucker.pl\/wp-content\/uploads\/2022\/01\/4-plon-cukru-1024x414.png 1024w, https:\/\/www.suedzucker.pl\/wp-content\/uploads\/2022\/01\/4-plon-cukru-300x121.png 300w, https:\/\/www.suedzucker.pl\/wp-content\/uploads\/2022\/01\/4-plon-cukru-768x310.png 768w, https:\/\/www.suedzucker.pl\/wp-content\/uploads\/2022\/01\/4-plon-cukru-500x202.png 500w, https:\/\/www.suedzucker.pl\/wp-content\/uploads\/2022\/01\/4-plon-cukru.png 1297w\" sizes=\"auto, (max-width: 1024px) 100vw, 1024px\" \/><\/a><\/figure><\/div>\n\n\n\n<h4 class=\"wp-block-heading\">Ograniczenie strat cukru po zastosowaniu okrycia w\u0142\u00f3knin\u0105 \u2013 0,363 t cukru \/54 dni w stosunku do wariantu bez okrycia \u2013 do\u015bwiadczenie z przechowalnictwem 2020-2021<\/h4>\n\n\n\n<div class=\"wp-block-image\"><figure class=\"aligncenter size-full\"><a href=\"https:\/\/www.suedzucker.pl\/wp-content\/uploads\/2022\/01\/5-Straty-cukru.png\"><img loading=\"lazy\" decoding=\"async\" width=\"1004\" height=\"581\" src=\"https:\/\/www.suedzucker.pl\/wp-content\/uploads\/2022\/01\/5-Straty-cukru.png\" alt=\"\" class=\"wp-image-16658\" srcset=\"https:\/\/www.suedzucker.pl\/wp-content\/uploads\/2022\/01\/5-Straty-cukru.png 1004w, https:\/\/www.suedzucker.pl\/wp-content\/uploads\/2022\/01\/5-Straty-cukru-300x174.png 300w, https:\/\/www.suedzucker.pl\/wp-content\/uploads\/2022\/01\/5-Straty-cukru-768x444.png 768w, https:\/\/www.suedzucker.pl\/wp-content\/uploads\/2022\/01\/5-Straty-cukru-500x289.png 500w\" sizes=\"auto, (max-width: 1004px) 100vw, 1004px\" \/><\/a><\/figure><\/div>\n\n\n\n<h4 class=\"wp-block-heading\">Do\u015bwiadczenia z Przechowalnictwem 2018\/2019 \u2013 2021\/2022<\/h4>\n\n\n\n<div class=\"wp-block-image\"><figure class=\"aligncenter size-large\"><a href=\"https:\/\/www.suedzucker.pl\/wp-content\/uploads\/2022\/01\/6-doswiadczenie.png\"><img loading=\"lazy\" decoding=\"async\" width=\"1024\" height=\"377\" src=\"https:\/\/www.suedzucker.pl\/wp-content\/uploads\/2022\/01\/6-doswiadczenie-1024x377.png\" alt=\"\" class=\"wp-image-16659\" srcset=\"https:\/\/www.suedzucker.pl\/wp-content\/uploads\/2022\/01\/6-doswiadczenie-1024x377.png 1024w, https:\/\/www.suedzucker.pl\/wp-content\/uploads\/2022\/01\/6-doswiadczenie-300x110.png 300w, https:\/\/www.suedzucker.pl\/wp-content\/uploads\/2022\/01\/6-doswiadczenie-768x283.png 768w, https:\/\/www.suedzucker.pl\/wp-content\/uploads\/2022\/01\/6-doswiadczenie-500x184.png 500w, https:\/\/www.suedzucker.pl\/wp-content\/uploads\/2022\/01\/6-doswiadczenie.png 1337w\" sizes=\"auto, (max-width: 1024px) 100vw, 1024px\" \/><\/a><\/figure><\/div>\n\n\n\n<h4 class=\"wp-block-heading\">Zmniejszenie straty w wyniku zastosowania okrycia za okres przechowania (t cukru\/ha)<\/h4>\n\n\n\n<div class=\"wp-block-image\"><figure class=\"aligncenter size-large\"><a href=\"https:\/\/www.suedzucker.pl\/wp-content\/uploads\/2022\/01\/7-zmniejszenie-strat.png\"><img loading=\"lazy\" decoding=\"async\" width=\"1024\" height=\"441\" src=\"https:\/\/www.suedzucker.pl\/wp-content\/uploads\/2022\/01\/7-zmniejszenie-strat-1024x441.png\" alt=\"\" class=\"wp-image-16660\" srcset=\"https:\/\/www.suedzucker.pl\/wp-content\/uploads\/2022\/01\/7-zmniejszenie-strat-1024x441.png 1024w, https:\/\/www.suedzucker.pl\/wp-content\/uploads\/2022\/01\/7-zmniejszenie-strat-300x129.png 300w, https:\/\/www.suedzucker.pl\/wp-content\/uploads\/2022\/01\/7-zmniejszenie-strat-768x331.png 768w, https:\/\/www.suedzucker.pl\/wp-content\/uploads\/2022\/01\/7-zmniejszenie-strat-500x215.png 500w, https:\/\/www.suedzucker.pl\/wp-content\/uploads\/2022\/01\/7-zmniejszenie-strat.png 1287w\" sizes=\"auto, (max-width: 1024px) 100vw, 1024px\" \/><\/a><\/figure><\/div>\n\n\n\n<h4 class=\"wp-block-heading\">Zmniejszenie straty w wyniku zastosowania okrycia za okres przechowania (t cukru\/ha)<\/h4>\n\n\n\n<div class=\"wp-block-image\"><figure class=\"aligncenter size-large\"><a href=\"https:\/\/www.suedzucker.pl\/wp-content\/uploads\/2022\/01\/8-zmniejszenie-strat.png\"><img loading=\"lazy\" decoding=\"async\" width=\"1024\" height=\"428\" src=\"https:\/\/www.suedzucker.pl\/wp-content\/uploads\/2022\/01\/8-zmniejszenie-strat-1024x428.png\" alt=\"\" class=\"wp-image-16661\" srcset=\"https:\/\/www.suedzucker.pl\/wp-content\/uploads\/2022\/01\/8-zmniejszenie-strat-1024x428.png 1024w, https:\/\/www.suedzucker.pl\/wp-content\/uploads\/2022\/01\/8-zmniejszenie-strat-300x125.png 300w, https:\/\/www.suedzucker.pl\/wp-content\/uploads\/2022\/01\/8-zmniejszenie-strat-768x321.png 768w, https:\/\/www.suedzucker.pl\/wp-content\/uploads\/2022\/01\/8-zmniejszenie-strat-500x209.png 500w, https:\/\/www.suedzucker.pl\/wp-content\/uploads\/2022\/01\/8-zmniejszenie-strat.png 1291w\" sizes=\"auto, (max-width: 1024px) 100vw, 1024px\" \/><\/a><\/figure><\/div>\n\n\n\n<p><\/p>\n","protected":false},"excerpt":{"rendered":"<p>Wyniki pomiaru: \u015bredniej temperatury w pryzmie okrytej i temperatur minimalnych powietrza \u2013 do\u015bwiadczenie z przechowalnictwem 2021-2022 Polaryzacja do\u015bwiadczenie z przechowalnictwem 2021-2022 Polaryzacja &#8211; Do\u015bwiadczenie z Przechowalnictwem 2021-2022 Technologiczny plon cukru&#8230;<\/p>\n","protected":false},"author":4,"featured_media":0,"parent":14956,"menu_order":12,"comment_status":"closed","ping_status":"closed","template":"","meta":{"_acf_changed":false,"inline_featured_image":false,"footnotes":"","_wp_rev_ctl_limit":""},"class_list":["post-16651","page","type-page","status-publish","hentry"],"acf":[],"yoast_head":"<!-- This site is optimized with the Yoast SEO plugin v27.3 - https:\/\/yoast.com\/product\/yoast-seo-wordpress\/ -->\n<title>Przechowalnictwo 2021 - S\u00fcdzucker Polska<\/title>\n<meta name=\"robots\" content=\"index, follow, max-snippet:-1, max-image-preview:large, max-video-preview:-1\" \/>\n<link rel=\"canonical\" href=\"https:\/\/www.suedzucker.pl\/serwis-plantatorski\/doswiadczenia\/wyniki-doswiadczen-2021\/przechowalnictwo-2021\/\" \/>\n<meta property=\"og:locale\" content=\"en_US\" \/>\n<meta property=\"og:type\" content=\"article\" \/>\n<meta property=\"og:title\" content=\"Przechowalnictwo 2021 - S\u00fcdzucker Polska\" \/>\n<meta property=\"og:description\" content=\"Wyniki pomiaru: \u015bredniej temperatury w pryzmie okrytej i temperatur minimalnych powietrza \u2013 do\u015bwiadczenie z przechowalnictwem 2021-2022 Polaryzacja do\u015bwiadczenie z przechowalnictwem 2021-2022 Polaryzacja &#8211; Do\u015bwiadczenie z Przechowalnictwem 2021-2022 Technologiczny plon cukru...\" \/>\n<meta property=\"og:url\" content=\"https:\/\/www.suedzucker.pl\/serwis-plantatorski\/doswiadczenia\/wyniki-doswiadczen-2021\/przechowalnictwo-2021\/\" \/>\n<meta property=\"og:site_name\" content=\"S\u00fcdzucker Polska\" \/>\n<meta property=\"article:modified_time\" content=\"2022-01-25T14:25:10+00:00\" \/>\n<meta property=\"og:image\" content=\"https:\/\/www.suedzucker.pl\/wp-content\/uploads\/2022\/01\/1-Temperatury-1024x456.png\" \/>\n<meta name=\"twitter:card\" content=\"summary_large_image\" \/>\n<meta name=\"twitter:label1\" content=\"Est. reading time\" \/>\n\t<meta name=\"twitter:data1\" content=\"3 minutes\" \/>\n<script type=\"application\/ld+json\" class=\"yoast-schema-graph\">{\"@context\":\"https:\\\/\\\/schema.org\",\"@graph\":[{\"@type\":\"WebPage\",\"@id\":\"https:\\\/\\\/www.suedzucker.pl\\\/serwis-plantatorski\\\/doswiadczenia\\\/wyniki-doswiadczen-2021\\\/przechowalnictwo-2021\\\/\",\"url\":\"https:\\\/\\\/www.suedzucker.pl\\\/serwis-plantatorski\\\/doswiadczenia\\\/wyniki-doswiadczen-2021\\\/przechowalnictwo-2021\\\/\",\"name\":\"Przechowalnictwo 2021 - S\u00fcdzucker Polska\",\"isPartOf\":{\"@id\":\"https:\\\/\\\/www.suedzucker.pl\\\/en\\\/#website\"},\"primaryImageOfPage\":{\"@id\":\"https:\\\/\\\/www.suedzucker.pl\\\/serwis-plantatorski\\\/doswiadczenia\\\/wyniki-doswiadczen-2021\\\/przechowalnictwo-2021\\\/#primaryimage\"},\"image\":{\"@id\":\"https:\\\/\\\/www.suedzucker.pl\\\/serwis-plantatorski\\\/doswiadczenia\\\/wyniki-doswiadczen-2021\\\/przechowalnictwo-2021\\\/#primaryimage\"},\"thumbnailUrl\":\"https:\\\/\\\/www.suedzucker.pl\\\/wp-content\\\/uploads\\\/2022\\\/01\\\/1-Temperatury-1024x456.png\",\"datePublished\":\"2022-01-25T14:15:25+00:00\",\"dateModified\":\"2022-01-25T14:25:10+00:00\",\"breadcrumb\":{\"@id\":\"https:\\\/\\\/www.suedzucker.pl\\\/serwis-plantatorski\\\/doswiadczenia\\\/wyniki-doswiadczen-2021\\\/przechowalnictwo-2021\\\/#breadcrumb\"},\"inLanguage\":\"en-US\",\"potentialAction\":[{\"@type\":\"ReadAction\",\"target\":[\"https:\\\/\\\/www.suedzucker.pl\\\/serwis-plantatorski\\\/doswiadczenia\\\/wyniki-doswiadczen-2021\\\/przechowalnictwo-2021\\\/\"]}]},{\"@type\":\"ImageObject\",\"inLanguage\":\"en-US\",\"@id\":\"https:\\\/\\\/www.suedzucker.pl\\\/serwis-plantatorski\\\/doswiadczenia\\\/wyniki-doswiadczen-2021\\\/przechowalnictwo-2021\\\/#primaryimage\",\"url\":\"https:\\\/\\\/www.suedzucker.pl\\\/wp-content\\\/uploads\\\/2022\\\/01\\\/1-Temperatury-1024x456.png\",\"contentUrl\":\"https:\\\/\\\/www.suedzucker.pl\\\/wp-content\\\/uploads\\\/2022\\\/01\\\/1-Temperatury-1024x456.png\"},{\"@type\":\"BreadcrumbList\",\"@id\":\"https:\\\/\\\/www.suedzucker.pl\\\/serwis-plantatorski\\\/doswiadczenia\\\/wyniki-doswiadczen-2021\\\/przechowalnictwo-2021\\\/#breadcrumb\",\"itemListElement\":[{\"@type\":\"ListItem\",\"position\":1,\"name\":\"Home page\",\"item\":\"https:\\\/\\\/www.suedzucker.pl\\\/en\\\/serwis-plantatorski\\\/\"},{\"@type\":\"ListItem\",\"position\":2,\"name\":\"Do\u015bwiadczenia\",\"item\":\"https:\\\/\\\/www.suedzucker.pl\\\/serwis-plantatorski\\\/doswiadczenia\\\/\"},{\"@type\":\"ListItem\",\"position\":3,\"name\":\"Wyniki do\u015bwiadcze\u0144 2021\",\"item\":\"https:\\\/\\\/www.suedzucker.pl\\\/serwis-plantatorski\\\/doswiadczenia\\\/wyniki-doswiadczen-2021\\\/\"},{\"@type\":\"ListItem\",\"position\":4,\"name\":\"Przechowalnictwo 2021\"}]},{\"@type\":\"WebSite\",\"@id\":\"https:\\\/\\\/www.suedzucker.pl\\\/en\\\/#website\",\"url\":\"https:\\\/\\\/www.suedzucker.pl\\\/en\\\/\",\"name\":\"S\u00fcdzucker Polska\",\"description\":\"Jeste\u015bmy wiod\u0105cym producentem cukru w Polsce\",\"potentialAction\":[{\"@type\":\"SearchAction\",\"target\":{\"@type\":\"EntryPoint\",\"urlTemplate\":\"https:\\\/\\\/www.suedzucker.pl\\\/en\\\/?s={search_term_string}\"},\"query-input\":{\"@type\":\"PropertyValueSpecification\",\"valueRequired\":true,\"valueName\":\"search_term_string\"}}],\"inLanguage\":\"en-US\"}]}<\/script>\n<!-- \/ Yoast SEO plugin. -->","yoast_head_json":{"title":"Przechowalnictwo 2021 - S\u00fcdzucker Polska","robots":{"index":"index","follow":"follow","max-snippet":"max-snippet:-1","max-image-preview":"max-image-preview:large","max-video-preview":"max-video-preview:-1"},"canonical":"https:\/\/www.suedzucker.pl\/serwis-plantatorski\/doswiadczenia\/wyniki-doswiadczen-2021\/przechowalnictwo-2021\/","og_locale":"en_US","og_type":"article","og_title":"Przechowalnictwo 2021 - S\u00fcdzucker Polska","og_description":"Wyniki pomiaru: \u015bredniej temperatury w pryzmie okrytej i temperatur minimalnych powietrza \u2013 do\u015bwiadczenie z przechowalnictwem 2021-2022 Polaryzacja do\u015bwiadczenie z przechowalnictwem 2021-2022 Polaryzacja &#8211; Do\u015bwiadczenie z Przechowalnictwem 2021-2022 Technologiczny plon cukru...","og_url":"https:\/\/www.suedzucker.pl\/serwis-plantatorski\/doswiadczenia\/wyniki-doswiadczen-2021\/przechowalnictwo-2021\/","og_site_name":"S\u00fcdzucker Polska","article_modified_time":"2022-01-25T14:25:10+00:00","og_image":[{"url":"https:\/\/www.suedzucker.pl\/wp-content\/uploads\/2022\/01\/1-Temperatury-1024x456.png","type":"","width":"","height":""}],"twitter_card":"summary_large_image","twitter_misc":{"Est. reading time":"3 minutes"},"schema":{"@context":"https:\/\/schema.org","@graph":[{"@type":"WebPage","@id":"https:\/\/www.suedzucker.pl\/serwis-plantatorski\/doswiadczenia\/wyniki-doswiadczen-2021\/przechowalnictwo-2021\/","url":"https:\/\/www.suedzucker.pl\/serwis-plantatorski\/doswiadczenia\/wyniki-doswiadczen-2021\/przechowalnictwo-2021\/","name":"Przechowalnictwo 2021 - S\u00fcdzucker Polska","isPartOf":{"@id":"https:\/\/www.suedzucker.pl\/en\/#website"},"primaryImageOfPage":{"@id":"https:\/\/www.suedzucker.pl\/serwis-plantatorski\/doswiadczenia\/wyniki-doswiadczen-2021\/przechowalnictwo-2021\/#primaryimage"},"image":{"@id":"https:\/\/www.suedzucker.pl\/serwis-plantatorski\/doswiadczenia\/wyniki-doswiadczen-2021\/przechowalnictwo-2021\/#primaryimage"},"thumbnailUrl":"https:\/\/www.suedzucker.pl\/wp-content\/uploads\/2022\/01\/1-Temperatury-1024x456.png","datePublished":"2022-01-25T14:15:25+00:00","dateModified":"2022-01-25T14:25:10+00:00","breadcrumb":{"@id":"https:\/\/www.suedzucker.pl\/serwis-plantatorski\/doswiadczenia\/wyniki-doswiadczen-2021\/przechowalnictwo-2021\/#breadcrumb"},"inLanguage":"en-US","potentialAction":[{"@type":"ReadAction","target":["https:\/\/www.suedzucker.pl\/serwis-plantatorski\/doswiadczenia\/wyniki-doswiadczen-2021\/przechowalnictwo-2021\/"]}]},{"@type":"ImageObject","inLanguage":"en-US","@id":"https:\/\/www.suedzucker.pl\/serwis-plantatorski\/doswiadczenia\/wyniki-doswiadczen-2021\/przechowalnictwo-2021\/#primaryimage","url":"https:\/\/www.suedzucker.pl\/wp-content\/uploads\/2022\/01\/1-Temperatury-1024x456.png","contentUrl":"https:\/\/www.suedzucker.pl\/wp-content\/uploads\/2022\/01\/1-Temperatury-1024x456.png"},{"@type":"BreadcrumbList","@id":"https:\/\/www.suedzucker.pl\/serwis-plantatorski\/doswiadczenia\/wyniki-doswiadczen-2021\/przechowalnictwo-2021\/#breadcrumb","itemListElement":[{"@type":"ListItem","position":1,"name":"Home page","item":"https:\/\/www.suedzucker.pl\/en\/serwis-plantatorski\/"},{"@type":"ListItem","position":2,"name":"Do\u015bwiadczenia","item":"https:\/\/www.suedzucker.pl\/serwis-plantatorski\/doswiadczenia\/"},{"@type":"ListItem","position":3,"name":"Wyniki do\u015bwiadcze\u0144 2021","item":"https:\/\/www.suedzucker.pl\/serwis-plantatorski\/doswiadczenia\/wyniki-doswiadczen-2021\/"},{"@type":"ListItem","position":4,"name":"Przechowalnictwo 2021"}]},{"@type":"WebSite","@id":"https:\/\/www.suedzucker.pl\/en\/#website","url":"https:\/\/www.suedzucker.pl\/en\/","name":"S\u00fcdzucker Polska","description":"Jeste\u015bmy wiod\u0105cym producentem cukru w Polsce","potentialAction":[{"@type":"SearchAction","target":{"@type":"EntryPoint","urlTemplate":"https:\/\/www.suedzucker.pl\/en\/?s={search_term_string}"},"query-input":{"@type":"PropertyValueSpecification","valueRequired":true,"valueName":"search_term_string"}}],"inLanguage":"en-US"}]}},"_links":{"self":[{"href":"https:\/\/www.suedzucker.pl\/en\/wp-json\/wp\/v2\/pages\/16651","targetHints":{"allow":["GET"]}}],"collection":[{"href":"https:\/\/www.suedzucker.pl\/en\/wp-json\/wp\/v2\/pages"}],"about":[{"href":"https:\/\/www.suedzucker.pl\/en\/wp-json\/wp\/v2\/types\/page"}],"author":[{"embeddable":true,"href":"https:\/\/www.suedzucker.pl\/en\/wp-json\/wp\/v2\/users\/4"}],"replies":[{"embeddable":true,"href":"https:\/\/www.suedzucker.pl\/en\/wp-json\/wp\/v2\/comments?post=16651"}],"version-history":[{"count":2,"href":"https:\/\/www.suedzucker.pl\/en\/wp-json\/wp\/v2\/pages\/16651\/revisions"}],"predecessor-version":[{"id":16662,"href":"https:\/\/www.suedzucker.pl\/en\/wp-json\/wp\/v2\/pages\/16651\/revisions\/16662"}],"up":[{"embeddable":true,"href":"https:\/\/www.suedzucker.pl\/en\/wp-json\/wp\/v2\/pages\/14956"}],"wp:attachment":[{"href":"https:\/\/www.suedzucker.pl\/en\/wp-json\/wp\/v2\/media?parent=16651"}],"curies":[{"name":"wp","href":"https:\/\/api.w.org\/{rel}","templated":true}]}}