{"id":1727,"date":"2020-07-17T11:37:29","date_gmt":"2020-07-17T09:37:29","guid":{"rendered":"http:\/\/suedzucker.pl\/?page_id=1727"},"modified":"2026-03-13T10:25:18","modified_gmt":"2026-03-13T09:25:18","slug":"wykaz-firm-rekomendowanych-do-siewu-burakow","status":"publish","type":"page","link":"https:\/\/www.suedzucker.pl\/en\/serwis-plantatorski\/agrotechnika\/siew\/wykaz-firm-rekomendowanych-do-siewu-burakow\/","title":{"rendered":"Wykaz firm rekomendowanych do siewu burak\u00f3w"},"content":{"rendered":"\n<h1 class=\"wp-block-heading\"><strong>2026<\/strong><\/h1>\n\n\n<div class=\"wp-block-image\">\n<figure class=\"alignleft size-large\"><a href=\"https:\/\/www.suedzucker.pl\/wp-content\/uploads\/2026\/03\/Ocena-siewnikow-2026-3.jpg\"><img loading=\"lazy\" decoding=\"async\" width=\"1024\" height=\"493\" src=\"https:\/\/www.suedzucker.pl\/wp-content\/uploads\/2026\/03\/Ocena-siewnikow-2026-3-1024x493.jpg\" alt=\"\" class=\"wp-image-24795\" srcset=\"https:\/\/www.suedzucker.pl\/wp-content\/uploads\/2026\/03\/Ocena-siewnikow-2026-3-1024x493.jpg 1024w, https:\/\/www.suedzucker.pl\/wp-content\/uploads\/2026\/03\/Ocena-siewnikow-2026-3-300x145.jpg 300w, https:\/\/www.suedzucker.pl\/wp-content\/uploads\/2026\/03\/Ocena-siewnikow-2026-3-768x370.jpg 768w, https:\/\/www.suedzucker.pl\/wp-content\/uploads\/2026\/03\/Ocena-siewnikow-2026-3-1536x740.jpg 1536w, https:\/\/www.suedzucker.pl\/wp-content\/uploads\/2026\/03\/Ocena-siewnikow-2026-3-500x241.jpg 500w, https:\/\/www.suedzucker.pl\/wp-content\/uploads\/2026\/03\/Ocena-siewnikow-2026-3.jpg 2015w\" sizes=\"auto, (max-width: 1024px) 100vw, 1024px\" \/><\/a><\/figure>\n<\/div>\n\n\n<div style=\"height:0px\" aria-hidden=\"true\" class=\"wp-block-spacer\"><\/div>\n\n\n\n<p class=\"has-text-align-left\">Kliknij w tabel\u0119, aby powi\u0119kszy\u0107 lub pobierz jako plik poni\u017cej<\/p>\n\n\n\n<div style=\"height:35px\" aria-hidden=\"true\" class=\"wp-block-spacer\"><\/div>\n\n\n\n<div class=\"wp-block-file alignleft\"><a id=\"wp-block-file--media-2c0d90f0-d7b6-44b5-ac39-c9a7ebf65003\" href=\"https:\/\/www.suedzucker.pl\/wp-content\/uploads\/2026\/03\/Lista-rekomendowanych-siewnikow-2026-3.pdf\">Lista rekomendowanych siewnik\u00f3w 2026<\/a><a href=\"https:\/\/www.suedzucker.pl\/wp-content\/uploads\/2026\/03\/Lista-rekomendowanych-siewnikow-2026-3.pdf\" class=\"wp-block-file__button wp-element-button\" download aria-describedby=\"wp-block-file--media-2c0d90f0-d7b6-44b5-ac39-c9a7ebf65003\">Pobierz<\/a><\/div>\n\n\n\n<p><\/p>\n","protected":false},"excerpt":{"rendered":"<p>2026 Kliknij w tabel\u0119, aby powi\u0119kszy\u0107 lub pobierz jako plik poni\u017cej<\/p>\n","protected":false},"author":3,"featured_media":0,"parent":509,"menu_order":0,"comment_status":"closed","ping_status":"closed","template":"","meta":{"_acf_changed":false,"inline_featured_image":false,"footnotes":"","_wp_rev_ctl_limit":""},"class_list":["post-1727","page","type-page","status-publish","hentry"],"acf":[],"yoast_head":"<!-- This site is optimized with the Yoast SEO plugin v27.4 - https:\/\/yoast.com\/product\/yoast-seo-wordpress\/ -->\n<title>Wykaz firm rekomendowanych do siewu burak\u00f3w - S\u00fcdzucker Polska<\/title>\n<meta name=\"robots\" content=\"index, follow, max-snippet:-1, max-image-preview:large, max-video-preview:-1\" \/>\n<link rel=\"canonical\" href=\"https:\/\/www.suedzucker.pl\/serwis-plantatorski\/agrotechnika\/siew\/wykaz-firm-rekomendowanych-do-siewu-burakow\/\" \/>\n<meta property=\"og:locale\" content=\"en_US\" \/>\n<meta property=\"og:type\" content=\"article\" \/>\n<meta property=\"og:title\" content=\"Wykaz firm rekomendowanych do siewu burak\u00f3w - S\u00fcdzucker Polska\" \/>\n<meta property=\"og:description\" content=\"2026 Kliknij w tabel\u0119, aby powi\u0119kszy\u0107 lub pobierz jako plik poni\u017cej\" \/>\n<meta property=\"og:url\" content=\"https:\/\/www.suedzucker.pl\/serwis-plantatorski\/agrotechnika\/siew\/wykaz-firm-rekomendowanych-do-siewu-burakow\/\" \/>\n<meta property=\"og:site_name\" content=\"S\u00fcdzucker Polska\" \/>\n<meta property=\"article:modified_time\" content=\"2026-03-13T09:25:18+00:00\" \/>\n<meta property=\"og:image\" content=\"https:\/\/www.suedzucker.pl\/wp-content\/uploads\/2026\/03\/Ocena-siewnikow-2026-3.jpg\" \/>\n\t<meta property=\"og:image:width\" content=\"2015\" \/>\n\t<meta property=\"og:image:height\" content=\"971\" \/>\n\t<meta property=\"og:image:type\" content=\"image\/jpeg\" \/>\n<meta name=\"twitter:card\" content=\"summary_large_image\" \/>\n<meta name=\"twitter:label1\" content=\"Est. reading time\" \/>\n\t<meta name=\"twitter:data1\" content=\"1 minute\" \/>\n<script type=\"application\/ld+json\" class=\"yoast-schema-graph\">{\"@context\":\"https:\\\/\\\/schema.org\",\"@graph\":[{\"@type\":\"WebPage\",\"@id\":\"https:\\\/\\\/www.suedzucker.pl\\\/serwis-plantatorski\\\/agrotechnika\\\/siew\\\/wykaz-firm-rekomendowanych-do-siewu-burakow\\\/\",\"url\":\"https:\\\/\\\/www.suedzucker.pl\\\/serwis-plantatorski\\\/agrotechnika\\\/siew\\\/wykaz-firm-rekomendowanych-do-siewu-burakow\\\/\",\"name\":\"Wykaz firm rekomendowanych do siewu burak\u00f3w - S\u00fcdzucker Polska\",\"isPartOf\":{\"@id\":\"https:\\\/\\\/www.suedzucker.pl\\\/en\\\/#website\"},\"primaryImageOfPage\":{\"@id\":\"https:\\\/\\\/www.suedzucker.pl\\\/serwis-plantatorski\\\/agrotechnika\\\/siew\\\/wykaz-firm-rekomendowanych-do-siewu-burakow\\\/#primaryimage\"},\"image\":{\"@id\":\"https:\\\/\\\/www.suedzucker.pl\\\/serwis-plantatorski\\\/agrotechnika\\\/siew\\\/wykaz-firm-rekomendowanych-do-siewu-burakow\\\/#primaryimage\"},\"thumbnailUrl\":\"https:\\\/\\\/www.suedzucker.pl\\\/wp-content\\\/uploads\\\/2026\\\/03\\\/Ocena-siewnikow-2026-3-1024x493.jpg\",\"datePublished\":\"2020-07-17T09:37:29+00:00\",\"dateModified\":\"2026-03-13T09:25:18+00:00\",\"breadcrumb\":{\"@id\":\"https:\\\/\\\/www.suedzucker.pl\\\/serwis-plantatorski\\\/agrotechnika\\\/siew\\\/wykaz-firm-rekomendowanych-do-siewu-burakow\\\/#breadcrumb\"},\"inLanguage\":\"en-US\",\"potentialAction\":[{\"@type\":\"ReadAction\",\"target\":[\"https:\\\/\\\/www.suedzucker.pl\\\/serwis-plantatorski\\\/agrotechnika\\\/siew\\\/wykaz-firm-rekomendowanych-do-siewu-burakow\\\/\"]}]},{\"@type\":\"ImageObject\",\"inLanguage\":\"en-US\",\"@id\":\"https:\\\/\\\/www.suedzucker.pl\\\/serwis-plantatorski\\\/agrotechnika\\\/siew\\\/wykaz-firm-rekomendowanych-do-siewu-burakow\\\/#primaryimage\",\"url\":\"https:\\\/\\\/www.suedzucker.pl\\\/wp-content\\\/uploads\\\/2026\\\/03\\\/Ocena-siewnikow-2026-3-1024x493.jpg\",\"contentUrl\":\"https:\\\/\\\/www.suedzucker.pl\\\/wp-content\\\/uploads\\\/2026\\\/03\\\/Ocena-siewnikow-2026-3-1024x493.jpg\"},{\"@type\":\"BreadcrumbList\",\"@id\":\"https:\\\/\\\/www.suedzucker.pl\\\/serwis-plantatorski\\\/agrotechnika\\\/siew\\\/wykaz-firm-rekomendowanych-do-siewu-burakow\\\/#breadcrumb\",\"itemListElement\":[{\"@type\":\"ListItem\",\"position\":1,\"name\":\"Home page\",\"item\":\"https:\\\/\\\/www.suedzucker.pl\\\/en\\\/serwis-plantatorski\\\/\"},{\"@type\":\"ListItem\",\"position\":2,\"name\":\"Agrotechnika\",\"item\":\"https:\\\/\\\/www.suedzucker.pl\\\/en\\\/serwis-plantatorski\\\/agrotechnika\\\/\"},{\"@type\":\"ListItem\",\"position\":3,\"name\":\"Siew\",\"item\":\"https:\\\/\\\/www.suedzucker.pl\\\/en\\\/serwis-plantatorski\\\/agrotechnika\\\/siew\\\/\"},{\"@type\":\"ListItem\",\"position\":4,\"name\":\"Wykaz firm rekomendowanych do siewu burak\u00f3w\"}]},{\"@type\":\"WebSite\",\"@id\":\"https:\\\/\\\/www.suedzucker.pl\\\/en\\\/#website\",\"url\":\"https:\\\/\\\/www.suedzucker.pl\\\/en\\\/\",\"name\":\"S\u00fcdzucker Polska\",\"description\":\"Jeste\u015bmy wiod\u0105cym producentem cukru w Polsce\",\"potentialAction\":[{\"@type\":\"SearchAction\",\"target\":{\"@type\":\"EntryPoint\",\"urlTemplate\":\"https:\\\/\\\/www.suedzucker.pl\\\/en\\\/?s={search_term_string}\"},\"query-input\":{\"@type\":\"PropertyValueSpecification\",\"valueRequired\":true,\"valueName\":\"search_term_string\"}}],\"inLanguage\":\"en-US\"}]}<\/script>\n<!-- \/ Yoast SEO plugin. -->","yoast_head_json":{"title":"Wykaz firm rekomendowanych do siewu burak\u00f3w - S\u00fcdzucker Polska","robots":{"index":"index","follow":"follow","max-snippet":"max-snippet:-1","max-image-preview":"max-image-preview:large","max-video-preview":"max-video-preview:-1"},"canonical":"https:\/\/www.suedzucker.pl\/serwis-plantatorski\/agrotechnika\/siew\/wykaz-firm-rekomendowanych-do-siewu-burakow\/","og_locale":"en_US","og_type":"article","og_title":"Wykaz firm rekomendowanych do siewu burak\u00f3w - S\u00fcdzucker Polska","og_description":"2026 Kliknij w tabel\u0119, aby powi\u0119kszy\u0107 lub pobierz jako plik poni\u017cej","og_url":"https:\/\/www.suedzucker.pl\/serwis-plantatorski\/agrotechnika\/siew\/wykaz-firm-rekomendowanych-do-siewu-burakow\/","og_site_name":"S\u00fcdzucker Polska","article_modified_time":"2026-03-13T09:25:18+00:00","og_image":[{"width":2015,"height":971,"url":"https:\/\/www.suedzucker.pl\/wp-content\/uploads\/2026\/03\/Ocena-siewnikow-2026-3.jpg","type":"image\/jpeg"}],"twitter_card":"summary_large_image","twitter_misc":{"Est. reading time":"1 minute"},"schema":{"@context":"https:\/\/schema.org","@graph":[{"@type":"WebPage","@id":"https:\/\/www.suedzucker.pl\/serwis-plantatorski\/agrotechnika\/siew\/wykaz-firm-rekomendowanych-do-siewu-burakow\/","url":"https:\/\/www.suedzucker.pl\/serwis-plantatorski\/agrotechnika\/siew\/wykaz-firm-rekomendowanych-do-siewu-burakow\/","name":"Wykaz firm rekomendowanych do siewu burak\u00f3w - S\u00fcdzucker Polska","isPartOf":{"@id":"https:\/\/www.suedzucker.pl\/en\/#website"},"primaryImageOfPage":{"@id":"https:\/\/www.suedzucker.pl\/serwis-plantatorski\/agrotechnika\/siew\/wykaz-firm-rekomendowanych-do-siewu-burakow\/#primaryimage"},"image":{"@id":"https:\/\/www.suedzucker.pl\/serwis-plantatorski\/agrotechnika\/siew\/wykaz-firm-rekomendowanych-do-siewu-burakow\/#primaryimage"},"thumbnailUrl":"https:\/\/www.suedzucker.pl\/wp-content\/uploads\/2026\/03\/Ocena-siewnikow-2026-3-1024x493.jpg","datePublished":"2020-07-17T09:37:29+00:00","dateModified":"2026-03-13T09:25:18+00:00","breadcrumb":{"@id":"https:\/\/www.suedzucker.pl\/serwis-plantatorski\/agrotechnika\/siew\/wykaz-firm-rekomendowanych-do-siewu-burakow\/#breadcrumb"},"inLanguage":"en-US","potentialAction":[{"@type":"ReadAction","target":["https:\/\/www.suedzucker.pl\/serwis-plantatorski\/agrotechnika\/siew\/wykaz-firm-rekomendowanych-do-siewu-burakow\/"]}]},{"@type":"ImageObject","inLanguage":"en-US","@id":"https:\/\/www.suedzucker.pl\/serwis-plantatorski\/agrotechnika\/siew\/wykaz-firm-rekomendowanych-do-siewu-burakow\/#primaryimage","url":"https:\/\/www.suedzucker.pl\/wp-content\/uploads\/2026\/03\/Ocena-siewnikow-2026-3-1024x493.jpg","contentUrl":"https:\/\/www.suedzucker.pl\/wp-content\/uploads\/2026\/03\/Ocena-siewnikow-2026-3-1024x493.jpg"},{"@type":"BreadcrumbList","@id":"https:\/\/www.suedzucker.pl\/serwis-plantatorski\/agrotechnika\/siew\/wykaz-firm-rekomendowanych-do-siewu-burakow\/#breadcrumb","itemListElement":[{"@type":"ListItem","position":1,"name":"Home page","item":"https:\/\/www.suedzucker.pl\/en\/serwis-plantatorski\/"},{"@type":"ListItem","position":2,"name":"Agrotechnika","item":"https:\/\/www.suedzucker.pl\/en\/serwis-plantatorski\/agrotechnika\/"},{"@type":"ListItem","position":3,"name":"Siew","item":"https:\/\/www.suedzucker.pl\/en\/serwis-plantatorski\/agrotechnika\/siew\/"},{"@type":"ListItem","position":4,"name":"Wykaz firm rekomendowanych do siewu burak\u00f3w"}]},{"@type":"WebSite","@id":"https:\/\/www.suedzucker.pl\/en\/#website","url":"https:\/\/www.suedzucker.pl\/en\/","name":"S\u00fcdzucker Polska","description":"Jeste\u015bmy wiod\u0105cym producentem cukru w Polsce","potentialAction":[{"@type":"SearchAction","target":{"@type":"EntryPoint","urlTemplate":"https:\/\/www.suedzucker.pl\/en\/?s={search_term_string}"},"query-input":{"@type":"PropertyValueSpecification","valueRequired":true,"valueName":"search_term_string"}}],"inLanguage":"en-US"}]}},"_links":{"self":[{"href":"https:\/\/www.suedzucker.pl\/en\/wp-json\/wp\/v2\/pages\/1727","targetHints":{"allow":["GET"]}}],"collection":[{"href":"https:\/\/www.suedzucker.pl\/en\/wp-json\/wp\/v2\/pages"}],"about":[{"href":"https:\/\/www.suedzucker.pl\/en\/wp-json\/wp\/v2\/types\/page"}],"author":[{"embeddable":true,"href":"https:\/\/www.suedzucker.pl\/en\/wp-json\/wp\/v2\/users\/3"}],"replies":[{"embeddable":true,"href":"https:\/\/www.suedzucker.pl\/en\/wp-json\/wp\/v2\/comments?post=1727"}],"version-history":[{"count":4,"href":"https:\/\/www.suedzucker.pl\/en\/wp-json\/wp\/v2\/pages\/1727\/revisions"}],"predecessor-version":[{"id":24797,"href":"https:\/\/www.suedzucker.pl\/en\/wp-json\/wp\/v2\/pages\/1727\/revisions\/24797"}],"up":[{"embeddable":true,"href":"https:\/\/www.suedzucker.pl\/en\/wp-json\/wp\/v2\/pages\/509"}],"wp:attachment":[{"href":"https:\/\/www.suedzucker.pl\/en\/wp-json\/wp\/v2\/media?parent=1727"}],"curies":[{"name":"wp","href":"https:\/\/api.w.org\/{rel}","templated":true}]}}