{"id":1739,"date":"2020-07-17T11:39:12","date_gmt":"2020-07-17T09:39:12","guid":{"rendered":"http:\/\/suedzucker.pl\/?page_id=1739"},"modified":"2022-02-17T11:41:39","modified_gmt":"2022-02-17T10:41:39","slug":"informacje-ogolne-na-temat-zbioru","status":"publish","type":"page","link":"https:\/\/www.suedzucker.pl\/en\/serwis-plantatorski\/agrotechnika\/zbior\/informacje-ogolne-na-temat-zbioru\/","title":{"rendered":"Informacje og\u00f3lne na temat zbioru"},"content":{"rendered":"\n<p>Zbi\u00f3r jest ko\u0144cowym, a zarazem wa\u017cnym i trudnym etapem technologii uprawy buraka cukrowego, w kt\u00f3rym decyduje si\u0119 wielko\u015b\u0107 i jako\u015b\u0107 plonu.<br><br>Obecnie, kiedy producenci cukru p\u0142ac\u0105 plantatorom za warto\u015b\u0107 technologiczn\u0105 dostarczonych burak\u00f3w, celem dobrej techniki zbioru jest maksymalne zachowanie jako\u015bci i masy wygenerowanej w czasie wegetacji. Nie bez znaczenia, poza wysok\u0105 zawarto\u015bci\u0105 cukru w korzeniach, jest jak najmniejsze zanieczyszczenie, zw\u0142aszcza je\u015bli buraki po wykopaniu s\u0105 przechowywane. Nieprawid\u0142owy termin zbioru, przestarza\u0142a technologia, \u017ale wyregulowane maszyny, nieprawid\u0142owe przechowalnictwo mog\u0105 spowodowa\u0107 znacz\u0105ce straty ilo\u015bciowe i jako\u015bciowe surowca.<\/p>\n\n\n\n<p>Kiedy powinny by\u0107 zbierane buraki?<\/p>\n\n\n\n<ul class=\"wp-block-list\"><li>Po osi\u0105gni\u0119ciu dojrza\u0142o\u015bci technologicznej, czyli minimum po 180 dniach wegetacji.<\/li><li>Gdy wegetacja zostanie naturalnie zahamowana przez niskie temperatury i kr\u00f3tkie nas\u0142onecznienie.<\/li><li>Gdy warunki techniczno &#8211; organizacyjne gospodarstwa lub cukrowni (harmonogram dostaw) pozwalaj\u0105 na ich kopanie.<\/li><\/ul>\n\n\n\n<h4 class=\"wp-block-heading\" id=\"czym-powinien-sie-charakteryzowac-dobry-zbior-burakow\">Czym powinien si\u0119 charakteryzowa\u0107 dobry zbi\u00f3r burak\u00f3w?<\/h4>\n\n\n\n<div class=\"wp-block-image\"><figure class=\"aligncenter size-full\"><img loading=\"lazy\" decoding=\"async\" width=\"360\" height=\"269\" src=\"https:\/\/www.suedzucker.pl\/wp-content\/uploads\/2020\/07\/prawidlowy-zbior1.gif\" alt=\"\" class=\"wp-image-8945\"\/><\/figure><\/div>\n\n\n\n<h4 class=\"wp-block-heading\" id=\"techniki-zbioru\">Techniki zbioru<\/h4>\n\n\n\n<p>W ostatnich latach nast\u0105pi\u0142y bardzo istotne zmiany w technologii zbioru burak\u00f3w. Coraz rzadziej spotykane s\u0105 tradycyjne metody zbioru, czyli og\u0142awianie r\u0119czne i mechaniczne wyorywanie. Metoda ta by\u0142a pracoch\u0142onna i niekorzystnie wp\u0142ywa\u0142a na jako\u015b\u0107 surowca, kt\u00f3ry po og\u0142owieniu pozostawa\u0142 w glebie cz\u0119sto przez kilka dni.<\/p>\n\n\n\n<p>Najlepsz\u0105 zalecan\u0105 metod\u0105 jest zbi\u00f3r burak\u00f3w kombajnami 1 i 2\u2013rz\u0119dowymi lub nowoczesnymi samobie\u017cnymi 6\u2013rz\u0119dowymi np. typu Holmer czy Ropa.<\/p>\n\n\n\n<div class=\"wp-block-image\"><figure class=\"aligncenter size-full\"><img loading=\"lazy\" decoding=\"async\" width=\"360\" height=\"313\" src=\"https:\/\/www.suedzucker.pl\/wp-content\/uploads\/2020\/07\/kombajn-jednorzedowy.gif\" alt=\"\" class=\"wp-image-8947\"\/><figcaption>Fot. Kombajn jednorz\u0119dowy<\/figcaption><\/figure><\/div>\n\n\n\n<div class=\"wp-block-image\"><figure class=\"aligncenter size-full\"><img loading=\"lazy\" decoding=\"async\" width=\"360\" height=\"270\" src=\"https:\/\/www.suedzucker.pl\/wp-content\/uploads\/2020\/07\/ropa.gif\" alt=\"\" class=\"wp-image-8948\"\/><figcaption>Fot. Ropa<\/figcaption><\/figure><\/div>\n\n\n\n<div class=\"wp-block-image\"><figure class=\"aligncenter size-full\"><img loading=\"lazy\" decoding=\"async\" width=\"360\" height=\"270\" src=\"https:\/\/www.suedzucker.pl\/wp-content\/uploads\/2020\/07\/holmer-1.gif\" alt=\"\" class=\"wp-image-8949\"\/><figcaption>Fot. Holmer<\/figcaption><\/figure><\/div>\n\n\n\n<p>Nowoczesn\u0105 technologi\u0119 zbioru cechuje<strong>:<\/strong><\/p>\n\n\n\n<ul class=\"wp-block-list\"><li>prawid\u0142owe og\u0142owienie burak\u00f3w przy minimum uszkodze\u0144, zanieczyszcze\u0144 i strat korzeni,<\/li><li>ograniczenie niekorzystnego ugniatania gleby, nawet&nbsp; w trudnych warunkach zbioru,<\/li><li>\u0142atwa organizacja pracy,<\/li><li>du\u017ca wydajno\u015b\u0107 zbioru,<\/li><li>mo\u017cliwo\u015b\u0107 prawid\u0142owego formowania pryzm,<\/li><li>oszcz\u0119dno\u015b\u0107 w kosztach.<\/li><\/ul>\n\n\n\n<p>W celu utrzymania jak najwy\u017cszej jako\u015bci korzeni burak\u00f3w cukrowych w ca\u0142ym okresie skupu konieczne jest ich przechowywanie w prawid\u0142owo usytuowanych i zabezpieczonych pryzmach. Od tego jak prowadzone b\u0119dzie przechowalnictwo zale\u017cy ko\u0144cowa masa, polaryzacja i zanieczyszczenie ro\u015blin.<\/p>\n\n\n\n<h4 class=\"wp-block-heading\" id=\"zasady-wlasciwej-lokalizacji-pryzm\">Zasady w\u0142a\u015bciwej lokalizacji pryzm<\/h4>\n\n\n\n<p>Prawid\u0142owo usytuowana i usypana pryzma, przygotowana pod okrycie w\u0142\u00f3knin\u0105 i za\u0142adunek samojezdn\u0105 maszyn\u0105 \u0142aduj\u0105co \u2013 czyszcz\u0105c\u0105, powinna wygl\u0105da\u0107 jak na przedstawionym schemacie i zdj\u0119ciu.<\/p>\n\n\n\n<div class=\"wp-block-image\"><figure class=\"aligncenter size-full\"><img loading=\"lazy\" decoding=\"async\" width=\"360\" height=\"158\" src=\"https:\/\/www.suedzucker.pl\/wp-content\/uploads\/2020\/07\/rysunek-pryzma-maly.gif\" alt=\"\" class=\"wp-image-8951\"\/><figcaption>Rys. Prawid\u0142owo usytuowana i usypana pryzma<\/figcaption><\/figure><\/div>\n\n\n\n<div class=\"wp-block-image\"><figure class=\"aligncenter size-full\"><img loading=\"lazy\" decoding=\"async\" width=\"360\" height=\"287\" src=\"https:\/\/www.suedzucker.pl\/wp-content\/uploads\/2020\/07\/odbior-pryzmy.gif\" alt=\"\" class=\"wp-image-8952\"\/><figcaption>Fot. Odbi\u00f3r pryzmy &#8211; doczyszczanie, za\u0142adunek, transport<\/figcaption><\/figure><\/div>\n\n\n\n<h4 class=\"wp-block-heading\" id=\"gdzie-i-jak-zlokalizowac-pryzme\">Gdzie i jak zlokalizowa\u0107 pryzm\u0119?<\/h4>\n\n\n\n<ul class=\"wp-block-list\"><li>Pryzma powinna by\u0107 zlokalizowana na skraju pola, bezpo\u015brednio przy utwardzonej drodze umo\u017cliwiaj\u0105cej dojazd w ka\u017cdych warunkach atmosferycznych,<\/li><li>Budowa pryzmy musi by\u0107 zwarta, prosta o g\u0142adkiej powierzchni zewn\u0119trznej, umo\u017cliwiaj\u0105ca za\u0142adunek i prawid\u0142owe okrycie w\u0142\u00f3knin\u0105,<\/li><li>Nale\u017cy unika\u0107 miejsc zani\u017conych, podmok\u0142ych, w kt\u00f3rych mo\u017ce gromadzi\u0107 si\u0119 woda,<\/li><li>Plac manewrowy (za\u0142adunku) powinien by\u0107 wolny od przeszk\u00f3d naturalnych (drzewa, s\u0142upy elektryczne, rowy, zabudowania),<\/li><li>W celu minimalizacji strat przy przechowalnictwie i za\u0142adunku prawid\u0142owe wymiary pryzmy powinny wynosi\u0107: 7m szeroko\u015bci i 2\u20133m wysoko\u015bci.<\/li><\/ul>\n\n\n\n<h4 class=\"wp-block-heading\" id=\"jak-minimalizowac-straty-podczas-przechowywania-burakow-na-polu\">Jak minimalizowa\u0107 straty podczas przechowywania burak\u00f3w na polu?<\/h4>\n\n\n\n<ul class=\"wp-block-list\"><li>Zastosowa\u0107 w\u0142a\u015bciwy materia\u0142 okrywaj\u0105cy, czyli specjaln\u0105 w\u0142\u00f3knin\u0119 wodoodporn\u0105,<\/li><li>Stosowa\u0107 prawid\u0142owe techniki okrycia,<\/li><li>Przykrywa\u0107 pryzm\u0119 burak\u00f3w jak najszybciej po jej uformowaniu,<\/li><li>Unika\u0107 okrywania burak\u00f3w w temperaturze powy\u017cej 12\u00b0C, jak i przemro\u017conych.<\/li><\/ul>\n\n\n\n<div class=\"wp-block-image\"><figure class=\"aligncenter size-full\"><img loading=\"lazy\" decoding=\"async\" width=\"360\" height=\"199\" src=\"https:\/\/www.suedzucker.pl\/wp-content\/uploads\/2020\/07\/prawidlowo-okryta-pryzma.gif\" alt=\"\" class=\"wp-image-8954\"\/><figcaption>Fot. Prawid\u0142owo okryta pryzma<\/figcaption><\/figure><\/div>\n\n\n\n<h4 class=\"wp-block-heading\" id=\"prawidlowo-zabezpieczona-wloknina-pryzma-umozliwia\">Prawid\u0142owo zabezpieczona w\u0142\u00f3knin\u0105 pryzma umo\u017cliwia:<\/h4>\n\n\n\n<p>&#8211; ochron\u0119 przed przemarzni\u0119ciami i opadami atmosferycznymi,<br>&#8211; zmniejszenie strat w masie,<br>&#8211; zmniejszenie strat cukru,<br>&#8211; popraw\u0119 dochodowo\u015bci zbioru.<\/p>\n\n\n\n<p>Jakie buraki mo\u017cna przechowywa\u0107, aby nie narazi\u0107 si\u0119 na dodatkowe straty?<\/p>\n\n\n\n<p>&#8211; Zdrowe (wolne od chor\u00f3b i uszkodze\u0144 mechanicznych),<br>&#8211; Prawid\u0142owo og\u0142owione,<br>&#8211; Nie poro\u015bni\u0119te,<br>&#8211; Wst\u0119pnie doczyszczone, pozbawione zanieczyszcze\u0144 organicznych (chwasty, li\u015bcie),<br>&#8211; Nieprzemro\u017cone.<\/p>\n\n\n\n<h4 class=\"wp-block-heading\" id=\"uwaga\">Uwaga!<\/h4>\n\n\n\n<p>&#8211; Przemro\u017cone buraki s\u0105 surowcem o ma\u0142ej warto\u015bci przerobowej dla Cukrowni,<br>&#8211; Przemro\u017cone i odtaja\u0142e buraki s\u0105 zanieczyszczeniem i nie nadaj\u0105 si\u0119 do przerobu,<br>&#8211; Prawid\u0142owe przechowalnictwo zmniejsza straty masy i polaryzacji oraz u\u0142atwia doczyszczanie.<\/p>\n\n\n\n<div class=\"wp-block-image\"><figure class=\"aligncenter size-full\"><img loading=\"lazy\" decoding=\"async\" width=\"360\" height=\"246\" src=\"https:\/\/www.suedzucker.pl\/wp-content\/uploads\/2020\/07\/diagram-podstawy-udanego-zbioru.gif\" alt=\"\" class=\"wp-image-8955\"\/><figcaption>Rys. Podstawy udanego zbioru<\/figcaption><\/figure><\/div>\n","protected":false},"excerpt":{"rendered":"<p>Zbi\u00f3r jest ko\u0144cowym, a zarazem wa\u017cnym i trudnym etapem technologii uprawy buraka cukrowego, w kt\u00f3rym decyduje si\u0119 wielko\u015b\u0107 i jako\u015b\u0107 plonu. Obecnie, kiedy producenci cukru p\u0142ac\u0105 plantatorom za warto\u015b\u0107 technologiczn\u0105&#8230;<\/p>\n","protected":false},"author":3,"featured_media":0,"parent":1714,"menu_order":0,"comment_status":"closed","ping_status":"closed","template":"","meta":{"_acf_changed":false,"inline_featured_image":false,"footnotes":"","_wp_rev_ctl_limit":""},"class_list":["post-1739","page","type-page","status-publish","hentry"],"acf":[],"yoast_head":"<!-- This site is optimized with the Yoast SEO plugin v27.4 - https:\/\/yoast.com\/product\/yoast-seo-wordpress\/ -->\n<title>Informacje og\u00f3lne na temat zbioru - S\u00fcdzucker Polska<\/title>\n<meta name=\"robots\" content=\"index, follow, max-snippet:-1, max-image-preview:large, max-video-preview:-1\" \/>\n<link rel=\"canonical\" href=\"https:\/\/www.suedzucker.pl\/serwis-plantatorski\/agrotechnika\/zbior\/informacje-ogolne-na-temat-zbioru\/\" \/>\n<meta property=\"og:locale\" content=\"en_US\" \/>\n<meta property=\"og:type\" content=\"article\" \/>\n<meta property=\"og:title\" content=\"Informacje og\u00f3lne na temat zbioru - S\u00fcdzucker Polska\" \/>\n<meta property=\"og:description\" content=\"Zbi\u00f3r jest ko\u0144cowym, a zarazem wa\u017cnym i trudnym etapem technologii uprawy buraka cukrowego, w kt\u00f3rym decyduje si\u0119 wielko\u015b\u0107 i jako\u015b\u0107 plonu. Obecnie, kiedy producenci cukru p\u0142ac\u0105 plantatorom za warto\u015b\u0107 technologiczn\u0105...\" \/>\n<meta property=\"og:url\" content=\"https:\/\/www.suedzucker.pl\/serwis-plantatorski\/agrotechnika\/zbior\/informacje-ogolne-na-temat-zbioru\/\" \/>\n<meta property=\"og:site_name\" content=\"S\u00fcdzucker Polska\" \/>\n<meta property=\"article:modified_time\" content=\"2022-02-17T10:41:39+00:00\" \/>\n<meta property=\"og:image\" content=\"https:\/\/www.suedzucker.pl\/wp-content\/uploads\/2020\/07\/prawidlowy-zbior1.gif\" \/>\n<meta name=\"twitter:card\" content=\"summary_large_image\" \/>\n<meta name=\"twitter:label1\" content=\"Est. reading time\" \/>\n\t<meta name=\"twitter:data1\" content=\"5 minutes\" \/>\n<script type=\"application\/ld+json\" class=\"yoast-schema-graph\">{\"@context\":\"https:\\\/\\\/schema.org\",\"@graph\":[{\"@type\":\"WebPage\",\"@id\":\"https:\\\/\\\/www.suedzucker.pl\\\/serwis-plantatorski\\\/agrotechnika\\\/zbior\\\/informacje-ogolne-na-temat-zbioru\\\/\",\"url\":\"https:\\\/\\\/www.suedzucker.pl\\\/serwis-plantatorski\\\/agrotechnika\\\/zbior\\\/informacje-ogolne-na-temat-zbioru\\\/\",\"name\":\"Informacje og\u00f3lne na temat zbioru - S\u00fcdzucker Polska\",\"isPartOf\":{\"@id\":\"https:\\\/\\\/www.suedzucker.pl\\\/en\\\/#website\"},\"primaryImageOfPage\":{\"@id\":\"https:\\\/\\\/www.suedzucker.pl\\\/serwis-plantatorski\\\/agrotechnika\\\/zbior\\\/informacje-ogolne-na-temat-zbioru\\\/#primaryimage\"},\"image\":{\"@id\":\"https:\\\/\\\/www.suedzucker.pl\\\/serwis-plantatorski\\\/agrotechnika\\\/zbior\\\/informacje-ogolne-na-temat-zbioru\\\/#primaryimage\"},\"thumbnailUrl\":\"https:\\\/\\\/www.suedzucker.pl\\\/wp-content\\\/uploads\\\/2020\\\/07\\\/prawidlowy-zbior1.gif\",\"datePublished\":\"2020-07-17T09:39:12+00:00\",\"dateModified\":\"2022-02-17T10:41:39+00:00\",\"breadcrumb\":{\"@id\":\"https:\\\/\\\/www.suedzucker.pl\\\/serwis-plantatorski\\\/agrotechnika\\\/zbior\\\/informacje-ogolne-na-temat-zbioru\\\/#breadcrumb\"},\"inLanguage\":\"en-US\",\"potentialAction\":[{\"@type\":\"ReadAction\",\"target\":[\"https:\\\/\\\/www.suedzucker.pl\\\/serwis-plantatorski\\\/agrotechnika\\\/zbior\\\/informacje-ogolne-na-temat-zbioru\\\/\"]}]},{\"@type\":\"ImageObject\",\"inLanguage\":\"en-US\",\"@id\":\"https:\\\/\\\/www.suedzucker.pl\\\/serwis-plantatorski\\\/agrotechnika\\\/zbior\\\/informacje-ogolne-na-temat-zbioru\\\/#primaryimage\",\"url\":\"https:\\\/\\\/www.suedzucker.pl\\\/wp-content\\\/uploads\\\/2020\\\/07\\\/prawidlowy-zbior1.gif\",\"contentUrl\":\"https:\\\/\\\/www.suedzucker.pl\\\/wp-content\\\/uploads\\\/2020\\\/07\\\/prawidlowy-zbior1.gif\"},{\"@type\":\"BreadcrumbList\",\"@id\":\"https:\\\/\\\/www.suedzucker.pl\\\/serwis-plantatorski\\\/agrotechnika\\\/zbior\\\/informacje-ogolne-na-temat-zbioru\\\/#breadcrumb\",\"itemListElement\":[{\"@type\":\"ListItem\",\"position\":1,\"name\":\"Home page\",\"item\":\"https:\\\/\\\/www.suedzucker.pl\\\/en\\\/serwis-plantatorski\\\/\"},{\"@type\":\"ListItem\",\"position\":2,\"name\":\"Agrotechnika\",\"item\":\"https:\\\/\\\/www.suedzucker.pl\\\/serwis-plantatorski\\\/agrotechnika\\\/\"},{\"@type\":\"ListItem\",\"position\":3,\"name\":\"Zbi\u00f3r\",\"item\":\"https:\\\/\\\/www.suedzucker.pl\\\/serwis-plantatorski\\\/agrotechnika\\\/zbior\\\/\"},{\"@type\":\"ListItem\",\"position\":4,\"name\":\"Informacje og\u00f3lne na temat zbioru\"}]},{\"@type\":\"WebSite\",\"@id\":\"https:\\\/\\\/www.suedzucker.pl\\\/en\\\/#website\",\"url\":\"https:\\\/\\\/www.suedzucker.pl\\\/en\\\/\",\"name\":\"S\u00fcdzucker Polska\",\"description\":\"Jeste\u015bmy wiod\u0105cym producentem cukru w Polsce\",\"potentialAction\":[{\"@type\":\"SearchAction\",\"target\":{\"@type\":\"EntryPoint\",\"urlTemplate\":\"https:\\\/\\\/www.suedzucker.pl\\\/en\\\/?s={search_term_string}\"},\"query-input\":{\"@type\":\"PropertyValueSpecification\",\"valueRequired\":true,\"valueName\":\"search_term_string\"}}],\"inLanguage\":\"en-US\"}]}<\/script>\n<!-- \/ Yoast SEO plugin. -->","yoast_head_json":{"title":"Informacje og\u00f3lne na temat zbioru - S\u00fcdzucker Polska","robots":{"index":"index","follow":"follow","max-snippet":"max-snippet:-1","max-image-preview":"max-image-preview:large","max-video-preview":"max-video-preview:-1"},"canonical":"https:\/\/www.suedzucker.pl\/serwis-plantatorski\/agrotechnika\/zbior\/informacje-ogolne-na-temat-zbioru\/","og_locale":"en_US","og_type":"article","og_title":"Informacje og\u00f3lne na temat zbioru - S\u00fcdzucker Polska","og_description":"Zbi\u00f3r jest ko\u0144cowym, a zarazem wa\u017cnym i trudnym etapem technologii uprawy buraka cukrowego, w kt\u00f3rym decyduje si\u0119 wielko\u015b\u0107 i jako\u015b\u0107 plonu. Obecnie, kiedy producenci cukru p\u0142ac\u0105 plantatorom za warto\u015b\u0107 technologiczn\u0105...","og_url":"https:\/\/www.suedzucker.pl\/serwis-plantatorski\/agrotechnika\/zbior\/informacje-ogolne-na-temat-zbioru\/","og_site_name":"S\u00fcdzucker Polska","article_modified_time":"2022-02-17T10:41:39+00:00","og_image":[{"url":"https:\/\/www.suedzucker.pl\/wp-content\/uploads\/2020\/07\/prawidlowy-zbior1.gif","type":"","width":"","height":""}],"twitter_card":"summary_large_image","twitter_misc":{"Est. reading time":"5 minutes"},"schema":{"@context":"https:\/\/schema.org","@graph":[{"@type":"WebPage","@id":"https:\/\/www.suedzucker.pl\/serwis-plantatorski\/agrotechnika\/zbior\/informacje-ogolne-na-temat-zbioru\/","url":"https:\/\/www.suedzucker.pl\/serwis-plantatorski\/agrotechnika\/zbior\/informacje-ogolne-na-temat-zbioru\/","name":"Informacje og\u00f3lne na temat zbioru - S\u00fcdzucker Polska","isPartOf":{"@id":"https:\/\/www.suedzucker.pl\/en\/#website"},"primaryImageOfPage":{"@id":"https:\/\/www.suedzucker.pl\/serwis-plantatorski\/agrotechnika\/zbior\/informacje-ogolne-na-temat-zbioru\/#primaryimage"},"image":{"@id":"https:\/\/www.suedzucker.pl\/serwis-plantatorski\/agrotechnika\/zbior\/informacje-ogolne-na-temat-zbioru\/#primaryimage"},"thumbnailUrl":"https:\/\/www.suedzucker.pl\/wp-content\/uploads\/2020\/07\/prawidlowy-zbior1.gif","datePublished":"2020-07-17T09:39:12+00:00","dateModified":"2022-02-17T10:41:39+00:00","breadcrumb":{"@id":"https:\/\/www.suedzucker.pl\/serwis-plantatorski\/agrotechnika\/zbior\/informacje-ogolne-na-temat-zbioru\/#breadcrumb"},"inLanguage":"en-US","potentialAction":[{"@type":"ReadAction","target":["https:\/\/www.suedzucker.pl\/serwis-plantatorski\/agrotechnika\/zbior\/informacje-ogolne-na-temat-zbioru\/"]}]},{"@type":"ImageObject","inLanguage":"en-US","@id":"https:\/\/www.suedzucker.pl\/serwis-plantatorski\/agrotechnika\/zbior\/informacje-ogolne-na-temat-zbioru\/#primaryimage","url":"https:\/\/www.suedzucker.pl\/wp-content\/uploads\/2020\/07\/prawidlowy-zbior1.gif","contentUrl":"https:\/\/www.suedzucker.pl\/wp-content\/uploads\/2020\/07\/prawidlowy-zbior1.gif"},{"@type":"BreadcrumbList","@id":"https:\/\/www.suedzucker.pl\/serwis-plantatorski\/agrotechnika\/zbior\/informacje-ogolne-na-temat-zbioru\/#breadcrumb","itemListElement":[{"@type":"ListItem","position":1,"name":"Home page","item":"https:\/\/www.suedzucker.pl\/en\/serwis-plantatorski\/"},{"@type":"ListItem","position":2,"name":"Agrotechnika","item":"https:\/\/www.suedzucker.pl\/serwis-plantatorski\/agrotechnika\/"},{"@type":"ListItem","position":3,"name":"Zbi\u00f3r","item":"https:\/\/www.suedzucker.pl\/serwis-plantatorski\/agrotechnika\/zbior\/"},{"@type":"ListItem","position":4,"name":"Informacje og\u00f3lne na temat zbioru"}]},{"@type":"WebSite","@id":"https:\/\/www.suedzucker.pl\/en\/#website","url":"https:\/\/www.suedzucker.pl\/en\/","name":"S\u00fcdzucker Polska","description":"Jeste\u015bmy wiod\u0105cym producentem cukru w Polsce","potentialAction":[{"@type":"SearchAction","target":{"@type":"EntryPoint","urlTemplate":"https:\/\/www.suedzucker.pl\/en\/?s={search_term_string}"},"query-input":{"@type":"PropertyValueSpecification","valueRequired":true,"valueName":"search_term_string"}}],"inLanguage":"en-US"}]}},"_links":{"self":[{"href":"https:\/\/www.suedzucker.pl\/en\/wp-json\/wp\/v2\/pages\/1739","targetHints":{"allow":["GET"]}}],"collection":[{"href":"https:\/\/www.suedzucker.pl\/en\/wp-json\/wp\/v2\/pages"}],"about":[{"href":"https:\/\/www.suedzucker.pl\/en\/wp-json\/wp\/v2\/types\/page"}],"author":[{"embeddable":true,"href":"https:\/\/www.suedzucker.pl\/en\/wp-json\/wp\/v2\/users\/3"}],"replies":[{"embeddable":true,"href":"https:\/\/www.suedzucker.pl\/en\/wp-json\/wp\/v2\/comments?post=1739"}],"version-history":[{"count":1,"href":"https:\/\/www.suedzucker.pl\/en\/wp-json\/wp\/v2\/pages\/1739\/revisions"}],"predecessor-version":[{"id":16781,"href":"https:\/\/www.suedzucker.pl\/en\/wp-json\/wp\/v2\/pages\/1739\/revisions\/16781"}],"up":[{"embeddable":true,"href":"https:\/\/www.suedzucker.pl\/en\/wp-json\/wp\/v2\/pages\/1714"}],"wp:attachment":[{"href":"https:\/\/www.suedzucker.pl\/en\/wp-json\/wp\/v2\/media?parent=1739"}],"curies":[{"name":"wp","href":"https:\/\/api.w.org\/{rel}","templated":true}]}}