{"id":17770,"date":"2022-07-04T12:43:34","date_gmt":"2022-07-04T10:43:34","guid":{"rendered":"https:\/\/www.suedzucker.pl\/?page_id=17770"},"modified":"2022-07-04T12:51:42","modified_gmt":"2022-07-04T10:51:42","slug":"herbicydowe-2022","status":"publish","type":"page","link":"https:\/\/www.suedzucker.pl\/en\/serwis-plantatorski\/doswiadczenia\/wyniki-doswiadczen-2022\/herbicydowe-2022\/","title":{"rendered":"Herbicydowe 2022"},"content":{"rendered":"\n<h4 class=\"wp-block-heading\">Terminy aplikacji zabieg\u00f3w na poszczeg\u00f3lnych wariantach<\/h4>\n\n\n<div class=\"wp-block-image\">\n<figure class=\"aligncenter size-large\"><a href=\"https:\/\/www.suedzucker.pl\/wp-content\/uploads\/2022\/07\/Terminy.png\"><img loading=\"lazy\" decoding=\"async\" width=\"1024\" height=\"516\" src=\"https:\/\/www.suedzucker.pl\/wp-content\/uploads\/2022\/07\/Terminy-1024x516.png\" alt=\"\" class=\"wp-image-17773\" srcset=\"https:\/\/www.suedzucker.pl\/wp-content\/uploads\/2022\/07\/Terminy-1024x516.png 1024w, https:\/\/www.suedzucker.pl\/wp-content\/uploads\/2022\/07\/Terminy-300x151.png 300w, https:\/\/www.suedzucker.pl\/wp-content\/uploads\/2022\/07\/Terminy-768x387.png 768w, https:\/\/www.suedzucker.pl\/wp-content\/uploads\/2022\/07\/Terminy-500x252.png 500w, https:\/\/www.suedzucker.pl\/wp-content\/uploads\/2022\/07\/Terminy.png 1259w\" sizes=\"auto, (max-width: 1024px) 100vw, 1024px\" \/><\/a><\/figure>\n<\/div>\n\n\n<h4 class=\"wp-block-heading\">Warianty ochrony herbicydowej 2022<\/h4>\n\n\n<div class=\"wp-block-image\">\n<figure class=\"aligncenter size-large\"><a href=\"https:\/\/www.suedzucker.pl\/wp-content\/uploads\/2022\/07\/Warianty.png\"><img loading=\"lazy\" decoding=\"async\" width=\"1024\" height=\"398\" src=\"https:\/\/www.suedzucker.pl\/wp-content\/uploads\/2022\/07\/Warianty-1024x398.png\" alt=\"\" class=\"wp-image-17774\" srcset=\"https:\/\/www.suedzucker.pl\/wp-content\/uploads\/2022\/07\/Warianty-1024x398.png 1024w, https:\/\/www.suedzucker.pl\/wp-content\/uploads\/2022\/07\/Warianty-300x117.png 300w, https:\/\/www.suedzucker.pl\/wp-content\/uploads\/2022\/07\/Warianty-768x299.png 768w, https:\/\/www.suedzucker.pl\/wp-content\/uploads\/2022\/07\/Warianty-500x194.png 500w, https:\/\/www.suedzucker.pl\/wp-content\/uploads\/2022\/07\/Warianty.png 1360w\" sizes=\"auto, (max-width: 1024px) 100vw, 1024px\" \/><\/a><\/figure>\n<\/div>\n\n\n<h4 class=\"wp-block-heading\">Warianty ochrony hybrydowej (herbicydy-mechanicznie-herbicydy) 2022<\/h4>\n\n\n<div class=\"wp-block-image\">\n<figure class=\"aligncenter size-large\"><a href=\"https:\/\/www.suedzucker.pl\/wp-content\/uploads\/2022\/07\/Warianty-2.png\"><img loading=\"lazy\" decoding=\"async\" width=\"1024\" height=\"369\" src=\"https:\/\/www.suedzucker.pl\/wp-content\/uploads\/2022\/07\/Warianty-2-1024x369.png\" alt=\"\" class=\"wp-image-17775\" srcset=\"https:\/\/www.suedzucker.pl\/wp-content\/uploads\/2022\/07\/Warianty-2-1024x369.png 1024w, https:\/\/www.suedzucker.pl\/wp-content\/uploads\/2022\/07\/Warianty-2-300x108.png 300w, https:\/\/www.suedzucker.pl\/wp-content\/uploads\/2022\/07\/Warianty-2-768x277.png 768w, https:\/\/www.suedzucker.pl\/wp-content\/uploads\/2022\/07\/Warianty-2-500x180.png 500w, https:\/\/www.suedzucker.pl\/wp-content\/uploads\/2022\/07\/Warianty-2.png 1340w\" sizes=\"auto, (max-width: 1024px) 100vw, 1024px\" \/><\/a><\/figure>\n<\/div>\n\n\n<h4 class=\"wp-block-heading\">Warianty ochrony ECO (mechanicznie) 2022<\/h4>\n\n\n<div class=\"wp-block-image\">\n<figure class=\"aligncenter size-large\"><a href=\"https:\/\/www.suedzucker.pl\/wp-content\/uploads\/2022\/07\/Warianty-eco.png\"><img loading=\"lazy\" decoding=\"async\" width=\"1024\" height=\"207\" src=\"https:\/\/www.suedzucker.pl\/wp-content\/uploads\/2022\/07\/Warianty-eco-1024x207.png\" alt=\"\" class=\"wp-image-17776\" srcset=\"https:\/\/www.suedzucker.pl\/wp-content\/uploads\/2022\/07\/Warianty-eco-1024x207.png 1024w, https:\/\/www.suedzucker.pl\/wp-content\/uploads\/2022\/07\/Warianty-eco-300x61.png 300w, https:\/\/www.suedzucker.pl\/wp-content\/uploads\/2022\/07\/Warianty-eco-768x155.png 768w, https:\/\/www.suedzucker.pl\/wp-content\/uploads\/2022\/07\/Warianty-eco-500x101.png 500w, https:\/\/www.suedzucker.pl\/wp-content\/uploads\/2022\/07\/Warianty-eco.png 1359w\" sizes=\"auto, (max-width: 1024px) 100vw, 1024px\" \/><\/a><\/figure>\n<\/div>","protected":false},"excerpt":{"rendered":"<p>Terminy aplikacji zabieg\u00f3w na poszczeg\u00f3lnych wariantach Warianty ochrony herbicydowej 2022 Warianty ochrony hybrydowej (herbicydy-mechanicznie-herbicydy) 2022 Warianty ochrony ECO (mechanicznie) 2022<\/p>\n","protected":false},"author":4,"featured_media":0,"parent":17181,"menu_order":3,"comment_status":"closed","ping_status":"closed","template":"","meta":{"_acf_changed":false,"inline_featured_image":false,"footnotes":"","_wp_rev_ctl_limit":""},"class_list":["post-17770","page","type-page","status-publish","hentry"],"acf":[],"yoast_head":"<!-- This site is optimized with the Yoast SEO plugin v27.3 - https:\/\/yoast.com\/product\/yoast-seo-wordpress\/ -->\n<title>Herbicydowe 2022 - S\u00fcdzucker Polska<\/title>\n<meta name=\"robots\" content=\"index, follow, max-snippet:-1, max-image-preview:large, max-video-preview:-1\" \/>\n<link rel=\"canonical\" href=\"https:\/\/www.suedzucker.pl\/serwis-plantatorski\/doswiadczenia\/wyniki-doswiadczen-2022\/herbicydowe-2022\/\" \/>\n<meta property=\"og:locale\" content=\"en_US\" \/>\n<meta property=\"og:type\" content=\"article\" \/>\n<meta property=\"og:title\" content=\"Herbicydowe 2022 - S\u00fcdzucker Polska\" \/>\n<meta property=\"og:description\" content=\"Terminy aplikacji zabieg\u00f3w na poszczeg\u00f3lnych wariantach Warianty ochrony herbicydowej 2022 Warianty ochrony hybrydowej (herbicydy-mechanicznie-herbicydy) 2022 Warianty ochrony ECO (mechanicznie) 2022\" \/>\n<meta property=\"og:url\" content=\"https:\/\/www.suedzucker.pl\/serwis-plantatorski\/doswiadczenia\/wyniki-doswiadczen-2022\/herbicydowe-2022\/\" \/>\n<meta property=\"og:site_name\" content=\"S\u00fcdzucker Polska\" \/>\n<meta property=\"article:modified_time\" content=\"2022-07-04T10:51:42+00:00\" \/>\n<meta property=\"og:image\" content=\"https:\/\/www.suedzucker.pl\/wp-content\/uploads\/2022\/07\/Terminy-1024x516.png\" \/>\n<meta name=\"twitter:card\" content=\"summary_large_image\" \/>\n<meta name=\"twitter:label1\" content=\"Est. reading time\" \/>\n\t<meta name=\"twitter:data1\" content=\"1 minute\" \/>\n<script type=\"application\/ld+json\" class=\"yoast-schema-graph\">{\"@context\":\"https:\\\/\\\/schema.org\",\"@graph\":[{\"@type\":\"WebPage\",\"@id\":\"https:\\\/\\\/www.suedzucker.pl\\\/serwis-plantatorski\\\/doswiadczenia\\\/wyniki-doswiadczen-2022\\\/herbicydowe-2022\\\/\",\"url\":\"https:\\\/\\\/www.suedzucker.pl\\\/serwis-plantatorski\\\/doswiadczenia\\\/wyniki-doswiadczen-2022\\\/herbicydowe-2022\\\/\",\"name\":\"Herbicydowe 2022 - S\u00fcdzucker Polska\",\"isPartOf\":{\"@id\":\"https:\\\/\\\/www.suedzucker.pl\\\/en\\\/#website\"},\"primaryImageOfPage\":{\"@id\":\"https:\\\/\\\/www.suedzucker.pl\\\/serwis-plantatorski\\\/doswiadczenia\\\/wyniki-doswiadczen-2022\\\/herbicydowe-2022\\\/#primaryimage\"},\"image\":{\"@id\":\"https:\\\/\\\/www.suedzucker.pl\\\/serwis-plantatorski\\\/doswiadczenia\\\/wyniki-doswiadczen-2022\\\/herbicydowe-2022\\\/#primaryimage\"},\"thumbnailUrl\":\"https:\\\/\\\/www.suedzucker.pl\\\/wp-content\\\/uploads\\\/2022\\\/07\\\/Terminy-1024x516.png\",\"datePublished\":\"2022-07-04T10:43:34+00:00\",\"dateModified\":\"2022-07-04T10:51:42+00:00\",\"breadcrumb\":{\"@id\":\"https:\\\/\\\/www.suedzucker.pl\\\/serwis-plantatorski\\\/doswiadczenia\\\/wyniki-doswiadczen-2022\\\/herbicydowe-2022\\\/#breadcrumb\"},\"inLanguage\":\"en-US\",\"potentialAction\":[{\"@type\":\"ReadAction\",\"target\":[\"https:\\\/\\\/www.suedzucker.pl\\\/serwis-plantatorski\\\/doswiadczenia\\\/wyniki-doswiadczen-2022\\\/herbicydowe-2022\\\/\"]}]},{\"@type\":\"ImageObject\",\"inLanguage\":\"en-US\",\"@id\":\"https:\\\/\\\/www.suedzucker.pl\\\/serwis-plantatorski\\\/doswiadczenia\\\/wyniki-doswiadczen-2022\\\/herbicydowe-2022\\\/#primaryimage\",\"url\":\"https:\\\/\\\/www.suedzucker.pl\\\/wp-content\\\/uploads\\\/2022\\\/07\\\/Terminy-1024x516.png\",\"contentUrl\":\"https:\\\/\\\/www.suedzucker.pl\\\/wp-content\\\/uploads\\\/2022\\\/07\\\/Terminy-1024x516.png\"},{\"@type\":\"BreadcrumbList\",\"@id\":\"https:\\\/\\\/www.suedzucker.pl\\\/serwis-plantatorski\\\/doswiadczenia\\\/wyniki-doswiadczen-2022\\\/herbicydowe-2022\\\/#breadcrumb\",\"itemListElement\":[{\"@type\":\"ListItem\",\"position\":1,\"name\":\"Home page\",\"item\":\"https:\\\/\\\/www.suedzucker.pl\\\/en\\\/serwis-plantatorski\\\/\"},{\"@type\":\"ListItem\",\"position\":2,\"name\":\"Do\u015bwiadczenia\",\"item\":\"https:\\\/\\\/www.suedzucker.pl\\\/serwis-plantatorski\\\/doswiadczenia\\\/\"},{\"@type\":\"ListItem\",\"position\":3,\"name\":\"Wyniki do\u015bwiadcze\u0144 2022\",\"item\":\"https:\\\/\\\/www.suedzucker.pl\\\/serwis-plantatorski\\\/doswiadczenia\\\/wyniki-doswiadczen-2022\\\/\"},{\"@type\":\"ListItem\",\"position\":4,\"name\":\"Herbicydowe 2022\"}]},{\"@type\":\"WebSite\",\"@id\":\"https:\\\/\\\/www.suedzucker.pl\\\/en\\\/#website\",\"url\":\"https:\\\/\\\/www.suedzucker.pl\\\/en\\\/\",\"name\":\"S\u00fcdzucker Polska\",\"description\":\"Jeste\u015bmy wiod\u0105cym producentem cukru w Polsce\",\"potentialAction\":[{\"@type\":\"SearchAction\",\"target\":{\"@type\":\"EntryPoint\",\"urlTemplate\":\"https:\\\/\\\/www.suedzucker.pl\\\/en\\\/?s={search_term_string}\"},\"query-input\":{\"@type\":\"PropertyValueSpecification\",\"valueRequired\":true,\"valueName\":\"search_term_string\"}}],\"inLanguage\":\"en-US\"}]}<\/script>\n<!-- \/ Yoast SEO plugin. -->","yoast_head_json":{"title":"Herbicydowe 2022 - S\u00fcdzucker Polska","robots":{"index":"index","follow":"follow","max-snippet":"max-snippet:-1","max-image-preview":"max-image-preview:large","max-video-preview":"max-video-preview:-1"},"canonical":"https:\/\/www.suedzucker.pl\/serwis-plantatorski\/doswiadczenia\/wyniki-doswiadczen-2022\/herbicydowe-2022\/","og_locale":"en_US","og_type":"article","og_title":"Herbicydowe 2022 - S\u00fcdzucker Polska","og_description":"Terminy aplikacji zabieg\u00f3w na poszczeg\u00f3lnych wariantach Warianty ochrony herbicydowej 2022 Warianty ochrony hybrydowej (herbicydy-mechanicznie-herbicydy) 2022 Warianty ochrony ECO (mechanicznie) 2022","og_url":"https:\/\/www.suedzucker.pl\/serwis-plantatorski\/doswiadczenia\/wyniki-doswiadczen-2022\/herbicydowe-2022\/","og_site_name":"S\u00fcdzucker Polska","article_modified_time":"2022-07-04T10:51:42+00:00","og_image":[{"url":"https:\/\/www.suedzucker.pl\/wp-content\/uploads\/2022\/07\/Terminy-1024x516.png","type":"","width":"","height":""}],"twitter_card":"summary_large_image","twitter_misc":{"Est. reading time":"1 minute"},"schema":{"@context":"https:\/\/schema.org","@graph":[{"@type":"WebPage","@id":"https:\/\/www.suedzucker.pl\/serwis-plantatorski\/doswiadczenia\/wyniki-doswiadczen-2022\/herbicydowe-2022\/","url":"https:\/\/www.suedzucker.pl\/serwis-plantatorski\/doswiadczenia\/wyniki-doswiadczen-2022\/herbicydowe-2022\/","name":"Herbicydowe 2022 - S\u00fcdzucker Polska","isPartOf":{"@id":"https:\/\/www.suedzucker.pl\/en\/#website"},"primaryImageOfPage":{"@id":"https:\/\/www.suedzucker.pl\/serwis-plantatorski\/doswiadczenia\/wyniki-doswiadczen-2022\/herbicydowe-2022\/#primaryimage"},"image":{"@id":"https:\/\/www.suedzucker.pl\/serwis-plantatorski\/doswiadczenia\/wyniki-doswiadczen-2022\/herbicydowe-2022\/#primaryimage"},"thumbnailUrl":"https:\/\/www.suedzucker.pl\/wp-content\/uploads\/2022\/07\/Terminy-1024x516.png","datePublished":"2022-07-04T10:43:34+00:00","dateModified":"2022-07-04T10:51:42+00:00","breadcrumb":{"@id":"https:\/\/www.suedzucker.pl\/serwis-plantatorski\/doswiadczenia\/wyniki-doswiadczen-2022\/herbicydowe-2022\/#breadcrumb"},"inLanguage":"en-US","potentialAction":[{"@type":"ReadAction","target":["https:\/\/www.suedzucker.pl\/serwis-plantatorski\/doswiadczenia\/wyniki-doswiadczen-2022\/herbicydowe-2022\/"]}]},{"@type":"ImageObject","inLanguage":"en-US","@id":"https:\/\/www.suedzucker.pl\/serwis-plantatorski\/doswiadczenia\/wyniki-doswiadczen-2022\/herbicydowe-2022\/#primaryimage","url":"https:\/\/www.suedzucker.pl\/wp-content\/uploads\/2022\/07\/Terminy-1024x516.png","contentUrl":"https:\/\/www.suedzucker.pl\/wp-content\/uploads\/2022\/07\/Terminy-1024x516.png"},{"@type":"BreadcrumbList","@id":"https:\/\/www.suedzucker.pl\/serwis-plantatorski\/doswiadczenia\/wyniki-doswiadczen-2022\/herbicydowe-2022\/#breadcrumb","itemListElement":[{"@type":"ListItem","position":1,"name":"Home page","item":"https:\/\/www.suedzucker.pl\/en\/serwis-plantatorski\/"},{"@type":"ListItem","position":2,"name":"Do\u015bwiadczenia","item":"https:\/\/www.suedzucker.pl\/serwis-plantatorski\/doswiadczenia\/"},{"@type":"ListItem","position":3,"name":"Wyniki do\u015bwiadcze\u0144 2022","item":"https:\/\/www.suedzucker.pl\/serwis-plantatorski\/doswiadczenia\/wyniki-doswiadczen-2022\/"},{"@type":"ListItem","position":4,"name":"Herbicydowe 2022"}]},{"@type":"WebSite","@id":"https:\/\/www.suedzucker.pl\/en\/#website","url":"https:\/\/www.suedzucker.pl\/en\/","name":"S\u00fcdzucker Polska","description":"Jeste\u015bmy wiod\u0105cym producentem cukru w Polsce","potentialAction":[{"@type":"SearchAction","target":{"@type":"EntryPoint","urlTemplate":"https:\/\/www.suedzucker.pl\/en\/?s={search_term_string}"},"query-input":{"@type":"PropertyValueSpecification","valueRequired":true,"valueName":"search_term_string"}}],"inLanguage":"en-US"}]}},"_links":{"self":[{"href":"https:\/\/www.suedzucker.pl\/en\/wp-json\/wp\/v2\/pages\/17770","targetHints":{"allow":["GET"]}}],"collection":[{"href":"https:\/\/www.suedzucker.pl\/en\/wp-json\/wp\/v2\/pages"}],"about":[{"href":"https:\/\/www.suedzucker.pl\/en\/wp-json\/wp\/v2\/types\/page"}],"author":[{"embeddable":true,"href":"https:\/\/www.suedzucker.pl\/en\/wp-json\/wp\/v2\/users\/4"}],"replies":[{"embeddable":true,"href":"https:\/\/www.suedzucker.pl\/en\/wp-json\/wp\/v2\/comments?post=17770"}],"version-history":[{"count":2,"href":"https:\/\/www.suedzucker.pl\/en\/wp-json\/wp\/v2\/pages\/17770\/revisions"}],"predecessor-version":[{"id":17777,"href":"https:\/\/www.suedzucker.pl\/en\/wp-json\/wp\/v2\/pages\/17770\/revisions\/17777"}],"up":[{"embeddable":true,"href":"https:\/\/www.suedzucker.pl\/en\/wp-json\/wp\/v2\/pages\/17181"}],"wp:attachment":[{"href":"https:\/\/www.suedzucker.pl\/en\/wp-json\/wp\/v2\/media?parent=17770"}],"curies":[{"name":"wp","href":"https:\/\/api.w.org\/{rel}","templated":true}]}}