{"id":18778,"date":"2022-11-28T09:49:41","date_gmt":"2022-11-28T08:49:41","guid":{"rendered":"https:\/\/www.suedzucker.pl\/?page_id=18778"},"modified":"2022-11-28T09:57:26","modified_gmt":"2022-11-28T08:57:26","slug":"nawozowe-2022","status":"publish","type":"page","link":"https:\/\/www.suedzucker.pl\/en\/serwis-plantatorski\/doswiadczenia\/wyniki-doswiadczen-2022\/nawozowe-2022\/","title":{"rendered":"Nawozowe 2022"},"content":{"rendered":"\n<h4 class=\"wp-block-heading\">Technologiczny Plon Cukru \u2013 Do\u015bwiadczenia nawozowe NPK &#8211;\u00a0 \u015brednia dwie lokalizacje (Buszkowice, Ozorzyce) 2022<\/h4>\n\n\n<div class=\"wp-block-image\">\n<figure class=\"aligncenter size-large\"><a href=\"https:\/\/www.suedzucker.pl\/wp-content\/uploads\/2022\/11\/1.-Plon-cukru.png\"><img loading=\"lazy\" decoding=\"async\" width=\"1024\" height=\"429\" src=\"https:\/\/www.suedzucker.pl\/wp-content\/uploads\/2022\/11\/1.-Plon-cukru-1024x429.png\" alt=\"\" class=\"wp-image-18780\" srcset=\"https:\/\/www.suedzucker.pl\/wp-content\/uploads\/2022\/11\/1.-Plon-cukru-1024x429.png 1024w, https:\/\/www.suedzucker.pl\/wp-content\/uploads\/2022\/11\/1.-Plon-cukru-300x126.png 300w, https:\/\/www.suedzucker.pl\/wp-content\/uploads\/2022\/11\/1.-Plon-cukru-768x322.png 768w, https:\/\/www.suedzucker.pl\/wp-content\/uploads\/2022\/11\/1.-Plon-cukru-500x209.png 500w, https:\/\/www.suedzucker.pl\/wp-content\/uploads\/2022\/11\/1.-Plon-cukru.png 1282w\" sizes=\"auto, (max-width: 1024px) 100vw, 1024px\" \/><\/a><\/figure>\n<\/div>\n\n\n<h4 class=\"wp-block-heading\">Plon Korzeni \u2013 Do\u015bwiadczenia nawozowe NPK &#8211;\u00a0 \u015brednia dwie lokalizacje (Buszkowice, Ozorzyce) 2022<\/h4>\n\n\n<div class=\"wp-block-image\">\n<figure class=\"aligncenter size-large\"><a href=\"https:\/\/www.suedzucker.pl\/wp-content\/uploads\/2022\/11\/2.-Plon-korzeni.png\"><img loading=\"lazy\" decoding=\"async\" width=\"1024\" height=\"393\" src=\"https:\/\/www.suedzucker.pl\/wp-content\/uploads\/2022\/11\/2.-Plon-korzeni-1024x393.png\" alt=\"\" class=\"wp-image-18782\" srcset=\"https:\/\/www.suedzucker.pl\/wp-content\/uploads\/2022\/11\/2.-Plon-korzeni-1024x393.png 1024w, https:\/\/www.suedzucker.pl\/wp-content\/uploads\/2022\/11\/2.-Plon-korzeni-300x115.png 300w, https:\/\/www.suedzucker.pl\/wp-content\/uploads\/2022\/11\/2.-Plon-korzeni-768x295.png 768w, https:\/\/www.suedzucker.pl\/wp-content\/uploads\/2022\/11\/2.-Plon-korzeni-500x192.png 500w, https:\/\/www.suedzucker.pl\/wp-content\/uploads\/2022\/11\/2.-Plon-korzeni.png 1296w\" sizes=\"auto, (max-width: 1024px) 100vw, 1024px\" \/><\/a><\/figure>\n<\/div>\n\n\n<h4 class=\"wp-block-heading\">Polaryzacja \u2013 Do\u015bwiadczenia nawozowe NPK &#8211;\u00a0 \u015brednia dwie lokalizacje (Buszkowice, Ozorzyce) 2022<\/h4>\n\n\n<div class=\"wp-block-image\">\n<figure class=\"aligncenter size-large\"><a href=\"https:\/\/www.suedzucker.pl\/wp-content\/uploads\/2022\/11\/3.-Polaryzacja.png\"><img loading=\"lazy\" decoding=\"async\" width=\"1024\" height=\"402\" src=\"https:\/\/www.suedzucker.pl\/wp-content\/uploads\/2022\/11\/3.-Polaryzacja-1024x402.png\" alt=\"\" class=\"wp-image-18783\" srcset=\"https:\/\/www.suedzucker.pl\/wp-content\/uploads\/2022\/11\/3.-Polaryzacja-1024x402.png 1024w, https:\/\/www.suedzucker.pl\/wp-content\/uploads\/2022\/11\/3.-Polaryzacja-300x118.png 300w, https:\/\/www.suedzucker.pl\/wp-content\/uploads\/2022\/11\/3.-Polaryzacja-768x301.png 768w, https:\/\/www.suedzucker.pl\/wp-content\/uploads\/2022\/11\/3.-Polaryzacja-500x196.png 500w, https:\/\/www.suedzucker.pl\/wp-content\/uploads\/2022\/11\/3.-Polaryzacja.png 1289w\" sizes=\"auto, (max-width: 1024px) 100vw, 1024px\" \/><\/a><\/figure>\n<\/div>\n\n\n<h4 class=\"wp-block-heading\">Zawarto\u015b\u0107 azotu \u03b1-aminowego\u00a0 \u2013 Do\u015bwiadczenia nawozowe NPK &#8211;\u00a0 \u015brednia dwie lokalizacje (Buszkowice, Ozorzyce) 2022<\/h4>\n\n\n<div class=\"wp-block-image\">\n<figure class=\"aligncenter size-large\"><a href=\"https:\/\/www.suedzucker.pl\/wp-content\/uploads\/2022\/11\/4.-melasotwory.png\"><img loading=\"lazy\" decoding=\"async\" width=\"1024\" height=\"417\" src=\"https:\/\/www.suedzucker.pl\/wp-content\/uploads\/2022\/11\/4.-melasotwory-1024x417.png\" alt=\"\" class=\"wp-image-18784\" srcset=\"https:\/\/www.suedzucker.pl\/wp-content\/uploads\/2022\/11\/4.-melasotwory-1024x417.png 1024w, https:\/\/www.suedzucker.pl\/wp-content\/uploads\/2022\/11\/4.-melasotwory-300x122.png 300w, https:\/\/www.suedzucker.pl\/wp-content\/uploads\/2022\/11\/4.-melasotwory-768x313.png 768w, https:\/\/www.suedzucker.pl\/wp-content\/uploads\/2022\/11\/4.-melasotwory-500x204.png 500w, https:\/\/www.suedzucker.pl\/wp-content\/uploads\/2022\/11\/4.-melasotwory.png 1296w\" sizes=\"auto, (max-width: 1024px) 100vw, 1024px\" \/><\/a><\/figure>\n<\/div>\n\n\n<h4 class=\"wp-block-heading\">Technologiczny Plon Cukru \u2013 Do\u015bwiadczenia nawozowe NPK &#8211;\u00a0 \u015brednia 2021-2022<\/h4>\n\n\n<div class=\"wp-block-image\">\n<figure class=\"aligncenter size-large\"><a href=\"https:\/\/www.suedzucker.pl\/wp-content\/uploads\/2022\/11\/5.-plon-cukru-21_22.png\"><img loading=\"lazy\" decoding=\"async\" width=\"1024\" height=\"393\" src=\"https:\/\/www.suedzucker.pl\/wp-content\/uploads\/2022\/11\/5.-plon-cukru-21_22-1024x393.png\" alt=\"\" class=\"wp-image-18785\" srcset=\"https:\/\/www.suedzucker.pl\/wp-content\/uploads\/2022\/11\/5.-plon-cukru-21_22-1024x393.png 1024w, https:\/\/www.suedzucker.pl\/wp-content\/uploads\/2022\/11\/5.-plon-cukru-21_22-300x115.png 300w, https:\/\/www.suedzucker.pl\/wp-content\/uploads\/2022\/11\/5.-plon-cukru-21_22-768x295.png 768w, https:\/\/www.suedzucker.pl\/wp-content\/uploads\/2022\/11\/5.-plon-cukru-21_22-500x192.png 500w, https:\/\/www.suedzucker.pl\/wp-content\/uploads\/2022\/11\/5.-plon-cukru-21_22.png 1304w\" sizes=\"auto, (max-width: 1024px) 100vw, 1024px\" \/><\/a><\/figure>\n<\/div>\n\n\n<h4 class=\"wp-block-heading\">Plon Korzeni \u2013 Do\u015bwiadczenia nawozowe NPK &#8211;\u00a0 \u015brednia 2021-2022<\/h4>\n\n\n<div class=\"wp-block-image\">\n<figure class=\"aligncenter size-large\"><a href=\"https:\/\/www.suedzucker.pl\/wp-content\/uploads\/2022\/11\/5.-plon-korzeni-21_22.png\"><img loading=\"lazy\" decoding=\"async\" width=\"1024\" height=\"408\" src=\"https:\/\/www.suedzucker.pl\/wp-content\/uploads\/2022\/11\/5.-plon-korzeni-21_22-1024x408.png\" alt=\"\" class=\"wp-image-18786\" srcset=\"https:\/\/www.suedzucker.pl\/wp-content\/uploads\/2022\/11\/5.-plon-korzeni-21_22-1024x408.png 1024w, https:\/\/www.suedzucker.pl\/wp-content\/uploads\/2022\/11\/5.-plon-korzeni-21_22-300x120.png 300w, https:\/\/www.suedzucker.pl\/wp-content\/uploads\/2022\/11\/5.-plon-korzeni-21_22-768x306.png 768w, https:\/\/www.suedzucker.pl\/wp-content\/uploads\/2022\/11\/5.-plon-korzeni-21_22-500x199.png 500w, https:\/\/www.suedzucker.pl\/wp-content\/uploads\/2022\/11\/5.-plon-korzeni-21_22.png 1272w\" sizes=\"auto, (max-width: 1024px) 100vw, 1024px\" \/><\/a><\/figure>\n<\/div>\n\n\n<h4 class=\"wp-block-heading\">Polaryzacja \u2013 Do\u015bwiadczenia nawozowe NPK &#8211;\u00a0 \u015brednia 2021-2022<\/h4>\n\n\n<div class=\"wp-block-image\">\n<figure class=\"aligncenter size-large\"><a href=\"https:\/\/www.suedzucker.pl\/wp-content\/uploads\/2022\/11\/6.-polaryzacja-21_22.png\"><img loading=\"lazy\" decoding=\"async\" width=\"1024\" height=\"411\" src=\"https:\/\/www.suedzucker.pl\/wp-content\/uploads\/2022\/11\/6.-polaryzacja-21_22-1024x411.png\" alt=\"\" class=\"wp-image-18787\" srcset=\"https:\/\/www.suedzucker.pl\/wp-content\/uploads\/2022\/11\/6.-polaryzacja-21_22-1024x411.png 1024w, https:\/\/www.suedzucker.pl\/wp-content\/uploads\/2022\/11\/6.-polaryzacja-21_22-300x120.png 300w, https:\/\/www.suedzucker.pl\/wp-content\/uploads\/2022\/11\/6.-polaryzacja-21_22-768x308.png 768w, https:\/\/www.suedzucker.pl\/wp-content\/uploads\/2022\/11\/6.-polaryzacja-21_22-500x200.png 500w, https:\/\/www.suedzucker.pl\/wp-content\/uploads\/2022\/11\/6.-polaryzacja-21_22.png 1272w\" sizes=\"auto, (max-width: 1024px) 100vw, 1024px\" \/><\/a><\/figure>\n<\/div>\n\n\n<h4 class=\"wp-block-heading\">Zawarto\u015b\u0107 azotu \u03b1-aminowego\u00a0 \u2013 Do\u015bwiadczenia nawozowe NPK &#8211;\u00a0 \u015brednia 2021-2022<\/h4>\n\n\n<div class=\"wp-block-image\">\n<figure class=\"aligncenter size-large\"><a href=\"https:\/\/www.suedzucker.pl\/wp-content\/uploads\/2022\/11\/7.-melasotwory-21_22.png\"><img loading=\"lazy\" decoding=\"async\" width=\"1024\" height=\"385\" src=\"https:\/\/www.suedzucker.pl\/wp-content\/uploads\/2022\/11\/7.-melasotwory-21_22-1024x385.png\" alt=\"\" class=\"wp-image-18788\" srcset=\"https:\/\/www.suedzucker.pl\/wp-content\/uploads\/2022\/11\/7.-melasotwory-21_22-1024x385.png 1024w, https:\/\/www.suedzucker.pl\/wp-content\/uploads\/2022\/11\/7.-melasotwory-21_22-300x113.png 300w, https:\/\/www.suedzucker.pl\/wp-content\/uploads\/2022\/11\/7.-melasotwory-21_22-768x289.png 768w, https:\/\/www.suedzucker.pl\/wp-content\/uploads\/2022\/11\/7.-melasotwory-21_22-500x188.png 500w, https:\/\/www.suedzucker.pl\/wp-content\/uploads\/2022\/11\/7.-melasotwory-21_22.png 1312w\" sizes=\"auto, (max-width: 1024px) 100vw, 1024px\" \/><\/a><\/figure>\n<\/div>","protected":false},"excerpt":{"rendered":"<p>Technologiczny Plon Cukru \u2013 Do\u015bwiadczenia nawozowe NPK &#8211;\u00a0 \u015brednia dwie lokalizacje (Buszkowice, Ozorzyce) 2022 Plon Korzeni \u2013 Do\u015bwiadczenia nawozowe NPK &#8211;\u00a0 \u015brednia dwie lokalizacje (Buszkowice, Ozorzyce) 2022 Polaryzacja \u2013 Do\u015bwiadczenia&#8230;<\/p>\n","protected":false},"author":4,"featured_media":0,"parent":17181,"menu_order":4,"comment_status":"closed","ping_status":"closed","template":"","meta":{"_acf_changed":false,"inline_featured_image":false,"footnotes":"","_wp_rev_ctl_limit":""},"class_list":["post-18778","page","type-page","status-publish","hentry"],"acf":[],"yoast_head":"<!-- This site is optimized with the Yoast SEO plugin v27.3 - https:\/\/yoast.com\/product\/yoast-seo-wordpress\/ -->\n<title>Nawozowe 2022 - S\u00fcdzucker Polska<\/title>\n<meta name=\"robots\" content=\"index, follow, max-snippet:-1, max-image-preview:large, max-video-preview:-1\" \/>\n<link rel=\"canonical\" href=\"https:\/\/www.suedzucker.pl\/serwis-plantatorski\/doswiadczenia\/wyniki-doswiadczen-2022\/nawozowe-2022\/\" \/>\n<meta property=\"og:locale\" content=\"en_US\" \/>\n<meta property=\"og:type\" content=\"article\" \/>\n<meta property=\"og:title\" content=\"Nawozowe 2022 - S\u00fcdzucker Polska\" \/>\n<meta property=\"og:description\" content=\"Technologiczny Plon Cukru \u2013 Do\u015bwiadczenia nawozowe NPK &#8211;\u00a0 \u015brednia dwie lokalizacje (Buszkowice, Ozorzyce) 2022 Plon Korzeni \u2013 Do\u015bwiadczenia nawozowe NPK &#8211;\u00a0 \u015brednia dwie lokalizacje (Buszkowice, Ozorzyce) 2022 Polaryzacja \u2013 Do\u015bwiadczenia...\" \/>\n<meta property=\"og:url\" content=\"https:\/\/www.suedzucker.pl\/serwis-plantatorski\/doswiadczenia\/wyniki-doswiadczen-2022\/nawozowe-2022\/\" \/>\n<meta property=\"og:site_name\" content=\"S\u00fcdzucker Polska\" \/>\n<meta property=\"article:modified_time\" content=\"2022-11-28T08:57:26+00:00\" \/>\n<meta property=\"og:image\" content=\"https:\/\/www.suedzucker.pl\/wp-content\/uploads\/2022\/11\/1.-Plon-cukru-1024x429.png\" \/>\n<meta name=\"twitter:card\" content=\"summary_large_image\" \/>\n<meta name=\"twitter:label1\" content=\"Est. reading time\" \/>\n\t<meta name=\"twitter:data1\" content=\"3 minutes\" \/>\n<script type=\"application\/ld+json\" class=\"yoast-schema-graph\">{\"@context\":\"https:\\\/\\\/schema.org\",\"@graph\":[{\"@type\":\"WebPage\",\"@id\":\"https:\\\/\\\/www.suedzucker.pl\\\/serwis-plantatorski\\\/doswiadczenia\\\/wyniki-doswiadczen-2022\\\/nawozowe-2022\\\/\",\"url\":\"https:\\\/\\\/www.suedzucker.pl\\\/serwis-plantatorski\\\/doswiadczenia\\\/wyniki-doswiadczen-2022\\\/nawozowe-2022\\\/\",\"name\":\"Nawozowe 2022 - S\u00fcdzucker Polska\",\"isPartOf\":{\"@id\":\"https:\\\/\\\/www.suedzucker.pl\\\/en\\\/#website\"},\"primaryImageOfPage\":{\"@id\":\"https:\\\/\\\/www.suedzucker.pl\\\/serwis-plantatorski\\\/doswiadczenia\\\/wyniki-doswiadczen-2022\\\/nawozowe-2022\\\/#primaryimage\"},\"image\":{\"@id\":\"https:\\\/\\\/www.suedzucker.pl\\\/serwis-plantatorski\\\/doswiadczenia\\\/wyniki-doswiadczen-2022\\\/nawozowe-2022\\\/#primaryimage\"},\"thumbnailUrl\":\"https:\\\/\\\/www.suedzucker.pl\\\/wp-content\\\/uploads\\\/2022\\\/11\\\/1.-Plon-cukru-1024x429.png\",\"datePublished\":\"2022-11-28T08:49:41+00:00\",\"dateModified\":\"2022-11-28T08:57:26+00:00\",\"breadcrumb\":{\"@id\":\"https:\\\/\\\/www.suedzucker.pl\\\/serwis-plantatorski\\\/doswiadczenia\\\/wyniki-doswiadczen-2022\\\/nawozowe-2022\\\/#breadcrumb\"},\"inLanguage\":\"en-US\",\"potentialAction\":[{\"@type\":\"ReadAction\",\"target\":[\"https:\\\/\\\/www.suedzucker.pl\\\/serwis-plantatorski\\\/doswiadczenia\\\/wyniki-doswiadczen-2022\\\/nawozowe-2022\\\/\"]}]},{\"@type\":\"ImageObject\",\"inLanguage\":\"en-US\",\"@id\":\"https:\\\/\\\/www.suedzucker.pl\\\/serwis-plantatorski\\\/doswiadczenia\\\/wyniki-doswiadczen-2022\\\/nawozowe-2022\\\/#primaryimage\",\"url\":\"https:\\\/\\\/www.suedzucker.pl\\\/wp-content\\\/uploads\\\/2022\\\/11\\\/1.-Plon-cukru-1024x429.png\",\"contentUrl\":\"https:\\\/\\\/www.suedzucker.pl\\\/wp-content\\\/uploads\\\/2022\\\/11\\\/1.-Plon-cukru-1024x429.png\"},{\"@type\":\"BreadcrumbList\",\"@id\":\"https:\\\/\\\/www.suedzucker.pl\\\/serwis-plantatorski\\\/doswiadczenia\\\/wyniki-doswiadczen-2022\\\/nawozowe-2022\\\/#breadcrumb\",\"itemListElement\":[{\"@type\":\"ListItem\",\"position\":1,\"name\":\"Home page\",\"item\":\"https:\\\/\\\/www.suedzucker.pl\\\/en\\\/serwis-plantatorski\\\/\"},{\"@type\":\"ListItem\",\"position\":2,\"name\":\"Do\u015bwiadczenia\",\"item\":\"https:\\\/\\\/www.suedzucker.pl\\\/serwis-plantatorski\\\/doswiadczenia\\\/\"},{\"@type\":\"ListItem\",\"position\":3,\"name\":\"Wyniki do\u015bwiadcze\u0144 2022\",\"item\":\"https:\\\/\\\/www.suedzucker.pl\\\/serwis-plantatorski\\\/doswiadczenia\\\/wyniki-doswiadczen-2022\\\/\"},{\"@type\":\"ListItem\",\"position\":4,\"name\":\"Nawozowe 2022\"}]},{\"@type\":\"WebSite\",\"@id\":\"https:\\\/\\\/www.suedzucker.pl\\\/en\\\/#website\",\"url\":\"https:\\\/\\\/www.suedzucker.pl\\\/en\\\/\",\"name\":\"S\u00fcdzucker Polska\",\"description\":\"Jeste\u015bmy wiod\u0105cym producentem cukru w Polsce\",\"potentialAction\":[{\"@type\":\"SearchAction\",\"target\":{\"@type\":\"EntryPoint\",\"urlTemplate\":\"https:\\\/\\\/www.suedzucker.pl\\\/en\\\/?s={search_term_string}\"},\"query-input\":{\"@type\":\"PropertyValueSpecification\",\"valueRequired\":true,\"valueName\":\"search_term_string\"}}],\"inLanguage\":\"en-US\"}]}<\/script>\n<!-- \/ Yoast SEO plugin. -->","yoast_head_json":{"title":"Nawozowe 2022 - S\u00fcdzucker Polska","robots":{"index":"index","follow":"follow","max-snippet":"max-snippet:-1","max-image-preview":"max-image-preview:large","max-video-preview":"max-video-preview:-1"},"canonical":"https:\/\/www.suedzucker.pl\/serwis-plantatorski\/doswiadczenia\/wyniki-doswiadczen-2022\/nawozowe-2022\/","og_locale":"en_US","og_type":"article","og_title":"Nawozowe 2022 - S\u00fcdzucker Polska","og_description":"Technologiczny Plon Cukru \u2013 Do\u015bwiadczenia nawozowe NPK &#8211;\u00a0 \u015brednia dwie lokalizacje (Buszkowice, Ozorzyce) 2022 Plon Korzeni \u2013 Do\u015bwiadczenia nawozowe NPK &#8211;\u00a0 \u015brednia dwie lokalizacje (Buszkowice, Ozorzyce) 2022 Polaryzacja \u2013 Do\u015bwiadczenia...","og_url":"https:\/\/www.suedzucker.pl\/serwis-plantatorski\/doswiadczenia\/wyniki-doswiadczen-2022\/nawozowe-2022\/","og_site_name":"S\u00fcdzucker Polska","article_modified_time":"2022-11-28T08:57:26+00:00","og_image":[{"url":"https:\/\/www.suedzucker.pl\/wp-content\/uploads\/2022\/11\/1.-Plon-cukru-1024x429.png","type":"","width":"","height":""}],"twitter_card":"summary_large_image","twitter_misc":{"Est. reading time":"3 minutes"},"schema":{"@context":"https:\/\/schema.org","@graph":[{"@type":"WebPage","@id":"https:\/\/www.suedzucker.pl\/serwis-plantatorski\/doswiadczenia\/wyniki-doswiadczen-2022\/nawozowe-2022\/","url":"https:\/\/www.suedzucker.pl\/serwis-plantatorski\/doswiadczenia\/wyniki-doswiadczen-2022\/nawozowe-2022\/","name":"Nawozowe 2022 - S\u00fcdzucker Polska","isPartOf":{"@id":"https:\/\/www.suedzucker.pl\/en\/#website"},"primaryImageOfPage":{"@id":"https:\/\/www.suedzucker.pl\/serwis-plantatorski\/doswiadczenia\/wyniki-doswiadczen-2022\/nawozowe-2022\/#primaryimage"},"image":{"@id":"https:\/\/www.suedzucker.pl\/serwis-plantatorski\/doswiadczenia\/wyniki-doswiadczen-2022\/nawozowe-2022\/#primaryimage"},"thumbnailUrl":"https:\/\/www.suedzucker.pl\/wp-content\/uploads\/2022\/11\/1.-Plon-cukru-1024x429.png","datePublished":"2022-11-28T08:49:41+00:00","dateModified":"2022-11-28T08:57:26+00:00","breadcrumb":{"@id":"https:\/\/www.suedzucker.pl\/serwis-plantatorski\/doswiadczenia\/wyniki-doswiadczen-2022\/nawozowe-2022\/#breadcrumb"},"inLanguage":"en-US","potentialAction":[{"@type":"ReadAction","target":["https:\/\/www.suedzucker.pl\/serwis-plantatorski\/doswiadczenia\/wyniki-doswiadczen-2022\/nawozowe-2022\/"]}]},{"@type":"ImageObject","inLanguage":"en-US","@id":"https:\/\/www.suedzucker.pl\/serwis-plantatorski\/doswiadczenia\/wyniki-doswiadczen-2022\/nawozowe-2022\/#primaryimage","url":"https:\/\/www.suedzucker.pl\/wp-content\/uploads\/2022\/11\/1.-Plon-cukru-1024x429.png","contentUrl":"https:\/\/www.suedzucker.pl\/wp-content\/uploads\/2022\/11\/1.-Plon-cukru-1024x429.png"},{"@type":"BreadcrumbList","@id":"https:\/\/www.suedzucker.pl\/serwis-plantatorski\/doswiadczenia\/wyniki-doswiadczen-2022\/nawozowe-2022\/#breadcrumb","itemListElement":[{"@type":"ListItem","position":1,"name":"Home page","item":"https:\/\/www.suedzucker.pl\/en\/serwis-plantatorski\/"},{"@type":"ListItem","position":2,"name":"Do\u015bwiadczenia","item":"https:\/\/www.suedzucker.pl\/serwis-plantatorski\/doswiadczenia\/"},{"@type":"ListItem","position":3,"name":"Wyniki do\u015bwiadcze\u0144 2022","item":"https:\/\/www.suedzucker.pl\/serwis-plantatorski\/doswiadczenia\/wyniki-doswiadczen-2022\/"},{"@type":"ListItem","position":4,"name":"Nawozowe 2022"}]},{"@type":"WebSite","@id":"https:\/\/www.suedzucker.pl\/en\/#website","url":"https:\/\/www.suedzucker.pl\/en\/","name":"S\u00fcdzucker Polska","description":"Jeste\u015bmy wiod\u0105cym producentem cukru w Polsce","potentialAction":[{"@type":"SearchAction","target":{"@type":"EntryPoint","urlTemplate":"https:\/\/www.suedzucker.pl\/en\/?s={search_term_string}"},"query-input":{"@type":"PropertyValueSpecification","valueRequired":true,"valueName":"search_term_string"}}],"inLanguage":"en-US"}]}},"_links":{"self":[{"href":"https:\/\/www.suedzucker.pl\/en\/wp-json\/wp\/v2\/pages\/18778","targetHints":{"allow":["GET"]}}],"collection":[{"href":"https:\/\/www.suedzucker.pl\/en\/wp-json\/wp\/v2\/pages"}],"about":[{"href":"https:\/\/www.suedzucker.pl\/en\/wp-json\/wp\/v2\/types\/page"}],"author":[{"embeddable":true,"href":"https:\/\/www.suedzucker.pl\/en\/wp-json\/wp\/v2\/users\/4"}],"replies":[{"embeddable":true,"href":"https:\/\/www.suedzucker.pl\/en\/wp-json\/wp\/v2\/comments?post=18778"}],"version-history":[{"count":2,"href":"https:\/\/www.suedzucker.pl\/en\/wp-json\/wp\/v2\/pages\/18778\/revisions"}],"predecessor-version":[{"id":18789,"href":"https:\/\/www.suedzucker.pl\/en\/wp-json\/wp\/v2\/pages\/18778\/revisions\/18789"}],"up":[{"embeddable":true,"href":"https:\/\/www.suedzucker.pl\/en\/wp-json\/wp\/v2\/pages\/17181"}],"wp:attachment":[{"href":"https:\/\/www.suedzucker.pl\/en\/wp-json\/wp\/v2\/media?parent=18778"}],"curies":[{"name":"wp","href":"https:\/\/api.w.org\/{rel}","templated":true}]}}