{"id":18790,"date":"2022-11-28T09:58:41","date_gmt":"2022-11-28T08:58:41","guid":{"rendered":"https:\/\/www.suedzucker.pl\/?page_id=18790"},"modified":"2022-11-28T10:12:08","modified_gmt":"2022-11-28T09:12:08","slug":"z-nawozeniem-z-substratem-z-biogazowni-2022","status":"publish","type":"page","link":"https:\/\/www.suedzucker.pl\/en\/serwis-plantatorski\/doswiadczenia\/wyniki-doswiadczen-2022\/z-nawozeniem-z-substratem-z-biogazowni-2022\/","title":{"rendered":"Z nawo\u017ceniem z substratem z biogazowni 2022"},"content":{"rendered":"\n<h4 class=\"wp-block-heading\">Technologiczny Plon Cukru \u2013 Do\u015bwiadczenie z nawo\u017ceniem substratem z biogazowni &#8211; jedna lokalizacja (Kondratowice) 2022<\/h4>\n\n\n<div class=\"wp-block-image\">\n<figure class=\"aligncenter size-large\"><a href=\"https:\/\/www.suedzucker.pl\/wp-content\/uploads\/2022\/11\/1.-plon-cukru-1.png\"><img loading=\"lazy\" decoding=\"async\" width=\"1024\" height=\"404\" src=\"https:\/\/www.suedzucker.pl\/wp-content\/uploads\/2022\/11\/1.-plon-cukru-1-1024x404.png\" alt=\"\" class=\"wp-image-18793\" srcset=\"https:\/\/www.suedzucker.pl\/wp-content\/uploads\/2022\/11\/1.-plon-cukru-1-1024x404.png 1024w, https:\/\/www.suedzucker.pl\/wp-content\/uploads\/2022\/11\/1.-plon-cukru-1-300x118.png 300w, https:\/\/www.suedzucker.pl\/wp-content\/uploads\/2022\/11\/1.-plon-cukru-1-768x303.png 768w, https:\/\/www.suedzucker.pl\/wp-content\/uploads\/2022\/11\/1.-plon-cukru-1-500x197.png 500w, https:\/\/www.suedzucker.pl\/wp-content\/uploads\/2022\/11\/1.-plon-cukru-1.png 1290w\" sizes=\"auto, (max-width: 1024px) 100vw, 1024px\" \/><\/a><\/figure>\n<\/div>\n\n\n<h4 class=\"wp-block-heading\">Plon korzeni \u2013 Do\u015bwiadczenie z nawo\u017ceniem substratem z biogazowni &#8211; jedna lokalizacja (Kondratowice) 2022<\/h4>\n\n\n<div class=\"wp-block-image\">\n<figure class=\"aligncenter size-large\"><a href=\"https:\/\/www.suedzucker.pl\/wp-content\/uploads\/2022\/11\/2.-plon-korzeni-1.png\"><img loading=\"lazy\" decoding=\"async\" width=\"1024\" height=\"416\" src=\"https:\/\/www.suedzucker.pl\/wp-content\/uploads\/2022\/11\/2.-plon-korzeni-1-1024x416.png\" alt=\"\" class=\"wp-image-18794\" srcset=\"https:\/\/www.suedzucker.pl\/wp-content\/uploads\/2022\/11\/2.-plon-korzeni-1-1024x416.png 1024w, https:\/\/www.suedzucker.pl\/wp-content\/uploads\/2022\/11\/2.-plon-korzeni-1-300x122.png 300w, https:\/\/www.suedzucker.pl\/wp-content\/uploads\/2022\/11\/2.-plon-korzeni-1-768x312.png 768w, https:\/\/www.suedzucker.pl\/wp-content\/uploads\/2022\/11\/2.-plon-korzeni-1-500x203.png 500w, https:\/\/www.suedzucker.pl\/wp-content\/uploads\/2022\/11\/2.-plon-korzeni-1.png 1292w\" sizes=\"auto, (max-width: 1024px) 100vw, 1024px\" \/><\/a><\/figure>\n<\/div>\n\n\n<h4 class=\"wp-block-heading\">Polaryzacja \u2013 Do\u015bwiadczenie z nawo\u017ceniem substratem z biogazowni &#8211; jedna lokalizacja (Kondratowice) 2022<\/h4>\n\n\n<div class=\"wp-block-image\">\n<figure class=\"aligncenter size-large\"><a href=\"https:\/\/www.suedzucker.pl\/wp-content\/uploads\/2022\/11\/3.-polaryzacja-1.png\"><img loading=\"lazy\" decoding=\"async\" width=\"1024\" height=\"415\" src=\"https:\/\/www.suedzucker.pl\/wp-content\/uploads\/2022\/11\/3.-polaryzacja-1-1024x415.png\" alt=\"\" class=\"wp-image-18795\" srcset=\"https:\/\/www.suedzucker.pl\/wp-content\/uploads\/2022\/11\/3.-polaryzacja-1-1024x415.png 1024w, https:\/\/www.suedzucker.pl\/wp-content\/uploads\/2022\/11\/3.-polaryzacja-1-300x122.png 300w, https:\/\/www.suedzucker.pl\/wp-content\/uploads\/2022\/11\/3.-polaryzacja-1-768x312.png 768w, https:\/\/www.suedzucker.pl\/wp-content\/uploads\/2022\/11\/3.-polaryzacja-1-500x203.png 500w, https:\/\/www.suedzucker.pl\/wp-content\/uploads\/2022\/11\/3.-polaryzacja-1.png 1282w\" sizes=\"auto, (max-width: 1024px) 100vw, 1024px\" \/><\/a><\/figure>\n<\/div>\n\n\n<h4 class=\"wp-block-heading\">Zawarto\u015b\u0107 azotu-\u03b1 aminowego\u00a0 Do\u015bwiadczenie z nawo\u017ceniem substratem z biogazowni &#8211; jedna lokalizacja (Kondratowice) 2022<\/h4>\n\n\n<div class=\"wp-block-image\">\n<figure class=\"aligncenter size-large\"><a href=\"https:\/\/www.suedzucker.pl\/wp-content\/uploads\/2022\/11\/4.-melasotwory-1.png\"><img loading=\"lazy\" decoding=\"async\" width=\"1024\" height=\"401\" src=\"https:\/\/www.suedzucker.pl\/wp-content\/uploads\/2022\/11\/4.-melasotwory-1-1024x401.png\" alt=\"\" class=\"wp-image-18796\" srcset=\"https:\/\/www.suedzucker.pl\/wp-content\/uploads\/2022\/11\/4.-melasotwory-1-1024x401.png 1024w, https:\/\/www.suedzucker.pl\/wp-content\/uploads\/2022\/11\/4.-melasotwory-1-300x118.png 300w, https:\/\/www.suedzucker.pl\/wp-content\/uploads\/2022\/11\/4.-melasotwory-1-768x301.png 768w, https:\/\/www.suedzucker.pl\/wp-content\/uploads\/2022\/11\/4.-melasotwory-1-500x196.png 500w, https:\/\/www.suedzucker.pl\/wp-content\/uploads\/2022\/11\/4.-melasotwory-1.png 1283w\" sizes=\"auto, (max-width: 1024px) 100vw, 1024px\" \/><\/a><\/figure>\n<\/div>\n\n\n<h4 class=\"wp-block-heading\">Technologiczny Plon Cukru \u2013 Do\u015bwiadczenie z nawo\u017ceniem substratem z biogazowni &#8211; \u015brednia 2013-2022<\/h4>\n\n\n<div class=\"wp-block-image\">\n<figure class=\"aligncenter size-large\"><a href=\"https:\/\/www.suedzucker.pl\/wp-content\/uploads\/2022\/11\/5.-plon-cukru-13_22.png\"><img loading=\"lazy\" decoding=\"async\" width=\"1024\" height=\"432\" src=\"https:\/\/www.suedzucker.pl\/wp-content\/uploads\/2022\/11\/5.-plon-cukru-13_22-1024x432.png\" alt=\"\" class=\"wp-image-18797\" srcset=\"https:\/\/www.suedzucker.pl\/wp-content\/uploads\/2022\/11\/5.-plon-cukru-13_22-1024x432.png 1024w, https:\/\/www.suedzucker.pl\/wp-content\/uploads\/2022\/11\/5.-plon-cukru-13_22-300x127.png 300w, https:\/\/www.suedzucker.pl\/wp-content\/uploads\/2022\/11\/5.-plon-cukru-13_22-768x324.png 768w, https:\/\/www.suedzucker.pl\/wp-content\/uploads\/2022\/11\/5.-plon-cukru-13_22-500x211.png 500w, https:\/\/www.suedzucker.pl\/wp-content\/uploads\/2022\/11\/5.-plon-cukru-13_22.png 1303w\" sizes=\"auto, (max-width: 1024px) 100vw, 1024px\" \/><\/a><\/figure>\n<\/div>\n\n\n<h4 class=\"wp-block-heading\">Plon korzeni \u2013 Do\u015bwiadczenie z nawo\u017ceniem substratem z biogazowni &#8211; \u015brednia 2013-2022<\/h4>\n\n\n<div class=\"wp-block-image\">\n<figure class=\"aligncenter size-large\"><a href=\"https:\/\/www.suedzucker.pl\/wp-content\/uploads\/2022\/11\/6.-plon-korzeni-13_22.png\"><img loading=\"lazy\" decoding=\"async\" width=\"1024\" height=\"432\" src=\"https:\/\/www.suedzucker.pl\/wp-content\/uploads\/2022\/11\/6.-plon-korzeni-13_22-1024x432.png\" alt=\"\" class=\"wp-image-18798\" srcset=\"https:\/\/www.suedzucker.pl\/wp-content\/uploads\/2022\/11\/6.-plon-korzeni-13_22-1024x432.png 1024w, https:\/\/www.suedzucker.pl\/wp-content\/uploads\/2022\/11\/6.-plon-korzeni-13_22-300x126.png 300w, https:\/\/www.suedzucker.pl\/wp-content\/uploads\/2022\/11\/6.-plon-korzeni-13_22-768x324.png 768w, https:\/\/www.suedzucker.pl\/wp-content\/uploads\/2022\/11\/6.-plon-korzeni-13_22-500x211.png 500w, https:\/\/www.suedzucker.pl\/wp-content\/uploads\/2022\/11\/6.-plon-korzeni-13_22.png 1286w\" sizes=\"auto, (max-width: 1024px) 100vw, 1024px\" \/><\/a><\/figure>\n<\/div>\n\n\n<h4 class=\"wp-block-heading\">Polaryzacja \u2013 Do\u015bwiadczenie z nawo\u017ceniem substratem z biogazowni &#8211; \u015brednia 2013-2022<\/h4>\n\n\n<div class=\"wp-block-image\">\n<figure class=\"aligncenter size-large\"><a href=\"https:\/\/www.suedzucker.pl\/wp-content\/uploads\/2022\/11\/7.-polaryzacja-13_22.png\"><img loading=\"lazy\" decoding=\"async\" width=\"1024\" height=\"424\" src=\"https:\/\/www.suedzucker.pl\/wp-content\/uploads\/2022\/11\/7.-polaryzacja-13_22-1024x424.png\" alt=\"\" class=\"wp-image-18799\" srcset=\"https:\/\/www.suedzucker.pl\/wp-content\/uploads\/2022\/11\/7.-polaryzacja-13_22-1024x424.png 1024w, https:\/\/www.suedzucker.pl\/wp-content\/uploads\/2022\/11\/7.-polaryzacja-13_22-300x124.png 300w, https:\/\/www.suedzucker.pl\/wp-content\/uploads\/2022\/11\/7.-polaryzacja-13_22-768x318.png 768w, https:\/\/www.suedzucker.pl\/wp-content\/uploads\/2022\/11\/7.-polaryzacja-13_22-500x207.png 500w, https:\/\/www.suedzucker.pl\/wp-content\/uploads\/2022\/11\/7.-polaryzacja-13_22.png 1296w\" sizes=\"auto, (max-width: 1024px) 100vw, 1024px\" \/><\/a><\/figure>\n<\/div>\n\n\n<h4 class=\"wp-block-heading\">Zawarto\u015b\u0107 azotu-\u03b1 aminowego\u00a0 Do\u015bwiadczenie z nawo\u017ceniem substratem z biogazowni &#8211; \u015brednia 2013-2022<\/h4>\n\n\n<div class=\"wp-block-image\">\n<figure class=\"aligncenter size-large\"><a href=\"https:\/\/www.suedzucker.pl\/wp-content\/uploads\/2022\/11\/8.-melasotwory-13_22.png\"><img loading=\"lazy\" decoding=\"async\" width=\"1024\" height=\"407\" src=\"https:\/\/www.suedzucker.pl\/wp-content\/uploads\/2022\/11\/8.-melasotwory-13_22-1024x407.png\" alt=\"\" class=\"wp-image-18800\" srcset=\"https:\/\/www.suedzucker.pl\/wp-content\/uploads\/2022\/11\/8.-melasotwory-13_22-1024x407.png 1024w, https:\/\/www.suedzucker.pl\/wp-content\/uploads\/2022\/11\/8.-melasotwory-13_22-300x119.png 300w, https:\/\/www.suedzucker.pl\/wp-content\/uploads\/2022\/11\/8.-melasotwory-13_22-768x305.png 768w, https:\/\/www.suedzucker.pl\/wp-content\/uploads\/2022\/11\/8.-melasotwory-13_22-500x199.png 500w, https:\/\/www.suedzucker.pl\/wp-content\/uploads\/2022\/11\/8.-melasotwory-13_22.png 1310w\" sizes=\"auto, (max-width: 1024px) 100vw, 1024px\" \/><\/a><\/figure>\n<\/div>","protected":false},"excerpt":{"rendered":"<p>Technologiczny Plon Cukru \u2013 Do\u015bwiadczenie z nawo\u017ceniem substratem z biogazowni &#8211; jedna lokalizacja (Kondratowice) 2022 Plon korzeni \u2013 Do\u015bwiadczenie z nawo\u017ceniem substratem z biogazowni &#8211; jedna lokalizacja (Kondratowice) 2022 Polaryzacja&#8230;<\/p>\n","protected":false},"author":4,"featured_media":0,"parent":17181,"menu_order":5,"comment_status":"closed","ping_status":"closed","template":"","meta":{"_acf_changed":false,"inline_featured_image":false,"footnotes":"","_wp_rev_ctl_limit":""},"class_list":["post-18790","page","type-page","status-publish","hentry"],"acf":[],"yoast_head":"<!-- This site is optimized with the Yoast SEO plugin v27.3 - https:\/\/yoast.com\/product\/yoast-seo-wordpress\/ -->\n<title>Z nawo\u017ceniem z substratem z biogazowni 2022 - S\u00fcdzucker Polska<\/title>\n<meta name=\"robots\" content=\"index, follow, max-snippet:-1, max-image-preview:large, max-video-preview:-1\" \/>\n<link rel=\"canonical\" href=\"https:\/\/www.suedzucker.pl\/serwis-plantatorski\/doswiadczenia\/wyniki-doswiadczen-2022\/z-nawozeniem-z-substratem-z-biogazowni-2022\/\" \/>\n<meta property=\"og:locale\" content=\"en_US\" \/>\n<meta property=\"og:type\" content=\"article\" \/>\n<meta property=\"og:title\" content=\"Z nawo\u017ceniem z substratem z biogazowni 2022 - S\u00fcdzucker Polska\" \/>\n<meta property=\"og:description\" content=\"Technologiczny Plon Cukru \u2013 Do\u015bwiadczenie z nawo\u017ceniem substratem z biogazowni &#8211; jedna lokalizacja (Kondratowice) 2022 Plon korzeni \u2013 Do\u015bwiadczenie z nawo\u017ceniem substratem z biogazowni &#8211; jedna lokalizacja (Kondratowice) 2022 Polaryzacja...\" \/>\n<meta property=\"og:url\" content=\"https:\/\/www.suedzucker.pl\/serwis-plantatorski\/doswiadczenia\/wyniki-doswiadczen-2022\/z-nawozeniem-z-substratem-z-biogazowni-2022\/\" \/>\n<meta property=\"og:site_name\" content=\"S\u00fcdzucker Polska\" \/>\n<meta property=\"article:modified_time\" content=\"2022-11-28T09:12:08+00:00\" \/>\n<meta property=\"og:image\" content=\"https:\/\/www.suedzucker.pl\/wp-content\/uploads\/2022\/11\/1.-plon-cukru-1-1024x404.png\" \/>\n<meta name=\"twitter:card\" content=\"summary_large_image\" \/>\n<meta name=\"twitter:label1\" content=\"Est. reading time\" \/>\n\t<meta name=\"twitter:data1\" content=\"3 minutes\" \/>\n<script type=\"application\/ld+json\" class=\"yoast-schema-graph\">{\"@context\":\"https:\\\/\\\/schema.org\",\"@graph\":[{\"@type\":\"WebPage\",\"@id\":\"https:\\\/\\\/www.suedzucker.pl\\\/serwis-plantatorski\\\/doswiadczenia\\\/wyniki-doswiadczen-2022\\\/z-nawozeniem-z-substratem-z-biogazowni-2022\\\/\",\"url\":\"https:\\\/\\\/www.suedzucker.pl\\\/serwis-plantatorski\\\/doswiadczenia\\\/wyniki-doswiadczen-2022\\\/z-nawozeniem-z-substratem-z-biogazowni-2022\\\/\",\"name\":\"Z nawo\u017ceniem z substratem z biogazowni 2022 - S\u00fcdzucker Polska\",\"isPartOf\":{\"@id\":\"https:\\\/\\\/www.suedzucker.pl\\\/en\\\/#website\"},\"primaryImageOfPage\":{\"@id\":\"https:\\\/\\\/www.suedzucker.pl\\\/serwis-plantatorski\\\/doswiadczenia\\\/wyniki-doswiadczen-2022\\\/z-nawozeniem-z-substratem-z-biogazowni-2022\\\/#primaryimage\"},\"image\":{\"@id\":\"https:\\\/\\\/www.suedzucker.pl\\\/serwis-plantatorski\\\/doswiadczenia\\\/wyniki-doswiadczen-2022\\\/z-nawozeniem-z-substratem-z-biogazowni-2022\\\/#primaryimage\"},\"thumbnailUrl\":\"https:\\\/\\\/www.suedzucker.pl\\\/wp-content\\\/uploads\\\/2022\\\/11\\\/1.-plon-cukru-1-1024x404.png\",\"datePublished\":\"2022-11-28T08:58:41+00:00\",\"dateModified\":\"2022-11-28T09:12:08+00:00\",\"breadcrumb\":{\"@id\":\"https:\\\/\\\/www.suedzucker.pl\\\/serwis-plantatorski\\\/doswiadczenia\\\/wyniki-doswiadczen-2022\\\/z-nawozeniem-z-substratem-z-biogazowni-2022\\\/#breadcrumb\"},\"inLanguage\":\"en-US\",\"potentialAction\":[{\"@type\":\"ReadAction\",\"target\":[\"https:\\\/\\\/www.suedzucker.pl\\\/serwis-plantatorski\\\/doswiadczenia\\\/wyniki-doswiadczen-2022\\\/z-nawozeniem-z-substratem-z-biogazowni-2022\\\/\"]}]},{\"@type\":\"ImageObject\",\"inLanguage\":\"en-US\",\"@id\":\"https:\\\/\\\/www.suedzucker.pl\\\/serwis-plantatorski\\\/doswiadczenia\\\/wyniki-doswiadczen-2022\\\/z-nawozeniem-z-substratem-z-biogazowni-2022\\\/#primaryimage\",\"url\":\"https:\\\/\\\/www.suedzucker.pl\\\/wp-content\\\/uploads\\\/2022\\\/11\\\/1.-plon-cukru-1-1024x404.png\",\"contentUrl\":\"https:\\\/\\\/www.suedzucker.pl\\\/wp-content\\\/uploads\\\/2022\\\/11\\\/1.-plon-cukru-1-1024x404.png\"},{\"@type\":\"BreadcrumbList\",\"@id\":\"https:\\\/\\\/www.suedzucker.pl\\\/serwis-plantatorski\\\/doswiadczenia\\\/wyniki-doswiadczen-2022\\\/z-nawozeniem-z-substratem-z-biogazowni-2022\\\/#breadcrumb\",\"itemListElement\":[{\"@type\":\"ListItem\",\"position\":1,\"name\":\"Home page\",\"item\":\"https:\\\/\\\/www.suedzucker.pl\\\/en\\\/serwis-plantatorski\\\/\"},{\"@type\":\"ListItem\",\"position\":2,\"name\":\"Do\u015bwiadczenia\",\"item\":\"https:\\\/\\\/www.suedzucker.pl\\\/serwis-plantatorski\\\/doswiadczenia\\\/\"},{\"@type\":\"ListItem\",\"position\":3,\"name\":\"Wyniki do\u015bwiadcze\u0144 2022\",\"item\":\"https:\\\/\\\/www.suedzucker.pl\\\/serwis-plantatorski\\\/doswiadczenia\\\/wyniki-doswiadczen-2022\\\/\"},{\"@type\":\"ListItem\",\"position\":4,\"name\":\"Z&nbsp;nawo\u017ceniem z&nbsp;substratem z&nbsp;biogazowni 2022\"}]},{\"@type\":\"WebSite\",\"@id\":\"https:\\\/\\\/www.suedzucker.pl\\\/en\\\/#website\",\"url\":\"https:\\\/\\\/www.suedzucker.pl\\\/en\\\/\",\"name\":\"S\u00fcdzucker Polska\",\"description\":\"Jeste\u015bmy wiod\u0105cym producentem cukru w Polsce\",\"potentialAction\":[{\"@type\":\"SearchAction\",\"target\":{\"@type\":\"EntryPoint\",\"urlTemplate\":\"https:\\\/\\\/www.suedzucker.pl\\\/en\\\/?s={search_term_string}\"},\"query-input\":{\"@type\":\"PropertyValueSpecification\",\"valueRequired\":true,\"valueName\":\"search_term_string\"}}],\"inLanguage\":\"en-US\"}]}<\/script>\n<!-- \/ Yoast SEO plugin. -->","yoast_head_json":{"title":"Z nawo\u017ceniem z substratem z biogazowni 2022 - S\u00fcdzucker Polska","robots":{"index":"index","follow":"follow","max-snippet":"max-snippet:-1","max-image-preview":"max-image-preview:large","max-video-preview":"max-video-preview:-1"},"canonical":"https:\/\/www.suedzucker.pl\/serwis-plantatorski\/doswiadczenia\/wyniki-doswiadczen-2022\/z-nawozeniem-z-substratem-z-biogazowni-2022\/","og_locale":"en_US","og_type":"article","og_title":"Z nawo\u017ceniem z substratem z biogazowni 2022 - S\u00fcdzucker Polska","og_description":"Technologiczny Plon Cukru \u2013 Do\u015bwiadczenie z nawo\u017ceniem substratem z biogazowni &#8211; jedna lokalizacja (Kondratowice) 2022 Plon korzeni \u2013 Do\u015bwiadczenie z nawo\u017ceniem substratem z biogazowni &#8211; jedna lokalizacja (Kondratowice) 2022 Polaryzacja...","og_url":"https:\/\/www.suedzucker.pl\/serwis-plantatorski\/doswiadczenia\/wyniki-doswiadczen-2022\/z-nawozeniem-z-substratem-z-biogazowni-2022\/","og_site_name":"S\u00fcdzucker Polska","article_modified_time":"2022-11-28T09:12:08+00:00","og_image":[{"url":"https:\/\/www.suedzucker.pl\/wp-content\/uploads\/2022\/11\/1.-plon-cukru-1-1024x404.png","type":"","width":"","height":""}],"twitter_card":"summary_large_image","twitter_misc":{"Est. reading time":"3 minutes"},"schema":{"@context":"https:\/\/schema.org","@graph":[{"@type":"WebPage","@id":"https:\/\/www.suedzucker.pl\/serwis-plantatorski\/doswiadczenia\/wyniki-doswiadczen-2022\/z-nawozeniem-z-substratem-z-biogazowni-2022\/","url":"https:\/\/www.suedzucker.pl\/serwis-plantatorski\/doswiadczenia\/wyniki-doswiadczen-2022\/z-nawozeniem-z-substratem-z-biogazowni-2022\/","name":"Z nawo\u017ceniem z substratem z biogazowni 2022 - S\u00fcdzucker Polska","isPartOf":{"@id":"https:\/\/www.suedzucker.pl\/en\/#website"},"primaryImageOfPage":{"@id":"https:\/\/www.suedzucker.pl\/serwis-plantatorski\/doswiadczenia\/wyniki-doswiadczen-2022\/z-nawozeniem-z-substratem-z-biogazowni-2022\/#primaryimage"},"image":{"@id":"https:\/\/www.suedzucker.pl\/serwis-plantatorski\/doswiadczenia\/wyniki-doswiadczen-2022\/z-nawozeniem-z-substratem-z-biogazowni-2022\/#primaryimage"},"thumbnailUrl":"https:\/\/www.suedzucker.pl\/wp-content\/uploads\/2022\/11\/1.-plon-cukru-1-1024x404.png","datePublished":"2022-11-28T08:58:41+00:00","dateModified":"2022-11-28T09:12:08+00:00","breadcrumb":{"@id":"https:\/\/www.suedzucker.pl\/serwis-plantatorski\/doswiadczenia\/wyniki-doswiadczen-2022\/z-nawozeniem-z-substratem-z-biogazowni-2022\/#breadcrumb"},"inLanguage":"en-US","potentialAction":[{"@type":"ReadAction","target":["https:\/\/www.suedzucker.pl\/serwis-plantatorski\/doswiadczenia\/wyniki-doswiadczen-2022\/z-nawozeniem-z-substratem-z-biogazowni-2022\/"]}]},{"@type":"ImageObject","inLanguage":"en-US","@id":"https:\/\/www.suedzucker.pl\/serwis-plantatorski\/doswiadczenia\/wyniki-doswiadczen-2022\/z-nawozeniem-z-substratem-z-biogazowni-2022\/#primaryimage","url":"https:\/\/www.suedzucker.pl\/wp-content\/uploads\/2022\/11\/1.-plon-cukru-1-1024x404.png","contentUrl":"https:\/\/www.suedzucker.pl\/wp-content\/uploads\/2022\/11\/1.-plon-cukru-1-1024x404.png"},{"@type":"BreadcrumbList","@id":"https:\/\/www.suedzucker.pl\/serwis-plantatorski\/doswiadczenia\/wyniki-doswiadczen-2022\/z-nawozeniem-z-substratem-z-biogazowni-2022\/#breadcrumb","itemListElement":[{"@type":"ListItem","position":1,"name":"Home page","item":"https:\/\/www.suedzucker.pl\/en\/serwis-plantatorski\/"},{"@type":"ListItem","position":2,"name":"Do\u015bwiadczenia","item":"https:\/\/www.suedzucker.pl\/serwis-plantatorski\/doswiadczenia\/"},{"@type":"ListItem","position":3,"name":"Wyniki do\u015bwiadcze\u0144 2022","item":"https:\/\/www.suedzucker.pl\/serwis-plantatorski\/doswiadczenia\/wyniki-doswiadczen-2022\/"},{"@type":"ListItem","position":4,"name":"Z&nbsp;nawo\u017ceniem z&nbsp;substratem z&nbsp;biogazowni 2022"}]},{"@type":"WebSite","@id":"https:\/\/www.suedzucker.pl\/en\/#website","url":"https:\/\/www.suedzucker.pl\/en\/","name":"S\u00fcdzucker Polska","description":"Jeste\u015bmy wiod\u0105cym producentem cukru w Polsce","potentialAction":[{"@type":"SearchAction","target":{"@type":"EntryPoint","urlTemplate":"https:\/\/www.suedzucker.pl\/en\/?s={search_term_string}"},"query-input":{"@type":"PropertyValueSpecification","valueRequired":true,"valueName":"search_term_string"}}],"inLanguage":"en-US"}]}},"_links":{"self":[{"href":"https:\/\/www.suedzucker.pl\/en\/wp-json\/wp\/v2\/pages\/18790","targetHints":{"allow":["GET"]}}],"collection":[{"href":"https:\/\/www.suedzucker.pl\/en\/wp-json\/wp\/v2\/pages"}],"about":[{"href":"https:\/\/www.suedzucker.pl\/en\/wp-json\/wp\/v2\/types\/page"}],"author":[{"embeddable":true,"href":"https:\/\/www.suedzucker.pl\/en\/wp-json\/wp\/v2\/users\/4"}],"replies":[{"embeddable":true,"href":"https:\/\/www.suedzucker.pl\/en\/wp-json\/wp\/v2\/comments?post=18790"}],"version-history":[{"count":2,"href":"https:\/\/www.suedzucker.pl\/en\/wp-json\/wp\/v2\/pages\/18790\/revisions"}],"predecessor-version":[{"id":18801,"href":"https:\/\/www.suedzucker.pl\/en\/wp-json\/wp\/v2\/pages\/18790\/revisions\/18801"}],"up":[{"embeddable":true,"href":"https:\/\/www.suedzucker.pl\/en\/wp-json\/wp\/v2\/pages\/17181"}],"wp:attachment":[{"href":"https:\/\/www.suedzucker.pl\/en\/wp-json\/wp\/v2\/media?parent=18790"}],"curies":[{"name":"wp","href":"https:\/\/api.w.org\/{rel}","templated":true}]}}