{"id":18832,"date":"2022-11-28T10:41:33","date_gmt":"2022-11-28T09:41:33","guid":{"rendered":"https:\/\/www.suedzucker.pl\/?page_id=18832"},"modified":"2022-11-28T11:08:43","modified_gmt":"2022-11-28T10:08:43","slug":"z-plodozmianem-2022","status":"publish","type":"page","link":"https:\/\/www.suedzucker.pl\/en\/serwis-plantatorski\/doswiadczenia\/wyniki-doswiadczen-2022\/z-plodozmianem-2022\/","title":{"rendered":"Z p\u0142odozmianem 2022"},"content":{"rendered":"\n<h4 class=\"wp-block-heading\">Schemat do\u015bwiadczenia z p\u0142odozmianem<\/h4>\n\n\n<div class=\"wp-block-image\">\n<figure class=\"aligncenter size-large\"><a href=\"https:\/\/www.suedzucker.pl\/wp-content\/uploads\/2022\/11\/1.-schemat.png\"><img loading=\"lazy\" decoding=\"async\" width=\"1024\" height=\"468\" src=\"https:\/\/www.suedzucker.pl\/wp-content\/uploads\/2022\/11\/1.-schemat-1024x468.png\" alt=\"\" class=\"wp-image-18834\" srcset=\"https:\/\/www.suedzucker.pl\/wp-content\/uploads\/2022\/11\/1.-schemat-1024x468.png 1024w, https:\/\/www.suedzucker.pl\/wp-content\/uploads\/2022\/11\/1.-schemat-300x137.png 300w, https:\/\/www.suedzucker.pl\/wp-content\/uploads\/2022\/11\/1.-schemat-768x351.png 768w, https:\/\/www.suedzucker.pl\/wp-content\/uploads\/2022\/11\/1.-schemat-500x229.png 500w, https:\/\/www.suedzucker.pl\/wp-content\/uploads\/2022\/11\/1.-schemat.png 1139w\" sizes=\"auto, (max-width: 1024px) 100vw, 1024px\" \/><\/a><\/figure>\n<\/div>\n\n\n<h4 class=\"wp-block-heading\">Technologiczny Plon Cukru \u2013 Do\u015bwiadczenie z p\u0142odozmianem Wi\u0119cmierzyce 2022<\/h4>\n\n\n<div class=\"wp-block-image\">\n<figure class=\"aligncenter size-large\"><a href=\"https:\/\/www.suedzucker.pl\/wp-content\/uploads\/2022\/11\/2.-plon-cukru.png\"><img loading=\"lazy\" decoding=\"async\" width=\"1024\" height=\"420\" src=\"https:\/\/www.suedzucker.pl\/wp-content\/uploads\/2022\/11\/2.-plon-cukru-1024x420.png\" alt=\"\" class=\"wp-image-18836\" srcset=\"https:\/\/www.suedzucker.pl\/wp-content\/uploads\/2022\/11\/2.-plon-cukru-1024x420.png 1024w, https:\/\/www.suedzucker.pl\/wp-content\/uploads\/2022\/11\/2.-plon-cukru-300x123.png 300w, https:\/\/www.suedzucker.pl\/wp-content\/uploads\/2022\/11\/2.-plon-cukru-768x315.png 768w, https:\/\/www.suedzucker.pl\/wp-content\/uploads\/2022\/11\/2.-plon-cukru-500x205.png 500w, https:\/\/www.suedzucker.pl\/wp-content\/uploads\/2022\/11\/2.-plon-cukru.png 1259w\" sizes=\"auto, (max-width: 1024px) 100vw, 1024px\" \/><\/a><\/figure>\n<\/div>\n\n\n<h4 class=\"wp-block-heading\">Plon Korzeni \u2013 Do\u015bwiadczenie z p\u0142odozmianem Wi\u0119cmierzyce 2022<\/h4>\n\n\n<div class=\"wp-block-image\">\n<figure class=\"aligncenter size-large\"><a href=\"https:\/\/www.suedzucker.pl\/wp-content\/uploads\/2022\/11\/3.-plon-korzeni.png\"><img loading=\"lazy\" decoding=\"async\" width=\"1024\" height=\"413\" src=\"https:\/\/www.suedzucker.pl\/wp-content\/uploads\/2022\/11\/3.-plon-korzeni-1024x413.png\" alt=\"\" class=\"wp-image-18837\" srcset=\"https:\/\/www.suedzucker.pl\/wp-content\/uploads\/2022\/11\/3.-plon-korzeni-1024x413.png 1024w, https:\/\/www.suedzucker.pl\/wp-content\/uploads\/2022\/11\/3.-plon-korzeni-300x121.png 300w, https:\/\/www.suedzucker.pl\/wp-content\/uploads\/2022\/11\/3.-plon-korzeni-768x310.png 768w, https:\/\/www.suedzucker.pl\/wp-content\/uploads\/2022\/11\/3.-plon-korzeni-500x202.png 500w, https:\/\/www.suedzucker.pl\/wp-content\/uploads\/2022\/11\/3.-plon-korzeni.png 1296w\" sizes=\"auto, (max-width: 1024px) 100vw, 1024px\" \/><\/a><\/figure>\n<\/div>\n\n\n<h4 class=\"wp-block-heading\">Polaryzacja \u2013 Do\u015bwiadczenie z p\u0142odozmianem Wi\u0119cmierzyce 2022<\/h4>\n\n\n<div class=\"wp-block-image\">\n<figure class=\"aligncenter size-large\"><a href=\"https:\/\/www.suedzucker.pl\/wp-content\/uploads\/2022\/11\/4.-polaryzacja.png\"><img loading=\"lazy\" decoding=\"async\" width=\"1024\" height=\"421\" src=\"https:\/\/www.suedzucker.pl\/wp-content\/uploads\/2022\/11\/4.-polaryzacja-1024x421.png\" alt=\"\" class=\"wp-image-18838\" srcset=\"https:\/\/www.suedzucker.pl\/wp-content\/uploads\/2022\/11\/4.-polaryzacja-1024x421.png 1024w, https:\/\/www.suedzucker.pl\/wp-content\/uploads\/2022\/11\/4.-polaryzacja-300x123.png 300w, https:\/\/www.suedzucker.pl\/wp-content\/uploads\/2022\/11\/4.-polaryzacja-768x315.png 768w, https:\/\/www.suedzucker.pl\/wp-content\/uploads\/2022\/11\/4.-polaryzacja-500x205.png 500w, https:\/\/www.suedzucker.pl\/wp-content\/uploads\/2022\/11\/4.-polaryzacja.png 1293w\" sizes=\"auto, (max-width: 1024px) 100vw, 1024px\" \/><\/a><\/figure>\n<\/div>\n\n\n<h4 class=\"wp-block-heading\">Zawarto\u015b\u0107 melasotwor\u00f3w \u2013 Do\u015bwiadczenie z p\u0142odozmianem Wi\u0119cmierzyce 2022<\/h4>\n\n\n<div class=\"wp-block-image\">\n<figure class=\"aligncenter size-large\"><a href=\"https:\/\/www.suedzucker.pl\/wp-content\/uploads\/2022\/11\/5.-melasotwory.png\"><img loading=\"lazy\" decoding=\"async\" width=\"1024\" height=\"418\" src=\"https:\/\/www.suedzucker.pl\/wp-content\/uploads\/2022\/11\/5.-melasotwory-1024x418.png\" alt=\"\" class=\"wp-image-18839\" srcset=\"https:\/\/www.suedzucker.pl\/wp-content\/uploads\/2022\/11\/5.-melasotwory-1024x418.png 1024w, https:\/\/www.suedzucker.pl\/wp-content\/uploads\/2022\/11\/5.-melasotwory-300x123.png 300w, https:\/\/www.suedzucker.pl\/wp-content\/uploads\/2022\/11\/5.-melasotwory-768x314.png 768w, https:\/\/www.suedzucker.pl\/wp-content\/uploads\/2022\/11\/5.-melasotwory-500x204.png 500w, https:\/\/www.suedzucker.pl\/wp-content\/uploads\/2022\/11\/5.-melasotwory.png 1270w\" sizes=\"auto, (max-width: 1024px) 100vw, 1024px\" \/><\/a><\/figure>\n<\/div>","protected":false},"excerpt":{"rendered":"<p>Schemat do\u015bwiadczenia z p\u0142odozmianem Technologiczny Plon Cukru \u2013 Do\u015bwiadczenie z p\u0142odozmianem Wi\u0119cmierzyce 2022 Plon Korzeni \u2013 Do\u015bwiadczenie z p\u0142odozmianem Wi\u0119cmierzyce 2022 Polaryzacja \u2013 Do\u015bwiadczenie z p\u0142odozmianem Wi\u0119cmierzyce 2022 Zawarto\u015b\u0107 melasotwor\u00f3w&#8230;<\/p>\n","protected":false},"author":4,"featured_media":0,"parent":17181,"menu_order":8,"comment_status":"closed","ping_status":"closed","template":"","meta":{"_acf_changed":false,"inline_featured_image":false,"footnotes":"","_wp_rev_ctl_limit":""},"class_list":["post-18832","page","type-page","status-publish","hentry"],"acf":[],"yoast_head":"<!-- This site is optimized with the Yoast SEO plugin v27.3 - https:\/\/yoast.com\/product\/yoast-seo-wordpress\/ -->\n<title>Z p\u0142odozmianem 2022 - S\u00fcdzucker Polska<\/title>\n<meta name=\"robots\" content=\"index, follow, max-snippet:-1, max-image-preview:large, max-video-preview:-1\" \/>\n<link rel=\"canonical\" href=\"https:\/\/www.suedzucker.pl\/serwis-plantatorski\/doswiadczenia\/wyniki-doswiadczen-2022\/z-plodozmianem-2022\/\" \/>\n<meta property=\"og:locale\" content=\"en_US\" \/>\n<meta property=\"og:type\" content=\"article\" \/>\n<meta property=\"og:title\" content=\"Z p\u0142odozmianem 2022 - S\u00fcdzucker Polska\" \/>\n<meta property=\"og:description\" content=\"Schemat do\u015bwiadczenia z p\u0142odozmianem Technologiczny Plon Cukru \u2013 Do\u015bwiadczenie z p\u0142odozmianem Wi\u0119cmierzyce 2022 Plon Korzeni \u2013 Do\u015bwiadczenie z p\u0142odozmianem Wi\u0119cmierzyce 2022 Polaryzacja \u2013 Do\u015bwiadczenie z p\u0142odozmianem Wi\u0119cmierzyce 2022 Zawarto\u015b\u0107 melasotwor\u00f3w...\" \/>\n<meta property=\"og:url\" content=\"https:\/\/www.suedzucker.pl\/serwis-plantatorski\/doswiadczenia\/wyniki-doswiadczen-2022\/z-plodozmianem-2022\/\" \/>\n<meta property=\"og:site_name\" content=\"S\u00fcdzucker Polska\" \/>\n<meta property=\"article:modified_time\" content=\"2022-11-28T10:08:43+00:00\" \/>\n<meta property=\"og:image\" content=\"https:\/\/www.suedzucker.pl\/wp-content\/uploads\/2022\/11\/1.-schemat-1024x468.png\" \/>\n<meta name=\"twitter:card\" content=\"summary_large_image\" \/>\n<meta name=\"twitter:label1\" content=\"Est. reading time\" \/>\n\t<meta name=\"twitter:data1\" content=\"2 minutes\" \/>\n<script type=\"application\/ld+json\" class=\"yoast-schema-graph\">{\"@context\":\"https:\\\/\\\/schema.org\",\"@graph\":[{\"@type\":\"WebPage\",\"@id\":\"https:\\\/\\\/www.suedzucker.pl\\\/serwis-plantatorski\\\/doswiadczenia\\\/wyniki-doswiadczen-2022\\\/z-plodozmianem-2022\\\/\",\"url\":\"https:\\\/\\\/www.suedzucker.pl\\\/serwis-plantatorski\\\/doswiadczenia\\\/wyniki-doswiadczen-2022\\\/z-plodozmianem-2022\\\/\",\"name\":\"Z p\u0142odozmianem 2022 - S\u00fcdzucker Polska\",\"isPartOf\":{\"@id\":\"https:\\\/\\\/www.suedzucker.pl\\\/en\\\/#website\"},\"primaryImageOfPage\":{\"@id\":\"https:\\\/\\\/www.suedzucker.pl\\\/serwis-plantatorski\\\/doswiadczenia\\\/wyniki-doswiadczen-2022\\\/z-plodozmianem-2022\\\/#primaryimage\"},\"image\":{\"@id\":\"https:\\\/\\\/www.suedzucker.pl\\\/serwis-plantatorski\\\/doswiadczenia\\\/wyniki-doswiadczen-2022\\\/z-plodozmianem-2022\\\/#primaryimage\"},\"thumbnailUrl\":\"https:\\\/\\\/www.suedzucker.pl\\\/wp-content\\\/uploads\\\/2022\\\/11\\\/1.-schemat-1024x468.png\",\"datePublished\":\"2022-11-28T09:41:33+00:00\",\"dateModified\":\"2022-11-28T10:08:43+00:00\",\"breadcrumb\":{\"@id\":\"https:\\\/\\\/www.suedzucker.pl\\\/serwis-plantatorski\\\/doswiadczenia\\\/wyniki-doswiadczen-2022\\\/z-plodozmianem-2022\\\/#breadcrumb\"},\"inLanguage\":\"en-US\",\"potentialAction\":[{\"@type\":\"ReadAction\",\"target\":[\"https:\\\/\\\/www.suedzucker.pl\\\/serwis-plantatorski\\\/doswiadczenia\\\/wyniki-doswiadczen-2022\\\/z-plodozmianem-2022\\\/\"]}]},{\"@type\":\"ImageObject\",\"inLanguage\":\"en-US\",\"@id\":\"https:\\\/\\\/www.suedzucker.pl\\\/serwis-plantatorski\\\/doswiadczenia\\\/wyniki-doswiadczen-2022\\\/z-plodozmianem-2022\\\/#primaryimage\",\"url\":\"https:\\\/\\\/www.suedzucker.pl\\\/wp-content\\\/uploads\\\/2022\\\/11\\\/1.-schemat-1024x468.png\",\"contentUrl\":\"https:\\\/\\\/www.suedzucker.pl\\\/wp-content\\\/uploads\\\/2022\\\/11\\\/1.-schemat-1024x468.png\"},{\"@type\":\"BreadcrumbList\",\"@id\":\"https:\\\/\\\/www.suedzucker.pl\\\/serwis-plantatorski\\\/doswiadczenia\\\/wyniki-doswiadczen-2022\\\/z-plodozmianem-2022\\\/#breadcrumb\",\"itemListElement\":[{\"@type\":\"ListItem\",\"position\":1,\"name\":\"Home page\",\"item\":\"https:\\\/\\\/www.suedzucker.pl\\\/en\\\/serwis-plantatorski\\\/\"},{\"@type\":\"ListItem\",\"position\":2,\"name\":\"Do\u015bwiadczenia\",\"item\":\"https:\\\/\\\/www.suedzucker.pl\\\/serwis-plantatorski\\\/doswiadczenia\\\/\"},{\"@type\":\"ListItem\",\"position\":3,\"name\":\"Wyniki do\u015bwiadcze\u0144 2022\",\"item\":\"https:\\\/\\\/www.suedzucker.pl\\\/serwis-plantatorski\\\/doswiadczenia\\\/wyniki-doswiadczen-2022\\\/\"},{\"@type\":\"ListItem\",\"position\":4,\"name\":\"Z&nbsp;p\u0142odozmianem 2022\"}]},{\"@type\":\"WebSite\",\"@id\":\"https:\\\/\\\/www.suedzucker.pl\\\/en\\\/#website\",\"url\":\"https:\\\/\\\/www.suedzucker.pl\\\/en\\\/\",\"name\":\"S\u00fcdzucker Polska\",\"description\":\"Jeste\u015bmy wiod\u0105cym producentem cukru w Polsce\",\"potentialAction\":[{\"@type\":\"SearchAction\",\"target\":{\"@type\":\"EntryPoint\",\"urlTemplate\":\"https:\\\/\\\/www.suedzucker.pl\\\/en\\\/?s={search_term_string}\"},\"query-input\":{\"@type\":\"PropertyValueSpecification\",\"valueRequired\":true,\"valueName\":\"search_term_string\"}}],\"inLanguage\":\"en-US\"}]}<\/script>\n<!-- \/ Yoast SEO plugin. -->","yoast_head_json":{"title":"Z p\u0142odozmianem 2022 - S\u00fcdzucker Polska","robots":{"index":"index","follow":"follow","max-snippet":"max-snippet:-1","max-image-preview":"max-image-preview:large","max-video-preview":"max-video-preview:-1"},"canonical":"https:\/\/www.suedzucker.pl\/serwis-plantatorski\/doswiadczenia\/wyniki-doswiadczen-2022\/z-plodozmianem-2022\/","og_locale":"en_US","og_type":"article","og_title":"Z p\u0142odozmianem 2022 - S\u00fcdzucker Polska","og_description":"Schemat do\u015bwiadczenia z p\u0142odozmianem Technologiczny Plon Cukru \u2013 Do\u015bwiadczenie z p\u0142odozmianem Wi\u0119cmierzyce 2022 Plon Korzeni \u2013 Do\u015bwiadczenie z p\u0142odozmianem Wi\u0119cmierzyce 2022 Polaryzacja \u2013 Do\u015bwiadczenie z p\u0142odozmianem Wi\u0119cmierzyce 2022 Zawarto\u015b\u0107 melasotwor\u00f3w...","og_url":"https:\/\/www.suedzucker.pl\/serwis-plantatorski\/doswiadczenia\/wyniki-doswiadczen-2022\/z-plodozmianem-2022\/","og_site_name":"S\u00fcdzucker Polska","article_modified_time":"2022-11-28T10:08:43+00:00","og_image":[{"url":"https:\/\/www.suedzucker.pl\/wp-content\/uploads\/2022\/11\/1.-schemat-1024x468.png","type":"","width":"","height":""}],"twitter_card":"summary_large_image","twitter_misc":{"Est. reading time":"2 minutes"},"schema":{"@context":"https:\/\/schema.org","@graph":[{"@type":"WebPage","@id":"https:\/\/www.suedzucker.pl\/serwis-plantatorski\/doswiadczenia\/wyniki-doswiadczen-2022\/z-plodozmianem-2022\/","url":"https:\/\/www.suedzucker.pl\/serwis-plantatorski\/doswiadczenia\/wyniki-doswiadczen-2022\/z-plodozmianem-2022\/","name":"Z p\u0142odozmianem 2022 - S\u00fcdzucker Polska","isPartOf":{"@id":"https:\/\/www.suedzucker.pl\/en\/#website"},"primaryImageOfPage":{"@id":"https:\/\/www.suedzucker.pl\/serwis-plantatorski\/doswiadczenia\/wyniki-doswiadczen-2022\/z-plodozmianem-2022\/#primaryimage"},"image":{"@id":"https:\/\/www.suedzucker.pl\/serwis-plantatorski\/doswiadczenia\/wyniki-doswiadczen-2022\/z-plodozmianem-2022\/#primaryimage"},"thumbnailUrl":"https:\/\/www.suedzucker.pl\/wp-content\/uploads\/2022\/11\/1.-schemat-1024x468.png","datePublished":"2022-11-28T09:41:33+00:00","dateModified":"2022-11-28T10:08:43+00:00","breadcrumb":{"@id":"https:\/\/www.suedzucker.pl\/serwis-plantatorski\/doswiadczenia\/wyniki-doswiadczen-2022\/z-plodozmianem-2022\/#breadcrumb"},"inLanguage":"en-US","potentialAction":[{"@type":"ReadAction","target":["https:\/\/www.suedzucker.pl\/serwis-plantatorski\/doswiadczenia\/wyniki-doswiadczen-2022\/z-plodozmianem-2022\/"]}]},{"@type":"ImageObject","inLanguage":"en-US","@id":"https:\/\/www.suedzucker.pl\/serwis-plantatorski\/doswiadczenia\/wyniki-doswiadczen-2022\/z-plodozmianem-2022\/#primaryimage","url":"https:\/\/www.suedzucker.pl\/wp-content\/uploads\/2022\/11\/1.-schemat-1024x468.png","contentUrl":"https:\/\/www.suedzucker.pl\/wp-content\/uploads\/2022\/11\/1.-schemat-1024x468.png"},{"@type":"BreadcrumbList","@id":"https:\/\/www.suedzucker.pl\/serwis-plantatorski\/doswiadczenia\/wyniki-doswiadczen-2022\/z-plodozmianem-2022\/#breadcrumb","itemListElement":[{"@type":"ListItem","position":1,"name":"Home page","item":"https:\/\/www.suedzucker.pl\/en\/serwis-plantatorski\/"},{"@type":"ListItem","position":2,"name":"Do\u015bwiadczenia","item":"https:\/\/www.suedzucker.pl\/serwis-plantatorski\/doswiadczenia\/"},{"@type":"ListItem","position":3,"name":"Wyniki do\u015bwiadcze\u0144 2022","item":"https:\/\/www.suedzucker.pl\/serwis-plantatorski\/doswiadczenia\/wyniki-doswiadczen-2022\/"},{"@type":"ListItem","position":4,"name":"Z&nbsp;p\u0142odozmianem 2022"}]},{"@type":"WebSite","@id":"https:\/\/www.suedzucker.pl\/en\/#website","url":"https:\/\/www.suedzucker.pl\/en\/","name":"S\u00fcdzucker Polska","description":"Jeste\u015bmy wiod\u0105cym producentem cukru w Polsce","potentialAction":[{"@type":"SearchAction","target":{"@type":"EntryPoint","urlTemplate":"https:\/\/www.suedzucker.pl\/en\/?s={search_term_string}"},"query-input":{"@type":"PropertyValueSpecification","valueRequired":true,"valueName":"search_term_string"}}],"inLanguage":"en-US"}]}},"_links":{"self":[{"href":"https:\/\/www.suedzucker.pl\/en\/wp-json\/wp\/v2\/pages\/18832","targetHints":{"allow":["GET"]}}],"collection":[{"href":"https:\/\/www.suedzucker.pl\/en\/wp-json\/wp\/v2\/pages"}],"about":[{"href":"https:\/\/www.suedzucker.pl\/en\/wp-json\/wp\/v2\/types\/page"}],"author":[{"embeddable":true,"href":"https:\/\/www.suedzucker.pl\/en\/wp-json\/wp\/v2\/users\/4"}],"replies":[{"embeddable":true,"href":"https:\/\/www.suedzucker.pl\/en\/wp-json\/wp\/v2\/comments?post=18832"}],"version-history":[{"count":2,"href":"https:\/\/www.suedzucker.pl\/en\/wp-json\/wp\/v2\/pages\/18832\/revisions"}],"predecessor-version":[{"id":18840,"href":"https:\/\/www.suedzucker.pl\/en\/wp-json\/wp\/v2\/pages\/18832\/revisions\/18840"}],"up":[{"embeddable":true,"href":"https:\/\/www.suedzucker.pl\/en\/wp-json\/wp\/v2\/pages\/17181"}],"wp:attachment":[{"href":"https:\/\/www.suedzucker.pl\/en\/wp-json\/wp\/v2\/media?parent=18832"}],"curies":[{"name":"wp","href":"https:\/\/api.w.org\/{rel}","templated":true}]}}