{"id":18979,"date":"2022-12-13T09:57:30","date_gmt":"2022-12-13T08:57:30","guid":{"rendered":"https:\/\/www.suedzucker.pl\/?page_id=18979"},"modified":"2022-12-13T10:11:35","modified_gmt":"2022-12-13T09:11:35","slug":"standardowe-pdo-2022","status":"publish","type":"page","link":"https:\/\/www.suedzucker.pl\/en\/serwis-plantatorski\/doswiadczenia\/wyniki-doswiadczen-2022\/wyniki-doswiadczen-coboru-pdo-2022\/standardowe-pdo-2022\/","title":{"rendered":"Odmianowe standardowe PDO 2022"},"content":{"rendered":"\n<h4 class=\"wp-block-heading\">PZW % &#8211; Do\u015bwiadczenie odmianowe COBORU PDO 2022<\/h4>\n\n\n<div class=\"wp-block-image\">\n<figure class=\"aligncenter size-large\"><a href=\"https:\/\/www.suedzucker.pl\/wp-content\/uploads\/2022\/12\/PZW.png\"><img loading=\"lazy\" decoding=\"async\" width=\"1024\" height=\"455\" src=\"https:\/\/www.suedzucker.pl\/wp-content\/uploads\/2022\/12\/PZW-1024x455.png\" alt=\"\" class=\"wp-image-18986\" srcset=\"https:\/\/www.suedzucker.pl\/wp-content\/uploads\/2022\/12\/PZW-1024x455.png 1024w, https:\/\/www.suedzucker.pl\/wp-content\/uploads\/2022\/12\/PZW-300x133.png 300w, https:\/\/www.suedzucker.pl\/wp-content\/uploads\/2022\/12\/PZW-768x341.png 768w, https:\/\/www.suedzucker.pl\/wp-content\/uploads\/2022\/12\/PZW-500x222.png 500w, https:\/\/www.suedzucker.pl\/wp-content\/uploads\/2022\/12\/PZW.png 1207w\" sizes=\"auto, (max-width: 1024px) 100vw, 1024px\" \/><\/a><\/figure>\n<\/div>\n\n\n<h4 class=\"wp-block-heading\">Zdrowotno\u015b\u0107 li\u015bci &#8211; Do\u015bwiadczenie odmianowe COBORU PDO 2022<\/h4>\n\n\n<div class=\"wp-block-image\">\n<figure class=\"aligncenter size-large\"><a href=\"https:\/\/www.suedzucker.pl\/wp-content\/uploads\/2022\/12\/Zdrowotnosc-lisci.png\"><img loading=\"lazy\" decoding=\"async\" width=\"1024\" height=\"455\" src=\"https:\/\/www.suedzucker.pl\/wp-content\/uploads\/2022\/12\/Zdrowotnosc-lisci-1024x455.png\" alt=\"\" class=\"wp-image-18988\" srcset=\"https:\/\/www.suedzucker.pl\/wp-content\/uploads\/2022\/12\/Zdrowotnosc-lisci-1024x455.png 1024w, https:\/\/www.suedzucker.pl\/wp-content\/uploads\/2022\/12\/Zdrowotnosc-lisci-300x133.png 300w, https:\/\/www.suedzucker.pl\/wp-content\/uploads\/2022\/12\/Zdrowotnosc-lisci-768x342.png 768w, https:\/\/www.suedzucker.pl\/wp-content\/uploads\/2022\/12\/Zdrowotnosc-lisci-500x222.png 500w, https:\/\/www.suedzucker.pl\/wp-content\/uploads\/2022\/12\/Zdrowotnosc-lisci.png 1221w\" sizes=\"auto, (max-width: 1024px) 100vw, 1024px\" \/><\/a><\/figure>\n<\/div>\n\n\n<h4 class=\"wp-block-heading\">Technologiczny Plon Cukru &#8211; Do\u015bwiadczenie odmianowe COBORU PDO 2022<\/h4>\n\n\n<div class=\"wp-block-image\">\n<figure class=\"aligncenter size-large\"><a href=\"https:\/\/www.suedzucker.pl\/wp-content\/uploads\/2022\/12\/Plon-cukru.png\"><img loading=\"lazy\" decoding=\"async\" width=\"1024\" height=\"470\" src=\"https:\/\/www.suedzucker.pl\/wp-content\/uploads\/2022\/12\/Plon-cukru-1024x470.png\" alt=\"\" class=\"wp-image-18989\" srcset=\"https:\/\/www.suedzucker.pl\/wp-content\/uploads\/2022\/12\/Plon-cukru-1024x470.png 1024w, https:\/\/www.suedzucker.pl\/wp-content\/uploads\/2022\/12\/Plon-cukru-300x138.png 300w, https:\/\/www.suedzucker.pl\/wp-content\/uploads\/2022\/12\/Plon-cukru-768x352.png 768w, https:\/\/www.suedzucker.pl\/wp-content\/uploads\/2022\/12\/Plon-cukru-500x229.png 500w, https:\/\/www.suedzucker.pl\/wp-content\/uploads\/2022\/12\/Plon-cukru.png 1216w\" sizes=\"auto, (max-width: 1024px) 100vw, 1024px\" \/><\/a><\/figure>\n<\/div>\n\n\n<h4 class=\"wp-block-heading\">Plon Korzeni &#8211; Do\u015bwiadczenie odmianowe COBORU PDO 2022<\/h4>\n\n\n<div class=\"wp-block-image\">\n<figure class=\"aligncenter size-large\"><a href=\"https:\/\/www.suedzucker.pl\/wp-content\/uploads\/2022\/12\/Plon-korzeni.png\"><img loading=\"lazy\" decoding=\"async\" width=\"1024\" height=\"473\" src=\"https:\/\/www.suedzucker.pl\/wp-content\/uploads\/2022\/12\/Plon-korzeni-1024x473.png\" alt=\"\" class=\"wp-image-18990\" srcset=\"https:\/\/www.suedzucker.pl\/wp-content\/uploads\/2022\/12\/Plon-korzeni-1024x473.png 1024w, https:\/\/www.suedzucker.pl\/wp-content\/uploads\/2022\/12\/Plon-korzeni-300x139.png 300w, https:\/\/www.suedzucker.pl\/wp-content\/uploads\/2022\/12\/Plon-korzeni-768x355.png 768w, https:\/\/www.suedzucker.pl\/wp-content\/uploads\/2022\/12\/Plon-korzeni-500x231.png 500w, https:\/\/www.suedzucker.pl\/wp-content\/uploads\/2022\/12\/Plon-korzeni.png 1220w\" sizes=\"auto, (max-width: 1024px) 100vw, 1024px\" \/><\/a><\/figure>\n<\/div>\n\n\n<h4 class=\"wp-block-heading\">Polaryzacja &#8211; Do\u015bwiadczenie odmianowe COBORU PDO 2022<\/h4>\n\n\n<div class=\"wp-block-image\">\n<figure class=\"aligncenter size-large\"><a href=\"https:\/\/www.suedzucker.pl\/wp-content\/uploads\/2022\/12\/Polaryzacja.png\"><img loading=\"lazy\" decoding=\"async\" width=\"1024\" height=\"454\" src=\"https:\/\/www.suedzucker.pl\/wp-content\/uploads\/2022\/12\/Polaryzacja-1024x454.png\" alt=\"\" class=\"wp-image-18991\" srcset=\"https:\/\/www.suedzucker.pl\/wp-content\/uploads\/2022\/12\/Polaryzacja-1024x454.png 1024w, https:\/\/www.suedzucker.pl\/wp-content\/uploads\/2022\/12\/Polaryzacja-300x133.png 300w, https:\/\/www.suedzucker.pl\/wp-content\/uploads\/2022\/12\/Polaryzacja-768x340.png 768w, https:\/\/www.suedzucker.pl\/wp-content\/uploads\/2022\/12\/Polaryzacja-500x221.png 500w, https:\/\/www.suedzucker.pl\/wp-content\/uploads\/2022\/12\/Polaryzacja.png 1244w\" sizes=\"auto, (max-width: 1024px) 100vw, 1024px\" \/><\/a><\/figure>\n<\/div>\n\n\n<h4 class=\"wp-block-heading\">Zawarto\u015b\u0107 melasotwor\u00f3w &#8211; Do\u015bwiadczenie odmianowe COBORU PDO 2022<\/h4>\n\n\n<div class=\"wp-block-image\">\n<figure class=\"aligncenter size-large\"><a href=\"https:\/\/www.suedzucker.pl\/wp-content\/uploads\/2022\/12\/Melasotwory.png\"><img loading=\"lazy\" decoding=\"async\" width=\"1024\" height=\"455\" src=\"https:\/\/www.suedzucker.pl\/wp-content\/uploads\/2022\/12\/Melasotwory-1024x455.png\" alt=\"\" class=\"wp-image-18992\" srcset=\"https:\/\/www.suedzucker.pl\/wp-content\/uploads\/2022\/12\/Melasotwory-1024x455.png 1024w, https:\/\/www.suedzucker.pl\/wp-content\/uploads\/2022\/12\/Melasotwory-300x133.png 300w, https:\/\/www.suedzucker.pl\/wp-content\/uploads\/2022\/12\/Melasotwory-768x341.png 768w, https:\/\/www.suedzucker.pl\/wp-content\/uploads\/2022\/12\/Melasotwory-500x222.png 500w, https:\/\/www.suedzucker.pl\/wp-content\/uploads\/2022\/12\/Melasotwory.png 1256w\" sizes=\"auto, (max-width: 1024px) 100vw, 1024px\" \/><\/a><\/figure>\n<\/div>","protected":false},"excerpt":{"rendered":"<p>PZW % &#8211; Do\u015bwiadczenie odmianowe COBORU PDO 2022 Zdrowotno\u015b\u0107 li\u015bci &#8211; Do\u015bwiadczenie odmianowe COBORU PDO 2022 Technologiczny Plon Cukru &#8211; Do\u015bwiadczenie odmianowe COBORU PDO 2022 Plon Korzeni &#8211; Do\u015bwiadczenie odmianowe&#8230;<\/p>\n","protected":false},"author":4,"featured_media":0,"parent":18977,"menu_order":0,"comment_status":"closed","ping_status":"closed","template":"","meta":{"_acf_changed":false,"inline_featured_image":false,"footnotes":"","_wp_rev_ctl_limit":""},"class_list":["post-18979","page","type-page","status-publish","hentry"],"acf":[],"yoast_head":"<!-- This site is optimized with the Yoast SEO plugin v27.3 - https:\/\/yoast.com\/product\/yoast-seo-wordpress\/ -->\n<title>Odmianowe standardowe PDO 2022 - S\u00fcdzucker Polska<\/title>\n<meta name=\"robots\" content=\"index, follow, max-snippet:-1, max-image-preview:large, max-video-preview:-1\" \/>\n<link rel=\"canonical\" href=\"https:\/\/www.suedzucker.pl\/serwis-plantatorski\/doswiadczenia\/wyniki-doswiadczen-2022\/wyniki-doswiadczen-coboru-pdo-2022\/standardowe-pdo-2022\/\" \/>\n<meta property=\"og:locale\" content=\"en_US\" \/>\n<meta property=\"og:type\" content=\"article\" \/>\n<meta property=\"og:title\" content=\"Odmianowe standardowe PDO 2022 - S\u00fcdzucker Polska\" \/>\n<meta property=\"og:description\" content=\"PZW % &#8211; Do\u015bwiadczenie odmianowe COBORU PDO 2022 Zdrowotno\u015b\u0107 li\u015bci &#8211; Do\u015bwiadczenie odmianowe COBORU PDO 2022 Technologiczny Plon Cukru &#8211; Do\u015bwiadczenie odmianowe COBORU PDO 2022 Plon Korzeni &#8211; Do\u015bwiadczenie odmianowe...\" \/>\n<meta property=\"og:url\" content=\"https:\/\/www.suedzucker.pl\/serwis-plantatorski\/doswiadczenia\/wyniki-doswiadczen-2022\/wyniki-doswiadczen-coboru-pdo-2022\/standardowe-pdo-2022\/\" \/>\n<meta property=\"og:site_name\" content=\"S\u00fcdzucker Polska\" \/>\n<meta property=\"article:modified_time\" content=\"2022-12-13T09:11:35+00:00\" \/>\n<meta property=\"og:image\" content=\"https:\/\/www.suedzucker.pl\/wp-content\/uploads\/2022\/12\/PZW-1024x455.png\" \/>\n<meta name=\"twitter:card\" content=\"summary_large_image\" \/>\n<meta name=\"twitter:label1\" content=\"Est. reading time\" \/>\n\t<meta name=\"twitter:data1\" content=\"2 minutes\" \/>\n<script type=\"application\/ld+json\" class=\"yoast-schema-graph\">{\"@context\":\"https:\\\/\\\/schema.org\",\"@graph\":[{\"@type\":\"WebPage\",\"@id\":\"https:\\\/\\\/www.suedzucker.pl\\\/serwis-plantatorski\\\/doswiadczenia\\\/wyniki-doswiadczen-2022\\\/wyniki-doswiadczen-coboru-pdo-2022\\\/standardowe-pdo-2022\\\/\",\"url\":\"https:\\\/\\\/www.suedzucker.pl\\\/serwis-plantatorski\\\/doswiadczenia\\\/wyniki-doswiadczen-2022\\\/wyniki-doswiadczen-coboru-pdo-2022\\\/standardowe-pdo-2022\\\/\",\"name\":\"Odmianowe standardowe PDO 2022 - S\u00fcdzucker Polska\",\"isPartOf\":{\"@id\":\"https:\\\/\\\/www.suedzucker.pl\\\/en\\\/#website\"},\"primaryImageOfPage\":{\"@id\":\"https:\\\/\\\/www.suedzucker.pl\\\/serwis-plantatorski\\\/doswiadczenia\\\/wyniki-doswiadczen-2022\\\/wyniki-doswiadczen-coboru-pdo-2022\\\/standardowe-pdo-2022\\\/#primaryimage\"},\"image\":{\"@id\":\"https:\\\/\\\/www.suedzucker.pl\\\/serwis-plantatorski\\\/doswiadczenia\\\/wyniki-doswiadczen-2022\\\/wyniki-doswiadczen-coboru-pdo-2022\\\/standardowe-pdo-2022\\\/#primaryimage\"},\"thumbnailUrl\":\"https:\\\/\\\/www.suedzucker.pl\\\/wp-content\\\/uploads\\\/2022\\\/12\\\/PZW-1024x455.png\",\"datePublished\":\"2022-12-13T08:57:30+00:00\",\"dateModified\":\"2022-12-13T09:11:35+00:00\",\"breadcrumb\":{\"@id\":\"https:\\\/\\\/www.suedzucker.pl\\\/serwis-plantatorski\\\/doswiadczenia\\\/wyniki-doswiadczen-2022\\\/wyniki-doswiadczen-coboru-pdo-2022\\\/standardowe-pdo-2022\\\/#breadcrumb\"},\"inLanguage\":\"en-US\",\"potentialAction\":[{\"@type\":\"ReadAction\",\"target\":[\"https:\\\/\\\/www.suedzucker.pl\\\/serwis-plantatorski\\\/doswiadczenia\\\/wyniki-doswiadczen-2022\\\/wyniki-doswiadczen-coboru-pdo-2022\\\/standardowe-pdo-2022\\\/\"]}]},{\"@type\":\"ImageObject\",\"inLanguage\":\"en-US\",\"@id\":\"https:\\\/\\\/www.suedzucker.pl\\\/serwis-plantatorski\\\/doswiadczenia\\\/wyniki-doswiadczen-2022\\\/wyniki-doswiadczen-coboru-pdo-2022\\\/standardowe-pdo-2022\\\/#primaryimage\",\"url\":\"https:\\\/\\\/www.suedzucker.pl\\\/wp-content\\\/uploads\\\/2022\\\/12\\\/PZW-1024x455.png\",\"contentUrl\":\"https:\\\/\\\/www.suedzucker.pl\\\/wp-content\\\/uploads\\\/2022\\\/12\\\/PZW-1024x455.png\"},{\"@type\":\"BreadcrumbList\",\"@id\":\"https:\\\/\\\/www.suedzucker.pl\\\/serwis-plantatorski\\\/doswiadczenia\\\/wyniki-doswiadczen-2022\\\/wyniki-doswiadczen-coboru-pdo-2022\\\/standardowe-pdo-2022\\\/#breadcrumb\",\"itemListElement\":[{\"@type\":\"ListItem\",\"position\":1,\"name\":\"Home page\",\"item\":\"https:\\\/\\\/www.suedzucker.pl\\\/en\\\/serwis-plantatorski\\\/\"},{\"@type\":\"ListItem\",\"position\":2,\"name\":\"Do\u015bwiadczenia\",\"item\":\"https:\\\/\\\/www.suedzucker.pl\\\/serwis-plantatorski\\\/doswiadczenia\\\/\"},{\"@type\":\"ListItem\",\"position\":3,\"name\":\"Wyniki do\u015bwiadcze\u0144 2022\",\"item\":\"https:\\\/\\\/www.suedzucker.pl\\\/serwis-plantatorski\\\/doswiadczenia\\\/wyniki-doswiadczen-2022\\\/\"},{\"@type\":\"ListItem\",\"position\":4,\"name\":\"Wyniki do\u015bwiadcze\u0144 COBORU PDO 2022\",\"item\":\"https:\\\/\\\/www.suedzucker.pl\\\/serwis-plantatorski\\\/doswiadczenia\\\/wyniki-doswiadczen-2022\\\/wyniki-doswiadczen-coboru-pdo-2022\\\/\"},{\"@type\":\"ListItem\",\"position\":5,\"name\":\"Odmianowe standardowe PDO 2022\"}]},{\"@type\":\"WebSite\",\"@id\":\"https:\\\/\\\/www.suedzucker.pl\\\/en\\\/#website\",\"url\":\"https:\\\/\\\/www.suedzucker.pl\\\/en\\\/\",\"name\":\"S\u00fcdzucker Polska\",\"description\":\"Jeste\u015bmy wiod\u0105cym producentem cukru w Polsce\",\"potentialAction\":[{\"@type\":\"SearchAction\",\"target\":{\"@type\":\"EntryPoint\",\"urlTemplate\":\"https:\\\/\\\/www.suedzucker.pl\\\/en\\\/?s={search_term_string}\"},\"query-input\":{\"@type\":\"PropertyValueSpecification\",\"valueRequired\":true,\"valueName\":\"search_term_string\"}}],\"inLanguage\":\"en-US\"}]}<\/script>\n<!-- \/ Yoast SEO plugin. -->","yoast_head_json":{"title":"Odmianowe standardowe PDO 2022 - S\u00fcdzucker Polska","robots":{"index":"index","follow":"follow","max-snippet":"max-snippet:-1","max-image-preview":"max-image-preview:large","max-video-preview":"max-video-preview:-1"},"canonical":"https:\/\/www.suedzucker.pl\/serwis-plantatorski\/doswiadczenia\/wyniki-doswiadczen-2022\/wyniki-doswiadczen-coboru-pdo-2022\/standardowe-pdo-2022\/","og_locale":"en_US","og_type":"article","og_title":"Odmianowe standardowe PDO 2022 - S\u00fcdzucker Polska","og_description":"PZW % &#8211; Do\u015bwiadczenie odmianowe COBORU PDO 2022 Zdrowotno\u015b\u0107 li\u015bci &#8211; Do\u015bwiadczenie odmianowe COBORU PDO 2022 Technologiczny Plon Cukru &#8211; Do\u015bwiadczenie odmianowe COBORU PDO 2022 Plon Korzeni &#8211; Do\u015bwiadczenie odmianowe...","og_url":"https:\/\/www.suedzucker.pl\/serwis-plantatorski\/doswiadczenia\/wyniki-doswiadczen-2022\/wyniki-doswiadczen-coboru-pdo-2022\/standardowe-pdo-2022\/","og_site_name":"S\u00fcdzucker Polska","article_modified_time":"2022-12-13T09:11:35+00:00","og_image":[{"url":"https:\/\/www.suedzucker.pl\/wp-content\/uploads\/2022\/12\/PZW-1024x455.png","type":"","width":"","height":""}],"twitter_card":"summary_large_image","twitter_misc":{"Est. reading time":"2 minutes"},"schema":{"@context":"https:\/\/schema.org","@graph":[{"@type":"WebPage","@id":"https:\/\/www.suedzucker.pl\/serwis-plantatorski\/doswiadczenia\/wyniki-doswiadczen-2022\/wyniki-doswiadczen-coboru-pdo-2022\/standardowe-pdo-2022\/","url":"https:\/\/www.suedzucker.pl\/serwis-plantatorski\/doswiadczenia\/wyniki-doswiadczen-2022\/wyniki-doswiadczen-coboru-pdo-2022\/standardowe-pdo-2022\/","name":"Odmianowe standardowe PDO 2022 - S\u00fcdzucker Polska","isPartOf":{"@id":"https:\/\/www.suedzucker.pl\/en\/#website"},"primaryImageOfPage":{"@id":"https:\/\/www.suedzucker.pl\/serwis-plantatorski\/doswiadczenia\/wyniki-doswiadczen-2022\/wyniki-doswiadczen-coboru-pdo-2022\/standardowe-pdo-2022\/#primaryimage"},"image":{"@id":"https:\/\/www.suedzucker.pl\/serwis-plantatorski\/doswiadczenia\/wyniki-doswiadczen-2022\/wyniki-doswiadczen-coboru-pdo-2022\/standardowe-pdo-2022\/#primaryimage"},"thumbnailUrl":"https:\/\/www.suedzucker.pl\/wp-content\/uploads\/2022\/12\/PZW-1024x455.png","datePublished":"2022-12-13T08:57:30+00:00","dateModified":"2022-12-13T09:11:35+00:00","breadcrumb":{"@id":"https:\/\/www.suedzucker.pl\/serwis-plantatorski\/doswiadczenia\/wyniki-doswiadczen-2022\/wyniki-doswiadczen-coboru-pdo-2022\/standardowe-pdo-2022\/#breadcrumb"},"inLanguage":"en-US","potentialAction":[{"@type":"ReadAction","target":["https:\/\/www.suedzucker.pl\/serwis-plantatorski\/doswiadczenia\/wyniki-doswiadczen-2022\/wyniki-doswiadczen-coboru-pdo-2022\/standardowe-pdo-2022\/"]}]},{"@type":"ImageObject","inLanguage":"en-US","@id":"https:\/\/www.suedzucker.pl\/serwis-plantatorski\/doswiadczenia\/wyniki-doswiadczen-2022\/wyniki-doswiadczen-coboru-pdo-2022\/standardowe-pdo-2022\/#primaryimage","url":"https:\/\/www.suedzucker.pl\/wp-content\/uploads\/2022\/12\/PZW-1024x455.png","contentUrl":"https:\/\/www.suedzucker.pl\/wp-content\/uploads\/2022\/12\/PZW-1024x455.png"},{"@type":"BreadcrumbList","@id":"https:\/\/www.suedzucker.pl\/serwis-plantatorski\/doswiadczenia\/wyniki-doswiadczen-2022\/wyniki-doswiadczen-coboru-pdo-2022\/standardowe-pdo-2022\/#breadcrumb","itemListElement":[{"@type":"ListItem","position":1,"name":"Home page","item":"https:\/\/www.suedzucker.pl\/en\/serwis-plantatorski\/"},{"@type":"ListItem","position":2,"name":"Do\u015bwiadczenia","item":"https:\/\/www.suedzucker.pl\/serwis-plantatorski\/doswiadczenia\/"},{"@type":"ListItem","position":3,"name":"Wyniki do\u015bwiadcze\u0144 2022","item":"https:\/\/www.suedzucker.pl\/serwis-plantatorski\/doswiadczenia\/wyniki-doswiadczen-2022\/"},{"@type":"ListItem","position":4,"name":"Wyniki do\u015bwiadcze\u0144 COBORU PDO 2022","item":"https:\/\/www.suedzucker.pl\/serwis-plantatorski\/doswiadczenia\/wyniki-doswiadczen-2022\/wyniki-doswiadczen-coboru-pdo-2022\/"},{"@type":"ListItem","position":5,"name":"Odmianowe standardowe PDO 2022"}]},{"@type":"WebSite","@id":"https:\/\/www.suedzucker.pl\/en\/#website","url":"https:\/\/www.suedzucker.pl\/en\/","name":"S\u00fcdzucker Polska","description":"Jeste\u015bmy wiod\u0105cym producentem cukru w Polsce","potentialAction":[{"@type":"SearchAction","target":{"@type":"EntryPoint","urlTemplate":"https:\/\/www.suedzucker.pl\/en\/?s={search_term_string}"},"query-input":{"@type":"PropertyValueSpecification","valueRequired":true,"valueName":"search_term_string"}}],"inLanguage":"en-US"}]}},"_links":{"self":[{"href":"https:\/\/www.suedzucker.pl\/en\/wp-json\/wp\/v2\/pages\/18979","targetHints":{"allow":["GET"]}}],"collection":[{"href":"https:\/\/www.suedzucker.pl\/en\/wp-json\/wp\/v2\/pages"}],"about":[{"href":"https:\/\/www.suedzucker.pl\/en\/wp-json\/wp\/v2\/types\/page"}],"author":[{"embeddable":true,"href":"https:\/\/www.suedzucker.pl\/en\/wp-json\/wp\/v2\/users\/4"}],"replies":[{"embeddable":true,"href":"https:\/\/www.suedzucker.pl\/en\/wp-json\/wp\/v2\/comments?post=18979"}],"version-history":[{"count":3,"href":"https:\/\/www.suedzucker.pl\/en\/wp-json\/wp\/v2\/pages\/18979\/revisions"}],"predecessor-version":[{"id":18993,"href":"https:\/\/www.suedzucker.pl\/en\/wp-json\/wp\/v2\/pages\/18979\/revisions\/18993"}],"up":[{"embeddable":true,"href":"https:\/\/www.suedzucker.pl\/en\/wp-json\/wp\/v2\/pages\/18977"}],"wp:attachment":[{"href":"https:\/\/www.suedzucker.pl\/en\/wp-json\/wp\/v2\/media?parent=18979"}],"curies":[{"name":"wp","href":"https:\/\/api.w.org\/{rel}","templated":true}]}}