{"id":19163,"date":"2023-01-19T11:52:32","date_gmt":"2023-01-19T10:52:32","guid":{"rendered":"https:\/\/www.suedzucker.pl\/?page_id=19163"},"modified":"2023-01-19T12:03:12","modified_gmt":"2023-01-19T11:03:12","slug":"przechowalnictwo-2022","status":"publish","type":"page","link":"https:\/\/www.suedzucker.pl\/en\/serwis-plantatorski\/doswiadczenia\/wyniki-doswiadczen-2022\/przechowalnictwo-2022\/","title":{"rendered":"Przechowalnictwo 2022"},"content":{"rendered":"\n<h4 class=\"wp-block-heading\">Wyniki pomiaru: \u015bredniej temperatury w pryzmie okrytej i temperatur minimalnych powietrza \u2013 do\u015bwiadczenie z przechowalnictwem 2022-2023<\/h4>\n\n\n<div class=\"wp-block-image\">\n<figure class=\"aligncenter size-large\"><a href=\"https:\/\/www.suedzucker.pl\/wp-content\/uploads\/2023\/01\/1.-Temperatura.png\"><img loading=\"lazy\" decoding=\"async\" width=\"1024\" height=\"465\" src=\"https:\/\/www.suedzucker.pl\/wp-content\/uploads\/2023\/01\/1.-Temperatura-1024x465.png\" alt=\"\" class=\"wp-image-19165\" srcset=\"https:\/\/www.suedzucker.pl\/wp-content\/uploads\/2023\/01\/1.-Temperatura-1024x465.png 1024w, https:\/\/www.suedzucker.pl\/wp-content\/uploads\/2023\/01\/1.-Temperatura-300x136.png 300w, https:\/\/www.suedzucker.pl\/wp-content\/uploads\/2023\/01\/1.-Temperatura-768x349.png 768w, https:\/\/www.suedzucker.pl\/wp-content\/uploads\/2023\/01\/1.-Temperatura-500x227.png 500w, https:\/\/www.suedzucker.pl\/wp-content\/uploads\/2023\/01\/1.-Temperatura.png 1255w\" sizes=\"auto, (max-width: 1024px) 100vw, 1024px\" \/><\/a><\/figure>\n<\/div>\n\n\n<h4 class=\"wp-block-heading\">Polaryzacja do\u015bwiadczenie z przechowalnictwem 2022-2023<\/h4>\n\n\n<div class=\"wp-block-image\">\n<figure class=\"aligncenter size-large\"><a href=\"https:\/\/www.suedzucker.pl\/wp-content\/uploads\/2023\/01\/2.-Polaryzacja.png\"><img loading=\"lazy\" decoding=\"async\" width=\"1024\" height=\"421\" src=\"https:\/\/www.suedzucker.pl\/wp-content\/uploads\/2023\/01\/2.-Polaryzacja-1024x421.png\" alt=\"\" class=\"wp-image-19167\" srcset=\"https:\/\/www.suedzucker.pl\/wp-content\/uploads\/2023\/01\/2.-Polaryzacja-1024x421.png 1024w, https:\/\/www.suedzucker.pl\/wp-content\/uploads\/2023\/01\/2.-Polaryzacja-300x123.png 300w, https:\/\/www.suedzucker.pl\/wp-content\/uploads\/2023\/01\/2.-Polaryzacja-768x316.png 768w, https:\/\/www.suedzucker.pl\/wp-content\/uploads\/2023\/01\/2.-Polaryzacja-500x205.png 500w, https:\/\/www.suedzucker.pl\/wp-content\/uploads\/2023\/01\/2.-Polaryzacja.png 1297w\" sizes=\"auto, (max-width: 1024px) 100vw, 1024px\" \/><\/a><\/figure>\n<\/div>\n\n\n<h4 class=\"wp-block-heading\">Ograniczenie strat cukru po zastosowaniu okrycia w\u0142\u00f3knin\u0105 \u2013 0,695 t cukru \/47 dni w stosunku do wariantu bez okrycia \u2013 do\u015bwiadczenie z przechowalnictwem 2022-2022<\/h4>\n\n\n<div class=\"wp-block-image\">\n<figure class=\"aligncenter size-large\"><a href=\"https:\/\/www.suedzucker.pl\/wp-content\/uploads\/2023\/01\/3.-Ogr-strat-cuk.png\"><img loading=\"lazy\" decoding=\"async\" width=\"1024\" height=\"557\" src=\"https:\/\/www.suedzucker.pl\/wp-content\/uploads\/2023\/01\/3.-Ogr-strat-cuk-1024x557.png\" alt=\"\" class=\"wp-image-19168\" srcset=\"https:\/\/www.suedzucker.pl\/wp-content\/uploads\/2023\/01\/3.-Ogr-strat-cuk-1024x557.png 1024w, https:\/\/www.suedzucker.pl\/wp-content\/uploads\/2023\/01\/3.-Ogr-strat-cuk-300x163.png 300w, https:\/\/www.suedzucker.pl\/wp-content\/uploads\/2023\/01\/3.-Ogr-strat-cuk-768x418.png 768w, https:\/\/www.suedzucker.pl\/wp-content\/uploads\/2023\/01\/3.-Ogr-strat-cuk-500x272.png 500w, https:\/\/www.suedzucker.pl\/wp-content\/uploads\/2023\/01\/3.-Ogr-strat-cuk.png 1035w\" sizes=\"auto, (max-width: 1024px) 100vw, 1024px\" \/><\/a><\/figure>\n<\/div>\n\n\n<h4 class=\"wp-block-heading\">Plon korzeni &#8211; Do\u015bwiadczenie z Przechowalnictwem 2022-2023<\/h4>\n\n\n<div class=\"wp-block-image\">\n<figure class=\"aligncenter size-large\"><a href=\"https:\/\/www.suedzucker.pl\/wp-content\/uploads\/2023\/01\/4.-Plon-korzeni.png\"><img loading=\"lazy\" decoding=\"async\" width=\"1024\" height=\"460\" src=\"https:\/\/www.suedzucker.pl\/wp-content\/uploads\/2023\/01\/4.-Plon-korzeni-1024x460.png\" alt=\"\" class=\"wp-image-19169\" srcset=\"https:\/\/www.suedzucker.pl\/wp-content\/uploads\/2023\/01\/4.-Plon-korzeni-1024x460.png 1024w, https:\/\/www.suedzucker.pl\/wp-content\/uploads\/2023\/01\/4.-Plon-korzeni-300x135.png 300w, https:\/\/www.suedzucker.pl\/wp-content\/uploads\/2023\/01\/4.-Plon-korzeni-768x345.png 768w, https:\/\/www.suedzucker.pl\/wp-content\/uploads\/2023\/01\/4.-Plon-korzeni-500x225.png 500w, https:\/\/www.suedzucker.pl\/wp-content\/uploads\/2023\/01\/4.-Plon-korzeni.png 1288w\" sizes=\"auto, (max-width: 1024px) 100vw, 1024px\" \/><\/a><\/figure>\n<\/div>\n\n\n<h4 class=\"wp-block-heading\">Polaryzacja &#8211; Do\u015bwiadczenie z Przechowalnictwem 2022-2023<\/h4>\n\n\n<div class=\"wp-block-image\">\n<figure class=\"aligncenter size-large\"><a href=\"https:\/\/www.suedzucker.pl\/wp-content\/uploads\/2023\/01\/5.-Polaryzacja.png\"><img loading=\"lazy\" decoding=\"async\" width=\"1024\" height=\"455\" src=\"https:\/\/www.suedzucker.pl\/wp-content\/uploads\/2023\/01\/5.-Polaryzacja-1024x455.png\" alt=\"\" class=\"wp-image-19170\" srcset=\"https:\/\/www.suedzucker.pl\/wp-content\/uploads\/2023\/01\/5.-Polaryzacja-1024x455.png 1024w, https:\/\/www.suedzucker.pl\/wp-content\/uploads\/2023\/01\/5.-Polaryzacja-300x133.png 300w, https:\/\/www.suedzucker.pl\/wp-content\/uploads\/2023\/01\/5.-Polaryzacja-768x341.png 768w, https:\/\/www.suedzucker.pl\/wp-content\/uploads\/2023\/01\/5.-Polaryzacja-500x222.png 500w, https:\/\/www.suedzucker.pl\/wp-content\/uploads\/2023\/01\/5.-Polaryzacja.png 1271w\" sizes=\"auto, (max-width: 1024px) 100vw, 1024px\" \/><\/a><\/figure>\n<\/div>\n\n\n<h4 class=\"wp-block-heading\">Technologiczny plon cukru &#8211; Do\u015bwiadczenie z Przechowalnictwem 2022-2023<\/h4>\n\n\n<div class=\"wp-block-image\">\n<figure class=\"aligncenter size-large\"><a href=\"https:\/\/www.suedzucker.pl\/wp-content\/uploads\/2023\/01\/6.-Plon-cukru.png\"><img loading=\"lazy\" decoding=\"async\" width=\"1024\" height=\"444\" src=\"https:\/\/www.suedzucker.pl\/wp-content\/uploads\/2023\/01\/6.-Plon-cukru-1024x444.png\" alt=\"\" class=\"wp-image-19171\" srcset=\"https:\/\/www.suedzucker.pl\/wp-content\/uploads\/2023\/01\/6.-Plon-cukru-1024x444.png 1024w, https:\/\/www.suedzucker.pl\/wp-content\/uploads\/2023\/01\/6.-Plon-cukru-300x130.png 300w, https:\/\/www.suedzucker.pl\/wp-content\/uploads\/2023\/01\/6.-Plon-cukru-768x333.png 768w, https:\/\/www.suedzucker.pl\/wp-content\/uploads\/2023\/01\/6.-Plon-cukru-500x217.png 500w, https:\/\/www.suedzucker.pl\/wp-content\/uploads\/2023\/01\/6.-Plon-cukru.png 1275w\" sizes=\"auto, (max-width: 1024px) 100vw, 1024px\" \/><\/a><\/figure>\n<\/div>\n\n\n<h4 class=\"wp-block-heading\">Do\u015bwiadczenia z Przechowalnictwem 2018\/2019 \u2013 2022\/2023<\/h4>\n\n\n<div class=\"wp-block-image\">\n<figure class=\"aligncenter size-large\"><a href=\"https:\/\/www.suedzucker.pl\/wp-content\/uploads\/2023\/01\/7.-Opis-dosw.png\"><img loading=\"lazy\" decoding=\"async\" width=\"1024\" height=\"420\" src=\"https:\/\/www.suedzucker.pl\/wp-content\/uploads\/2023\/01\/7.-Opis-dosw-1024x420.png\" alt=\"\" class=\"wp-image-19172\" srcset=\"https:\/\/www.suedzucker.pl\/wp-content\/uploads\/2023\/01\/7.-Opis-dosw-1024x420.png 1024w, https:\/\/www.suedzucker.pl\/wp-content\/uploads\/2023\/01\/7.-Opis-dosw-300x123.png 300w, https:\/\/www.suedzucker.pl\/wp-content\/uploads\/2023\/01\/7.-Opis-dosw-768x315.png 768w, https:\/\/www.suedzucker.pl\/wp-content\/uploads\/2023\/01\/7.-Opis-dosw-500x205.png 500w, https:\/\/www.suedzucker.pl\/wp-content\/uploads\/2023\/01\/7.-Opis-dosw.png 1355w\" sizes=\"auto, (max-width: 1024px) 100vw, 1024px\" \/><\/a><\/figure>\n<\/div>\n\n\n<h4 class=\"wp-block-heading\">Do\u015bwiadczenia z Przechowalnictwem 2018\/2019 \u2013 2022\/2023<\/h4>\n\n\n<div class=\"wp-block-image\">\n<figure class=\"aligncenter size-large\"><a href=\"https:\/\/www.suedzucker.pl\/wp-content\/uploads\/2023\/01\/8.-opis-dos.png\"><img loading=\"lazy\" decoding=\"async\" width=\"1024\" height=\"427\" src=\"https:\/\/www.suedzucker.pl\/wp-content\/uploads\/2023\/01\/8.-opis-dos-1024x427.png\" alt=\"\" class=\"wp-image-19173\" srcset=\"https:\/\/www.suedzucker.pl\/wp-content\/uploads\/2023\/01\/8.-opis-dos-1024x427.png 1024w, https:\/\/www.suedzucker.pl\/wp-content\/uploads\/2023\/01\/8.-opis-dos-300x125.png 300w, https:\/\/www.suedzucker.pl\/wp-content\/uploads\/2023\/01\/8.-opis-dos-768x320.png 768w, https:\/\/www.suedzucker.pl\/wp-content\/uploads\/2023\/01\/8.-opis-dos-500x208.png 500w, https:\/\/www.suedzucker.pl\/wp-content\/uploads\/2023\/01\/8.-opis-dos.png 1330w\" sizes=\"auto, (max-width: 1024px) 100vw, 1024px\" \/><\/a><\/figure>\n<\/div>\n\n\n<h4 class=\"wp-block-heading\">Zmniejszenie straty w wyniku zastosowania okrycia za okres przechowania (t cukru\/ha)<\/h4>\n\n\n<div class=\"wp-block-image\">\n<figure class=\"aligncenter size-large\"><a href=\"https:\/\/www.suedzucker.pl\/wp-content\/uploads\/2023\/01\/9.-Zmniejszenie-strat.png\"><img loading=\"lazy\" decoding=\"async\" width=\"1024\" height=\"429\" src=\"https:\/\/www.suedzucker.pl\/wp-content\/uploads\/2023\/01\/9.-Zmniejszenie-strat-1024x429.png\" alt=\"\" class=\"wp-image-19174\" srcset=\"https:\/\/www.suedzucker.pl\/wp-content\/uploads\/2023\/01\/9.-Zmniejszenie-strat-1024x429.png 1024w, https:\/\/www.suedzucker.pl\/wp-content\/uploads\/2023\/01\/9.-Zmniejszenie-strat-300x126.png 300w, https:\/\/www.suedzucker.pl\/wp-content\/uploads\/2023\/01\/9.-Zmniejszenie-strat-768x321.png 768w, https:\/\/www.suedzucker.pl\/wp-content\/uploads\/2023\/01\/9.-Zmniejszenie-strat-500x209.png 500w, https:\/\/www.suedzucker.pl\/wp-content\/uploads\/2023\/01\/9.-Zmniejszenie-strat.png 1283w\" sizes=\"auto, (max-width: 1024px) 100vw, 1024px\" \/><\/a><\/figure>\n<\/div>\n\n\n<h4 class=\"wp-block-heading\">Zmniejszenie straty w wyniku zastosowania okrycia za okres przechowania (t cukru\/ha)<\/h4>\n\n\n<div class=\"wp-block-image\">\n<figure class=\"aligncenter size-large\"><a href=\"https:\/\/www.suedzucker.pl\/wp-content\/uploads\/2023\/01\/10.-Zmniejszenie-strat.png\"><img loading=\"lazy\" decoding=\"async\" width=\"1024\" height=\"439\" src=\"https:\/\/www.suedzucker.pl\/wp-content\/uploads\/2023\/01\/10.-Zmniejszenie-strat-1024x439.png\" alt=\"\" class=\"wp-image-19175\" srcset=\"https:\/\/www.suedzucker.pl\/wp-content\/uploads\/2023\/01\/10.-Zmniejszenie-strat-1024x439.png 1024w, https:\/\/www.suedzucker.pl\/wp-content\/uploads\/2023\/01\/10.-Zmniejszenie-strat-300x129.png 300w, https:\/\/www.suedzucker.pl\/wp-content\/uploads\/2023\/01\/10.-Zmniejszenie-strat-768x329.png 768w, https:\/\/www.suedzucker.pl\/wp-content\/uploads\/2023\/01\/10.-Zmniejszenie-strat-500x214.png 500w, https:\/\/www.suedzucker.pl\/wp-content\/uploads\/2023\/01\/10.-Zmniejszenie-strat.png 1305w\" sizes=\"auto, (max-width: 1024px) 100vw, 1024px\" \/><\/a><\/figure>\n<\/div>","protected":false},"excerpt":{"rendered":"<p>Wyniki pomiaru: \u015bredniej temperatury w pryzmie okrytej i temperatur minimalnych powietrza \u2013 do\u015bwiadczenie z przechowalnictwem 2022-2023 Polaryzacja do\u015bwiadczenie z przechowalnictwem 2022-2023 Ograniczenie strat cukru po zastosowaniu okrycia w\u0142\u00f3knin\u0105 \u2013 0,695&#8230;<\/p>\n","protected":false},"author":4,"featured_media":0,"parent":17181,"menu_order":13,"comment_status":"closed","ping_status":"closed","template":"","meta":{"_acf_changed":false,"inline_featured_image":false,"footnotes":"","_wp_rev_ctl_limit":""},"class_list":["post-19163","page","type-page","status-publish","hentry"],"acf":[],"yoast_head":"<!-- This site is optimized with the Yoast SEO plugin v27.3 - https:\/\/yoast.com\/product\/yoast-seo-wordpress\/ -->\n<title>Przechowalnictwo 2022 - S\u00fcdzucker Polska<\/title>\n<meta name=\"robots\" content=\"index, follow, max-snippet:-1, max-image-preview:large, max-video-preview:-1\" \/>\n<link rel=\"canonical\" href=\"https:\/\/www.suedzucker.pl\/serwis-plantatorski\/doswiadczenia\/wyniki-doswiadczen-2022\/przechowalnictwo-2022\/\" \/>\n<meta property=\"og:locale\" content=\"en_US\" \/>\n<meta property=\"og:type\" content=\"article\" \/>\n<meta property=\"og:title\" content=\"Przechowalnictwo 2022 - S\u00fcdzucker Polska\" \/>\n<meta property=\"og:description\" content=\"Wyniki pomiaru: \u015bredniej temperatury w pryzmie okrytej i temperatur minimalnych powietrza \u2013 do\u015bwiadczenie z przechowalnictwem 2022-2023 Polaryzacja do\u015bwiadczenie z przechowalnictwem 2022-2023 Ograniczenie strat cukru po zastosowaniu okrycia w\u0142\u00f3knin\u0105 \u2013 0,695...\" \/>\n<meta property=\"og:url\" content=\"https:\/\/www.suedzucker.pl\/serwis-plantatorski\/doswiadczenia\/wyniki-doswiadczen-2022\/przechowalnictwo-2022\/\" \/>\n<meta property=\"og:site_name\" content=\"S\u00fcdzucker Polska\" \/>\n<meta property=\"article:modified_time\" content=\"2023-01-19T11:03:12+00:00\" \/>\n<meta property=\"og:image\" content=\"https:\/\/www.suedzucker.pl\/wp-content\/uploads\/2023\/01\/1.-Temperatura-1024x465.png\" \/>\n<meta name=\"twitter:card\" content=\"summary_large_image\" \/>\n<meta name=\"twitter:label1\" content=\"Est. reading time\" \/>\n\t<meta name=\"twitter:data1\" content=\"3 minutes\" \/>\n<script type=\"application\/ld+json\" class=\"yoast-schema-graph\">{\"@context\":\"https:\\\/\\\/schema.org\",\"@graph\":[{\"@type\":\"WebPage\",\"@id\":\"https:\\\/\\\/www.suedzucker.pl\\\/serwis-plantatorski\\\/doswiadczenia\\\/wyniki-doswiadczen-2022\\\/przechowalnictwo-2022\\\/\",\"url\":\"https:\\\/\\\/www.suedzucker.pl\\\/serwis-plantatorski\\\/doswiadczenia\\\/wyniki-doswiadczen-2022\\\/przechowalnictwo-2022\\\/\",\"name\":\"Przechowalnictwo 2022 - S\u00fcdzucker Polska\",\"isPartOf\":{\"@id\":\"https:\\\/\\\/www.suedzucker.pl\\\/en\\\/#website\"},\"primaryImageOfPage\":{\"@id\":\"https:\\\/\\\/www.suedzucker.pl\\\/serwis-plantatorski\\\/doswiadczenia\\\/wyniki-doswiadczen-2022\\\/przechowalnictwo-2022\\\/#primaryimage\"},\"image\":{\"@id\":\"https:\\\/\\\/www.suedzucker.pl\\\/serwis-plantatorski\\\/doswiadczenia\\\/wyniki-doswiadczen-2022\\\/przechowalnictwo-2022\\\/#primaryimage\"},\"thumbnailUrl\":\"https:\\\/\\\/www.suedzucker.pl\\\/wp-content\\\/uploads\\\/2023\\\/01\\\/1.-Temperatura-1024x465.png\",\"datePublished\":\"2023-01-19T10:52:32+00:00\",\"dateModified\":\"2023-01-19T11:03:12+00:00\",\"breadcrumb\":{\"@id\":\"https:\\\/\\\/www.suedzucker.pl\\\/serwis-plantatorski\\\/doswiadczenia\\\/wyniki-doswiadczen-2022\\\/przechowalnictwo-2022\\\/#breadcrumb\"},\"inLanguage\":\"en-US\",\"potentialAction\":[{\"@type\":\"ReadAction\",\"target\":[\"https:\\\/\\\/www.suedzucker.pl\\\/serwis-plantatorski\\\/doswiadczenia\\\/wyniki-doswiadczen-2022\\\/przechowalnictwo-2022\\\/\"]}]},{\"@type\":\"ImageObject\",\"inLanguage\":\"en-US\",\"@id\":\"https:\\\/\\\/www.suedzucker.pl\\\/serwis-plantatorski\\\/doswiadczenia\\\/wyniki-doswiadczen-2022\\\/przechowalnictwo-2022\\\/#primaryimage\",\"url\":\"https:\\\/\\\/www.suedzucker.pl\\\/wp-content\\\/uploads\\\/2023\\\/01\\\/1.-Temperatura-1024x465.png\",\"contentUrl\":\"https:\\\/\\\/www.suedzucker.pl\\\/wp-content\\\/uploads\\\/2023\\\/01\\\/1.-Temperatura-1024x465.png\"},{\"@type\":\"BreadcrumbList\",\"@id\":\"https:\\\/\\\/www.suedzucker.pl\\\/serwis-plantatorski\\\/doswiadczenia\\\/wyniki-doswiadczen-2022\\\/przechowalnictwo-2022\\\/#breadcrumb\",\"itemListElement\":[{\"@type\":\"ListItem\",\"position\":1,\"name\":\"Home page\",\"item\":\"https:\\\/\\\/www.suedzucker.pl\\\/en\\\/serwis-plantatorski\\\/\"},{\"@type\":\"ListItem\",\"position\":2,\"name\":\"Do\u015bwiadczenia\",\"item\":\"https:\\\/\\\/www.suedzucker.pl\\\/serwis-plantatorski\\\/doswiadczenia\\\/\"},{\"@type\":\"ListItem\",\"position\":3,\"name\":\"Wyniki do\u015bwiadcze\u0144 2022\",\"item\":\"https:\\\/\\\/www.suedzucker.pl\\\/serwis-plantatorski\\\/doswiadczenia\\\/wyniki-doswiadczen-2022\\\/\"},{\"@type\":\"ListItem\",\"position\":4,\"name\":\"Przechowalnictwo 2022\"}]},{\"@type\":\"WebSite\",\"@id\":\"https:\\\/\\\/www.suedzucker.pl\\\/en\\\/#website\",\"url\":\"https:\\\/\\\/www.suedzucker.pl\\\/en\\\/\",\"name\":\"S\u00fcdzucker Polska\",\"description\":\"Jeste\u015bmy wiod\u0105cym producentem cukru w Polsce\",\"potentialAction\":[{\"@type\":\"SearchAction\",\"target\":{\"@type\":\"EntryPoint\",\"urlTemplate\":\"https:\\\/\\\/www.suedzucker.pl\\\/en\\\/?s={search_term_string}\"},\"query-input\":{\"@type\":\"PropertyValueSpecification\",\"valueRequired\":true,\"valueName\":\"search_term_string\"}}],\"inLanguage\":\"en-US\"}]}<\/script>\n<!-- \/ Yoast SEO plugin. -->","yoast_head_json":{"title":"Przechowalnictwo 2022 - S\u00fcdzucker Polska","robots":{"index":"index","follow":"follow","max-snippet":"max-snippet:-1","max-image-preview":"max-image-preview:large","max-video-preview":"max-video-preview:-1"},"canonical":"https:\/\/www.suedzucker.pl\/serwis-plantatorski\/doswiadczenia\/wyniki-doswiadczen-2022\/przechowalnictwo-2022\/","og_locale":"en_US","og_type":"article","og_title":"Przechowalnictwo 2022 - S\u00fcdzucker Polska","og_description":"Wyniki pomiaru: \u015bredniej temperatury w pryzmie okrytej i temperatur minimalnych powietrza \u2013 do\u015bwiadczenie z przechowalnictwem 2022-2023 Polaryzacja do\u015bwiadczenie z przechowalnictwem 2022-2023 Ograniczenie strat cukru po zastosowaniu okrycia w\u0142\u00f3knin\u0105 \u2013 0,695...","og_url":"https:\/\/www.suedzucker.pl\/serwis-plantatorski\/doswiadczenia\/wyniki-doswiadczen-2022\/przechowalnictwo-2022\/","og_site_name":"S\u00fcdzucker Polska","article_modified_time":"2023-01-19T11:03:12+00:00","og_image":[{"url":"https:\/\/www.suedzucker.pl\/wp-content\/uploads\/2023\/01\/1.-Temperatura-1024x465.png","type":"","width":"","height":""}],"twitter_card":"summary_large_image","twitter_misc":{"Est. reading time":"3 minutes"},"schema":{"@context":"https:\/\/schema.org","@graph":[{"@type":"WebPage","@id":"https:\/\/www.suedzucker.pl\/serwis-plantatorski\/doswiadczenia\/wyniki-doswiadczen-2022\/przechowalnictwo-2022\/","url":"https:\/\/www.suedzucker.pl\/serwis-plantatorski\/doswiadczenia\/wyniki-doswiadczen-2022\/przechowalnictwo-2022\/","name":"Przechowalnictwo 2022 - S\u00fcdzucker Polska","isPartOf":{"@id":"https:\/\/www.suedzucker.pl\/en\/#website"},"primaryImageOfPage":{"@id":"https:\/\/www.suedzucker.pl\/serwis-plantatorski\/doswiadczenia\/wyniki-doswiadczen-2022\/przechowalnictwo-2022\/#primaryimage"},"image":{"@id":"https:\/\/www.suedzucker.pl\/serwis-plantatorski\/doswiadczenia\/wyniki-doswiadczen-2022\/przechowalnictwo-2022\/#primaryimage"},"thumbnailUrl":"https:\/\/www.suedzucker.pl\/wp-content\/uploads\/2023\/01\/1.-Temperatura-1024x465.png","datePublished":"2023-01-19T10:52:32+00:00","dateModified":"2023-01-19T11:03:12+00:00","breadcrumb":{"@id":"https:\/\/www.suedzucker.pl\/serwis-plantatorski\/doswiadczenia\/wyniki-doswiadczen-2022\/przechowalnictwo-2022\/#breadcrumb"},"inLanguage":"en-US","potentialAction":[{"@type":"ReadAction","target":["https:\/\/www.suedzucker.pl\/serwis-plantatorski\/doswiadczenia\/wyniki-doswiadczen-2022\/przechowalnictwo-2022\/"]}]},{"@type":"ImageObject","inLanguage":"en-US","@id":"https:\/\/www.suedzucker.pl\/serwis-plantatorski\/doswiadczenia\/wyniki-doswiadczen-2022\/przechowalnictwo-2022\/#primaryimage","url":"https:\/\/www.suedzucker.pl\/wp-content\/uploads\/2023\/01\/1.-Temperatura-1024x465.png","contentUrl":"https:\/\/www.suedzucker.pl\/wp-content\/uploads\/2023\/01\/1.-Temperatura-1024x465.png"},{"@type":"BreadcrumbList","@id":"https:\/\/www.suedzucker.pl\/serwis-plantatorski\/doswiadczenia\/wyniki-doswiadczen-2022\/przechowalnictwo-2022\/#breadcrumb","itemListElement":[{"@type":"ListItem","position":1,"name":"Home page","item":"https:\/\/www.suedzucker.pl\/en\/serwis-plantatorski\/"},{"@type":"ListItem","position":2,"name":"Do\u015bwiadczenia","item":"https:\/\/www.suedzucker.pl\/serwis-plantatorski\/doswiadczenia\/"},{"@type":"ListItem","position":3,"name":"Wyniki do\u015bwiadcze\u0144 2022","item":"https:\/\/www.suedzucker.pl\/serwis-plantatorski\/doswiadczenia\/wyniki-doswiadczen-2022\/"},{"@type":"ListItem","position":4,"name":"Przechowalnictwo 2022"}]},{"@type":"WebSite","@id":"https:\/\/www.suedzucker.pl\/en\/#website","url":"https:\/\/www.suedzucker.pl\/en\/","name":"S\u00fcdzucker Polska","description":"Jeste\u015bmy wiod\u0105cym producentem cukru w Polsce","potentialAction":[{"@type":"SearchAction","target":{"@type":"EntryPoint","urlTemplate":"https:\/\/www.suedzucker.pl\/en\/?s={search_term_string}"},"query-input":{"@type":"PropertyValueSpecification","valueRequired":true,"valueName":"search_term_string"}}],"inLanguage":"en-US"}]}},"_links":{"self":[{"href":"https:\/\/www.suedzucker.pl\/en\/wp-json\/wp\/v2\/pages\/19163","targetHints":{"allow":["GET"]}}],"collection":[{"href":"https:\/\/www.suedzucker.pl\/en\/wp-json\/wp\/v2\/pages"}],"about":[{"href":"https:\/\/www.suedzucker.pl\/en\/wp-json\/wp\/v2\/types\/page"}],"author":[{"embeddable":true,"href":"https:\/\/www.suedzucker.pl\/en\/wp-json\/wp\/v2\/users\/4"}],"replies":[{"embeddable":true,"href":"https:\/\/www.suedzucker.pl\/en\/wp-json\/wp\/v2\/comments?post=19163"}],"version-history":[{"count":2,"href":"https:\/\/www.suedzucker.pl\/en\/wp-json\/wp\/v2\/pages\/19163\/revisions"}],"predecessor-version":[{"id":19176,"href":"https:\/\/www.suedzucker.pl\/en\/wp-json\/wp\/v2\/pages\/19163\/revisions\/19176"}],"up":[{"embeddable":true,"href":"https:\/\/www.suedzucker.pl\/en\/wp-json\/wp\/v2\/pages\/17181"}],"wp:attachment":[{"href":"https:\/\/www.suedzucker.pl\/en\/wp-json\/wp\/v2\/media?parent=19163"}],"curies":[{"name":"wp","href":"https:\/\/api.w.org\/{rel}","templated":true}]}}