{"id":1955,"date":"2020-07-17T12:25:41","date_gmt":"2020-07-17T10:25:41","guid":{"rendered":"http:\/\/suedzucker.pl\/?page_id=1955"},"modified":"2020-08-03T19:32:35","modified_gmt":"2020-08-03T17:32:35","slug":"odmianowe-z-dwoma-poziomami-ochrony-fungicydowej","status":"publish","type":"page","link":"https:\/\/www.suedzucker.pl\/en\/serwis-plantatorski\/doswiadczenia\/wyniki-doswiadczen-2019\/odmianowe\/odmianowe-z-dwoma-poziomami-ochrony-fungicydowej\/","title":{"rendered":"Odmianowe z dwoma poziomami ochrony fungicydowej"},"content":{"rendered":"\n<h4 class=\"wp-block-heading\">\u015arednia Zdrowotno\u015b\u0107 li\u015bci \u2013 Do\u015bwiadczenie odmianowe&nbsp;&#8211;&nbsp;seria&nbsp;z dwoma poziomami ochrony fungicydowej 2019<\/h4>\n\n\n\n<figure class=\"wp-block-image size-large\"><img loading=\"lazy\" decoding=\"async\" width=\"1024\" height=\"391\" src=\"http:\/\/suedzucker.pl\/wp-content\/uploads\/2020\/07\/rednia-zdrowotnosc-lisci-dosw-odm-2-poz-ochrony-2019.png\" alt=\"\" class=\"wp-image-4036\" srcset=\"https:\/\/www.suedzucker.pl\/wp-content\/uploads\/2020\/07\/rednia-zdrowotnosc-lisci-dosw-odm-2-poz-ochrony-2019.png 1024w, https:\/\/www.suedzucker.pl\/wp-content\/uploads\/2020\/07\/rednia-zdrowotnosc-lisci-dosw-odm-2-poz-ochrony-2019-300x115.png 300w, https:\/\/www.suedzucker.pl\/wp-content\/uploads\/2020\/07\/rednia-zdrowotnosc-lisci-dosw-odm-2-poz-ochrony-2019-768x293.png 768w, https:\/\/www.suedzucker.pl\/wp-content\/uploads\/2020\/07\/rednia-zdrowotnosc-lisci-dosw-odm-2-poz-ochrony-2019-500x191.png 500w\" sizes=\"auto, (max-width: 1024px) 100vw, 1024px\" \/><\/figure>\n\n\n\n<h4 class=\"wp-block-heading\">\u015aredni Technologiczny Plon&nbsp;Cukru \u2013&nbsp;Do\u015bwiadczenie odmianowe&nbsp;&#8211;&nbsp;seria&nbsp;z dwoma poziomami ochrony fungicydowej 2019<\/h4>\n\n\n\n<figure class=\"wp-block-image size-large\"><img loading=\"lazy\" decoding=\"async\" width=\"1024\" height=\"385\" src=\"http:\/\/suedzucker.pl\/wp-content\/uploads\/2020\/07\/redni-technologiczny-plon-cukru-dosw-odm-2-poz-ochrony-2019.png\" alt=\"\" class=\"wp-image-4037\" srcset=\"https:\/\/www.suedzucker.pl\/wp-content\/uploads\/2020\/07\/redni-technologiczny-plon-cukru-dosw-odm-2-poz-ochrony-2019.png 1024w, https:\/\/www.suedzucker.pl\/wp-content\/uploads\/2020\/07\/redni-technologiczny-plon-cukru-dosw-odm-2-poz-ochrony-2019-300x113.png 300w, https:\/\/www.suedzucker.pl\/wp-content\/uploads\/2020\/07\/redni-technologiczny-plon-cukru-dosw-odm-2-poz-ochrony-2019-768x289.png 768w, https:\/\/www.suedzucker.pl\/wp-content\/uploads\/2020\/07\/redni-technologiczny-plon-cukru-dosw-odm-2-poz-ochrony-2019-500x188.png 500w\" sizes=\"auto, (max-width: 1024px) 100vw, 1024px\" \/><\/figure>\n\n\n\n<h4 class=\"wp-block-heading\">\u015aredni Technologiczny Plon&nbsp;Cukru \u2013&nbsp;Do\u015bwiadczenie odmianowe&nbsp;&#8211;&nbsp;seria&nbsp;z dwoma poziomami ochrony fungicydowej 2019<\/h4>\n\n\n\n<figure class=\"wp-block-image size-large\"><img loading=\"lazy\" decoding=\"async\" width=\"1024\" height=\"386\" src=\"http:\/\/suedzucker.pl\/wp-content\/uploads\/2020\/07\/redni-plon-korzeni-dosw-odm-2-poz-ochrony-2019.png\" alt=\"\" class=\"wp-image-4038\" srcset=\"https:\/\/www.suedzucker.pl\/wp-content\/uploads\/2020\/07\/redni-plon-korzeni-dosw-odm-2-poz-ochrony-2019.png 1024w, https:\/\/www.suedzucker.pl\/wp-content\/uploads\/2020\/07\/redni-plon-korzeni-dosw-odm-2-poz-ochrony-2019-300x113.png 300w, https:\/\/www.suedzucker.pl\/wp-content\/uploads\/2020\/07\/redni-plon-korzeni-dosw-odm-2-poz-ochrony-2019-768x290.png 768w, https:\/\/www.suedzucker.pl\/wp-content\/uploads\/2020\/07\/redni-plon-korzeni-dosw-odm-2-poz-ochrony-2019-500x188.png 500w\" sizes=\"auto, (max-width: 1024px) 100vw, 1024px\" \/><\/figure>\n\n\n\n<h4 class=\"wp-block-heading\">\u015arednia Polaryzacja&nbsp;\u2013 Do\u015bwiadczenie&nbsp;odmianowe&nbsp;&#8211;&nbsp;seria z dwoma poziomami ochrony fungicydowej&nbsp;2019<\/h4>\n\n\n\n<figure class=\"wp-block-image size-large\"><img loading=\"lazy\" decoding=\"async\" width=\"1024\" height=\"398\" src=\"http:\/\/suedzucker.pl\/wp-content\/uploads\/2020\/07\/rednia-polaryzacja-dosw-odm-2-poz-ochrony-2019.png\" alt=\"\" class=\"wp-image-4039\" srcset=\"https:\/\/www.suedzucker.pl\/wp-content\/uploads\/2020\/07\/rednia-polaryzacja-dosw-odm-2-poz-ochrony-2019.png 1024w, https:\/\/www.suedzucker.pl\/wp-content\/uploads\/2020\/07\/rednia-polaryzacja-dosw-odm-2-poz-ochrony-2019-300x117.png 300w, https:\/\/www.suedzucker.pl\/wp-content\/uploads\/2020\/07\/rednia-polaryzacja-dosw-odm-2-poz-ochrony-2019-768x299.png 768w, https:\/\/www.suedzucker.pl\/wp-content\/uploads\/2020\/07\/rednia-polaryzacja-dosw-odm-2-poz-ochrony-2019-500x194.png 500w\" sizes=\"auto, (max-width: 1024px) 100vw, 1024px\" \/><\/figure>\n\n\n\n<h4 class=\"wp-block-heading\">Zdrowotno\u015b\u0107 li\u015bci \u2013 Do\u015bwiadczenie odmianowe&nbsp;&#8211;&nbsp;seria&nbsp;z dwoma poziomami ochrony fungicydowej&nbsp;2019<\/h4>\n\n\n\n<figure class=\"wp-block-image size-large\"><img loading=\"lazy\" decoding=\"async\" width=\"1024\" height=\"463\" src=\"http:\/\/suedzucker.pl\/wp-content\/uploads\/2020\/07\/zdrowotnosc-lisci-dosw-odm-2-poz-ochrony-2019.png\" alt=\"\" class=\"wp-image-4042\" srcset=\"https:\/\/www.suedzucker.pl\/wp-content\/uploads\/2020\/07\/zdrowotnosc-lisci-dosw-odm-2-poz-ochrony-2019.png 1024w, https:\/\/www.suedzucker.pl\/wp-content\/uploads\/2020\/07\/zdrowotnosc-lisci-dosw-odm-2-poz-ochrony-2019-300x136.png 300w, https:\/\/www.suedzucker.pl\/wp-content\/uploads\/2020\/07\/zdrowotnosc-lisci-dosw-odm-2-poz-ochrony-2019-768x347.png 768w, https:\/\/www.suedzucker.pl\/wp-content\/uploads\/2020\/07\/zdrowotnosc-lisci-dosw-odm-2-poz-ochrony-2019-500x226.png 500w\" sizes=\"auto, (max-width: 1024px) 100vw, 1024px\" \/><\/figure>\n\n\n\n<h4 class=\"wp-block-heading\">Technologiczny Plon&nbsp;Cukru \u2013&nbsp;Do\u015bwiadczenie odmianowe&nbsp;&#8211;&nbsp;seria&nbsp;z dwoma poziomami ochrony fungicydowej&nbsp;2019<\/h4>\n\n\n\n<figure class=\"wp-block-image size-large\"><img loading=\"lazy\" decoding=\"async\" width=\"1024\" height=\"467\" src=\"http:\/\/suedzucker.pl\/wp-content\/uploads\/2020\/07\/technologiczny-plon-cukru-dosw-odm-2-poz-ochrony-2019.png\" alt=\"\" class=\"wp-image-4043\" srcset=\"https:\/\/www.suedzucker.pl\/wp-content\/uploads\/2020\/07\/technologiczny-plon-cukru-dosw-odm-2-poz-ochrony-2019.png 1024w, https:\/\/www.suedzucker.pl\/wp-content\/uploads\/2020\/07\/technologiczny-plon-cukru-dosw-odm-2-poz-ochrony-2019-300x137.png 300w, https:\/\/www.suedzucker.pl\/wp-content\/uploads\/2020\/07\/technologiczny-plon-cukru-dosw-odm-2-poz-ochrony-2019-768x350.png 768w, https:\/\/www.suedzucker.pl\/wp-content\/uploads\/2020\/07\/technologiczny-plon-cukru-dosw-odm-2-poz-ochrony-2019-500x228.png 500w\" sizes=\"auto, (max-width: 1024px) 100vw, 1024px\" \/><\/figure>\n\n\n\n<h4 class=\"wp-block-heading\">Plon Korzeni \u2013 Do\u015bwiadczenie&nbsp;odmianowe-&nbsp;seria z dwoma poziomami ochrony fungicydowej 2019<\/h4>\n\n\n\n<figure class=\"wp-block-image size-large\"><img loading=\"lazy\" decoding=\"async\" width=\"1024\" height=\"465\" src=\"http:\/\/suedzucker.pl\/wp-content\/uploads\/2020\/07\/plon-korzeni-dosw-odm-2-poz-ochrony-2019.png\" alt=\"\" class=\"wp-image-4044\" srcset=\"https:\/\/www.suedzucker.pl\/wp-content\/uploads\/2020\/07\/plon-korzeni-dosw-odm-2-poz-ochrony-2019.png 1024w, https:\/\/www.suedzucker.pl\/wp-content\/uploads\/2020\/07\/plon-korzeni-dosw-odm-2-poz-ochrony-2019-300x136.png 300w, https:\/\/www.suedzucker.pl\/wp-content\/uploads\/2020\/07\/plon-korzeni-dosw-odm-2-poz-ochrony-2019-768x349.png 768w, https:\/\/www.suedzucker.pl\/wp-content\/uploads\/2020\/07\/plon-korzeni-dosw-odm-2-poz-ochrony-2019-500x227.png 500w\" sizes=\"auto, (max-width: 1024px) 100vw, 1024px\" \/><\/figure>\n\n\n\n<h4 class=\"wp-block-heading\">Polaryzacja \u2013 Do\u015bwiadczenie&nbsp;odmianowe-&nbsp;seria z dwoma poziomami ochrony fungicydowej 2019<\/h4>\n\n\n\n<figure class=\"wp-block-image size-large\"><img loading=\"lazy\" decoding=\"async\" width=\"1024\" height=\"455\" src=\"http:\/\/suedzucker.pl\/wp-content\/uploads\/2020\/07\/polaryzacja-dosw-odm-2-poz-ochrony-2019.png\" alt=\"\" class=\"wp-image-4045\" srcset=\"https:\/\/www.suedzucker.pl\/wp-content\/uploads\/2020\/07\/polaryzacja-dosw-odm-2-poz-ochrony-2019.png 1024w, https:\/\/www.suedzucker.pl\/wp-content\/uploads\/2020\/07\/polaryzacja-dosw-odm-2-poz-ochrony-2019-300x133.png 300w, https:\/\/www.suedzucker.pl\/wp-content\/uploads\/2020\/07\/polaryzacja-dosw-odm-2-poz-ochrony-2019-768x341.png 768w, https:\/\/www.suedzucker.pl\/wp-content\/uploads\/2020\/07\/polaryzacja-dosw-odm-2-poz-ochrony-2019-500x222.png 500w\" sizes=\"auto, (max-width: 1024px) 100vw, 1024px\" \/><\/figure>\n\n\n\n<h4 class=\"wp-block-heading\">\u015arednia Zdrowotno\u015b\u0107 li\u015bci \u2013 Do\u015bwiadczenie odmianowe&nbsp;&#8211;&nbsp;seria&nbsp;z dwoma poziomami ochrony fungicydowej 2012-2019<\/h4>\n\n\n\n<figure class=\"wp-block-image size-large\"><img loading=\"lazy\" decoding=\"async\" width=\"1024\" height=\"417\" src=\"http:\/\/suedzucker.pl\/wp-content\/uploads\/2020\/07\/rednia-zdrowotnosc-lisci-dosw-odm-2-poz-ochrony-2012-2019.png\" alt=\"\" class=\"wp-image-4046\" srcset=\"https:\/\/www.suedzucker.pl\/wp-content\/uploads\/2020\/07\/rednia-zdrowotnosc-lisci-dosw-odm-2-poz-ochrony-2012-2019.png 1024w, https:\/\/www.suedzucker.pl\/wp-content\/uploads\/2020\/07\/rednia-zdrowotnosc-lisci-dosw-odm-2-poz-ochrony-2012-2019-300x122.png 300w, https:\/\/www.suedzucker.pl\/wp-content\/uploads\/2020\/07\/rednia-zdrowotnosc-lisci-dosw-odm-2-poz-ochrony-2012-2019-768x313.png 768w, https:\/\/www.suedzucker.pl\/wp-content\/uploads\/2020\/07\/rednia-zdrowotnosc-lisci-dosw-odm-2-poz-ochrony-2012-2019-500x204.png 500w\" sizes=\"auto, (max-width: 1024px) 100vw, 1024px\" \/><\/figure>\n\n\n\n<h4 class=\"wp-block-heading\">\u015aredni Technologiczny Plon&nbsp;Cukru \u2013&nbsp;Do\u015bwiadczenie odmianowe&nbsp;&#8211;&nbsp;seria&nbsp;z dwoma poziomami ochrony fungicydowej 2012-2019<\/h4>\n\n\n\n<figure class=\"wp-block-image size-large\"><img loading=\"lazy\" decoding=\"async\" width=\"1024\" height=\"403\" src=\"http:\/\/suedzucker.pl\/wp-content\/uploads\/2020\/07\/redni-technologiczny-plon-cukru-dosw-odm-2-poz-ochrony-2012-2019.png\" alt=\"\" class=\"wp-image-4047\" srcset=\"https:\/\/www.suedzucker.pl\/wp-content\/uploads\/2020\/07\/redni-technologiczny-plon-cukru-dosw-odm-2-poz-ochrony-2012-2019.png 1024w, https:\/\/www.suedzucker.pl\/wp-content\/uploads\/2020\/07\/redni-technologiczny-plon-cukru-dosw-odm-2-poz-ochrony-2012-2019-300x118.png 300w, https:\/\/www.suedzucker.pl\/wp-content\/uploads\/2020\/07\/redni-technologiczny-plon-cukru-dosw-odm-2-poz-ochrony-2012-2019-768x302.png 768w, https:\/\/www.suedzucker.pl\/wp-content\/uploads\/2020\/07\/redni-technologiczny-plon-cukru-dosw-odm-2-poz-ochrony-2012-2019-500x197.png 500w\" sizes=\"auto, (max-width: 1024px) 100vw, 1024px\" \/><\/figure>\n\n\n\n<h4 class=\"wp-block-heading\">\u015aredni Plon&nbsp;Korzeni \u2013 Do\u015bwiadczenie&nbsp;odmianowe-&nbsp;seria z dwoma poziomami ochrony fungicydowej&nbsp;2012-2019<\/h4>\n\n\n\n<figure class=\"wp-block-image size-large\"><img loading=\"lazy\" decoding=\"async\" width=\"1024\" height=\"393\" src=\"http:\/\/suedzucker.pl\/wp-content\/uploads\/2020\/07\/redni-plon-korzeni-dosw-odm-2-poz-ochrony-2012-2019.png\" alt=\"\" class=\"wp-image-4048\" srcset=\"https:\/\/www.suedzucker.pl\/wp-content\/uploads\/2020\/07\/redni-plon-korzeni-dosw-odm-2-poz-ochrony-2012-2019.png 1024w, https:\/\/www.suedzucker.pl\/wp-content\/uploads\/2020\/07\/redni-plon-korzeni-dosw-odm-2-poz-ochrony-2012-2019-300x115.png 300w, https:\/\/www.suedzucker.pl\/wp-content\/uploads\/2020\/07\/redni-plon-korzeni-dosw-odm-2-poz-ochrony-2012-2019-768x295.png 768w, https:\/\/www.suedzucker.pl\/wp-content\/uploads\/2020\/07\/redni-plon-korzeni-dosw-odm-2-poz-ochrony-2012-2019-500x192.png 500w\" sizes=\"auto, (max-width: 1024px) 100vw, 1024px\" \/><\/figure>\n\n\n\n<h4 class=\"wp-block-heading\">\u015arednia Polaryzacja&nbsp;\u2013 Do\u015bwiadczenie&nbsp;odmianowe-&nbsp;seria z dwoma poziomami ochrony fungicydowej&nbsp;2012-2019<\/h4>\n\n\n\n<figure class=\"wp-block-image size-large\"><img loading=\"lazy\" decoding=\"async\" width=\"1024\" height=\"397\" src=\"http:\/\/suedzucker.pl\/wp-content\/uploads\/2020\/07\/rednia-polaryzacja-dosw-odm-2-poz-ochrony-2012-2019.png\" alt=\"\" class=\"wp-image-4049\" srcset=\"https:\/\/www.suedzucker.pl\/wp-content\/uploads\/2020\/07\/rednia-polaryzacja-dosw-odm-2-poz-ochrony-2012-2019.png 1024w, https:\/\/www.suedzucker.pl\/wp-content\/uploads\/2020\/07\/rednia-polaryzacja-dosw-odm-2-poz-ochrony-2012-2019-300x116.png 300w, https:\/\/www.suedzucker.pl\/wp-content\/uploads\/2020\/07\/rednia-polaryzacja-dosw-odm-2-poz-ochrony-2012-2019-768x298.png 768w, https:\/\/www.suedzucker.pl\/wp-content\/uploads\/2020\/07\/rednia-polaryzacja-dosw-odm-2-poz-ochrony-2012-2019-500x194.png 500w\" sizes=\"auto, (max-width: 1024px) 100vw, 1024px\" \/><\/figure>\n","protected":false},"excerpt":{"rendered":"<p>\u015arednia Zdrowotno\u015b\u0107 li\u015bci \u2013 Do\u015bwiadczenie odmianowe&nbsp;&#8211;&nbsp;seria&nbsp;z dwoma poziomami ochrony fungicydowej 2019 \u015aredni Technologiczny Plon&nbsp;Cukru \u2013&nbsp;Do\u015bwiadczenie odmianowe&nbsp;&#8211;&nbsp;seria&nbsp;z dwoma poziomami ochrony fungicydowej 2019 \u015aredni Technologiczny Plon&nbsp;Cukru \u2013&nbsp;Do\u015bwiadczenie odmianowe&nbsp;&#8211;&nbsp;seria&nbsp;z dwoma poziomami ochrony fungicydowej&#8230;<\/p>\n","protected":false},"author":3,"featured_media":0,"parent":1885,"menu_order":2,"comment_status":"closed","ping_status":"closed","template":"","meta":{"_acf_changed":false,"inline_featured_image":false,"footnotes":"","_wp_rev_ctl_limit":""},"class_list":["post-1955","page","type-page","status-publish","hentry"],"acf":[],"yoast_head":"<!-- This site is optimized with the Yoast SEO plugin v27.3 - https:\/\/yoast.com\/product\/yoast-seo-wordpress\/ -->\n<title>Odmianowe z dwoma poziomami ochrony fungicydowej - S\u00fcdzucker Polska<\/title>\n<meta name=\"robots\" content=\"index, follow, max-snippet:-1, max-image-preview:large, max-video-preview:-1\" \/>\n<link rel=\"canonical\" href=\"https:\/\/www.suedzucker.pl\/serwis-plantatorski\/doswiadczenia\/wyniki-doswiadczen-2019\/odmianowe\/odmianowe-z-dwoma-poziomami-ochrony-fungicydowej\/\" \/>\n<meta property=\"og:locale\" content=\"en_US\" \/>\n<meta property=\"og:type\" content=\"article\" \/>\n<meta property=\"og:title\" content=\"Odmianowe z dwoma poziomami ochrony fungicydowej - S\u00fcdzucker Polska\" \/>\n<meta property=\"og:description\" content=\"\u015arednia Zdrowotno\u015b\u0107 li\u015bci \u2013 Do\u015bwiadczenie odmianowe&nbsp;&#8211;&nbsp;seria&nbsp;z dwoma poziomami ochrony fungicydowej 2019 \u015aredni Technologiczny Plon&nbsp;Cukru \u2013&nbsp;Do\u015bwiadczenie odmianowe&nbsp;&#8211;&nbsp;seria&nbsp;z dwoma poziomami ochrony fungicydowej 2019 \u015aredni Technologiczny Plon&nbsp;Cukru \u2013&nbsp;Do\u015bwiadczenie odmianowe&nbsp;&#8211;&nbsp;seria&nbsp;z dwoma poziomami ochrony fungicydowej...\" \/>\n<meta property=\"og:url\" content=\"https:\/\/www.suedzucker.pl\/serwis-plantatorski\/doswiadczenia\/wyniki-doswiadczen-2019\/odmianowe\/odmianowe-z-dwoma-poziomami-ochrony-fungicydowej\/\" \/>\n<meta property=\"og:site_name\" content=\"S\u00fcdzucker Polska\" \/>\n<meta property=\"article:modified_time\" content=\"2020-08-03T17:32:35+00:00\" \/>\n<meta property=\"og:image\" content=\"http:\/\/suedzucker.pl\/wp-content\/uploads\/2020\/07\/rednia-zdrowotnosc-lisci-dosw-odm-2-poz-ochrony-2019.png\" \/>\n<meta name=\"twitter:card\" content=\"summary_large_image\" \/>\n<meta name=\"twitter:label1\" content=\"Est. reading time\" \/>\n\t<meta name=\"twitter:data1\" content=\"1 minute\" \/>\n<script type=\"application\/ld+json\" class=\"yoast-schema-graph\">{\"@context\":\"https:\\\/\\\/schema.org\",\"@graph\":[{\"@type\":\"WebPage\",\"@id\":\"https:\\\/\\\/www.suedzucker.pl\\\/serwis-plantatorski\\\/doswiadczenia\\\/wyniki-doswiadczen-2019\\\/odmianowe\\\/odmianowe-z-dwoma-poziomami-ochrony-fungicydowej\\\/\",\"url\":\"https:\\\/\\\/www.suedzucker.pl\\\/serwis-plantatorski\\\/doswiadczenia\\\/wyniki-doswiadczen-2019\\\/odmianowe\\\/odmianowe-z-dwoma-poziomami-ochrony-fungicydowej\\\/\",\"name\":\"Odmianowe z dwoma poziomami ochrony fungicydowej - S\u00fcdzucker Polska\",\"isPartOf\":{\"@id\":\"https:\\\/\\\/www.suedzucker.pl\\\/en\\\/#website\"},\"primaryImageOfPage\":{\"@id\":\"https:\\\/\\\/www.suedzucker.pl\\\/serwis-plantatorski\\\/doswiadczenia\\\/wyniki-doswiadczen-2019\\\/odmianowe\\\/odmianowe-z-dwoma-poziomami-ochrony-fungicydowej\\\/#primaryimage\"},\"image\":{\"@id\":\"https:\\\/\\\/www.suedzucker.pl\\\/serwis-plantatorski\\\/doswiadczenia\\\/wyniki-doswiadczen-2019\\\/odmianowe\\\/odmianowe-z-dwoma-poziomami-ochrony-fungicydowej\\\/#primaryimage\"},\"thumbnailUrl\":\"http:\\\/\\\/suedzucker.pl\\\/wp-content\\\/uploads\\\/2020\\\/07\\\/rednia-zdrowotnosc-lisci-dosw-odm-2-poz-ochrony-2019.png\",\"datePublished\":\"2020-07-17T10:25:41+00:00\",\"dateModified\":\"2020-08-03T17:32:35+00:00\",\"breadcrumb\":{\"@id\":\"https:\\\/\\\/www.suedzucker.pl\\\/serwis-plantatorski\\\/doswiadczenia\\\/wyniki-doswiadczen-2019\\\/odmianowe\\\/odmianowe-z-dwoma-poziomami-ochrony-fungicydowej\\\/#breadcrumb\"},\"inLanguage\":\"en-US\",\"potentialAction\":[{\"@type\":\"ReadAction\",\"target\":[\"https:\\\/\\\/www.suedzucker.pl\\\/serwis-plantatorski\\\/doswiadczenia\\\/wyniki-doswiadczen-2019\\\/odmianowe\\\/odmianowe-z-dwoma-poziomami-ochrony-fungicydowej\\\/\"]}]},{\"@type\":\"ImageObject\",\"inLanguage\":\"en-US\",\"@id\":\"https:\\\/\\\/www.suedzucker.pl\\\/serwis-plantatorski\\\/doswiadczenia\\\/wyniki-doswiadczen-2019\\\/odmianowe\\\/odmianowe-z-dwoma-poziomami-ochrony-fungicydowej\\\/#primaryimage\",\"url\":\"http:\\\/\\\/suedzucker.pl\\\/wp-content\\\/uploads\\\/2020\\\/07\\\/rednia-zdrowotnosc-lisci-dosw-odm-2-poz-ochrony-2019.png\",\"contentUrl\":\"http:\\\/\\\/suedzucker.pl\\\/wp-content\\\/uploads\\\/2020\\\/07\\\/rednia-zdrowotnosc-lisci-dosw-odm-2-poz-ochrony-2019.png\"},{\"@type\":\"BreadcrumbList\",\"@id\":\"https:\\\/\\\/www.suedzucker.pl\\\/serwis-plantatorski\\\/doswiadczenia\\\/wyniki-doswiadczen-2019\\\/odmianowe\\\/odmianowe-z-dwoma-poziomami-ochrony-fungicydowej\\\/#breadcrumb\",\"itemListElement\":[{\"@type\":\"ListItem\",\"position\":1,\"name\":\"Home page\",\"item\":\"https:\\\/\\\/www.suedzucker.pl\\\/en\\\/serwis-plantatorski\\\/\"},{\"@type\":\"ListItem\",\"position\":2,\"name\":\"Do\u015bwiadczenia\",\"item\":\"https:\\\/\\\/www.suedzucker.pl\\\/serwis-plantatorski\\\/doswiadczenia\\\/\"},{\"@type\":\"ListItem\",\"position\":3,\"name\":\"Wyniki do\u015bwiadcze\u0144 2019\",\"item\":\"https:\\\/\\\/www.suedzucker.pl\\\/serwis-plantatorski\\\/doswiadczenia\\\/wyniki-doswiadczen-2019\\\/\"},{\"@type\":\"ListItem\",\"position\":4,\"name\":\"Odmianowe\",\"item\":\"https:\\\/\\\/www.suedzucker.pl\\\/serwis-plantatorski\\\/doswiadczenia\\\/wyniki-doswiadczen-2019\\\/odmianowe\\\/\"},{\"@type\":\"ListItem\",\"position\":5,\"name\":\"Odmianowe z&nbsp;dwoma poziomami ochrony fungicydowej\"}]},{\"@type\":\"WebSite\",\"@id\":\"https:\\\/\\\/www.suedzucker.pl\\\/en\\\/#website\",\"url\":\"https:\\\/\\\/www.suedzucker.pl\\\/en\\\/\",\"name\":\"S\u00fcdzucker Polska\",\"description\":\"Jeste\u015bmy wiod\u0105cym producentem cukru w Polsce\",\"potentialAction\":[{\"@type\":\"SearchAction\",\"target\":{\"@type\":\"EntryPoint\",\"urlTemplate\":\"https:\\\/\\\/www.suedzucker.pl\\\/en\\\/?s={search_term_string}\"},\"query-input\":{\"@type\":\"PropertyValueSpecification\",\"valueRequired\":true,\"valueName\":\"search_term_string\"}}],\"inLanguage\":\"en-US\"}]}<\/script>\n<!-- \/ Yoast SEO plugin. -->","yoast_head_json":{"title":"Odmianowe z dwoma poziomami ochrony fungicydowej - S\u00fcdzucker Polska","robots":{"index":"index","follow":"follow","max-snippet":"max-snippet:-1","max-image-preview":"max-image-preview:large","max-video-preview":"max-video-preview:-1"},"canonical":"https:\/\/www.suedzucker.pl\/serwis-plantatorski\/doswiadczenia\/wyniki-doswiadczen-2019\/odmianowe\/odmianowe-z-dwoma-poziomami-ochrony-fungicydowej\/","og_locale":"en_US","og_type":"article","og_title":"Odmianowe z dwoma poziomami ochrony fungicydowej - S\u00fcdzucker Polska","og_description":"\u015arednia Zdrowotno\u015b\u0107 li\u015bci \u2013 Do\u015bwiadczenie odmianowe&nbsp;&#8211;&nbsp;seria&nbsp;z dwoma poziomami ochrony fungicydowej 2019 \u015aredni Technologiczny Plon&nbsp;Cukru \u2013&nbsp;Do\u015bwiadczenie odmianowe&nbsp;&#8211;&nbsp;seria&nbsp;z dwoma poziomami ochrony fungicydowej 2019 \u015aredni Technologiczny Plon&nbsp;Cukru \u2013&nbsp;Do\u015bwiadczenie odmianowe&nbsp;&#8211;&nbsp;seria&nbsp;z dwoma poziomami ochrony fungicydowej...","og_url":"https:\/\/www.suedzucker.pl\/serwis-plantatorski\/doswiadczenia\/wyniki-doswiadczen-2019\/odmianowe\/odmianowe-z-dwoma-poziomami-ochrony-fungicydowej\/","og_site_name":"S\u00fcdzucker Polska","article_modified_time":"2020-08-03T17:32:35+00:00","og_image":[{"url":"http:\/\/suedzucker.pl\/wp-content\/uploads\/2020\/07\/rednia-zdrowotnosc-lisci-dosw-odm-2-poz-ochrony-2019.png","type":"","width":"","height":""}],"twitter_card":"summary_large_image","twitter_misc":{"Est. reading time":"1 minute"},"schema":{"@context":"https:\/\/schema.org","@graph":[{"@type":"WebPage","@id":"https:\/\/www.suedzucker.pl\/serwis-plantatorski\/doswiadczenia\/wyniki-doswiadczen-2019\/odmianowe\/odmianowe-z-dwoma-poziomami-ochrony-fungicydowej\/","url":"https:\/\/www.suedzucker.pl\/serwis-plantatorski\/doswiadczenia\/wyniki-doswiadczen-2019\/odmianowe\/odmianowe-z-dwoma-poziomami-ochrony-fungicydowej\/","name":"Odmianowe z dwoma poziomami ochrony fungicydowej - S\u00fcdzucker Polska","isPartOf":{"@id":"https:\/\/www.suedzucker.pl\/en\/#website"},"primaryImageOfPage":{"@id":"https:\/\/www.suedzucker.pl\/serwis-plantatorski\/doswiadczenia\/wyniki-doswiadczen-2019\/odmianowe\/odmianowe-z-dwoma-poziomami-ochrony-fungicydowej\/#primaryimage"},"image":{"@id":"https:\/\/www.suedzucker.pl\/serwis-plantatorski\/doswiadczenia\/wyniki-doswiadczen-2019\/odmianowe\/odmianowe-z-dwoma-poziomami-ochrony-fungicydowej\/#primaryimage"},"thumbnailUrl":"http:\/\/suedzucker.pl\/wp-content\/uploads\/2020\/07\/rednia-zdrowotnosc-lisci-dosw-odm-2-poz-ochrony-2019.png","datePublished":"2020-07-17T10:25:41+00:00","dateModified":"2020-08-03T17:32:35+00:00","breadcrumb":{"@id":"https:\/\/www.suedzucker.pl\/serwis-plantatorski\/doswiadczenia\/wyniki-doswiadczen-2019\/odmianowe\/odmianowe-z-dwoma-poziomami-ochrony-fungicydowej\/#breadcrumb"},"inLanguage":"en-US","potentialAction":[{"@type":"ReadAction","target":["https:\/\/www.suedzucker.pl\/serwis-plantatorski\/doswiadczenia\/wyniki-doswiadczen-2019\/odmianowe\/odmianowe-z-dwoma-poziomami-ochrony-fungicydowej\/"]}]},{"@type":"ImageObject","inLanguage":"en-US","@id":"https:\/\/www.suedzucker.pl\/serwis-plantatorski\/doswiadczenia\/wyniki-doswiadczen-2019\/odmianowe\/odmianowe-z-dwoma-poziomami-ochrony-fungicydowej\/#primaryimage","url":"http:\/\/suedzucker.pl\/wp-content\/uploads\/2020\/07\/rednia-zdrowotnosc-lisci-dosw-odm-2-poz-ochrony-2019.png","contentUrl":"http:\/\/suedzucker.pl\/wp-content\/uploads\/2020\/07\/rednia-zdrowotnosc-lisci-dosw-odm-2-poz-ochrony-2019.png"},{"@type":"BreadcrumbList","@id":"https:\/\/www.suedzucker.pl\/serwis-plantatorski\/doswiadczenia\/wyniki-doswiadczen-2019\/odmianowe\/odmianowe-z-dwoma-poziomami-ochrony-fungicydowej\/#breadcrumb","itemListElement":[{"@type":"ListItem","position":1,"name":"Home page","item":"https:\/\/www.suedzucker.pl\/en\/serwis-plantatorski\/"},{"@type":"ListItem","position":2,"name":"Do\u015bwiadczenia","item":"https:\/\/www.suedzucker.pl\/serwis-plantatorski\/doswiadczenia\/"},{"@type":"ListItem","position":3,"name":"Wyniki do\u015bwiadcze\u0144 2019","item":"https:\/\/www.suedzucker.pl\/serwis-plantatorski\/doswiadczenia\/wyniki-doswiadczen-2019\/"},{"@type":"ListItem","position":4,"name":"Odmianowe","item":"https:\/\/www.suedzucker.pl\/serwis-plantatorski\/doswiadczenia\/wyniki-doswiadczen-2019\/odmianowe\/"},{"@type":"ListItem","position":5,"name":"Odmianowe z&nbsp;dwoma poziomami ochrony fungicydowej"}]},{"@type":"WebSite","@id":"https:\/\/www.suedzucker.pl\/en\/#website","url":"https:\/\/www.suedzucker.pl\/en\/","name":"S\u00fcdzucker Polska","description":"Jeste\u015bmy wiod\u0105cym producentem cukru w Polsce","potentialAction":[{"@type":"SearchAction","target":{"@type":"EntryPoint","urlTemplate":"https:\/\/www.suedzucker.pl\/en\/?s={search_term_string}"},"query-input":{"@type":"PropertyValueSpecification","valueRequired":true,"valueName":"search_term_string"}}],"inLanguage":"en-US"}]}},"_links":{"self":[{"href":"https:\/\/www.suedzucker.pl\/en\/wp-json\/wp\/v2\/pages\/1955","targetHints":{"allow":["GET"]}}],"collection":[{"href":"https:\/\/www.suedzucker.pl\/en\/wp-json\/wp\/v2\/pages"}],"about":[{"href":"https:\/\/www.suedzucker.pl\/en\/wp-json\/wp\/v2\/types\/page"}],"author":[{"embeddable":true,"href":"https:\/\/www.suedzucker.pl\/en\/wp-json\/wp\/v2\/users\/3"}],"replies":[{"embeddable":true,"href":"https:\/\/www.suedzucker.pl\/en\/wp-json\/wp\/v2\/comments?post=1955"}],"version-history":[{"count":0,"href":"https:\/\/www.suedzucker.pl\/en\/wp-json\/wp\/v2\/pages\/1955\/revisions"}],"up":[{"embeddable":true,"href":"https:\/\/www.suedzucker.pl\/en\/wp-json\/wp\/v2\/pages\/1885"}],"wp:attachment":[{"href":"https:\/\/www.suedzucker.pl\/en\/wp-json\/wp\/v2\/media?parent=1955"}],"curies":[{"name":"wp","href":"https:\/\/api.w.org\/{rel}","templated":true}]}}