{"id":19835,"date":"2023-05-30T08:43:53","date_gmt":"2023-05-30T06:43:53","guid":{"rendered":"https:\/\/www.suedzucker.pl\/?page_id=19835"},"modified":"2023-11-23T11:05:36","modified_gmt":"2023-11-23T10:05:36","slug":"techniki-uprawy-2023","status":"publish","type":"page","link":"https:\/\/www.suedzucker.pl\/en\/serwis-plantatorski\/doswiadczenia\/wyniki-doswiadczen-2023\/techniki-uprawy-2023\/","title":{"rendered":"Techniki uprawy 2023"},"content":{"rendered":"\n<h4 class=\"wp-block-heading\">PZW % po 21 dniach &#8211; Do\u015bwiadczenie z technikami uprawy 2023<\/h4>\n\n\n<div class=\"wp-block-image\">\n<figure class=\"aligncenter size-large\"><a href=\"https:\/\/www.suedzucker.pl\/wp-content\/uploads\/2023\/05\/PZW-tu-21-dni.png\"><img loading=\"lazy\" decoding=\"async\" width=\"1024\" height=\"403\" src=\"https:\/\/www.suedzucker.pl\/wp-content\/uploads\/2023\/05\/PZW-tu-21-dni-1024x403.png\" alt=\"\" class=\"wp-image-19844\" srcset=\"https:\/\/www.suedzucker.pl\/wp-content\/uploads\/2023\/05\/PZW-tu-21-dni-1024x403.png 1024w, https:\/\/www.suedzucker.pl\/wp-content\/uploads\/2023\/05\/PZW-tu-21-dni-300x118.png 300w, https:\/\/www.suedzucker.pl\/wp-content\/uploads\/2023\/05\/PZW-tu-21-dni-768x302.png 768w, https:\/\/www.suedzucker.pl\/wp-content\/uploads\/2023\/05\/PZW-tu-21-dni-500x197.png 500w, https:\/\/www.suedzucker.pl\/wp-content\/uploads\/2023\/05\/PZW-tu-21-dni.png 1237w\" sizes=\"auto, (max-width: 1024px) 100vw, 1024px\" \/><\/a><\/figure>\n<\/div>\n\n\n<h4 class=\"wp-block-heading\">PZW % po 28 dniach &#8211; Do\u015bwiadczenie z technikami uprawy 2023<\/h4>\n\n\n<div class=\"wp-block-image\">\n<figure class=\"aligncenter size-large\"><a href=\"https:\/\/www.suedzucker.pl\/wp-content\/uploads\/2023\/05\/PZW-tu-28-dni.png\"><img loading=\"lazy\" decoding=\"async\" width=\"1024\" height=\"392\" src=\"https:\/\/www.suedzucker.pl\/wp-content\/uploads\/2023\/05\/PZW-tu-28-dni-1024x392.png\" alt=\"\" class=\"wp-image-19845\" srcset=\"https:\/\/www.suedzucker.pl\/wp-content\/uploads\/2023\/05\/PZW-tu-28-dni-1024x392.png 1024w, https:\/\/www.suedzucker.pl\/wp-content\/uploads\/2023\/05\/PZW-tu-28-dni-300x115.png 300w, https:\/\/www.suedzucker.pl\/wp-content\/uploads\/2023\/05\/PZW-tu-28-dni-768x294.png 768w, https:\/\/www.suedzucker.pl\/wp-content\/uploads\/2023\/05\/PZW-tu-28-dni-500x191.png 500w, https:\/\/www.suedzucker.pl\/wp-content\/uploads\/2023\/05\/PZW-tu-28-dni.png 1202w\" sizes=\"auto, (max-width: 1024px) 100vw, 1024px\" \/><\/a><\/figure>\n<\/div>\n\n\n<h4 class=\"wp-block-heading\">Wi\u0119cmierzyce \u2013 do\u015bwiadczenie z technikami uprawy 17.04.2023<\/h4>\n\n\n<div class=\"wp-block-image\">\n<figure class=\"aligncenter size-large\"><a href=\"https:\/\/www.suedzucker.pl\/wp-content\/uploads\/2023\/11\/Wiecmierzyce.png\"><img loading=\"lazy\" decoding=\"async\" width=\"1024\" height=\"578\" src=\"https:\/\/www.suedzucker.pl\/wp-content\/uploads\/2023\/11\/Wiecmierzyce-1024x578.png\" alt=\"\" class=\"wp-image-20952\" srcset=\"https:\/\/www.suedzucker.pl\/wp-content\/uploads\/2023\/11\/Wiecmierzyce-1024x578.png 1024w, https:\/\/www.suedzucker.pl\/wp-content\/uploads\/2023\/11\/Wiecmierzyce-300x169.png 300w, https:\/\/www.suedzucker.pl\/wp-content\/uploads\/2023\/11\/Wiecmierzyce-768x433.png 768w, https:\/\/www.suedzucker.pl\/wp-content\/uploads\/2023\/11\/Wiecmierzyce-500x282.png 500w, https:\/\/www.suedzucker.pl\/wp-content\/uploads\/2023\/11\/Wiecmierzyce.png 1372w\" sizes=\"auto, (max-width: 1024px) 100vw, 1024px\" \/><\/a><\/figure>\n<\/div>\n\n\n<h4 class=\"wp-block-heading\">Wi\u0119cmierzyce \u2013 do\u015bwiadczenie z technikami uprawy 10.07.2023<\/h4>\n\n\n<div class=\"wp-block-image\">\n<figure class=\"aligncenter size-large\"><a href=\"https:\/\/www.suedzucker.pl\/wp-content\/uploads\/2023\/11\/Wiecmierzyce2.png\"><img loading=\"lazy\" decoding=\"async\" width=\"1024\" height=\"581\" src=\"https:\/\/www.suedzucker.pl\/wp-content\/uploads\/2023\/11\/Wiecmierzyce2-1024x581.png\" alt=\"\" class=\"wp-image-20953\" srcset=\"https:\/\/www.suedzucker.pl\/wp-content\/uploads\/2023\/11\/Wiecmierzyce2-1024x581.png 1024w, https:\/\/www.suedzucker.pl\/wp-content\/uploads\/2023\/11\/Wiecmierzyce2-300x170.png 300w, https:\/\/www.suedzucker.pl\/wp-content\/uploads\/2023\/11\/Wiecmierzyce2-768x436.png 768w, https:\/\/www.suedzucker.pl\/wp-content\/uploads\/2023\/11\/Wiecmierzyce2-500x284.png 500w, https:\/\/www.suedzucker.pl\/wp-content\/uploads\/2023\/11\/Wiecmierzyce2.png 1382w\" sizes=\"auto, (max-width: 1024px) 100vw, 1024px\" \/><\/a><\/figure>\n<\/div>\n\n\n<h4 class=\"wp-block-heading\">Wi\u0119cmierzyce \u2013 do\u015bwiadczenie z technikami uprawy 31.08.2023<\/h4>\n\n\n<div class=\"wp-block-image\">\n<figure class=\"aligncenter size-large\"><a href=\"https:\/\/www.suedzucker.pl\/wp-content\/uploads\/2023\/11\/Wiecmeirzyce3.png\"><img loading=\"lazy\" decoding=\"async\" width=\"1024\" height=\"577\" src=\"https:\/\/www.suedzucker.pl\/wp-content\/uploads\/2023\/11\/Wiecmeirzyce3-1024x577.png\" alt=\"\" class=\"wp-image-20954\" srcset=\"https:\/\/www.suedzucker.pl\/wp-content\/uploads\/2023\/11\/Wiecmeirzyce3-1024x577.png 1024w, https:\/\/www.suedzucker.pl\/wp-content\/uploads\/2023\/11\/Wiecmeirzyce3-300x169.png 300w, https:\/\/www.suedzucker.pl\/wp-content\/uploads\/2023\/11\/Wiecmeirzyce3-768x433.png 768w, https:\/\/www.suedzucker.pl\/wp-content\/uploads\/2023\/11\/Wiecmeirzyce3-500x282.png 500w, https:\/\/www.suedzucker.pl\/wp-content\/uploads\/2023\/11\/Wiecmeirzyce3.png 1378w\" sizes=\"auto, (max-width: 1024px) 100vw, 1024px\" \/><\/a><\/figure>\n<\/div>\n\n\n<h4 class=\"wp-block-heading\">Technologiczny Plon Cukru \u2013 Do\u015bwiadczenie z technikami uprawy 2023<\/h4>\n\n\n<div class=\"wp-block-image\">\n<figure class=\"aligncenter size-large\"><a href=\"https:\/\/www.suedzucker.pl\/wp-content\/uploads\/2023\/11\/Plon-cukru-4.png\"><img loading=\"lazy\" decoding=\"async\" width=\"1024\" height=\"425\" src=\"https:\/\/www.suedzucker.pl\/wp-content\/uploads\/2023\/11\/Plon-cukru-4-1024x425.png\" alt=\"\" class=\"wp-image-20940\" srcset=\"https:\/\/www.suedzucker.pl\/wp-content\/uploads\/2023\/11\/Plon-cukru-4-1024x425.png 1024w, https:\/\/www.suedzucker.pl\/wp-content\/uploads\/2023\/11\/Plon-cukru-4-300x125.png 300w, https:\/\/www.suedzucker.pl\/wp-content\/uploads\/2023\/11\/Plon-cukru-4-768x319.png 768w, https:\/\/www.suedzucker.pl\/wp-content\/uploads\/2023\/11\/Plon-cukru-4-500x208.png 500w, https:\/\/www.suedzucker.pl\/wp-content\/uploads\/2023\/11\/Plon-cukru-4.png 1302w\" sizes=\"auto, (max-width: 1024px) 100vw, 1024px\" \/><\/a><\/figure>\n<\/div>\n\n\n<h4 class=\"wp-block-heading\">Plon Korzeni \u2013 Do\u015bwiadczenie z technikami uprawy 2023<\/h4>\n\n\n<div class=\"wp-block-image\">\n<figure class=\"aligncenter size-large\"><a href=\"https:\/\/www.suedzucker.pl\/wp-content\/uploads\/2023\/11\/Plon-korzeni-5.png\"><img loading=\"lazy\" decoding=\"async\" width=\"1024\" height=\"407\" src=\"https:\/\/www.suedzucker.pl\/wp-content\/uploads\/2023\/11\/Plon-korzeni-5-1024x407.png\" alt=\"\" class=\"wp-image-20942\" srcset=\"https:\/\/www.suedzucker.pl\/wp-content\/uploads\/2023\/11\/Plon-korzeni-5-1024x407.png 1024w, https:\/\/www.suedzucker.pl\/wp-content\/uploads\/2023\/11\/Plon-korzeni-5-300x119.png 300w, https:\/\/www.suedzucker.pl\/wp-content\/uploads\/2023\/11\/Plon-korzeni-5-768x305.png 768w, https:\/\/www.suedzucker.pl\/wp-content\/uploads\/2023\/11\/Plon-korzeni-5-500x199.png 500w, https:\/\/www.suedzucker.pl\/wp-content\/uploads\/2023\/11\/Plon-korzeni-5.png 1315w\" sizes=\"auto, (max-width: 1024px) 100vw, 1024px\" \/><\/a><\/figure>\n<\/div>\n\n\n<h4 class=\"wp-block-heading\">Polaryzacja \u2013 Do\u015bwiadczenie z technikami uprawy 2023<\/h4>\n\n\n<div class=\"wp-block-image\">\n<figure class=\"aligncenter size-large\"><a href=\"https:\/\/www.suedzucker.pl\/wp-content\/uploads\/2023\/11\/Polaryzacja-4.png\"><img loading=\"lazy\" decoding=\"async\" width=\"1024\" height=\"417\" src=\"https:\/\/www.suedzucker.pl\/wp-content\/uploads\/2023\/11\/Polaryzacja-4-1024x417.png\" alt=\"\" class=\"wp-image-20943\" srcset=\"https:\/\/www.suedzucker.pl\/wp-content\/uploads\/2023\/11\/Polaryzacja-4-1024x417.png 1024w, https:\/\/www.suedzucker.pl\/wp-content\/uploads\/2023\/11\/Polaryzacja-4-300x122.png 300w, https:\/\/www.suedzucker.pl\/wp-content\/uploads\/2023\/11\/Polaryzacja-4-768x313.png 768w, https:\/\/www.suedzucker.pl\/wp-content\/uploads\/2023\/11\/Polaryzacja-4-500x203.png 500w, https:\/\/www.suedzucker.pl\/wp-content\/uploads\/2023\/11\/Polaryzacja-4.png 1295w\" sizes=\"auto, (max-width: 1024px) 100vw, 1024px\" \/><\/a><\/figure>\n<\/div>\n\n\n<h4 class=\"wp-block-heading\">Zawarto\u015b\u0107 melasotwor\u00f3w \u2013 Do\u015bwiadczenie z technikami uprawy 2023<\/h4>\n\n\n<div class=\"wp-block-image\">\n<figure class=\"aligncenter size-large\"><a href=\"https:\/\/www.suedzucker.pl\/wp-content\/uploads\/2023\/11\/Melasotwory-3.png\"><img loading=\"lazy\" decoding=\"async\" width=\"1024\" height=\"413\" src=\"https:\/\/www.suedzucker.pl\/wp-content\/uploads\/2023\/11\/Melasotwory-3-1024x413.png\" alt=\"\" class=\"wp-image-20944\" srcset=\"https:\/\/www.suedzucker.pl\/wp-content\/uploads\/2023\/11\/Melasotwory-3-1024x413.png 1024w, https:\/\/www.suedzucker.pl\/wp-content\/uploads\/2023\/11\/Melasotwory-3-300x121.png 300w, https:\/\/www.suedzucker.pl\/wp-content\/uploads\/2023\/11\/Melasotwory-3-768x310.png 768w, https:\/\/www.suedzucker.pl\/wp-content\/uploads\/2023\/11\/Melasotwory-3-500x202.png 500w, https:\/\/www.suedzucker.pl\/wp-content\/uploads\/2023\/11\/Melasotwory-3.png 1305w\" sizes=\"auto, (max-width: 1024px) 100vw, 1024px\" \/><\/a><\/figure>\n<\/div>\n\n\n<h4 class=\"wp-block-heading\">Technologiczny Plon Cukru \u2013 Do\u015bwiadczenie z technikami uprawy \u2013 \u015brednia 2017-2023<\/h4>\n\n\n<div class=\"wp-block-image\">\n<figure class=\"aligncenter size-large\"><a href=\"https:\/\/www.suedzucker.pl\/wp-content\/uploads\/2023\/11\/Plon-cukru_srednia-2.png\"><img loading=\"lazy\" decoding=\"async\" width=\"1024\" height=\"407\" src=\"https:\/\/www.suedzucker.pl\/wp-content\/uploads\/2023\/11\/Plon-cukru_srednia-2-1024x407.png\" alt=\"\" class=\"wp-image-20945\" srcset=\"https:\/\/www.suedzucker.pl\/wp-content\/uploads\/2023\/11\/Plon-cukru_srednia-2-1024x407.png 1024w, https:\/\/www.suedzucker.pl\/wp-content\/uploads\/2023\/11\/Plon-cukru_srednia-2-300x119.png 300w, https:\/\/www.suedzucker.pl\/wp-content\/uploads\/2023\/11\/Plon-cukru_srednia-2-768x305.png 768w, https:\/\/www.suedzucker.pl\/wp-content\/uploads\/2023\/11\/Plon-cukru_srednia-2-500x199.png 500w, https:\/\/www.suedzucker.pl\/wp-content\/uploads\/2023\/11\/Plon-cukru_srednia-2.png 1295w\" sizes=\"auto, (max-width: 1024px) 100vw, 1024px\" \/><\/a><\/figure>\n<\/div>\n\n\n<h4 class=\"wp-block-heading\">Plon Korzeni \u2013 Do\u015bwiadczenie z technikami uprawy \u2013 \u015brednia 2017-2023<\/h4>\n\n\n<div class=\"wp-block-image\">\n<figure class=\"aligncenter size-large\"><a href=\"https:\/\/www.suedzucker.pl\/wp-content\/uploads\/2023\/11\/Plon-korzeni_srednia-2.png\"><img loading=\"lazy\" decoding=\"async\" width=\"1024\" height=\"420\" src=\"https:\/\/www.suedzucker.pl\/wp-content\/uploads\/2023\/11\/Plon-korzeni_srednia-2-1024x420.png\" alt=\"\" class=\"wp-image-20946\" srcset=\"https:\/\/www.suedzucker.pl\/wp-content\/uploads\/2023\/11\/Plon-korzeni_srednia-2-1024x420.png 1024w, https:\/\/www.suedzucker.pl\/wp-content\/uploads\/2023\/11\/Plon-korzeni_srednia-2-300x123.png 300w, https:\/\/www.suedzucker.pl\/wp-content\/uploads\/2023\/11\/Plon-korzeni_srednia-2-768x315.png 768w, https:\/\/www.suedzucker.pl\/wp-content\/uploads\/2023\/11\/Plon-korzeni_srednia-2-500x205.png 500w, https:\/\/www.suedzucker.pl\/wp-content\/uploads\/2023\/11\/Plon-korzeni_srednia-2.png 1302w\" sizes=\"auto, (max-width: 1024px) 100vw, 1024px\" \/><\/a><\/figure>\n<\/div>\n\n\n<h4 class=\"wp-block-heading\">Polaryzacja \u2013 Do\u015bwiadczenie z technikami uprawy \u2013 \u015brednia 2017-2023<\/h4>\n\n\n<div class=\"wp-block-image\">\n<figure class=\"aligncenter size-large\"><a href=\"https:\/\/www.suedzucker.pl\/wp-content\/uploads\/2023\/11\/Polaryzacja_srednia-2.png\"><img loading=\"lazy\" decoding=\"async\" width=\"1024\" height=\"411\" src=\"https:\/\/www.suedzucker.pl\/wp-content\/uploads\/2023\/11\/Polaryzacja_srednia-2-1024x411.png\" alt=\"\" class=\"wp-image-20947\" srcset=\"https:\/\/www.suedzucker.pl\/wp-content\/uploads\/2023\/11\/Polaryzacja_srednia-2-1024x411.png 1024w, https:\/\/www.suedzucker.pl\/wp-content\/uploads\/2023\/11\/Polaryzacja_srednia-2-300x121.png 300w, https:\/\/www.suedzucker.pl\/wp-content\/uploads\/2023\/11\/Polaryzacja_srednia-2-768x309.png 768w, https:\/\/www.suedzucker.pl\/wp-content\/uploads\/2023\/11\/Polaryzacja_srednia-2-500x201.png 500w, https:\/\/www.suedzucker.pl\/wp-content\/uploads\/2023\/11\/Polaryzacja_srednia-2.png 1294w\" sizes=\"auto, (max-width: 1024px) 100vw, 1024px\" \/><\/a><\/figure>\n<\/div>","protected":false},"excerpt":{"rendered":"<p>PZW % po 21 dniach &#8211; Do\u015bwiadczenie z technikami uprawy 2023 PZW % po 28 dniach &#8211; Do\u015bwiadczenie z technikami uprawy 2023 Wi\u0119cmierzyce \u2013 do\u015bwiadczenie z technikami uprawy 17.04.2023 Wi\u0119cmierzyce&#8230;<\/p>\n","protected":false},"author":4,"featured_media":0,"parent":19827,"menu_order":1,"comment_status":"closed","ping_status":"closed","template":"","meta":{"_acf_changed":false,"inline_featured_image":false,"footnotes":"","_wp_rev_ctl_limit":""},"class_list":["post-19835","page","type-page","status-publish","hentry"],"acf":[],"yoast_head":"<!-- This site is optimized with the Yoast SEO plugin v27.3 - https:\/\/yoast.com\/product\/yoast-seo-wordpress\/ -->\n<title>Techniki uprawy 2023 - S\u00fcdzucker Polska<\/title>\n<meta name=\"robots\" content=\"index, follow, max-snippet:-1, max-image-preview:large, max-video-preview:-1\" \/>\n<link rel=\"canonical\" href=\"https:\/\/www.suedzucker.pl\/serwis-plantatorski\/doswiadczenia\/wyniki-doswiadczen-2023\/techniki-uprawy-2023\/\" \/>\n<meta property=\"og:locale\" content=\"en_US\" \/>\n<meta property=\"og:type\" content=\"article\" \/>\n<meta property=\"og:title\" content=\"Techniki uprawy 2023 - S\u00fcdzucker Polska\" \/>\n<meta property=\"og:description\" content=\"PZW % po 21 dniach &#8211; Do\u015bwiadczenie z technikami uprawy 2023 PZW % po 28 dniach &#8211; Do\u015bwiadczenie z technikami uprawy 2023 Wi\u0119cmierzyce \u2013 do\u015bwiadczenie z technikami uprawy 17.04.2023 Wi\u0119cmierzyce...\" \/>\n<meta property=\"og:url\" content=\"https:\/\/www.suedzucker.pl\/serwis-plantatorski\/doswiadczenia\/wyniki-doswiadczen-2023\/techniki-uprawy-2023\/\" \/>\n<meta property=\"og:site_name\" content=\"S\u00fcdzucker Polska\" \/>\n<meta property=\"article:modified_time\" content=\"2023-11-23T10:05:36+00:00\" \/>\n<meta property=\"og:image\" content=\"https:\/\/www.suedzucker.pl\/wp-content\/uploads\/2023\/05\/PZW-tu-21-dni-1024x403.png\" \/>\n<meta name=\"twitter:card\" content=\"summary_large_image\" \/>\n<meta name=\"twitter:label1\" content=\"Est. reading time\" \/>\n\t<meta name=\"twitter:data1\" content=\"3 minutes\" \/>\n<script type=\"application\/ld+json\" class=\"yoast-schema-graph\">{\"@context\":\"https:\\\/\\\/schema.org\",\"@graph\":[{\"@type\":\"WebPage\",\"@id\":\"https:\\\/\\\/www.suedzucker.pl\\\/serwis-plantatorski\\\/doswiadczenia\\\/wyniki-doswiadczen-2023\\\/techniki-uprawy-2023\\\/\",\"url\":\"https:\\\/\\\/www.suedzucker.pl\\\/serwis-plantatorski\\\/doswiadczenia\\\/wyniki-doswiadczen-2023\\\/techniki-uprawy-2023\\\/\",\"name\":\"Techniki uprawy 2023 - S\u00fcdzucker Polska\",\"isPartOf\":{\"@id\":\"https:\\\/\\\/www.suedzucker.pl\\\/en\\\/#website\"},\"primaryImageOfPage\":{\"@id\":\"https:\\\/\\\/www.suedzucker.pl\\\/serwis-plantatorski\\\/doswiadczenia\\\/wyniki-doswiadczen-2023\\\/techniki-uprawy-2023\\\/#primaryimage\"},\"image\":{\"@id\":\"https:\\\/\\\/www.suedzucker.pl\\\/serwis-plantatorski\\\/doswiadczenia\\\/wyniki-doswiadczen-2023\\\/techniki-uprawy-2023\\\/#primaryimage\"},\"thumbnailUrl\":\"https:\\\/\\\/www.suedzucker.pl\\\/wp-content\\\/uploads\\\/2023\\\/05\\\/PZW-tu-21-dni-1024x403.png\",\"datePublished\":\"2023-05-30T06:43:53+00:00\",\"dateModified\":\"2023-11-23T10:05:36+00:00\",\"breadcrumb\":{\"@id\":\"https:\\\/\\\/www.suedzucker.pl\\\/serwis-plantatorski\\\/doswiadczenia\\\/wyniki-doswiadczen-2023\\\/techniki-uprawy-2023\\\/#breadcrumb\"},\"inLanguage\":\"en-US\",\"potentialAction\":[{\"@type\":\"ReadAction\",\"target\":[\"https:\\\/\\\/www.suedzucker.pl\\\/serwis-plantatorski\\\/doswiadczenia\\\/wyniki-doswiadczen-2023\\\/techniki-uprawy-2023\\\/\"]}]},{\"@type\":\"ImageObject\",\"inLanguage\":\"en-US\",\"@id\":\"https:\\\/\\\/www.suedzucker.pl\\\/serwis-plantatorski\\\/doswiadczenia\\\/wyniki-doswiadczen-2023\\\/techniki-uprawy-2023\\\/#primaryimage\",\"url\":\"https:\\\/\\\/www.suedzucker.pl\\\/wp-content\\\/uploads\\\/2023\\\/05\\\/PZW-tu-21-dni-1024x403.png\",\"contentUrl\":\"https:\\\/\\\/www.suedzucker.pl\\\/wp-content\\\/uploads\\\/2023\\\/05\\\/PZW-tu-21-dni-1024x403.png\"},{\"@type\":\"BreadcrumbList\",\"@id\":\"https:\\\/\\\/www.suedzucker.pl\\\/serwis-plantatorski\\\/doswiadczenia\\\/wyniki-doswiadczen-2023\\\/techniki-uprawy-2023\\\/#breadcrumb\",\"itemListElement\":[{\"@type\":\"ListItem\",\"position\":1,\"name\":\"Home page\",\"item\":\"https:\\\/\\\/www.suedzucker.pl\\\/en\\\/serwis-plantatorski\\\/\"},{\"@type\":\"ListItem\",\"position\":2,\"name\":\"Do\u015bwiadczenia\",\"item\":\"https:\\\/\\\/www.suedzucker.pl\\\/serwis-plantatorski\\\/doswiadczenia\\\/\"},{\"@type\":\"ListItem\",\"position\":3,\"name\":\"Wyniki do\u015bwiadcze\u0144 2023\",\"item\":\"https:\\\/\\\/www.suedzucker.pl\\\/serwis-plantatorski\\\/doswiadczenia\\\/wyniki-doswiadczen-2023\\\/\"},{\"@type\":\"ListItem\",\"position\":4,\"name\":\"Techniki uprawy 2023\"}]},{\"@type\":\"WebSite\",\"@id\":\"https:\\\/\\\/www.suedzucker.pl\\\/en\\\/#website\",\"url\":\"https:\\\/\\\/www.suedzucker.pl\\\/en\\\/\",\"name\":\"S\u00fcdzucker Polska\",\"description\":\"Jeste\u015bmy wiod\u0105cym producentem cukru w Polsce\",\"potentialAction\":[{\"@type\":\"SearchAction\",\"target\":{\"@type\":\"EntryPoint\",\"urlTemplate\":\"https:\\\/\\\/www.suedzucker.pl\\\/en\\\/?s={search_term_string}\"},\"query-input\":{\"@type\":\"PropertyValueSpecification\",\"valueRequired\":true,\"valueName\":\"search_term_string\"}}],\"inLanguage\":\"en-US\"}]}<\/script>\n<!-- \/ Yoast SEO plugin. -->","yoast_head_json":{"title":"Techniki uprawy 2023 - S\u00fcdzucker Polska","robots":{"index":"index","follow":"follow","max-snippet":"max-snippet:-1","max-image-preview":"max-image-preview:large","max-video-preview":"max-video-preview:-1"},"canonical":"https:\/\/www.suedzucker.pl\/serwis-plantatorski\/doswiadczenia\/wyniki-doswiadczen-2023\/techniki-uprawy-2023\/","og_locale":"en_US","og_type":"article","og_title":"Techniki uprawy 2023 - S\u00fcdzucker Polska","og_description":"PZW % po 21 dniach &#8211; Do\u015bwiadczenie z technikami uprawy 2023 PZW % po 28 dniach &#8211; Do\u015bwiadczenie z technikami uprawy 2023 Wi\u0119cmierzyce \u2013 do\u015bwiadczenie z technikami uprawy 17.04.2023 Wi\u0119cmierzyce...","og_url":"https:\/\/www.suedzucker.pl\/serwis-plantatorski\/doswiadczenia\/wyniki-doswiadczen-2023\/techniki-uprawy-2023\/","og_site_name":"S\u00fcdzucker Polska","article_modified_time":"2023-11-23T10:05:36+00:00","og_image":[{"url":"https:\/\/www.suedzucker.pl\/wp-content\/uploads\/2023\/05\/PZW-tu-21-dni-1024x403.png","type":"","width":"","height":""}],"twitter_card":"summary_large_image","twitter_misc":{"Est. reading time":"3 minutes"},"schema":{"@context":"https:\/\/schema.org","@graph":[{"@type":"WebPage","@id":"https:\/\/www.suedzucker.pl\/serwis-plantatorski\/doswiadczenia\/wyniki-doswiadczen-2023\/techniki-uprawy-2023\/","url":"https:\/\/www.suedzucker.pl\/serwis-plantatorski\/doswiadczenia\/wyniki-doswiadczen-2023\/techniki-uprawy-2023\/","name":"Techniki uprawy 2023 - S\u00fcdzucker Polska","isPartOf":{"@id":"https:\/\/www.suedzucker.pl\/en\/#website"},"primaryImageOfPage":{"@id":"https:\/\/www.suedzucker.pl\/serwis-plantatorski\/doswiadczenia\/wyniki-doswiadczen-2023\/techniki-uprawy-2023\/#primaryimage"},"image":{"@id":"https:\/\/www.suedzucker.pl\/serwis-plantatorski\/doswiadczenia\/wyniki-doswiadczen-2023\/techniki-uprawy-2023\/#primaryimage"},"thumbnailUrl":"https:\/\/www.suedzucker.pl\/wp-content\/uploads\/2023\/05\/PZW-tu-21-dni-1024x403.png","datePublished":"2023-05-30T06:43:53+00:00","dateModified":"2023-11-23T10:05:36+00:00","breadcrumb":{"@id":"https:\/\/www.suedzucker.pl\/serwis-plantatorski\/doswiadczenia\/wyniki-doswiadczen-2023\/techniki-uprawy-2023\/#breadcrumb"},"inLanguage":"en-US","potentialAction":[{"@type":"ReadAction","target":["https:\/\/www.suedzucker.pl\/serwis-plantatorski\/doswiadczenia\/wyniki-doswiadczen-2023\/techniki-uprawy-2023\/"]}]},{"@type":"ImageObject","inLanguage":"en-US","@id":"https:\/\/www.suedzucker.pl\/serwis-plantatorski\/doswiadczenia\/wyniki-doswiadczen-2023\/techniki-uprawy-2023\/#primaryimage","url":"https:\/\/www.suedzucker.pl\/wp-content\/uploads\/2023\/05\/PZW-tu-21-dni-1024x403.png","contentUrl":"https:\/\/www.suedzucker.pl\/wp-content\/uploads\/2023\/05\/PZW-tu-21-dni-1024x403.png"},{"@type":"BreadcrumbList","@id":"https:\/\/www.suedzucker.pl\/serwis-plantatorski\/doswiadczenia\/wyniki-doswiadczen-2023\/techniki-uprawy-2023\/#breadcrumb","itemListElement":[{"@type":"ListItem","position":1,"name":"Home page","item":"https:\/\/www.suedzucker.pl\/en\/serwis-plantatorski\/"},{"@type":"ListItem","position":2,"name":"Do\u015bwiadczenia","item":"https:\/\/www.suedzucker.pl\/serwis-plantatorski\/doswiadczenia\/"},{"@type":"ListItem","position":3,"name":"Wyniki do\u015bwiadcze\u0144 2023","item":"https:\/\/www.suedzucker.pl\/serwis-plantatorski\/doswiadczenia\/wyniki-doswiadczen-2023\/"},{"@type":"ListItem","position":4,"name":"Techniki uprawy 2023"}]},{"@type":"WebSite","@id":"https:\/\/www.suedzucker.pl\/en\/#website","url":"https:\/\/www.suedzucker.pl\/en\/","name":"S\u00fcdzucker Polska","description":"Jeste\u015bmy wiod\u0105cym producentem cukru w Polsce","potentialAction":[{"@type":"SearchAction","target":{"@type":"EntryPoint","urlTemplate":"https:\/\/www.suedzucker.pl\/en\/?s={search_term_string}"},"query-input":{"@type":"PropertyValueSpecification","valueRequired":true,"valueName":"search_term_string"}}],"inLanguage":"en-US"}]}},"_links":{"self":[{"href":"https:\/\/www.suedzucker.pl\/en\/wp-json\/wp\/v2\/pages\/19835","targetHints":{"allow":["GET"]}}],"collection":[{"href":"https:\/\/www.suedzucker.pl\/en\/wp-json\/wp\/v2\/pages"}],"about":[{"href":"https:\/\/www.suedzucker.pl\/en\/wp-json\/wp\/v2\/types\/page"}],"author":[{"embeddable":true,"href":"https:\/\/www.suedzucker.pl\/en\/wp-json\/wp\/v2\/users\/4"}],"replies":[{"embeddable":true,"href":"https:\/\/www.suedzucker.pl\/en\/wp-json\/wp\/v2\/comments?post=19835"}],"version-history":[{"count":4,"href":"https:\/\/www.suedzucker.pl\/en\/wp-json\/wp\/v2\/pages\/19835\/revisions"}],"predecessor-version":[{"id":20962,"href":"https:\/\/www.suedzucker.pl\/en\/wp-json\/wp\/v2\/pages\/19835\/revisions\/20962"}],"up":[{"embeddable":true,"href":"https:\/\/www.suedzucker.pl\/en\/wp-json\/wp\/v2\/pages\/19827"}],"wp:attachment":[{"href":"https:\/\/www.suedzucker.pl\/en\/wp-json\/wp\/v2\/media?parent=19835"}],"curies":[{"name":"wp","href":"https:\/\/api.w.org\/{rel}","templated":true}]}}