{"id":20267,"date":"2023-07-31T13:00:16","date_gmt":"2023-07-31T11:00:16","guid":{"rendered":"https:\/\/www.suedzucker.pl\/?page_id=20267"},"modified":"2023-07-31T13:04:37","modified_gmt":"2023-07-31T11:04:37","slug":"herbicydowe-2023","status":"publish","type":"page","link":"https:\/\/www.suedzucker.pl\/en\/serwis-plantatorski\/doswiadczenia\/wyniki-doswiadczen-2023\/herbicydowe-2023\/","title":{"rendered":"Herbicydowe 2023"},"content":{"rendered":"\n<h4 class=\"wp-block-heading\">Warianty ochrony herbicydowej 2023<\/h4>\n\n\n<div class=\"wp-block-image\">\n<figure class=\"aligncenter size-full\"><a href=\"https:\/\/www.suedzucker.pl\/wp-content\/uploads\/2023\/07\/Warianty_herbicydowe.png\"><img loading=\"lazy\" decoding=\"async\" width=\"698\" height=\"639\" src=\"https:\/\/www.suedzucker.pl\/wp-content\/uploads\/2023\/07\/Warianty_herbicydowe.png\" alt=\"\" class=\"wp-image-20269\" srcset=\"https:\/\/www.suedzucker.pl\/wp-content\/uploads\/2023\/07\/Warianty_herbicydowe.png 698w, https:\/\/www.suedzucker.pl\/wp-content\/uploads\/2023\/07\/Warianty_herbicydowe-300x275.png 300w, https:\/\/www.suedzucker.pl\/wp-content\/uploads\/2023\/07\/Warianty_herbicydowe-500x458.png 500w\" sizes=\"auto, (max-width: 698px) 100vw, 698px\" \/><\/a><\/figure>\n<\/div>\n\n\n<h4 class=\"wp-block-heading\">Terminy aplikacji zabieg\u00f3w na\u00a0poszczeg\u00f3lnych wariantach<\/h4>\n\n\n<div class=\"wp-block-image\">\n<figure class=\"aligncenter size-full\"><a href=\"https:\/\/www.suedzucker.pl\/wp-content\/uploads\/2023\/07\/Terminy-aplikacji.png\"><img loading=\"lazy\" decoding=\"async\" width=\"949\" height=\"533\" src=\"https:\/\/www.suedzucker.pl\/wp-content\/uploads\/2023\/07\/Terminy-aplikacji.png\" alt=\"\" class=\"wp-image-20271\" srcset=\"https:\/\/www.suedzucker.pl\/wp-content\/uploads\/2023\/07\/Terminy-aplikacji.png 949w, https:\/\/www.suedzucker.pl\/wp-content\/uploads\/2023\/07\/Terminy-aplikacji-300x168.png 300w, https:\/\/www.suedzucker.pl\/wp-content\/uploads\/2023\/07\/Terminy-aplikacji-768x431.png 768w, https:\/\/www.suedzucker.pl\/wp-content\/uploads\/2023\/07\/Terminy-aplikacji-500x281.png 500w\" sizes=\"auto, (max-width: 949px) 100vw, 949px\" \/><\/a><\/figure>\n<\/div>\n\n\n<h4 class=\"wp-block-heading\">Skuteczno\u015b\u0107 wariant\u00f3w ochrony herbicydowej a koszty<\/h4>\n\n\n<div class=\"wp-block-image\">\n<figure class=\"aligncenter size-full\"><a href=\"https:\/\/www.suedzucker.pl\/wp-content\/uploads\/2023\/07\/Skutecznosc_koszty.png\"><img loading=\"lazy\" decoding=\"async\" width=\"935\" height=\"703\" src=\"https:\/\/www.suedzucker.pl\/wp-content\/uploads\/2023\/07\/Skutecznosc_koszty.png\" alt=\"\" class=\"wp-image-20272\" srcset=\"https:\/\/www.suedzucker.pl\/wp-content\/uploads\/2023\/07\/Skutecznosc_koszty.png 935w, https:\/\/www.suedzucker.pl\/wp-content\/uploads\/2023\/07\/Skutecznosc_koszty-300x226.png 300w, https:\/\/www.suedzucker.pl\/wp-content\/uploads\/2023\/07\/Skutecznosc_koszty-768x577.png 768w, https:\/\/www.suedzucker.pl\/wp-content\/uploads\/2023\/07\/Skutecznosc_koszty-500x376.png 500w\" sizes=\"auto, (max-width: 935px) 100vw, 935px\" \/><\/a><\/figure>\n<\/div>\n\n\n<p><\/p>\n","protected":false},"excerpt":{"rendered":"<p>Warianty ochrony herbicydowej 2023 Terminy aplikacji zabieg\u00f3w na\u00a0poszczeg\u00f3lnych wariantach Skuteczno\u015b\u0107 wariant\u00f3w ochrony herbicydowej a koszty<\/p>\n","protected":false},"author":4,"featured_media":0,"parent":19827,"menu_order":2,"comment_status":"closed","ping_status":"closed","template":"","meta":{"_acf_changed":false,"inline_featured_image":false,"footnotes":"","_wp_rev_ctl_limit":""},"class_list":["post-20267","page","type-page","status-publish","hentry"],"acf":[],"yoast_head":"<!-- This site is optimized with the Yoast SEO plugin v27.3 - https:\/\/yoast.com\/product\/yoast-seo-wordpress\/ -->\n<title>Herbicydowe 2023 - S\u00fcdzucker Polska<\/title>\n<meta name=\"robots\" content=\"index, follow, max-snippet:-1, max-image-preview:large, max-video-preview:-1\" \/>\n<link rel=\"canonical\" href=\"https:\/\/www.suedzucker.pl\/serwis-plantatorski\/doswiadczenia\/wyniki-doswiadczen-2023\/herbicydowe-2023\/\" \/>\n<meta property=\"og:locale\" content=\"en_US\" \/>\n<meta property=\"og:type\" content=\"article\" \/>\n<meta property=\"og:title\" content=\"Herbicydowe 2023 - S\u00fcdzucker Polska\" \/>\n<meta property=\"og:description\" content=\"Warianty ochrony herbicydowej 2023 Terminy aplikacji zabieg\u00f3w na\u00a0poszczeg\u00f3lnych wariantach Skuteczno\u015b\u0107 wariant\u00f3w ochrony herbicydowej a koszty\" \/>\n<meta property=\"og:url\" content=\"https:\/\/www.suedzucker.pl\/serwis-plantatorski\/doswiadczenia\/wyniki-doswiadczen-2023\/herbicydowe-2023\/\" \/>\n<meta property=\"og:site_name\" content=\"S\u00fcdzucker Polska\" \/>\n<meta property=\"article:modified_time\" content=\"2023-07-31T11:04:37+00:00\" \/>\n<meta property=\"og:image\" content=\"https:\/\/www.suedzucker.pl\/wp-content\/uploads\/2023\/07\/Warianty_herbicydowe.png\" \/>\n<meta name=\"twitter:card\" content=\"summary_large_image\" \/>\n<meta name=\"twitter:label1\" content=\"Est. reading time\" \/>\n\t<meta name=\"twitter:data1\" content=\"1 minute\" \/>\n<script type=\"application\/ld+json\" class=\"yoast-schema-graph\">{\"@context\":\"https:\\\/\\\/schema.org\",\"@graph\":[{\"@type\":\"WebPage\",\"@id\":\"https:\\\/\\\/www.suedzucker.pl\\\/serwis-plantatorski\\\/doswiadczenia\\\/wyniki-doswiadczen-2023\\\/herbicydowe-2023\\\/\",\"url\":\"https:\\\/\\\/www.suedzucker.pl\\\/serwis-plantatorski\\\/doswiadczenia\\\/wyniki-doswiadczen-2023\\\/herbicydowe-2023\\\/\",\"name\":\"Herbicydowe 2023 - S\u00fcdzucker Polska\",\"isPartOf\":{\"@id\":\"https:\\\/\\\/www.suedzucker.pl\\\/en\\\/#website\"},\"primaryImageOfPage\":{\"@id\":\"https:\\\/\\\/www.suedzucker.pl\\\/serwis-plantatorski\\\/doswiadczenia\\\/wyniki-doswiadczen-2023\\\/herbicydowe-2023\\\/#primaryimage\"},\"image\":{\"@id\":\"https:\\\/\\\/www.suedzucker.pl\\\/serwis-plantatorski\\\/doswiadczenia\\\/wyniki-doswiadczen-2023\\\/herbicydowe-2023\\\/#primaryimage\"},\"thumbnailUrl\":\"https:\\\/\\\/www.suedzucker.pl\\\/wp-content\\\/uploads\\\/2023\\\/07\\\/Warianty_herbicydowe.png\",\"datePublished\":\"2023-07-31T11:00:16+00:00\",\"dateModified\":\"2023-07-31T11:04:37+00:00\",\"breadcrumb\":{\"@id\":\"https:\\\/\\\/www.suedzucker.pl\\\/serwis-plantatorski\\\/doswiadczenia\\\/wyniki-doswiadczen-2023\\\/herbicydowe-2023\\\/#breadcrumb\"},\"inLanguage\":\"en-US\",\"potentialAction\":[{\"@type\":\"ReadAction\",\"target\":[\"https:\\\/\\\/www.suedzucker.pl\\\/serwis-plantatorski\\\/doswiadczenia\\\/wyniki-doswiadczen-2023\\\/herbicydowe-2023\\\/\"]}]},{\"@type\":\"ImageObject\",\"inLanguage\":\"en-US\",\"@id\":\"https:\\\/\\\/www.suedzucker.pl\\\/serwis-plantatorski\\\/doswiadczenia\\\/wyniki-doswiadczen-2023\\\/herbicydowe-2023\\\/#primaryimage\",\"url\":\"https:\\\/\\\/www.suedzucker.pl\\\/wp-content\\\/uploads\\\/2023\\\/07\\\/Warianty_herbicydowe.png\",\"contentUrl\":\"https:\\\/\\\/www.suedzucker.pl\\\/wp-content\\\/uploads\\\/2023\\\/07\\\/Warianty_herbicydowe.png\"},{\"@type\":\"BreadcrumbList\",\"@id\":\"https:\\\/\\\/www.suedzucker.pl\\\/serwis-plantatorski\\\/doswiadczenia\\\/wyniki-doswiadczen-2023\\\/herbicydowe-2023\\\/#breadcrumb\",\"itemListElement\":[{\"@type\":\"ListItem\",\"position\":1,\"name\":\"Home page\",\"item\":\"https:\\\/\\\/www.suedzucker.pl\\\/en\\\/serwis-plantatorski\\\/\"},{\"@type\":\"ListItem\",\"position\":2,\"name\":\"Do\u015bwiadczenia\",\"item\":\"https:\\\/\\\/www.suedzucker.pl\\\/serwis-plantatorski\\\/doswiadczenia\\\/\"},{\"@type\":\"ListItem\",\"position\":3,\"name\":\"Wyniki do\u015bwiadcze\u0144 2023\",\"item\":\"https:\\\/\\\/www.suedzucker.pl\\\/serwis-plantatorski\\\/doswiadczenia\\\/wyniki-doswiadczen-2023\\\/\"},{\"@type\":\"ListItem\",\"position\":4,\"name\":\"Herbicydowe 2023\"}]},{\"@type\":\"WebSite\",\"@id\":\"https:\\\/\\\/www.suedzucker.pl\\\/en\\\/#website\",\"url\":\"https:\\\/\\\/www.suedzucker.pl\\\/en\\\/\",\"name\":\"S\u00fcdzucker Polska\",\"description\":\"Jeste\u015bmy wiod\u0105cym producentem cukru w Polsce\",\"potentialAction\":[{\"@type\":\"SearchAction\",\"target\":{\"@type\":\"EntryPoint\",\"urlTemplate\":\"https:\\\/\\\/www.suedzucker.pl\\\/en\\\/?s={search_term_string}\"},\"query-input\":{\"@type\":\"PropertyValueSpecification\",\"valueRequired\":true,\"valueName\":\"search_term_string\"}}],\"inLanguage\":\"en-US\"}]}<\/script>\n<!-- \/ Yoast SEO plugin. -->","yoast_head_json":{"title":"Herbicydowe 2023 - S\u00fcdzucker Polska","robots":{"index":"index","follow":"follow","max-snippet":"max-snippet:-1","max-image-preview":"max-image-preview:large","max-video-preview":"max-video-preview:-1"},"canonical":"https:\/\/www.suedzucker.pl\/serwis-plantatorski\/doswiadczenia\/wyniki-doswiadczen-2023\/herbicydowe-2023\/","og_locale":"en_US","og_type":"article","og_title":"Herbicydowe 2023 - S\u00fcdzucker Polska","og_description":"Warianty ochrony herbicydowej 2023 Terminy aplikacji zabieg\u00f3w na\u00a0poszczeg\u00f3lnych wariantach Skuteczno\u015b\u0107 wariant\u00f3w ochrony herbicydowej a koszty","og_url":"https:\/\/www.suedzucker.pl\/serwis-plantatorski\/doswiadczenia\/wyniki-doswiadczen-2023\/herbicydowe-2023\/","og_site_name":"S\u00fcdzucker Polska","article_modified_time":"2023-07-31T11:04:37+00:00","og_image":[{"url":"https:\/\/www.suedzucker.pl\/wp-content\/uploads\/2023\/07\/Warianty_herbicydowe.png","type":"","width":"","height":""}],"twitter_card":"summary_large_image","twitter_misc":{"Est. reading time":"1 minute"},"schema":{"@context":"https:\/\/schema.org","@graph":[{"@type":"WebPage","@id":"https:\/\/www.suedzucker.pl\/serwis-plantatorski\/doswiadczenia\/wyniki-doswiadczen-2023\/herbicydowe-2023\/","url":"https:\/\/www.suedzucker.pl\/serwis-plantatorski\/doswiadczenia\/wyniki-doswiadczen-2023\/herbicydowe-2023\/","name":"Herbicydowe 2023 - S\u00fcdzucker Polska","isPartOf":{"@id":"https:\/\/www.suedzucker.pl\/en\/#website"},"primaryImageOfPage":{"@id":"https:\/\/www.suedzucker.pl\/serwis-plantatorski\/doswiadczenia\/wyniki-doswiadczen-2023\/herbicydowe-2023\/#primaryimage"},"image":{"@id":"https:\/\/www.suedzucker.pl\/serwis-plantatorski\/doswiadczenia\/wyniki-doswiadczen-2023\/herbicydowe-2023\/#primaryimage"},"thumbnailUrl":"https:\/\/www.suedzucker.pl\/wp-content\/uploads\/2023\/07\/Warianty_herbicydowe.png","datePublished":"2023-07-31T11:00:16+00:00","dateModified":"2023-07-31T11:04:37+00:00","breadcrumb":{"@id":"https:\/\/www.suedzucker.pl\/serwis-plantatorski\/doswiadczenia\/wyniki-doswiadczen-2023\/herbicydowe-2023\/#breadcrumb"},"inLanguage":"en-US","potentialAction":[{"@type":"ReadAction","target":["https:\/\/www.suedzucker.pl\/serwis-plantatorski\/doswiadczenia\/wyniki-doswiadczen-2023\/herbicydowe-2023\/"]}]},{"@type":"ImageObject","inLanguage":"en-US","@id":"https:\/\/www.suedzucker.pl\/serwis-plantatorski\/doswiadczenia\/wyniki-doswiadczen-2023\/herbicydowe-2023\/#primaryimage","url":"https:\/\/www.suedzucker.pl\/wp-content\/uploads\/2023\/07\/Warianty_herbicydowe.png","contentUrl":"https:\/\/www.suedzucker.pl\/wp-content\/uploads\/2023\/07\/Warianty_herbicydowe.png"},{"@type":"BreadcrumbList","@id":"https:\/\/www.suedzucker.pl\/serwis-plantatorski\/doswiadczenia\/wyniki-doswiadczen-2023\/herbicydowe-2023\/#breadcrumb","itemListElement":[{"@type":"ListItem","position":1,"name":"Home page","item":"https:\/\/www.suedzucker.pl\/en\/serwis-plantatorski\/"},{"@type":"ListItem","position":2,"name":"Do\u015bwiadczenia","item":"https:\/\/www.suedzucker.pl\/serwis-plantatorski\/doswiadczenia\/"},{"@type":"ListItem","position":3,"name":"Wyniki do\u015bwiadcze\u0144 2023","item":"https:\/\/www.suedzucker.pl\/serwis-plantatorski\/doswiadczenia\/wyniki-doswiadczen-2023\/"},{"@type":"ListItem","position":4,"name":"Herbicydowe 2023"}]},{"@type":"WebSite","@id":"https:\/\/www.suedzucker.pl\/en\/#website","url":"https:\/\/www.suedzucker.pl\/en\/","name":"S\u00fcdzucker Polska","description":"Jeste\u015bmy wiod\u0105cym producentem cukru w Polsce","potentialAction":[{"@type":"SearchAction","target":{"@type":"EntryPoint","urlTemplate":"https:\/\/www.suedzucker.pl\/en\/?s={search_term_string}"},"query-input":{"@type":"PropertyValueSpecification","valueRequired":true,"valueName":"search_term_string"}}],"inLanguage":"en-US"}]}},"_links":{"self":[{"href":"https:\/\/www.suedzucker.pl\/en\/wp-json\/wp\/v2\/pages\/20267","targetHints":{"allow":["GET"]}}],"collection":[{"href":"https:\/\/www.suedzucker.pl\/en\/wp-json\/wp\/v2\/pages"}],"about":[{"href":"https:\/\/www.suedzucker.pl\/en\/wp-json\/wp\/v2\/types\/page"}],"author":[{"embeddable":true,"href":"https:\/\/www.suedzucker.pl\/en\/wp-json\/wp\/v2\/users\/4"}],"replies":[{"embeddable":true,"href":"https:\/\/www.suedzucker.pl\/en\/wp-json\/wp\/v2\/comments?post=20267"}],"version-history":[{"count":2,"href":"https:\/\/www.suedzucker.pl\/en\/wp-json\/wp\/v2\/pages\/20267\/revisions"}],"predecessor-version":[{"id":20273,"href":"https:\/\/www.suedzucker.pl\/en\/wp-json\/wp\/v2\/pages\/20267\/revisions\/20273"}],"up":[{"embeddable":true,"href":"https:\/\/www.suedzucker.pl\/en\/wp-json\/wp\/v2\/pages\/19827"}],"wp:attachment":[{"href":"https:\/\/www.suedzucker.pl\/en\/wp-json\/wp\/v2\/media?parent=20267"}],"curies":[{"name":"wp","href":"https:\/\/api.w.org\/{rel}","templated":true}]}}