{"id":20879,"date":"2023-11-15T11:46:45","date_gmt":"2023-11-15T10:46:45","guid":{"rendered":"https:\/\/www.suedzucker.pl\/?page_id=20879"},"modified":"2023-11-20T08:55:20","modified_gmt":"2023-11-20T07:55:20","slug":"fungicydowe-2023","status":"publish","type":"page","link":"https:\/\/www.suedzucker.pl\/en\/serwis-plantatorski\/doswiadczenia\/wyniki-doswiadczen-2023\/fungicydowe-2023\/","title":{"rendered":"Fungicydowe 2023"},"content":{"rendered":"\n<h4 class=\"wp-block-heading\">Testowany warianty ochrony fungicydowej 2023<\/h4>\n\n\n\n<figure class=\"wp-block-image size-large\"><a href=\"https:\/\/www.suedzucker.pl\/wp-content\/uploads\/2023\/11\/Warianty.png\"><img loading=\"lazy\" decoding=\"async\" width=\"1024\" height=\"543\" src=\"https:\/\/www.suedzucker.pl\/wp-content\/uploads\/2023\/11\/Warianty-1024x543.png\" alt=\"\" class=\"wp-image-20881\" srcset=\"https:\/\/www.suedzucker.pl\/wp-content\/uploads\/2023\/11\/Warianty-1024x543.png 1024w, https:\/\/www.suedzucker.pl\/wp-content\/uploads\/2023\/11\/Warianty-300x159.png 300w, https:\/\/www.suedzucker.pl\/wp-content\/uploads\/2023\/11\/Warianty-768x408.png 768w, https:\/\/www.suedzucker.pl\/wp-content\/uploads\/2023\/11\/Warianty-500x265.png 500w, https:\/\/www.suedzucker.pl\/wp-content\/uploads\/2023\/11\/Warianty.png 1140w\" sizes=\"auto, (max-width: 1024px) 100vw, 1024px\" \/><\/a><\/figure>\n\n\n\n<h4 class=\"wp-block-heading\">Zdrowotno\u015b\u0107 li\u015bci na poszczeg\u00f3lnych wariantach &#8211; Do\u015bwiadczenia fungicydowe 2023<\/h4>\n\n\n\n<figure class=\"wp-block-image size-full\"><a href=\"https:\/\/www.suedzucker.pl\/wp-content\/uploads\/2023\/11\/Wyniki.png\"><img loading=\"lazy\" decoding=\"async\" width=\"605\" height=\"369\" src=\"https:\/\/www.suedzucker.pl\/wp-content\/uploads\/2023\/11\/Wyniki.png\" alt=\"\" class=\"wp-image-20905\" srcset=\"https:\/\/www.suedzucker.pl\/wp-content\/uploads\/2023\/11\/Wyniki.png 605w, https:\/\/www.suedzucker.pl\/wp-content\/uploads\/2023\/11\/Wyniki-300x183.png 300w, https:\/\/www.suedzucker.pl\/wp-content\/uploads\/2023\/11\/Wyniki-500x305.png 500w\" sizes=\"auto, (max-width: 605px) 100vw, 605px\" \/><\/a><\/figure>\n\n\n\n<h4 class=\"wp-block-heading\">Zdrowotno\u015b\u0107 li\u015bci \u2013 Do\u015bwiadczenia fungicydowe 2023<\/h4>\n\n\n\n<figure class=\"wp-block-image size-large\"><a href=\"https:\/\/www.suedzucker.pl\/wp-content\/uploads\/2023\/11\/Zdrowotnosc-lisci.png\"><img loading=\"lazy\" decoding=\"async\" width=\"1024\" height=\"480\" src=\"https:\/\/www.suedzucker.pl\/wp-content\/uploads\/2023\/11\/Zdrowotnosc-lisci-1024x480.png\" alt=\"\" class=\"wp-image-20883\" srcset=\"https:\/\/www.suedzucker.pl\/wp-content\/uploads\/2023\/11\/Zdrowotnosc-lisci-1024x480.png 1024w, https:\/\/www.suedzucker.pl\/wp-content\/uploads\/2023\/11\/Zdrowotnosc-lisci-300x140.png 300w, https:\/\/www.suedzucker.pl\/wp-content\/uploads\/2023\/11\/Zdrowotnosc-lisci-768x360.png 768w, https:\/\/www.suedzucker.pl\/wp-content\/uploads\/2023\/11\/Zdrowotnosc-lisci-500x234.png 500w, https:\/\/www.suedzucker.pl\/wp-content\/uploads\/2023\/11\/Zdrowotnosc-lisci.png 1198w\" sizes=\"auto, (max-width: 1024px) 100vw, 1024px\" \/><\/a><\/figure>\n\n\n\n<h4 class=\"wp-block-heading\">Technologiczny Plon Cukru \u2013 Do\u015bwiadczenia fungicydowe 2023<\/h4>\n\n\n\n<figure class=\"wp-block-image size-large\"><a href=\"https:\/\/www.suedzucker.pl\/wp-content\/uploads\/2023\/11\/Plon-cukru.png\"><img loading=\"lazy\" decoding=\"async\" width=\"1024\" height=\"445\" src=\"https:\/\/www.suedzucker.pl\/wp-content\/uploads\/2023\/11\/Plon-cukru-1024x445.png\" alt=\"\" class=\"wp-image-20884\" srcset=\"https:\/\/www.suedzucker.pl\/wp-content\/uploads\/2023\/11\/Plon-cukru-1024x445.png 1024w, https:\/\/www.suedzucker.pl\/wp-content\/uploads\/2023\/11\/Plon-cukru-300x130.png 300w, https:\/\/www.suedzucker.pl\/wp-content\/uploads\/2023\/11\/Plon-cukru-768x334.png 768w, https:\/\/www.suedzucker.pl\/wp-content\/uploads\/2023\/11\/Plon-cukru-500x217.png 500w, https:\/\/www.suedzucker.pl\/wp-content\/uploads\/2023\/11\/Plon-cukru.png 1194w\" sizes=\"auto, (max-width: 1024px) 100vw, 1024px\" \/><\/a><\/figure>\n\n\n\n<h4 class=\"wp-block-heading\">Plon Korzeni \u2013 Do\u015bwiadczenia fungicydowe 2023<\/h4>\n\n\n\n<figure class=\"wp-block-image size-large\"><a href=\"https:\/\/www.suedzucker.pl\/wp-content\/uploads\/2023\/11\/Plon-korzeni.png\"><img loading=\"lazy\" decoding=\"async\" width=\"1024\" height=\"436\" src=\"https:\/\/www.suedzucker.pl\/wp-content\/uploads\/2023\/11\/Plon-korzeni-1024x436.png\" alt=\"\" class=\"wp-image-20885\" srcset=\"https:\/\/www.suedzucker.pl\/wp-content\/uploads\/2023\/11\/Plon-korzeni-1024x436.png 1024w, https:\/\/www.suedzucker.pl\/wp-content\/uploads\/2023\/11\/Plon-korzeni-300x128.png 300w, https:\/\/www.suedzucker.pl\/wp-content\/uploads\/2023\/11\/Plon-korzeni-768x327.png 768w, https:\/\/www.suedzucker.pl\/wp-content\/uploads\/2023\/11\/Plon-korzeni-500x213.png 500w, https:\/\/www.suedzucker.pl\/wp-content\/uploads\/2023\/11\/Plon-korzeni.png 1204w\" sizes=\"auto, (max-width: 1024px) 100vw, 1024px\" \/><\/a><\/figure>\n\n\n\n<h4 class=\"wp-block-heading\">Polaryzacja \u2013 Do\u015bwiadczenia fungicydowe 2023<\/h4>\n\n\n\n<figure class=\"wp-block-image size-large\"><a href=\"https:\/\/www.suedzucker.pl\/wp-content\/uploads\/2023\/11\/Polaryzacja.png\"><img loading=\"lazy\" decoding=\"async\" width=\"1024\" height=\"418\" src=\"https:\/\/www.suedzucker.pl\/wp-content\/uploads\/2023\/11\/Polaryzacja-1024x418.png\" alt=\"\" class=\"wp-image-20886\" srcset=\"https:\/\/www.suedzucker.pl\/wp-content\/uploads\/2023\/11\/Polaryzacja-1024x418.png 1024w, https:\/\/www.suedzucker.pl\/wp-content\/uploads\/2023\/11\/Polaryzacja-300x123.png 300w, https:\/\/www.suedzucker.pl\/wp-content\/uploads\/2023\/11\/Polaryzacja-768x314.png 768w, https:\/\/www.suedzucker.pl\/wp-content\/uploads\/2023\/11\/Polaryzacja-500x204.png 500w, https:\/\/www.suedzucker.pl\/wp-content\/uploads\/2023\/11\/Polaryzacja.png 1239w\" sizes=\"auto, (max-width: 1024px) 100vw, 1024px\" \/><\/a><\/figure>\n\n\n\n<p><\/p>\n","protected":false},"excerpt":{"rendered":"<p>Testowany warianty ochrony fungicydowej 2023 Zdrowotno\u015b\u0107 li\u015bci na poszczeg\u00f3lnych wariantach &#8211; Do\u015bwiadczenia fungicydowe 2023 Zdrowotno\u015b\u0107 li\u015bci \u2013 Do\u015bwiadczenia fungicydowe 2023 Technologiczny Plon Cukru \u2013 Do\u015bwiadczenia fungicydowe 2023 Plon Korzeni \u2013&#8230;<\/p>\n","protected":false},"author":4,"featured_media":0,"parent":19827,"menu_order":3,"comment_status":"closed","ping_status":"closed","template":"","meta":{"_acf_changed":false,"inline_featured_image":false,"footnotes":"","_wp_rev_ctl_limit":""},"class_list":["post-20879","page","type-page","status-publish","hentry"],"acf":[],"yoast_head":"<!-- This site is optimized with the Yoast SEO plugin v27.3 - https:\/\/yoast.com\/product\/yoast-seo-wordpress\/ -->\n<title>Fungicydowe 2023 - S\u00fcdzucker Polska<\/title>\n<meta name=\"robots\" content=\"index, follow, max-snippet:-1, max-image-preview:large, max-video-preview:-1\" \/>\n<link rel=\"canonical\" href=\"https:\/\/www.suedzucker.pl\/serwis-plantatorski\/doswiadczenia\/wyniki-doswiadczen-2023\/fungicydowe-2023\/\" \/>\n<meta property=\"og:locale\" content=\"en_US\" \/>\n<meta property=\"og:type\" content=\"article\" \/>\n<meta property=\"og:title\" content=\"Fungicydowe 2023 - S\u00fcdzucker Polska\" \/>\n<meta property=\"og:description\" content=\"Testowany warianty ochrony fungicydowej 2023 Zdrowotno\u015b\u0107 li\u015bci na poszczeg\u00f3lnych wariantach &#8211; Do\u015bwiadczenia fungicydowe 2023 Zdrowotno\u015b\u0107 li\u015bci \u2013 Do\u015bwiadczenia fungicydowe 2023 Technologiczny Plon Cukru \u2013 Do\u015bwiadczenia fungicydowe 2023 Plon Korzeni \u2013...\" \/>\n<meta property=\"og:url\" content=\"https:\/\/www.suedzucker.pl\/serwis-plantatorski\/doswiadczenia\/wyniki-doswiadczen-2023\/fungicydowe-2023\/\" \/>\n<meta property=\"og:site_name\" content=\"S\u00fcdzucker Polska\" \/>\n<meta property=\"article:modified_time\" content=\"2023-11-20T07:55:20+00:00\" \/>\n<meta property=\"og:image\" content=\"https:\/\/www.suedzucker.pl\/wp-content\/uploads\/2023\/11\/Warianty-1024x543.png\" \/>\n<meta name=\"twitter:card\" content=\"summary_large_image\" \/>\n<meta name=\"twitter:label1\" content=\"Est. reading time\" \/>\n\t<meta name=\"twitter:data1\" content=\"2 minutes\" \/>\n<script type=\"application\/ld+json\" class=\"yoast-schema-graph\">{\"@context\":\"https:\\\/\\\/schema.org\",\"@graph\":[{\"@type\":\"WebPage\",\"@id\":\"https:\\\/\\\/www.suedzucker.pl\\\/serwis-plantatorski\\\/doswiadczenia\\\/wyniki-doswiadczen-2023\\\/fungicydowe-2023\\\/\",\"url\":\"https:\\\/\\\/www.suedzucker.pl\\\/serwis-plantatorski\\\/doswiadczenia\\\/wyniki-doswiadczen-2023\\\/fungicydowe-2023\\\/\",\"name\":\"Fungicydowe 2023 - S\u00fcdzucker Polska\",\"isPartOf\":{\"@id\":\"https:\\\/\\\/www.suedzucker.pl\\\/en\\\/#website\"},\"primaryImageOfPage\":{\"@id\":\"https:\\\/\\\/www.suedzucker.pl\\\/serwis-plantatorski\\\/doswiadczenia\\\/wyniki-doswiadczen-2023\\\/fungicydowe-2023\\\/#primaryimage\"},\"image\":{\"@id\":\"https:\\\/\\\/www.suedzucker.pl\\\/serwis-plantatorski\\\/doswiadczenia\\\/wyniki-doswiadczen-2023\\\/fungicydowe-2023\\\/#primaryimage\"},\"thumbnailUrl\":\"https:\\\/\\\/www.suedzucker.pl\\\/wp-content\\\/uploads\\\/2023\\\/11\\\/Warianty-1024x543.png\",\"datePublished\":\"2023-11-15T10:46:45+00:00\",\"dateModified\":\"2023-11-20T07:55:20+00:00\",\"breadcrumb\":{\"@id\":\"https:\\\/\\\/www.suedzucker.pl\\\/serwis-plantatorski\\\/doswiadczenia\\\/wyniki-doswiadczen-2023\\\/fungicydowe-2023\\\/#breadcrumb\"},\"inLanguage\":\"en-US\",\"potentialAction\":[{\"@type\":\"ReadAction\",\"target\":[\"https:\\\/\\\/www.suedzucker.pl\\\/serwis-plantatorski\\\/doswiadczenia\\\/wyniki-doswiadczen-2023\\\/fungicydowe-2023\\\/\"]}]},{\"@type\":\"ImageObject\",\"inLanguage\":\"en-US\",\"@id\":\"https:\\\/\\\/www.suedzucker.pl\\\/serwis-plantatorski\\\/doswiadczenia\\\/wyniki-doswiadczen-2023\\\/fungicydowe-2023\\\/#primaryimage\",\"url\":\"https:\\\/\\\/www.suedzucker.pl\\\/wp-content\\\/uploads\\\/2023\\\/11\\\/Warianty-1024x543.png\",\"contentUrl\":\"https:\\\/\\\/www.suedzucker.pl\\\/wp-content\\\/uploads\\\/2023\\\/11\\\/Warianty-1024x543.png\"},{\"@type\":\"BreadcrumbList\",\"@id\":\"https:\\\/\\\/www.suedzucker.pl\\\/serwis-plantatorski\\\/doswiadczenia\\\/wyniki-doswiadczen-2023\\\/fungicydowe-2023\\\/#breadcrumb\",\"itemListElement\":[{\"@type\":\"ListItem\",\"position\":1,\"name\":\"Home page\",\"item\":\"https:\\\/\\\/www.suedzucker.pl\\\/en\\\/serwis-plantatorski\\\/\"},{\"@type\":\"ListItem\",\"position\":2,\"name\":\"Do\u015bwiadczenia\",\"item\":\"https:\\\/\\\/www.suedzucker.pl\\\/serwis-plantatorski\\\/doswiadczenia\\\/\"},{\"@type\":\"ListItem\",\"position\":3,\"name\":\"Wyniki do\u015bwiadcze\u0144 2023\",\"item\":\"https:\\\/\\\/www.suedzucker.pl\\\/serwis-plantatorski\\\/doswiadczenia\\\/wyniki-doswiadczen-2023\\\/\"},{\"@type\":\"ListItem\",\"position\":4,\"name\":\"Fungicydowe 2023\"}]},{\"@type\":\"WebSite\",\"@id\":\"https:\\\/\\\/www.suedzucker.pl\\\/en\\\/#website\",\"url\":\"https:\\\/\\\/www.suedzucker.pl\\\/en\\\/\",\"name\":\"S\u00fcdzucker Polska\",\"description\":\"Jeste\u015bmy wiod\u0105cym producentem cukru w Polsce\",\"potentialAction\":[{\"@type\":\"SearchAction\",\"target\":{\"@type\":\"EntryPoint\",\"urlTemplate\":\"https:\\\/\\\/www.suedzucker.pl\\\/en\\\/?s={search_term_string}\"},\"query-input\":{\"@type\":\"PropertyValueSpecification\",\"valueRequired\":true,\"valueName\":\"search_term_string\"}}],\"inLanguage\":\"en-US\"}]}<\/script>\n<!-- \/ Yoast SEO plugin. -->","yoast_head_json":{"title":"Fungicydowe 2023 - S\u00fcdzucker Polska","robots":{"index":"index","follow":"follow","max-snippet":"max-snippet:-1","max-image-preview":"max-image-preview:large","max-video-preview":"max-video-preview:-1"},"canonical":"https:\/\/www.suedzucker.pl\/serwis-plantatorski\/doswiadczenia\/wyniki-doswiadczen-2023\/fungicydowe-2023\/","og_locale":"en_US","og_type":"article","og_title":"Fungicydowe 2023 - S\u00fcdzucker Polska","og_description":"Testowany warianty ochrony fungicydowej 2023 Zdrowotno\u015b\u0107 li\u015bci na poszczeg\u00f3lnych wariantach &#8211; Do\u015bwiadczenia fungicydowe 2023 Zdrowotno\u015b\u0107 li\u015bci \u2013 Do\u015bwiadczenia fungicydowe 2023 Technologiczny Plon Cukru \u2013 Do\u015bwiadczenia fungicydowe 2023 Plon Korzeni \u2013...","og_url":"https:\/\/www.suedzucker.pl\/serwis-plantatorski\/doswiadczenia\/wyniki-doswiadczen-2023\/fungicydowe-2023\/","og_site_name":"S\u00fcdzucker Polska","article_modified_time":"2023-11-20T07:55:20+00:00","og_image":[{"url":"https:\/\/www.suedzucker.pl\/wp-content\/uploads\/2023\/11\/Warianty-1024x543.png","type":"","width":"","height":""}],"twitter_card":"summary_large_image","twitter_misc":{"Est. reading time":"2 minutes"},"schema":{"@context":"https:\/\/schema.org","@graph":[{"@type":"WebPage","@id":"https:\/\/www.suedzucker.pl\/serwis-plantatorski\/doswiadczenia\/wyniki-doswiadczen-2023\/fungicydowe-2023\/","url":"https:\/\/www.suedzucker.pl\/serwis-plantatorski\/doswiadczenia\/wyniki-doswiadczen-2023\/fungicydowe-2023\/","name":"Fungicydowe 2023 - S\u00fcdzucker Polska","isPartOf":{"@id":"https:\/\/www.suedzucker.pl\/en\/#website"},"primaryImageOfPage":{"@id":"https:\/\/www.suedzucker.pl\/serwis-plantatorski\/doswiadczenia\/wyniki-doswiadczen-2023\/fungicydowe-2023\/#primaryimage"},"image":{"@id":"https:\/\/www.suedzucker.pl\/serwis-plantatorski\/doswiadczenia\/wyniki-doswiadczen-2023\/fungicydowe-2023\/#primaryimage"},"thumbnailUrl":"https:\/\/www.suedzucker.pl\/wp-content\/uploads\/2023\/11\/Warianty-1024x543.png","datePublished":"2023-11-15T10:46:45+00:00","dateModified":"2023-11-20T07:55:20+00:00","breadcrumb":{"@id":"https:\/\/www.suedzucker.pl\/serwis-plantatorski\/doswiadczenia\/wyniki-doswiadczen-2023\/fungicydowe-2023\/#breadcrumb"},"inLanguage":"en-US","potentialAction":[{"@type":"ReadAction","target":["https:\/\/www.suedzucker.pl\/serwis-plantatorski\/doswiadczenia\/wyniki-doswiadczen-2023\/fungicydowe-2023\/"]}]},{"@type":"ImageObject","inLanguage":"en-US","@id":"https:\/\/www.suedzucker.pl\/serwis-plantatorski\/doswiadczenia\/wyniki-doswiadczen-2023\/fungicydowe-2023\/#primaryimage","url":"https:\/\/www.suedzucker.pl\/wp-content\/uploads\/2023\/11\/Warianty-1024x543.png","contentUrl":"https:\/\/www.suedzucker.pl\/wp-content\/uploads\/2023\/11\/Warianty-1024x543.png"},{"@type":"BreadcrumbList","@id":"https:\/\/www.suedzucker.pl\/serwis-plantatorski\/doswiadczenia\/wyniki-doswiadczen-2023\/fungicydowe-2023\/#breadcrumb","itemListElement":[{"@type":"ListItem","position":1,"name":"Home page","item":"https:\/\/www.suedzucker.pl\/en\/serwis-plantatorski\/"},{"@type":"ListItem","position":2,"name":"Do\u015bwiadczenia","item":"https:\/\/www.suedzucker.pl\/serwis-plantatorski\/doswiadczenia\/"},{"@type":"ListItem","position":3,"name":"Wyniki do\u015bwiadcze\u0144 2023","item":"https:\/\/www.suedzucker.pl\/serwis-plantatorski\/doswiadczenia\/wyniki-doswiadczen-2023\/"},{"@type":"ListItem","position":4,"name":"Fungicydowe 2023"}]},{"@type":"WebSite","@id":"https:\/\/www.suedzucker.pl\/en\/#website","url":"https:\/\/www.suedzucker.pl\/en\/","name":"S\u00fcdzucker Polska","description":"Jeste\u015bmy wiod\u0105cym producentem cukru w Polsce","potentialAction":[{"@type":"SearchAction","target":{"@type":"EntryPoint","urlTemplate":"https:\/\/www.suedzucker.pl\/en\/?s={search_term_string}"},"query-input":{"@type":"PropertyValueSpecification","valueRequired":true,"valueName":"search_term_string"}}],"inLanguage":"en-US"}]}},"_links":{"self":[{"href":"https:\/\/www.suedzucker.pl\/en\/wp-json\/wp\/v2\/pages\/20879","targetHints":{"allow":["GET"]}}],"collection":[{"href":"https:\/\/www.suedzucker.pl\/en\/wp-json\/wp\/v2\/pages"}],"about":[{"href":"https:\/\/www.suedzucker.pl\/en\/wp-json\/wp\/v2\/types\/page"}],"author":[{"embeddable":true,"href":"https:\/\/www.suedzucker.pl\/en\/wp-json\/wp\/v2\/users\/4"}],"replies":[{"embeddable":true,"href":"https:\/\/www.suedzucker.pl\/en\/wp-json\/wp\/v2\/comments?post=20879"}],"version-history":[{"count":3,"href":"https:\/\/www.suedzucker.pl\/en\/wp-json\/wp\/v2\/pages\/20879\/revisions"}],"predecessor-version":[{"id":20906,"href":"https:\/\/www.suedzucker.pl\/en\/wp-json\/wp\/v2\/pages\/20879\/revisions\/20906"}],"up":[{"embeddable":true,"href":"https:\/\/www.suedzucker.pl\/en\/wp-json\/wp\/v2\/pages\/19827"}],"wp:attachment":[{"href":"https:\/\/www.suedzucker.pl\/en\/wp-json\/wp\/v2\/media?parent=20879"}],"curies":[{"name":"wp","href":"https:\/\/api.w.org\/{rel}","templated":true}]}}