{"id":20889,"date":"2023-11-15T11:55:34","date_gmt":"2023-11-15T10:55:34","guid":{"rendered":"https:\/\/www.suedzucker.pl\/?page_id=20889"},"modified":"2023-11-15T12:00:07","modified_gmt":"2023-11-15T11:00:07","slug":"fungicydowe-z-odmianami-o-trzech-poziomach-tolerancji-na-chwoscika-2023","status":"publish","type":"page","link":"https:\/\/www.suedzucker.pl\/en\/serwis-plantatorski\/doswiadczenia\/wyniki-doswiadczen-2023\/fungicydowe-z-odmianami-o-trzech-poziomach-tolerancji-na-chwoscika-2023\/","title":{"rendered":"Fungicydowe z odmianami o trzech poziomach tolerancji na chwo\u015bcika 2023"},"content":{"rendered":"\n<h4 class=\"wp-block-heading\">Do\u015bwiadczenie fungicydowe z odmianami o trzech poziomach tolerancji. Terminy zabieg\u00f3w, dawki preparat\u00f3w, zastosowane substancje czynne<\/h4>\n\n\n\n<figure class=\"wp-block-image size-large\"><a href=\"https:\/\/www.suedzucker.pl\/wp-content\/uploads\/2023\/11\/Opis.png\"><img loading=\"lazy\" decoding=\"async\" width=\"1024\" height=\"274\" src=\"https:\/\/www.suedzucker.pl\/wp-content\/uploads\/2023\/11\/Opis-1024x274.png\" alt=\"\" class=\"wp-image-20891\" srcset=\"https:\/\/www.suedzucker.pl\/wp-content\/uploads\/2023\/11\/Opis-1024x274.png 1024w, https:\/\/www.suedzucker.pl\/wp-content\/uploads\/2023\/11\/Opis-300x80.png 300w, https:\/\/www.suedzucker.pl\/wp-content\/uploads\/2023\/11\/Opis-768x206.png 768w, https:\/\/www.suedzucker.pl\/wp-content\/uploads\/2023\/11\/Opis-500x134.png 500w, https:\/\/www.suedzucker.pl\/wp-content\/uploads\/2023\/11\/Opis.png 1278w\" sizes=\"auto, (max-width: 1024px) 100vw, 1024px\" \/><\/a><\/figure>\n\n\n\n<h4 class=\"wp-block-heading\">Bonitacja chor\u00f3b li\u015bci \u2013 Do\u015bwiadczenia fungicydowe z odmianami o trzech poziomach tolerancji na chwo\u015bcika \u2013 2023<\/h4>\n\n\n\n<figure class=\"wp-block-image size-large\"><a href=\"https:\/\/www.suedzucker.pl\/wp-content\/uploads\/2023\/11\/Bonitacja.png\"><img loading=\"lazy\" decoding=\"async\" width=\"1024\" height=\"395\" src=\"https:\/\/www.suedzucker.pl\/wp-content\/uploads\/2023\/11\/Bonitacja-1024x395.png\" alt=\"\" class=\"wp-image-20893\" srcset=\"https:\/\/www.suedzucker.pl\/wp-content\/uploads\/2023\/11\/Bonitacja-1024x395.png 1024w, https:\/\/www.suedzucker.pl\/wp-content\/uploads\/2023\/11\/Bonitacja-300x116.png 300w, https:\/\/www.suedzucker.pl\/wp-content\/uploads\/2023\/11\/Bonitacja-768x296.png 768w, https:\/\/www.suedzucker.pl\/wp-content\/uploads\/2023\/11\/Bonitacja-500x193.png 500w, https:\/\/www.suedzucker.pl\/wp-content\/uploads\/2023\/11\/Bonitacja.png 1262w\" sizes=\"auto, (max-width: 1024px) 100vw, 1024px\" \/><\/a><\/figure>\n\n\n\n<h4 class=\"wp-block-heading\">Technologiczny Plon Cukru \u2013 Do\u015bwiadczenia fungicydowe z odmianami o trzech poziomach tolerancji na chwo\u015bcika \u2013 2023<\/h4>\n\n\n\n<figure class=\"wp-block-image size-large\"><a href=\"https:\/\/www.suedzucker.pl\/wp-content\/uploads\/2023\/11\/Plon-cukru-1.png\"><img loading=\"lazy\" decoding=\"async\" width=\"1024\" height=\"411\" src=\"https:\/\/www.suedzucker.pl\/wp-content\/uploads\/2023\/11\/Plon-cukru-1-1024x411.png\" alt=\"\" class=\"wp-image-20894\" srcset=\"https:\/\/www.suedzucker.pl\/wp-content\/uploads\/2023\/11\/Plon-cukru-1-1024x411.png 1024w, https:\/\/www.suedzucker.pl\/wp-content\/uploads\/2023\/11\/Plon-cukru-1-300x120.png 300w, https:\/\/www.suedzucker.pl\/wp-content\/uploads\/2023\/11\/Plon-cukru-1-768x308.png 768w, https:\/\/www.suedzucker.pl\/wp-content\/uploads\/2023\/11\/Plon-cukru-1-500x201.png 500w, https:\/\/www.suedzucker.pl\/wp-content\/uploads\/2023\/11\/Plon-cukru-1.png 1291w\" sizes=\"auto, (max-width: 1024px) 100vw, 1024px\" \/><\/a><\/figure>\n\n\n\n<h4 class=\"wp-block-heading\">Plon Korzeni \u2013 Do\u015bwiadczenia fungicydowe z odmianami o trzech poziomach tolerancji na chwo\u015bcika \u2013 2023<\/h4>\n\n\n\n<figure class=\"wp-block-image size-large\"><a href=\"https:\/\/www.suedzucker.pl\/wp-content\/uploads\/2023\/11\/Plon-korzeni-1.png\"><img loading=\"lazy\" decoding=\"async\" width=\"1024\" height=\"397\" src=\"https:\/\/www.suedzucker.pl\/wp-content\/uploads\/2023\/11\/Plon-korzeni-1-1024x397.png\" alt=\"\" class=\"wp-image-20895\" srcset=\"https:\/\/www.suedzucker.pl\/wp-content\/uploads\/2023\/11\/Plon-korzeni-1-1024x397.png 1024w, https:\/\/www.suedzucker.pl\/wp-content\/uploads\/2023\/11\/Plon-korzeni-1-300x116.png 300w, https:\/\/www.suedzucker.pl\/wp-content\/uploads\/2023\/11\/Plon-korzeni-1-768x298.png 768w, https:\/\/www.suedzucker.pl\/wp-content\/uploads\/2023\/11\/Plon-korzeni-1-500x194.png 500w, https:\/\/www.suedzucker.pl\/wp-content\/uploads\/2023\/11\/Plon-korzeni-1.png 1300w\" sizes=\"auto, (max-width: 1024px) 100vw, 1024px\" \/><\/a><\/figure>\n\n\n\n<h4 class=\"wp-block-heading\">Polaryzacja \u2013 Do\u015bwiadczenia fungicydowe z odmianami o trzech poziomach tolerancji na chwo\u015bcika \u2013 2023<\/h4>\n\n\n\n<figure class=\"wp-block-image size-large\"><a href=\"https:\/\/www.suedzucker.pl\/wp-content\/uploads\/2023\/11\/Polaryzacja-1.png\"><img loading=\"lazy\" decoding=\"async\" width=\"1024\" height=\"397\" src=\"https:\/\/www.suedzucker.pl\/wp-content\/uploads\/2023\/11\/Polaryzacja-1-1024x397.png\" alt=\"\" class=\"wp-image-20897\" srcset=\"https:\/\/www.suedzucker.pl\/wp-content\/uploads\/2023\/11\/Polaryzacja-1-1024x397.png 1024w, https:\/\/www.suedzucker.pl\/wp-content\/uploads\/2023\/11\/Polaryzacja-1-300x116.png 300w, https:\/\/www.suedzucker.pl\/wp-content\/uploads\/2023\/11\/Polaryzacja-1-768x298.png 768w, https:\/\/www.suedzucker.pl\/wp-content\/uploads\/2023\/11\/Polaryzacja-1-500x194.png 500w, https:\/\/www.suedzucker.pl\/wp-content\/uploads\/2023\/11\/Polaryzacja-1.png 1286w\" sizes=\"auto, (max-width: 1024px) 100vw, 1024px\" \/><\/a><\/figure>\n\n\n\n<h4 class=\"wp-block-heading\">Zawarto\u015b\u0107 melasotwor\u00f3w \u2013 Do\u015bwiadczenia fungicydowe z odmianami o trzech poziomach tolerancji na chwo\u015bcika \u2013 2023<\/h4>\n\n\n\n<figure class=\"wp-block-image size-large\"><a href=\"https:\/\/www.suedzucker.pl\/wp-content\/uploads\/2023\/11\/Melasotwory-1.png\"><img loading=\"lazy\" decoding=\"async\" width=\"1024\" height=\"415\" src=\"https:\/\/www.suedzucker.pl\/wp-content\/uploads\/2023\/11\/Melasotwory-1-1024x415.png\" alt=\"\" class=\"wp-image-20898\" srcset=\"https:\/\/www.suedzucker.pl\/wp-content\/uploads\/2023\/11\/Melasotwory-1-1024x415.png 1024w, https:\/\/www.suedzucker.pl\/wp-content\/uploads\/2023\/11\/Melasotwory-1-300x121.png 300w, https:\/\/www.suedzucker.pl\/wp-content\/uploads\/2023\/11\/Melasotwory-1-768x311.png 768w, https:\/\/www.suedzucker.pl\/wp-content\/uploads\/2023\/11\/Melasotwory-1-500x202.png 500w, https:\/\/www.suedzucker.pl\/wp-content\/uploads\/2023\/11\/Melasotwory-1.png 1289w\" sizes=\"auto, (max-width: 1024px) 100vw, 1024px\" \/><\/a><\/figure>\n","protected":false},"excerpt":{"rendered":"<p>Do\u015bwiadczenie fungicydowe z odmianami o trzech poziomach tolerancji. Terminy zabieg\u00f3w, dawki preparat\u00f3w, zastosowane substancje czynne Bonitacja chor\u00f3b li\u015bci \u2013 Do\u015bwiadczenia fungicydowe z odmianami o trzech poziomach tolerancji na chwo\u015bcika \u2013&#8230;<\/p>\n","protected":false},"author":4,"featured_media":0,"parent":19827,"menu_order":4,"comment_status":"closed","ping_status":"closed","template":"","meta":{"_acf_changed":false,"inline_featured_image":false,"footnotes":"","_wp_rev_ctl_limit":""},"class_list":["post-20889","page","type-page","status-publish","hentry"],"acf":[],"yoast_head":"<!-- This site is optimized with the Yoast SEO plugin v27.3 - https:\/\/yoast.com\/product\/yoast-seo-wordpress\/ -->\n<title>Fungicydowe z odmianami o trzech poziomach tolerancji na chwo\u015bcika 2023 - S\u00fcdzucker Polska<\/title>\n<meta name=\"robots\" content=\"index, follow, max-snippet:-1, max-image-preview:large, max-video-preview:-1\" \/>\n<link rel=\"canonical\" href=\"https:\/\/www.suedzucker.pl\/serwis-plantatorski\/doswiadczenia\/wyniki-doswiadczen-2023\/fungicydowe-z-odmianami-o-trzech-poziomach-tolerancji-na-chwoscika-2023\/\" \/>\n<meta property=\"og:locale\" content=\"en_US\" \/>\n<meta property=\"og:type\" content=\"article\" \/>\n<meta property=\"og:title\" content=\"Fungicydowe z odmianami o trzech poziomach tolerancji na chwo\u015bcika 2023 - S\u00fcdzucker Polska\" \/>\n<meta property=\"og:description\" content=\"Do\u015bwiadczenie fungicydowe z odmianami o trzech poziomach tolerancji. Terminy zabieg\u00f3w, dawki preparat\u00f3w, zastosowane substancje czynne Bonitacja chor\u00f3b li\u015bci \u2013 Do\u015bwiadczenia fungicydowe z odmianami o trzech poziomach tolerancji na chwo\u015bcika \u2013...\" \/>\n<meta property=\"og:url\" content=\"https:\/\/www.suedzucker.pl\/serwis-plantatorski\/doswiadczenia\/wyniki-doswiadczen-2023\/fungicydowe-z-odmianami-o-trzech-poziomach-tolerancji-na-chwoscika-2023\/\" \/>\n<meta property=\"og:site_name\" content=\"S\u00fcdzucker Polska\" \/>\n<meta property=\"article:modified_time\" content=\"2023-11-15T11:00:07+00:00\" \/>\n<meta property=\"og:image\" content=\"https:\/\/www.suedzucker.pl\/wp-content\/uploads\/2023\/11\/Opis-1024x274.png\" \/>\n<meta name=\"twitter:card\" content=\"summary_large_image\" \/>\n<meta name=\"twitter:label1\" content=\"Est. reading time\" \/>\n\t<meta name=\"twitter:data1\" content=\"2 minutes\" \/>\n<script type=\"application\/ld+json\" class=\"yoast-schema-graph\">{\"@context\":\"https:\\\/\\\/schema.org\",\"@graph\":[{\"@type\":\"WebPage\",\"@id\":\"https:\\\/\\\/www.suedzucker.pl\\\/serwis-plantatorski\\\/doswiadczenia\\\/wyniki-doswiadczen-2023\\\/fungicydowe-z-odmianami-o-trzech-poziomach-tolerancji-na-chwoscika-2023\\\/\",\"url\":\"https:\\\/\\\/www.suedzucker.pl\\\/serwis-plantatorski\\\/doswiadczenia\\\/wyniki-doswiadczen-2023\\\/fungicydowe-z-odmianami-o-trzech-poziomach-tolerancji-na-chwoscika-2023\\\/\",\"name\":\"Fungicydowe z odmianami o trzech poziomach tolerancji na chwo\u015bcika 2023 - S\u00fcdzucker Polska\",\"isPartOf\":{\"@id\":\"https:\\\/\\\/www.suedzucker.pl\\\/en\\\/#website\"},\"primaryImageOfPage\":{\"@id\":\"https:\\\/\\\/www.suedzucker.pl\\\/serwis-plantatorski\\\/doswiadczenia\\\/wyniki-doswiadczen-2023\\\/fungicydowe-z-odmianami-o-trzech-poziomach-tolerancji-na-chwoscika-2023\\\/#primaryimage\"},\"image\":{\"@id\":\"https:\\\/\\\/www.suedzucker.pl\\\/serwis-plantatorski\\\/doswiadczenia\\\/wyniki-doswiadczen-2023\\\/fungicydowe-z-odmianami-o-trzech-poziomach-tolerancji-na-chwoscika-2023\\\/#primaryimage\"},\"thumbnailUrl\":\"https:\\\/\\\/www.suedzucker.pl\\\/wp-content\\\/uploads\\\/2023\\\/11\\\/Opis-1024x274.png\",\"datePublished\":\"2023-11-15T10:55:34+00:00\",\"dateModified\":\"2023-11-15T11:00:07+00:00\",\"breadcrumb\":{\"@id\":\"https:\\\/\\\/www.suedzucker.pl\\\/serwis-plantatorski\\\/doswiadczenia\\\/wyniki-doswiadczen-2023\\\/fungicydowe-z-odmianami-o-trzech-poziomach-tolerancji-na-chwoscika-2023\\\/#breadcrumb\"},\"inLanguage\":\"en-US\",\"potentialAction\":[{\"@type\":\"ReadAction\",\"target\":[\"https:\\\/\\\/www.suedzucker.pl\\\/serwis-plantatorski\\\/doswiadczenia\\\/wyniki-doswiadczen-2023\\\/fungicydowe-z-odmianami-o-trzech-poziomach-tolerancji-na-chwoscika-2023\\\/\"]}]},{\"@type\":\"ImageObject\",\"inLanguage\":\"en-US\",\"@id\":\"https:\\\/\\\/www.suedzucker.pl\\\/serwis-plantatorski\\\/doswiadczenia\\\/wyniki-doswiadczen-2023\\\/fungicydowe-z-odmianami-o-trzech-poziomach-tolerancji-na-chwoscika-2023\\\/#primaryimage\",\"url\":\"https:\\\/\\\/www.suedzucker.pl\\\/wp-content\\\/uploads\\\/2023\\\/11\\\/Opis-1024x274.png\",\"contentUrl\":\"https:\\\/\\\/www.suedzucker.pl\\\/wp-content\\\/uploads\\\/2023\\\/11\\\/Opis-1024x274.png\"},{\"@type\":\"BreadcrumbList\",\"@id\":\"https:\\\/\\\/www.suedzucker.pl\\\/serwis-plantatorski\\\/doswiadczenia\\\/wyniki-doswiadczen-2023\\\/fungicydowe-z-odmianami-o-trzech-poziomach-tolerancji-na-chwoscika-2023\\\/#breadcrumb\",\"itemListElement\":[{\"@type\":\"ListItem\",\"position\":1,\"name\":\"Home page\",\"item\":\"https:\\\/\\\/www.suedzucker.pl\\\/en\\\/serwis-plantatorski\\\/\"},{\"@type\":\"ListItem\",\"position\":2,\"name\":\"Do\u015bwiadczenia\",\"item\":\"https:\\\/\\\/www.suedzucker.pl\\\/serwis-plantatorski\\\/doswiadczenia\\\/\"},{\"@type\":\"ListItem\",\"position\":3,\"name\":\"Wyniki do\u015bwiadcze\u0144 2023\",\"item\":\"https:\\\/\\\/www.suedzucker.pl\\\/serwis-plantatorski\\\/doswiadczenia\\\/wyniki-doswiadczen-2023\\\/\"},{\"@type\":\"ListItem\",\"position\":4,\"name\":\"Fungicydowe z&nbsp;odmianami o&nbsp;trzech poziomach tolerancji na&nbsp;chwo\u015bcika 2023\"}]},{\"@type\":\"WebSite\",\"@id\":\"https:\\\/\\\/www.suedzucker.pl\\\/en\\\/#website\",\"url\":\"https:\\\/\\\/www.suedzucker.pl\\\/en\\\/\",\"name\":\"S\u00fcdzucker Polska\",\"description\":\"Jeste\u015bmy wiod\u0105cym producentem cukru w Polsce\",\"potentialAction\":[{\"@type\":\"SearchAction\",\"target\":{\"@type\":\"EntryPoint\",\"urlTemplate\":\"https:\\\/\\\/www.suedzucker.pl\\\/en\\\/?s={search_term_string}\"},\"query-input\":{\"@type\":\"PropertyValueSpecification\",\"valueRequired\":true,\"valueName\":\"search_term_string\"}}],\"inLanguage\":\"en-US\"}]}<\/script>\n<!-- \/ Yoast SEO plugin. -->","yoast_head_json":{"title":"Fungicydowe z odmianami o trzech poziomach tolerancji na chwo\u015bcika 2023 - S\u00fcdzucker Polska","robots":{"index":"index","follow":"follow","max-snippet":"max-snippet:-1","max-image-preview":"max-image-preview:large","max-video-preview":"max-video-preview:-1"},"canonical":"https:\/\/www.suedzucker.pl\/serwis-plantatorski\/doswiadczenia\/wyniki-doswiadczen-2023\/fungicydowe-z-odmianami-o-trzech-poziomach-tolerancji-na-chwoscika-2023\/","og_locale":"en_US","og_type":"article","og_title":"Fungicydowe z odmianami o trzech poziomach tolerancji na chwo\u015bcika 2023 - S\u00fcdzucker Polska","og_description":"Do\u015bwiadczenie fungicydowe z odmianami o trzech poziomach tolerancji. Terminy zabieg\u00f3w, dawki preparat\u00f3w, zastosowane substancje czynne Bonitacja chor\u00f3b li\u015bci \u2013 Do\u015bwiadczenia fungicydowe z odmianami o trzech poziomach tolerancji na chwo\u015bcika \u2013...","og_url":"https:\/\/www.suedzucker.pl\/serwis-plantatorski\/doswiadczenia\/wyniki-doswiadczen-2023\/fungicydowe-z-odmianami-o-trzech-poziomach-tolerancji-na-chwoscika-2023\/","og_site_name":"S\u00fcdzucker Polska","article_modified_time":"2023-11-15T11:00:07+00:00","og_image":[{"url":"https:\/\/www.suedzucker.pl\/wp-content\/uploads\/2023\/11\/Opis-1024x274.png","type":"","width":"","height":""}],"twitter_card":"summary_large_image","twitter_misc":{"Est. reading time":"2 minutes"},"schema":{"@context":"https:\/\/schema.org","@graph":[{"@type":"WebPage","@id":"https:\/\/www.suedzucker.pl\/serwis-plantatorski\/doswiadczenia\/wyniki-doswiadczen-2023\/fungicydowe-z-odmianami-o-trzech-poziomach-tolerancji-na-chwoscika-2023\/","url":"https:\/\/www.suedzucker.pl\/serwis-plantatorski\/doswiadczenia\/wyniki-doswiadczen-2023\/fungicydowe-z-odmianami-o-trzech-poziomach-tolerancji-na-chwoscika-2023\/","name":"Fungicydowe z odmianami o trzech poziomach tolerancji na chwo\u015bcika 2023 - S\u00fcdzucker Polska","isPartOf":{"@id":"https:\/\/www.suedzucker.pl\/en\/#website"},"primaryImageOfPage":{"@id":"https:\/\/www.suedzucker.pl\/serwis-plantatorski\/doswiadczenia\/wyniki-doswiadczen-2023\/fungicydowe-z-odmianami-o-trzech-poziomach-tolerancji-na-chwoscika-2023\/#primaryimage"},"image":{"@id":"https:\/\/www.suedzucker.pl\/serwis-plantatorski\/doswiadczenia\/wyniki-doswiadczen-2023\/fungicydowe-z-odmianami-o-trzech-poziomach-tolerancji-na-chwoscika-2023\/#primaryimage"},"thumbnailUrl":"https:\/\/www.suedzucker.pl\/wp-content\/uploads\/2023\/11\/Opis-1024x274.png","datePublished":"2023-11-15T10:55:34+00:00","dateModified":"2023-11-15T11:00:07+00:00","breadcrumb":{"@id":"https:\/\/www.suedzucker.pl\/serwis-plantatorski\/doswiadczenia\/wyniki-doswiadczen-2023\/fungicydowe-z-odmianami-o-trzech-poziomach-tolerancji-na-chwoscika-2023\/#breadcrumb"},"inLanguage":"en-US","potentialAction":[{"@type":"ReadAction","target":["https:\/\/www.suedzucker.pl\/serwis-plantatorski\/doswiadczenia\/wyniki-doswiadczen-2023\/fungicydowe-z-odmianami-o-trzech-poziomach-tolerancji-na-chwoscika-2023\/"]}]},{"@type":"ImageObject","inLanguage":"en-US","@id":"https:\/\/www.suedzucker.pl\/serwis-plantatorski\/doswiadczenia\/wyniki-doswiadczen-2023\/fungicydowe-z-odmianami-o-trzech-poziomach-tolerancji-na-chwoscika-2023\/#primaryimage","url":"https:\/\/www.suedzucker.pl\/wp-content\/uploads\/2023\/11\/Opis-1024x274.png","contentUrl":"https:\/\/www.suedzucker.pl\/wp-content\/uploads\/2023\/11\/Opis-1024x274.png"},{"@type":"BreadcrumbList","@id":"https:\/\/www.suedzucker.pl\/serwis-plantatorski\/doswiadczenia\/wyniki-doswiadczen-2023\/fungicydowe-z-odmianami-o-trzech-poziomach-tolerancji-na-chwoscika-2023\/#breadcrumb","itemListElement":[{"@type":"ListItem","position":1,"name":"Home page","item":"https:\/\/www.suedzucker.pl\/en\/serwis-plantatorski\/"},{"@type":"ListItem","position":2,"name":"Do\u015bwiadczenia","item":"https:\/\/www.suedzucker.pl\/serwis-plantatorski\/doswiadczenia\/"},{"@type":"ListItem","position":3,"name":"Wyniki do\u015bwiadcze\u0144 2023","item":"https:\/\/www.suedzucker.pl\/serwis-plantatorski\/doswiadczenia\/wyniki-doswiadczen-2023\/"},{"@type":"ListItem","position":4,"name":"Fungicydowe z&nbsp;odmianami o&nbsp;trzech poziomach tolerancji na&nbsp;chwo\u015bcika 2023"}]},{"@type":"WebSite","@id":"https:\/\/www.suedzucker.pl\/en\/#website","url":"https:\/\/www.suedzucker.pl\/en\/","name":"S\u00fcdzucker Polska","description":"Jeste\u015bmy wiod\u0105cym producentem cukru w Polsce","potentialAction":[{"@type":"SearchAction","target":{"@type":"EntryPoint","urlTemplate":"https:\/\/www.suedzucker.pl\/en\/?s={search_term_string}"},"query-input":{"@type":"PropertyValueSpecification","valueRequired":true,"valueName":"search_term_string"}}],"inLanguage":"en-US"}]}},"_links":{"self":[{"href":"https:\/\/www.suedzucker.pl\/en\/wp-json\/wp\/v2\/pages\/20889","targetHints":{"allow":["GET"]}}],"collection":[{"href":"https:\/\/www.suedzucker.pl\/en\/wp-json\/wp\/v2\/pages"}],"about":[{"href":"https:\/\/www.suedzucker.pl\/en\/wp-json\/wp\/v2\/types\/page"}],"author":[{"embeddable":true,"href":"https:\/\/www.suedzucker.pl\/en\/wp-json\/wp\/v2\/users\/4"}],"replies":[{"embeddable":true,"href":"https:\/\/www.suedzucker.pl\/en\/wp-json\/wp\/v2\/comments?post=20889"}],"version-history":[{"count":2,"href":"https:\/\/www.suedzucker.pl\/en\/wp-json\/wp\/v2\/pages\/20889\/revisions"}],"predecessor-version":[{"id":20899,"href":"https:\/\/www.suedzucker.pl\/en\/wp-json\/wp\/v2\/pages\/20889\/revisions\/20899"}],"up":[{"embeddable":true,"href":"https:\/\/www.suedzucker.pl\/en\/wp-json\/wp\/v2\/pages\/19827"}],"wp:attachment":[{"href":"https:\/\/www.suedzucker.pl\/en\/wp-json\/wp\/v2\/media?parent=20889"}],"curies":[{"name":"wp","href":"https:\/\/api.w.org\/{rel}","templated":true}]}}