{"id":20916,"date":"2023-11-20T15:20:49","date_gmt":"2023-11-20T14:20:49","guid":{"rendered":"https:\/\/www.suedzucker.pl\/?page_id=20916"},"modified":"2023-11-24T14:56:28","modified_gmt":"2023-11-24T13:56:28","slug":"z-nawozeniem-mikroelementami-2023","status":"publish","type":"page","link":"https:\/\/www.suedzucker.pl\/en\/serwis-plantatorski\/doswiadczenia\/wyniki-doswiadczen-2023\/z-nawozeniem-mikroelementami-2023\/","title":{"rendered":"Z nawo\u017ceniem mikroelementami 2023"},"content":{"rendered":"\n<h4 class=\"wp-block-heading\">Sk\u0142ad testowanych nawoz\u00f3w <\/h4>\n\n\n<div class=\"wp-block-image\">\n<figure class=\"aligncenter size-large\"><a href=\"https:\/\/www.suedzucker.pl\/wp-content\/uploads\/2023\/11\/Testowane-nawozy.png\"><img loading=\"lazy\" decoding=\"async\" width=\"1024\" height=\"186\" src=\"https:\/\/www.suedzucker.pl\/wp-content\/uploads\/2023\/11\/Testowane-nawozy-1024x186.png\" alt=\"\" class=\"wp-image-20957\" srcset=\"https:\/\/www.suedzucker.pl\/wp-content\/uploads\/2023\/11\/Testowane-nawozy-1024x186.png 1024w, https:\/\/www.suedzucker.pl\/wp-content\/uploads\/2023\/11\/Testowane-nawozy-300x54.png 300w, https:\/\/www.suedzucker.pl\/wp-content\/uploads\/2023\/11\/Testowane-nawozy-768x139.png 768w, https:\/\/www.suedzucker.pl\/wp-content\/uploads\/2023\/11\/Testowane-nawozy-500x91.png 500w, https:\/\/www.suedzucker.pl\/wp-content\/uploads\/2023\/11\/Testowane-nawozy.png 1291w\" sizes=\"auto, (max-width: 1024px) 100vw, 1024px\" \/><\/a><\/figure>\n<\/div>\n\n\n<h4 class=\"wp-block-heading\">W\u0105dro\u017ce Wielkie &#8211; do\u015bwiadczenie z nawo\u017ceniem mikroelementami &#8211; 05.07.2023<\/h4>\n\n\n<div class=\"wp-block-image\">\n<figure class=\"aligncenter size-large\"><a href=\"https:\/\/www.suedzucker.pl\/wp-content\/uploads\/2023\/11\/Wadroze-Wielkie.png\"><img loading=\"lazy\" decoding=\"async\" width=\"1024\" height=\"581\" src=\"https:\/\/www.suedzucker.pl\/wp-content\/uploads\/2023\/11\/Wadroze-Wielkie-1024x581.png\" alt=\"\" class=\"wp-image-20958\" srcset=\"https:\/\/www.suedzucker.pl\/wp-content\/uploads\/2023\/11\/Wadroze-Wielkie-1024x581.png 1024w, https:\/\/www.suedzucker.pl\/wp-content\/uploads\/2023\/11\/Wadroze-Wielkie-300x170.png 300w, https:\/\/www.suedzucker.pl\/wp-content\/uploads\/2023\/11\/Wadroze-Wielkie-768x436.png 768w, https:\/\/www.suedzucker.pl\/wp-content\/uploads\/2023\/11\/Wadroze-Wielkie-500x284.png 500w, https:\/\/www.suedzucker.pl\/wp-content\/uploads\/2023\/11\/Wadroze-Wielkie.png 1373w\" sizes=\"auto, (max-width: 1024px) 100vw, 1024px\" \/><\/a><\/figure>\n<\/div>\n\n\n<h4 class=\"wp-block-heading\">W\u0105dro\u017ce Wielkie &#8211; do\u015bwiadczenie z nawo\u017ceniem mikroelementami &#8211; 28.08.07.2023<\/h4>\n\n\n<div class=\"wp-block-image\">\n<figure class=\"aligncenter size-large\"><a href=\"https:\/\/www.suedzucker.pl\/wp-content\/uploads\/2023\/11\/Wadroze-Wielkie2.png\"><img loading=\"lazy\" decoding=\"async\" width=\"1024\" height=\"579\" src=\"https:\/\/www.suedzucker.pl\/wp-content\/uploads\/2023\/11\/Wadroze-Wielkie2-1024x579.png\" alt=\"\" class=\"wp-image-20959\" srcset=\"https:\/\/www.suedzucker.pl\/wp-content\/uploads\/2023\/11\/Wadroze-Wielkie2-1024x579.png 1024w, https:\/\/www.suedzucker.pl\/wp-content\/uploads\/2023\/11\/Wadroze-Wielkie2-300x169.png 300w, https:\/\/www.suedzucker.pl\/wp-content\/uploads\/2023\/11\/Wadroze-Wielkie2-768x434.png 768w, https:\/\/www.suedzucker.pl\/wp-content\/uploads\/2023\/11\/Wadroze-Wielkie2-500x282.png 500w, https:\/\/www.suedzucker.pl\/wp-content\/uploads\/2023\/11\/Wadroze-Wielkie2.png 1370w\" sizes=\"auto, (max-width: 1024px) 100vw, 1024px\" \/><\/a><\/figure>\n<\/div>\n\n\n<h4 class=\"wp-block-heading\">Technologiczny Plon Cukru \u2013 Do\u015bwiadczenie z nawo\u017ceniem mikroelementami 2023<\/h4>\n\n\n<div class=\"wp-block-image\">\n<figure class=\"aligncenter size-large\"><a href=\"https:\/\/www.suedzucker.pl\/wp-content\/uploads\/2023\/11\/Plon-cukru-2.png\"><img loading=\"lazy\" decoding=\"async\" width=\"1024\" height=\"419\" src=\"https:\/\/www.suedzucker.pl\/wp-content\/uploads\/2023\/11\/Plon-cukru-2-1024x419.png\" alt=\"\" class=\"wp-image-20918\" srcset=\"https:\/\/www.suedzucker.pl\/wp-content\/uploads\/2023\/11\/Plon-cukru-2-1024x419.png 1024w, https:\/\/www.suedzucker.pl\/wp-content\/uploads\/2023\/11\/Plon-cukru-2-300x123.png 300w, https:\/\/www.suedzucker.pl\/wp-content\/uploads\/2023\/11\/Plon-cukru-2-768x314.png 768w, https:\/\/www.suedzucker.pl\/wp-content\/uploads\/2023\/11\/Plon-cukru-2-500x205.png 500w, https:\/\/www.suedzucker.pl\/wp-content\/uploads\/2023\/11\/Plon-cukru-2.png 1295w\" sizes=\"auto, (max-width: 1024px) 100vw, 1024px\" \/><\/a><\/figure>\n<\/div>\n\n\n<h4 class=\"wp-block-heading\">Plon Korzeni \u2013 Do\u015bwiadczenie z nawo\u017ceniem mikroelementami 2023<\/h4>\n\n\n<div class=\"wp-block-image\">\n<figure class=\"aligncenter size-large\"><a href=\"https:\/\/www.suedzucker.pl\/wp-content\/uploads\/2023\/11\/Plon-korzeni-3.png\"><img loading=\"lazy\" decoding=\"async\" width=\"1024\" height=\"402\" src=\"https:\/\/www.suedzucker.pl\/wp-content\/uploads\/2023\/11\/Plon-korzeni-3-1024x402.png\" alt=\"\" class=\"wp-image-20920\" srcset=\"https:\/\/www.suedzucker.pl\/wp-content\/uploads\/2023\/11\/Plon-korzeni-3-1024x402.png 1024w, https:\/\/www.suedzucker.pl\/wp-content\/uploads\/2023\/11\/Plon-korzeni-3-300x118.png 300w, https:\/\/www.suedzucker.pl\/wp-content\/uploads\/2023\/11\/Plon-korzeni-3-768x301.png 768w, https:\/\/www.suedzucker.pl\/wp-content\/uploads\/2023\/11\/Plon-korzeni-3-500x196.png 500w, https:\/\/www.suedzucker.pl\/wp-content\/uploads\/2023\/11\/Plon-korzeni-3.png 1320w\" sizes=\"auto, (max-width: 1024px) 100vw, 1024px\" \/><\/a><\/figure>\n<\/div>\n\n\n<h4 class=\"wp-block-heading\">Polaryzacja \u2013 Do\u015bwiadczenie z nawo\u017ceniem mikroelementami 2023<\/h4>\n\n\n<div class=\"wp-block-image\">\n<figure class=\"aligncenter size-large\"><a href=\"https:\/\/www.suedzucker.pl\/wp-content\/uploads\/2023\/11\/Polaryzacja-2.png\"><img loading=\"lazy\" decoding=\"async\" width=\"1024\" height=\"379\" src=\"https:\/\/www.suedzucker.pl\/wp-content\/uploads\/2023\/11\/Polaryzacja-2-1024x379.png\" alt=\"\" class=\"wp-image-20921\" srcset=\"https:\/\/www.suedzucker.pl\/wp-content\/uploads\/2023\/11\/Polaryzacja-2-1024x379.png 1024w, https:\/\/www.suedzucker.pl\/wp-content\/uploads\/2023\/11\/Polaryzacja-2-300x111.png 300w, https:\/\/www.suedzucker.pl\/wp-content\/uploads\/2023\/11\/Polaryzacja-2-768x285.png 768w, https:\/\/www.suedzucker.pl\/wp-content\/uploads\/2023\/11\/Polaryzacja-2-500x185.png 500w, https:\/\/www.suedzucker.pl\/wp-content\/uploads\/2023\/11\/Polaryzacja-2.png 1320w\" sizes=\"auto, (max-width: 1024px) 100vw, 1024px\" \/><\/a><\/figure>\n<\/div>\n\n\n<h4 class=\"wp-block-heading\">Zawarto\u015b\u0107 melasotwor\u00f3w \u2013 Do\u015bwiadczenie z nawo\u017ceniem mikroelementami 2023<\/h4>\n\n\n<div class=\"wp-block-image\">\n<figure class=\"aligncenter size-large\"><a href=\"https:\/\/www.suedzucker.pl\/wp-content\/uploads\/2023\/11\/Melasotwory-2.png\"><img loading=\"lazy\" decoding=\"async\" width=\"1024\" height=\"418\" src=\"https:\/\/www.suedzucker.pl\/wp-content\/uploads\/2023\/11\/Melasotwory-2-1024x418.png\" alt=\"\" class=\"wp-image-20922\" srcset=\"https:\/\/www.suedzucker.pl\/wp-content\/uploads\/2023\/11\/Melasotwory-2-1024x418.png 1024w, https:\/\/www.suedzucker.pl\/wp-content\/uploads\/2023\/11\/Melasotwory-2-300x123.png 300w, https:\/\/www.suedzucker.pl\/wp-content\/uploads\/2023\/11\/Melasotwory-2-768x314.png 768w, https:\/\/www.suedzucker.pl\/wp-content\/uploads\/2023\/11\/Melasotwory-2-500x204.png 500w, https:\/\/www.suedzucker.pl\/wp-content\/uploads\/2023\/11\/Melasotwory-2.png 1293w\" sizes=\"auto, (max-width: 1024px) 100vw, 1024px\" \/><\/a><\/figure>\n<\/div>\n\n\n<h4 class=\"wp-block-heading\">Technologiczny Plon Cukru \u2013 Do\u015bwiadczenie z nawo\u017ceniem mikroelementami &#8211;&nbsp; \u015brednia 2021-2023<\/h4>\n\n\n<div class=\"wp-block-image\">\n<figure class=\"aligncenter size-large\"><a href=\"https:\/\/www.suedzucker.pl\/wp-content\/uploads\/2023\/11\/Plon-cukru_srednia.png\"><img loading=\"lazy\" decoding=\"async\" width=\"1024\" height=\"400\" src=\"https:\/\/www.suedzucker.pl\/wp-content\/uploads\/2023\/11\/Plon-cukru_srednia-1024x400.png\" alt=\"\" class=\"wp-image-20923\" srcset=\"https:\/\/www.suedzucker.pl\/wp-content\/uploads\/2023\/11\/Plon-cukru_srednia-1024x400.png 1024w, https:\/\/www.suedzucker.pl\/wp-content\/uploads\/2023\/11\/Plon-cukru_srednia-300x117.png 300w, https:\/\/www.suedzucker.pl\/wp-content\/uploads\/2023\/11\/Plon-cukru_srednia-768x300.png 768w, https:\/\/www.suedzucker.pl\/wp-content\/uploads\/2023\/11\/Plon-cukru_srednia-500x195.png 500w, https:\/\/www.suedzucker.pl\/wp-content\/uploads\/2023\/11\/Plon-cukru_srednia.png 1295w\" sizes=\"auto, (max-width: 1024px) 100vw, 1024px\" \/><\/a><\/figure>\n<\/div>\n\n\n<h4 class=\"wp-block-heading\">Plon Korzeni \u2013 Do\u015bwiadczenie z nawo\u017ceniem mikroelementami &#8211;&nbsp; \u015brednia 2021-2023<\/h4>\n\n\n<div class=\"wp-block-image\">\n<figure class=\"aligncenter size-large\"><a href=\"https:\/\/www.suedzucker.pl\/wp-content\/uploads\/2023\/11\/Plon-korzeni_srednia.png\"><img loading=\"lazy\" decoding=\"async\" width=\"1024\" height=\"405\" src=\"https:\/\/www.suedzucker.pl\/wp-content\/uploads\/2023\/11\/Plon-korzeni_srednia-1024x405.png\" alt=\"\" class=\"wp-image-20924\" srcset=\"https:\/\/www.suedzucker.pl\/wp-content\/uploads\/2023\/11\/Plon-korzeni_srednia-1024x405.png 1024w, https:\/\/www.suedzucker.pl\/wp-content\/uploads\/2023\/11\/Plon-korzeni_srednia-300x119.png 300w, https:\/\/www.suedzucker.pl\/wp-content\/uploads\/2023\/11\/Plon-korzeni_srednia-768x304.png 768w, https:\/\/www.suedzucker.pl\/wp-content\/uploads\/2023\/11\/Plon-korzeni_srednia-500x198.png 500w, https:\/\/www.suedzucker.pl\/wp-content\/uploads\/2023\/11\/Plon-korzeni_srednia.png 1314w\" sizes=\"auto, (max-width: 1024px) 100vw, 1024px\" \/><\/a><\/figure>\n<\/div>\n\n\n<h4 class=\"wp-block-heading\">Polaryzacja \u2013 Do\u015bwiadczenie z nawo\u017ceniem mikroelementami &#8211;&nbsp; \u015brednia 2021-2023<\/h4>\n\n\n<div class=\"wp-block-image\">\n<figure class=\"aligncenter size-large\"><a href=\"https:\/\/www.suedzucker.pl\/wp-content\/uploads\/2023\/11\/Polaryzacja_srednia.png\"><img loading=\"lazy\" decoding=\"async\" width=\"1024\" height=\"409\" src=\"https:\/\/www.suedzucker.pl\/wp-content\/uploads\/2023\/11\/Polaryzacja_srednia-1024x409.png\" alt=\"\" class=\"wp-image-20925\" srcset=\"https:\/\/www.suedzucker.pl\/wp-content\/uploads\/2023\/11\/Polaryzacja_srednia-1024x409.png 1024w, https:\/\/www.suedzucker.pl\/wp-content\/uploads\/2023\/11\/Polaryzacja_srednia-300x120.png 300w, https:\/\/www.suedzucker.pl\/wp-content\/uploads\/2023\/11\/Polaryzacja_srednia-768x307.png 768w, https:\/\/www.suedzucker.pl\/wp-content\/uploads\/2023\/11\/Polaryzacja_srednia-500x200.png 500w, https:\/\/www.suedzucker.pl\/wp-content\/uploads\/2023\/11\/Polaryzacja_srednia.png 1293w\" sizes=\"auto, (max-width: 1024px) 100vw, 1024px\" \/><\/a><\/figure>\n<\/div>\n\n\n<h4 class=\"wp-block-heading\">Zawarto\u015b\u0107 melasotwor\u00f3w \u2013 Do\u015bwiadczenie z nawo\u017ceniem mikroelementami &#8211;&nbsp; \u015brednia 2021-2023<\/h4>\n\n\n<div class=\"wp-block-image\">\n<figure class=\"aligncenter size-large\"><a href=\"https:\/\/www.suedzucker.pl\/wp-content\/uploads\/2023\/11\/Melasotwory_srednia.png\"><img loading=\"lazy\" decoding=\"async\" width=\"1024\" height=\"417\" src=\"https:\/\/www.suedzucker.pl\/wp-content\/uploads\/2023\/11\/Melasotwory_srednia-1024x417.png\" alt=\"\" class=\"wp-image-20926\" srcset=\"https:\/\/www.suedzucker.pl\/wp-content\/uploads\/2023\/11\/Melasotwory_srednia-1024x417.png 1024w, https:\/\/www.suedzucker.pl\/wp-content\/uploads\/2023\/11\/Melasotwory_srednia-300x122.png 300w, https:\/\/www.suedzucker.pl\/wp-content\/uploads\/2023\/11\/Melasotwory_srednia-768x313.png 768w, https:\/\/www.suedzucker.pl\/wp-content\/uploads\/2023\/11\/Melasotwory_srednia-500x204.png 500w, https:\/\/www.suedzucker.pl\/wp-content\/uploads\/2023\/11\/Melasotwory_srednia.png 1281w\" sizes=\"auto, (max-width: 1024px) 100vw, 1024px\" \/><\/a><\/figure>\n<\/div>\n\n\n<h4 class=\"wp-block-heading\">Technologiczny Plon Cukru (% wzorca), a koszt nawo\u017cenia (z\u0142\/ha) \u2013 Do\u015bwiadczenie z nawo\u017ceniem mikroelementami &#8211;\u00a02023<\/h4>\n\n\n<div class=\"wp-block-image\">\n<figure class=\"aligncenter size-large\"><a href=\"https:\/\/www.suedzucker.pl\/wp-content\/uploads\/2023\/11\/Koszty.png\"><img loading=\"lazy\" decoding=\"async\" width=\"1024\" height=\"414\" src=\"https:\/\/www.suedzucker.pl\/wp-content\/uploads\/2023\/11\/Koszty-1024x414.png\" alt=\"\" class=\"wp-image-20991\" srcset=\"https:\/\/www.suedzucker.pl\/wp-content\/uploads\/2023\/11\/Koszty-1024x414.png 1024w, https:\/\/www.suedzucker.pl\/wp-content\/uploads\/2023\/11\/Koszty-300x121.png 300w, https:\/\/www.suedzucker.pl\/wp-content\/uploads\/2023\/11\/Koszty-768x310.png 768w, https:\/\/www.suedzucker.pl\/wp-content\/uploads\/2023\/11\/Koszty-500x202.png 500w, https:\/\/www.suedzucker.pl\/wp-content\/uploads\/2023\/11\/Koszty.png 1319w\" sizes=\"auto, (max-width: 1024px) 100vw, 1024px\" \/><\/a><\/figure>\n<\/div>","protected":false},"excerpt":{"rendered":"<p>Sk\u0142ad testowanych nawoz\u00f3w W\u0105dro\u017ce Wielkie &#8211; do\u015bwiadczenie z nawo\u017ceniem mikroelementami &#8211; 05.07.2023 W\u0105dro\u017ce Wielkie &#8211; do\u015bwiadczenie z nawo\u017ceniem mikroelementami &#8211; 28.08.07.2023 Technologiczny Plon Cukru \u2013 Do\u015bwiadczenie z nawo\u017ceniem mikroelementami 2023&#8230;<\/p>\n","protected":false},"author":4,"featured_media":0,"parent":19827,"menu_order":5,"comment_status":"closed","ping_status":"closed","template":"","meta":{"_acf_changed":false,"inline_featured_image":false,"footnotes":"","_wp_rev_ctl_limit":""},"class_list":["post-20916","page","type-page","status-publish","hentry"],"acf":[],"yoast_head":"<!-- This site is optimized with the Yoast SEO plugin v27.3 - https:\/\/yoast.com\/product\/yoast-seo-wordpress\/ -->\n<title>Z nawo\u017ceniem mikroelementami 2023 - S\u00fcdzucker Polska<\/title>\n<meta name=\"robots\" content=\"index, follow, max-snippet:-1, max-image-preview:large, max-video-preview:-1\" \/>\n<link rel=\"canonical\" href=\"https:\/\/www.suedzucker.pl\/serwis-plantatorski\/doswiadczenia\/wyniki-doswiadczen-2023\/z-nawozeniem-mikroelementami-2023\/\" \/>\n<meta property=\"og:locale\" content=\"en_US\" \/>\n<meta property=\"og:type\" content=\"article\" \/>\n<meta property=\"og:title\" content=\"Z nawo\u017ceniem mikroelementami 2023 - S\u00fcdzucker Polska\" \/>\n<meta property=\"og:description\" content=\"Sk\u0142ad testowanych nawoz\u00f3w W\u0105dro\u017ce Wielkie &#8211; do\u015bwiadczenie z nawo\u017ceniem mikroelementami &#8211; 05.07.2023 W\u0105dro\u017ce Wielkie &#8211; do\u015bwiadczenie z nawo\u017ceniem mikroelementami &#8211; 28.08.07.2023 Technologiczny Plon Cukru \u2013 Do\u015bwiadczenie z nawo\u017ceniem mikroelementami 2023...\" \/>\n<meta property=\"og:url\" content=\"https:\/\/www.suedzucker.pl\/serwis-plantatorski\/doswiadczenia\/wyniki-doswiadczen-2023\/z-nawozeniem-mikroelementami-2023\/\" \/>\n<meta property=\"og:site_name\" content=\"S\u00fcdzucker Polska\" \/>\n<meta property=\"article:modified_time\" content=\"2023-11-24T13:56:28+00:00\" \/>\n<meta property=\"og:image\" content=\"https:\/\/www.suedzucker.pl\/wp-content\/uploads\/2023\/11\/Testowane-nawozy-1024x186.png\" \/>\n<meta name=\"twitter:card\" content=\"summary_large_image\" \/>\n<meta name=\"twitter:label1\" content=\"Est. reading time\" \/>\n\t<meta name=\"twitter:data1\" content=\"3 minutes\" \/>\n<script type=\"application\/ld+json\" class=\"yoast-schema-graph\">{\"@context\":\"https:\\\/\\\/schema.org\",\"@graph\":[{\"@type\":\"WebPage\",\"@id\":\"https:\\\/\\\/www.suedzucker.pl\\\/serwis-plantatorski\\\/doswiadczenia\\\/wyniki-doswiadczen-2023\\\/z-nawozeniem-mikroelementami-2023\\\/\",\"url\":\"https:\\\/\\\/www.suedzucker.pl\\\/serwis-plantatorski\\\/doswiadczenia\\\/wyniki-doswiadczen-2023\\\/z-nawozeniem-mikroelementami-2023\\\/\",\"name\":\"Z nawo\u017ceniem mikroelementami 2023 - S\u00fcdzucker Polska\",\"isPartOf\":{\"@id\":\"https:\\\/\\\/www.suedzucker.pl\\\/en\\\/#website\"},\"primaryImageOfPage\":{\"@id\":\"https:\\\/\\\/www.suedzucker.pl\\\/serwis-plantatorski\\\/doswiadczenia\\\/wyniki-doswiadczen-2023\\\/z-nawozeniem-mikroelementami-2023\\\/#primaryimage\"},\"image\":{\"@id\":\"https:\\\/\\\/www.suedzucker.pl\\\/serwis-plantatorski\\\/doswiadczenia\\\/wyniki-doswiadczen-2023\\\/z-nawozeniem-mikroelementami-2023\\\/#primaryimage\"},\"thumbnailUrl\":\"https:\\\/\\\/www.suedzucker.pl\\\/wp-content\\\/uploads\\\/2023\\\/11\\\/Testowane-nawozy-1024x186.png\",\"datePublished\":\"2023-11-20T14:20:49+00:00\",\"dateModified\":\"2023-11-24T13:56:28+00:00\",\"breadcrumb\":{\"@id\":\"https:\\\/\\\/www.suedzucker.pl\\\/serwis-plantatorski\\\/doswiadczenia\\\/wyniki-doswiadczen-2023\\\/z-nawozeniem-mikroelementami-2023\\\/#breadcrumb\"},\"inLanguage\":\"en-US\",\"potentialAction\":[{\"@type\":\"ReadAction\",\"target\":[\"https:\\\/\\\/www.suedzucker.pl\\\/serwis-plantatorski\\\/doswiadczenia\\\/wyniki-doswiadczen-2023\\\/z-nawozeniem-mikroelementami-2023\\\/\"]}]},{\"@type\":\"ImageObject\",\"inLanguage\":\"en-US\",\"@id\":\"https:\\\/\\\/www.suedzucker.pl\\\/serwis-plantatorski\\\/doswiadczenia\\\/wyniki-doswiadczen-2023\\\/z-nawozeniem-mikroelementami-2023\\\/#primaryimage\",\"url\":\"https:\\\/\\\/www.suedzucker.pl\\\/wp-content\\\/uploads\\\/2023\\\/11\\\/Testowane-nawozy-1024x186.png\",\"contentUrl\":\"https:\\\/\\\/www.suedzucker.pl\\\/wp-content\\\/uploads\\\/2023\\\/11\\\/Testowane-nawozy-1024x186.png\"},{\"@type\":\"BreadcrumbList\",\"@id\":\"https:\\\/\\\/www.suedzucker.pl\\\/serwis-plantatorski\\\/doswiadczenia\\\/wyniki-doswiadczen-2023\\\/z-nawozeniem-mikroelementami-2023\\\/#breadcrumb\",\"itemListElement\":[{\"@type\":\"ListItem\",\"position\":1,\"name\":\"Home page\",\"item\":\"https:\\\/\\\/www.suedzucker.pl\\\/en\\\/serwis-plantatorski\\\/\"},{\"@type\":\"ListItem\",\"position\":2,\"name\":\"Do\u015bwiadczenia\",\"item\":\"https:\\\/\\\/www.suedzucker.pl\\\/serwis-plantatorski\\\/doswiadczenia\\\/\"},{\"@type\":\"ListItem\",\"position\":3,\"name\":\"Wyniki do\u015bwiadcze\u0144 2023\",\"item\":\"https:\\\/\\\/www.suedzucker.pl\\\/serwis-plantatorski\\\/doswiadczenia\\\/wyniki-doswiadczen-2023\\\/\"},{\"@type\":\"ListItem\",\"position\":4,\"name\":\"Z&nbsp;nawo\u017ceniem mikroelementami 2023\"}]},{\"@type\":\"WebSite\",\"@id\":\"https:\\\/\\\/www.suedzucker.pl\\\/en\\\/#website\",\"url\":\"https:\\\/\\\/www.suedzucker.pl\\\/en\\\/\",\"name\":\"S\u00fcdzucker Polska\",\"description\":\"Jeste\u015bmy wiod\u0105cym producentem cukru w Polsce\",\"potentialAction\":[{\"@type\":\"SearchAction\",\"target\":{\"@type\":\"EntryPoint\",\"urlTemplate\":\"https:\\\/\\\/www.suedzucker.pl\\\/en\\\/?s={search_term_string}\"},\"query-input\":{\"@type\":\"PropertyValueSpecification\",\"valueRequired\":true,\"valueName\":\"search_term_string\"}}],\"inLanguage\":\"en-US\"}]}<\/script>\n<!-- \/ Yoast SEO plugin. -->","yoast_head_json":{"title":"Z nawo\u017ceniem mikroelementami 2023 - S\u00fcdzucker Polska","robots":{"index":"index","follow":"follow","max-snippet":"max-snippet:-1","max-image-preview":"max-image-preview:large","max-video-preview":"max-video-preview:-1"},"canonical":"https:\/\/www.suedzucker.pl\/serwis-plantatorski\/doswiadczenia\/wyniki-doswiadczen-2023\/z-nawozeniem-mikroelementami-2023\/","og_locale":"en_US","og_type":"article","og_title":"Z nawo\u017ceniem mikroelementami 2023 - S\u00fcdzucker Polska","og_description":"Sk\u0142ad testowanych nawoz\u00f3w W\u0105dro\u017ce Wielkie &#8211; do\u015bwiadczenie z nawo\u017ceniem mikroelementami &#8211; 05.07.2023 W\u0105dro\u017ce Wielkie &#8211; do\u015bwiadczenie z nawo\u017ceniem mikroelementami &#8211; 28.08.07.2023 Technologiczny Plon Cukru \u2013 Do\u015bwiadczenie z nawo\u017ceniem mikroelementami 2023...","og_url":"https:\/\/www.suedzucker.pl\/serwis-plantatorski\/doswiadczenia\/wyniki-doswiadczen-2023\/z-nawozeniem-mikroelementami-2023\/","og_site_name":"S\u00fcdzucker Polska","article_modified_time":"2023-11-24T13:56:28+00:00","og_image":[{"url":"https:\/\/www.suedzucker.pl\/wp-content\/uploads\/2023\/11\/Testowane-nawozy-1024x186.png","type":"","width":"","height":""}],"twitter_card":"summary_large_image","twitter_misc":{"Est. reading time":"3 minutes"},"schema":{"@context":"https:\/\/schema.org","@graph":[{"@type":"WebPage","@id":"https:\/\/www.suedzucker.pl\/serwis-plantatorski\/doswiadczenia\/wyniki-doswiadczen-2023\/z-nawozeniem-mikroelementami-2023\/","url":"https:\/\/www.suedzucker.pl\/serwis-plantatorski\/doswiadczenia\/wyniki-doswiadczen-2023\/z-nawozeniem-mikroelementami-2023\/","name":"Z nawo\u017ceniem mikroelementami 2023 - S\u00fcdzucker Polska","isPartOf":{"@id":"https:\/\/www.suedzucker.pl\/en\/#website"},"primaryImageOfPage":{"@id":"https:\/\/www.suedzucker.pl\/serwis-plantatorski\/doswiadczenia\/wyniki-doswiadczen-2023\/z-nawozeniem-mikroelementami-2023\/#primaryimage"},"image":{"@id":"https:\/\/www.suedzucker.pl\/serwis-plantatorski\/doswiadczenia\/wyniki-doswiadczen-2023\/z-nawozeniem-mikroelementami-2023\/#primaryimage"},"thumbnailUrl":"https:\/\/www.suedzucker.pl\/wp-content\/uploads\/2023\/11\/Testowane-nawozy-1024x186.png","datePublished":"2023-11-20T14:20:49+00:00","dateModified":"2023-11-24T13:56:28+00:00","breadcrumb":{"@id":"https:\/\/www.suedzucker.pl\/serwis-plantatorski\/doswiadczenia\/wyniki-doswiadczen-2023\/z-nawozeniem-mikroelementami-2023\/#breadcrumb"},"inLanguage":"en-US","potentialAction":[{"@type":"ReadAction","target":["https:\/\/www.suedzucker.pl\/serwis-plantatorski\/doswiadczenia\/wyniki-doswiadczen-2023\/z-nawozeniem-mikroelementami-2023\/"]}]},{"@type":"ImageObject","inLanguage":"en-US","@id":"https:\/\/www.suedzucker.pl\/serwis-plantatorski\/doswiadczenia\/wyniki-doswiadczen-2023\/z-nawozeniem-mikroelementami-2023\/#primaryimage","url":"https:\/\/www.suedzucker.pl\/wp-content\/uploads\/2023\/11\/Testowane-nawozy-1024x186.png","contentUrl":"https:\/\/www.suedzucker.pl\/wp-content\/uploads\/2023\/11\/Testowane-nawozy-1024x186.png"},{"@type":"BreadcrumbList","@id":"https:\/\/www.suedzucker.pl\/serwis-plantatorski\/doswiadczenia\/wyniki-doswiadczen-2023\/z-nawozeniem-mikroelementami-2023\/#breadcrumb","itemListElement":[{"@type":"ListItem","position":1,"name":"Home page","item":"https:\/\/www.suedzucker.pl\/en\/serwis-plantatorski\/"},{"@type":"ListItem","position":2,"name":"Do\u015bwiadczenia","item":"https:\/\/www.suedzucker.pl\/serwis-plantatorski\/doswiadczenia\/"},{"@type":"ListItem","position":3,"name":"Wyniki do\u015bwiadcze\u0144 2023","item":"https:\/\/www.suedzucker.pl\/serwis-plantatorski\/doswiadczenia\/wyniki-doswiadczen-2023\/"},{"@type":"ListItem","position":4,"name":"Z&nbsp;nawo\u017ceniem mikroelementami 2023"}]},{"@type":"WebSite","@id":"https:\/\/www.suedzucker.pl\/en\/#website","url":"https:\/\/www.suedzucker.pl\/en\/","name":"S\u00fcdzucker Polska","description":"Jeste\u015bmy wiod\u0105cym producentem cukru w Polsce","potentialAction":[{"@type":"SearchAction","target":{"@type":"EntryPoint","urlTemplate":"https:\/\/www.suedzucker.pl\/en\/?s={search_term_string}"},"query-input":{"@type":"PropertyValueSpecification","valueRequired":true,"valueName":"search_term_string"}}],"inLanguage":"en-US"}]}},"_links":{"self":[{"href":"https:\/\/www.suedzucker.pl\/en\/wp-json\/wp\/v2\/pages\/20916","targetHints":{"allow":["GET"]}}],"collection":[{"href":"https:\/\/www.suedzucker.pl\/en\/wp-json\/wp\/v2\/pages"}],"about":[{"href":"https:\/\/www.suedzucker.pl\/en\/wp-json\/wp\/v2\/types\/page"}],"author":[{"embeddable":true,"href":"https:\/\/www.suedzucker.pl\/en\/wp-json\/wp\/v2\/users\/4"}],"replies":[{"embeddable":true,"href":"https:\/\/www.suedzucker.pl\/en\/wp-json\/wp\/v2\/comments?post=20916"}],"version-history":[{"count":4,"href":"https:\/\/www.suedzucker.pl\/en\/wp-json\/wp\/v2\/pages\/20916\/revisions"}],"predecessor-version":[{"id":20992,"href":"https:\/\/www.suedzucker.pl\/en\/wp-json\/wp\/v2\/pages\/20916\/revisions\/20992"}],"up":[{"embeddable":true,"href":"https:\/\/www.suedzucker.pl\/en\/wp-json\/wp\/v2\/pages\/19827"}],"wp:attachment":[{"href":"https:\/\/www.suedzucker.pl\/en\/wp-json\/wp\/v2\/media?parent=20916"}],"curies":[{"name":"wp","href":"https:\/\/api.w.org\/{rel}","templated":true}]}}