{"id":20928,"date":"2023-11-20T15:28:23","date_gmt":"2023-11-20T14:28:23","guid":{"rendered":"https:\/\/www.suedzucker.pl\/?page_id=20928"},"modified":"2023-11-24T15:01:52","modified_gmt":"2023-11-24T14:01:52","slug":"z-nawozeniem-substratem-z-biogazowni-2023","status":"publish","type":"page","link":"https:\/\/www.suedzucker.pl\/en\/serwis-plantatorski\/doswiadczenia\/wyniki-doswiadczen-2023\/z-nawozeniem-substratem-z-biogazowni-2023\/","title":{"rendered":"Z nawo\u017ceniem substratem z biogazowni 2023"},"content":{"rendered":"\n<h4 class=\"wp-block-heading\">Plan do\u015bwiadczenia 2023 rok<\/h4>\n\n\n<div class=\"wp-block-image\">\n<figure class=\"aligncenter size-full\"><a href=\"https:\/\/www.suedzucker.pl\/wp-content\/uploads\/2023\/11\/Plan-doswiadczenia.png\"><img loading=\"lazy\" decoding=\"async\" width=\"934\" height=\"648\" src=\"https:\/\/www.suedzucker.pl\/wp-content\/uploads\/2023\/11\/Plan-doswiadczenia.png\" alt=\"\" class=\"wp-image-20964\" srcset=\"https:\/\/www.suedzucker.pl\/wp-content\/uploads\/2023\/11\/Plan-doswiadczenia.png 934w, https:\/\/www.suedzucker.pl\/wp-content\/uploads\/2023\/11\/Plan-doswiadczenia-300x208.png 300w, https:\/\/www.suedzucker.pl\/wp-content\/uploads\/2023\/11\/Plan-doswiadczenia-768x533.png 768w, https:\/\/www.suedzucker.pl\/wp-content\/uploads\/2023\/11\/Plan-doswiadczenia-500x347.png 500w\" sizes=\"auto, (max-width: 934px) 100vw, 934px\" \/><\/a><\/figure>\n<\/div>\n\n\n<h4 class=\"wp-block-heading\">Kondratowice \u2013 do\u015bwiadczenie z nawo\u017ceniem dygestatem 13.04.2023<\/h4>\n\n\n<div class=\"wp-block-image\">\n<figure class=\"aligncenter size-full\"><a href=\"https:\/\/www.suedzucker.pl\/wp-content\/uploads\/2023\/11\/Kondratowice.png\"><img loading=\"lazy\" decoding=\"async\" width=\"1376\" height=\"775\" src=\"https:\/\/www.suedzucker.pl\/wp-content\/uploads\/2023\/11\/Kondratowice.png\" alt=\"\" class=\"wp-image-20970\" srcset=\"https:\/\/www.suedzucker.pl\/wp-content\/uploads\/2023\/11\/Kondratowice.png 1376w, https:\/\/www.suedzucker.pl\/wp-content\/uploads\/2023\/11\/Kondratowice-300x169.png 300w, https:\/\/www.suedzucker.pl\/wp-content\/uploads\/2023\/11\/Kondratowice-1024x577.png 1024w, https:\/\/www.suedzucker.pl\/wp-content\/uploads\/2023\/11\/Kondratowice-768x433.png 768w, https:\/\/www.suedzucker.pl\/wp-content\/uploads\/2023\/11\/Kondratowice-500x282.png 500w\" sizes=\"auto, (max-width: 1376px) 100vw, 1376px\" \/><\/a><\/figure>\n<\/div>\n\n\n<h4 class=\"wp-block-heading\">Kondratowice \u2013 do\u015bwiadczenie z nawo\u017ceniem dygestatem 05.07.2023<\/h4>\n\n\n<div class=\"wp-block-image\">\n<figure class=\"aligncenter size-full\"><a href=\"https:\/\/www.suedzucker.pl\/wp-content\/uploads\/2023\/11\/Kondratowice2.png\"><img loading=\"lazy\" decoding=\"async\" width=\"1375\" height=\"775\" src=\"https:\/\/www.suedzucker.pl\/wp-content\/uploads\/2023\/11\/Kondratowice2.png\" alt=\"\" class=\"wp-image-20972\" srcset=\"https:\/\/www.suedzucker.pl\/wp-content\/uploads\/2023\/11\/Kondratowice2.png 1375w, https:\/\/www.suedzucker.pl\/wp-content\/uploads\/2023\/11\/Kondratowice2-300x169.png 300w, https:\/\/www.suedzucker.pl\/wp-content\/uploads\/2023\/11\/Kondratowice2-1024x577.png 1024w, https:\/\/www.suedzucker.pl\/wp-content\/uploads\/2023\/11\/Kondratowice2-768x433.png 768w, https:\/\/www.suedzucker.pl\/wp-content\/uploads\/2023\/11\/Kondratowice2-500x282.png 500w\" sizes=\"auto, (max-width: 1375px) 100vw, 1375px\" \/><\/a><\/figure>\n<\/div>\n\n\n<h4 class=\"wp-block-heading\">Kondratowice \u2013 do\u015bwiadczenie z nawo\u017ceniem dygestatem 28.08.2023<\/h4>\n\n\n<div class=\"wp-block-image\">\n<figure class=\"aligncenter size-full\"><a href=\"https:\/\/www.suedzucker.pl\/wp-content\/uploads\/2023\/11\/Kondratowice3.png\"><img loading=\"lazy\" decoding=\"async\" width=\"1376\" height=\"775\" src=\"https:\/\/www.suedzucker.pl\/wp-content\/uploads\/2023\/11\/Kondratowice3.png\" alt=\"\" class=\"wp-image-20973\" srcset=\"https:\/\/www.suedzucker.pl\/wp-content\/uploads\/2023\/11\/Kondratowice3.png 1376w, https:\/\/www.suedzucker.pl\/wp-content\/uploads\/2023\/11\/Kondratowice3-300x169.png 300w, https:\/\/www.suedzucker.pl\/wp-content\/uploads\/2023\/11\/Kondratowice3-1024x577.png 1024w, https:\/\/www.suedzucker.pl\/wp-content\/uploads\/2023\/11\/Kondratowice3-768x433.png 768w, https:\/\/www.suedzucker.pl\/wp-content\/uploads\/2023\/11\/Kondratowice3-500x282.png 500w\" sizes=\"auto, (max-width: 1376px) 100vw, 1376px\" \/><\/a><\/figure>\n<\/div>\n\n\n<h4 class=\"wp-block-heading\">Technologiczny Plon Cukru \u2013 Do\u015bwiadczenie z nawo\u017ceniem substratem z biogazowni 2023<\/h4>\n\n\n<div class=\"wp-block-image\">\n<figure class=\"aligncenter size-large\"><a href=\"https:\/\/www.suedzucker.pl\/wp-content\/uploads\/2023\/11\/Plon-cukru-3.png\"><img loading=\"lazy\" decoding=\"async\" width=\"1024\" height=\"431\" src=\"https:\/\/www.suedzucker.pl\/wp-content\/uploads\/2023\/11\/Plon-cukru-3-1024x431.png\" alt=\"\" class=\"wp-image-20930\" srcset=\"https:\/\/www.suedzucker.pl\/wp-content\/uploads\/2023\/11\/Plon-cukru-3-1024x431.png 1024w, https:\/\/www.suedzucker.pl\/wp-content\/uploads\/2023\/11\/Plon-cukru-3-300x126.png 300w, https:\/\/www.suedzucker.pl\/wp-content\/uploads\/2023\/11\/Plon-cukru-3-768x323.png 768w, https:\/\/www.suedzucker.pl\/wp-content\/uploads\/2023\/11\/Plon-cukru-3-500x210.png 500w, https:\/\/www.suedzucker.pl\/wp-content\/uploads\/2023\/11\/Plon-cukru-3.png 1309w\" sizes=\"auto, (max-width: 1024px) 100vw, 1024px\" \/><\/a><\/figure>\n<\/div>\n\n\n<h4 class=\"wp-block-heading\">Plon korzeni \u2013 Do\u015bwiadczenie z nawo\u017ceniem substratem z biogazowni 2023<\/h4>\n\n\n<div class=\"wp-block-image\">\n<figure class=\"aligncenter size-large\"><a href=\"https:\/\/www.suedzucker.pl\/wp-content\/uploads\/2023\/11\/Plon-korzeni-4.png\"><img loading=\"lazy\" decoding=\"async\" width=\"1024\" height=\"410\" src=\"https:\/\/www.suedzucker.pl\/wp-content\/uploads\/2023\/11\/Plon-korzeni-4-1024x410.png\" alt=\"\" class=\"wp-image-20932\" srcset=\"https:\/\/www.suedzucker.pl\/wp-content\/uploads\/2023\/11\/Plon-korzeni-4-1024x410.png 1024w, https:\/\/www.suedzucker.pl\/wp-content\/uploads\/2023\/11\/Plon-korzeni-4-300x120.png 300w, https:\/\/www.suedzucker.pl\/wp-content\/uploads\/2023\/11\/Plon-korzeni-4-768x308.png 768w, https:\/\/www.suedzucker.pl\/wp-content\/uploads\/2023\/11\/Plon-korzeni-4-500x200.png 500w, https:\/\/www.suedzucker.pl\/wp-content\/uploads\/2023\/11\/Plon-korzeni-4.png 1305w\" sizes=\"auto, (max-width: 1024px) 100vw, 1024px\" \/><\/a><\/figure>\n<\/div>\n\n\n<h4 class=\"wp-block-heading\">Polaryzacja \u2013 Do\u015bwiadczenie z nawo\u017ceniem substratem z biogazowni 2023<\/h4>\n\n\n<div class=\"wp-block-image\">\n<figure class=\"aligncenter size-large\"><a href=\"https:\/\/www.suedzucker.pl\/wp-content\/uploads\/2023\/11\/Polaryzacja-3.png\"><img loading=\"lazy\" decoding=\"async\" width=\"1024\" height=\"413\" src=\"https:\/\/www.suedzucker.pl\/wp-content\/uploads\/2023\/11\/Polaryzacja-3-1024x413.png\" alt=\"\" class=\"wp-image-20933\" srcset=\"https:\/\/www.suedzucker.pl\/wp-content\/uploads\/2023\/11\/Polaryzacja-3-1024x413.png 1024w, https:\/\/www.suedzucker.pl\/wp-content\/uploads\/2023\/11\/Polaryzacja-3-300x121.png 300w, https:\/\/www.suedzucker.pl\/wp-content\/uploads\/2023\/11\/Polaryzacja-3-768x310.png 768w, https:\/\/www.suedzucker.pl\/wp-content\/uploads\/2023\/11\/Polaryzacja-3-500x202.png 500w, https:\/\/www.suedzucker.pl\/wp-content\/uploads\/2023\/11\/Polaryzacja-3.png 1313w\" sizes=\"auto, (max-width: 1024px) 100vw, 1024px\" \/><\/a><\/figure>\n<\/div>\n\n\n<h4 class=\"wp-block-heading\">Zawarto\u015b\u0107 azotu-\u03b1 aminowego&nbsp; Do\u015bwiadczenie z nawo\u017ceniem substratem z biogazowni 2023<\/h4>\n\n\n<div class=\"wp-block-image\">\n<figure class=\"aligncenter size-large\"><a href=\"https:\/\/www.suedzucker.pl\/wp-content\/uploads\/2023\/11\/Azot@aminowy.png\"><img loading=\"lazy\" decoding=\"async\" width=\"1024\" height=\"412\" src=\"https:\/\/www.suedzucker.pl\/wp-content\/uploads\/2023\/11\/Azot@aminowy-1024x412.png\" alt=\"\" class=\"wp-image-20934\" srcset=\"https:\/\/www.suedzucker.pl\/wp-content\/uploads\/2023\/11\/Azot@aminowy-1024x412.png 1024w, https:\/\/www.suedzucker.pl\/wp-content\/uploads\/2023\/11\/Azot@aminowy-300x121.png 300w, https:\/\/www.suedzucker.pl\/wp-content\/uploads\/2023\/11\/Azot@aminowy-768x309.png 768w, https:\/\/www.suedzucker.pl\/wp-content\/uploads\/2023\/11\/Azot@aminowy-500x201.png 500w, https:\/\/www.suedzucker.pl\/wp-content\/uploads\/2023\/11\/Azot@aminowy.png 1306w\" sizes=\"auto, (max-width: 1024px) 100vw, 1024px\" \/><\/a><\/figure>\n<\/div>\n\n\n<h4 class=\"wp-block-heading\">Technologiczny Plon Cukru \u2013 Do\u015bwiadczenie z nawo\u017ceniem substratem z biogazowni &#8211; \u015brednia 2013-2023<\/h4>\n\n\n<div class=\"wp-block-image\">\n<figure class=\"aligncenter size-large\"><a href=\"https:\/\/www.suedzucker.pl\/wp-content\/uploads\/2023\/11\/Plon-cukru_srednia-1.png\"><img loading=\"lazy\" decoding=\"async\" width=\"1024\" height=\"416\" src=\"https:\/\/www.suedzucker.pl\/wp-content\/uploads\/2023\/11\/Plon-cukru_srednia-1-1024x416.png\" alt=\"\" class=\"wp-image-20935\" srcset=\"https:\/\/www.suedzucker.pl\/wp-content\/uploads\/2023\/11\/Plon-cukru_srednia-1-1024x416.png 1024w, https:\/\/www.suedzucker.pl\/wp-content\/uploads\/2023\/11\/Plon-cukru_srednia-1-300x122.png 300w, https:\/\/www.suedzucker.pl\/wp-content\/uploads\/2023\/11\/Plon-cukru_srednia-1-768x312.png 768w, https:\/\/www.suedzucker.pl\/wp-content\/uploads\/2023\/11\/Plon-cukru_srednia-1-500x203.png 500w, https:\/\/www.suedzucker.pl\/wp-content\/uploads\/2023\/11\/Plon-cukru_srednia-1.png 1314w\" sizes=\"auto, (max-width: 1024px) 100vw, 1024px\" \/><\/a><\/figure>\n<\/div>\n\n\n<h4 class=\"wp-block-heading\">Plon korzeni \u2013 Do\u015bwiadczenie z nawo\u017ceniem substratem z biogazowni &#8211; \u015brednia 2013-2023<\/h4>\n\n\n<div class=\"wp-block-image\">\n<figure class=\"aligncenter size-large\"><a href=\"https:\/\/www.suedzucker.pl\/wp-content\/uploads\/2023\/11\/Plon-korzeni_srednia-1.png\"><img loading=\"lazy\" decoding=\"async\" width=\"1024\" height=\"423\" src=\"https:\/\/www.suedzucker.pl\/wp-content\/uploads\/2023\/11\/Plon-korzeni_srednia-1-1024x423.png\" alt=\"\" class=\"wp-image-20936\" srcset=\"https:\/\/www.suedzucker.pl\/wp-content\/uploads\/2023\/11\/Plon-korzeni_srednia-1-1024x423.png 1024w, https:\/\/www.suedzucker.pl\/wp-content\/uploads\/2023\/11\/Plon-korzeni_srednia-1-300x124.png 300w, https:\/\/www.suedzucker.pl\/wp-content\/uploads\/2023\/11\/Plon-korzeni_srednia-1-768x318.png 768w, https:\/\/www.suedzucker.pl\/wp-content\/uploads\/2023\/11\/Plon-korzeni_srednia-1-500x207.png 500w, https:\/\/www.suedzucker.pl\/wp-content\/uploads\/2023\/11\/Plon-korzeni_srednia-1.png 1289w\" sizes=\"auto, (max-width: 1024px) 100vw, 1024px\" \/><\/a><\/figure>\n<\/div>\n\n\n<h4 class=\"wp-block-heading\">Polaryzacja \u2013 Do\u015bwiadczenie z nawo\u017ceniem substratem z biogazowni &#8211; \u015brednia 2013-2023<\/h4>\n\n\n<div class=\"wp-block-image\">\n<figure class=\"aligncenter size-large\"><a href=\"https:\/\/www.suedzucker.pl\/wp-content\/uploads\/2023\/11\/Polaryzacja_srednia-1.png\"><img loading=\"lazy\" decoding=\"async\" width=\"1024\" height=\"428\" src=\"https:\/\/www.suedzucker.pl\/wp-content\/uploads\/2023\/11\/Polaryzacja_srednia-1-1024x428.png\" alt=\"\" class=\"wp-image-20937\" srcset=\"https:\/\/www.suedzucker.pl\/wp-content\/uploads\/2023\/11\/Polaryzacja_srednia-1-1024x428.png 1024w, https:\/\/www.suedzucker.pl\/wp-content\/uploads\/2023\/11\/Polaryzacja_srednia-1-300x125.png 300w, https:\/\/www.suedzucker.pl\/wp-content\/uploads\/2023\/11\/Polaryzacja_srednia-1-768x321.png 768w, https:\/\/www.suedzucker.pl\/wp-content\/uploads\/2023\/11\/Polaryzacja_srednia-1-500x209.png 500w, https:\/\/www.suedzucker.pl\/wp-content\/uploads\/2023\/11\/Polaryzacja_srednia-1.png 1296w\" sizes=\"auto, (max-width: 1024px) 100vw, 1024px\" \/><\/a><\/figure>\n<\/div>\n\n\n<h4 class=\"wp-block-heading\">Zawarto\u015b\u0107 azotu-\u03b1 aminowego \u2013 Do\u015bwiadczenie z nawo\u017ceniem substratem z biogazowni &#8211; \u015brednia 2013-2023<\/h4>\n\n\n<div class=\"wp-block-image\">\n<figure class=\"aligncenter size-large\"><a href=\"https:\/\/www.suedzucker.pl\/wp-content\/uploads\/2023\/11\/Azot@aminowy_srednia.png\"><img loading=\"lazy\" decoding=\"async\" width=\"1024\" height=\"412\" src=\"https:\/\/www.suedzucker.pl\/wp-content\/uploads\/2023\/11\/Azot@aminowy_srednia-1024x412.png\" alt=\"\" class=\"wp-image-20938\" srcset=\"https:\/\/www.suedzucker.pl\/wp-content\/uploads\/2023\/11\/Azot@aminowy_srednia-1024x412.png 1024w, https:\/\/www.suedzucker.pl\/wp-content\/uploads\/2023\/11\/Azot@aminowy_srednia-300x121.png 300w, https:\/\/www.suedzucker.pl\/wp-content\/uploads\/2023\/11\/Azot@aminowy_srednia-768x309.png 768w, https:\/\/www.suedzucker.pl\/wp-content\/uploads\/2023\/11\/Azot@aminowy_srednia-500x201.png 500w, https:\/\/www.suedzucker.pl\/wp-content\/uploads\/2023\/11\/Azot@aminowy_srednia.png 1306w\" sizes=\"auto, (max-width: 1024px) 100vw, 1024px\" \/><\/a><\/figure>\n<\/div>\n\n\n<h4 class=\"wp-block-heading\">Technologiczny plon cukru (% wzorca), a koszt nawo\u017cenia N i K \u2013 Do\u015bwiadczenie z nawo\u017ceniem substratem z biogazowni 2023<\/h4>\n\n\n<div class=\"wp-block-image\">\n<figure class=\"aligncenter size-large\"><a href=\"https:\/\/www.suedzucker.pl\/wp-content\/uploads\/2023\/11\/Koszty-1.png\"><img loading=\"lazy\" decoding=\"async\" width=\"1024\" height=\"479\" src=\"https:\/\/www.suedzucker.pl\/wp-content\/uploads\/2023\/11\/Koszty-1-1024x479.png\" alt=\"\" class=\"wp-image-20994\" srcset=\"https:\/\/www.suedzucker.pl\/wp-content\/uploads\/2023\/11\/Koszty-1-1024x479.png 1024w, https:\/\/www.suedzucker.pl\/wp-content\/uploads\/2023\/11\/Koszty-1-300x140.png 300w, https:\/\/www.suedzucker.pl\/wp-content\/uploads\/2023\/11\/Koszty-1-768x359.png 768w, https:\/\/www.suedzucker.pl\/wp-content\/uploads\/2023\/11\/Koszty-1-500x234.png 500w, https:\/\/www.suedzucker.pl\/wp-content\/uploads\/2023\/11\/Koszty-1.png 1267w\" sizes=\"auto, (max-width: 1024px) 100vw, 1024px\" \/><\/a><\/figure>\n<\/div>","protected":false},"excerpt":{"rendered":"<p>Plan do\u015bwiadczenia 2023 rok Kondratowice \u2013 do\u015bwiadczenie z nawo\u017ceniem dygestatem 13.04.2023 Kondratowice \u2013 do\u015bwiadczenie z nawo\u017ceniem dygestatem 05.07.2023 Kondratowice \u2013 do\u015bwiadczenie z nawo\u017ceniem dygestatem 28.08.2023 Technologiczny Plon Cukru \u2013 Do\u015bwiadczenie&#8230;<\/p>\n","protected":false},"author":4,"featured_media":0,"parent":19827,"menu_order":6,"comment_status":"closed","ping_status":"closed","template":"","meta":{"_acf_changed":false,"inline_featured_image":false,"footnotes":"","_wp_rev_ctl_limit":""},"class_list":["post-20928","page","type-page","status-publish","hentry"],"acf":[],"yoast_head":"<!-- This site is optimized with the Yoast SEO plugin v27.3 - https:\/\/yoast.com\/product\/yoast-seo-wordpress\/ -->\n<title>Z nawo\u017ceniem substratem z biogazowni 2023 - S\u00fcdzucker Polska<\/title>\n<meta name=\"robots\" content=\"index, follow, max-snippet:-1, max-image-preview:large, max-video-preview:-1\" \/>\n<link rel=\"canonical\" href=\"https:\/\/www.suedzucker.pl\/serwis-plantatorski\/doswiadczenia\/wyniki-doswiadczen-2023\/z-nawozeniem-substratem-z-biogazowni-2023\/\" \/>\n<meta property=\"og:locale\" content=\"en_US\" \/>\n<meta property=\"og:type\" content=\"article\" \/>\n<meta property=\"og:title\" content=\"Z nawo\u017ceniem substratem z biogazowni 2023 - S\u00fcdzucker Polska\" \/>\n<meta property=\"og:description\" content=\"Plan do\u015bwiadczenia 2023 rok Kondratowice \u2013 do\u015bwiadczenie z nawo\u017ceniem dygestatem 13.04.2023 Kondratowice \u2013 do\u015bwiadczenie z nawo\u017ceniem dygestatem 05.07.2023 Kondratowice \u2013 do\u015bwiadczenie z nawo\u017ceniem dygestatem 28.08.2023 Technologiczny Plon Cukru \u2013 Do\u015bwiadczenie...\" \/>\n<meta property=\"og:url\" content=\"https:\/\/www.suedzucker.pl\/serwis-plantatorski\/doswiadczenia\/wyniki-doswiadczen-2023\/z-nawozeniem-substratem-z-biogazowni-2023\/\" \/>\n<meta property=\"og:site_name\" content=\"S\u00fcdzucker Polska\" \/>\n<meta property=\"article:modified_time\" content=\"2023-11-24T14:01:52+00:00\" \/>\n<meta property=\"og:image\" content=\"https:\/\/www.suedzucker.pl\/wp-content\/uploads\/2023\/11\/Plan-doswiadczenia.png\" \/>\n<meta name=\"twitter:card\" content=\"summary_large_image\" \/>\n<meta name=\"twitter:label1\" content=\"Est. reading time\" \/>\n\t<meta name=\"twitter:data1\" content=\"4 minutes\" \/>\n<script type=\"application\/ld+json\" class=\"yoast-schema-graph\">{\"@context\":\"https:\\\/\\\/schema.org\",\"@graph\":[{\"@type\":\"WebPage\",\"@id\":\"https:\\\/\\\/www.suedzucker.pl\\\/serwis-plantatorski\\\/doswiadczenia\\\/wyniki-doswiadczen-2023\\\/z-nawozeniem-substratem-z-biogazowni-2023\\\/\",\"url\":\"https:\\\/\\\/www.suedzucker.pl\\\/serwis-plantatorski\\\/doswiadczenia\\\/wyniki-doswiadczen-2023\\\/z-nawozeniem-substratem-z-biogazowni-2023\\\/\",\"name\":\"Z nawo\u017ceniem substratem z biogazowni 2023 - S\u00fcdzucker Polska\",\"isPartOf\":{\"@id\":\"https:\\\/\\\/www.suedzucker.pl\\\/en\\\/#website\"},\"primaryImageOfPage\":{\"@id\":\"https:\\\/\\\/www.suedzucker.pl\\\/serwis-plantatorski\\\/doswiadczenia\\\/wyniki-doswiadczen-2023\\\/z-nawozeniem-substratem-z-biogazowni-2023\\\/#primaryimage\"},\"image\":{\"@id\":\"https:\\\/\\\/www.suedzucker.pl\\\/serwis-plantatorski\\\/doswiadczenia\\\/wyniki-doswiadczen-2023\\\/z-nawozeniem-substratem-z-biogazowni-2023\\\/#primaryimage\"},\"thumbnailUrl\":\"https:\\\/\\\/www.suedzucker.pl\\\/wp-content\\\/uploads\\\/2023\\\/11\\\/Plan-doswiadczenia.png\",\"datePublished\":\"2023-11-20T14:28:23+00:00\",\"dateModified\":\"2023-11-24T14:01:52+00:00\",\"breadcrumb\":{\"@id\":\"https:\\\/\\\/www.suedzucker.pl\\\/serwis-plantatorski\\\/doswiadczenia\\\/wyniki-doswiadczen-2023\\\/z-nawozeniem-substratem-z-biogazowni-2023\\\/#breadcrumb\"},\"inLanguage\":\"en-US\",\"potentialAction\":[{\"@type\":\"ReadAction\",\"target\":[\"https:\\\/\\\/www.suedzucker.pl\\\/serwis-plantatorski\\\/doswiadczenia\\\/wyniki-doswiadczen-2023\\\/z-nawozeniem-substratem-z-biogazowni-2023\\\/\"]}]},{\"@type\":\"ImageObject\",\"inLanguage\":\"en-US\",\"@id\":\"https:\\\/\\\/www.suedzucker.pl\\\/serwis-plantatorski\\\/doswiadczenia\\\/wyniki-doswiadczen-2023\\\/z-nawozeniem-substratem-z-biogazowni-2023\\\/#primaryimage\",\"url\":\"https:\\\/\\\/www.suedzucker.pl\\\/wp-content\\\/uploads\\\/2023\\\/11\\\/Plan-doswiadczenia.png\",\"contentUrl\":\"https:\\\/\\\/www.suedzucker.pl\\\/wp-content\\\/uploads\\\/2023\\\/11\\\/Plan-doswiadczenia.png\"},{\"@type\":\"BreadcrumbList\",\"@id\":\"https:\\\/\\\/www.suedzucker.pl\\\/serwis-plantatorski\\\/doswiadczenia\\\/wyniki-doswiadczen-2023\\\/z-nawozeniem-substratem-z-biogazowni-2023\\\/#breadcrumb\",\"itemListElement\":[{\"@type\":\"ListItem\",\"position\":1,\"name\":\"Home page\",\"item\":\"https:\\\/\\\/www.suedzucker.pl\\\/en\\\/serwis-plantatorski\\\/\"},{\"@type\":\"ListItem\",\"position\":2,\"name\":\"Do\u015bwiadczenia\",\"item\":\"https:\\\/\\\/www.suedzucker.pl\\\/serwis-plantatorski\\\/doswiadczenia\\\/\"},{\"@type\":\"ListItem\",\"position\":3,\"name\":\"Wyniki do\u015bwiadcze\u0144 2023\",\"item\":\"https:\\\/\\\/www.suedzucker.pl\\\/serwis-plantatorski\\\/doswiadczenia\\\/wyniki-doswiadczen-2023\\\/\"},{\"@type\":\"ListItem\",\"position\":4,\"name\":\"Z&nbsp;nawo\u017ceniem substratem z&nbsp;biogazowni 2023\"}]},{\"@type\":\"WebSite\",\"@id\":\"https:\\\/\\\/www.suedzucker.pl\\\/en\\\/#website\",\"url\":\"https:\\\/\\\/www.suedzucker.pl\\\/en\\\/\",\"name\":\"S\u00fcdzucker Polska\",\"description\":\"Jeste\u015bmy wiod\u0105cym producentem cukru w Polsce\",\"potentialAction\":[{\"@type\":\"SearchAction\",\"target\":{\"@type\":\"EntryPoint\",\"urlTemplate\":\"https:\\\/\\\/www.suedzucker.pl\\\/en\\\/?s={search_term_string}\"},\"query-input\":{\"@type\":\"PropertyValueSpecification\",\"valueRequired\":true,\"valueName\":\"search_term_string\"}}],\"inLanguage\":\"en-US\"}]}<\/script>\n<!-- \/ Yoast SEO plugin. -->","yoast_head_json":{"title":"Z nawo\u017ceniem substratem z biogazowni 2023 - S\u00fcdzucker Polska","robots":{"index":"index","follow":"follow","max-snippet":"max-snippet:-1","max-image-preview":"max-image-preview:large","max-video-preview":"max-video-preview:-1"},"canonical":"https:\/\/www.suedzucker.pl\/serwis-plantatorski\/doswiadczenia\/wyniki-doswiadczen-2023\/z-nawozeniem-substratem-z-biogazowni-2023\/","og_locale":"en_US","og_type":"article","og_title":"Z nawo\u017ceniem substratem z biogazowni 2023 - S\u00fcdzucker Polska","og_description":"Plan do\u015bwiadczenia 2023 rok Kondratowice \u2013 do\u015bwiadczenie z nawo\u017ceniem dygestatem 13.04.2023 Kondratowice \u2013 do\u015bwiadczenie z nawo\u017ceniem dygestatem 05.07.2023 Kondratowice \u2013 do\u015bwiadczenie z nawo\u017ceniem dygestatem 28.08.2023 Technologiczny Plon Cukru \u2013 Do\u015bwiadczenie...","og_url":"https:\/\/www.suedzucker.pl\/serwis-plantatorski\/doswiadczenia\/wyniki-doswiadczen-2023\/z-nawozeniem-substratem-z-biogazowni-2023\/","og_site_name":"S\u00fcdzucker Polska","article_modified_time":"2023-11-24T14:01:52+00:00","og_image":[{"url":"https:\/\/www.suedzucker.pl\/wp-content\/uploads\/2023\/11\/Plan-doswiadczenia.png","type":"","width":"","height":""}],"twitter_card":"summary_large_image","twitter_misc":{"Est. reading time":"4 minutes"},"schema":{"@context":"https:\/\/schema.org","@graph":[{"@type":"WebPage","@id":"https:\/\/www.suedzucker.pl\/serwis-plantatorski\/doswiadczenia\/wyniki-doswiadczen-2023\/z-nawozeniem-substratem-z-biogazowni-2023\/","url":"https:\/\/www.suedzucker.pl\/serwis-plantatorski\/doswiadczenia\/wyniki-doswiadczen-2023\/z-nawozeniem-substratem-z-biogazowni-2023\/","name":"Z nawo\u017ceniem substratem z biogazowni 2023 - S\u00fcdzucker Polska","isPartOf":{"@id":"https:\/\/www.suedzucker.pl\/en\/#website"},"primaryImageOfPage":{"@id":"https:\/\/www.suedzucker.pl\/serwis-plantatorski\/doswiadczenia\/wyniki-doswiadczen-2023\/z-nawozeniem-substratem-z-biogazowni-2023\/#primaryimage"},"image":{"@id":"https:\/\/www.suedzucker.pl\/serwis-plantatorski\/doswiadczenia\/wyniki-doswiadczen-2023\/z-nawozeniem-substratem-z-biogazowni-2023\/#primaryimage"},"thumbnailUrl":"https:\/\/www.suedzucker.pl\/wp-content\/uploads\/2023\/11\/Plan-doswiadczenia.png","datePublished":"2023-11-20T14:28:23+00:00","dateModified":"2023-11-24T14:01:52+00:00","breadcrumb":{"@id":"https:\/\/www.suedzucker.pl\/serwis-plantatorski\/doswiadczenia\/wyniki-doswiadczen-2023\/z-nawozeniem-substratem-z-biogazowni-2023\/#breadcrumb"},"inLanguage":"en-US","potentialAction":[{"@type":"ReadAction","target":["https:\/\/www.suedzucker.pl\/serwis-plantatorski\/doswiadczenia\/wyniki-doswiadczen-2023\/z-nawozeniem-substratem-z-biogazowni-2023\/"]}]},{"@type":"ImageObject","inLanguage":"en-US","@id":"https:\/\/www.suedzucker.pl\/serwis-plantatorski\/doswiadczenia\/wyniki-doswiadczen-2023\/z-nawozeniem-substratem-z-biogazowni-2023\/#primaryimage","url":"https:\/\/www.suedzucker.pl\/wp-content\/uploads\/2023\/11\/Plan-doswiadczenia.png","contentUrl":"https:\/\/www.suedzucker.pl\/wp-content\/uploads\/2023\/11\/Plan-doswiadczenia.png"},{"@type":"BreadcrumbList","@id":"https:\/\/www.suedzucker.pl\/serwis-plantatorski\/doswiadczenia\/wyniki-doswiadczen-2023\/z-nawozeniem-substratem-z-biogazowni-2023\/#breadcrumb","itemListElement":[{"@type":"ListItem","position":1,"name":"Home page","item":"https:\/\/www.suedzucker.pl\/en\/serwis-plantatorski\/"},{"@type":"ListItem","position":2,"name":"Do\u015bwiadczenia","item":"https:\/\/www.suedzucker.pl\/serwis-plantatorski\/doswiadczenia\/"},{"@type":"ListItem","position":3,"name":"Wyniki do\u015bwiadcze\u0144 2023","item":"https:\/\/www.suedzucker.pl\/serwis-plantatorski\/doswiadczenia\/wyniki-doswiadczen-2023\/"},{"@type":"ListItem","position":4,"name":"Z&nbsp;nawo\u017ceniem substratem z&nbsp;biogazowni 2023"}]},{"@type":"WebSite","@id":"https:\/\/www.suedzucker.pl\/en\/#website","url":"https:\/\/www.suedzucker.pl\/en\/","name":"S\u00fcdzucker Polska","description":"Jeste\u015bmy wiod\u0105cym producentem cukru w Polsce","potentialAction":[{"@type":"SearchAction","target":{"@type":"EntryPoint","urlTemplate":"https:\/\/www.suedzucker.pl\/en\/?s={search_term_string}"},"query-input":{"@type":"PropertyValueSpecification","valueRequired":true,"valueName":"search_term_string"}}],"inLanguage":"en-US"}]}},"_links":{"self":[{"href":"https:\/\/www.suedzucker.pl\/en\/wp-json\/wp\/v2\/pages\/20928","targetHints":{"allow":["GET"]}}],"collection":[{"href":"https:\/\/www.suedzucker.pl\/en\/wp-json\/wp\/v2\/pages"}],"about":[{"href":"https:\/\/www.suedzucker.pl\/en\/wp-json\/wp\/v2\/types\/page"}],"author":[{"embeddable":true,"href":"https:\/\/www.suedzucker.pl\/en\/wp-json\/wp\/v2\/users\/4"}],"replies":[{"embeddable":true,"href":"https:\/\/www.suedzucker.pl\/en\/wp-json\/wp\/v2\/comments?post=20928"}],"version-history":[{"count":4,"href":"https:\/\/www.suedzucker.pl\/en\/wp-json\/wp\/v2\/pages\/20928\/revisions"}],"predecessor-version":[{"id":20995,"href":"https:\/\/www.suedzucker.pl\/en\/wp-json\/wp\/v2\/pages\/20928\/revisions\/20995"}],"up":[{"embeddable":true,"href":"https:\/\/www.suedzucker.pl\/en\/wp-json\/wp\/v2\/pages\/19827"}],"wp:attachment":[{"href":"https:\/\/www.suedzucker.pl\/en\/wp-json\/wp\/v2\/media?parent=20928"}],"curies":[{"name":"wp","href":"https:\/\/api.w.org\/{rel}","templated":true}]}}