{"id":21154,"date":"2023-12-12T14:49:40","date_gmt":"2023-12-12T13:49:40","guid":{"rendered":"https:\/\/www.suedzucker.pl\/?page_id=21154"},"modified":"2023-12-12T15:18:05","modified_gmt":"2023-12-12T14:18:05","slug":"odmianowe-standardowe-pdo-2023","status":"publish","type":"page","link":"https:\/\/www.suedzucker.pl\/en\/serwis-plantatorski\/doswiadczenia\/wyniki-doswiadczen-2023\/wyniki-doswiadczen-coboru-pdo-2023\/odmianowe-standardowe-pdo-2023\/","title":{"rendered":"Odmianowe standardowe PDO 2023"},"content":{"rendered":"\n<h4 class=\"wp-block-heading\">PZW % &#8211; Do\u015bwiadczenie odmianowe COBORU PDO 2023<\/h4>\n\n\n<div class=\"wp-block-image\">\n<figure class=\"aligncenter size-large\"><a href=\"https:\/\/www.suedzucker.pl\/wp-content\/uploads\/2023\/12\/PZW-1.png\"><img loading=\"lazy\" decoding=\"async\" width=\"1024\" height=\"475\" src=\"https:\/\/www.suedzucker.pl\/wp-content\/uploads\/2023\/12\/PZW-1-1024x475.png\" alt=\"\" class=\"wp-image-21173\" srcset=\"https:\/\/www.suedzucker.pl\/wp-content\/uploads\/2023\/12\/PZW-1-1024x475.png 1024w, https:\/\/www.suedzucker.pl\/wp-content\/uploads\/2023\/12\/PZW-1-300x139.png 300w, https:\/\/www.suedzucker.pl\/wp-content\/uploads\/2023\/12\/PZW-1-768x356.png 768w, https:\/\/www.suedzucker.pl\/wp-content\/uploads\/2023\/12\/PZW-1-500x232.png 500w, https:\/\/www.suedzucker.pl\/wp-content\/uploads\/2023\/12\/PZW-1.png 1200w\" sizes=\"auto, (max-width: 1024px) 100vw, 1024px\" \/><\/a><\/figure>\n<\/div>\n\n\n<h4 class=\"wp-block-heading\">Zdrowotno\u015b\u0107 li\u015bci &#8211; Do\u015bwiadczenie odmianowe COBORU PDO 2023<\/h4>\n\n\n<div class=\"wp-block-image\">\n<figure class=\"aligncenter size-large\"><a href=\"https:\/\/www.suedzucker.pl\/wp-content\/uploads\/2023\/12\/Zdrowotnosc-lisci-2.png\"><img loading=\"lazy\" decoding=\"async\" width=\"1024\" height=\"467\" src=\"https:\/\/www.suedzucker.pl\/wp-content\/uploads\/2023\/12\/Zdrowotnosc-lisci-2-1024x467.png\" alt=\"\" class=\"wp-image-21174\" srcset=\"https:\/\/www.suedzucker.pl\/wp-content\/uploads\/2023\/12\/Zdrowotnosc-lisci-2-1024x467.png 1024w, https:\/\/www.suedzucker.pl\/wp-content\/uploads\/2023\/12\/Zdrowotnosc-lisci-2-300x137.png 300w, https:\/\/www.suedzucker.pl\/wp-content\/uploads\/2023\/12\/Zdrowotnosc-lisci-2-768x351.png 768w, https:\/\/www.suedzucker.pl\/wp-content\/uploads\/2023\/12\/Zdrowotnosc-lisci-2-500x228.png 500w, https:\/\/www.suedzucker.pl\/wp-content\/uploads\/2023\/12\/Zdrowotnosc-lisci-2.png 1216w\" sizes=\"auto, (max-width: 1024px) 100vw, 1024px\" \/><\/a><\/figure>\n<\/div>\n\n\n<h4 class=\"wp-block-heading\">Technologiczny Plon Cukru &#8211; Do\u015bwiadczenie odmianowe COBORU PDO 2023<\/h4>\n\n\n<div class=\"wp-block-image\">\n<figure class=\"aligncenter size-large\"><a href=\"https:\/\/www.suedzucker.pl\/wp-content\/uploads\/2023\/12\/Plon-cukru-5.png\"><img loading=\"lazy\" decoding=\"async\" width=\"1024\" height=\"478\" src=\"https:\/\/www.suedzucker.pl\/wp-content\/uploads\/2023\/12\/Plon-cukru-5-1024x478.png\" alt=\"\" class=\"wp-image-21175\" srcset=\"https:\/\/www.suedzucker.pl\/wp-content\/uploads\/2023\/12\/Plon-cukru-5-1024x478.png 1024w, https:\/\/www.suedzucker.pl\/wp-content\/uploads\/2023\/12\/Plon-cukru-5-300x140.png 300w, https:\/\/www.suedzucker.pl\/wp-content\/uploads\/2023\/12\/Plon-cukru-5-768x358.png 768w, https:\/\/www.suedzucker.pl\/wp-content\/uploads\/2023\/12\/Plon-cukru-5-500x233.png 500w, https:\/\/www.suedzucker.pl\/wp-content\/uploads\/2023\/12\/Plon-cukru-5.png 1228w\" sizes=\"auto, (max-width: 1024px) 100vw, 1024px\" \/><\/a><\/figure>\n<\/div>\n\n\n<h4 class=\"wp-block-heading\">Plon Korzeni &#8211; Do\u015bwiadczenie odmianowe COBORU PDO 2023<\/h4>\n\n\n<div class=\"wp-block-image\">\n<figure class=\"aligncenter size-large\"><a href=\"https:\/\/www.suedzucker.pl\/wp-content\/uploads\/2023\/12\/Plon-korzeni-5.png\"><img loading=\"lazy\" decoding=\"async\" width=\"1024\" height=\"476\" src=\"https:\/\/www.suedzucker.pl\/wp-content\/uploads\/2023\/12\/Plon-korzeni-5-1024x476.png\" alt=\"\" class=\"wp-image-21176\" srcset=\"https:\/\/www.suedzucker.pl\/wp-content\/uploads\/2023\/12\/Plon-korzeni-5-1024x476.png 1024w, https:\/\/www.suedzucker.pl\/wp-content\/uploads\/2023\/12\/Plon-korzeni-5-300x140.png 300w, https:\/\/www.suedzucker.pl\/wp-content\/uploads\/2023\/12\/Plon-korzeni-5-768x357.png 768w, https:\/\/www.suedzucker.pl\/wp-content\/uploads\/2023\/12\/Plon-korzeni-5-500x233.png 500w, https:\/\/www.suedzucker.pl\/wp-content\/uploads\/2023\/12\/Plon-korzeni-5.png 1210w\" sizes=\"auto, (max-width: 1024px) 100vw, 1024px\" \/><\/a><\/figure>\n<\/div>\n\n\n<h4 class=\"wp-block-heading\">Polaryzacja &#8211; Do\u015bwiadczenie odmianowe COBORU PDO 2023<\/h4>\n\n\n<div class=\"wp-block-image\">\n<figure class=\"aligncenter size-large\"><a href=\"https:\/\/www.suedzucker.pl\/wp-content\/uploads\/2023\/12\/Polaryzacja-3.png\"><img loading=\"lazy\" decoding=\"async\" width=\"1024\" height=\"471\" src=\"https:\/\/www.suedzucker.pl\/wp-content\/uploads\/2023\/12\/Polaryzacja-3-1024x471.png\" alt=\"\" class=\"wp-image-21177\" srcset=\"https:\/\/www.suedzucker.pl\/wp-content\/uploads\/2023\/12\/Polaryzacja-3-1024x471.png 1024w, https:\/\/www.suedzucker.pl\/wp-content\/uploads\/2023\/12\/Polaryzacja-3-300x138.png 300w, https:\/\/www.suedzucker.pl\/wp-content\/uploads\/2023\/12\/Polaryzacja-3-768x354.png 768w, https:\/\/www.suedzucker.pl\/wp-content\/uploads\/2023\/12\/Polaryzacja-3-500x230.png 500w, https:\/\/www.suedzucker.pl\/wp-content\/uploads\/2023\/12\/Polaryzacja-3.png 1223w\" sizes=\"auto, (max-width: 1024px) 100vw, 1024px\" \/><\/a><\/figure>\n<\/div>\n\n\n<h4 class=\"wp-block-heading\">Zawarto\u015b\u0107 melasotwor\u00f3w &#8211; Do\u015bwiadczenie odmianowe COBORU PDO 2023<\/h4>\n\n\n<div class=\"wp-block-image\">\n<figure class=\"aligncenter size-large\"><a href=\"https:\/\/www.suedzucker.pl\/wp-content\/uploads\/2023\/12\/Melasotwory-3.png\"><img loading=\"lazy\" decoding=\"async\" width=\"1024\" height=\"478\" src=\"https:\/\/www.suedzucker.pl\/wp-content\/uploads\/2023\/12\/Melasotwory-3-1024x478.png\" alt=\"\" class=\"wp-image-21178\" srcset=\"https:\/\/www.suedzucker.pl\/wp-content\/uploads\/2023\/12\/Melasotwory-3-1024x478.png 1024w, https:\/\/www.suedzucker.pl\/wp-content\/uploads\/2023\/12\/Melasotwory-3-300x140.png 300w, https:\/\/www.suedzucker.pl\/wp-content\/uploads\/2023\/12\/Melasotwory-3-768x359.png 768w, https:\/\/www.suedzucker.pl\/wp-content\/uploads\/2023\/12\/Melasotwory-3-500x234.png 500w, https:\/\/www.suedzucker.pl\/wp-content\/uploads\/2023\/12\/Melasotwory-3.png 1216w\" sizes=\"auto, (max-width: 1024px) 100vw, 1024px\" \/><\/a><\/figure>\n<\/div>","protected":false},"excerpt":{"rendered":"<p>PZW % &#8211; Do\u015bwiadczenie odmianowe COBORU PDO 2023 Zdrowotno\u015b\u0107 li\u015bci &#8211; Do\u015bwiadczenie odmianowe COBORU PDO 2023 Technologiczny Plon Cukru &#8211; Do\u015bwiadczenie odmianowe COBORU PDO 2023 Plon Korzeni &#8211; Do\u015bwiadczenie odmianowe&#8230;<\/p>\n","protected":false},"author":4,"featured_media":0,"parent":21152,"menu_order":0,"comment_status":"closed","ping_status":"closed","template":"","meta":{"_acf_changed":false,"inline_featured_image":false,"footnotes":"","_wp_rev_ctl_limit":""},"class_list":["post-21154","page","type-page","status-publish","hentry"],"acf":[],"yoast_head":"<!-- This site is optimized with the Yoast SEO plugin v27.3 - https:\/\/yoast.com\/product\/yoast-seo-wordpress\/ -->\n<title>Odmianowe standardowe PDO 2023 - S\u00fcdzucker Polska<\/title>\n<meta name=\"robots\" content=\"index, follow, max-snippet:-1, max-image-preview:large, max-video-preview:-1\" \/>\n<link rel=\"canonical\" href=\"https:\/\/www.suedzucker.pl\/serwis-plantatorski\/doswiadczenia\/wyniki-doswiadczen-2023\/wyniki-doswiadczen-coboru-pdo-2023\/odmianowe-standardowe-pdo-2023\/\" \/>\n<meta property=\"og:locale\" content=\"en_US\" \/>\n<meta property=\"og:type\" content=\"article\" \/>\n<meta property=\"og:title\" content=\"Odmianowe standardowe PDO 2023 - S\u00fcdzucker Polska\" \/>\n<meta property=\"og:description\" content=\"PZW % &#8211; Do\u015bwiadczenie odmianowe COBORU PDO 2023 Zdrowotno\u015b\u0107 li\u015bci &#8211; Do\u015bwiadczenie odmianowe COBORU PDO 2023 Technologiczny Plon Cukru &#8211; Do\u015bwiadczenie odmianowe COBORU PDO 2023 Plon Korzeni &#8211; Do\u015bwiadczenie odmianowe...\" \/>\n<meta property=\"og:url\" content=\"https:\/\/www.suedzucker.pl\/serwis-plantatorski\/doswiadczenia\/wyniki-doswiadczen-2023\/wyniki-doswiadczen-coboru-pdo-2023\/odmianowe-standardowe-pdo-2023\/\" \/>\n<meta property=\"og:site_name\" content=\"S\u00fcdzucker Polska\" \/>\n<meta property=\"article:modified_time\" content=\"2023-12-12T14:18:05+00:00\" \/>\n<meta property=\"og:image\" content=\"https:\/\/www.suedzucker.pl\/wp-content\/uploads\/2023\/12\/PZW-1-1024x475.png\" \/>\n<meta name=\"twitter:card\" content=\"summary_large_image\" \/>\n<meta name=\"twitter:label1\" content=\"Est. reading time\" \/>\n\t<meta name=\"twitter:data1\" content=\"2 minutes\" \/>\n<script type=\"application\/ld+json\" class=\"yoast-schema-graph\">{\"@context\":\"https:\\\/\\\/schema.org\",\"@graph\":[{\"@type\":\"WebPage\",\"@id\":\"https:\\\/\\\/www.suedzucker.pl\\\/serwis-plantatorski\\\/doswiadczenia\\\/wyniki-doswiadczen-2023\\\/wyniki-doswiadczen-coboru-pdo-2023\\\/odmianowe-standardowe-pdo-2023\\\/\",\"url\":\"https:\\\/\\\/www.suedzucker.pl\\\/serwis-plantatorski\\\/doswiadczenia\\\/wyniki-doswiadczen-2023\\\/wyniki-doswiadczen-coboru-pdo-2023\\\/odmianowe-standardowe-pdo-2023\\\/\",\"name\":\"Odmianowe standardowe PDO 2023 - S\u00fcdzucker Polska\",\"isPartOf\":{\"@id\":\"https:\\\/\\\/www.suedzucker.pl\\\/en\\\/#website\"},\"primaryImageOfPage\":{\"@id\":\"https:\\\/\\\/www.suedzucker.pl\\\/serwis-plantatorski\\\/doswiadczenia\\\/wyniki-doswiadczen-2023\\\/wyniki-doswiadczen-coboru-pdo-2023\\\/odmianowe-standardowe-pdo-2023\\\/#primaryimage\"},\"image\":{\"@id\":\"https:\\\/\\\/www.suedzucker.pl\\\/serwis-plantatorski\\\/doswiadczenia\\\/wyniki-doswiadczen-2023\\\/wyniki-doswiadczen-coboru-pdo-2023\\\/odmianowe-standardowe-pdo-2023\\\/#primaryimage\"},\"thumbnailUrl\":\"https:\\\/\\\/www.suedzucker.pl\\\/wp-content\\\/uploads\\\/2023\\\/12\\\/PZW-1-1024x475.png\",\"datePublished\":\"2023-12-12T13:49:40+00:00\",\"dateModified\":\"2023-12-12T14:18:05+00:00\",\"breadcrumb\":{\"@id\":\"https:\\\/\\\/www.suedzucker.pl\\\/serwis-plantatorski\\\/doswiadczenia\\\/wyniki-doswiadczen-2023\\\/wyniki-doswiadczen-coboru-pdo-2023\\\/odmianowe-standardowe-pdo-2023\\\/#breadcrumb\"},\"inLanguage\":\"en-US\",\"potentialAction\":[{\"@type\":\"ReadAction\",\"target\":[\"https:\\\/\\\/www.suedzucker.pl\\\/serwis-plantatorski\\\/doswiadczenia\\\/wyniki-doswiadczen-2023\\\/wyniki-doswiadczen-coboru-pdo-2023\\\/odmianowe-standardowe-pdo-2023\\\/\"]}]},{\"@type\":\"ImageObject\",\"inLanguage\":\"en-US\",\"@id\":\"https:\\\/\\\/www.suedzucker.pl\\\/serwis-plantatorski\\\/doswiadczenia\\\/wyniki-doswiadczen-2023\\\/wyniki-doswiadczen-coboru-pdo-2023\\\/odmianowe-standardowe-pdo-2023\\\/#primaryimage\",\"url\":\"https:\\\/\\\/www.suedzucker.pl\\\/wp-content\\\/uploads\\\/2023\\\/12\\\/PZW-1-1024x475.png\",\"contentUrl\":\"https:\\\/\\\/www.suedzucker.pl\\\/wp-content\\\/uploads\\\/2023\\\/12\\\/PZW-1-1024x475.png\"},{\"@type\":\"BreadcrumbList\",\"@id\":\"https:\\\/\\\/www.suedzucker.pl\\\/serwis-plantatorski\\\/doswiadczenia\\\/wyniki-doswiadczen-2023\\\/wyniki-doswiadczen-coboru-pdo-2023\\\/odmianowe-standardowe-pdo-2023\\\/#breadcrumb\",\"itemListElement\":[{\"@type\":\"ListItem\",\"position\":1,\"name\":\"Home page\",\"item\":\"https:\\\/\\\/www.suedzucker.pl\\\/en\\\/serwis-plantatorski\\\/\"},{\"@type\":\"ListItem\",\"position\":2,\"name\":\"Do\u015bwiadczenia\",\"item\":\"https:\\\/\\\/www.suedzucker.pl\\\/serwis-plantatorski\\\/doswiadczenia\\\/\"},{\"@type\":\"ListItem\",\"position\":3,\"name\":\"Wyniki do\u015bwiadcze\u0144 2023\",\"item\":\"https:\\\/\\\/www.suedzucker.pl\\\/serwis-plantatorski\\\/doswiadczenia\\\/wyniki-doswiadczen-2023\\\/\"},{\"@type\":\"ListItem\",\"position\":4,\"name\":\"Wyniki do\u015bwiadcze\u0144 COBORU PDO 2023\",\"item\":\"https:\\\/\\\/www.suedzucker.pl\\\/serwis-plantatorski\\\/doswiadczenia\\\/wyniki-doswiadczen-2023\\\/wyniki-doswiadczen-coboru-pdo-2023\\\/\"},{\"@type\":\"ListItem\",\"position\":5,\"name\":\"Odmianowe standardowe PDO 2023\"}]},{\"@type\":\"WebSite\",\"@id\":\"https:\\\/\\\/www.suedzucker.pl\\\/en\\\/#website\",\"url\":\"https:\\\/\\\/www.suedzucker.pl\\\/en\\\/\",\"name\":\"S\u00fcdzucker Polska\",\"description\":\"Jeste\u015bmy wiod\u0105cym producentem cukru w Polsce\",\"potentialAction\":[{\"@type\":\"SearchAction\",\"target\":{\"@type\":\"EntryPoint\",\"urlTemplate\":\"https:\\\/\\\/www.suedzucker.pl\\\/en\\\/?s={search_term_string}\"},\"query-input\":{\"@type\":\"PropertyValueSpecification\",\"valueRequired\":true,\"valueName\":\"search_term_string\"}}],\"inLanguage\":\"en-US\"}]}<\/script>\n<!-- \/ Yoast SEO plugin. -->","yoast_head_json":{"title":"Odmianowe standardowe PDO 2023 - S\u00fcdzucker Polska","robots":{"index":"index","follow":"follow","max-snippet":"max-snippet:-1","max-image-preview":"max-image-preview:large","max-video-preview":"max-video-preview:-1"},"canonical":"https:\/\/www.suedzucker.pl\/serwis-plantatorski\/doswiadczenia\/wyniki-doswiadczen-2023\/wyniki-doswiadczen-coboru-pdo-2023\/odmianowe-standardowe-pdo-2023\/","og_locale":"en_US","og_type":"article","og_title":"Odmianowe standardowe PDO 2023 - S\u00fcdzucker Polska","og_description":"PZW % &#8211; Do\u015bwiadczenie odmianowe COBORU PDO 2023 Zdrowotno\u015b\u0107 li\u015bci &#8211; Do\u015bwiadczenie odmianowe COBORU PDO 2023 Technologiczny Plon Cukru &#8211; Do\u015bwiadczenie odmianowe COBORU PDO 2023 Plon Korzeni &#8211; Do\u015bwiadczenie odmianowe...","og_url":"https:\/\/www.suedzucker.pl\/serwis-plantatorski\/doswiadczenia\/wyniki-doswiadczen-2023\/wyniki-doswiadczen-coboru-pdo-2023\/odmianowe-standardowe-pdo-2023\/","og_site_name":"S\u00fcdzucker Polska","article_modified_time":"2023-12-12T14:18:05+00:00","og_image":[{"url":"https:\/\/www.suedzucker.pl\/wp-content\/uploads\/2023\/12\/PZW-1-1024x475.png","type":"","width":"","height":""}],"twitter_card":"summary_large_image","twitter_misc":{"Est. reading time":"2 minutes"},"schema":{"@context":"https:\/\/schema.org","@graph":[{"@type":"WebPage","@id":"https:\/\/www.suedzucker.pl\/serwis-plantatorski\/doswiadczenia\/wyniki-doswiadczen-2023\/wyniki-doswiadczen-coboru-pdo-2023\/odmianowe-standardowe-pdo-2023\/","url":"https:\/\/www.suedzucker.pl\/serwis-plantatorski\/doswiadczenia\/wyniki-doswiadczen-2023\/wyniki-doswiadczen-coboru-pdo-2023\/odmianowe-standardowe-pdo-2023\/","name":"Odmianowe standardowe PDO 2023 - S\u00fcdzucker Polska","isPartOf":{"@id":"https:\/\/www.suedzucker.pl\/en\/#website"},"primaryImageOfPage":{"@id":"https:\/\/www.suedzucker.pl\/serwis-plantatorski\/doswiadczenia\/wyniki-doswiadczen-2023\/wyniki-doswiadczen-coboru-pdo-2023\/odmianowe-standardowe-pdo-2023\/#primaryimage"},"image":{"@id":"https:\/\/www.suedzucker.pl\/serwis-plantatorski\/doswiadczenia\/wyniki-doswiadczen-2023\/wyniki-doswiadczen-coboru-pdo-2023\/odmianowe-standardowe-pdo-2023\/#primaryimage"},"thumbnailUrl":"https:\/\/www.suedzucker.pl\/wp-content\/uploads\/2023\/12\/PZW-1-1024x475.png","datePublished":"2023-12-12T13:49:40+00:00","dateModified":"2023-12-12T14:18:05+00:00","breadcrumb":{"@id":"https:\/\/www.suedzucker.pl\/serwis-plantatorski\/doswiadczenia\/wyniki-doswiadczen-2023\/wyniki-doswiadczen-coboru-pdo-2023\/odmianowe-standardowe-pdo-2023\/#breadcrumb"},"inLanguage":"en-US","potentialAction":[{"@type":"ReadAction","target":["https:\/\/www.suedzucker.pl\/serwis-plantatorski\/doswiadczenia\/wyniki-doswiadczen-2023\/wyniki-doswiadczen-coboru-pdo-2023\/odmianowe-standardowe-pdo-2023\/"]}]},{"@type":"ImageObject","inLanguage":"en-US","@id":"https:\/\/www.suedzucker.pl\/serwis-plantatorski\/doswiadczenia\/wyniki-doswiadczen-2023\/wyniki-doswiadczen-coboru-pdo-2023\/odmianowe-standardowe-pdo-2023\/#primaryimage","url":"https:\/\/www.suedzucker.pl\/wp-content\/uploads\/2023\/12\/PZW-1-1024x475.png","contentUrl":"https:\/\/www.suedzucker.pl\/wp-content\/uploads\/2023\/12\/PZW-1-1024x475.png"},{"@type":"BreadcrumbList","@id":"https:\/\/www.suedzucker.pl\/serwis-plantatorski\/doswiadczenia\/wyniki-doswiadczen-2023\/wyniki-doswiadczen-coboru-pdo-2023\/odmianowe-standardowe-pdo-2023\/#breadcrumb","itemListElement":[{"@type":"ListItem","position":1,"name":"Home page","item":"https:\/\/www.suedzucker.pl\/en\/serwis-plantatorski\/"},{"@type":"ListItem","position":2,"name":"Do\u015bwiadczenia","item":"https:\/\/www.suedzucker.pl\/serwis-plantatorski\/doswiadczenia\/"},{"@type":"ListItem","position":3,"name":"Wyniki do\u015bwiadcze\u0144 2023","item":"https:\/\/www.suedzucker.pl\/serwis-plantatorski\/doswiadczenia\/wyniki-doswiadczen-2023\/"},{"@type":"ListItem","position":4,"name":"Wyniki do\u015bwiadcze\u0144 COBORU PDO 2023","item":"https:\/\/www.suedzucker.pl\/serwis-plantatorski\/doswiadczenia\/wyniki-doswiadczen-2023\/wyniki-doswiadczen-coboru-pdo-2023\/"},{"@type":"ListItem","position":5,"name":"Odmianowe standardowe PDO 2023"}]},{"@type":"WebSite","@id":"https:\/\/www.suedzucker.pl\/en\/#website","url":"https:\/\/www.suedzucker.pl\/en\/","name":"S\u00fcdzucker Polska","description":"Jeste\u015bmy wiod\u0105cym producentem cukru w Polsce","potentialAction":[{"@type":"SearchAction","target":{"@type":"EntryPoint","urlTemplate":"https:\/\/www.suedzucker.pl\/en\/?s={search_term_string}"},"query-input":{"@type":"PropertyValueSpecification","valueRequired":true,"valueName":"search_term_string"}}],"inLanguage":"en-US"}]}},"_links":{"self":[{"href":"https:\/\/www.suedzucker.pl\/en\/wp-json\/wp\/v2\/pages\/21154","targetHints":{"allow":["GET"]}}],"collection":[{"href":"https:\/\/www.suedzucker.pl\/en\/wp-json\/wp\/v2\/pages"}],"about":[{"href":"https:\/\/www.suedzucker.pl\/en\/wp-json\/wp\/v2\/types\/page"}],"author":[{"embeddable":true,"href":"https:\/\/www.suedzucker.pl\/en\/wp-json\/wp\/v2\/users\/4"}],"replies":[{"embeddable":true,"href":"https:\/\/www.suedzucker.pl\/en\/wp-json\/wp\/v2\/comments?post=21154"}],"version-history":[{"count":3,"href":"https:\/\/www.suedzucker.pl\/en\/wp-json\/wp\/v2\/pages\/21154\/revisions"}],"predecessor-version":[{"id":21179,"href":"https:\/\/www.suedzucker.pl\/en\/wp-json\/wp\/v2\/pages\/21154\/revisions\/21179"}],"up":[{"embeddable":true,"href":"https:\/\/www.suedzucker.pl\/en\/wp-json\/wp\/v2\/pages\/21152"}],"wp:attachment":[{"href":"https:\/\/www.suedzucker.pl\/en\/wp-json\/wp\/v2\/media?parent=21154"}],"curies":[{"name":"wp","href":"https:\/\/api.w.org\/{rel}","templated":true}]}}