{"id":21196,"date":"2023-12-15T10:26:44","date_gmt":"2023-12-15T09:26:44","guid":{"rendered":"https:\/\/www.suedzucker.pl\/?page_id=21196"},"modified":"2024-05-06T14:20:39","modified_gmt":"2024-05-06T12:20:39","slug":"jak-interpretowac-wyniki-doswiadczen","status":"publish","type":"page","link":"https:\/\/www.suedzucker.pl\/en\/serwis-plantatorski\/doswiadczenia\/jak-interpretowac-wyniki-doswiadczen\/","title":{"rendered":"Jak interpretowa\u0107 wyniki do\u015bwiadcze\u0144?"},"content":{"rendered":"\n<p>Wykresy ilustruj\u0105ce wyniki prowadzonych w S\u00fcdzucker Polska do\u015bwiadcze\u0144 to co\u015b wi\u0119cej ni\u017c sekwencja kolumn, kt\u00f3rym odpowiada konkretna odmiana i osi\u0105gni\u0119ty przez ni\u0105 poziom analizowanego parametru jako\u015bciowego. Cz\u0119sto ignorowane opisy i dodatkowe informacje kt\u00f3re towarzysz\u0105 prezentowanym tu wykresom, mog\u0105 stanowi\u0107 podstaw\u0119 do dyskusji nad ka\u017cd\u0105 z odmian, jej miejscem w zestawieniu i jednocze\u015bnie prowokowa\u0107 do zadawania pyta\u0144 o jej wyb\u00f3r w warunkach danego pola.<\/p>\n\n\n\n<p>Poni\u017cej wskazujemy najwa\u017cniejsze elementy na jakie warto zwr\u00f3ci\u0107 uwag\u0119 podczas analizy dostarczonych przez nas wynik\u00f3w do\u015bwiadcze\u0144:<\/p>\n\n\n<div class=\"wp-block-image\">\n<figure class=\"aligncenter size-full\"><a href=\"https:\/\/www.suedzucker.pl\/wp-content\/uploads\/2023\/12\/Analiza.png\"><img loading=\"lazy\" decoding=\"async\" width=\"605\" height=\"329\" src=\"https:\/\/www.suedzucker.pl\/wp-content\/uploads\/2023\/12\/Analiza.png\" alt=\"\" class=\"wp-image-21199\" srcset=\"https:\/\/www.suedzucker.pl\/wp-content\/uploads\/2023\/12\/Analiza.png 605w, https:\/\/www.suedzucker.pl\/wp-content\/uploads\/2023\/12\/Analiza-300x163.png 300w, https:\/\/www.suedzucker.pl\/wp-content\/uploads\/2023\/12\/Analiza-500x272.png 500w\" sizes=\"auto, (max-width: 605px) 100vw, 605px\" \/><\/a><\/figure>\n<\/div>\n\n\n<h4 class=\"wp-block-heading\">% wzorca \u2013 czym jest?<\/h4>\n\n\n\n<p>Prezentowane przez nas wyniki do\u015bwiadcze\u0144 nie odnosz\u0105 si\u0119 do bezwzgl\u0119dnych warto\u015bci charakteryzuj\u0105cych analizowan\u0105 cech\u0119 testowanych odmian czy program\u00f3w ochronnych. Dlatego te\u017c na skali osi pionowej nie spotkamy przedzia\u0142u warto\u015bci typowych dla chocia\u017cby polaryzacji czy technologicznego plonu cukru.<\/p>\n\n\n\n<p>Testowane parametry poszczeg\u00f3lnych odmian czy wariant\u00f3w do\u015bwiadczenia, por\u00f3wnywane s\u0105 ze wzorcem, kt\u00f3ry w naszym przypadku jest warto\u015bci\u0105 \u015bredni\u0105, ze wszystkich wynik\u00f3w prezentowanego parametru otrzymanych w poszczeg\u00f3lnych wariantach czy odmianach zestawionych w danym do\u015bwiadczeniu.<\/p>\n\n\n\n<p>Przyk\u0142adowo:<\/p>\n\n\n\n<p>Gdy por\u00f3wnujemy ze sob\u0105 dwie odmiany kt\u00f3re osi\u0105gn\u0119\u0142y kolejno 60 i 80 t korzeni buraka z hektara, warto\u015bci\u0105 wzorcow\u0105, stanowi\u0105c\u0105 punkt odniesienia dla testowanych odmian jest 70t\/ha, a wi\u0119c \u015brednia z testowanych odmian. 70 t\/ha to nasze 100% wzorca. Korzystaj\u0105c z proporcji \u0142atwo mo\u017cemy wyliczy\u0107 jaki % wzorca stanowi\u0105 przytoczone wy\u017cej plony korzeni 60 i 80 t\/ha (b\u0119d\u0105 to kolejno 85,7% wzorca oraz 114,3% wzorca).<\/p>\n\n\n\n<p>Tym samym maj\u0105c podan\u0105 przy wykresie warto\u015b\u0107 bezwzgl\u0119dn\u0105 dla 100% wzorca, jak r\u00f3wnie\u017c % wzorca testowanych odmian czy wariant\u00f3w do\u015bwiadczenia mo\u017cemy \u0142atwo wyliczy\u0107 ich warto\u015bci bezwzgl\u0119dne.<\/p>\n\n\n\n<p>Definicja % wzorca jest umowna i mo\u017ce r\u00f3\u017cni\u0107 si\u0119 w zale\u017cno\u015bci od instytucji, kt\u00f3ra dostarcza wyniki bada\u0144. W Centralnym O\u015brodku Bada\u0144 Odmian Ro\u015blin Uprawnych (COBORU) wzorcem jest \u015brednia z czterech wybranych komisyjnie odmian, zwanych dalej wzorcowymi. Ju\u017c taki element jest w stanie rzutowa\u0107 na osi\u0105gane przez dan\u0105 odmian\u0119 wyniki i klasyfikowa\u0107 j\u0105 jako lepsz\u0105 lub gorsz\u0105 ni\u017c przyj\u0119ty wzorzec.<\/p>\n\n\n\n<h4 class=\"wp-block-heading\">Oznaczenie odmian dostarczonych przez hodowc\u0119 (H)<\/h4>\n\n\n\n<p>Kolejnym elementem zwracaj\u0105cym uwag\u0119 podczas analizy do\u015bwiadcze\u0144 odmianowych jest symbol H.<\/p>\n\n\n\n<p>Stoj\u0105 za nim nasiona odmian buraka cukrowego, kt\u00f3re nie zosta\u0142y pobrane z partii produkcyjnych nasion dostarczonych do magazyn\u00f3w S\u00fcdzucker Polska, a jedynie dostarczone w niewielkich ilo\u015bciach jako materia\u0142 do bada\u0144 przez danego hodowc\u0119. Sytuacja w kt\u00f3rej to hodowca sam dostarcza konkretne nasiona do bada\u0144 wynika z faktu, i\u017c cz\u0119\u015b\u0107 odmian w momencie zak\u0142adania do\u015bwiadcze\u0144, nie jest dost\u0119pna dla naszych plantator\u00f3w (tym samym nie mo\u017cemy ich pobra\u0107 z magazynu), a same do\u015bwiadczenia maj\u0105 na celu przeprowadzenie ich oceny przydatno\u015bci na tle konkurencji. Musimy mie\u0107 na wzgl\u0119dzie, \u017ce taka praktyka, mo\u017ce nie stwarza\u0107 w pe\u0142ni r\u00f3wnych szans dla wszystkich testowanych odmian. Odnotowujemy przypadki w kt\u00f3rych dana odmiana, osi\u0105ga\u0142a w pierwszym roku bada\u0144 lepsze wyniki b\u0119d\u0105c dostarczon\u0105 bezpo\u015brednio przez hodowc\u0119, ni\u017c w kolejnym roku kiedy nasiona do bada\u0144 pobrane zosta\u0142y z partii produkcyjnych. Jednocze\u015bnie nale\u017cy w tym miejscu podkre\u015bli\u0107, \u017ce takie rozbie\u017cno\u015bci nie s\u0105 regu\u0142\u0105, tym samym pozostaje jedynie spekulowa\u0107, czy nasiona danej odmiany dostarczone przez hodowc\u0119 celowo lub nie posiada\u0142y lepsze cechy jako\u015bciowe od swoich odpowiednik\u00f3w z partii produkcyjnej.<\/p>\n\n\n\n<h4 class=\"wp-block-heading\">Stabilno\u015b\u0107 odmian w badaniach wieloletnich<\/h4>\n\n\n\n<div class=\"wp-block-columns is-layout-flex wp-container-core-columns-is-layout-9d6595d7 wp-block-columns-is-layout-flex\">\n<div class=\"wp-block-column is-layout-flow wp-block-column-is-layout-flow\" style=\"flex-basis:66.66%\">\n<p>Praca w rolnictwie w swej naturze cechuje si\u0119 du\u017c\u0105 nieprzewidywalno\u015bci\u0105 i ka\u017cdy stabilny element zwi\u0105zany z planowaniem dzia\u0142a\u0144 w obszarze produkcji rolnej powinien by\u0107 odbierany pozytywnie przez plantator\u00f3w.&nbsp; Przyk\u0142adem mo\u017ce by\u0107 gwarancja zbytu czy chocia\u017cby znane ceny \u015brodk\u00f3w ochrony ro\u015blin na dany sezon. Nie inaczej powinno by\u0107 ze stabilno\u015bci\u0105 odmian buraka wysiewanych na polu. Analizuj\u0105c wieloletnie badania odmianowe, warto zwr\u00f3ci\u0107 uwag\u0119 na poziom rozbie\u017cno\u015bci jaki cechuje dan\u0105 odmian\u0119. Odleg\u0142o\u015bci pomi\u0119dzy dwoma lub trzema punktami na wykresie, stanowi\u0105cymi wyniki danej odmiany w poszczeg\u00f3lnych latach s\u0105 miar\u0105 stabilno\u015bci danej odmiany \u2013 im bardziej punkty po\u0142o\u017cone s\u0105 blisko siebie, tym bardziej odmiana jest stabilna.<\/p>\n\n\n\n<p>W\u0142a\u015bnie dlatego pos\u0142ugiwanie si\u0119 wspomnianym wcze\u015bniej % wzorca, pomaga nam w \u0142atwym por\u00f3wnywaniu odmian w uk\u0142adzie bada\u0144 wieloletnich. % wzorca stanowi tu punkt odniesienia dla testowanej odmiany, pozwalaj\u0105cy zdefiniowa\u0107 jest stabilno\u015b\u0107 parametr\u00f3w bez wzgl\u0119du na przebieg pogody w danym roku, a tym samym daje plantatorowi informacje o poziomie przewidywalno\u015bci i powtarzalno\u015bci jej cech poddanych analizie.<\/p>\n<\/div>\n\n\n\n<div class=\"wp-block-column is-layout-flow wp-block-column-is-layout-flow\" style=\"flex-basis:33.33%\"><div class=\"wp-block-image\">\n<figure class=\"alignleft size-full\"><a href=\"https:\/\/www.suedzucker.pl\/wp-content\/uploads\/2023\/12\/Stabilnosc.png\"><img loading=\"lazy\" decoding=\"async\" width=\"313\" height=\"369\" src=\"https:\/\/www.suedzucker.pl\/wp-content\/uploads\/2023\/12\/Stabilnosc.png\" alt=\"\" class=\"wp-image-21202\" srcset=\"https:\/\/www.suedzucker.pl\/wp-content\/uploads\/2023\/12\/Stabilnosc.png 313w, https:\/\/www.suedzucker.pl\/wp-content\/uploads\/2023\/12\/Stabilnosc-254x300.png 254w\" sizes=\"auto, (max-width: 313px) 100vw, 313px\" \/><\/a><\/figure>\n<\/div><\/div>\n<\/div>\n\n\n\n<h4 class=\"wp-block-heading\">Poziom b\u0142\u0119du statystycznego (NRI%)<\/h4>\n\n\n\n<p>Wykresy z wynikami do\u015bwiadcze\u0144, kt\u00f3re oddajemy w Pa\u0144stwa r\u0119ce du\u017co m\u00f3wi\u0105 o jako\u015bci testowanych odmian czy program\u00f3w ochronnych. Natomiast parametrem kt\u00f3ry definiuje jako\u015b\u0107 przeprowadzonych bada\u0144 jest poziom b\u0142\u0119du statystycznego. Jego warto\u015b\u0107 wskazuje na to, jak bardzo w \u015bwietle naszych statystyk mog\u0105 r\u00f3\u017cni\u0107 si\u0119 otrzymane wyniki.\u00a0 By lepiej zrozumie\u0107 to czym jest poziom b\u0142\u0119du statystycznego, pos\u0142u\u017cmy si\u0119 przyk\u0142adem:<\/p>\n\n\n\n<p>Je\u017celi wyniki danego do\u015bwiadczenia obarczone s\u0105 5% poziomem b\u0142\u0119du statystycznego a poziom % wzorca dla dw\u00f3ch por\u00f3wnywanych odmian\/wariant\u00f3w do\u015bwiadczenia wynosi kolejno 90 i 100 to r\u00f3\u017cnice badanej w do\u015bwiadczeniu cechy s\u0105 w tym przypadku statystycznie istotne. Innymi s\u0142owy w \u015bwietle prowadzonych przez nas do\u015bwiadcze\u0144, nie zachodzi mo\u017cliwo\u015b\u0107, by kolejno\u015b\u0107 testowanych wariant\u00f3w w zestawionych wynikach uleg\u0142a zmianie. Przeciwnie rzecz ma si\u0119, gdy testowane warianty &nbsp;do\u015bwiadczenia r\u00f3\u017cni\u0105 si\u0119 od siebie mniej, ni\u017c &nbsp;o warto\u015b\u0107 poziomu b\u0142\u0119du statystycznego. W\u00f3wczas mo\u017cliwe jest, \u017ce w praktyce przyk\u0142adowe odmiany zamieni\u0105 si\u0119 miejscami w zestawieniu.<\/p>\n\n\n<div class=\"wp-block-image\">\n<figure class=\"aligncenter size-full\"><a href=\"https:\/\/www.suedzucker.pl\/wp-content\/uploads\/2023\/12\/NRI.png\"><img loading=\"lazy\" decoding=\"async\" width=\"605\" height=\"185\" src=\"https:\/\/www.suedzucker.pl\/wp-content\/uploads\/2023\/12\/NRI.png\" alt=\"\" class=\"wp-image-21206\" srcset=\"https:\/\/www.suedzucker.pl\/wp-content\/uploads\/2023\/12\/NRI.png 605w, https:\/\/www.suedzucker.pl\/wp-content\/uploads\/2023\/12\/NRI-300x92.png 300w, https:\/\/www.suedzucker.pl\/wp-content\/uploads\/2023\/12\/NRI-500x153.png 500w\" sizes=\"auto, (max-width: 605px) 100vw, 605px\" \/><\/a><\/figure>\n<\/div>\n\n\n<p>Dlatego te\u017c dzia\u0142 do\u015bwiadcze\u0144 S\u00fcdzucker Polska, dok\u0142ada wszelkich stara\u0144 by zminimalizowa\u0107 poziom b\u0142\u0119du statystycznego, kt\u00f3ry kszta\u0142towany jest przez poziom precyzji w zak\u0142adaniu poletek do\u015bwiadczalnych, dba\u0142o\u015b\u0107 o ich w\u0142a\u015bciwy wymiar i obsad\u0119, zachowywanie jednolitych warunk\u00f3w do wzrostu burak\u00f3w poprzez usuwanie chwast\u00f3w i poprawne wykonywanie zabieg\u00f3w ochronnych, a tak\u017ce dok\u0142adny zbi\u00f3r.<\/p>\n\n\n\n<p>Tak\u017ce ilo\u015b\u0107 lokalizacji, gdzie prowadzone s\u0105 do\u015bwiadczenia przek\u0142ada si\u0119 na poziom b\u0142\u0119du statystycznego. Im wi\u0119ksza liczba pr\u00f3b, tym mniejszy poziom b\u0142\u0119du statystycznego. Dlatego te\u017c dla kluczowych do\u015bwiadcze\u0144 odmianowych, poletka zak\u0142adane s\u0105 a\u017c w o\u015bmiu lokalizacjach w ca\u0142ej rozci\u0105g\u0142o\u015bci rejonu dzia\u0142ania S\u00fcdzucker Polska. &nbsp;<\/p>\n\n\n\n<p>W ka\u017cdej lokalizacji dana odmiana czy testowany wariant ochrony wysiewany jest w czterech powt\u00f3rzeniach.<\/p>\n","protected":false},"excerpt":{"rendered":"<p>Wykresy ilustruj\u0105ce wyniki prowadzonych w S\u00fcdzucker Polska do\u015bwiadcze\u0144 to co\u015b wi\u0119cej ni\u017c sekwencja kolumn, kt\u00f3rym odpowiada konkretna odmiana i osi\u0105gni\u0119ty przez ni\u0105 poziom analizowanego parametru jako\u015bciowego. Cz\u0119sto ignorowane opisy i&#8230;<\/p>\n","protected":false},"author":4,"featured_media":0,"parent":695,"menu_order":1,"comment_status":"closed","ping_status":"closed","template":"","meta":{"_acf_changed":false,"inline_featured_image":false,"footnotes":"","_wp_rev_ctl_limit":""},"class_list":["post-21196","page","type-page","status-publish","hentry"],"acf":[],"yoast_head":"<!-- This site is optimized with the Yoast SEO plugin v27.3 - https:\/\/yoast.com\/product\/yoast-seo-wordpress\/ -->\n<title>Jak interpretowa\u0107 wyniki do\u015bwiadcze\u0144? - S\u00fcdzucker Polska<\/title>\n<meta name=\"robots\" content=\"index, follow, max-snippet:-1, max-image-preview:large, max-video-preview:-1\" \/>\n<link rel=\"canonical\" href=\"https:\/\/www.suedzucker.pl\/serwis-plantatorski\/doswiadczenia\/jak-interpretowac-wyniki-doswiadczen\/\" \/>\n<meta property=\"og:locale\" content=\"en_US\" \/>\n<meta property=\"og:type\" content=\"article\" \/>\n<meta property=\"og:title\" content=\"Jak interpretowa\u0107 wyniki do\u015bwiadcze\u0144? - S\u00fcdzucker Polska\" \/>\n<meta property=\"og:description\" content=\"Wykresy ilustruj\u0105ce wyniki prowadzonych w S\u00fcdzucker Polska do\u015bwiadcze\u0144 to co\u015b wi\u0119cej ni\u017c sekwencja kolumn, kt\u00f3rym odpowiada konkretna odmiana i osi\u0105gni\u0119ty przez ni\u0105 poziom analizowanego parametru jako\u015bciowego. Cz\u0119sto ignorowane opisy i...\" \/>\n<meta property=\"og:url\" content=\"https:\/\/www.suedzucker.pl\/serwis-plantatorski\/doswiadczenia\/jak-interpretowac-wyniki-doswiadczen\/\" \/>\n<meta property=\"og:site_name\" content=\"S\u00fcdzucker Polska\" \/>\n<meta property=\"article:modified_time\" content=\"2024-05-06T12:20:39+00:00\" \/>\n<meta property=\"og:image\" content=\"https:\/\/www.suedzucker.pl\/wp-content\/uploads\/2023\/12\/Analiza.png\" \/>\n<meta name=\"twitter:card\" content=\"summary_large_image\" \/>\n<meta name=\"twitter:label1\" content=\"Est. reading time\" \/>\n\t<meta name=\"twitter:data1\" content=\"7 minutes\" \/>\n<script type=\"application\/ld+json\" class=\"yoast-schema-graph\">{\"@context\":\"https:\\\/\\\/schema.org\",\"@graph\":[{\"@type\":\"WebPage\",\"@id\":\"https:\\\/\\\/www.suedzucker.pl\\\/serwis-plantatorski\\\/doswiadczenia\\\/jak-interpretowac-wyniki-doswiadczen\\\/\",\"url\":\"https:\\\/\\\/www.suedzucker.pl\\\/serwis-plantatorski\\\/doswiadczenia\\\/jak-interpretowac-wyniki-doswiadczen\\\/\",\"name\":\"Jak interpretowa\u0107 wyniki do\u015bwiadcze\u0144? - S\u00fcdzucker Polska\",\"isPartOf\":{\"@id\":\"https:\\\/\\\/www.suedzucker.pl\\\/en\\\/#website\"},\"primaryImageOfPage\":{\"@id\":\"https:\\\/\\\/www.suedzucker.pl\\\/serwis-plantatorski\\\/doswiadczenia\\\/jak-interpretowac-wyniki-doswiadczen\\\/#primaryimage\"},\"image\":{\"@id\":\"https:\\\/\\\/www.suedzucker.pl\\\/serwis-plantatorski\\\/doswiadczenia\\\/jak-interpretowac-wyniki-doswiadczen\\\/#primaryimage\"},\"thumbnailUrl\":\"https:\\\/\\\/www.suedzucker.pl\\\/wp-content\\\/uploads\\\/2023\\\/12\\\/Analiza.png\",\"datePublished\":\"2023-12-15T09:26:44+00:00\",\"dateModified\":\"2024-05-06T12:20:39+00:00\",\"breadcrumb\":{\"@id\":\"https:\\\/\\\/www.suedzucker.pl\\\/serwis-plantatorski\\\/doswiadczenia\\\/jak-interpretowac-wyniki-doswiadczen\\\/#breadcrumb\"},\"inLanguage\":\"en-US\",\"potentialAction\":[{\"@type\":\"ReadAction\",\"target\":[\"https:\\\/\\\/www.suedzucker.pl\\\/serwis-plantatorski\\\/doswiadczenia\\\/jak-interpretowac-wyniki-doswiadczen\\\/\"]}]},{\"@type\":\"ImageObject\",\"inLanguage\":\"en-US\",\"@id\":\"https:\\\/\\\/www.suedzucker.pl\\\/serwis-plantatorski\\\/doswiadczenia\\\/jak-interpretowac-wyniki-doswiadczen\\\/#primaryimage\",\"url\":\"https:\\\/\\\/www.suedzucker.pl\\\/wp-content\\\/uploads\\\/2023\\\/12\\\/Analiza.png\",\"contentUrl\":\"https:\\\/\\\/www.suedzucker.pl\\\/wp-content\\\/uploads\\\/2023\\\/12\\\/Analiza.png\"},{\"@type\":\"BreadcrumbList\",\"@id\":\"https:\\\/\\\/www.suedzucker.pl\\\/serwis-plantatorski\\\/doswiadczenia\\\/jak-interpretowac-wyniki-doswiadczen\\\/#breadcrumb\",\"itemListElement\":[{\"@type\":\"ListItem\",\"position\":1,\"name\":\"Home page\",\"item\":\"https:\\\/\\\/www.suedzucker.pl\\\/en\\\/serwis-plantatorski\\\/\"},{\"@type\":\"ListItem\",\"position\":2,\"name\":\"Do\u015bwiadczenia\",\"item\":\"https:\\\/\\\/www.suedzucker.pl\\\/serwis-plantatorski\\\/doswiadczenia\\\/\"},{\"@type\":\"ListItem\",\"position\":3,\"name\":\"Jak interpretowa\u0107 wyniki do\u015bwiadcze\u0144?\"}]},{\"@type\":\"WebSite\",\"@id\":\"https:\\\/\\\/www.suedzucker.pl\\\/en\\\/#website\",\"url\":\"https:\\\/\\\/www.suedzucker.pl\\\/en\\\/\",\"name\":\"S\u00fcdzucker Polska\",\"description\":\"Jeste\u015bmy wiod\u0105cym producentem cukru w Polsce\",\"potentialAction\":[{\"@type\":\"SearchAction\",\"target\":{\"@type\":\"EntryPoint\",\"urlTemplate\":\"https:\\\/\\\/www.suedzucker.pl\\\/en\\\/?s={search_term_string}\"},\"query-input\":{\"@type\":\"PropertyValueSpecification\",\"valueRequired\":true,\"valueName\":\"search_term_string\"}}],\"inLanguage\":\"en-US\"}]}<\/script>\n<!-- \/ Yoast SEO plugin. -->","yoast_head_json":{"title":"Jak interpretowa\u0107 wyniki do\u015bwiadcze\u0144? - S\u00fcdzucker Polska","robots":{"index":"index","follow":"follow","max-snippet":"max-snippet:-1","max-image-preview":"max-image-preview:large","max-video-preview":"max-video-preview:-1"},"canonical":"https:\/\/www.suedzucker.pl\/serwis-plantatorski\/doswiadczenia\/jak-interpretowac-wyniki-doswiadczen\/","og_locale":"en_US","og_type":"article","og_title":"Jak interpretowa\u0107 wyniki do\u015bwiadcze\u0144? - S\u00fcdzucker Polska","og_description":"Wykresy ilustruj\u0105ce wyniki prowadzonych w S\u00fcdzucker Polska do\u015bwiadcze\u0144 to co\u015b wi\u0119cej ni\u017c sekwencja kolumn, kt\u00f3rym odpowiada konkretna odmiana i osi\u0105gni\u0119ty przez ni\u0105 poziom analizowanego parametru jako\u015bciowego. Cz\u0119sto ignorowane opisy i...","og_url":"https:\/\/www.suedzucker.pl\/serwis-plantatorski\/doswiadczenia\/jak-interpretowac-wyniki-doswiadczen\/","og_site_name":"S\u00fcdzucker Polska","article_modified_time":"2024-05-06T12:20:39+00:00","og_image":[{"url":"https:\/\/www.suedzucker.pl\/wp-content\/uploads\/2023\/12\/Analiza.png","type":"","width":"","height":""}],"twitter_card":"summary_large_image","twitter_misc":{"Est. reading time":"7 minutes"},"schema":{"@context":"https:\/\/schema.org","@graph":[{"@type":"WebPage","@id":"https:\/\/www.suedzucker.pl\/serwis-plantatorski\/doswiadczenia\/jak-interpretowac-wyniki-doswiadczen\/","url":"https:\/\/www.suedzucker.pl\/serwis-plantatorski\/doswiadczenia\/jak-interpretowac-wyniki-doswiadczen\/","name":"Jak interpretowa\u0107 wyniki do\u015bwiadcze\u0144? - S\u00fcdzucker Polska","isPartOf":{"@id":"https:\/\/www.suedzucker.pl\/en\/#website"},"primaryImageOfPage":{"@id":"https:\/\/www.suedzucker.pl\/serwis-plantatorski\/doswiadczenia\/jak-interpretowac-wyniki-doswiadczen\/#primaryimage"},"image":{"@id":"https:\/\/www.suedzucker.pl\/serwis-plantatorski\/doswiadczenia\/jak-interpretowac-wyniki-doswiadczen\/#primaryimage"},"thumbnailUrl":"https:\/\/www.suedzucker.pl\/wp-content\/uploads\/2023\/12\/Analiza.png","datePublished":"2023-12-15T09:26:44+00:00","dateModified":"2024-05-06T12:20:39+00:00","breadcrumb":{"@id":"https:\/\/www.suedzucker.pl\/serwis-plantatorski\/doswiadczenia\/jak-interpretowac-wyniki-doswiadczen\/#breadcrumb"},"inLanguage":"en-US","potentialAction":[{"@type":"ReadAction","target":["https:\/\/www.suedzucker.pl\/serwis-plantatorski\/doswiadczenia\/jak-interpretowac-wyniki-doswiadczen\/"]}]},{"@type":"ImageObject","inLanguage":"en-US","@id":"https:\/\/www.suedzucker.pl\/serwis-plantatorski\/doswiadczenia\/jak-interpretowac-wyniki-doswiadczen\/#primaryimage","url":"https:\/\/www.suedzucker.pl\/wp-content\/uploads\/2023\/12\/Analiza.png","contentUrl":"https:\/\/www.suedzucker.pl\/wp-content\/uploads\/2023\/12\/Analiza.png"},{"@type":"BreadcrumbList","@id":"https:\/\/www.suedzucker.pl\/serwis-plantatorski\/doswiadczenia\/jak-interpretowac-wyniki-doswiadczen\/#breadcrumb","itemListElement":[{"@type":"ListItem","position":1,"name":"Home page","item":"https:\/\/www.suedzucker.pl\/en\/serwis-plantatorski\/"},{"@type":"ListItem","position":2,"name":"Do\u015bwiadczenia","item":"https:\/\/www.suedzucker.pl\/serwis-plantatorski\/doswiadczenia\/"},{"@type":"ListItem","position":3,"name":"Jak interpretowa\u0107 wyniki do\u015bwiadcze\u0144?"}]},{"@type":"WebSite","@id":"https:\/\/www.suedzucker.pl\/en\/#website","url":"https:\/\/www.suedzucker.pl\/en\/","name":"S\u00fcdzucker Polska","description":"Jeste\u015bmy wiod\u0105cym producentem cukru w Polsce","potentialAction":[{"@type":"SearchAction","target":{"@type":"EntryPoint","urlTemplate":"https:\/\/www.suedzucker.pl\/en\/?s={search_term_string}"},"query-input":{"@type":"PropertyValueSpecification","valueRequired":true,"valueName":"search_term_string"}}],"inLanguage":"en-US"}]}},"_links":{"self":[{"href":"https:\/\/www.suedzucker.pl\/en\/wp-json\/wp\/v2\/pages\/21196","targetHints":{"allow":["GET"]}}],"collection":[{"href":"https:\/\/www.suedzucker.pl\/en\/wp-json\/wp\/v2\/pages"}],"about":[{"href":"https:\/\/www.suedzucker.pl\/en\/wp-json\/wp\/v2\/types\/page"}],"author":[{"embeddable":true,"href":"https:\/\/www.suedzucker.pl\/en\/wp-json\/wp\/v2\/users\/4"}],"replies":[{"embeddable":true,"href":"https:\/\/www.suedzucker.pl\/en\/wp-json\/wp\/v2\/comments?post=21196"}],"version-history":[{"count":5,"href":"https:\/\/www.suedzucker.pl\/en\/wp-json\/wp\/v2\/pages\/21196\/revisions"}],"predecessor-version":[{"id":21209,"href":"https:\/\/www.suedzucker.pl\/en\/wp-json\/wp\/v2\/pages\/21196\/revisions\/21209"}],"up":[{"embeddable":true,"href":"https:\/\/www.suedzucker.pl\/en\/wp-json\/wp\/v2\/pages\/695"}],"wp:attachment":[{"href":"https:\/\/www.suedzucker.pl\/en\/wp-json\/wp\/v2\/media?parent=21196"}],"curies":[{"name":"wp","href":"https:\/\/api.w.org\/{rel}","templated":true}]}}