{"id":21325,"date":"2024-01-29T10:58:00","date_gmt":"2024-01-29T09:58:00","guid":{"rendered":"https:\/\/www.suedzucker.pl\/?page_id=21325"},"modified":"2024-01-29T11:05:33","modified_gmt":"2024-01-29T10:05:33","slug":"odmian-nowozarejestrowanych","status":"publish","type":"page","link":"https:\/\/www.suedzucker.pl\/en\/serwis-plantatorski\/doswiadczenia\/wyniki-doswiadczen-2023\/odmian-nowozarejestrowanych\/","title":{"rendered":"Odmian nowozarejestrowanych"},"content":{"rendered":"\n<h4 class=\"wp-block-heading\">Technologiczny plon cukru<\/h4>\n\n\n<div class=\"wp-block-image\">\n<figure class=\"aligncenter size-large\"><a href=\"https:\/\/www.suedzucker.pl\/wp-content\/uploads\/2024\/01\/1.-plon-cukru.png\"><img loading=\"lazy\" decoding=\"async\" width=\"1024\" height=\"485\" src=\"https:\/\/www.suedzucker.pl\/wp-content\/uploads\/2024\/01\/1.-plon-cukru-1024x485.png\" alt=\"\" class=\"wp-image-21327\" srcset=\"https:\/\/www.suedzucker.pl\/wp-content\/uploads\/2024\/01\/1.-plon-cukru-1024x485.png 1024w, https:\/\/www.suedzucker.pl\/wp-content\/uploads\/2024\/01\/1.-plon-cukru-300x142.png 300w, https:\/\/www.suedzucker.pl\/wp-content\/uploads\/2024\/01\/1.-plon-cukru-768x364.png 768w, https:\/\/www.suedzucker.pl\/wp-content\/uploads\/2024\/01\/1.-plon-cukru-1536x728.png 1536w, https:\/\/www.suedzucker.pl\/wp-content\/uploads\/2024\/01\/1.-plon-cukru-500x237.png 500w, https:\/\/www.suedzucker.pl\/wp-content\/uploads\/2024\/01\/1.-plon-cukru.png 1831w\" sizes=\"auto, (max-width: 1024px) 100vw, 1024px\" \/><\/a><\/figure>\n<\/div>\n\n\n<h4 class=\"wp-block-heading\">Plon korzeni<\/h4>\n\n\n<div class=\"wp-block-image\">\n<figure class=\"aligncenter size-large\"><a href=\"https:\/\/www.suedzucker.pl\/wp-content\/uploads\/2024\/01\/2.-plon-korzeni.png\"><img loading=\"lazy\" decoding=\"async\" width=\"1024\" height=\"487\" src=\"https:\/\/www.suedzucker.pl\/wp-content\/uploads\/2024\/01\/2.-plon-korzeni-1024x487.png\" alt=\"\" class=\"wp-image-21329\" srcset=\"https:\/\/www.suedzucker.pl\/wp-content\/uploads\/2024\/01\/2.-plon-korzeni-1024x487.png 1024w, https:\/\/www.suedzucker.pl\/wp-content\/uploads\/2024\/01\/2.-plon-korzeni-300x143.png 300w, https:\/\/www.suedzucker.pl\/wp-content\/uploads\/2024\/01\/2.-plon-korzeni-768x366.png 768w, https:\/\/www.suedzucker.pl\/wp-content\/uploads\/2024\/01\/2.-plon-korzeni-1536x731.png 1536w, https:\/\/www.suedzucker.pl\/wp-content\/uploads\/2024\/01\/2.-plon-korzeni-500x238.png 500w, https:\/\/www.suedzucker.pl\/wp-content\/uploads\/2024\/01\/2.-plon-korzeni.png 1790w\" sizes=\"auto, (max-width: 1024px) 100vw, 1024px\" \/><\/a><\/figure>\n<\/div>\n\n\n<h4 class=\"wp-block-heading\">Polaryzacja<\/h4>\n\n\n<div class=\"wp-block-image\">\n<figure class=\"aligncenter size-large\"><a href=\"https:\/\/www.suedzucker.pl\/wp-content\/uploads\/2024\/01\/3.-polaryzacja.png\"><img loading=\"lazy\" decoding=\"async\" width=\"1024\" height=\"484\" src=\"https:\/\/www.suedzucker.pl\/wp-content\/uploads\/2024\/01\/3.-polaryzacja-1024x484.png\" alt=\"\" class=\"wp-image-21330\" srcset=\"https:\/\/www.suedzucker.pl\/wp-content\/uploads\/2024\/01\/3.-polaryzacja-1024x484.png 1024w, https:\/\/www.suedzucker.pl\/wp-content\/uploads\/2024\/01\/3.-polaryzacja-300x142.png 300w, https:\/\/www.suedzucker.pl\/wp-content\/uploads\/2024\/01\/3.-polaryzacja-768x363.png 768w, https:\/\/www.suedzucker.pl\/wp-content\/uploads\/2024\/01\/3.-polaryzacja-1536x727.png 1536w, https:\/\/www.suedzucker.pl\/wp-content\/uploads\/2024\/01\/3.-polaryzacja-500x237.png 500w, https:\/\/www.suedzucker.pl\/wp-content\/uploads\/2024\/01\/3.-polaryzacja.png 1803w\" sizes=\"auto, (max-width: 1024px) 100vw, 1024px\" \/><\/a><\/figure>\n<\/div>\n\n\n<h4 class=\"wp-block-heading\">Zawarto\u015b\u0107 potasu<\/h4>\n\n\n<div class=\"wp-block-image\">\n<figure class=\"aligncenter size-large\"><a href=\"https:\/\/www.suedzucker.pl\/wp-content\/uploads\/2024\/01\/4.-zaw-K.png\"><img loading=\"lazy\" decoding=\"async\" width=\"1024\" height=\"482\" src=\"https:\/\/www.suedzucker.pl\/wp-content\/uploads\/2024\/01\/4.-zaw-K-1024x482.png\" alt=\"\" class=\"wp-image-21331\" srcset=\"https:\/\/www.suedzucker.pl\/wp-content\/uploads\/2024\/01\/4.-zaw-K-1024x482.png 1024w, https:\/\/www.suedzucker.pl\/wp-content\/uploads\/2024\/01\/4.-zaw-K-300x141.png 300w, https:\/\/www.suedzucker.pl\/wp-content\/uploads\/2024\/01\/4.-zaw-K-768x361.png 768w, https:\/\/www.suedzucker.pl\/wp-content\/uploads\/2024\/01\/4.-zaw-K-1536x722.png 1536w, https:\/\/www.suedzucker.pl\/wp-content\/uploads\/2024\/01\/4.-zaw-K-500x235.png 500w, https:\/\/www.suedzucker.pl\/wp-content\/uploads\/2024\/01\/4.-zaw-K.png 1801w\" sizes=\"auto, (max-width: 1024px) 100vw, 1024px\" \/><\/a><\/figure>\n<\/div>\n\n\n<h4 class=\"wp-block-heading\">Zawarto\u015b\u0107 sodu<\/h4>\n\n\n<div class=\"wp-block-image\">\n<figure class=\"aligncenter size-large\"><a href=\"https:\/\/www.suedzucker.pl\/wp-content\/uploads\/2024\/01\/5.-zaw-Na.png\"><img loading=\"lazy\" decoding=\"async\" width=\"1024\" height=\"497\" src=\"https:\/\/www.suedzucker.pl\/wp-content\/uploads\/2024\/01\/5.-zaw-Na-1024x497.png\" alt=\"\" class=\"wp-image-21332\" srcset=\"https:\/\/www.suedzucker.pl\/wp-content\/uploads\/2024\/01\/5.-zaw-Na-1024x497.png 1024w, https:\/\/www.suedzucker.pl\/wp-content\/uploads\/2024\/01\/5.-zaw-Na-300x146.png 300w, https:\/\/www.suedzucker.pl\/wp-content\/uploads\/2024\/01\/5.-zaw-Na-768x373.png 768w, https:\/\/www.suedzucker.pl\/wp-content\/uploads\/2024\/01\/5.-zaw-Na-1536x746.png 1536w, https:\/\/www.suedzucker.pl\/wp-content\/uploads\/2024\/01\/5.-zaw-Na-500x243.png 500w, https:\/\/www.suedzucker.pl\/wp-content\/uploads\/2024\/01\/5.-zaw-Na.png 1751w\" sizes=\"auto, (max-width: 1024px) 100vw, 1024px\" \/><\/a><\/figure>\n<\/div>\n\n\n<h4 class=\"wp-block-heading\">Zawarto\u015b\u0107 azotu \u03b1-aminowego<\/h4>\n\n\n<div class=\"wp-block-image\">\n<figure class=\"aligncenter size-large\"><a href=\"https:\/\/www.suedzucker.pl\/wp-content\/uploads\/2024\/01\/6.-zaw-azot-alfa.png\"><img loading=\"lazy\" decoding=\"async\" width=\"1024\" height=\"488\" src=\"https:\/\/www.suedzucker.pl\/wp-content\/uploads\/2024\/01\/6.-zaw-azot-alfa-1024x488.png\" alt=\"\" class=\"wp-image-21333\" srcset=\"https:\/\/www.suedzucker.pl\/wp-content\/uploads\/2024\/01\/6.-zaw-azot-alfa-1024x488.png 1024w, https:\/\/www.suedzucker.pl\/wp-content\/uploads\/2024\/01\/6.-zaw-azot-alfa-300x143.png 300w, https:\/\/www.suedzucker.pl\/wp-content\/uploads\/2024\/01\/6.-zaw-azot-alfa-768x366.png 768w, https:\/\/www.suedzucker.pl\/wp-content\/uploads\/2024\/01\/6.-zaw-azot-alfa-1536x731.png 1536w, https:\/\/www.suedzucker.pl\/wp-content\/uploads\/2024\/01\/6.-zaw-azot-alfa-500x238.png 500w, https:\/\/www.suedzucker.pl\/wp-content\/uploads\/2024\/01\/6.-zaw-azot-alfa.png 1764w\" sizes=\"auto, (max-width: 1024px) 100vw, 1024px\" \/><\/a><\/figure>\n<\/div>\n\n\n<h4 class=\"wp-block-heading\">Zdrowotno\u015b\u0107 li\u015bci &#8211; wariant z ochron\u0105 fungicydow\u0105<\/h4>\n\n\n<div class=\"wp-block-image\">\n<figure class=\"aligncenter size-large\"><a href=\"https:\/\/www.suedzucker.pl\/wp-content\/uploads\/2024\/01\/7.-chwoscik-z-fungi.png\"><img loading=\"lazy\" decoding=\"async\" width=\"1024\" height=\"477\" src=\"https:\/\/www.suedzucker.pl\/wp-content\/uploads\/2024\/01\/7.-chwoscik-z-fungi-1024x477.png\" alt=\"\" class=\"wp-image-21334\" srcset=\"https:\/\/www.suedzucker.pl\/wp-content\/uploads\/2024\/01\/7.-chwoscik-z-fungi-1024x477.png 1024w, https:\/\/www.suedzucker.pl\/wp-content\/uploads\/2024\/01\/7.-chwoscik-z-fungi-300x140.png 300w, https:\/\/www.suedzucker.pl\/wp-content\/uploads\/2024\/01\/7.-chwoscik-z-fungi-768x358.png 768w, https:\/\/www.suedzucker.pl\/wp-content\/uploads\/2024\/01\/7.-chwoscik-z-fungi-1536x715.png 1536w, https:\/\/www.suedzucker.pl\/wp-content\/uploads\/2024\/01\/7.-chwoscik-z-fungi-500x233.png 500w, https:\/\/www.suedzucker.pl\/wp-content\/uploads\/2024\/01\/7.-chwoscik-z-fungi.png 1813w\" sizes=\"auto, (max-width: 1024px) 100vw, 1024px\" \/><\/a><\/figure>\n<\/div>\n\n\n<h4 class=\"wp-block-heading\">Zdrowotno\u015b\u0107 li\u015bci &#8211; wariant bez ochrony fungicydowej<\/h4>\n\n\n<div class=\"wp-block-image\">\n<figure class=\"aligncenter size-large\"><a href=\"https:\/\/www.suedzucker.pl\/wp-content\/uploads\/2024\/01\/8.-chwoscik-bez-fungi.png\"><img loading=\"lazy\" decoding=\"async\" width=\"1024\" height=\"466\" src=\"https:\/\/www.suedzucker.pl\/wp-content\/uploads\/2024\/01\/8.-chwoscik-bez-fungi-1024x466.png\" alt=\"\" class=\"wp-image-21335\" srcset=\"https:\/\/www.suedzucker.pl\/wp-content\/uploads\/2024\/01\/8.-chwoscik-bez-fungi-1024x466.png 1024w, https:\/\/www.suedzucker.pl\/wp-content\/uploads\/2024\/01\/8.-chwoscik-bez-fungi-300x136.png 300w, https:\/\/www.suedzucker.pl\/wp-content\/uploads\/2024\/01\/8.-chwoscik-bez-fungi-768x349.png 768w, https:\/\/www.suedzucker.pl\/wp-content\/uploads\/2024\/01\/8.-chwoscik-bez-fungi-1536x699.png 1536w, https:\/\/www.suedzucker.pl\/wp-content\/uploads\/2024\/01\/8.-chwoscik-bez-fungi-500x227.png 500w, https:\/\/www.suedzucker.pl\/wp-content\/uploads\/2024\/01\/8.-chwoscik-bez-fungi.png 1807w\" sizes=\"auto, (max-width: 1024px) 100vw, 1024px\" \/><\/a><\/figure>\n<\/div>","protected":false},"excerpt":{"rendered":"<p>Technologiczny plon cukru Plon korzeni Polaryzacja Zawarto\u015b\u0107 potasu Zawarto\u015b\u0107 sodu Zawarto\u015b\u0107 azotu \u03b1-aminowego Zdrowotno\u015b\u0107 li\u015bci &#8211; wariant z ochron\u0105 fungicydow\u0105 Zdrowotno\u015b\u0107 li\u015bci &#8211; wariant bez ochrony fungicydowej<\/p>\n","protected":false},"author":4,"featured_media":0,"parent":19827,"menu_order":10,"comment_status":"closed","ping_status":"closed","template":"","meta":{"_acf_changed":false,"inline_featured_image":false,"footnotes":"","_wp_rev_ctl_limit":""},"class_list":["post-21325","page","type-page","status-publish","hentry"],"acf":[],"yoast_head":"<!-- This site is optimized with the Yoast SEO plugin v27.3 - https:\/\/yoast.com\/product\/yoast-seo-wordpress\/ -->\n<title>Odmian nowozarejestrowanych - S\u00fcdzucker Polska<\/title>\n<meta name=\"robots\" content=\"index, follow, max-snippet:-1, max-image-preview:large, max-video-preview:-1\" \/>\n<link rel=\"canonical\" href=\"https:\/\/www.suedzucker.pl\/serwis-plantatorski\/doswiadczenia\/wyniki-doswiadczen-2023\/odmian-nowozarejestrowanych\/\" \/>\n<meta property=\"og:locale\" content=\"en_US\" \/>\n<meta property=\"og:type\" content=\"article\" \/>\n<meta property=\"og:title\" content=\"Odmian nowozarejestrowanych - S\u00fcdzucker Polska\" \/>\n<meta property=\"og:description\" content=\"Technologiczny plon cukru Plon korzeni Polaryzacja Zawarto\u015b\u0107 potasu Zawarto\u015b\u0107 sodu Zawarto\u015b\u0107 azotu \u03b1-aminowego Zdrowotno\u015b\u0107 li\u015bci &#8211; wariant z ochron\u0105 fungicydow\u0105 Zdrowotno\u015b\u0107 li\u015bci &#8211; wariant bez ochrony fungicydowej\" \/>\n<meta property=\"og:url\" content=\"https:\/\/www.suedzucker.pl\/serwis-plantatorski\/doswiadczenia\/wyniki-doswiadczen-2023\/odmian-nowozarejestrowanych\/\" \/>\n<meta property=\"og:site_name\" content=\"S\u00fcdzucker Polska\" \/>\n<meta property=\"article:modified_time\" content=\"2024-01-29T10:05:33+00:00\" \/>\n<meta property=\"og:image\" content=\"https:\/\/www.suedzucker.pl\/wp-content\/uploads\/2024\/01\/1.-plon-cukru-1024x485.png\" \/>\n<meta name=\"twitter:card\" content=\"summary_large_image\" \/>\n<meta name=\"twitter:label1\" content=\"Est. reading time\" \/>\n\t<meta name=\"twitter:data1\" content=\"2 minutes\" \/>\n<script type=\"application\/ld+json\" class=\"yoast-schema-graph\">{\"@context\":\"https:\\\/\\\/schema.org\",\"@graph\":[{\"@type\":\"WebPage\",\"@id\":\"https:\\\/\\\/www.suedzucker.pl\\\/serwis-plantatorski\\\/doswiadczenia\\\/wyniki-doswiadczen-2023\\\/odmian-nowozarejestrowanych\\\/\",\"url\":\"https:\\\/\\\/www.suedzucker.pl\\\/serwis-plantatorski\\\/doswiadczenia\\\/wyniki-doswiadczen-2023\\\/odmian-nowozarejestrowanych\\\/\",\"name\":\"Odmian nowozarejestrowanych - S\u00fcdzucker Polska\",\"isPartOf\":{\"@id\":\"https:\\\/\\\/www.suedzucker.pl\\\/en\\\/#website\"},\"primaryImageOfPage\":{\"@id\":\"https:\\\/\\\/www.suedzucker.pl\\\/serwis-plantatorski\\\/doswiadczenia\\\/wyniki-doswiadczen-2023\\\/odmian-nowozarejestrowanych\\\/#primaryimage\"},\"image\":{\"@id\":\"https:\\\/\\\/www.suedzucker.pl\\\/serwis-plantatorski\\\/doswiadczenia\\\/wyniki-doswiadczen-2023\\\/odmian-nowozarejestrowanych\\\/#primaryimage\"},\"thumbnailUrl\":\"https:\\\/\\\/www.suedzucker.pl\\\/wp-content\\\/uploads\\\/2024\\\/01\\\/1.-plon-cukru-1024x485.png\",\"datePublished\":\"2024-01-29T09:58:00+00:00\",\"dateModified\":\"2024-01-29T10:05:33+00:00\",\"breadcrumb\":{\"@id\":\"https:\\\/\\\/www.suedzucker.pl\\\/serwis-plantatorski\\\/doswiadczenia\\\/wyniki-doswiadczen-2023\\\/odmian-nowozarejestrowanych\\\/#breadcrumb\"},\"inLanguage\":\"en-US\",\"potentialAction\":[{\"@type\":\"ReadAction\",\"target\":[\"https:\\\/\\\/www.suedzucker.pl\\\/serwis-plantatorski\\\/doswiadczenia\\\/wyniki-doswiadczen-2023\\\/odmian-nowozarejestrowanych\\\/\"]}]},{\"@type\":\"ImageObject\",\"inLanguage\":\"en-US\",\"@id\":\"https:\\\/\\\/www.suedzucker.pl\\\/serwis-plantatorski\\\/doswiadczenia\\\/wyniki-doswiadczen-2023\\\/odmian-nowozarejestrowanych\\\/#primaryimage\",\"url\":\"https:\\\/\\\/www.suedzucker.pl\\\/wp-content\\\/uploads\\\/2024\\\/01\\\/1.-plon-cukru-1024x485.png\",\"contentUrl\":\"https:\\\/\\\/www.suedzucker.pl\\\/wp-content\\\/uploads\\\/2024\\\/01\\\/1.-plon-cukru-1024x485.png\"},{\"@type\":\"BreadcrumbList\",\"@id\":\"https:\\\/\\\/www.suedzucker.pl\\\/serwis-plantatorski\\\/doswiadczenia\\\/wyniki-doswiadczen-2023\\\/odmian-nowozarejestrowanych\\\/#breadcrumb\",\"itemListElement\":[{\"@type\":\"ListItem\",\"position\":1,\"name\":\"Home page\",\"item\":\"https:\\\/\\\/www.suedzucker.pl\\\/en\\\/serwis-plantatorski\\\/\"},{\"@type\":\"ListItem\",\"position\":2,\"name\":\"Do\u015bwiadczenia\",\"item\":\"https:\\\/\\\/www.suedzucker.pl\\\/serwis-plantatorski\\\/doswiadczenia\\\/\"},{\"@type\":\"ListItem\",\"position\":3,\"name\":\"Wyniki do\u015bwiadcze\u0144 2023\",\"item\":\"https:\\\/\\\/www.suedzucker.pl\\\/serwis-plantatorski\\\/doswiadczenia\\\/wyniki-doswiadczen-2023\\\/\"},{\"@type\":\"ListItem\",\"position\":4,\"name\":\"Odmian nowozarejestrowanych\"}]},{\"@type\":\"WebSite\",\"@id\":\"https:\\\/\\\/www.suedzucker.pl\\\/en\\\/#website\",\"url\":\"https:\\\/\\\/www.suedzucker.pl\\\/en\\\/\",\"name\":\"S\u00fcdzucker Polska\",\"description\":\"Jeste\u015bmy wiod\u0105cym producentem cukru w Polsce\",\"potentialAction\":[{\"@type\":\"SearchAction\",\"target\":{\"@type\":\"EntryPoint\",\"urlTemplate\":\"https:\\\/\\\/www.suedzucker.pl\\\/en\\\/?s={search_term_string}\"},\"query-input\":{\"@type\":\"PropertyValueSpecification\",\"valueRequired\":true,\"valueName\":\"search_term_string\"}}],\"inLanguage\":\"en-US\"}]}<\/script>\n<!-- \/ Yoast SEO plugin. -->","yoast_head_json":{"title":"Odmian nowozarejestrowanych - S\u00fcdzucker Polska","robots":{"index":"index","follow":"follow","max-snippet":"max-snippet:-1","max-image-preview":"max-image-preview:large","max-video-preview":"max-video-preview:-1"},"canonical":"https:\/\/www.suedzucker.pl\/serwis-plantatorski\/doswiadczenia\/wyniki-doswiadczen-2023\/odmian-nowozarejestrowanych\/","og_locale":"en_US","og_type":"article","og_title":"Odmian nowozarejestrowanych - S\u00fcdzucker Polska","og_description":"Technologiczny plon cukru Plon korzeni Polaryzacja Zawarto\u015b\u0107 potasu Zawarto\u015b\u0107 sodu Zawarto\u015b\u0107 azotu \u03b1-aminowego Zdrowotno\u015b\u0107 li\u015bci &#8211; wariant z ochron\u0105 fungicydow\u0105 Zdrowotno\u015b\u0107 li\u015bci &#8211; wariant bez ochrony fungicydowej","og_url":"https:\/\/www.suedzucker.pl\/serwis-plantatorski\/doswiadczenia\/wyniki-doswiadczen-2023\/odmian-nowozarejestrowanych\/","og_site_name":"S\u00fcdzucker Polska","article_modified_time":"2024-01-29T10:05:33+00:00","og_image":[{"url":"https:\/\/www.suedzucker.pl\/wp-content\/uploads\/2024\/01\/1.-plon-cukru-1024x485.png","type":"","width":"","height":""}],"twitter_card":"summary_large_image","twitter_misc":{"Est. reading time":"2 minutes"},"schema":{"@context":"https:\/\/schema.org","@graph":[{"@type":"WebPage","@id":"https:\/\/www.suedzucker.pl\/serwis-plantatorski\/doswiadczenia\/wyniki-doswiadczen-2023\/odmian-nowozarejestrowanych\/","url":"https:\/\/www.suedzucker.pl\/serwis-plantatorski\/doswiadczenia\/wyniki-doswiadczen-2023\/odmian-nowozarejestrowanych\/","name":"Odmian nowozarejestrowanych - S\u00fcdzucker Polska","isPartOf":{"@id":"https:\/\/www.suedzucker.pl\/en\/#website"},"primaryImageOfPage":{"@id":"https:\/\/www.suedzucker.pl\/serwis-plantatorski\/doswiadczenia\/wyniki-doswiadczen-2023\/odmian-nowozarejestrowanych\/#primaryimage"},"image":{"@id":"https:\/\/www.suedzucker.pl\/serwis-plantatorski\/doswiadczenia\/wyniki-doswiadczen-2023\/odmian-nowozarejestrowanych\/#primaryimage"},"thumbnailUrl":"https:\/\/www.suedzucker.pl\/wp-content\/uploads\/2024\/01\/1.-plon-cukru-1024x485.png","datePublished":"2024-01-29T09:58:00+00:00","dateModified":"2024-01-29T10:05:33+00:00","breadcrumb":{"@id":"https:\/\/www.suedzucker.pl\/serwis-plantatorski\/doswiadczenia\/wyniki-doswiadczen-2023\/odmian-nowozarejestrowanych\/#breadcrumb"},"inLanguage":"en-US","potentialAction":[{"@type":"ReadAction","target":["https:\/\/www.suedzucker.pl\/serwis-plantatorski\/doswiadczenia\/wyniki-doswiadczen-2023\/odmian-nowozarejestrowanych\/"]}]},{"@type":"ImageObject","inLanguage":"en-US","@id":"https:\/\/www.suedzucker.pl\/serwis-plantatorski\/doswiadczenia\/wyniki-doswiadczen-2023\/odmian-nowozarejestrowanych\/#primaryimage","url":"https:\/\/www.suedzucker.pl\/wp-content\/uploads\/2024\/01\/1.-plon-cukru-1024x485.png","contentUrl":"https:\/\/www.suedzucker.pl\/wp-content\/uploads\/2024\/01\/1.-plon-cukru-1024x485.png"},{"@type":"BreadcrumbList","@id":"https:\/\/www.suedzucker.pl\/serwis-plantatorski\/doswiadczenia\/wyniki-doswiadczen-2023\/odmian-nowozarejestrowanych\/#breadcrumb","itemListElement":[{"@type":"ListItem","position":1,"name":"Home page","item":"https:\/\/www.suedzucker.pl\/en\/serwis-plantatorski\/"},{"@type":"ListItem","position":2,"name":"Do\u015bwiadczenia","item":"https:\/\/www.suedzucker.pl\/serwis-plantatorski\/doswiadczenia\/"},{"@type":"ListItem","position":3,"name":"Wyniki do\u015bwiadcze\u0144 2023","item":"https:\/\/www.suedzucker.pl\/serwis-plantatorski\/doswiadczenia\/wyniki-doswiadczen-2023\/"},{"@type":"ListItem","position":4,"name":"Odmian nowozarejestrowanych"}]},{"@type":"WebSite","@id":"https:\/\/www.suedzucker.pl\/en\/#website","url":"https:\/\/www.suedzucker.pl\/en\/","name":"S\u00fcdzucker Polska","description":"Jeste\u015bmy wiod\u0105cym producentem cukru w Polsce","potentialAction":[{"@type":"SearchAction","target":{"@type":"EntryPoint","urlTemplate":"https:\/\/www.suedzucker.pl\/en\/?s={search_term_string}"},"query-input":{"@type":"PropertyValueSpecification","valueRequired":true,"valueName":"search_term_string"}}],"inLanguage":"en-US"}]}},"_links":{"self":[{"href":"https:\/\/www.suedzucker.pl\/en\/wp-json\/wp\/v2\/pages\/21325","targetHints":{"allow":["GET"]}}],"collection":[{"href":"https:\/\/www.suedzucker.pl\/en\/wp-json\/wp\/v2\/pages"}],"about":[{"href":"https:\/\/www.suedzucker.pl\/en\/wp-json\/wp\/v2\/types\/page"}],"author":[{"embeddable":true,"href":"https:\/\/www.suedzucker.pl\/en\/wp-json\/wp\/v2\/users\/4"}],"replies":[{"embeddable":true,"href":"https:\/\/www.suedzucker.pl\/en\/wp-json\/wp\/v2\/comments?post=21325"}],"version-history":[{"count":3,"href":"https:\/\/www.suedzucker.pl\/en\/wp-json\/wp\/v2\/pages\/21325\/revisions"}],"predecessor-version":[{"id":21337,"href":"https:\/\/www.suedzucker.pl\/en\/wp-json\/wp\/v2\/pages\/21325\/revisions\/21337"}],"up":[{"embeddable":true,"href":"https:\/\/www.suedzucker.pl\/en\/wp-json\/wp\/v2\/pages\/19827"}],"wp:attachment":[{"href":"https:\/\/www.suedzucker.pl\/en\/wp-json\/wp\/v2\/media?parent=21325"}],"curies":[{"name":"wp","href":"https:\/\/api.w.org\/{rel}","templated":true}]}}