{"id":21350,"date":"2024-02-01T13:17:49","date_gmt":"2024-02-01T12:17:49","guid":{"rendered":"https:\/\/www.suedzucker.pl\/?page_id=21350"},"modified":"2024-02-06T10:46:50","modified_gmt":"2024-02-06T09:46:50","slug":"przechowalnictwo-2023","status":"publish","type":"page","link":"https:\/\/www.suedzucker.pl\/en\/serwis-plantatorski\/doswiadczenia\/wyniki-doswiadczen-2023\/przechowalnictwo-2023\/","title":{"rendered":"Przechowalnictwo 2023"},"content":{"rendered":"\n<h4 class=\"wp-block-heading\">Wyniki pomiaru: \u015bredniej temperatury w pryzmie okrytej i temperatur minimalnych powietrza \u2013 do\u015bwiadczenie z przechowalnictwem 2023-2024<\/h4>\n\n\n<div class=\"wp-block-image\">\n<figure class=\"aligncenter size-large\"><a href=\"https:\/\/www.suedzucker.pl\/wp-content\/uploads\/2024\/02\/1.-Sr-temp.png\"><img loading=\"lazy\" decoding=\"async\" width=\"1024\" height=\"440\" src=\"https:\/\/www.suedzucker.pl\/wp-content\/uploads\/2024\/02\/1.-Sr-temp-1024x440.png\" alt=\"\" class=\"wp-image-21353\" srcset=\"https:\/\/www.suedzucker.pl\/wp-content\/uploads\/2024\/02\/1.-Sr-temp-1024x440.png 1024w, https:\/\/www.suedzucker.pl\/wp-content\/uploads\/2024\/02\/1.-Sr-temp-300x129.png 300w, https:\/\/www.suedzucker.pl\/wp-content\/uploads\/2024\/02\/1.-Sr-temp-768x330.png 768w, https:\/\/www.suedzucker.pl\/wp-content\/uploads\/2024\/02\/1.-Sr-temp-1536x660.png 1536w, https:\/\/www.suedzucker.pl\/wp-content\/uploads\/2024\/02\/1.-Sr-temp-500x215.png 500w, https:\/\/www.suedzucker.pl\/wp-content\/uploads\/2024\/02\/1.-Sr-temp.png 1849w\" sizes=\"auto, (max-width: 1024px) 100vw, 1024px\" \/><\/a><\/figure>\n<\/div>\n\n\n<h4 class=\"wp-block-heading\">Polaryzacja do\u015bwiadczenie z przechowalnictwem 2023-2024<\/h4>\n\n\n<div class=\"wp-block-image\">\n<figure class=\"aligncenter size-large\"><a href=\"https:\/\/www.suedzucker.pl\/wp-content\/uploads\/2024\/02\/2.-Polaryzacja.png\"><img loading=\"lazy\" decoding=\"async\" width=\"1024\" height=\"499\" src=\"https:\/\/www.suedzucker.pl\/wp-content\/uploads\/2024\/02\/2.-Polaryzacja-1024x499.png\" alt=\"\" class=\"wp-image-21354\" srcset=\"https:\/\/www.suedzucker.pl\/wp-content\/uploads\/2024\/02\/2.-Polaryzacja-1024x499.png 1024w, https:\/\/www.suedzucker.pl\/wp-content\/uploads\/2024\/02\/2.-Polaryzacja-300x146.png 300w, https:\/\/www.suedzucker.pl\/wp-content\/uploads\/2024\/02\/2.-Polaryzacja-768x374.png 768w, https:\/\/www.suedzucker.pl\/wp-content\/uploads\/2024\/02\/2.-Polaryzacja-1536x748.png 1536w, https:\/\/www.suedzucker.pl\/wp-content\/uploads\/2024\/02\/2.-Polaryzacja-500x244.png 500w, https:\/\/www.suedzucker.pl\/wp-content\/uploads\/2024\/02\/2.-Polaryzacja.png 1601w\" sizes=\"auto, (max-width: 1024px) 100vw, 1024px\" \/><\/a><\/figure>\n<\/div>\n\n\n<h4 class=\"wp-block-heading\">Ograniczenie strat cukru po zastosowaniu okrycia w\u0142\u00f3knin\u0105 \u2013 1,01 t cukru \/66 dni w stosunku do wariantu bez okrycia \u2013 do\u015bwiadczenie z przechowalnictwem 2023-2024<\/h4>\n\n\n<div class=\"wp-block-image\">\n<figure class=\"aligncenter size-large\"><a href=\"https:\/\/www.suedzucker.pl\/wp-content\/uploads\/2024\/02\/3.-Ograniczenie-strat-cukru.png\"><img loading=\"lazy\" decoding=\"async\" width=\"1024\" height=\"527\" src=\"https:\/\/www.suedzucker.pl\/wp-content\/uploads\/2024\/02\/3.-Ograniczenie-strat-cukru-1024x527.png\" alt=\"\" class=\"wp-image-21355\" srcset=\"https:\/\/www.suedzucker.pl\/wp-content\/uploads\/2024\/02\/3.-Ograniczenie-strat-cukru-1024x527.png 1024w, https:\/\/www.suedzucker.pl\/wp-content\/uploads\/2024\/02\/3.-Ograniczenie-strat-cukru-300x154.png 300w, https:\/\/www.suedzucker.pl\/wp-content\/uploads\/2024\/02\/3.-Ograniczenie-strat-cukru-768x395.png 768w, https:\/\/www.suedzucker.pl\/wp-content\/uploads\/2024\/02\/3.-Ograniczenie-strat-cukru-1536x791.png 1536w, https:\/\/www.suedzucker.pl\/wp-content\/uploads\/2024\/02\/3.-Ograniczenie-strat-cukru-500x257.png 500w, https:\/\/www.suedzucker.pl\/wp-content\/uploads\/2024\/02\/3.-Ograniczenie-strat-cukru.png 1624w\" sizes=\"auto, (max-width: 1024px) 100vw, 1024px\" \/><\/a><\/figure>\n<\/div>\n\n\n<h4 class=\"wp-block-heading\">Plon korzeni &#8211; Do\u015bwiadczenie z Przechowalnictwem 2023-2024<\/h4>\n\n\n<div class=\"wp-block-image\">\n<figure class=\"aligncenter size-large\"><a href=\"https:\/\/www.suedzucker.pl\/wp-content\/uploads\/2024\/02\/4.-Plon-korzeni-1.png\"><img loading=\"lazy\" decoding=\"async\" width=\"1024\" height=\"578\" src=\"https:\/\/www.suedzucker.pl\/wp-content\/uploads\/2024\/02\/4.-Plon-korzeni-1-1024x578.png\" alt=\"\" class=\"wp-image-21382\" srcset=\"https:\/\/www.suedzucker.pl\/wp-content\/uploads\/2024\/02\/4.-Plon-korzeni-1-1024x578.png 1024w, https:\/\/www.suedzucker.pl\/wp-content\/uploads\/2024\/02\/4.-Plon-korzeni-1-300x169.png 300w, https:\/\/www.suedzucker.pl\/wp-content\/uploads\/2024\/02\/4.-Plon-korzeni-1-768x434.png 768w, https:\/\/www.suedzucker.pl\/wp-content\/uploads\/2024\/02\/4.-Plon-korzeni-1-500x282.png 500w, https:\/\/www.suedzucker.pl\/wp-content\/uploads\/2024\/02\/4.-Plon-korzeni-1.png 1442w\" sizes=\"auto, (max-width: 1024px) 100vw, 1024px\" \/><\/a><\/figure>\n<\/div>\n\n\n<h4 class=\"wp-block-heading\">Polaryzacja &#8211; Do\u015bwiadczenie z Przechowalnictwem 2023-2024<\/h4>\n\n\n<div class=\"wp-block-image\">\n<figure class=\"aligncenter size-large\"><a href=\"https:\/\/www.suedzucker.pl\/wp-content\/uploads\/2024\/02\/5.-Polaryzacja.png\"><img loading=\"lazy\" decoding=\"async\" width=\"1024\" height=\"525\" src=\"https:\/\/www.suedzucker.pl\/wp-content\/uploads\/2024\/02\/5.-Polaryzacja-1024x525.png\" alt=\"\" class=\"wp-image-21357\" srcset=\"https:\/\/www.suedzucker.pl\/wp-content\/uploads\/2024\/02\/5.-Polaryzacja-1024x525.png 1024w, https:\/\/www.suedzucker.pl\/wp-content\/uploads\/2024\/02\/5.-Polaryzacja-300x154.png 300w, https:\/\/www.suedzucker.pl\/wp-content\/uploads\/2024\/02\/5.-Polaryzacja-768x394.png 768w, https:\/\/www.suedzucker.pl\/wp-content\/uploads\/2024\/02\/5.-Polaryzacja-1536x787.png 1536w, https:\/\/www.suedzucker.pl\/wp-content\/uploads\/2024\/02\/5.-Polaryzacja-500x256.png 500w, https:\/\/www.suedzucker.pl\/wp-content\/uploads\/2024\/02\/5.-Polaryzacja.png 1586w\" sizes=\"auto, (max-width: 1024px) 100vw, 1024px\" \/><\/a><\/figure>\n<\/div>\n\n\n<h4 class=\"wp-block-heading\">Technologiczny plon cukru &#8211; Do\u015bwiadczenie z Przechowalnictwem 2023-2024<\/h4>\n\n\n<div class=\"wp-block-image\">\n<figure class=\"aligncenter size-large\"><a href=\"https:\/\/www.suedzucker.pl\/wp-content\/uploads\/2024\/02\/6.-Plon-cukru-1.png\"><img loading=\"lazy\" decoding=\"async\" width=\"1024\" height=\"521\" src=\"https:\/\/www.suedzucker.pl\/wp-content\/uploads\/2024\/02\/6.-Plon-cukru-1-1024x521.png\" alt=\"\" class=\"wp-image-21383\" srcset=\"https:\/\/www.suedzucker.pl\/wp-content\/uploads\/2024\/02\/6.-Plon-cukru-1-1024x521.png 1024w, https:\/\/www.suedzucker.pl\/wp-content\/uploads\/2024\/02\/6.-Plon-cukru-1-300x153.png 300w, https:\/\/www.suedzucker.pl\/wp-content\/uploads\/2024\/02\/6.-Plon-cukru-1-768x390.png 768w, https:\/\/www.suedzucker.pl\/wp-content\/uploads\/2024\/02\/6.-Plon-cukru-1-500x254.png 500w, https:\/\/www.suedzucker.pl\/wp-content\/uploads\/2024\/02\/6.-Plon-cukru-1.png 1497w\" sizes=\"auto, (max-width: 1024px) 100vw, 1024px\" \/><\/a><\/figure>\n<\/div>\n\n\n<h4 class=\"wp-block-heading\">Do\u015bwiadczenia z Przechowalnictwem 2018\/2019 \u2013 2023\/2024<\/h4>\n\n\n<div class=\"wp-block-image\">\n<figure class=\"aligncenter size-large\"><a href=\"https:\/\/www.suedzucker.pl\/wp-content\/uploads\/2024\/02\/7.-Dos-2018_2024.png\"><img loading=\"lazy\" decoding=\"async\" width=\"1024\" height=\"376\" src=\"https:\/\/www.suedzucker.pl\/wp-content\/uploads\/2024\/02\/7.-Dos-2018_2024-1024x376.png\" alt=\"\" class=\"wp-image-21359\" srcset=\"https:\/\/www.suedzucker.pl\/wp-content\/uploads\/2024\/02\/7.-Dos-2018_2024-1024x376.png 1024w, https:\/\/www.suedzucker.pl\/wp-content\/uploads\/2024\/02\/7.-Dos-2018_2024-300x110.png 300w, https:\/\/www.suedzucker.pl\/wp-content\/uploads\/2024\/02\/7.-Dos-2018_2024-768x282.png 768w, https:\/\/www.suedzucker.pl\/wp-content\/uploads\/2024\/02\/7.-Dos-2018_2024-1536x564.png 1536w, https:\/\/www.suedzucker.pl\/wp-content\/uploads\/2024\/02\/7.-Dos-2018_2024-500x183.png 500w, https:\/\/www.suedzucker.pl\/wp-content\/uploads\/2024\/02\/7.-Dos-2018_2024.png 1848w\" sizes=\"auto, (max-width: 1024px) 100vw, 1024px\" \/><\/a><\/figure>\n<\/div>\n\n\n<h4 class=\"wp-block-heading\">Do\u015bwiadczenia z Przechowalnictwem 2018\/2019 \u2013 2023\/2024<\/h4>\n\n\n<div class=\"wp-block-image\">\n<figure class=\"aligncenter size-large\"><a href=\"https:\/\/www.suedzucker.pl\/wp-content\/uploads\/2024\/02\/8.-Dos-2018_2024.png\"><img loading=\"lazy\" decoding=\"async\" width=\"1024\" height=\"370\" src=\"https:\/\/www.suedzucker.pl\/wp-content\/uploads\/2024\/02\/8.-Dos-2018_2024-1024x370.png\" alt=\"\" class=\"wp-image-21360\" srcset=\"https:\/\/www.suedzucker.pl\/wp-content\/uploads\/2024\/02\/8.-Dos-2018_2024-1024x370.png 1024w, https:\/\/www.suedzucker.pl\/wp-content\/uploads\/2024\/02\/8.-Dos-2018_2024-300x108.png 300w, https:\/\/www.suedzucker.pl\/wp-content\/uploads\/2024\/02\/8.-Dos-2018_2024-768x277.png 768w, https:\/\/www.suedzucker.pl\/wp-content\/uploads\/2024\/02\/8.-Dos-2018_2024-1536x555.png 1536w, https:\/\/www.suedzucker.pl\/wp-content\/uploads\/2024\/02\/8.-Dos-2018_2024-500x181.png 500w, https:\/\/www.suedzucker.pl\/wp-content\/uploads\/2024\/02\/8.-Dos-2018_2024.png 1855w\" sizes=\"auto, (max-width: 1024px) 100vw, 1024px\" \/><\/a><\/figure>\n<\/div>\n\n\n<h4 class=\"wp-block-heading\">Zmniejszenie straty w wyniku zastosowania okrycia za okres przechowania (t cukru\/ha)<\/h4>\n\n\n<div class=\"wp-block-image\">\n<figure class=\"aligncenter size-large\"><a href=\"https:\/\/www.suedzucker.pl\/wp-content\/uploads\/2024\/02\/9.-Zmniejszenie-strat.png\"><img loading=\"lazy\" decoding=\"async\" width=\"1024\" height=\"482\" src=\"https:\/\/www.suedzucker.pl\/wp-content\/uploads\/2024\/02\/9.-Zmniejszenie-strat-1024x482.png\" alt=\"\" class=\"wp-image-21361\" srcset=\"https:\/\/www.suedzucker.pl\/wp-content\/uploads\/2024\/02\/9.-Zmniejszenie-strat-1024x482.png 1024w, https:\/\/www.suedzucker.pl\/wp-content\/uploads\/2024\/02\/9.-Zmniejszenie-strat-300x141.png 300w, https:\/\/www.suedzucker.pl\/wp-content\/uploads\/2024\/02\/9.-Zmniejszenie-strat-768x362.png 768w, https:\/\/www.suedzucker.pl\/wp-content\/uploads\/2024\/02\/9.-Zmniejszenie-strat-1536x723.png 1536w, https:\/\/www.suedzucker.pl\/wp-content\/uploads\/2024\/02\/9.-Zmniejszenie-strat-500x235.png 500w, https:\/\/www.suedzucker.pl\/wp-content\/uploads\/2024\/02\/9.-Zmniejszenie-strat.png 1659w\" sizes=\"auto, (max-width: 1024px) 100vw, 1024px\" \/><\/a><\/figure>\n<\/div>\n\n\n<h4 class=\"wp-block-heading\">Zmniejszenie straty w wyniku zastosowania okrycia za okres przechowania (t cukru)<\/h4>\n\n\n<div class=\"wp-block-image\">\n<figure class=\"aligncenter size-large\"><a href=\"https:\/\/www.suedzucker.pl\/wp-content\/uploads\/2024\/02\/10.-Zmniejszenie-strat.png\"><img loading=\"lazy\" decoding=\"async\" width=\"1024\" height=\"441\" src=\"https:\/\/www.suedzucker.pl\/wp-content\/uploads\/2024\/02\/10.-Zmniejszenie-strat-1024x441.png\" alt=\"\" class=\"wp-image-21362\" srcset=\"https:\/\/www.suedzucker.pl\/wp-content\/uploads\/2024\/02\/10.-Zmniejszenie-strat-1024x441.png 1024w, https:\/\/www.suedzucker.pl\/wp-content\/uploads\/2024\/02\/10.-Zmniejszenie-strat-300x129.png 300w, https:\/\/www.suedzucker.pl\/wp-content\/uploads\/2024\/02\/10.-Zmniejszenie-strat-768x331.png 768w, https:\/\/www.suedzucker.pl\/wp-content\/uploads\/2024\/02\/10.-Zmniejszenie-strat-1536x662.png 1536w, https:\/\/www.suedzucker.pl\/wp-content\/uploads\/2024\/02\/10.-Zmniejszenie-strat-500x216.png 500w, https:\/\/www.suedzucker.pl\/wp-content\/uploads\/2024\/02\/10.-Zmniejszenie-strat.png 1828w\" sizes=\"auto, (max-width: 1024px) 100vw, 1024px\" \/><\/a><\/figure>\n<\/div>","protected":false},"excerpt":{"rendered":"<p>Wyniki pomiaru: \u015bredniej temperatury w pryzmie okrytej i temperatur minimalnych powietrza \u2013 do\u015bwiadczenie z przechowalnictwem 2023-2024 Polaryzacja do\u015bwiadczenie z przechowalnictwem 2023-2024 Ograniczenie strat cukru po zastosowaniu okrycia w\u0142\u00f3knin\u0105 \u2013 1,01&#8230;<\/p>\n","protected":false},"author":4,"featured_media":0,"parent":19827,"menu_order":11,"comment_status":"closed","ping_status":"closed","template":"","meta":{"_acf_changed":false,"inline_featured_image":false,"footnotes":"","_wp_rev_ctl_limit":""},"class_list":["post-21350","page","type-page","status-publish","hentry"],"acf":[],"yoast_head":"<!-- This site is optimized with the Yoast SEO plugin v27.3 - https:\/\/yoast.com\/product\/yoast-seo-wordpress\/ -->\n<title>Przechowalnictwo 2023 - S\u00fcdzucker Polska<\/title>\n<meta name=\"robots\" content=\"index, follow, max-snippet:-1, max-image-preview:large, max-video-preview:-1\" \/>\n<link rel=\"canonical\" href=\"https:\/\/www.suedzucker.pl\/serwis-plantatorski\/doswiadczenia\/wyniki-doswiadczen-2023\/przechowalnictwo-2023\/\" \/>\n<meta property=\"og:locale\" content=\"en_US\" \/>\n<meta property=\"og:type\" content=\"article\" \/>\n<meta property=\"og:title\" content=\"Przechowalnictwo 2023 - S\u00fcdzucker Polska\" \/>\n<meta property=\"og:description\" content=\"Wyniki pomiaru: \u015bredniej temperatury w pryzmie okrytej i temperatur minimalnych powietrza \u2013 do\u015bwiadczenie z przechowalnictwem 2023-2024 Polaryzacja do\u015bwiadczenie z przechowalnictwem 2023-2024 Ograniczenie strat cukru po zastosowaniu okrycia w\u0142\u00f3knin\u0105 \u2013 1,01...\" \/>\n<meta property=\"og:url\" content=\"https:\/\/www.suedzucker.pl\/serwis-plantatorski\/doswiadczenia\/wyniki-doswiadczen-2023\/przechowalnictwo-2023\/\" \/>\n<meta property=\"og:site_name\" content=\"S\u00fcdzucker Polska\" \/>\n<meta property=\"article:modified_time\" content=\"2024-02-06T09:46:50+00:00\" \/>\n<meta property=\"og:image\" content=\"https:\/\/www.suedzucker.pl\/wp-content\/uploads\/2024\/02\/1.-Sr-temp-1024x440.png\" \/>\n<meta name=\"twitter:card\" content=\"summary_large_image\" \/>\n<meta name=\"twitter:label1\" content=\"Est. reading time\" \/>\n\t<meta name=\"twitter:data1\" content=\"3 minutes\" \/>\n<script type=\"application\/ld+json\" class=\"yoast-schema-graph\">{\"@context\":\"https:\\\/\\\/schema.org\",\"@graph\":[{\"@type\":\"WebPage\",\"@id\":\"https:\\\/\\\/www.suedzucker.pl\\\/serwis-plantatorski\\\/doswiadczenia\\\/wyniki-doswiadczen-2023\\\/przechowalnictwo-2023\\\/\",\"url\":\"https:\\\/\\\/www.suedzucker.pl\\\/serwis-plantatorski\\\/doswiadczenia\\\/wyniki-doswiadczen-2023\\\/przechowalnictwo-2023\\\/\",\"name\":\"Przechowalnictwo 2023 - S\u00fcdzucker Polska\",\"isPartOf\":{\"@id\":\"https:\\\/\\\/www.suedzucker.pl\\\/en\\\/#website\"},\"primaryImageOfPage\":{\"@id\":\"https:\\\/\\\/www.suedzucker.pl\\\/serwis-plantatorski\\\/doswiadczenia\\\/wyniki-doswiadczen-2023\\\/przechowalnictwo-2023\\\/#primaryimage\"},\"image\":{\"@id\":\"https:\\\/\\\/www.suedzucker.pl\\\/serwis-plantatorski\\\/doswiadczenia\\\/wyniki-doswiadczen-2023\\\/przechowalnictwo-2023\\\/#primaryimage\"},\"thumbnailUrl\":\"https:\\\/\\\/www.suedzucker.pl\\\/wp-content\\\/uploads\\\/2024\\\/02\\\/1.-Sr-temp-1024x440.png\",\"datePublished\":\"2024-02-01T12:17:49+00:00\",\"dateModified\":\"2024-02-06T09:46:50+00:00\",\"breadcrumb\":{\"@id\":\"https:\\\/\\\/www.suedzucker.pl\\\/serwis-plantatorski\\\/doswiadczenia\\\/wyniki-doswiadczen-2023\\\/przechowalnictwo-2023\\\/#breadcrumb\"},\"inLanguage\":\"en-US\",\"potentialAction\":[{\"@type\":\"ReadAction\",\"target\":[\"https:\\\/\\\/www.suedzucker.pl\\\/serwis-plantatorski\\\/doswiadczenia\\\/wyniki-doswiadczen-2023\\\/przechowalnictwo-2023\\\/\"]}]},{\"@type\":\"ImageObject\",\"inLanguage\":\"en-US\",\"@id\":\"https:\\\/\\\/www.suedzucker.pl\\\/serwis-plantatorski\\\/doswiadczenia\\\/wyniki-doswiadczen-2023\\\/przechowalnictwo-2023\\\/#primaryimage\",\"url\":\"https:\\\/\\\/www.suedzucker.pl\\\/wp-content\\\/uploads\\\/2024\\\/02\\\/1.-Sr-temp-1024x440.png\",\"contentUrl\":\"https:\\\/\\\/www.suedzucker.pl\\\/wp-content\\\/uploads\\\/2024\\\/02\\\/1.-Sr-temp-1024x440.png\"},{\"@type\":\"BreadcrumbList\",\"@id\":\"https:\\\/\\\/www.suedzucker.pl\\\/serwis-plantatorski\\\/doswiadczenia\\\/wyniki-doswiadczen-2023\\\/przechowalnictwo-2023\\\/#breadcrumb\",\"itemListElement\":[{\"@type\":\"ListItem\",\"position\":1,\"name\":\"Home page\",\"item\":\"https:\\\/\\\/www.suedzucker.pl\\\/en\\\/serwis-plantatorski\\\/\"},{\"@type\":\"ListItem\",\"position\":2,\"name\":\"Do\u015bwiadczenia\",\"item\":\"https:\\\/\\\/www.suedzucker.pl\\\/serwis-plantatorski\\\/doswiadczenia\\\/\"},{\"@type\":\"ListItem\",\"position\":3,\"name\":\"Wyniki do\u015bwiadcze\u0144 2023\",\"item\":\"https:\\\/\\\/www.suedzucker.pl\\\/serwis-plantatorski\\\/doswiadczenia\\\/wyniki-doswiadczen-2023\\\/\"},{\"@type\":\"ListItem\",\"position\":4,\"name\":\"Przechowalnictwo 2023\"}]},{\"@type\":\"WebSite\",\"@id\":\"https:\\\/\\\/www.suedzucker.pl\\\/en\\\/#website\",\"url\":\"https:\\\/\\\/www.suedzucker.pl\\\/en\\\/\",\"name\":\"S\u00fcdzucker Polska\",\"description\":\"Jeste\u015bmy wiod\u0105cym producentem cukru w Polsce\",\"potentialAction\":[{\"@type\":\"SearchAction\",\"target\":{\"@type\":\"EntryPoint\",\"urlTemplate\":\"https:\\\/\\\/www.suedzucker.pl\\\/en\\\/?s={search_term_string}\"},\"query-input\":{\"@type\":\"PropertyValueSpecification\",\"valueRequired\":true,\"valueName\":\"search_term_string\"}}],\"inLanguage\":\"en-US\"}]}<\/script>\n<!-- \/ Yoast SEO plugin. -->","yoast_head_json":{"title":"Przechowalnictwo 2023 - S\u00fcdzucker Polska","robots":{"index":"index","follow":"follow","max-snippet":"max-snippet:-1","max-image-preview":"max-image-preview:large","max-video-preview":"max-video-preview:-1"},"canonical":"https:\/\/www.suedzucker.pl\/serwis-plantatorski\/doswiadczenia\/wyniki-doswiadczen-2023\/przechowalnictwo-2023\/","og_locale":"en_US","og_type":"article","og_title":"Przechowalnictwo 2023 - S\u00fcdzucker Polska","og_description":"Wyniki pomiaru: \u015bredniej temperatury w pryzmie okrytej i temperatur minimalnych powietrza \u2013 do\u015bwiadczenie z przechowalnictwem 2023-2024 Polaryzacja do\u015bwiadczenie z przechowalnictwem 2023-2024 Ograniczenie strat cukru po zastosowaniu okrycia w\u0142\u00f3knin\u0105 \u2013 1,01...","og_url":"https:\/\/www.suedzucker.pl\/serwis-plantatorski\/doswiadczenia\/wyniki-doswiadczen-2023\/przechowalnictwo-2023\/","og_site_name":"S\u00fcdzucker Polska","article_modified_time":"2024-02-06T09:46:50+00:00","og_image":[{"url":"https:\/\/www.suedzucker.pl\/wp-content\/uploads\/2024\/02\/1.-Sr-temp-1024x440.png","type":"","width":"","height":""}],"twitter_card":"summary_large_image","twitter_misc":{"Est. reading time":"3 minutes"},"schema":{"@context":"https:\/\/schema.org","@graph":[{"@type":"WebPage","@id":"https:\/\/www.suedzucker.pl\/serwis-plantatorski\/doswiadczenia\/wyniki-doswiadczen-2023\/przechowalnictwo-2023\/","url":"https:\/\/www.suedzucker.pl\/serwis-plantatorski\/doswiadczenia\/wyniki-doswiadczen-2023\/przechowalnictwo-2023\/","name":"Przechowalnictwo 2023 - S\u00fcdzucker Polska","isPartOf":{"@id":"https:\/\/www.suedzucker.pl\/en\/#website"},"primaryImageOfPage":{"@id":"https:\/\/www.suedzucker.pl\/serwis-plantatorski\/doswiadczenia\/wyniki-doswiadczen-2023\/przechowalnictwo-2023\/#primaryimage"},"image":{"@id":"https:\/\/www.suedzucker.pl\/serwis-plantatorski\/doswiadczenia\/wyniki-doswiadczen-2023\/przechowalnictwo-2023\/#primaryimage"},"thumbnailUrl":"https:\/\/www.suedzucker.pl\/wp-content\/uploads\/2024\/02\/1.-Sr-temp-1024x440.png","datePublished":"2024-02-01T12:17:49+00:00","dateModified":"2024-02-06T09:46:50+00:00","breadcrumb":{"@id":"https:\/\/www.suedzucker.pl\/serwis-plantatorski\/doswiadczenia\/wyniki-doswiadczen-2023\/przechowalnictwo-2023\/#breadcrumb"},"inLanguage":"en-US","potentialAction":[{"@type":"ReadAction","target":["https:\/\/www.suedzucker.pl\/serwis-plantatorski\/doswiadczenia\/wyniki-doswiadczen-2023\/przechowalnictwo-2023\/"]}]},{"@type":"ImageObject","inLanguage":"en-US","@id":"https:\/\/www.suedzucker.pl\/serwis-plantatorski\/doswiadczenia\/wyniki-doswiadczen-2023\/przechowalnictwo-2023\/#primaryimage","url":"https:\/\/www.suedzucker.pl\/wp-content\/uploads\/2024\/02\/1.-Sr-temp-1024x440.png","contentUrl":"https:\/\/www.suedzucker.pl\/wp-content\/uploads\/2024\/02\/1.-Sr-temp-1024x440.png"},{"@type":"BreadcrumbList","@id":"https:\/\/www.suedzucker.pl\/serwis-plantatorski\/doswiadczenia\/wyniki-doswiadczen-2023\/przechowalnictwo-2023\/#breadcrumb","itemListElement":[{"@type":"ListItem","position":1,"name":"Home page","item":"https:\/\/www.suedzucker.pl\/en\/serwis-plantatorski\/"},{"@type":"ListItem","position":2,"name":"Do\u015bwiadczenia","item":"https:\/\/www.suedzucker.pl\/serwis-plantatorski\/doswiadczenia\/"},{"@type":"ListItem","position":3,"name":"Wyniki do\u015bwiadcze\u0144 2023","item":"https:\/\/www.suedzucker.pl\/serwis-plantatorski\/doswiadczenia\/wyniki-doswiadczen-2023\/"},{"@type":"ListItem","position":4,"name":"Przechowalnictwo 2023"}]},{"@type":"WebSite","@id":"https:\/\/www.suedzucker.pl\/en\/#website","url":"https:\/\/www.suedzucker.pl\/en\/","name":"S\u00fcdzucker Polska","description":"Jeste\u015bmy wiod\u0105cym producentem cukru w Polsce","potentialAction":[{"@type":"SearchAction","target":{"@type":"EntryPoint","urlTemplate":"https:\/\/www.suedzucker.pl\/en\/?s={search_term_string}"},"query-input":{"@type":"PropertyValueSpecification","valueRequired":true,"valueName":"search_term_string"}}],"inLanguage":"en-US"}]}},"_links":{"self":[{"href":"https:\/\/www.suedzucker.pl\/en\/wp-json\/wp\/v2\/pages\/21350","targetHints":{"allow":["GET"]}}],"collection":[{"href":"https:\/\/www.suedzucker.pl\/en\/wp-json\/wp\/v2\/pages"}],"about":[{"href":"https:\/\/www.suedzucker.pl\/en\/wp-json\/wp\/v2\/types\/page"}],"author":[{"embeddable":true,"href":"https:\/\/www.suedzucker.pl\/en\/wp-json\/wp\/v2\/users\/4"}],"replies":[{"embeddable":true,"href":"https:\/\/www.suedzucker.pl\/en\/wp-json\/wp\/v2\/comments?post=21350"}],"version-history":[{"count":3,"href":"https:\/\/www.suedzucker.pl\/en\/wp-json\/wp\/v2\/pages\/21350\/revisions"}],"predecessor-version":[{"id":21384,"href":"https:\/\/www.suedzucker.pl\/en\/wp-json\/wp\/v2\/pages\/21350\/revisions\/21384"}],"up":[{"embeddable":true,"href":"https:\/\/www.suedzucker.pl\/en\/wp-json\/wp\/v2\/pages\/19827"}],"wp:attachment":[{"href":"https:\/\/www.suedzucker.pl\/en\/wp-json\/wp\/v2\/media?parent=21350"}],"curies":[{"name":"wp","href":"https:\/\/api.w.org\/{rel}","templated":true}]}}