{"id":22002,"date":"2024-07-01T09:31:37","date_gmt":"2024-07-01T07:31:37","guid":{"rendered":"https:\/\/www.suedzucker.pl\/?page_id=22002"},"modified":"2024-07-01T09:36:22","modified_gmt":"2024-07-01T07:36:22","slug":"herbicydowe-2024","status":"publish","type":"page","link":"https:\/\/www.suedzucker.pl\/en\/serwis-plantatorski\/doswiadczenia\/wyniki-doswiadczen-2024\/herbicydowe-2024\/","title":{"rendered":"Herbicydowe 2024"},"content":{"rendered":"\n<h4 class=\"wp-block-heading\">Warianty ochrony herbicydowej 2024<\/h4>\n\n\n<div class=\"wp-block-image\">\n<figure class=\"aligncenter size-large\"><a href=\"https:\/\/www.suedzucker.pl\/wp-content\/uploads\/2024\/07\/Warianty.png\"><img loading=\"lazy\" decoding=\"async\" width=\"1024\" height=\"575\" src=\"https:\/\/www.suedzucker.pl\/wp-content\/uploads\/2024\/07\/Warianty-1024x575.png\" alt=\"\" class=\"wp-image-22004\" srcset=\"https:\/\/www.suedzucker.pl\/wp-content\/uploads\/2024\/07\/Warianty-1024x575.png 1024w, https:\/\/www.suedzucker.pl\/wp-content\/uploads\/2024\/07\/Warianty-300x169.png 300w, https:\/\/www.suedzucker.pl\/wp-content\/uploads\/2024\/07\/Warianty-768x431.png 768w, https:\/\/www.suedzucker.pl\/wp-content\/uploads\/2024\/07\/Warianty-1536x863.png 1536w, https:\/\/www.suedzucker.pl\/wp-content\/uploads\/2024\/07\/Warianty-500x281.png 500w, https:\/\/www.suedzucker.pl\/wp-content\/uploads\/2024\/07\/Warianty.png 1775w\" sizes=\"auto, (max-width: 1024px) 100vw, 1024px\" \/><\/a><\/figure>\n<\/div>\n\n\n<h4 class=\"wp-block-heading\">Terminy aplikacji zabieg\u00f3w na poszczeg\u00f3lnych wariantach\u200b<\/h4>\n\n\n<div class=\"wp-block-image\">\n<figure class=\"aligncenter size-large\"><a href=\"https:\/\/www.suedzucker.pl\/wp-content\/uploads\/2024\/07\/Terminy.png\"><img loading=\"lazy\" decoding=\"async\" width=\"1024\" height=\"576\" src=\"https:\/\/www.suedzucker.pl\/wp-content\/uploads\/2024\/07\/Terminy-1024x576.png\" alt=\"\" class=\"wp-image-22006\" srcset=\"https:\/\/www.suedzucker.pl\/wp-content\/uploads\/2024\/07\/Terminy-1024x576.png 1024w, https:\/\/www.suedzucker.pl\/wp-content\/uploads\/2024\/07\/Terminy-300x169.png 300w, https:\/\/www.suedzucker.pl\/wp-content\/uploads\/2024\/07\/Terminy-768x432.png 768w, https:\/\/www.suedzucker.pl\/wp-content\/uploads\/2024\/07\/Terminy-1536x864.png 1536w, https:\/\/www.suedzucker.pl\/wp-content\/uploads\/2024\/07\/Terminy-500x281.png 500w, https:\/\/www.suedzucker.pl\/wp-content\/uploads\/2024\/07\/Terminy.png 1777w\" sizes=\"auto, (max-width: 1024px) 100vw, 1024px\" \/><\/a><\/figure>\n<\/div>\n\n\n<h4 class=\"wp-block-heading\">Chwasty\u200b kontrola (komosa bia\u0142a, samosiewy rzepaku, szar\u0142at szorstki, redesty)<\/h4>\n\n\n<div class=\"wp-block-image\">\n<figure class=\"aligncenter size-large\"><a href=\"https:\/\/www.suedzucker.pl\/wp-content\/uploads\/2024\/07\/Chwasty.png\"><img loading=\"lazy\" decoding=\"async\" width=\"1024\" height=\"575\" src=\"https:\/\/www.suedzucker.pl\/wp-content\/uploads\/2024\/07\/Chwasty-1024x575.png\" alt=\"\" class=\"wp-image-22007\" srcset=\"https:\/\/www.suedzucker.pl\/wp-content\/uploads\/2024\/07\/Chwasty-1024x575.png 1024w, https:\/\/www.suedzucker.pl\/wp-content\/uploads\/2024\/07\/Chwasty-300x168.png 300w, https:\/\/www.suedzucker.pl\/wp-content\/uploads\/2024\/07\/Chwasty-768x431.png 768w, https:\/\/www.suedzucker.pl\/wp-content\/uploads\/2024\/07\/Chwasty-1536x863.png 1536w, https:\/\/www.suedzucker.pl\/wp-content\/uploads\/2024\/07\/Chwasty-500x281.png 500w, https:\/\/www.suedzucker.pl\/wp-content\/uploads\/2024\/07\/Chwasty.png 1770w\" sizes=\"auto, (max-width: 1024px) 100vw, 1024px\" \/><\/a><\/figure>\n<\/div>\n\n\n<h4 class=\"wp-block-heading\">Skuteczno\u015b\u0107 zwalczania chwast\u00f3w a koszty testowanych wariant\u00f3w<\/h4>\n\n\n<div class=\"wp-block-image\">\n<figure class=\"aligncenter size-large\"><a href=\"https:\/\/www.suedzucker.pl\/wp-content\/uploads\/2024\/07\/Skutecznosc.png\"><img loading=\"lazy\" decoding=\"async\" width=\"1024\" height=\"573\" src=\"https:\/\/www.suedzucker.pl\/wp-content\/uploads\/2024\/07\/Skutecznosc-1024x573.png\" alt=\"\" class=\"wp-image-22008\" srcset=\"https:\/\/www.suedzucker.pl\/wp-content\/uploads\/2024\/07\/Skutecznosc-1024x573.png 1024w, https:\/\/www.suedzucker.pl\/wp-content\/uploads\/2024\/07\/Skutecznosc-300x168.png 300w, https:\/\/www.suedzucker.pl\/wp-content\/uploads\/2024\/07\/Skutecznosc-768x430.png 768w, https:\/\/www.suedzucker.pl\/wp-content\/uploads\/2024\/07\/Skutecznosc-1536x860.png 1536w, https:\/\/www.suedzucker.pl\/wp-content\/uploads\/2024\/07\/Skutecznosc-500x280.png 500w, https:\/\/www.suedzucker.pl\/wp-content\/uploads\/2024\/07\/Skutecznosc.png 1768w\" sizes=\"auto, (max-width: 1024px) 100vw, 1024px\" \/><\/a><\/figure>\n<\/div>","protected":false},"excerpt":{"rendered":"<p>Warianty ochrony herbicydowej 2024 Terminy aplikacji zabieg\u00f3w na poszczeg\u00f3lnych wariantach\u200b Chwasty\u200b kontrola (komosa bia\u0142a, samosiewy rzepaku, szar\u0142at szorstki, redesty) Skuteczno\u015b\u0107 zwalczania chwast\u00f3w a koszty testowanych wariant\u00f3w<\/p>\n","protected":false},"author":4,"featured_media":0,"parent":21751,"menu_order":2,"comment_status":"closed","ping_status":"closed","template":"","meta":{"_acf_changed":false,"inline_featured_image":false,"footnotes":"","_wp_rev_ctl_limit":""},"class_list":["post-22002","page","type-page","status-publish","hentry"],"acf":[],"yoast_head":"<!-- This site is optimized with the Yoast SEO plugin v27.3 - https:\/\/yoast.com\/product\/yoast-seo-wordpress\/ -->\n<title>Herbicydowe 2024 - S\u00fcdzucker Polska<\/title>\n<meta name=\"robots\" content=\"index, follow, max-snippet:-1, max-image-preview:large, max-video-preview:-1\" \/>\n<link rel=\"canonical\" href=\"https:\/\/www.suedzucker.pl\/serwis-plantatorski\/doswiadczenia\/wyniki-doswiadczen-2024\/herbicydowe-2024\/\" \/>\n<meta property=\"og:locale\" content=\"en_US\" \/>\n<meta property=\"og:type\" content=\"article\" \/>\n<meta property=\"og:title\" content=\"Herbicydowe 2024 - S\u00fcdzucker Polska\" \/>\n<meta property=\"og:description\" content=\"Warianty ochrony herbicydowej 2024 Terminy aplikacji zabieg\u00f3w na poszczeg\u00f3lnych wariantach\u200b Chwasty\u200b kontrola (komosa bia\u0142a, samosiewy rzepaku, szar\u0142at szorstki, redesty) Skuteczno\u015b\u0107 zwalczania chwast\u00f3w a koszty testowanych wariant\u00f3w\" \/>\n<meta property=\"og:url\" content=\"https:\/\/www.suedzucker.pl\/serwis-plantatorski\/doswiadczenia\/wyniki-doswiadczen-2024\/herbicydowe-2024\/\" \/>\n<meta property=\"og:site_name\" content=\"S\u00fcdzucker Polska\" \/>\n<meta property=\"article:modified_time\" content=\"2024-07-01T07:36:22+00:00\" \/>\n<meta property=\"og:image\" content=\"https:\/\/www.suedzucker.pl\/wp-content\/uploads\/2024\/07\/Warianty-1024x575.png\" \/>\n<meta name=\"twitter:card\" content=\"summary_large_image\" \/>\n<meta name=\"twitter:label1\" content=\"Est. reading time\" \/>\n\t<meta name=\"twitter:data1\" content=\"1 minute\" \/>\n<script type=\"application\/ld+json\" class=\"yoast-schema-graph\">{\"@context\":\"https:\\\/\\\/schema.org\",\"@graph\":[{\"@type\":\"WebPage\",\"@id\":\"https:\\\/\\\/www.suedzucker.pl\\\/serwis-plantatorski\\\/doswiadczenia\\\/wyniki-doswiadczen-2024\\\/herbicydowe-2024\\\/\",\"url\":\"https:\\\/\\\/www.suedzucker.pl\\\/serwis-plantatorski\\\/doswiadczenia\\\/wyniki-doswiadczen-2024\\\/herbicydowe-2024\\\/\",\"name\":\"Herbicydowe 2024 - S\u00fcdzucker Polska\",\"isPartOf\":{\"@id\":\"https:\\\/\\\/www.suedzucker.pl\\\/en\\\/#website\"},\"primaryImageOfPage\":{\"@id\":\"https:\\\/\\\/www.suedzucker.pl\\\/serwis-plantatorski\\\/doswiadczenia\\\/wyniki-doswiadczen-2024\\\/herbicydowe-2024\\\/#primaryimage\"},\"image\":{\"@id\":\"https:\\\/\\\/www.suedzucker.pl\\\/serwis-plantatorski\\\/doswiadczenia\\\/wyniki-doswiadczen-2024\\\/herbicydowe-2024\\\/#primaryimage\"},\"thumbnailUrl\":\"https:\\\/\\\/www.suedzucker.pl\\\/wp-content\\\/uploads\\\/2024\\\/07\\\/Warianty-1024x575.png\",\"datePublished\":\"2024-07-01T07:31:37+00:00\",\"dateModified\":\"2024-07-01T07:36:22+00:00\",\"breadcrumb\":{\"@id\":\"https:\\\/\\\/www.suedzucker.pl\\\/serwis-plantatorski\\\/doswiadczenia\\\/wyniki-doswiadczen-2024\\\/herbicydowe-2024\\\/#breadcrumb\"},\"inLanguage\":\"en-US\",\"potentialAction\":[{\"@type\":\"ReadAction\",\"target\":[\"https:\\\/\\\/www.suedzucker.pl\\\/serwis-plantatorski\\\/doswiadczenia\\\/wyniki-doswiadczen-2024\\\/herbicydowe-2024\\\/\"]}]},{\"@type\":\"ImageObject\",\"inLanguage\":\"en-US\",\"@id\":\"https:\\\/\\\/www.suedzucker.pl\\\/serwis-plantatorski\\\/doswiadczenia\\\/wyniki-doswiadczen-2024\\\/herbicydowe-2024\\\/#primaryimage\",\"url\":\"https:\\\/\\\/www.suedzucker.pl\\\/wp-content\\\/uploads\\\/2024\\\/07\\\/Warianty-1024x575.png\",\"contentUrl\":\"https:\\\/\\\/www.suedzucker.pl\\\/wp-content\\\/uploads\\\/2024\\\/07\\\/Warianty-1024x575.png\"},{\"@type\":\"BreadcrumbList\",\"@id\":\"https:\\\/\\\/www.suedzucker.pl\\\/serwis-plantatorski\\\/doswiadczenia\\\/wyniki-doswiadczen-2024\\\/herbicydowe-2024\\\/#breadcrumb\",\"itemListElement\":[{\"@type\":\"ListItem\",\"position\":1,\"name\":\"Home page\",\"item\":\"https:\\\/\\\/www.suedzucker.pl\\\/en\\\/serwis-plantatorski\\\/\"},{\"@type\":\"ListItem\",\"position\":2,\"name\":\"Do\u015bwiadczenia\",\"item\":\"https:\\\/\\\/www.suedzucker.pl\\\/serwis-plantatorski\\\/doswiadczenia\\\/\"},{\"@type\":\"ListItem\",\"position\":3,\"name\":\"Wyniki do\u015bwiadcze\u0144 2024\",\"item\":\"https:\\\/\\\/www.suedzucker.pl\\\/serwis-plantatorski\\\/doswiadczenia\\\/wyniki-doswiadczen-2024\\\/\"},{\"@type\":\"ListItem\",\"position\":4,\"name\":\"Herbicydowe 2024\"}]},{\"@type\":\"WebSite\",\"@id\":\"https:\\\/\\\/www.suedzucker.pl\\\/en\\\/#website\",\"url\":\"https:\\\/\\\/www.suedzucker.pl\\\/en\\\/\",\"name\":\"S\u00fcdzucker Polska\",\"description\":\"Jeste\u015bmy wiod\u0105cym producentem cukru w Polsce\",\"potentialAction\":[{\"@type\":\"SearchAction\",\"target\":{\"@type\":\"EntryPoint\",\"urlTemplate\":\"https:\\\/\\\/www.suedzucker.pl\\\/en\\\/?s={search_term_string}\"},\"query-input\":{\"@type\":\"PropertyValueSpecification\",\"valueRequired\":true,\"valueName\":\"search_term_string\"}}],\"inLanguage\":\"en-US\"}]}<\/script>\n<!-- \/ Yoast SEO plugin. -->","yoast_head_json":{"title":"Herbicydowe 2024 - S\u00fcdzucker Polska","robots":{"index":"index","follow":"follow","max-snippet":"max-snippet:-1","max-image-preview":"max-image-preview:large","max-video-preview":"max-video-preview:-1"},"canonical":"https:\/\/www.suedzucker.pl\/serwis-plantatorski\/doswiadczenia\/wyniki-doswiadczen-2024\/herbicydowe-2024\/","og_locale":"en_US","og_type":"article","og_title":"Herbicydowe 2024 - S\u00fcdzucker Polska","og_description":"Warianty ochrony herbicydowej 2024 Terminy aplikacji zabieg\u00f3w na poszczeg\u00f3lnych wariantach\u200b Chwasty\u200b kontrola (komosa bia\u0142a, samosiewy rzepaku, szar\u0142at szorstki, redesty) Skuteczno\u015b\u0107 zwalczania chwast\u00f3w a koszty testowanych wariant\u00f3w","og_url":"https:\/\/www.suedzucker.pl\/serwis-plantatorski\/doswiadczenia\/wyniki-doswiadczen-2024\/herbicydowe-2024\/","og_site_name":"S\u00fcdzucker Polska","article_modified_time":"2024-07-01T07:36:22+00:00","og_image":[{"url":"https:\/\/www.suedzucker.pl\/wp-content\/uploads\/2024\/07\/Warianty-1024x575.png","type":"","width":"","height":""}],"twitter_card":"summary_large_image","twitter_misc":{"Est. reading time":"1 minute"},"schema":{"@context":"https:\/\/schema.org","@graph":[{"@type":"WebPage","@id":"https:\/\/www.suedzucker.pl\/serwis-plantatorski\/doswiadczenia\/wyniki-doswiadczen-2024\/herbicydowe-2024\/","url":"https:\/\/www.suedzucker.pl\/serwis-plantatorski\/doswiadczenia\/wyniki-doswiadczen-2024\/herbicydowe-2024\/","name":"Herbicydowe 2024 - S\u00fcdzucker Polska","isPartOf":{"@id":"https:\/\/www.suedzucker.pl\/en\/#website"},"primaryImageOfPage":{"@id":"https:\/\/www.suedzucker.pl\/serwis-plantatorski\/doswiadczenia\/wyniki-doswiadczen-2024\/herbicydowe-2024\/#primaryimage"},"image":{"@id":"https:\/\/www.suedzucker.pl\/serwis-plantatorski\/doswiadczenia\/wyniki-doswiadczen-2024\/herbicydowe-2024\/#primaryimage"},"thumbnailUrl":"https:\/\/www.suedzucker.pl\/wp-content\/uploads\/2024\/07\/Warianty-1024x575.png","datePublished":"2024-07-01T07:31:37+00:00","dateModified":"2024-07-01T07:36:22+00:00","breadcrumb":{"@id":"https:\/\/www.suedzucker.pl\/serwis-plantatorski\/doswiadczenia\/wyniki-doswiadczen-2024\/herbicydowe-2024\/#breadcrumb"},"inLanguage":"en-US","potentialAction":[{"@type":"ReadAction","target":["https:\/\/www.suedzucker.pl\/serwis-plantatorski\/doswiadczenia\/wyniki-doswiadczen-2024\/herbicydowe-2024\/"]}]},{"@type":"ImageObject","inLanguage":"en-US","@id":"https:\/\/www.suedzucker.pl\/serwis-plantatorski\/doswiadczenia\/wyniki-doswiadczen-2024\/herbicydowe-2024\/#primaryimage","url":"https:\/\/www.suedzucker.pl\/wp-content\/uploads\/2024\/07\/Warianty-1024x575.png","contentUrl":"https:\/\/www.suedzucker.pl\/wp-content\/uploads\/2024\/07\/Warianty-1024x575.png"},{"@type":"BreadcrumbList","@id":"https:\/\/www.suedzucker.pl\/serwis-plantatorski\/doswiadczenia\/wyniki-doswiadczen-2024\/herbicydowe-2024\/#breadcrumb","itemListElement":[{"@type":"ListItem","position":1,"name":"Home page","item":"https:\/\/www.suedzucker.pl\/en\/serwis-plantatorski\/"},{"@type":"ListItem","position":2,"name":"Do\u015bwiadczenia","item":"https:\/\/www.suedzucker.pl\/serwis-plantatorski\/doswiadczenia\/"},{"@type":"ListItem","position":3,"name":"Wyniki do\u015bwiadcze\u0144 2024","item":"https:\/\/www.suedzucker.pl\/serwis-plantatorski\/doswiadczenia\/wyniki-doswiadczen-2024\/"},{"@type":"ListItem","position":4,"name":"Herbicydowe 2024"}]},{"@type":"WebSite","@id":"https:\/\/www.suedzucker.pl\/en\/#website","url":"https:\/\/www.suedzucker.pl\/en\/","name":"S\u00fcdzucker Polska","description":"Jeste\u015bmy wiod\u0105cym producentem cukru w Polsce","potentialAction":[{"@type":"SearchAction","target":{"@type":"EntryPoint","urlTemplate":"https:\/\/www.suedzucker.pl\/en\/?s={search_term_string}"},"query-input":{"@type":"PropertyValueSpecification","valueRequired":true,"valueName":"search_term_string"}}],"inLanguage":"en-US"}]}},"_links":{"self":[{"href":"https:\/\/www.suedzucker.pl\/en\/wp-json\/wp\/v2\/pages\/22002","targetHints":{"allow":["GET"]}}],"collection":[{"href":"https:\/\/www.suedzucker.pl\/en\/wp-json\/wp\/v2\/pages"}],"about":[{"href":"https:\/\/www.suedzucker.pl\/en\/wp-json\/wp\/v2\/types\/page"}],"author":[{"embeddable":true,"href":"https:\/\/www.suedzucker.pl\/en\/wp-json\/wp\/v2\/users\/4"}],"replies":[{"embeddable":true,"href":"https:\/\/www.suedzucker.pl\/en\/wp-json\/wp\/v2\/comments?post=22002"}],"version-history":[{"count":2,"href":"https:\/\/www.suedzucker.pl\/en\/wp-json\/wp\/v2\/pages\/22002\/revisions"}],"predecessor-version":[{"id":22009,"href":"https:\/\/www.suedzucker.pl\/en\/wp-json\/wp\/v2\/pages\/22002\/revisions\/22009"}],"up":[{"embeddable":true,"href":"https:\/\/www.suedzucker.pl\/en\/wp-json\/wp\/v2\/pages\/21751"}],"wp:attachment":[{"href":"https:\/\/www.suedzucker.pl\/en\/wp-json\/wp\/v2\/media?parent=22002"}],"curies":[{"name":"wp","href":"https:\/\/api.w.org\/{rel}","templated":true}]}}