{"id":22363,"date":"2024-08-28T11:18:38","date_gmt":"2024-08-28T09:18:38","guid":{"rendered":"https:\/\/www.suedzucker.pl\/?page_id=22363"},"modified":"2024-11-20T09:25:11","modified_gmt":"2024-11-20T08:25:11","slug":"fungicydowe-2024","status":"publish","type":"page","link":"https:\/\/www.suedzucker.pl\/en\/serwis-plantatorski\/doswiadczenia\/wyniki-doswiadczen-2024\/fungicydowe-2024\/","title":{"rendered":"Fungicydowe 2024"},"content":{"rendered":"\n<h4 class=\"wp-block-heading\">Do\u015bwiadczenie fungicydowe 2024 &#8211; Warianty ochrony, dawki, terminy<\/h4>\n\n\n<div class=\"wp-block-image\">\n<figure class=\"aligncenter size-large\"><a href=\"https:\/\/www.suedzucker.pl\/wp-content\/uploads\/2024\/08\/Warianty-ochrony.png\"><img loading=\"lazy\" decoding=\"async\" width=\"1024\" height=\"576\" src=\"https:\/\/www.suedzucker.pl\/wp-content\/uploads\/2024\/08\/Warianty-ochrony-1024x576.png\" alt=\"\" class=\"wp-image-22372\" srcset=\"https:\/\/www.suedzucker.pl\/wp-content\/uploads\/2024\/08\/Warianty-ochrony-1024x576.png 1024w, https:\/\/www.suedzucker.pl\/wp-content\/uploads\/2024\/08\/Warianty-ochrony-300x169.png 300w, https:\/\/www.suedzucker.pl\/wp-content\/uploads\/2024\/08\/Warianty-ochrony-768x432.png 768w, https:\/\/www.suedzucker.pl\/wp-content\/uploads\/2024\/08\/Warianty-ochrony-1536x864.png 1536w, https:\/\/www.suedzucker.pl\/wp-content\/uploads\/2024\/08\/Warianty-ochrony-500x281.png 500w, https:\/\/www.suedzucker.pl\/wp-content\/uploads\/2024\/08\/Warianty-ochrony.png 1805w\" sizes=\"auto, (max-width: 1024px) 100vw, 1024px\" \/><\/a><\/figure>\n<\/div>\n\n\n<h4 class=\"wp-block-heading\">Ocena wyst\u0119powania chwo\u015bcika do\u015bwiadczenie fungicydowe\u00a0 2024<\/h4>\n\n\n<div class=\"wp-block-image\">\n<figure class=\"aligncenter size-large\"><a href=\"https:\/\/www.suedzucker.pl\/wp-content\/uploads\/2024\/11\/1.-Chwoscik.png\"><img loading=\"lazy\" decoding=\"async\" width=\"1024\" height=\"575\" src=\"https:\/\/www.suedzucker.pl\/wp-content\/uploads\/2024\/11\/1.-Chwoscik-1024x575.png\" alt=\"\" class=\"wp-image-22711\" srcset=\"https:\/\/www.suedzucker.pl\/wp-content\/uploads\/2024\/11\/1.-Chwoscik-1024x575.png 1024w, https:\/\/www.suedzucker.pl\/wp-content\/uploads\/2024\/11\/1.-Chwoscik-300x168.png 300w, https:\/\/www.suedzucker.pl\/wp-content\/uploads\/2024\/11\/1.-Chwoscik-768x431.png 768w, https:\/\/www.suedzucker.pl\/wp-content\/uploads\/2024\/11\/1.-Chwoscik-1536x862.png 1536w, https:\/\/www.suedzucker.pl\/wp-content\/uploads\/2024\/11\/1.-Chwoscik-500x281.png 500w, https:\/\/www.suedzucker.pl\/wp-content\/uploads\/2024\/11\/1.-Chwoscik.png 1618w\" sizes=\"auto, (max-width: 1024px) 100vw, 1024px\" \/><\/a><\/figure>\n<\/div>\n\n\n<h4 class=\"wp-block-heading\"><strong><br><br><\/strong>Technologiczny plon cukru i poziom koszt\u00f3w ochrony fungicydowej \u2013 Do\u015bwiadczenia fungicydowe 2024<strong><br><\/strong><br><\/h4>\n\n\n<div class=\"wp-block-image\">\n<figure class=\"aligncenter size-large\"><a href=\"https:\/\/www.suedzucker.pl\/wp-content\/uploads\/2024\/11\/2.-plon-cukru.png\"><img loading=\"lazy\" decoding=\"async\" width=\"1024\" height=\"577\" src=\"https:\/\/www.suedzucker.pl\/wp-content\/uploads\/2024\/11\/2.-plon-cukru-1024x577.png\" alt=\"\" class=\"wp-image-22713\" srcset=\"https:\/\/www.suedzucker.pl\/wp-content\/uploads\/2024\/11\/2.-plon-cukru-1024x577.png 1024w, https:\/\/www.suedzucker.pl\/wp-content\/uploads\/2024\/11\/2.-plon-cukru-300x169.png 300w, https:\/\/www.suedzucker.pl\/wp-content\/uploads\/2024\/11\/2.-plon-cukru-768x432.png 768w, https:\/\/www.suedzucker.pl\/wp-content\/uploads\/2024\/11\/2.-plon-cukru-1536x865.png 1536w, https:\/\/www.suedzucker.pl\/wp-content\/uploads\/2024\/11\/2.-plon-cukru-500x282.png 500w, https:\/\/www.suedzucker.pl\/wp-content\/uploads\/2024\/11\/2.-plon-cukru.png 1618w\" sizes=\"auto, (max-width: 1024px) 100vw, 1024px\" \/><\/a><\/figure>\n<\/div>\n\n\n<h4 class=\"wp-block-heading\"><strong><br><br><\/strong>Plon korzeni \u2013 Do\u015bwiadczenia fungicydowe 2024<strong><br><\/strong><br><\/h4>\n\n\n<div class=\"wp-block-image\">\n<figure class=\"aligncenter size-large\"><a href=\"https:\/\/www.suedzucker.pl\/wp-content\/uploads\/2024\/11\/3.-plon-korzeni.png\"><img loading=\"lazy\" decoding=\"async\" width=\"1024\" height=\"577\" src=\"https:\/\/www.suedzucker.pl\/wp-content\/uploads\/2024\/11\/3.-plon-korzeni-1024x577.png\" alt=\"\" class=\"wp-image-22714\" srcset=\"https:\/\/www.suedzucker.pl\/wp-content\/uploads\/2024\/11\/3.-plon-korzeni-1024x577.png 1024w, https:\/\/www.suedzucker.pl\/wp-content\/uploads\/2024\/11\/3.-plon-korzeni-300x169.png 300w, https:\/\/www.suedzucker.pl\/wp-content\/uploads\/2024\/11\/3.-plon-korzeni-768x433.png 768w, https:\/\/www.suedzucker.pl\/wp-content\/uploads\/2024\/11\/3.-plon-korzeni-1536x865.png 1536w, https:\/\/www.suedzucker.pl\/wp-content\/uploads\/2024\/11\/3.-plon-korzeni-500x282.png 500w, https:\/\/www.suedzucker.pl\/wp-content\/uploads\/2024\/11\/3.-plon-korzeni.png 1612w\" sizes=\"auto, (max-width: 1024px) 100vw, 1024px\" \/><\/a><\/figure>\n<\/div>\n\n\n<h4 class=\"wp-block-heading\"><strong><br><br><\/strong>Polaryzacja \u2013 Do\u015bwiadczenia fungicydowe 2024<strong><br><\/strong><br><\/h4>\n\n\n<div class=\"wp-block-image\">\n<figure class=\"aligncenter size-large\"><a href=\"https:\/\/www.suedzucker.pl\/wp-content\/uploads\/2024\/11\/4.-polaryzacja.png\"><img loading=\"lazy\" decoding=\"async\" width=\"1024\" height=\"575\" src=\"https:\/\/www.suedzucker.pl\/wp-content\/uploads\/2024\/11\/4.-polaryzacja-1024x575.png\" alt=\"\" class=\"wp-image-22715\" srcset=\"https:\/\/www.suedzucker.pl\/wp-content\/uploads\/2024\/11\/4.-polaryzacja-1024x575.png 1024w, https:\/\/www.suedzucker.pl\/wp-content\/uploads\/2024\/11\/4.-polaryzacja-300x169.png 300w, https:\/\/www.suedzucker.pl\/wp-content\/uploads\/2024\/11\/4.-polaryzacja-768x432.png 768w, https:\/\/www.suedzucker.pl\/wp-content\/uploads\/2024\/11\/4.-polaryzacja-1536x863.png 1536w, https:\/\/www.suedzucker.pl\/wp-content\/uploads\/2024\/11\/4.-polaryzacja-500x281.png 500w, https:\/\/www.suedzucker.pl\/wp-content\/uploads\/2024\/11\/4.-polaryzacja.png 1616w\" sizes=\"auto, (max-width: 1024px) 100vw, 1024px\" \/><\/a><\/figure>\n<\/div>\n\n\n<h4 class=\"wp-block-heading\"><strong><br><br><\/strong>Zawarto\u015b\u0107 melasotwor\u00f3w \u2013 Do\u015bwiadczenia fungicydowe 2024<strong><br><\/strong><br><\/h4>\n\n\n<div class=\"wp-block-image\">\n<figure class=\"aligncenter size-large\"><a href=\"https:\/\/www.suedzucker.pl\/wp-content\/uploads\/2024\/11\/5.-melasotwory.png\"><img loading=\"lazy\" decoding=\"async\" width=\"1024\" height=\"576\" src=\"https:\/\/www.suedzucker.pl\/wp-content\/uploads\/2024\/11\/5.-melasotwory-1024x576.png\" alt=\"\" class=\"wp-image-22716\" srcset=\"https:\/\/www.suedzucker.pl\/wp-content\/uploads\/2024\/11\/5.-melasotwory-1024x576.png 1024w, https:\/\/www.suedzucker.pl\/wp-content\/uploads\/2024\/11\/5.-melasotwory-300x169.png 300w, https:\/\/www.suedzucker.pl\/wp-content\/uploads\/2024\/11\/5.-melasotwory-768x432.png 768w, https:\/\/www.suedzucker.pl\/wp-content\/uploads\/2024\/11\/5.-melasotwory-1536x864.png 1536w, https:\/\/www.suedzucker.pl\/wp-content\/uploads\/2024\/11\/5.-melasotwory-500x281.png 500w, https:\/\/www.suedzucker.pl\/wp-content\/uploads\/2024\/11\/5.-melasotwory.png 1618w\" sizes=\"auto, (max-width: 1024px) 100vw, 1024px\" \/><\/a><\/figure>\n<\/div>\n\n\n<h4 class=\"wp-block-heading\"><strong><br><br><\/strong>Zawarto\u015b\u0107 azotu \u03b1-aminowego \u2013 Do\u015bwiadczenia fungicydowe 2024<strong><br><\/strong><br><\/h4>\n\n\n<div class=\"wp-block-image\">\n<figure class=\"aligncenter size-large\"><a href=\"https:\/\/www.suedzucker.pl\/wp-content\/uploads\/2024\/11\/6.-azot-alfa.png\"><img loading=\"lazy\" decoding=\"async\" width=\"1024\" height=\"571\" src=\"https:\/\/www.suedzucker.pl\/wp-content\/uploads\/2024\/11\/6.-azot-alfa-1024x571.png\" alt=\"\" class=\"wp-image-22717\" srcset=\"https:\/\/www.suedzucker.pl\/wp-content\/uploads\/2024\/11\/6.-azot-alfa-1024x571.png 1024w, https:\/\/www.suedzucker.pl\/wp-content\/uploads\/2024\/11\/6.-azot-alfa-300x167.png 300w, https:\/\/www.suedzucker.pl\/wp-content\/uploads\/2024\/11\/6.-azot-alfa-768x428.png 768w, https:\/\/www.suedzucker.pl\/wp-content\/uploads\/2024\/11\/6.-azot-alfa-1536x856.png 1536w, https:\/\/www.suedzucker.pl\/wp-content\/uploads\/2024\/11\/6.-azot-alfa-500x279.png 500w, https:\/\/www.suedzucker.pl\/wp-content\/uploads\/2024\/11\/6.-azot-alfa.png 1611w\" sizes=\"auto, (max-width: 1024px) 100vw, 1024px\" \/><\/a><\/figure>\n<\/div>","protected":false},"excerpt":{"rendered":"<p>Do\u015bwiadczenie fungicydowe 2024 &#8211; Warianty ochrony, dawki, terminy Ocena wyst\u0119powania chwo\u015bcika do\u015bwiadczenie fungicydowe\u00a0 2024 Technologiczny plon cukru i poziom koszt\u00f3w ochrony fungicydowej \u2013 Do\u015bwiadczenia fungicydowe 2024 Plon korzeni \u2013 Do\u015bwiadczenia&#8230;<\/p>\n","protected":false},"author":4,"featured_media":0,"parent":21751,"menu_order":3,"comment_status":"closed","ping_status":"closed","template":"","meta":{"_acf_changed":false,"inline_featured_image":false,"footnotes":"","_wp_rev_ctl_limit":""},"class_list":["post-22363","page","type-page","status-publish","hentry"],"acf":[],"yoast_head":"<!-- This site is optimized with the Yoast SEO plugin v27.3 - https:\/\/yoast.com\/product\/yoast-seo-wordpress\/ -->\n<title>Fungicydowe 2024 - S\u00fcdzucker Polska<\/title>\n<meta name=\"robots\" content=\"index, follow, max-snippet:-1, max-image-preview:large, max-video-preview:-1\" \/>\n<link rel=\"canonical\" href=\"https:\/\/www.suedzucker.pl\/serwis-plantatorski\/doswiadczenia\/wyniki-doswiadczen-2024\/fungicydowe-2024\/\" \/>\n<meta property=\"og:locale\" content=\"en_US\" \/>\n<meta property=\"og:type\" content=\"article\" \/>\n<meta property=\"og:title\" content=\"Fungicydowe 2024 - S\u00fcdzucker Polska\" \/>\n<meta property=\"og:description\" content=\"Do\u015bwiadczenie fungicydowe 2024 &#8211; Warianty ochrony, dawki, terminy Ocena wyst\u0119powania chwo\u015bcika do\u015bwiadczenie fungicydowe\u00a0 2024 Technologiczny plon cukru i poziom koszt\u00f3w ochrony fungicydowej \u2013 Do\u015bwiadczenia fungicydowe 2024 Plon korzeni \u2013 Do\u015bwiadczenia...\" \/>\n<meta property=\"og:url\" content=\"https:\/\/www.suedzucker.pl\/serwis-plantatorski\/doswiadczenia\/wyniki-doswiadczen-2024\/fungicydowe-2024\/\" \/>\n<meta property=\"og:site_name\" content=\"S\u00fcdzucker Polska\" \/>\n<meta property=\"article:modified_time\" content=\"2024-11-20T08:25:11+00:00\" \/>\n<meta property=\"og:image\" content=\"https:\/\/www.suedzucker.pl\/wp-content\/uploads\/2024\/08\/Warianty-ochrony-1024x576.png\" \/>\n<meta name=\"twitter:card\" content=\"summary_large_image\" \/>\n<meta name=\"twitter:label1\" content=\"Est. reading time\" \/>\n\t<meta name=\"twitter:data1\" content=\"2 minutes\" \/>\n<script type=\"application\/ld+json\" class=\"yoast-schema-graph\">{\"@context\":\"https:\\\/\\\/schema.org\",\"@graph\":[{\"@type\":\"WebPage\",\"@id\":\"https:\\\/\\\/www.suedzucker.pl\\\/serwis-plantatorski\\\/doswiadczenia\\\/wyniki-doswiadczen-2024\\\/fungicydowe-2024\\\/\",\"url\":\"https:\\\/\\\/www.suedzucker.pl\\\/serwis-plantatorski\\\/doswiadczenia\\\/wyniki-doswiadczen-2024\\\/fungicydowe-2024\\\/\",\"name\":\"Fungicydowe 2024 - S\u00fcdzucker Polska\",\"isPartOf\":{\"@id\":\"https:\\\/\\\/www.suedzucker.pl\\\/en\\\/#website\"},\"primaryImageOfPage\":{\"@id\":\"https:\\\/\\\/www.suedzucker.pl\\\/serwis-plantatorski\\\/doswiadczenia\\\/wyniki-doswiadczen-2024\\\/fungicydowe-2024\\\/#primaryimage\"},\"image\":{\"@id\":\"https:\\\/\\\/www.suedzucker.pl\\\/serwis-plantatorski\\\/doswiadczenia\\\/wyniki-doswiadczen-2024\\\/fungicydowe-2024\\\/#primaryimage\"},\"thumbnailUrl\":\"https:\\\/\\\/www.suedzucker.pl\\\/wp-content\\\/uploads\\\/2024\\\/08\\\/Warianty-ochrony-1024x576.png\",\"datePublished\":\"2024-08-28T09:18:38+00:00\",\"dateModified\":\"2024-11-20T08:25:11+00:00\",\"breadcrumb\":{\"@id\":\"https:\\\/\\\/www.suedzucker.pl\\\/serwis-plantatorski\\\/doswiadczenia\\\/wyniki-doswiadczen-2024\\\/fungicydowe-2024\\\/#breadcrumb\"},\"inLanguage\":\"en-US\",\"potentialAction\":[{\"@type\":\"ReadAction\",\"target\":[\"https:\\\/\\\/www.suedzucker.pl\\\/serwis-plantatorski\\\/doswiadczenia\\\/wyniki-doswiadczen-2024\\\/fungicydowe-2024\\\/\"]}]},{\"@type\":\"ImageObject\",\"inLanguage\":\"en-US\",\"@id\":\"https:\\\/\\\/www.suedzucker.pl\\\/serwis-plantatorski\\\/doswiadczenia\\\/wyniki-doswiadczen-2024\\\/fungicydowe-2024\\\/#primaryimage\",\"url\":\"https:\\\/\\\/www.suedzucker.pl\\\/wp-content\\\/uploads\\\/2024\\\/08\\\/Warianty-ochrony-1024x576.png\",\"contentUrl\":\"https:\\\/\\\/www.suedzucker.pl\\\/wp-content\\\/uploads\\\/2024\\\/08\\\/Warianty-ochrony-1024x576.png\"},{\"@type\":\"BreadcrumbList\",\"@id\":\"https:\\\/\\\/www.suedzucker.pl\\\/serwis-plantatorski\\\/doswiadczenia\\\/wyniki-doswiadczen-2024\\\/fungicydowe-2024\\\/#breadcrumb\",\"itemListElement\":[{\"@type\":\"ListItem\",\"position\":1,\"name\":\"Home page\",\"item\":\"https:\\\/\\\/www.suedzucker.pl\\\/en\\\/serwis-plantatorski\\\/\"},{\"@type\":\"ListItem\",\"position\":2,\"name\":\"Do\u015bwiadczenia\",\"item\":\"https:\\\/\\\/www.suedzucker.pl\\\/serwis-plantatorski\\\/doswiadczenia\\\/\"},{\"@type\":\"ListItem\",\"position\":3,\"name\":\"Wyniki do\u015bwiadcze\u0144 2024\",\"item\":\"https:\\\/\\\/www.suedzucker.pl\\\/serwis-plantatorski\\\/doswiadczenia\\\/wyniki-doswiadczen-2024\\\/\"},{\"@type\":\"ListItem\",\"position\":4,\"name\":\"Fungicydowe 2024\"}]},{\"@type\":\"WebSite\",\"@id\":\"https:\\\/\\\/www.suedzucker.pl\\\/en\\\/#website\",\"url\":\"https:\\\/\\\/www.suedzucker.pl\\\/en\\\/\",\"name\":\"S\u00fcdzucker Polska\",\"description\":\"Jeste\u015bmy wiod\u0105cym producentem cukru w Polsce\",\"potentialAction\":[{\"@type\":\"SearchAction\",\"target\":{\"@type\":\"EntryPoint\",\"urlTemplate\":\"https:\\\/\\\/www.suedzucker.pl\\\/en\\\/?s={search_term_string}\"},\"query-input\":{\"@type\":\"PropertyValueSpecification\",\"valueRequired\":true,\"valueName\":\"search_term_string\"}}],\"inLanguage\":\"en-US\"}]}<\/script>\n<!-- \/ Yoast SEO plugin. -->","yoast_head_json":{"title":"Fungicydowe 2024 - S\u00fcdzucker Polska","robots":{"index":"index","follow":"follow","max-snippet":"max-snippet:-1","max-image-preview":"max-image-preview:large","max-video-preview":"max-video-preview:-1"},"canonical":"https:\/\/www.suedzucker.pl\/serwis-plantatorski\/doswiadczenia\/wyniki-doswiadczen-2024\/fungicydowe-2024\/","og_locale":"en_US","og_type":"article","og_title":"Fungicydowe 2024 - S\u00fcdzucker Polska","og_description":"Do\u015bwiadczenie fungicydowe 2024 &#8211; Warianty ochrony, dawki, terminy Ocena wyst\u0119powania chwo\u015bcika do\u015bwiadczenie fungicydowe\u00a0 2024 Technologiczny plon cukru i poziom koszt\u00f3w ochrony fungicydowej \u2013 Do\u015bwiadczenia fungicydowe 2024 Plon korzeni \u2013 Do\u015bwiadczenia...","og_url":"https:\/\/www.suedzucker.pl\/serwis-plantatorski\/doswiadczenia\/wyniki-doswiadczen-2024\/fungicydowe-2024\/","og_site_name":"S\u00fcdzucker Polska","article_modified_time":"2024-11-20T08:25:11+00:00","og_image":[{"url":"https:\/\/www.suedzucker.pl\/wp-content\/uploads\/2024\/08\/Warianty-ochrony-1024x576.png","type":"","width":"","height":""}],"twitter_card":"summary_large_image","twitter_misc":{"Est. reading time":"2 minutes"},"schema":{"@context":"https:\/\/schema.org","@graph":[{"@type":"WebPage","@id":"https:\/\/www.suedzucker.pl\/serwis-plantatorski\/doswiadczenia\/wyniki-doswiadczen-2024\/fungicydowe-2024\/","url":"https:\/\/www.suedzucker.pl\/serwis-plantatorski\/doswiadczenia\/wyniki-doswiadczen-2024\/fungicydowe-2024\/","name":"Fungicydowe 2024 - S\u00fcdzucker Polska","isPartOf":{"@id":"https:\/\/www.suedzucker.pl\/en\/#website"},"primaryImageOfPage":{"@id":"https:\/\/www.suedzucker.pl\/serwis-plantatorski\/doswiadczenia\/wyniki-doswiadczen-2024\/fungicydowe-2024\/#primaryimage"},"image":{"@id":"https:\/\/www.suedzucker.pl\/serwis-plantatorski\/doswiadczenia\/wyniki-doswiadczen-2024\/fungicydowe-2024\/#primaryimage"},"thumbnailUrl":"https:\/\/www.suedzucker.pl\/wp-content\/uploads\/2024\/08\/Warianty-ochrony-1024x576.png","datePublished":"2024-08-28T09:18:38+00:00","dateModified":"2024-11-20T08:25:11+00:00","breadcrumb":{"@id":"https:\/\/www.suedzucker.pl\/serwis-plantatorski\/doswiadczenia\/wyniki-doswiadczen-2024\/fungicydowe-2024\/#breadcrumb"},"inLanguage":"en-US","potentialAction":[{"@type":"ReadAction","target":["https:\/\/www.suedzucker.pl\/serwis-plantatorski\/doswiadczenia\/wyniki-doswiadczen-2024\/fungicydowe-2024\/"]}]},{"@type":"ImageObject","inLanguage":"en-US","@id":"https:\/\/www.suedzucker.pl\/serwis-plantatorski\/doswiadczenia\/wyniki-doswiadczen-2024\/fungicydowe-2024\/#primaryimage","url":"https:\/\/www.suedzucker.pl\/wp-content\/uploads\/2024\/08\/Warianty-ochrony-1024x576.png","contentUrl":"https:\/\/www.suedzucker.pl\/wp-content\/uploads\/2024\/08\/Warianty-ochrony-1024x576.png"},{"@type":"BreadcrumbList","@id":"https:\/\/www.suedzucker.pl\/serwis-plantatorski\/doswiadczenia\/wyniki-doswiadczen-2024\/fungicydowe-2024\/#breadcrumb","itemListElement":[{"@type":"ListItem","position":1,"name":"Home page","item":"https:\/\/www.suedzucker.pl\/en\/serwis-plantatorski\/"},{"@type":"ListItem","position":2,"name":"Do\u015bwiadczenia","item":"https:\/\/www.suedzucker.pl\/serwis-plantatorski\/doswiadczenia\/"},{"@type":"ListItem","position":3,"name":"Wyniki do\u015bwiadcze\u0144 2024","item":"https:\/\/www.suedzucker.pl\/serwis-plantatorski\/doswiadczenia\/wyniki-doswiadczen-2024\/"},{"@type":"ListItem","position":4,"name":"Fungicydowe 2024"}]},{"@type":"WebSite","@id":"https:\/\/www.suedzucker.pl\/en\/#website","url":"https:\/\/www.suedzucker.pl\/en\/","name":"S\u00fcdzucker Polska","description":"Jeste\u015bmy wiod\u0105cym producentem cukru w Polsce","potentialAction":[{"@type":"SearchAction","target":{"@type":"EntryPoint","urlTemplate":"https:\/\/www.suedzucker.pl\/en\/?s={search_term_string}"},"query-input":{"@type":"PropertyValueSpecification","valueRequired":true,"valueName":"search_term_string"}}],"inLanguage":"en-US"}]}},"_links":{"self":[{"href":"https:\/\/www.suedzucker.pl\/en\/wp-json\/wp\/v2\/pages\/22363","targetHints":{"allow":["GET"]}}],"collection":[{"href":"https:\/\/www.suedzucker.pl\/en\/wp-json\/wp\/v2\/pages"}],"about":[{"href":"https:\/\/www.suedzucker.pl\/en\/wp-json\/wp\/v2\/types\/page"}],"author":[{"embeddable":true,"href":"https:\/\/www.suedzucker.pl\/en\/wp-json\/wp\/v2\/users\/4"}],"replies":[{"embeddable":true,"href":"https:\/\/www.suedzucker.pl\/en\/wp-json\/wp\/v2\/comments?post=22363"}],"version-history":[{"count":4,"href":"https:\/\/www.suedzucker.pl\/en\/wp-json\/wp\/v2\/pages\/22363\/revisions"}],"predecessor-version":[{"id":22718,"href":"https:\/\/www.suedzucker.pl\/en\/wp-json\/wp\/v2\/pages\/22363\/revisions\/22718"}],"up":[{"embeddable":true,"href":"https:\/\/www.suedzucker.pl\/en\/wp-json\/wp\/v2\/pages\/21751"}],"wp:attachment":[{"href":"https:\/\/www.suedzucker.pl\/en\/wp-json\/wp\/v2\/media?parent=22363"}],"curies":[{"name":"wp","href":"https:\/\/api.w.org\/{rel}","templated":true}]}}