{"id":23502,"date":"2025-05-06T09:24:33","date_gmt":"2025-05-06T07:24:33","guid":{"rendered":"https:\/\/www.suedzucker.pl\/?page_id=23502"},"modified":"2025-12-03T11:18:33","modified_gmt":"2025-12-03T10:18:33","slug":"odmianowe-2025","status":"publish","type":"page","link":"https:\/\/www.suedzucker.pl\/en\/serwis-plantatorski\/doswiadczenia\/wyniki-doswiadczen-2025\/odmianowe-2025\/","title":{"rendered":"Odmianowe 2025"},"content":{"rendered":"\n<h4 class=\"wp-block-heading\">PZW % po 21 dniach &#8211; Do\u015bwiadczenie odmianowe 2025 \u2013 8 lokalizacji<\/h4>\n\n\n<div class=\"wp-block-image\">\n<figure class=\"aligncenter size-large\"><a href=\"https:\/\/www.suedzucker.pl\/wp-content\/uploads\/2025\/05\/PZW_odm_21.png\"><img loading=\"lazy\" decoding=\"async\" width=\"1024\" height=\"575\" src=\"https:\/\/www.suedzucker.pl\/wp-content\/uploads\/2025\/05\/PZW_odm_21-1024x575.png\" alt=\"\" class=\"wp-image-23506\" srcset=\"https:\/\/www.suedzucker.pl\/wp-content\/uploads\/2025\/05\/PZW_odm_21-1024x575.png 1024w, https:\/\/www.suedzucker.pl\/wp-content\/uploads\/2025\/05\/PZW_odm_21-300x169.png 300w, https:\/\/www.suedzucker.pl\/wp-content\/uploads\/2025\/05\/PZW_odm_21-768x431.png 768w, https:\/\/www.suedzucker.pl\/wp-content\/uploads\/2025\/05\/PZW_odm_21-1536x863.png 1536w, https:\/\/www.suedzucker.pl\/wp-content\/uploads\/2025\/05\/PZW_odm_21-500x281.png 500w, https:\/\/www.suedzucker.pl\/wp-content\/uploads\/2025\/05\/PZW_odm_21.png 1750w\" sizes=\"auto, (max-width: 1024px) 100vw, 1024px\" \/><\/a><\/figure>\n<\/div>\n\n\n<h4 class=\"wp-block-heading\">Ko\u0144cowa PZW % po 28 dniach &#8211; Do\u015bwiadczenie odmianowe 2025 \u2013 8 lokalizacji<\/h4>\n\n\n<div class=\"wp-block-image\">\n<figure class=\"aligncenter size-large\"><a href=\"https:\/\/www.suedzucker.pl\/wp-content\/uploads\/2025\/05\/PZW_odm_28.png\"><img loading=\"lazy\" decoding=\"async\" width=\"1024\" height=\"574\" src=\"https:\/\/www.suedzucker.pl\/wp-content\/uploads\/2025\/05\/PZW_odm_28-1024x574.png\" alt=\"\" class=\"wp-image-23508\" srcset=\"https:\/\/www.suedzucker.pl\/wp-content\/uploads\/2025\/05\/PZW_odm_28-1024x574.png 1024w, https:\/\/www.suedzucker.pl\/wp-content\/uploads\/2025\/05\/PZW_odm_28-300x168.png 300w, https:\/\/www.suedzucker.pl\/wp-content\/uploads\/2025\/05\/PZW_odm_28-768x431.png 768w, https:\/\/www.suedzucker.pl\/wp-content\/uploads\/2025\/05\/PZW_odm_28-1536x862.png 1536w, https:\/\/www.suedzucker.pl\/wp-content\/uploads\/2025\/05\/PZW_odm_28-500x281.png 500w, https:\/\/www.suedzucker.pl\/wp-content\/uploads\/2025\/05\/PZW_odm_28.png 1754w\" sizes=\"auto, (max-width: 1024px) 100vw, 1024px\" \/><\/a><\/figure>\n<\/div>\n\n\n<h4 class=\"wp-block-heading\">Ko\u0144cowa PZW % po 28 dniach &#8211; Do\u015bwiadczenie odmianowe 2025 &#8211; \u015brednia dla firm nasiennych<\/h4>\n\n\n<div class=\"wp-block-image\">\n<figure class=\"aligncenter size-large\"><a href=\"https:\/\/www.suedzucker.pl\/wp-content\/uploads\/2025\/05\/PZW_odm_28_sr-firm.png\"><img loading=\"lazy\" decoding=\"async\" width=\"1024\" height=\"576\" src=\"https:\/\/www.suedzucker.pl\/wp-content\/uploads\/2025\/05\/PZW_odm_28_sr-firm-1024x576.png\" alt=\"\" class=\"wp-image-23509\" srcset=\"https:\/\/www.suedzucker.pl\/wp-content\/uploads\/2025\/05\/PZW_odm_28_sr-firm-1024x576.png 1024w, https:\/\/www.suedzucker.pl\/wp-content\/uploads\/2025\/05\/PZW_odm_28_sr-firm-300x169.png 300w, https:\/\/www.suedzucker.pl\/wp-content\/uploads\/2025\/05\/PZW_odm_28_sr-firm-768x432.png 768w, https:\/\/www.suedzucker.pl\/wp-content\/uploads\/2025\/05\/PZW_odm_28_sr-firm-1536x863.png 1536w, https:\/\/www.suedzucker.pl\/wp-content\/uploads\/2025\/05\/PZW_odm_28_sr-firm-500x281.png 500w, https:\/\/www.suedzucker.pl\/wp-content\/uploads\/2025\/05\/PZW_odm_28_sr-firm.png 1749w\" sizes=\"auto, (max-width: 1024px) 100vw, 1024px\" \/><\/a><\/figure>\n<\/div>\n\n\n<h4 class=\"wp-block-heading\">Liczba po\u015bpiech\u00f3w i burakochwast\u00f3w \u2013 do\u015bwiadczenia odmianowe 2025<\/h4>\n\n\n\n<p><em>Dopuszczalna norma \u2013 0,5 \u2030\/ha<\/em><\/p>\n\n\n<div class=\"wp-block-image\">\n<figure class=\"aligncenter size-large is-resized\"><a href=\"https:\/\/www.suedzucker.pl\/wp-content\/uploads\/2025\/07\/image-1.png\"><img loading=\"lazy\" decoding=\"async\" width=\"1024\" height=\"494\" src=\"https:\/\/www.suedzucker.pl\/wp-content\/uploads\/2025\/07\/image-1-1024x494.png\" alt=\"\" class=\"wp-image-23907\" style=\"width:1024px;height:auto\" srcset=\"https:\/\/www.suedzucker.pl\/wp-content\/uploads\/2025\/07\/image-1-1024x494.png 1024w, https:\/\/www.suedzucker.pl\/wp-content\/uploads\/2025\/07\/image-1-300x145.png 300w, https:\/\/www.suedzucker.pl\/wp-content\/uploads\/2025\/07\/image-1-768x370.png 768w, https:\/\/www.suedzucker.pl\/wp-content\/uploads\/2025\/07\/image-1-1536x740.png 1536w, https:\/\/www.suedzucker.pl\/wp-content\/uploads\/2025\/07\/image-1-500x241.png 500w, https:\/\/www.suedzucker.pl\/wp-content\/uploads\/2025\/07\/image-1.png 1591w\" sizes=\"auto, (max-width: 1024px) 100vw, 1024px\" \/><\/a><\/figure>\n<\/div>\n\n\n<div style=\"height:100px\" aria-hidden=\"true\" class=\"wp-block-spacer\"><\/div>\n\n\n<div class=\"wp-block-image\">\n<figure class=\"aligncenter size-large\"><a href=\"https:\/\/www.suedzucker.pl\/wp-content\/uploads\/2025\/07\/image-2.png\"><img loading=\"lazy\" decoding=\"async\" width=\"1024\" height=\"446\" src=\"https:\/\/www.suedzucker.pl\/wp-content\/uploads\/2025\/07\/image-2-1024x446.png\" alt=\"\" class=\"wp-image-23908\" srcset=\"https:\/\/www.suedzucker.pl\/wp-content\/uploads\/2025\/07\/image-2-1024x446.png 1024w, https:\/\/www.suedzucker.pl\/wp-content\/uploads\/2025\/07\/image-2-300x131.png 300w, https:\/\/www.suedzucker.pl\/wp-content\/uploads\/2025\/07\/image-2-768x334.png 768w, https:\/\/www.suedzucker.pl\/wp-content\/uploads\/2025\/07\/image-2-1536x669.png 1536w, https:\/\/www.suedzucker.pl\/wp-content\/uploads\/2025\/07\/image-2-500x218.png 500w, https:\/\/www.suedzucker.pl\/wp-content\/uploads\/2025\/07\/image-2.png 1810w\" sizes=\"auto, (max-width: 1024px) 100vw, 1024px\" \/><\/a><\/figure>\n<\/div>\n\n\n<h4 class=\"wp-block-heading\">Zdrowotno\u015b\u0107 li\u015bci \u2013 do\u015bwiadczenia odmianowe 2025 \u2013 8 lokalizacji<\/h4>\n\n\n<div class=\"wp-block-image\">\n<figure class=\"aligncenter size-large is-resized\"><a href=\"https:\/\/www.suedzucker.pl\/wp-content\/uploads\/2025\/12\/1.-zdrowotnosc-lisci.png\"><img loading=\"lazy\" decoding=\"async\" width=\"1024\" height=\"580\" src=\"https:\/\/www.suedzucker.pl\/wp-content\/uploads\/2025\/12\/1.-zdrowotnosc-lisci-1024x580.png\" alt=\"\" class=\"wp-image-24489\" style=\"width:1024px;height:auto\" srcset=\"https:\/\/www.suedzucker.pl\/wp-content\/uploads\/2025\/12\/1.-zdrowotnosc-lisci-1024x580.png 1024w, https:\/\/www.suedzucker.pl\/wp-content\/uploads\/2025\/12\/1.-zdrowotnosc-lisci-300x170.png 300w, https:\/\/www.suedzucker.pl\/wp-content\/uploads\/2025\/12\/1.-zdrowotnosc-lisci-768x435.png 768w, https:\/\/www.suedzucker.pl\/wp-content\/uploads\/2025\/12\/1.-zdrowotnosc-lisci-1536x869.png 1536w, https:\/\/www.suedzucker.pl\/wp-content\/uploads\/2025\/12\/1.-zdrowotnosc-lisci-500x283.png 500w, https:\/\/www.suedzucker.pl\/wp-content\/uploads\/2025\/12\/1.-zdrowotnosc-lisci.png 1622w\" sizes=\"auto, (max-width: 1024px) 100vw, 1024px\" \/><\/a><\/figure>\n<\/div>\n\n\n<h4 class=\"wp-block-heading\">Technologiczny plon cukru \u2013 do\u015bwiadczenia odmianowe 2025 \u2013 8 lokalizacji<\/h4>\n\n\n<div class=\"wp-block-image\">\n<figure class=\"aligncenter size-large\"><a href=\"https:\/\/www.suedzucker.pl\/wp-content\/uploads\/2025\/12\/2.-tech-plon-cukru.png\"><img loading=\"lazy\" decoding=\"async\" width=\"1024\" height=\"575\" src=\"https:\/\/www.suedzucker.pl\/wp-content\/uploads\/2025\/12\/2.-tech-plon-cukru-1024x575.png\" alt=\"\" class=\"wp-image-24490\" srcset=\"https:\/\/www.suedzucker.pl\/wp-content\/uploads\/2025\/12\/2.-tech-plon-cukru-1024x575.png 1024w, https:\/\/www.suedzucker.pl\/wp-content\/uploads\/2025\/12\/2.-tech-plon-cukru-300x169.png 300w, https:\/\/www.suedzucker.pl\/wp-content\/uploads\/2025\/12\/2.-tech-plon-cukru-768x431.png 768w, https:\/\/www.suedzucker.pl\/wp-content\/uploads\/2025\/12\/2.-tech-plon-cukru-1536x863.png 1536w, https:\/\/www.suedzucker.pl\/wp-content\/uploads\/2025\/12\/2.-tech-plon-cukru-500x281.png 500w, https:\/\/www.suedzucker.pl\/wp-content\/uploads\/2025\/12\/2.-tech-plon-cukru.png 1620w\" sizes=\"auto, (max-width: 1024px) 100vw, 1024px\" \/><\/a><\/figure>\n<\/div>\n\n\n<h4 class=\"wp-block-heading\">Plon korzeni \u2013 do\u015bwiadczenia odmianowe 2025 \u2013 8 lokalizacji<\/h4>\n\n\n<div class=\"wp-block-image\">\n<figure class=\"aligncenter size-large\"><a href=\"https:\/\/www.suedzucker.pl\/wp-content\/uploads\/2025\/12\/3.-plon-korzeni.png\"><img loading=\"lazy\" decoding=\"async\" width=\"1024\" height=\"575\" src=\"https:\/\/www.suedzucker.pl\/wp-content\/uploads\/2025\/12\/3.-plon-korzeni-1024x575.png\" alt=\"\" class=\"wp-image-24491\" srcset=\"https:\/\/www.suedzucker.pl\/wp-content\/uploads\/2025\/12\/3.-plon-korzeni-1024x575.png 1024w, https:\/\/www.suedzucker.pl\/wp-content\/uploads\/2025\/12\/3.-plon-korzeni-300x168.png 300w, https:\/\/www.suedzucker.pl\/wp-content\/uploads\/2025\/12\/3.-plon-korzeni-768x431.png 768w, https:\/\/www.suedzucker.pl\/wp-content\/uploads\/2025\/12\/3.-plon-korzeni-1536x863.png 1536w, https:\/\/www.suedzucker.pl\/wp-content\/uploads\/2025\/12\/3.-plon-korzeni-500x281.png 500w, https:\/\/www.suedzucker.pl\/wp-content\/uploads\/2025\/12\/3.-plon-korzeni.png 1622w\" sizes=\"auto, (max-width: 1024px) 100vw, 1024px\" \/><\/a><\/figure>\n<\/div>\n\n\n<h4 class=\"wp-block-heading\">Polaryzacja \u2013 do\u015bwiadczenia odmianowe 2025 \u2013 8 lokalizacji<\/h4>\n\n\n<div class=\"wp-block-image\">\n<figure class=\"aligncenter size-large\"><a href=\"https:\/\/www.suedzucker.pl\/wp-content\/uploads\/2025\/12\/4.-polaryzacja.png\"><img loading=\"lazy\" decoding=\"async\" width=\"1024\" height=\"573\" src=\"https:\/\/www.suedzucker.pl\/wp-content\/uploads\/2025\/12\/4.-polaryzacja-1024x573.png\" alt=\"\" class=\"wp-image-24492\" srcset=\"https:\/\/www.suedzucker.pl\/wp-content\/uploads\/2025\/12\/4.-polaryzacja-1024x573.png 1024w, https:\/\/www.suedzucker.pl\/wp-content\/uploads\/2025\/12\/4.-polaryzacja-300x168.png 300w, https:\/\/www.suedzucker.pl\/wp-content\/uploads\/2025\/12\/4.-polaryzacja-768x430.png 768w, https:\/\/www.suedzucker.pl\/wp-content\/uploads\/2025\/12\/4.-polaryzacja-1536x860.png 1536w, https:\/\/www.suedzucker.pl\/wp-content\/uploads\/2025\/12\/4.-polaryzacja-500x280.png 500w, https:\/\/www.suedzucker.pl\/wp-content\/uploads\/2025\/12\/4.-polaryzacja.png 1624w\" sizes=\"auto, (max-width: 1024px) 100vw, 1024px\" \/><\/a><\/figure>\n<\/div>\n\n\n<h4 class=\"wp-block-heading\">Melasotwory \u2013 do\u015bwiadczenia odmianowe 2025 \u2013 8 lokalizacji<\/h4>\n\n\n<div class=\"wp-block-image\">\n<figure class=\"aligncenter size-large\"><a href=\"https:\/\/www.suedzucker.pl\/wp-content\/uploads\/2025\/12\/5.-melasotwory.png\"><img loading=\"lazy\" decoding=\"async\" width=\"1024\" height=\"575\" src=\"https:\/\/www.suedzucker.pl\/wp-content\/uploads\/2025\/12\/5.-melasotwory-1024x575.png\" alt=\"\" class=\"wp-image-24493\" srcset=\"https:\/\/www.suedzucker.pl\/wp-content\/uploads\/2025\/12\/5.-melasotwory-1024x575.png 1024w, https:\/\/www.suedzucker.pl\/wp-content\/uploads\/2025\/12\/5.-melasotwory-300x168.png 300w, https:\/\/www.suedzucker.pl\/wp-content\/uploads\/2025\/12\/5.-melasotwory-768x431.png 768w, https:\/\/www.suedzucker.pl\/wp-content\/uploads\/2025\/12\/5.-melasotwory-1536x862.png 1536w, https:\/\/www.suedzucker.pl\/wp-content\/uploads\/2025\/12\/5.-melasotwory-500x281.png 500w, https:\/\/www.suedzucker.pl\/wp-content\/uploads\/2025\/12\/5.-melasotwory.png 1621w\" sizes=\"auto, (max-width: 1024px) 100vw, 1024px\" \/><\/a><\/figure>\n<\/div>\n\n\n<h4 class=\"wp-block-heading\">Zawarto\u015b\u0107 azotu \u03b1-aminowego \u2013 do\u015bwiadczenia odmianowe 2025 \u2013 8 lokalizacji<\/h4>\n\n\n<div class=\"wp-block-image\">\n<figure class=\"aligncenter size-large\"><img loading=\"lazy\" decoding=\"async\" width=\"1024\" height=\"580\" src=\"https:\/\/www.suedzucker.pl\/wp-content\/uploads\/2025\/12\/6.-azot-alfa-aminowy-1024x580.png\" alt=\"\" class=\"wp-image-24494\" srcset=\"https:\/\/www.suedzucker.pl\/wp-content\/uploads\/2025\/12\/6.-azot-alfa-aminowy-1024x580.png 1024w, https:\/\/www.suedzucker.pl\/wp-content\/uploads\/2025\/12\/6.-azot-alfa-aminowy-300x170.png 300w, https:\/\/www.suedzucker.pl\/wp-content\/uploads\/2025\/12\/6.-azot-alfa-aminowy-768x435.png 768w, https:\/\/www.suedzucker.pl\/wp-content\/uploads\/2025\/12\/6.-azot-alfa-aminowy-1536x871.png 1536w, https:\/\/www.suedzucker.pl\/wp-content\/uploads\/2025\/12\/6.-azot-alfa-aminowy-500x283.png 500w, https:\/\/www.suedzucker.pl\/wp-content\/uploads\/2025\/12\/6.-azot-alfa-aminowy.png 1618w\" sizes=\"auto, (max-width: 1024px) 100vw, 1024px\" \/><\/figure>\n<\/div>\n\n\n<p><\/p>\n","protected":false},"excerpt":{"rendered":"<p>PZW % po 21 dniach &#8211; Do\u015bwiadczenie odmianowe 2025 \u2013 8 lokalizacji Ko\u0144cowa PZW % po 28 dniach &#8211; Do\u015bwiadczenie odmianowe 2025 \u2013 8 lokalizacji Ko\u0144cowa PZW % po 28&#8230;<\/p>\n","protected":false},"author":4,"featured_media":0,"parent":23499,"menu_order":0,"comment_status":"closed","ping_status":"closed","template":"","meta":{"_acf_changed":false,"inline_featured_image":false,"footnotes":"","_wp_rev_ctl_limit":""},"class_list":["post-23502","page","type-page","status-publish","hentry"],"acf":[],"yoast_head":"<!-- This site is optimized with the Yoast SEO plugin v27.3 - https:\/\/yoast.com\/product\/yoast-seo-wordpress\/ -->\n<title>Odmianowe 2025 - S\u00fcdzucker Polska<\/title>\n<meta name=\"robots\" content=\"index, follow, max-snippet:-1, max-image-preview:large, max-video-preview:-1\" \/>\n<link rel=\"canonical\" href=\"https:\/\/www.suedzucker.pl\/serwis-plantatorski\/doswiadczenia\/wyniki-doswiadczen-2025\/odmianowe-2025\/\" \/>\n<meta property=\"og:locale\" content=\"en_US\" \/>\n<meta property=\"og:type\" content=\"article\" \/>\n<meta property=\"og:title\" content=\"Odmianowe 2025 - S\u00fcdzucker Polska\" \/>\n<meta property=\"og:description\" content=\"PZW % po 21 dniach &#8211; Do\u015bwiadczenie odmianowe 2025 \u2013 8 lokalizacji Ko\u0144cowa PZW % po 28 dniach &#8211; Do\u015bwiadczenie odmianowe 2025 \u2013 8 lokalizacji Ko\u0144cowa PZW % po 28...\" \/>\n<meta property=\"og:url\" content=\"https:\/\/www.suedzucker.pl\/serwis-plantatorski\/doswiadczenia\/wyniki-doswiadczen-2025\/odmianowe-2025\/\" \/>\n<meta property=\"og:site_name\" content=\"S\u00fcdzucker Polska\" \/>\n<meta property=\"article:modified_time\" content=\"2025-12-03T10:18:33+00:00\" \/>\n<meta property=\"og:image\" content=\"https:\/\/www.suedzucker.pl\/wp-content\/uploads\/2025\/05\/PZW_odm_21.png\" \/>\n\t<meta property=\"og:image:width\" content=\"1750\" \/>\n\t<meta property=\"og:image:height\" content=\"983\" \/>\n\t<meta property=\"og:image:type\" content=\"image\/png\" \/>\n<meta name=\"twitter:card\" content=\"summary_large_image\" \/>\n<meta name=\"twitter:label1\" content=\"Est. reading time\" \/>\n\t<meta name=\"twitter:data1\" content=\"3 minutes\" \/>\n<script type=\"application\/ld+json\" class=\"yoast-schema-graph\">{\"@context\":\"https:\\\/\\\/schema.org\",\"@graph\":[{\"@type\":\"WebPage\",\"@id\":\"https:\\\/\\\/www.suedzucker.pl\\\/serwis-plantatorski\\\/doswiadczenia\\\/wyniki-doswiadczen-2025\\\/odmianowe-2025\\\/\",\"url\":\"https:\\\/\\\/www.suedzucker.pl\\\/serwis-plantatorski\\\/doswiadczenia\\\/wyniki-doswiadczen-2025\\\/odmianowe-2025\\\/\",\"name\":\"Odmianowe 2025 - S\u00fcdzucker Polska\",\"isPartOf\":{\"@id\":\"https:\\\/\\\/www.suedzucker.pl\\\/en\\\/#website\"},\"primaryImageOfPage\":{\"@id\":\"https:\\\/\\\/www.suedzucker.pl\\\/serwis-plantatorski\\\/doswiadczenia\\\/wyniki-doswiadczen-2025\\\/odmianowe-2025\\\/#primaryimage\"},\"image\":{\"@id\":\"https:\\\/\\\/www.suedzucker.pl\\\/serwis-plantatorski\\\/doswiadczenia\\\/wyniki-doswiadczen-2025\\\/odmianowe-2025\\\/#primaryimage\"},\"thumbnailUrl\":\"https:\\\/\\\/www.suedzucker.pl\\\/wp-content\\\/uploads\\\/2025\\\/05\\\/PZW_odm_21-1024x575.png\",\"datePublished\":\"2025-05-06T07:24:33+00:00\",\"dateModified\":\"2025-12-03T10:18:33+00:00\",\"breadcrumb\":{\"@id\":\"https:\\\/\\\/www.suedzucker.pl\\\/serwis-plantatorski\\\/doswiadczenia\\\/wyniki-doswiadczen-2025\\\/odmianowe-2025\\\/#breadcrumb\"},\"inLanguage\":\"en-US\",\"potentialAction\":[{\"@type\":\"ReadAction\",\"target\":[\"https:\\\/\\\/www.suedzucker.pl\\\/serwis-plantatorski\\\/doswiadczenia\\\/wyniki-doswiadczen-2025\\\/odmianowe-2025\\\/\"]}]},{\"@type\":\"ImageObject\",\"inLanguage\":\"en-US\",\"@id\":\"https:\\\/\\\/www.suedzucker.pl\\\/serwis-plantatorski\\\/doswiadczenia\\\/wyniki-doswiadczen-2025\\\/odmianowe-2025\\\/#primaryimage\",\"url\":\"https:\\\/\\\/www.suedzucker.pl\\\/wp-content\\\/uploads\\\/2025\\\/05\\\/PZW_odm_21-1024x575.png\",\"contentUrl\":\"https:\\\/\\\/www.suedzucker.pl\\\/wp-content\\\/uploads\\\/2025\\\/05\\\/PZW_odm_21-1024x575.png\"},{\"@type\":\"BreadcrumbList\",\"@id\":\"https:\\\/\\\/www.suedzucker.pl\\\/serwis-plantatorski\\\/doswiadczenia\\\/wyniki-doswiadczen-2025\\\/odmianowe-2025\\\/#breadcrumb\",\"itemListElement\":[{\"@type\":\"ListItem\",\"position\":1,\"name\":\"Home page\",\"item\":\"https:\\\/\\\/www.suedzucker.pl\\\/en\\\/serwis-plantatorski\\\/\"},{\"@type\":\"ListItem\",\"position\":2,\"name\":\"Do\u015bwiadczenia\",\"item\":\"https:\\\/\\\/www.suedzucker.pl\\\/serwis-plantatorski\\\/doswiadczenia\\\/\"},{\"@type\":\"ListItem\",\"position\":3,\"name\":\"Wyniki do\u015bwiadcze\u0144 2025\",\"item\":\"https:\\\/\\\/www.suedzucker.pl\\\/serwis-plantatorski\\\/doswiadczenia\\\/wyniki-doswiadczen-2025\\\/\"},{\"@type\":\"ListItem\",\"position\":4,\"name\":\"Odmianowe 2025\"}]},{\"@type\":\"WebSite\",\"@id\":\"https:\\\/\\\/www.suedzucker.pl\\\/en\\\/#website\",\"url\":\"https:\\\/\\\/www.suedzucker.pl\\\/en\\\/\",\"name\":\"S\u00fcdzucker Polska\",\"description\":\"Jeste\u015bmy wiod\u0105cym producentem cukru w Polsce\",\"potentialAction\":[{\"@type\":\"SearchAction\",\"target\":{\"@type\":\"EntryPoint\",\"urlTemplate\":\"https:\\\/\\\/www.suedzucker.pl\\\/en\\\/?s={search_term_string}\"},\"query-input\":{\"@type\":\"PropertyValueSpecification\",\"valueRequired\":true,\"valueName\":\"search_term_string\"}}],\"inLanguage\":\"en-US\"}]}<\/script>\n<!-- \/ Yoast SEO plugin. -->","yoast_head_json":{"title":"Odmianowe 2025 - S\u00fcdzucker Polska","robots":{"index":"index","follow":"follow","max-snippet":"max-snippet:-1","max-image-preview":"max-image-preview:large","max-video-preview":"max-video-preview:-1"},"canonical":"https:\/\/www.suedzucker.pl\/serwis-plantatorski\/doswiadczenia\/wyniki-doswiadczen-2025\/odmianowe-2025\/","og_locale":"en_US","og_type":"article","og_title":"Odmianowe 2025 - S\u00fcdzucker Polska","og_description":"PZW % po 21 dniach &#8211; Do\u015bwiadczenie odmianowe 2025 \u2013 8 lokalizacji Ko\u0144cowa PZW % po 28 dniach &#8211; Do\u015bwiadczenie odmianowe 2025 \u2013 8 lokalizacji Ko\u0144cowa PZW % po 28...","og_url":"https:\/\/www.suedzucker.pl\/serwis-plantatorski\/doswiadczenia\/wyniki-doswiadczen-2025\/odmianowe-2025\/","og_site_name":"S\u00fcdzucker Polska","article_modified_time":"2025-12-03T10:18:33+00:00","og_image":[{"width":1750,"height":983,"url":"https:\/\/www.suedzucker.pl\/wp-content\/uploads\/2025\/05\/PZW_odm_21.png","type":"image\/png"}],"twitter_card":"summary_large_image","twitter_misc":{"Est. reading time":"3 minutes"},"schema":{"@context":"https:\/\/schema.org","@graph":[{"@type":"WebPage","@id":"https:\/\/www.suedzucker.pl\/serwis-plantatorski\/doswiadczenia\/wyniki-doswiadczen-2025\/odmianowe-2025\/","url":"https:\/\/www.suedzucker.pl\/serwis-plantatorski\/doswiadczenia\/wyniki-doswiadczen-2025\/odmianowe-2025\/","name":"Odmianowe 2025 - S\u00fcdzucker Polska","isPartOf":{"@id":"https:\/\/www.suedzucker.pl\/en\/#website"},"primaryImageOfPage":{"@id":"https:\/\/www.suedzucker.pl\/serwis-plantatorski\/doswiadczenia\/wyniki-doswiadczen-2025\/odmianowe-2025\/#primaryimage"},"image":{"@id":"https:\/\/www.suedzucker.pl\/serwis-plantatorski\/doswiadczenia\/wyniki-doswiadczen-2025\/odmianowe-2025\/#primaryimage"},"thumbnailUrl":"https:\/\/www.suedzucker.pl\/wp-content\/uploads\/2025\/05\/PZW_odm_21-1024x575.png","datePublished":"2025-05-06T07:24:33+00:00","dateModified":"2025-12-03T10:18:33+00:00","breadcrumb":{"@id":"https:\/\/www.suedzucker.pl\/serwis-plantatorski\/doswiadczenia\/wyniki-doswiadczen-2025\/odmianowe-2025\/#breadcrumb"},"inLanguage":"en-US","potentialAction":[{"@type":"ReadAction","target":["https:\/\/www.suedzucker.pl\/serwis-plantatorski\/doswiadczenia\/wyniki-doswiadczen-2025\/odmianowe-2025\/"]}]},{"@type":"ImageObject","inLanguage":"en-US","@id":"https:\/\/www.suedzucker.pl\/serwis-plantatorski\/doswiadczenia\/wyniki-doswiadczen-2025\/odmianowe-2025\/#primaryimage","url":"https:\/\/www.suedzucker.pl\/wp-content\/uploads\/2025\/05\/PZW_odm_21-1024x575.png","contentUrl":"https:\/\/www.suedzucker.pl\/wp-content\/uploads\/2025\/05\/PZW_odm_21-1024x575.png"},{"@type":"BreadcrumbList","@id":"https:\/\/www.suedzucker.pl\/serwis-plantatorski\/doswiadczenia\/wyniki-doswiadczen-2025\/odmianowe-2025\/#breadcrumb","itemListElement":[{"@type":"ListItem","position":1,"name":"Home page","item":"https:\/\/www.suedzucker.pl\/en\/serwis-plantatorski\/"},{"@type":"ListItem","position":2,"name":"Do\u015bwiadczenia","item":"https:\/\/www.suedzucker.pl\/serwis-plantatorski\/doswiadczenia\/"},{"@type":"ListItem","position":3,"name":"Wyniki do\u015bwiadcze\u0144 2025","item":"https:\/\/www.suedzucker.pl\/serwis-plantatorski\/doswiadczenia\/wyniki-doswiadczen-2025\/"},{"@type":"ListItem","position":4,"name":"Odmianowe 2025"}]},{"@type":"WebSite","@id":"https:\/\/www.suedzucker.pl\/en\/#website","url":"https:\/\/www.suedzucker.pl\/en\/","name":"S\u00fcdzucker Polska","description":"Jeste\u015bmy wiod\u0105cym producentem cukru w Polsce","potentialAction":[{"@type":"SearchAction","target":{"@type":"EntryPoint","urlTemplate":"https:\/\/www.suedzucker.pl\/en\/?s={search_term_string}"},"query-input":{"@type":"PropertyValueSpecification","valueRequired":true,"valueName":"search_term_string"}}],"inLanguage":"en-US"}]}},"_links":{"self":[{"href":"https:\/\/www.suedzucker.pl\/en\/wp-json\/wp\/v2\/pages\/23502","targetHints":{"allow":["GET"]}}],"collection":[{"href":"https:\/\/www.suedzucker.pl\/en\/wp-json\/wp\/v2\/pages"}],"about":[{"href":"https:\/\/www.suedzucker.pl\/en\/wp-json\/wp\/v2\/types\/page"}],"author":[{"embeddable":true,"href":"https:\/\/www.suedzucker.pl\/en\/wp-json\/wp\/v2\/users\/4"}],"replies":[{"embeddable":true,"href":"https:\/\/www.suedzucker.pl\/en\/wp-json\/wp\/v2\/comments?post=23502"}],"version-history":[{"count":4,"href":"https:\/\/www.suedzucker.pl\/en\/wp-json\/wp\/v2\/pages\/23502\/revisions"}],"predecessor-version":[{"id":24495,"href":"https:\/\/www.suedzucker.pl\/en\/wp-json\/wp\/v2\/pages\/23502\/revisions\/24495"}],"up":[{"embeddable":true,"href":"https:\/\/www.suedzucker.pl\/en\/wp-json\/wp\/v2\/pages\/23499"}],"wp:attachment":[{"href":"https:\/\/www.suedzucker.pl\/en\/wp-json\/wp\/v2\/media?parent=23502"}],"curies":[{"name":"wp","href":"https:\/\/api.w.org\/{rel}","templated":true}]}}