{"id":23504,"date":"2025-05-06T09:25:35","date_gmt":"2025-05-06T07:25:35","guid":{"rendered":"https:\/\/www.suedzucker.pl\/?page_id=23504"},"modified":"2025-11-13T14:15:13","modified_gmt":"2025-11-13T13:15:13","slug":"techniki-uprawy-2025","status":"publish","type":"page","link":"https:\/\/www.suedzucker.pl\/en\/serwis-plantatorski\/doswiadczenia\/wyniki-doswiadczen-2025\/techniki-uprawy-2025\/","title":{"rendered":"Techniki uprawy 2025"},"content":{"rendered":"\n<h4 class=\"wp-block-heading\">Do\u015bwiadczenie z technikami uprawy 2025<\/h4>\n\n\n<div class=\"wp-block-image\">\n<figure class=\"aligncenter size-large\"><a href=\"https:\/\/www.suedzucker.pl\/wp-content\/uploads\/2025\/11\/1.-Dosw_techup.png\"><img loading=\"lazy\" decoding=\"async\" width=\"1024\" height=\"576\" src=\"https:\/\/www.suedzucker.pl\/wp-content\/uploads\/2025\/11\/1.-Dosw_techup-1024x576.png\" alt=\"\" class=\"wp-image-24435\" srcset=\"https:\/\/www.suedzucker.pl\/wp-content\/uploads\/2025\/11\/1.-Dosw_techup-1024x576.png 1024w, https:\/\/www.suedzucker.pl\/wp-content\/uploads\/2025\/11\/1.-Dosw_techup-300x169.png 300w, https:\/\/www.suedzucker.pl\/wp-content\/uploads\/2025\/11\/1.-Dosw_techup-768x432.png 768w, https:\/\/www.suedzucker.pl\/wp-content\/uploads\/2025\/11\/1.-Dosw_techup-1536x865.png 1536w, https:\/\/www.suedzucker.pl\/wp-content\/uploads\/2025\/11\/1.-Dosw_techup-500x281.png 500w, https:\/\/www.suedzucker.pl\/wp-content\/uploads\/2025\/11\/1.-Dosw_techup.png 1755w\" sizes=\"auto, (max-width: 1024px) 100vw, 1024px\" \/><\/a><\/figure>\n<\/div>\n\n\n<h4 class=\"wp-block-heading\">PZW % po 21 dniach &#8211; Do\u015bwiadczenie z technikami uprawy 2025<\/h4>\n\n\n<div class=\"wp-block-image\">\n<figure class=\"aligncenter size-large\"><a href=\"https:\/\/www.suedzucker.pl\/wp-content\/uploads\/2025\/05\/PZW_techupr_21.png\"><img loading=\"lazy\" decoding=\"async\" width=\"1024\" height=\"573\" src=\"https:\/\/www.suedzucker.pl\/wp-content\/uploads\/2025\/05\/PZW_techupr_21-1024x573.png\" alt=\"\" class=\"wp-image-23511\" srcset=\"https:\/\/www.suedzucker.pl\/wp-content\/uploads\/2025\/05\/PZW_techupr_21-1024x573.png 1024w, https:\/\/www.suedzucker.pl\/wp-content\/uploads\/2025\/05\/PZW_techupr_21-300x168.png 300w, https:\/\/www.suedzucker.pl\/wp-content\/uploads\/2025\/05\/PZW_techupr_21-768x430.png 768w, https:\/\/www.suedzucker.pl\/wp-content\/uploads\/2025\/05\/PZW_techupr_21-1536x860.png 1536w, https:\/\/www.suedzucker.pl\/wp-content\/uploads\/2025\/05\/PZW_techupr_21-500x280.png 500w, https:\/\/www.suedzucker.pl\/wp-content\/uploads\/2025\/05\/PZW_techupr_21.png 1757w\" sizes=\"auto, (max-width: 1024px) 100vw, 1024px\" \/><\/a><\/figure>\n<\/div>\n\n\n<h4 class=\"wp-block-heading\">Ko\u0144cowa PZW % po 28 dniach &#8211; Do\u015bwiadczenie z technikami uprawy 2025<\/h4>\n\n\n<div class=\"wp-block-image\">\n<figure class=\"aligncenter size-large\"><a href=\"https:\/\/www.suedzucker.pl\/wp-content\/uploads\/2025\/05\/PZW_techupr_28.png\"><img loading=\"lazy\" decoding=\"async\" width=\"1024\" height=\"579\" src=\"https:\/\/www.suedzucker.pl\/wp-content\/uploads\/2025\/05\/PZW_techupr_28-1024x579.png\" alt=\"\" class=\"wp-image-23513\" srcset=\"https:\/\/www.suedzucker.pl\/wp-content\/uploads\/2025\/05\/PZW_techupr_28-1024x579.png 1024w, https:\/\/www.suedzucker.pl\/wp-content\/uploads\/2025\/05\/PZW_techupr_28-300x170.png 300w, https:\/\/www.suedzucker.pl\/wp-content\/uploads\/2025\/05\/PZW_techupr_28-768x434.png 768w, https:\/\/www.suedzucker.pl\/wp-content\/uploads\/2025\/05\/PZW_techupr_28-1536x868.png 1536w, https:\/\/www.suedzucker.pl\/wp-content\/uploads\/2025\/05\/PZW_techupr_28-500x283.png 500w, https:\/\/www.suedzucker.pl\/wp-content\/uploads\/2025\/05\/PZW_techupr_28.png 1752w\" sizes=\"auto, (max-width: 1024px) 100vw, 1024px\" \/><\/a><\/figure>\n<\/div>\n\n\n<h4 class=\"wp-block-heading\">Technologiczny plon cukru \u2013 Do\u015bwiadczenie z technikami uprawy 2025<\/h4>\n\n\n<div class=\"wp-block-image\">\n<figure class=\"aligncenter size-large\"><a href=\"https:\/\/www.suedzucker.pl\/wp-content\/uploads\/2025\/11\/2.-Tech-plon-cukru.png\"><img loading=\"lazy\" decoding=\"async\" width=\"1024\" height=\"579\" src=\"https:\/\/www.suedzucker.pl\/wp-content\/uploads\/2025\/11\/2.-Tech-plon-cukru-1024x579.png\" alt=\"\" class=\"wp-image-24436\" srcset=\"https:\/\/www.suedzucker.pl\/wp-content\/uploads\/2025\/11\/2.-Tech-plon-cukru-1024x579.png 1024w, https:\/\/www.suedzucker.pl\/wp-content\/uploads\/2025\/11\/2.-Tech-plon-cukru-300x170.png 300w, https:\/\/www.suedzucker.pl\/wp-content\/uploads\/2025\/11\/2.-Tech-plon-cukru-768x434.png 768w, https:\/\/www.suedzucker.pl\/wp-content\/uploads\/2025\/11\/2.-Tech-plon-cukru-1536x869.png 1536w, https:\/\/www.suedzucker.pl\/wp-content\/uploads\/2025\/11\/2.-Tech-plon-cukru-500x283.png 500w, https:\/\/www.suedzucker.pl\/wp-content\/uploads\/2025\/11\/2.-Tech-plon-cukru.png 1747w\" sizes=\"auto, (max-width: 1024px) 100vw, 1024px\" \/><\/a><\/figure>\n<\/div>\n\n\n<h4 class=\"wp-block-heading\">Plon korzeni \u2013 Do\u015bwiadczenie z technikami uprawy 2025<\/h4>\n\n\n<div class=\"wp-block-image\">\n<figure class=\"aligncenter size-large\"><a href=\"https:\/\/www.suedzucker.pl\/wp-content\/uploads\/2025\/11\/3.-Plon-korzeni.png\"><img loading=\"lazy\" decoding=\"async\" width=\"1024\" height=\"577\" src=\"https:\/\/www.suedzucker.pl\/wp-content\/uploads\/2025\/11\/3.-Plon-korzeni-1024x577.png\" alt=\"\" class=\"wp-image-24437\" srcset=\"https:\/\/www.suedzucker.pl\/wp-content\/uploads\/2025\/11\/3.-Plon-korzeni-1024x577.png 1024w, https:\/\/www.suedzucker.pl\/wp-content\/uploads\/2025\/11\/3.-Plon-korzeni-300x169.png 300w, https:\/\/www.suedzucker.pl\/wp-content\/uploads\/2025\/11\/3.-Plon-korzeni-768x433.png 768w, https:\/\/www.suedzucker.pl\/wp-content\/uploads\/2025\/11\/3.-Plon-korzeni-1536x865.png 1536w, https:\/\/www.suedzucker.pl\/wp-content\/uploads\/2025\/11\/3.-Plon-korzeni-500x282.png 500w, https:\/\/www.suedzucker.pl\/wp-content\/uploads\/2025\/11\/3.-Plon-korzeni.png 1749w\" sizes=\"auto, (max-width: 1024px) 100vw, 1024px\" \/><\/a><\/figure>\n<\/div>\n\n\n<h4 class=\"wp-block-heading\">Polaryzacja \u2013 Do\u015bwiadczenie z technikami uprawy 2025<\/h4>\n\n\n<div class=\"wp-block-image\">\n<figure class=\"aligncenter size-large\"><a href=\"https:\/\/www.suedzucker.pl\/wp-content\/uploads\/2025\/11\/4.-Polaryzacja.png\"><img loading=\"lazy\" decoding=\"async\" width=\"1024\" height=\"575\" src=\"https:\/\/www.suedzucker.pl\/wp-content\/uploads\/2025\/11\/4.-Polaryzacja-1024x575.png\" alt=\"\" class=\"wp-image-24438\" srcset=\"https:\/\/www.suedzucker.pl\/wp-content\/uploads\/2025\/11\/4.-Polaryzacja-1024x575.png 1024w, https:\/\/www.suedzucker.pl\/wp-content\/uploads\/2025\/11\/4.-Polaryzacja-300x169.png 300w, https:\/\/www.suedzucker.pl\/wp-content\/uploads\/2025\/11\/4.-Polaryzacja-768x431.png 768w, https:\/\/www.suedzucker.pl\/wp-content\/uploads\/2025\/11\/4.-Polaryzacja-1536x863.png 1536w, https:\/\/www.suedzucker.pl\/wp-content\/uploads\/2025\/11\/4.-Polaryzacja-500x281.png 500w, https:\/\/www.suedzucker.pl\/wp-content\/uploads\/2025\/11\/4.-Polaryzacja.png 1750w\" sizes=\"auto, (max-width: 1024px) 100vw, 1024px\" \/><\/a><\/figure>\n<\/div>\n\n\n<h4 class=\"wp-block-heading\">Zawarto\u015b\u0107 melasotwor\u00f3w \u2013 Do\u015bwiadczenie z technikami uprawy 2025<\/h4>\n\n\n<div class=\"wp-block-image\">\n<figure class=\"aligncenter size-large\"><a href=\"https:\/\/www.suedzucker.pl\/wp-content\/uploads\/2025\/11\/5.-Melasotwory.png\"><img loading=\"lazy\" decoding=\"async\" width=\"1024\" height=\"571\" src=\"https:\/\/www.suedzucker.pl\/wp-content\/uploads\/2025\/11\/5.-Melasotwory-1024x571.png\" alt=\"\" class=\"wp-image-24439\" srcset=\"https:\/\/www.suedzucker.pl\/wp-content\/uploads\/2025\/11\/5.-Melasotwory-1024x571.png 1024w, https:\/\/www.suedzucker.pl\/wp-content\/uploads\/2025\/11\/5.-Melasotwory-300x167.png 300w, https:\/\/www.suedzucker.pl\/wp-content\/uploads\/2025\/11\/5.-Melasotwory-768x428.png 768w, https:\/\/www.suedzucker.pl\/wp-content\/uploads\/2025\/11\/5.-Melasotwory-1536x856.png 1536w, https:\/\/www.suedzucker.pl\/wp-content\/uploads\/2025\/11\/5.-Melasotwory-500x279.png 500w, https:\/\/www.suedzucker.pl\/wp-content\/uploads\/2025\/11\/5.-Melasotwory.png 1753w\" sizes=\"auto, (max-width: 1024px) 100vw, 1024px\" \/><\/a><\/figure>\n<\/div>\n\n\n<h4 class=\"wp-block-heading\">Zawarto\u015b\u0107 azotu \u03b1-aminowego \u2013 Do\u015bwiadczenie z technikami uprawy 2025<\/h4>\n\n\n<div class=\"wp-block-image\">\n<figure class=\"aligncenter size-large\"><a href=\"https:\/\/www.suedzucker.pl\/wp-content\/uploads\/2025\/11\/6.-Azot-alfa-aminowy.png\"><img loading=\"lazy\" decoding=\"async\" width=\"1024\" height=\"575\" src=\"https:\/\/www.suedzucker.pl\/wp-content\/uploads\/2025\/11\/6.-Azot-alfa-aminowy-1024x575.png\" alt=\"\" class=\"wp-image-24440\" srcset=\"https:\/\/www.suedzucker.pl\/wp-content\/uploads\/2025\/11\/6.-Azot-alfa-aminowy-1024x575.png 1024w, https:\/\/www.suedzucker.pl\/wp-content\/uploads\/2025\/11\/6.-Azot-alfa-aminowy-300x169.png 300w, https:\/\/www.suedzucker.pl\/wp-content\/uploads\/2025\/11\/6.-Azot-alfa-aminowy-768x432.png 768w, https:\/\/www.suedzucker.pl\/wp-content\/uploads\/2025\/11\/6.-Azot-alfa-aminowy-1536x863.png 1536w, https:\/\/www.suedzucker.pl\/wp-content\/uploads\/2025\/11\/6.-Azot-alfa-aminowy-500x281.png 500w, https:\/\/www.suedzucker.pl\/wp-content\/uploads\/2025\/11\/6.-Azot-alfa-aminowy.png 1753w\" sizes=\"auto, (max-width: 1024px) 100vw, 1024px\" \/><\/a><\/figure>\n<\/div>\n\n\n<h4 class=\"wp-block-heading\">Technologiczny plon cukru \u2013 Do\u015bwiadczenie z technikami uprawy \u2013 \u015brednia 2017-2025<\/h4>\n\n\n<div class=\"wp-block-image\">\n<figure class=\"aligncenter size-large\"><a href=\"https:\/\/www.suedzucker.pl\/wp-content\/uploads\/2025\/11\/7.-Tech-plon-cukru-2017-2025.png\"><img loading=\"lazy\" decoding=\"async\" width=\"1024\" height=\"578\" src=\"https:\/\/www.suedzucker.pl\/wp-content\/uploads\/2025\/11\/7.-Tech-plon-cukru-2017-2025-1024x578.png\" alt=\"\" class=\"wp-image-24441\" srcset=\"https:\/\/www.suedzucker.pl\/wp-content\/uploads\/2025\/11\/7.-Tech-plon-cukru-2017-2025-1024x578.png 1024w, https:\/\/www.suedzucker.pl\/wp-content\/uploads\/2025\/11\/7.-Tech-plon-cukru-2017-2025-300x169.png 300w, https:\/\/www.suedzucker.pl\/wp-content\/uploads\/2025\/11\/7.-Tech-plon-cukru-2017-2025-768x434.png 768w, https:\/\/www.suedzucker.pl\/wp-content\/uploads\/2025\/11\/7.-Tech-plon-cukru-2017-2025-1536x867.png 1536w, https:\/\/www.suedzucker.pl\/wp-content\/uploads\/2025\/11\/7.-Tech-plon-cukru-2017-2025-500x282.png 500w, https:\/\/www.suedzucker.pl\/wp-content\/uploads\/2025\/11\/7.-Tech-plon-cukru-2017-2025.png 1743w\" sizes=\"auto, (max-width: 1024px) 100vw, 1024px\" \/><\/a><\/figure>\n<\/div>\n\n\n<h4 class=\"wp-block-heading\">Plon korzeni \u2013 Do\u015bwiadczenie z technikami uprawy \u2013 \u015brednia 2017-2025<\/h4>\n\n\n<div class=\"wp-block-image\">\n<figure class=\"aligncenter size-large\"><a href=\"https:\/\/www.suedzucker.pl\/wp-content\/uploads\/2025\/11\/8.-Plon-korzeni-srednia-2017-2025.png\"><img loading=\"lazy\" decoding=\"async\" width=\"1024\" height=\"576\" src=\"https:\/\/www.suedzucker.pl\/wp-content\/uploads\/2025\/11\/8.-Plon-korzeni-srednia-2017-2025-1024x576.png\" alt=\"\" class=\"wp-image-24442\" srcset=\"https:\/\/www.suedzucker.pl\/wp-content\/uploads\/2025\/11\/8.-Plon-korzeni-srednia-2017-2025-1024x576.png 1024w, https:\/\/www.suedzucker.pl\/wp-content\/uploads\/2025\/11\/8.-Plon-korzeni-srednia-2017-2025-300x169.png 300w, https:\/\/www.suedzucker.pl\/wp-content\/uploads\/2025\/11\/8.-Plon-korzeni-srednia-2017-2025-768x432.png 768w, https:\/\/www.suedzucker.pl\/wp-content\/uploads\/2025\/11\/8.-Plon-korzeni-srednia-2017-2025-1536x864.png 1536w, https:\/\/www.suedzucker.pl\/wp-content\/uploads\/2025\/11\/8.-Plon-korzeni-srednia-2017-2025-500x281.png 500w, https:\/\/www.suedzucker.pl\/wp-content\/uploads\/2025\/11\/8.-Plon-korzeni-srednia-2017-2025.png 1751w\" sizes=\"auto, (max-width: 1024px) 100vw, 1024px\" \/><\/a><\/figure>\n<\/div>\n\n\n<h4 class=\"wp-block-heading\">Polaryzacja \u2013 Do\u015bwiadczenie z technikami uprawy \u2013 \u015brednia 2017-2025<\/h4>\n\n\n<div class=\"wp-block-image\">\n<figure class=\"aligncenter size-large\"><a href=\"https:\/\/www.suedzucker.pl\/wp-content\/uploads\/2025\/11\/9.-Polaryzacja-srednia-2017-2025.png\"><img loading=\"lazy\" decoding=\"async\" width=\"1024\" height=\"573\" src=\"https:\/\/www.suedzucker.pl\/wp-content\/uploads\/2025\/11\/9.-Polaryzacja-srednia-2017-2025-1024x573.png\" alt=\"\" class=\"wp-image-24443\" srcset=\"https:\/\/www.suedzucker.pl\/wp-content\/uploads\/2025\/11\/9.-Polaryzacja-srednia-2017-2025-1024x573.png 1024w, https:\/\/www.suedzucker.pl\/wp-content\/uploads\/2025\/11\/9.-Polaryzacja-srednia-2017-2025-300x168.png 300w, https:\/\/www.suedzucker.pl\/wp-content\/uploads\/2025\/11\/9.-Polaryzacja-srednia-2017-2025-768x430.png 768w, https:\/\/www.suedzucker.pl\/wp-content\/uploads\/2025\/11\/9.-Polaryzacja-srednia-2017-2025-1536x860.png 1536w, https:\/\/www.suedzucker.pl\/wp-content\/uploads\/2025\/11\/9.-Polaryzacja-srednia-2017-2025-500x280.png 500w, https:\/\/www.suedzucker.pl\/wp-content\/uploads\/2025\/11\/9.-Polaryzacja-srednia-2017-2025.png 1752w\" sizes=\"auto, (max-width: 1024px) 100vw, 1024px\" \/><\/a><\/figure>\n<\/div>\n\n\n<p><\/p>\n","protected":false},"excerpt":{"rendered":"<p>Do\u015bwiadczenie z technikami uprawy 2025 PZW % po 21 dniach &#8211; Do\u015bwiadczenie z technikami uprawy 2025 Ko\u0144cowa PZW % po 28 dniach &#8211; Do\u015bwiadczenie z technikami uprawy 2025 Technologiczny plon&#8230;<\/p>\n","protected":false},"author":4,"featured_media":0,"parent":23499,"menu_order":1,"comment_status":"closed","ping_status":"closed","template":"","meta":{"_acf_changed":false,"inline_featured_image":false,"footnotes":"","_wp_rev_ctl_limit":""},"class_list":["post-23504","page","type-page","status-publish","hentry"],"acf":[],"yoast_head":"<!-- This site is optimized with the Yoast SEO plugin v27.3 - https:\/\/yoast.com\/product\/yoast-seo-wordpress\/ -->\n<title>Techniki uprawy 2025 - S\u00fcdzucker Polska<\/title>\n<meta name=\"robots\" content=\"index, follow, max-snippet:-1, max-image-preview:large, max-video-preview:-1\" \/>\n<link rel=\"canonical\" href=\"https:\/\/www.suedzucker.pl\/serwis-plantatorski\/doswiadczenia\/wyniki-doswiadczen-2025\/techniki-uprawy-2025\/\" \/>\n<meta property=\"og:locale\" content=\"en_US\" \/>\n<meta property=\"og:type\" content=\"article\" \/>\n<meta property=\"og:title\" content=\"Techniki uprawy 2025 - S\u00fcdzucker Polska\" \/>\n<meta property=\"og:description\" content=\"Do\u015bwiadczenie z technikami uprawy 2025 PZW % po 21 dniach &#8211; Do\u015bwiadczenie z technikami uprawy 2025 Ko\u0144cowa PZW % po 28 dniach &#8211; Do\u015bwiadczenie z technikami uprawy 2025 Technologiczny plon...\" \/>\n<meta property=\"og:url\" content=\"https:\/\/www.suedzucker.pl\/serwis-plantatorski\/doswiadczenia\/wyniki-doswiadczen-2025\/techniki-uprawy-2025\/\" \/>\n<meta property=\"og:site_name\" content=\"S\u00fcdzucker Polska\" \/>\n<meta property=\"article:modified_time\" content=\"2025-11-13T13:15:13+00:00\" \/>\n<meta property=\"og:image\" content=\"https:\/\/www.suedzucker.pl\/wp-content\/uploads\/2025\/11\/1.-Dosw_techup.png\" \/>\n\t<meta property=\"og:image:width\" content=\"1755\" \/>\n\t<meta property=\"og:image:height\" content=\"988\" \/>\n\t<meta property=\"og:image:type\" content=\"image\/png\" \/>\n<meta name=\"twitter:card\" content=\"summary_large_image\" \/>\n<meta name=\"twitter:label1\" content=\"Est. reading time\" \/>\n\t<meta name=\"twitter:data1\" content=\"3 minutes\" \/>\n<script type=\"application\/ld+json\" class=\"yoast-schema-graph\">{\"@context\":\"https:\\\/\\\/schema.org\",\"@graph\":[{\"@type\":\"WebPage\",\"@id\":\"https:\\\/\\\/www.suedzucker.pl\\\/serwis-plantatorski\\\/doswiadczenia\\\/wyniki-doswiadczen-2025\\\/techniki-uprawy-2025\\\/\",\"url\":\"https:\\\/\\\/www.suedzucker.pl\\\/serwis-plantatorski\\\/doswiadczenia\\\/wyniki-doswiadczen-2025\\\/techniki-uprawy-2025\\\/\",\"name\":\"Techniki uprawy 2025 - S\u00fcdzucker Polska\",\"isPartOf\":{\"@id\":\"https:\\\/\\\/www.suedzucker.pl\\\/en\\\/#website\"},\"primaryImageOfPage\":{\"@id\":\"https:\\\/\\\/www.suedzucker.pl\\\/serwis-plantatorski\\\/doswiadczenia\\\/wyniki-doswiadczen-2025\\\/techniki-uprawy-2025\\\/#primaryimage\"},\"image\":{\"@id\":\"https:\\\/\\\/www.suedzucker.pl\\\/serwis-plantatorski\\\/doswiadczenia\\\/wyniki-doswiadczen-2025\\\/techniki-uprawy-2025\\\/#primaryimage\"},\"thumbnailUrl\":\"https:\\\/\\\/www.suedzucker.pl\\\/wp-content\\\/uploads\\\/2025\\\/11\\\/1.-Dosw_techup-1024x576.png\",\"datePublished\":\"2025-05-06T07:25:35+00:00\",\"dateModified\":\"2025-11-13T13:15:13+00:00\",\"breadcrumb\":{\"@id\":\"https:\\\/\\\/www.suedzucker.pl\\\/serwis-plantatorski\\\/doswiadczenia\\\/wyniki-doswiadczen-2025\\\/techniki-uprawy-2025\\\/#breadcrumb\"},\"inLanguage\":\"en-US\",\"potentialAction\":[{\"@type\":\"ReadAction\",\"target\":[\"https:\\\/\\\/www.suedzucker.pl\\\/serwis-plantatorski\\\/doswiadczenia\\\/wyniki-doswiadczen-2025\\\/techniki-uprawy-2025\\\/\"]}]},{\"@type\":\"ImageObject\",\"inLanguage\":\"en-US\",\"@id\":\"https:\\\/\\\/www.suedzucker.pl\\\/serwis-plantatorski\\\/doswiadczenia\\\/wyniki-doswiadczen-2025\\\/techniki-uprawy-2025\\\/#primaryimage\",\"url\":\"https:\\\/\\\/www.suedzucker.pl\\\/wp-content\\\/uploads\\\/2025\\\/11\\\/1.-Dosw_techup-1024x576.png\",\"contentUrl\":\"https:\\\/\\\/www.suedzucker.pl\\\/wp-content\\\/uploads\\\/2025\\\/11\\\/1.-Dosw_techup-1024x576.png\"},{\"@type\":\"BreadcrumbList\",\"@id\":\"https:\\\/\\\/www.suedzucker.pl\\\/serwis-plantatorski\\\/doswiadczenia\\\/wyniki-doswiadczen-2025\\\/techniki-uprawy-2025\\\/#breadcrumb\",\"itemListElement\":[{\"@type\":\"ListItem\",\"position\":1,\"name\":\"Home page\",\"item\":\"https:\\\/\\\/www.suedzucker.pl\\\/en\\\/serwis-plantatorski\\\/\"},{\"@type\":\"ListItem\",\"position\":2,\"name\":\"Do\u015bwiadczenia\",\"item\":\"https:\\\/\\\/www.suedzucker.pl\\\/serwis-plantatorski\\\/doswiadczenia\\\/\"},{\"@type\":\"ListItem\",\"position\":3,\"name\":\"Wyniki do\u015bwiadcze\u0144 2025\",\"item\":\"https:\\\/\\\/www.suedzucker.pl\\\/serwis-plantatorski\\\/doswiadczenia\\\/wyniki-doswiadczen-2025\\\/\"},{\"@type\":\"ListItem\",\"position\":4,\"name\":\"Techniki uprawy 2025\"}]},{\"@type\":\"WebSite\",\"@id\":\"https:\\\/\\\/www.suedzucker.pl\\\/en\\\/#website\",\"url\":\"https:\\\/\\\/www.suedzucker.pl\\\/en\\\/\",\"name\":\"S\u00fcdzucker Polska\",\"description\":\"Jeste\u015bmy wiod\u0105cym producentem cukru w Polsce\",\"potentialAction\":[{\"@type\":\"SearchAction\",\"target\":{\"@type\":\"EntryPoint\",\"urlTemplate\":\"https:\\\/\\\/www.suedzucker.pl\\\/en\\\/?s={search_term_string}\"},\"query-input\":{\"@type\":\"PropertyValueSpecification\",\"valueRequired\":true,\"valueName\":\"search_term_string\"}}],\"inLanguage\":\"en-US\"}]}<\/script>\n<!-- \/ Yoast SEO plugin. -->","yoast_head_json":{"title":"Techniki uprawy 2025 - S\u00fcdzucker Polska","robots":{"index":"index","follow":"follow","max-snippet":"max-snippet:-1","max-image-preview":"max-image-preview:large","max-video-preview":"max-video-preview:-1"},"canonical":"https:\/\/www.suedzucker.pl\/serwis-plantatorski\/doswiadczenia\/wyniki-doswiadczen-2025\/techniki-uprawy-2025\/","og_locale":"en_US","og_type":"article","og_title":"Techniki uprawy 2025 - S\u00fcdzucker Polska","og_description":"Do\u015bwiadczenie z technikami uprawy 2025 PZW % po 21 dniach &#8211; Do\u015bwiadczenie z technikami uprawy 2025 Ko\u0144cowa PZW % po 28 dniach &#8211; Do\u015bwiadczenie z technikami uprawy 2025 Technologiczny plon...","og_url":"https:\/\/www.suedzucker.pl\/serwis-plantatorski\/doswiadczenia\/wyniki-doswiadczen-2025\/techniki-uprawy-2025\/","og_site_name":"S\u00fcdzucker Polska","article_modified_time":"2025-11-13T13:15:13+00:00","og_image":[{"width":1755,"height":988,"url":"https:\/\/www.suedzucker.pl\/wp-content\/uploads\/2025\/11\/1.-Dosw_techup.png","type":"image\/png"}],"twitter_card":"summary_large_image","twitter_misc":{"Est. reading time":"3 minutes"},"schema":{"@context":"https:\/\/schema.org","@graph":[{"@type":"WebPage","@id":"https:\/\/www.suedzucker.pl\/serwis-plantatorski\/doswiadczenia\/wyniki-doswiadczen-2025\/techniki-uprawy-2025\/","url":"https:\/\/www.suedzucker.pl\/serwis-plantatorski\/doswiadczenia\/wyniki-doswiadczen-2025\/techniki-uprawy-2025\/","name":"Techniki uprawy 2025 - S\u00fcdzucker Polska","isPartOf":{"@id":"https:\/\/www.suedzucker.pl\/en\/#website"},"primaryImageOfPage":{"@id":"https:\/\/www.suedzucker.pl\/serwis-plantatorski\/doswiadczenia\/wyniki-doswiadczen-2025\/techniki-uprawy-2025\/#primaryimage"},"image":{"@id":"https:\/\/www.suedzucker.pl\/serwis-plantatorski\/doswiadczenia\/wyniki-doswiadczen-2025\/techniki-uprawy-2025\/#primaryimage"},"thumbnailUrl":"https:\/\/www.suedzucker.pl\/wp-content\/uploads\/2025\/11\/1.-Dosw_techup-1024x576.png","datePublished":"2025-05-06T07:25:35+00:00","dateModified":"2025-11-13T13:15:13+00:00","breadcrumb":{"@id":"https:\/\/www.suedzucker.pl\/serwis-plantatorski\/doswiadczenia\/wyniki-doswiadczen-2025\/techniki-uprawy-2025\/#breadcrumb"},"inLanguage":"en-US","potentialAction":[{"@type":"ReadAction","target":["https:\/\/www.suedzucker.pl\/serwis-plantatorski\/doswiadczenia\/wyniki-doswiadczen-2025\/techniki-uprawy-2025\/"]}]},{"@type":"ImageObject","inLanguage":"en-US","@id":"https:\/\/www.suedzucker.pl\/serwis-plantatorski\/doswiadczenia\/wyniki-doswiadczen-2025\/techniki-uprawy-2025\/#primaryimage","url":"https:\/\/www.suedzucker.pl\/wp-content\/uploads\/2025\/11\/1.-Dosw_techup-1024x576.png","contentUrl":"https:\/\/www.suedzucker.pl\/wp-content\/uploads\/2025\/11\/1.-Dosw_techup-1024x576.png"},{"@type":"BreadcrumbList","@id":"https:\/\/www.suedzucker.pl\/serwis-plantatorski\/doswiadczenia\/wyniki-doswiadczen-2025\/techniki-uprawy-2025\/#breadcrumb","itemListElement":[{"@type":"ListItem","position":1,"name":"Home page","item":"https:\/\/www.suedzucker.pl\/en\/serwis-plantatorski\/"},{"@type":"ListItem","position":2,"name":"Do\u015bwiadczenia","item":"https:\/\/www.suedzucker.pl\/serwis-plantatorski\/doswiadczenia\/"},{"@type":"ListItem","position":3,"name":"Wyniki do\u015bwiadcze\u0144 2025","item":"https:\/\/www.suedzucker.pl\/serwis-plantatorski\/doswiadczenia\/wyniki-doswiadczen-2025\/"},{"@type":"ListItem","position":4,"name":"Techniki uprawy 2025"}]},{"@type":"WebSite","@id":"https:\/\/www.suedzucker.pl\/en\/#website","url":"https:\/\/www.suedzucker.pl\/en\/","name":"S\u00fcdzucker Polska","description":"Jeste\u015bmy wiod\u0105cym producentem cukru w Polsce","potentialAction":[{"@type":"SearchAction","target":{"@type":"EntryPoint","urlTemplate":"https:\/\/www.suedzucker.pl\/en\/?s={search_term_string}"},"query-input":{"@type":"PropertyValueSpecification","valueRequired":true,"valueName":"search_term_string"}}],"inLanguage":"en-US"}]}},"_links":{"self":[{"href":"https:\/\/www.suedzucker.pl\/en\/wp-json\/wp\/v2\/pages\/23504","targetHints":{"allow":["GET"]}}],"collection":[{"href":"https:\/\/www.suedzucker.pl\/en\/wp-json\/wp\/v2\/pages"}],"about":[{"href":"https:\/\/www.suedzucker.pl\/en\/wp-json\/wp\/v2\/types\/page"}],"author":[{"embeddable":true,"href":"https:\/\/www.suedzucker.pl\/en\/wp-json\/wp\/v2\/users\/4"}],"replies":[{"embeddable":true,"href":"https:\/\/www.suedzucker.pl\/en\/wp-json\/wp\/v2\/comments?post=23504"}],"version-history":[{"count":3,"href":"https:\/\/www.suedzucker.pl\/en\/wp-json\/wp\/v2\/pages\/23504\/revisions"}],"predecessor-version":[{"id":24444,"href":"https:\/\/www.suedzucker.pl\/en\/wp-json\/wp\/v2\/pages\/23504\/revisions\/24444"}],"up":[{"embeddable":true,"href":"https:\/\/www.suedzucker.pl\/en\/wp-json\/wp\/v2\/pages\/23499"}],"wp:attachment":[{"href":"https:\/\/www.suedzucker.pl\/en\/wp-json\/wp\/v2\/media?parent=23504"}],"curies":[{"name":"wp","href":"https:\/\/api.w.org\/{rel}","templated":true}]}}